{"id":996,"date":"2012-08-29T12:39:32","date_gmt":"2012-08-29T10:39:32","guid":{"rendered":"http:\/\/www.sofort-kredit.net\/?page_id=996"},"modified":"2017-05-23T12:09:46","modified_gmt":"2017-05-23T10:09:46","slug":"fuer-dachsanierung","status":"publish","type":"page","link":"http:\/\/www.dr-staedtler.de\/sofort-kredit\/arten\/fuer-dachsanierung","title":{"rendered":"Kredit f\u00fcr Dachsanierung"},"content":{"rendered":"<p>Mit der Zeit entstehen Verwitterungssch\u00e4den genauso wie externe Einfl\u00fcsse Partien des Daches besch\u00e4digen k\u00f6nnen. <strong>Sanierungskosten<\/strong> sind ungemein teuer, wobei ein <strong>Kredit die Finanzierung erleichtert<\/strong>.<br \/>\n<script defer=\"\" async=\"\" data-affiliateid=\"9e1fdf7f\" data-placementid=\"783582278\" data-amount=\"20000\" data-category=\"886\" data-duration=\"84\" src=\"https:\/\/www.smava.de\/pp\/smava-kreditvergleich\/main.js\"><\/script><br \/>\nAls Hausbesitzer ist die Instandhaltung des eigenen Eigentums mit zahlreichen Kosten verbunden. So ist es nicht selten, dass eine <strong>Dachsanierung<\/strong> bis zu 10.000 Euro und mehr kosten kann. Sollten die eigenen Ersparnisse nicht ausreichend sein, dann kommt ein Ratenkredit infrage. Zudem ist ein Baudarlehen m\u00f6glich, wobei <strong>Kreditbetr\u00e4ge f\u00fcr Finanzierungsma\u00dfnahmen<\/strong> am Hausbau auf eine <strong>festgelegte Mindestsumme<\/strong> ausgelegt sind. Daher ist ein <strong>Baukredit<\/strong> nur bei gr\u00f6\u00dferen Sanierungsarbeiten gefragt. Zudem setzt jede <strong>Baufinanzierung<\/strong> voraus, dass ein Grundschuldeintrag durchgef\u00fchrt wird. Daher ist die Arbeit mit einem <strong>Ratenkredit,<\/strong> speziell einem <strong>Sofortkredit f\u00fcr Dachsanierung<\/strong> durchaus schneller und vor allem unkomplizierter.<\/p>\n<h2>Warum ein Sofortkredit?<\/h2>\n<p><img loading=\"lazy\" decoding=\"async\" class=\"alignleft size-medium wp-image-1194\" style=\"margin-right: 10px; margin-bottom: 8px; border: 1px solid grey;\" title=\"Dachdecker f\u00fchren eine Dachsanierung durch\" src=\"http:\/\/www.dr-staedtler.de\/sofort-kredit\/wp-content\/uploads\/2012\/08\/dachsanierung-300x200.jpg\" alt=\"Dachdecker f\u00fchren eine Dachsanierung durch\" width=\"300\" height=\"200\" srcset=\"http:\/\/www.dr-staedtler.de\/sofort-kredit\/wp-content\/uploads\/2012\/08\/dachsanierung-300x200.jpg 300w, http:\/\/www.dr-staedtler.de\/sofort-kredit\/wp-content\/uploads\/2012\/08\/dachsanierung.jpg 424w\" sizes=\"auto, (max-width: 300px) 100vw, 300px\" \/>Die Aufnahme eines<strong> Sofortkredites<\/strong> ist einfach und unproblematisch. Voraussetzung ist nur ein <strong>Einkommensnachweis<\/strong> sowie ein Nachweis f\u00fcr das eigene Besch\u00e4ftigungsverh\u00e4ltnis. Nachdem dieses \u00fcberpr\u00fcft wurde wird die komplette Summe zur Verf\u00fcgung gestellt. Bei einem <strong>Sofortkredit<\/strong> dauert diese Prozedur im Regelfall nicht l\u00e4nger als zwei Werktage. Bei einer gr\u00f6\u00dferen Summe ist der Abschluss einer zus\u00e4tzlichen Restschuldversicherung sinnvoll. Der Kreditnehmer kann sich zwischen dem variablen und dem festgesetzten Zins entscheiden. Der <strong>variable Zins<\/strong> wird sich stetig ver\u00e4ndern und dem Leitzins der EZB anpassen, wobei eine feste Verzinsung f\u00fcr einen l\u00e4ngeren Zeitraum festgelegt ist. Als Kreditnehmer ist es sinnvoll mit einer festen Verzinsung zu arbeiten, gerade wenn es sich um eine kleinere Geldsumme handelt. Das Risiko einer Zinserweiterung schlie\u00dft eine <strong>Verl\u00e4ngerung der Kreditlaufzeit<\/strong> nicht aus. Daher sollte vorab auf ein feste Verzinsung geachtet werden.<\/p>\n<h3>Der Vergleich: einfach, \u00fcbersichtlich und schnell<\/h3>\n<p>W\u00fcrde ein Verbraucher zum Finden eines Tarifes alle Anbieter auf ihre Leistungen untersuchen, dann w\u00e4ren mehrere Monate Mindestvoraussetzung. Jeder Anbieter m\u00fcsste gefragt werden wie einzelne Tarife aussehen, wie hoch der Zinssatz ist und mit welcher Ratenzahlung gearbeitet werden kann. Ein <a href=\"http:\/\/www.dr-staedtler.de\/sofort-kredit\">Vergleich schafft eine derartige Prozedur innerhalb weniger Sekunden<\/a>. Auf Grundlage einer Software, die neueste Tarife aktualisiert k\u00f6nnen Verbraucher geeignete Tarife schneller ausfindig machen. Diese Vorteile sind gerade dann wichtig, wird ein <strong>Kredit<\/strong> innerhalb weniger Werktage ben\u00f6tigt.<\/p>\n","protected":false},"excerpt":{"rendered":"<p>Mit der Zeit entstehen Verwitterungssch\u00e4den genauso wie externe Einfl\u00fcsse Partien des Daches besch\u00e4digen k\u00f6nnen. Sanierungskosten sind ungemein teuer, wobei ein Kredit die Finanzierung erleichtert. Als Hausbesitzer ist die Instandhaltung des eigenen Eigentums mit zahlreichen Kosten verbunden. So ist es nicht selten, dass eine Dachsanierung bis zu 10.000 Euro und mehr kosten kann. Sollten die eigenen [&hellip;]<\/p>\n","protected":false},"author":2,"featured_media":0,"parent":1081,"menu_order":0,"comment_status":"closed","ping_status":"open","template":"templates\/sidebar-right.php","meta":{"footnotes":""},"class_list":["post-996","page","type-page","status-publish","hentry"],"yoast_head":"<!-- This site is optimized with the Yoast SEO plugin v24.6 - https:\/\/yoast.com\/wordpress\/plugins\/seo\/ -->\n<title>Kredit f\u00fcr Dachsanierung - Jetzt vergleichen und sparen<\/title>\n<meta name=\"description\" content=\"Jetzt vergleichen und sparen: Um Reparaturen am Dach und eine Dachsanierung bezahlen zu k\u00f6nnen, muss oft ein Sofortkredit aufgenommen werden\" \/>\n<meta name=\"robots\" content=\"index, follow, max-snippet:-1, max-image-preview:large, max-video-preview:-1\" \/>\n<link rel=\"canonical\" href=\"https:\/\/www.dr-staedtler.de\/sofort-kredit\/arten\/fuer-dachsanierung\" \/>\n<meta property=\"og:locale\" content=\"de_DE\" \/>\n<meta property=\"og:type\" content=\"article\" \/>\n<meta property=\"og:title\" content=\"Kredit f\u00fcr Dachsanierung - Jetzt vergleichen und sparen\" \/>\n<meta property=\"og:description\" content=\"Jetzt vergleichen und sparen: Um Reparaturen am Dach und eine Dachsanierung bezahlen zu k\u00f6nnen, muss oft ein Sofortkredit aufgenommen werden\" \/>\n<meta property=\"og:url\" content=\"https:\/\/www.dr-staedtler.de\/sofort-kredit\/arten\/fuer-dachsanierung\" \/>\n<meta property=\"og:site_name\" content=\"Sofortkredit\" \/>\n<meta property=\"article:modified_time\" content=\"2017-05-23T10:09:46+00:00\" \/>\n<meta property=\"og:image\" content=\"http:\/\/www.dr-staedtler.de\/sofort-kredit\/wp-content\/uploads\/2012\/08\/dachsanierung-300x200.jpg\" \/>\n<meta name=\"twitter:card\" content=\"summary_large_image\" \/>\n<meta name=\"twitter:label1\" content=\"Gesch\u00e4tzte Lesezeit\" \/>\n\t<meta name=\"twitter:data1\" content=\"2\u00a0Minuten\" \/>\n<script type=\"application\/ld+json\" class=\"yoast-schema-graph\">{\"@context\":\"https:\/\/schema.org\",\"@graph\":[{\"@type\":\"WebPage\",\"@id\":\"https:\/\/www.dr-staedtler.de\/sofort-kredit\/arten\/fuer-dachsanierung\",\"url\":\"https:\/\/www.dr-staedtler.de\/sofort-kredit\/arten\/fuer-dachsanierung\",\"name\":\"Kredit f\u00fcr Dachsanierung - Jetzt vergleichen und sparen\",\"isPartOf\":{\"@id\":\"http:\/\/www.dr-staedtler.de\/sofort-kredit\/#website\"},\"primaryImageOfPage\":{\"@id\":\"https:\/\/www.dr-staedtler.de\/sofort-kredit\/arten\/fuer-dachsanierung#primaryimage\"},\"image\":{\"@id\":\"https:\/\/www.dr-staedtler.de\/sofort-kredit\/arten\/fuer-dachsanierung#primaryimage\"},\"thumbnailUrl\":\"http:\/\/www.dr-staedtler.de\/sofort-kredit\/wp-content\/uploads\/2012\/08\/dachsanierung-300x200.jpg\",\"datePublished\":\"2012-08-29T10:39:32+00:00\",\"dateModified\":\"2017-05-23T10:09:46+00:00\",\"description\":\"Jetzt vergleichen und sparen: Um Reparaturen am Dach und eine Dachsanierung bezahlen zu k\u00f6nnen, muss oft ein Sofortkredit aufgenommen werden\",\"breadcrumb\":{\"@id\":\"https:\/\/www.dr-staedtler.de\/sofort-kredit\/arten\/fuer-dachsanierung#breadcrumb\"},\"inLanguage\":\"de\",\"potentialAction\":[{\"@type\":\"ReadAction\",\"target\":[\"https:\/\/www.dr-staedtler.de\/sofort-kredit\/arten\/fuer-dachsanierung\"]}]},{\"@type\":\"ImageObject\",\"inLanguage\":\"de\",\"@id\":\"https:\/\/www.dr-staedtler.de\/sofort-kredit\/arten\/fuer-dachsanierung#primaryimage\",\"url\":\"http:\/\/www.dr-staedtler.de\/sofort-kredit\/wp-content\/uploads\/2012\/08\/dachsanierung.jpg\",\"contentUrl\":\"http:\/\/www.dr-staedtler.de\/sofort-kredit\/wp-content\/uploads\/2012\/08\/dachsanierung.jpg\",\"width\":\"424\",\"height\":\"283\",\"caption\":\"Dachdecker f\u00fchren eine Dachsanierung durch\"},{\"@type\":\"BreadcrumbList\",\"@id\":\"https:\/\/www.dr-staedtler.de\/sofort-kredit\/arten\/fuer-dachsanierung#breadcrumb\",\"itemListElement\":[{\"@type\":\"ListItem\",\"position\":1,\"name\":\"Home\",\"item\":\"https:\/\/www.dr-staedtler.de\/sofort-kredit\/\"},{\"@type\":\"ListItem\",\"position\":2,\"name\":\"Diese verschiedenen Kreditarten und Verwendungszwecke gibt es\",\"item\":\"https:\/\/www.dr-staedtler.de\/sofort-kredit\/arten\"},{\"@type\":\"ListItem\",\"position\":3,\"name\":\"Kredit f\u00fcr Dachsanierung\"}]},{\"@type\":\"WebSite\",\"@id\":\"http:\/\/www.dr-staedtler.de\/sofort-kredit\/#website\",\"url\":\"http:\/\/www.dr-staedtler.de\/sofort-kredit\/\",\"name\":\"Sofortkredit\",\"description\":\"Der Sofortkredit im unabh\u00e4ngigen Vergleich\",\"potentialAction\":[{\"@type\":\"SearchAction\",\"target\":{\"@type\":\"EntryPoint\",\"urlTemplate\":\"http:\/\/www.dr-staedtler.de\/sofort-kredit\/?s={search_term_string}\"},\"query-input\":{\"@type\":\"PropertyValueSpecification\",\"valueRequired\":true,\"valueName\":\"search_term_string\"}}],\"inLanguage\":\"de\"}]}<\/script>\n<!-- \/ Yoast SEO plugin. -->","yoast_head_json":{"title":"Kredit f\u00fcr Dachsanierung - Jetzt vergleichen und sparen","description":"Jetzt vergleichen und sparen: Um Reparaturen am Dach und eine Dachsanierung bezahlen zu k\u00f6nnen, muss oft ein Sofortkredit aufgenommen werden","robots":{"index":"index","follow":"follow","max-snippet":"max-snippet:-1","max-image-preview":"max-image-preview:large","max-video-preview":"max-video-preview:-1"},"canonical":"https:\/\/www.dr-staedtler.de\/sofort-kredit\/arten\/fuer-dachsanierung","og_locale":"de_DE","og_type":"article","og_title":"Kredit f\u00fcr Dachsanierung - Jetzt vergleichen und sparen","og_description":"Jetzt vergleichen und sparen: Um Reparaturen am Dach und eine Dachsanierung bezahlen zu k\u00f6nnen, muss oft ein Sofortkredit aufgenommen werden","og_url":"https:\/\/www.dr-staedtler.de\/sofort-kredit\/arten\/fuer-dachsanierung","og_site_name":"Sofortkredit","article_modified_time":"2017-05-23T10:09:46+00:00","og_image":[{"url":"http:\/\/www.dr-staedtler.de\/sofort-kredit\/wp-content\/uploads\/2012\/08\/dachsanierung-300x200.jpg","type":"","width":"","height":""}],"twitter_card":"summary_large_image","twitter_misc":{"Gesch\u00e4tzte Lesezeit":"2\u00a0Minuten"},"schema":{"@context":"https:\/\/schema.org","@graph":[{"@type":"WebPage","@id":"https:\/\/www.dr-staedtler.de\/sofort-kredit\/arten\/fuer-dachsanierung","url":"https:\/\/www.dr-staedtler.de\/sofort-kredit\/arten\/fuer-dachsanierung","name":"Kredit f\u00fcr Dachsanierung - Jetzt vergleichen und sparen","isPartOf":{"@id":"http:\/\/www.dr-staedtler.de\/sofort-kredit\/#website"},"primaryImageOfPage":{"@id":"https:\/\/www.dr-staedtler.de\/sofort-kredit\/arten\/fuer-dachsanierung#primaryimage"},"image":{"@id":"https:\/\/www.dr-staedtler.de\/sofort-kredit\/arten\/fuer-dachsanierung#primaryimage"},"thumbnailUrl":"http:\/\/www.dr-staedtler.de\/sofort-kredit\/wp-content\/uploads\/2012\/08\/dachsanierung-300x200.jpg","datePublished":"2012-08-29T10:39:32+00:00","dateModified":"2017-05-23T10:09:46+00:00","description":"Jetzt vergleichen und sparen: Um Reparaturen am Dach und eine Dachsanierung bezahlen zu k\u00f6nnen, muss oft ein Sofortkredit aufgenommen werden","breadcrumb":{"@id":"https:\/\/www.dr-staedtler.de\/sofort-kredit\/arten\/fuer-dachsanierung#breadcrumb"},"inLanguage":"de","potentialAction":[{"@type":"ReadAction","target":["https:\/\/www.dr-staedtler.de\/sofort-kredit\/arten\/fuer-dachsanierung"]}]},{"@type":"ImageObject","inLanguage":"de","@id":"https:\/\/www.dr-staedtler.de\/sofort-kredit\/arten\/fuer-dachsanierung#primaryimage","url":"http:\/\/www.dr-staedtler.de\/sofort-kredit\/wp-content\/uploads\/2012\/08\/dachsanierung.jpg","contentUrl":"http:\/\/www.dr-staedtler.de\/sofort-kredit\/wp-content\/uploads\/2012\/08\/dachsanierung.jpg","width":"424","height":"283","caption":"Dachdecker f\u00fchren eine Dachsanierung durch"},{"@type":"BreadcrumbList","@id":"https:\/\/www.dr-staedtler.de\/sofort-kredit\/arten\/fuer-dachsanierung#breadcrumb","itemListElement":[{"@type":"ListItem","position":1,"name":"Home","item":"https:\/\/www.dr-staedtler.de\/sofort-kredit\/"},{"@type":"ListItem","position":2,"name":"Diese verschiedenen Kreditarten und Verwendungszwecke gibt es","item":"https:\/\/www.dr-staedtler.de\/sofort-kredit\/arten"},{"@type":"ListItem","position":3,"name":"Kredit f\u00fcr Dachsanierung"}]},{"@type":"WebSite","@id":"http:\/\/www.dr-staedtler.de\/sofort-kredit\/#website","url":"http:\/\/www.dr-staedtler.de\/sofort-kredit\/","name":"Sofortkredit","description":"Der Sofortkredit im unabh\u00e4ngigen Vergleich","potentialAction":[{"@type":"SearchAction","target":{"@type":"EntryPoint","urlTemplate":"http:\/\/www.dr-staedtler.de\/sofort-kredit\/?s={search_term_string}"},"query-input":{"@type":"PropertyValueSpecification","valueRequired":true,"valueName":"search_term_string"}}],"inLanguage":"de"}]}},"_links":{"self":[{"href":"http:\/\/www.dr-staedtler.de\/sofort-kredit\/wp-json\/wp\/v2\/pages\/996","targetHints":{"allow":["GET"]}}],"collection":[{"href":"http:\/\/www.dr-staedtler.de\/sofort-kredit\/wp-json\/wp\/v2\/pages"}],"about":[{"href":"http:\/\/www.dr-staedtler.de\/sofort-kredit\/wp-json\/wp\/v2\/types\/page"}],"author":[{"embeddable":true,"href":"http:\/\/www.dr-staedtler.de\/sofort-kredit\/wp-json\/wp\/v2\/users\/2"}],"replies":[{"embeddable":true,"href":"http:\/\/www.dr-staedtler.de\/sofort-kredit\/wp-json\/wp\/v2\/comments?post=996"}],"version-history":[{"count":5,"href":"http:\/\/www.dr-staedtler.de\/sofort-kredit\/wp-json\/wp\/v2\/pages\/996\/revisions"}],"predecessor-version":[{"id":2535,"href":"http:\/\/www.dr-staedtler.de\/sofort-kredit\/wp-json\/wp\/v2\/pages\/996\/revisions\/2535"}],"up":[{"embeddable":true,"href":"http:\/\/www.dr-staedtler.de\/sofort-kredit\/wp-json\/wp\/v2\/pages\/1081"}],"wp:attachment":[{"href":"http:\/\/www.dr-staedtler.de\/sofort-kredit\/wp-json\/wp\/v2\/media?parent=996"}],"curies":[{"name":"wp","href":"https:\/\/api.w.org\/{rel}","templated":true}]}}