{"id":994,"date":"2012-08-30T15:09:15","date_gmt":"2012-08-30T13:09:15","guid":{"rendered":"http:\/\/www.sofort-kredit.net\/?page_id=994"},"modified":"2017-05-23T12:06:50","modified_gmt":"2017-05-23T10:06:50","slug":"fuer-behinderte","status":"publish","type":"page","link":"http:\/\/www.dr-staedtler.de\/sofort-kredit\/arten\/fuer-behinderte","title":{"rendered":"Kredit f\u00fcr Behinderung"},"content":{"rendered":"<p>Eine behindertengerechte Einrichtung kostet viel Geld. Was, wenn die Krankenkasse nicht zahlt? Ein <strong>Kredit f\u00fcr Behinderung<\/strong> kann helfen.<br \/>\n<script defer=\"\" async=\"\" data-affiliateid=\"9e1fdf7f\" data-placementid=\"783582278\" data-amount=\"10000\" data-category=\"\" data-duration=\"84\" src=\"https:\/\/www.smava.de\/pp\/smava-kreditvergleich\/main.js\"><\/script><br \/>\n<img loading=\"lazy\" decoding=\"async\" class=\"alignleft size-medium wp-image-1232\" style=\"margin-right: 10px; margin-bottom: 8px; border: 1px solid grey;\" title=\"Kredit f\u00fcr Behinderte im Rollstuhl\" src=\"http:\/\/www.dr-staedtler.de\/sofort-kredit\/wp-content\/uploads\/2012\/08\/behindertenkredit-300x210.jpg\" alt=\"Kredit f\u00fcr Behinderte im Rollstuhl\" width=\"300\" height=\"210\" srcset=\"http:\/\/www.dr-staedtler.de\/sofort-kredit\/wp-content\/uploads\/2012\/08\/behindertenkredit-300x210.jpg 300w, http:\/\/www.dr-staedtler.de\/sofort-kredit\/wp-content\/uploads\/2012\/08\/behindertenkredit.jpg 414w\" sizes=\"auto, (max-width: 300px) 100vw, 300px\" \/>Behinderte k\u00f6nnen von <strong>zwei verschiedenen Kreditvarianten<\/strong> profitieren. Einerseits <strong>Konsumentenkredite<\/strong> wie dem <strong>Sofortkredit<\/strong> oder Kredite, die direkt f\u00fcr die Behinderung vergeben werden. Muss eine Wohnung behindertengerecht umgebaut werden, ein neues Fahrzeug angeschafft werden oder das Berufsumfeld der behinderten Person angepasst werden, dann sind <strong>hohe Kosten<\/strong> zu tragen. Werden Institute gesucht die f\u00fcr diesen Zweck ausgelegt sind, dann sind Landesbanken aber auch <strong>Genossenschaftsbanken<\/strong> eine gute Wahl. Diese findet man am schnellsten \u00fcber die Stadt- oder Gemeindeverwaltung. Einfacher ist nat\u00fcrlich die Aufnahme eines <strong>Sofortkredites f\u00fcr Behinderte<\/strong> \u00fcber einen Vergleichsrechner.<\/p>\n<h2>Was wird alles \u00fcberpr\u00fcft?<\/h2>\n<p>Bei der Aufnahme eines Kredit f\u00fcr Behinderte wird die <strong>eigene Bonit\u00e4t<\/strong> \u00fcberpr\u00fcft. Wird ein zus\u00e4tzliches Einkommen \u00fcber die <strong>Behindertenrente<\/strong> nachgewiesen, dann wird diese in die gesamte Bonit\u00e4t mit einflie\u00dfen. Dabei muss der Nachweis erbracht werden, dass die Rente mindestens f\u00fcr die <strong>Kreditlaufzeit<\/strong> ausgezahlt wird. Ebenso sind Behinderte oftmals auf zus\u00e4tzliche Konsumg\u00fcter angewiesen, die unabh\u00e4ngig von der Krankheit zum Lebensstandard dazugeh\u00f6ren. Durch einen Sofortkredit f\u00fcr Behinderung kann in allen Situationen geholfen werden. Der <strong>Zinssatz ist niedrig<\/strong>, die Laufzeit betr\u00e4gt bis zu 84 Monate und die <strong>Kreditabsicherung ist optimal<\/strong>. Wird gen\u00fcgend Rente ausgezahlt dann ist es zus\u00e4tzlich m\u00f6glich mit einer Restschuldversicherung zu arbeiten. Kommt es zum Zahlungsausfall, so wird die <strong>Restschuldversicherung f\u00fcr Zahlungsausf\u00e4lle<\/strong> einstehen.<\/p>\n<h3>Was wenn das Einkommen nicht ausreicht?<\/h3>\n<p>Sollte das Einkommen zu niedrig sein, dann gibt es zwei Varianten. So beispielsweise eine <strong>B\u00fcrgschaft oder der Bonit\u00e4tskredit.<\/strong> Eine B\u00fcrgschaft ist schwierig zu finden, da die gesamte Kreditlast auf den B\u00fcrgen \u00fcbertragen wird. Ein Bonit\u00e4tskredit ist daher die bessere L\u00f6sung. Dieser Kredit erm\u00f6glicht, dass trotz <strong>negativer SCHUFA<\/strong> die Kreditsumme ausgeh\u00e4ndigt wird. Wie bei einem <strong>Kredit f\u00fcr Behinderung<\/strong> \u00fcblich wird diese binnen zweier Werktage komplett ausgezahlt. Tarife aller Art sind ein wichtiges Thema, wobei die Bonit\u00e4t viel Einfluss auf die Auswahl eines Tarifes hat. Kostenlose Vergleichssysteme helfen beim verifizieren des g\u00fcnstigsten Tarifes. So kann nach <strong>Bankinstitut, Zinssatz und Kreditlaufzeit<\/strong> zwischen dem g\u00fcnstigsten Anbieter ausgew\u00e4hlt werden.<\/p>\n","protected":false},"excerpt":{"rendered":"<p>Eine behindertengerechte Einrichtung kostet viel Geld. Was, wenn die Krankenkasse nicht zahlt? Ein Kredit f\u00fcr Behinderung kann helfen. Behinderte k\u00f6nnen von zwei verschiedenen Kreditvarianten profitieren. Einerseits Konsumentenkredite wie dem Sofortkredit oder Kredite, die direkt f\u00fcr die Behinderung vergeben werden. Muss eine Wohnung behindertengerecht umgebaut werden, ein neues Fahrzeug angeschafft werden oder das Berufsumfeld der behinderten [&hellip;]<\/p>\n","protected":false},"author":2,"featured_media":0,"parent":1081,"menu_order":0,"comment_status":"closed","ping_status":"open","template":"templates\/sidebar-right.php","meta":{"footnotes":""},"class_list":["post-994","page","type-page","status-publish","hentry"],"yoast_head":"<!-- This site is optimized with the Yoast SEO plugin v24.6 - https:\/\/yoast.com\/wordpress\/plugins\/seo\/ -->\n<title>Kredit f\u00fcr Behinderung - Jetzt vergleichen und sparen<\/title>\n<meta name=\"description\" content=\"Kredit f\u00fcr Behinderung: Eine behindertengerechte Einrichtung kostet sehr viel Geld und au\u00dfer dem Zuschuss der Krankenkasse muss oft eine Finanzierung gemacht werden\" \/>\n<meta name=\"robots\" content=\"index, follow, max-snippet:-1, max-image-preview:large, max-video-preview:-1\" \/>\n<link rel=\"canonical\" href=\"https:\/\/www.dr-staedtler.de\/sofort-kredit\/arten\/fuer-behinderte\" \/>\n<meta property=\"og:locale\" content=\"de_DE\" \/>\n<meta property=\"og:type\" content=\"article\" \/>\n<meta property=\"og:title\" content=\"Kredit f\u00fcr Behinderung - Jetzt vergleichen und sparen\" \/>\n<meta property=\"og:description\" content=\"Kredit f\u00fcr Behinderung: Eine behindertengerechte Einrichtung kostet sehr viel Geld und au\u00dfer dem Zuschuss der Krankenkasse muss oft eine Finanzierung gemacht werden\" \/>\n<meta property=\"og:url\" content=\"https:\/\/www.dr-staedtler.de\/sofort-kredit\/arten\/fuer-behinderte\" \/>\n<meta property=\"og:site_name\" content=\"Sofortkredit\" \/>\n<meta property=\"article:modified_time\" content=\"2017-05-23T10:06:50+00:00\" \/>\n<meta property=\"og:image\" content=\"http:\/\/www.dr-staedtler.de\/sofort-kredit\/wp-content\/uploads\/2012\/08\/behindertenkredit-300x210.jpg\" \/>\n<meta name=\"twitter:card\" content=\"summary_large_image\" \/>\n<meta name=\"twitter:label1\" content=\"Gesch\u00e4tzte Lesezeit\" \/>\n\t<meta name=\"twitter:data1\" content=\"2\u00a0Minuten\" \/>\n<script type=\"application\/ld+json\" class=\"yoast-schema-graph\">{\"@context\":\"https:\/\/schema.org\",\"@graph\":[{\"@type\":\"WebPage\",\"@id\":\"https:\/\/www.dr-staedtler.de\/sofort-kredit\/arten\/fuer-behinderte\",\"url\":\"https:\/\/www.dr-staedtler.de\/sofort-kredit\/arten\/fuer-behinderte\",\"name\":\"Kredit f\u00fcr Behinderung - Jetzt vergleichen und sparen\",\"isPartOf\":{\"@id\":\"http:\/\/www.dr-staedtler.de\/sofort-kredit\/#website\"},\"primaryImageOfPage\":{\"@id\":\"https:\/\/www.dr-staedtler.de\/sofort-kredit\/arten\/fuer-behinderte#primaryimage\"},\"image\":{\"@id\":\"https:\/\/www.dr-staedtler.de\/sofort-kredit\/arten\/fuer-behinderte#primaryimage\"},\"thumbnailUrl\":\"http:\/\/www.dr-staedtler.de\/sofort-kredit\/wp-content\/uploads\/2012\/08\/behindertenkredit-300x210.jpg\",\"datePublished\":\"2012-08-30T13:09:15+00:00\",\"dateModified\":\"2017-05-23T10:06:50+00:00\",\"description\":\"Kredit f\u00fcr Behinderung: Eine behindertengerechte Einrichtung kostet sehr viel Geld und au\u00dfer dem Zuschuss der Krankenkasse muss oft eine Finanzierung gemacht werden\",\"breadcrumb\":{\"@id\":\"https:\/\/www.dr-staedtler.de\/sofort-kredit\/arten\/fuer-behinderte#breadcrumb\"},\"inLanguage\":\"de\",\"potentialAction\":[{\"@type\":\"ReadAction\",\"target\":[\"https:\/\/www.dr-staedtler.de\/sofort-kredit\/arten\/fuer-behinderte\"]}]},{\"@type\":\"ImageObject\",\"inLanguage\":\"de\",\"@id\":\"https:\/\/www.dr-staedtler.de\/sofort-kredit\/arten\/fuer-behinderte#primaryimage\",\"url\":\"http:\/\/www.dr-staedtler.de\/sofort-kredit\/wp-content\/uploads\/2012\/08\/behindertenkredit.jpg\",\"contentUrl\":\"http:\/\/www.dr-staedtler.de\/sofort-kredit\/wp-content\/uploads\/2012\/08\/behindertenkredit.jpg\",\"width\":\"414\",\"height\":\"290\",\"caption\":\"Kredit f\u00fcr Behinderte im Rollstuhl\"},{\"@type\":\"BreadcrumbList\",\"@id\":\"https:\/\/www.dr-staedtler.de\/sofort-kredit\/arten\/fuer-behinderte#breadcrumb\",\"itemListElement\":[{\"@type\":\"ListItem\",\"position\":1,\"name\":\"Home\",\"item\":\"https:\/\/www.dr-staedtler.de\/sofort-kredit\/\"},{\"@type\":\"ListItem\",\"position\":2,\"name\":\"Diese verschiedenen Kreditarten und Verwendungszwecke gibt es\",\"item\":\"https:\/\/www.dr-staedtler.de\/sofort-kredit\/arten\"},{\"@type\":\"ListItem\",\"position\":3,\"name\":\"Kredit f\u00fcr Behinderung\"}]},{\"@type\":\"WebSite\",\"@id\":\"http:\/\/www.dr-staedtler.de\/sofort-kredit\/#website\",\"url\":\"http:\/\/www.dr-staedtler.de\/sofort-kredit\/\",\"name\":\"Sofortkredit\",\"description\":\"Der Sofortkredit im unabh\u00e4ngigen Vergleich\",\"potentialAction\":[{\"@type\":\"SearchAction\",\"target\":{\"@type\":\"EntryPoint\",\"urlTemplate\":\"http:\/\/www.dr-staedtler.de\/sofort-kredit\/?s={search_term_string}\"},\"query-input\":{\"@type\":\"PropertyValueSpecification\",\"valueRequired\":true,\"valueName\":\"search_term_string\"}}],\"inLanguage\":\"de\"}]}<\/script>\n<!-- \/ Yoast SEO plugin. -->","yoast_head_json":{"title":"Kredit f\u00fcr Behinderung - Jetzt vergleichen und sparen","description":"Kredit f\u00fcr Behinderung: Eine behindertengerechte Einrichtung kostet sehr viel Geld und au\u00dfer dem Zuschuss der Krankenkasse muss oft eine Finanzierung gemacht werden","robots":{"index":"index","follow":"follow","max-snippet":"max-snippet:-1","max-image-preview":"max-image-preview:large","max-video-preview":"max-video-preview:-1"},"canonical":"https:\/\/www.dr-staedtler.de\/sofort-kredit\/arten\/fuer-behinderte","og_locale":"de_DE","og_type":"article","og_title":"Kredit f\u00fcr Behinderung - Jetzt vergleichen und sparen","og_description":"Kredit f\u00fcr Behinderung: Eine behindertengerechte Einrichtung kostet sehr viel Geld und au\u00dfer dem Zuschuss der Krankenkasse muss oft eine Finanzierung gemacht werden","og_url":"https:\/\/www.dr-staedtler.de\/sofort-kredit\/arten\/fuer-behinderte","og_site_name":"Sofortkredit","article_modified_time":"2017-05-23T10:06:50+00:00","og_image":[{"url":"http:\/\/www.dr-staedtler.de\/sofort-kredit\/wp-content\/uploads\/2012\/08\/behindertenkredit-300x210.jpg","type":"","width":"","height":""}],"twitter_card":"summary_large_image","twitter_misc":{"Gesch\u00e4tzte Lesezeit":"2\u00a0Minuten"},"schema":{"@context":"https:\/\/schema.org","@graph":[{"@type":"WebPage","@id":"https:\/\/www.dr-staedtler.de\/sofort-kredit\/arten\/fuer-behinderte","url":"https:\/\/www.dr-staedtler.de\/sofort-kredit\/arten\/fuer-behinderte","name":"Kredit f\u00fcr Behinderung - Jetzt vergleichen und sparen","isPartOf":{"@id":"http:\/\/www.dr-staedtler.de\/sofort-kredit\/#website"},"primaryImageOfPage":{"@id":"https:\/\/www.dr-staedtler.de\/sofort-kredit\/arten\/fuer-behinderte#primaryimage"},"image":{"@id":"https:\/\/www.dr-staedtler.de\/sofort-kredit\/arten\/fuer-behinderte#primaryimage"},"thumbnailUrl":"http:\/\/www.dr-staedtler.de\/sofort-kredit\/wp-content\/uploads\/2012\/08\/behindertenkredit-300x210.jpg","datePublished":"2012-08-30T13:09:15+00:00","dateModified":"2017-05-23T10:06:50+00:00","description":"Kredit f\u00fcr Behinderung: Eine behindertengerechte Einrichtung kostet sehr viel Geld und au\u00dfer dem Zuschuss der Krankenkasse muss oft eine Finanzierung gemacht werden","breadcrumb":{"@id":"https:\/\/www.dr-staedtler.de\/sofort-kredit\/arten\/fuer-behinderte#breadcrumb"},"inLanguage":"de","potentialAction":[{"@type":"ReadAction","target":["https:\/\/www.dr-staedtler.de\/sofort-kredit\/arten\/fuer-behinderte"]}]},{"@type":"ImageObject","inLanguage":"de","@id":"https:\/\/www.dr-staedtler.de\/sofort-kredit\/arten\/fuer-behinderte#primaryimage","url":"http:\/\/www.dr-staedtler.de\/sofort-kredit\/wp-content\/uploads\/2012\/08\/behindertenkredit.jpg","contentUrl":"http:\/\/www.dr-staedtler.de\/sofort-kredit\/wp-content\/uploads\/2012\/08\/behindertenkredit.jpg","width":"414","height":"290","caption":"Kredit f\u00fcr Behinderte im Rollstuhl"},{"@type":"BreadcrumbList","@id":"https:\/\/www.dr-staedtler.de\/sofort-kredit\/arten\/fuer-behinderte#breadcrumb","itemListElement":[{"@type":"ListItem","position":1,"name":"Home","item":"https:\/\/www.dr-staedtler.de\/sofort-kredit\/"},{"@type":"ListItem","position":2,"name":"Diese verschiedenen Kreditarten und Verwendungszwecke gibt es","item":"https:\/\/www.dr-staedtler.de\/sofort-kredit\/arten"},{"@type":"ListItem","position":3,"name":"Kredit f\u00fcr Behinderung"}]},{"@type":"WebSite","@id":"http:\/\/www.dr-staedtler.de\/sofort-kredit\/#website","url":"http:\/\/www.dr-staedtler.de\/sofort-kredit\/","name":"Sofortkredit","description":"Der Sofortkredit im unabh\u00e4ngigen Vergleich","potentialAction":[{"@type":"SearchAction","target":{"@type":"EntryPoint","urlTemplate":"http:\/\/www.dr-staedtler.de\/sofort-kredit\/?s={search_term_string}"},"query-input":{"@type":"PropertyValueSpecification","valueRequired":true,"valueName":"search_term_string"}}],"inLanguage":"de"}]}},"_links":{"self":[{"href":"http:\/\/www.dr-staedtler.de\/sofort-kredit\/wp-json\/wp\/v2\/pages\/994","targetHints":{"allow":["GET"]}}],"collection":[{"href":"http:\/\/www.dr-staedtler.de\/sofort-kredit\/wp-json\/wp\/v2\/pages"}],"about":[{"href":"http:\/\/www.dr-staedtler.de\/sofort-kredit\/wp-json\/wp\/v2\/types\/page"}],"author":[{"embeddable":true,"href":"http:\/\/www.dr-staedtler.de\/sofort-kredit\/wp-json\/wp\/v2\/users\/2"}],"replies":[{"embeddable":true,"href":"http:\/\/www.dr-staedtler.de\/sofort-kredit\/wp-json\/wp\/v2\/comments?post=994"}],"version-history":[{"count":3,"href":"http:\/\/www.dr-staedtler.de\/sofort-kredit\/wp-json\/wp\/v2\/pages\/994\/revisions"}],"predecessor-version":[{"id":2530,"href":"http:\/\/www.dr-staedtler.de\/sofort-kredit\/wp-json\/wp\/v2\/pages\/994\/revisions\/2530"}],"up":[{"embeddable":true,"href":"http:\/\/www.dr-staedtler.de\/sofort-kredit\/wp-json\/wp\/v2\/pages\/1081"}],"wp:attachment":[{"href":"http:\/\/www.dr-staedtler.de\/sofort-kredit\/wp-json\/wp\/v2\/media?parent=994"}],"curies":[{"name":"wp","href":"https:\/\/api.w.org\/{rel}","templated":true}]}}