{"id":992,"date":"2012-08-29T12:28:20","date_gmt":"2012-08-29T10:28:20","guid":{"rendered":"http:\/\/www.sofort-kredit.net\/?page_id=992"},"modified":"2017-05-23T12:05:56","modified_gmt":"2017-05-23T10:05:56","slug":"fuer-autoreparatur","status":"publish","type":"page","link":"http:\/\/www.dr-staedtler.de\/sofort-kredit\/arten\/fuer-autoreparatur","title":{"rendered":"Kredit f\u00fcr Autoreparatur"},"content":{"rendered":"<p>Kfz-Versicherungen \u00fcbernehmen viele Kosten, wenn auch nicht alle. Abh\u00e4ngig vom Tarif m\u00fcssen die Kosten oftmals selber getragen werden. Ben\u00f6tigt man das Geld m\u00f6glichst schnell, dann ist ein Sofortkredit sinnvoll.<br \/>\n<script defer=\"\" async=\"\" data-affiliateid=\"9e1fdf7f\" data-placementid=\"783582278\" data-amount=\"3000\" data-category=\"\" data-duration=\"36\" src=\"https:\/\/www.smava.de\/pp\/smava-kreditvergleich\/main.js\"><\/script><br \/>\nDie meisten Fahrzeughalter besitzen eine <strong>Teilkaskoversicherung<\/strong>. Lediglich Sch\u00e4den, die durch Unf\u00e4lle, Steinschlag, Hagel oder Marderbiss entstehen werden reguliert. Entstehen jedoch Sch\u00e4den durch Vandalismus oder eigenes Verschulden, dann muss die komplette Regulierung selber getragen werden. Zudem arbeiten viele Fahrzeughalter mit einer <strong>Eigenbeteiligung,<\/strong> die mitunter 600 Euro oder mehr betr\u00e4gt. Entsteht wirklich ein Schaden, dann muss bis zu dieser Summe aus eigener Tasche bezahlt werden. Kosten, die nicht unwesentlich sind. Gleichzeitig muss eine <strong>Reparatur<\/strong> durchgef\u00fchrt werden, da andernfalls kein T\u00dcV-Zertifikat ausgeh\u00e4ndigt werden kann. Hat der Fahrzeughalter das notwendige Geld nicht zur Verf\u00fcgung, dann kann ein <strong>Sofortkredit f\u00fcr Autoreparatur<\/strong> helfen.<\/p>\n<h3>Wie k\u00f6nnen Kredite f\u00fcr Reparaturkosten eingesetzt werden?<\/h3>\n<p><img loading=\"lazy\" decoding=\"async\" class=\"alignleft size-medium wp-image-1187\" style=\"margin-right: 10px; margin-bottom: 8px; border: 1px solid grey;\" title=\"Kfz Werkstatt f\u00fcr die Autoreparatur\" src=\"http:\/\/www.dr-staedtler.de\/sofort-kredit\/wp-content\/uploads\/2012\/08\/autoreparatur-300x199.jpg\" alt=\"Kfz Werkstatt f\u00fcr die Autoreparatur\" width=\"300\" height=\"199\" srcset=\"http:\/\/www.dr-staedtler.de\/sofort-kredit\/wp-content\/uploads\/2012\/08\/autoreparatur-300x199.jpg 300w, http:\/\/www.dr-staedtler.de\/sofort-kredit\/wp-content\/uploads\/2012\/08\/autoreparatur.jpg 425w\" sizes=\"auto, (max-width: 300px) 100vw, 300px\" \/>Zun\u00e4chst wird der<strong> Sofortkredit<\/strong> aufgenommen. Mit einem Vergleich kann der <strong>g\u00fcnstigste Zinssatz<\/strong> und der beste Kreditanbieter gefunden werden. Wird eine Bonit\u00e4t vorausgesetzt, so muss eine <a href=\"http:\/\/www.dr-staedtler.de\/sofort-kredit\/sofort-kredit-ohne-schufa\"><strong>positive SCHUFA<\/strong> nachgewiesen<\/a> werden. Danach folgt der <strong>Identifikationsnachweis<\/strong>, wobei diese Prozedur nicht l\u00e4nger als einen Tag in Anspruch nimmt. Nun wird der Kredit f\u00fcr die Autoreparatur innerhalb von zwei Werktagen auf das eigene Konto \u00fcberwiesen. Ist die Bonit\u00e4t negativ, dann gibt es zwei Varianten. Zum einen die Aufnahme einer <strong>kleineren Kreditsumme,<\/strong> die im Rahmen der eigenen Bonit\u00e4t angepasst werden kann. Viele Institute werden die Bonit\u00e4t im Detail untersuchen und k\u00f6nnen dadurch feststellen wie hoch das Risiko eines Zahlungsausfalls ist. Eine weitere M\u00f6glichkeit besteht im <strong>Bonit\u00e4tskredit<\/strong>. Der Bonit\u00e4tskredit kann<strong> trotz negativer Bonit\u00e4t<\/strong> und schlechter SCHUFA aufgenommen werden.<\/p>\n<h3>Eine gute Vorbereitung macht sich bezahlt<\/h3>\n<p>Die Aufnahme eines<strong> Sofortkredit f\u00fcr Autoreparatur<\/strong> bedeutet immer eine Schuld, die der Kreditnehmer gegen\u00fcber dem Gl\u00e4ubiger tragen muss. Diese Schuld muss getilgt werden. Anhand des eigenen Einkommens und der eigenen finanziellen M\u00f6glichkeiten sollte ein <strong>zukunftsorientiertes Finanzkonzept<\/strong> strukturiert werden, welches f\u00fcr die Tilgung des gesamten Gebietes geeignet ist. So die Ausgaben, die mit dem Kredit einhergehen und die Einnahmen, die zur Verf\u00fcgung stehen. Wird vorab eine Rentabilit\u00e4tsvorschau kalkuliert, so kann eine realistische Ratenzahlung festgelegt werden. Je besser sich der Kreditnehmer vorbereitet, desto geringer ist das Risiko eines Zahlungsausfalls.<\/p>\n","protected":false},"excerpt":{"rendered":"<p>Kfz-Versicherungen \u00fcbernehmen viele Kosten, wenn auch nicht alle. Abh\u00e4ngig vom Tarif m\u00fcssen die Kosten oftmals selber getragen werden. Ben\u00f6tigt man das Geld m\u00f6glichst schnell, dann ist ein Sofortkredit sinnvoll. Die meisten Fahrzeughalter besitzen eine Teilkaskoversicherung. Lediglich Sch\u00e4den, die durch Unf\u00e4lle, Steinschlag, Hagel oder Marderbiss entstehen werden reguliert. Entstehen jedoch Sch\u00e4den durch Vandalismus oder eigenes Verschulden, [&hellip;]<\/p>\n","protected":false},"author":2,"featured_media":0,"parent":1081,"menu_order":0,"comment_status":"closed","ping_status":"open","template":"templates\/sidebar-right.php","meta":{"footnotes":""},"class_list":["post-992","page","type-page","status-publish","hentry"],"yoast_head":"<!-- This site is optimized with the Yoast SEO plugin v24.6 - https:\/\/yoast.com\/wordpress\/plugins\/seo\/ -->\n<title>Kredit f\u00fcr Autoreparatur: Es kann teuer werden<\/title>\n<meta name=\"description\" content=\"Kredit f\u00fcr Autoreparatur: Ein Sofortkredit f\u00fcr die Autoreparatur ist in vielen F\u00e4llen notwendig, um h\u00f6here Rechnungen der Werkstatt zahlen zu k\u00f6nnen\" \/>\n<meta name=\"robots\" content=\"index, follow, max-snippet:-1, max-image-preview:large, max-video-preview:-1\" \/>\n<link rel=\"canonical\" href=\"https:\/\/www.dr-staedtler.de\/sofort-kredit\/arten\/fuer-autoreparatur\" \/>\n<meta property=\"og:locale\" content=\"de_DE\" \/>\n<meta property=\"og:type\" content=\"article\" \/>\n<meta property=\"og:title\" content=\"Kredit f\u00fcr Autoreparatur: Es kann teuer werden\" \/>\n<meta property=\"og:description\" content=\"Kredit f\u00fcr Autoreparatur: Ein Sofortkredit f\u00fcr die Autoreparatur ist in vielen F\u00e4llen notwendig, um h\u00f6here Rechnungen der Werkstatt zahlen zu k\u00f6nnen\" \/>\n<meta property=\"og:url\" content=\"https:\/\/www.dr-staedtler.de\/sofort-kredit\/arten\/fuer-autoreparatur\" \/>\n<meta property=\"og:site_name\" content=\"Sofortkredit\" \/>\n<meta property=\"article:modified_time\" content=\"2017-05-23T10:05:56+00:00\" \/>\n<meta property=\"og:image\" content=\"http:\/\/www.dr-staedtler.de\/sofort-kredit\/wp-content\/uploads\/2012\/08\/autoreparatur-300x199.jpg\" \/>\n<meta name=\"twitter:card\" content=\"summary_large_image\" \/>\n<meta name=\"twitter:label1\" content=\"Gesch\u00e4tzte Lesezeit\" \/>\n\t<meta name=\"twitter:data1\" content=\"2\u00a0Minuten\" \/>\n<script type=\"application\/ld+json\" class=\"yoast-schema-graph\">{\"@context\":\"https:\/\/schema.org\",\"@graph\":[{\"@type\":\"WebPage\",\"@id\":\"https:\/\/www.dr-staedtler.de\/sofort-kredit\/arten\/fuer-autoreparatur\",\"url\":\"https:\/\/www.dr-staedtler.de\/sofort-kredit\/arten\/fuer-autoreparatur\",\"name\":\"Kredit f\u00fcr Autoreparatur: Es kann teuer werden\",\"isPartOf\":{\"@id\":\"http:\/\/www.dr-staedtler.de\/sofort-kredit\/#website\"},\"primaryImageOfPage\":{\"@id\":\"https:\/\/www.dr-staedtler.de\/sofort-kredit\/arten\/fuer-autoreparatur#primaryimage\"},\"image\":{\"@id\":\"https:\/\/www.dr-staedtler.de\/sofort-kredit\/arten\/fuer-autoreparatur#primaryimage\"},\"thumbnailUrl\":\"http:\/\/www.dr-staedtler.de\/sofort-kredit\/wp-content\/uploads\/2012\/08\/autoreparatur-300x199.jpg\",\"datePublished\":\"2012-08-29T10:28:20+00:00\",\"dateModified\":\"2017-05-23T10:05:56+00:00\",\"description\":\"Kredit f\u00fcr Autoreparatur: Ein Sofortkredit f\u00fcr die Autoreparatur ist in vielen F\u00e4llen notwendig, um h\u00f6here Rechnungen der Werkstatt zahlen zu k\u00f6nnen\",\"breadcrumb\":{\"@id\":\"https:\/\/www.dr-staedtler.de\/sofort-kredit\/arten\/fuer-autoreparatur#breadcrumb\"},\"inLanguage\":\"de\",\"potentialAction\":[{\"@type\":\"ReadAction\",\"target\":[\"https:\/\/www.dr-staedtler.de\/sofort-kredit\/arten\/fuer-autoreparatur\"]}]},{\"@type\":\"ImageObject\",\"inLanguage\":\"de\",\"@id\":\"https:\/\/www.dr-staedtler.de\/sofort-kredit\/arten\/fuer-autoreparatur#primaryimage\",\"url\":\"http:\/\/www.dr-staedtler.de\/sofort-kredit\/wp-content\/uploads\/2012\/08\/autoreparatur.jpg\",\"contentUrl\":\"http:\/\/www.dr-staedtler.de\/sofort-kredit\/wp-content\/uploads\/2012\/08\/autoreparatur.jpg\",\"width\":\"425\",\"height\":\"282\",\"caption\":\"Kfz Werkstatt f\u00fcr die Autoreparatur\"},{\"@type\":\"BreadcrumbList\",\"@id\":\"https:\/\/www.dr-staedtler.de\/sofort-kredit\/arten\/fuer-autoreparatur#breadcrumb\",\"itemListElement\":[{\"@type\":\"ListItem\",\"position\":1,\"name\":\"Home\",\"item\":\"https:\/\/www.dr-staedtler.de\/sofort-kredit\/\"},{\"@type\":\"ListItem\",\"position\":2,\"name\":\"Diese verschiedenen Kreditarten und Verwendungszwecke gibt es\",\"item\":\"https:\/\/www.dr-staedtler.de\/sofort-kredit\/arten\"},{\"@type\":\"ListItem\",\"position\":3,\"name\":\"Kredit f\u00fcr Autoreparatur\"}]},{\"@type\":\"WebSite\",\"@id\":\"http:\/\/www.dr-staedtler.de\/sofort-kredit\/#website\",\"url\":\"http:\/\/www.dr-staedtler.de\/sofort-kredit\/\",\"name\":\"Sofortkredit\",\"description\":\"Der Sofortkredit im unabh\u00e4ngigen Vergleich\",\"potentialAction\":[{\"@type\":\"SearchAction\",\"target\":{\"@type\":\"EntryPoint\",\"urlTemplate\":\"http:\/\/www.dr-staedtler.de\/sofort-kredit\/?s={search_term_string}\"},\"query-input\":{\"@type\":\"PropertyValueSpecification\",\"valueRequired\":true,\"valueName\":\"search_term_string\"}}],\"inLanguage\":\"de\"}]}<\/script>\n<!-- \/ Yoast SEO plugin. -->","yoast_head_json":{"title":"Kredit f\u00fcr Autoreparatur: Es kann teuer werden","description":"Kredit f\u00fcr Autoreparatur: Ein Sofortkredit f\u00fcr die Autoreparatur ist in vielen F\u00e4llen notwendig, um h\u00f6here Rechnungen der Werkstatt zahlen zu k\u00f6nnen","robots":{"index":"index","follow":"follow","max-snippet":"max-snippet:-1","max-image-preview":"max-image-preview:large","max-video-preview":"max-video-preview:-1"},"canonical":"https:\/\/www.dr-staedtler.de\/sofort-kredit\/arten\/fuer-autoreparatur","og_locale":"de_DE","og_type":"article","og_title":"Kredit f\u00fcr Autoreparatur: Es kann teuer werden","og_description":"Kredit f\u00fcr Autoreparatur: Ein Sofortkredit f\u00fcr die Autoreparatur ist in vielen F\u00e4llen notwendig, um h\u00f6here Rechnungen der Werkstatt zahlen zu k\u00f6nnen","og_url":"https:\/\/www.dr-staedtler.de\/sofort-kredit\/arten\/fuer-autoreparatur","og_site_name":"Sofortkredit","article_modified_time":"2017-05-23T10:05:56+00:00","og_image":[{"url":"http:\/\/www.dr-staedtler.de\/sofort-kredit\/wp-content\/uploads\/2012\/08\/autoreparatur-300x199.jpg","type":"","width":"","height":""}],"twitter_card":"summary_large_image","twitter_misc":{"Gesch\u00e4tzte Lesezeit":"2\u00a0Minuten"},"schema":{"@context":"https:\/\/schema.org","@graph":[{"@type":"WebPage","@id":"https:\/\/www.dr-staedtler.de\/sofort-kredit\/arten\/fuer-autoreparatur","url":"https:\/\/www.dr-staedtler.de\/sofort-kredit\/arten\/fuer-autoreparatur","name":"Kredit f\u00fcr Autoreparatur: Es kann teuer werden","isPartOf":{"@id":"http:\/\/www.dr-staedtler.de\/sofort-kredit\/#website"},"primaryImageOfPage":{"@id":"https:\/\/www.dr-staedtler.de\/sofort-kredit\/arten\/fuer-autoreparatur#primaryimage"},"image":{"@id":"https:\/\/www.dr-staedtler.de\/sofort-kredit\/arten\/fuer-autoreparatur#primaryimage"},"thumbnailUrl":"http:\/\/www.dr-staedtler.de\/sofort-kredit\/wp-content\/uploads\/2012\/08\/autoreparatur-300x199.jpg","datePublished":"2012-08-29T10:28:20+00:00","dateModified":"2017-05-23T10:05:56+00:00","description":"Kredit f\u00fcr Autoreparatur: Ein Sofortkredit f\u00fcr die Autoreparatur ist in vielen F\u00e4llen notwendig, um h\u00f6here Rechnungen der Werkstatt zahlen zu k\u00f6nnen","breadcrumb":{"@id":"https:\/\/www.dr-staedtler.de\/sofort-kredit\/arten\/fuer-autoreparatur#breadcrumb"},"inLanguage":"de","potentialAction":[{"@type":"ReadAction","target":["https:\/\/www.dr-staedtler.de\/sofort-kredit\/arten\/fuer-autoreparatur"]}]},{"@type":"ImageObject","inLanguage":"de","@id":"https:\/\/www.dr-staedtler.de\/sofort-kredit\/arten\/fuer-autoreparatur#primaryimage","url":"http:\/\/www.dr-staedtler.de\/sofort-kredit\/wp-content\/uploads\/2012\/08\/autoreparatur.jpg","contentUrl":"http:\/\/www.dr-staedtler.de\/sofort-kredit\/wp-content\/uploads\/2012\/08\/autoreparatur.jpg","width":"425","height":"282","caption":"Kfz Werkstatt f\u00fcr die Autoreparatur"},{"@type":"BreadcrumbList","@id":"https:\/\/www.dr-staedtler.de\/sofort-kredit\/arten\/fuer-autoreparatur#breadcrumb","itemListElement":[{"@type":"ListItem","position":1,"name":"Home","item":"https:\/\/www.dr-staedtler.de\/sofort-kredit\/"},{"@type":"ListItem","position":2,"name":"Diese verschiedenen Kreditarten und Verwendungszwecke gibt es","item":"https:\/\/www.dr-staedtler.de\/sofort-kredit\/arten"},{"@type":"ListItem","position":3,"name":"Kredit f\u00fcr Autoreparatur"}]},{"@type":"WebSite","@id":"http:\/\/www.dr-staedtler.de\/sofort-kredit\/#website","url":"http:\/\/www.dr-staedtler.de\/sofort-kredit\/","name":"Sofortkredit","description":"Der Sofortkredit im unabh\u00e4ngigen Vergleich","potentialAction":[{"@type":"SearchAction","target":{"@type":"EntryPoint","urlTemplate":"http:\/\/www.dr-staedtler.de\/sofort-kredit\/?s={search_term_string}"},"query-input":{"@type":"PropertyValueSpecification","valueRequired":true,"valueName":"search_term_string"}}],"inLanguage":"de"}]}},"_links":{"self":[{"href":"http:\/\/www.dr-staedtler.de\/sofort-kredit\/wp-json\/wp\/v2\/pages\/992","targetHints":{"allow":["GET"]}}],"collection":[{"href":"http:\/\/www.dr-staedtler.de\/sofort-kredit\/wp-json\/wp\/v2\/pages"}],"about":[{"href":"http:\/\/www.dr-staedtler.de\/sofort-kredit\/wp-json\/wp\/v2\/types\/page"}],"author":[{"embeddable":true,"href":"http:\/\/www.dr-staedtler.de\/sofort-kredit\/wp-json\/wp\/v2\/users\/2"}],"replies":[{"embeddable":true,"href":"http:\/\/www.dr-staedtler.de\/sofort-kredit\/wp-json\/wp\/v2\/comments?post=992"}],"version-history":[{"count":4,"href":"http:\/\/www.dr-staedtler.de\/sofort-kredit\/wp-json\/wp\/v2\/pages\/992\/revisions"}],"predecessor-version":[{"id":2581,"href":"http:\/\/www.dr-staedtler.de\/sofort-kredit\/wp-json\/wp\/v2\/pages\/992\/revisions\/2581"}],"up":[{"embeddable":true,"href":"http:\/\/www.dr-staedtler.de\/sofort-kredit\/wp-json\/wp\/v2\/pages\/1081"}],"wp:attachment":[{"href":"http:\/\/www.dr-staedtler.de\/sofort-kredit\/wp-json\/wp\/v2\/media?parent=992"}],"curies":[{"name":"wp","href":"https:\/\/api.w.org\/{rel}","templated":true}]}}