{"id":990,"date":"2012-08-29T12:49:59","date_gmt":"2012-08-29T10:49:59","guid":{"rendered":"http:\/\/www.sofort-kredit.net\/?page_id=990"},"modified":"2017-05-23T12:05:31","modified_gmt":"2017-05-23T10:05:31","slug":"fuer-autoreifen","status":"publish","type":"page","link":"http:\/\/www.dr-staedtler.de\/sofort-kredit\/arten\/fuer-autoreifen","title":{"rendered":"Kredit f\u00fcr Autoreifen"},"content":{"rendered":"<p>Eine schlechte Vorbereitung auf den Winter kann \u00e4u\u00dferst teuer werden. Sch\u00e4den die wegen mangelnder Bereifung entstehen m\u00fcssen aus eigener Kasse getragen werden. Winterreifen sind also notwendig. Eine bequeme Finanzierung \u00fcber einen <strong>Kredit f\u00fcr Autoreifen<\/strong> ist dabei kein Problem.<br \/>\n<script defer=\"\" async=\"\" data-affiliateid=\"9e1fdf7f\" data-placementid=\"783582278\" data-amount=\"3000\" data-category=\"\" data-duration=\"36\" src=\"https:\/\/www.smava.de\/pp\/smava-kreditvergleich\/main.js\"><\/script><br \/>\n<img loading=\"lazy\" decoding=\"async\" class=\"alignleft size-medium wp-image-1201\" style=\"margin-right: 10px; margin-bottom: 8px; border: 1px solid grey;\" title=\"Mann im Reifenlager holt neue Autoreifen\" src=\"http:\/\/www.dr-staedtler.de\/sofort-kredit\/wp-content\/uploads\/2012\/08\/autoreifen-300x199.jpg\" alt=\"Mann im Reifenlager holt neue Autoreifen\" width=\"300\" height=\"199\" srcset=\"http:\/\/www.dr-staedtler.de\/sofort-kredit\/wp-content\/uploads\/2012\/08\/autoreifen-300x199.jpg 300w, http:\/\/www.dr-staedtler.de\/sofort-kredit\/wp-content\/uploads\/2012\/08\/autoreifen.jpg 425w\" sizes=\"auto, (max-width: 300px) 100vw, 300px\" \/>Autofahrer werden das Problem kennen. Im Winter m\u00fcssen die <strong>Winterreifen<\/strong> drauf und im Sommer die Sommerreifen. Ob eine Reifendimension von 195\/65 des Modelles R15 beim einem Geschwindigkeitsindex von bis zu 190 Kilometer pro Stunde oder ein anderer Reifentyp, Reifen kosten Geld. Zudem muss alle f\u00fcnf Jahren ein <strong>neuer Reifensatz<\/strong> gekauft werden. Abh\u00e4ngig vom Fahrverhalten nutzt sich das Profil schnell ab. Entsteht ein Unfall, wobei dritte Personen zu Schaden kommen, dann zahlt die <strong>Haftpflichtversicherung<\/strong> nur, hat sich der Fahrzeughalter um eine neue Bereifung gek\u00fcmmert. Ist das Profil der alten Bereifung abgenutzt, dann ist die Schuld einzig allein dem Fahrzeughalter zuzuschreiben. Die Kosten die damit einhergehen d\u00fcrfen nicht untersch\u00e4tzt werden.<\/p>\n<h2>Wo bekommt man das notwendige Geld?<\/h2>\n<p>Nicht immer steht gen\u00fcgend Geld zur Verf\u00fcgung um eine neue Bereifung zu kaufen. <a href=\"http:\/\/www.dr-staedtler.de\/sofort-kredit\">Hier kann ein Sofortkredit helfen<\/a>. Der Sofortkredit ist an <strong>keinerlei Verwendungszweck<\/strong> gebunden. Er kann also zum kaufen einer Waschmaschine eingesetzt werden, genauso wie zum <strong>Kauf eines neuen Reifensatzes<\/strong>. Abh\u00e4ngig von der Anzahl der Reifen ist es wichtig, dass ein Kredit f\u00fcr Autoreifen gefunden wird, der die Summe decken kann. Der Kredit sollte sich gleichzeitig <strong>refinanzieren<\/strong> lassen. Daher sollten Kreditnehmer immer in Kombination mit einer <strong>Rentabilit\u00e4tsvorschau<\/strong> arbeiten. Ist die Bonit\u00e4t negativ, dann ist ein Bonit\u00e4tskredit eine gute Wahl.<\/p>\n<h3>Was bietet der Sofortkredit und warum ist er geeignet?<\/h3>\n<p>Zum einen sind die<strong> Konditionen<\/strong> gegen\u00fcber anderen Krediten wie <strong>Annuit\u00e4tendarlehen<\/strong>, <strong>Hypotheken<\/strong> oder herk\u00f6mmlichen <strong>Ratenkrediten<\/strong> deutlich g\u00fcnstiger. Gleichzeitig ist ein <strong>Sofortkredit f\u00fcr Autoreifen<\/strong> wie ein einfacher Ratenkredit aufgebaut. So mit einem <strong>Zinssatz,<\/strong> einer Ratenzahlung und der ben\u00f6tigten Kreditsumme. Der <strong>Sofortkredit<\/strong> wird <a href=\"http:\/\/www.dr-staedtler.de\/sofort-kredit\/sofort-kredit-online\">ausschlie\u00dflich \u00fcber das Internet aufgenommen<\/a>. Ist keine Bonit\u00e4t notwendig, so muss lediglich ein Identifikationsnachweis erbracht werden und das Geld wird innerhalb der n\u00e4chsten 48 Stunden auf das eigene Konto \u00fcberwiesen. M\u00fcssen Winterreifen in letzter Not gekauft werden, dann kann ein <strong>Sofortkredit<\/strong> \u00e4u\u00dferst n\u00fctzlich sein.<\/p>\n","protected":false},"excerpt":{"rendered":"<p>Eine schlechte Vorbereitung auf den Winter kann \u00e4u\u00dferst teuer werden. Sch\u00e4den die wegen mangelnder Bereifung entstehen m\u00fcssen aus eigener Kasse getragen werden. Winterreifen sind also notwendig. Eine bequeme Finanzierung \u00fcber einen Kredit f\u00fcr Autoreifen ist dabei kein Problem. Autofahrer werden das Problem kennen. Im Winter m\u00fcssen die Winterreifen drauf und im Sommer die Sommerreifen. Ob [&hellip;]<\/p>\n","protected":false},"author":2,"featured_media":0,"parent":1081,"menu_order":0,"comment_status":"closed","ping_status":"open","template":"templates\/sidebar-right.php","meta":{"footnotes":""},"class_list":["post-990","page","type-page","status-publish","hentry"],"yoast_head":"<!-- This site is optimized with the Yoast SEO plugin v24.6 - https:\/\/yoast.com\/wordpress\/plugins\/seo\/ -->\n<title>Kredit f\u00fcr Autoreifen - Jetzt g\u00fcnstigen Kredit sichern<\/title>\n<meta name=\"description\" content=\"Kredit f\u00fcr Autoreifen: Regelm\u00e4ssig m\u00fcssen neue Autoreifen gekauft werden, die eine Menge Geld kosten. Mit einer g\u00fcnstigen Finanzierung kann das einfacher werden\" \/>\n<meta name=\"robots\" content=\"index, follow, max-snippet:-1, max-image-preview:large, max-video-preview:-1\" \/>\n<link rel=\"canonical\" href=\"https:\/\/www.dr-staedtler.de\/sofort-kredit\/arten\/fuer-autoreifen\" \/>\n<meta property=\"og:locale\" content=\"de_DE\" \/>\n<meta property=\"og:type\" content=\"article\" \/>\n<meta property=\"og:title\" content=\"Kredit f\u00fcr Autoreifen - Jetzt g\u00fcnstigen Kredit sichern\" \/>\n<meta property=\"og:description\" content=\"Kredit f\u00fcr Autoreifen: Regelm\u00e4ssig m\u00fcssen neue Autoreifen gekauft werden, die eine Menge Geld kosten. Mit einer g\u00fcnstigen Finanzierung kann das einfacher werden\" \/>\n<meta property=\"og:url\" content=\"https:\/\/www.dr-staedtler.de\/sofort-kredit\/arten\/fuer-autoreifen\" \/>\n<meta property=\"og:site_name\" content=\"Sofortkredit\" \/>\n<meta property=\"article:modified_time\" content=\"2017-05-23T10:05:31+00:00\" \/>\n<meta property=\"og:image\" content=\"http:\/\/www.dr-staedtler.de\/sofort-kredit\/wp-content\/uploads\/2012\/08\/autoreifen-300x199.jpg\" \/>\n<meta name=\"twitter:card\" content=\"summary_large_image\" \/>\n<meta name=\"twitter:label1\" content=\"Gesch\u00e4tzte Lesezeit\" \/>\n\t<meta name=\"twitter:data1\" content=\"2\u00a0Minuten\" \/>\n<script type=\"application\/ld+json\" class=\"yoast-schema-graph\">{\"@context\":\"https:\/\/schema.org\",\"@graph\":[{\"@type\":\"WebPage\",\"@id\":\"https:\/\/www.dr-staedtler.de\/sofort-kredit\/arten\/fuer-autoreifen\",\"url\":\"https:\/\/www.dr-staedtler.de\/sofort-kredit\/arten\/fuer-autoreifen\",\"name\":\"Kredit f\u00fcr Autoreifen - Jetzt g\u00fcnstigen Kredit sichern\",\"isPartOf\":{\"@id\":\"http:\/\/www.dr-staedtler.de\/sofort-kredit\/#website\"},\"primaryImageOfPage\":{\"@id\":\"https:\/\/www.dr-staedtler.de\/sofort-kredit\/arten\/fuer-autoreifen#primaryimage\"},\"image\":{\"@id\":\"https:\/\/www.dr-staedtler.de\/sofort-kredit\/arten\/fuer-autoreifen#primaryimage\"},\"thumbnailUrl\":\"http:\/\/www.dr-staedtler.de\/sofort-kredit\/wp-content\/uploads\/2012\/08\/autoreifen-300x199.jpg\",\"datePublished\":\"2012-08-29T10:49:59+00:00\",\"dateModified\":\"2017-05-23T10:05:31+00:00\",\"description\":\"Kredit f\u00fcr Autoreifen: Regelm\u00e4ssig m\u00fcssen neue Autoreifen gekauft werden, die eine Menge Geld kosten. Mit einer g\u00fcnstigen Finanzierung kann das einfacher werden\",\"breadcrumb\":{\"@id\":\"https:\/\/www.dr-staedtler.de\/sofort-kredit\/arten\/fuer-autoreifen#breadcrumb\"},\"inLanguage\":\"de\",\"potentialAction\":[{\"@type\":\"ReadAction\",\"target\":[\"https:\/\/www.dr-staedtler.de\/sofort-kredit\/arten\/fuer-autoreifen\"]}]},{\"@type\":\"ImageObject\",\"inLanguage\":\"de\",\"@id\":\"https:\/\/www.dr-staedtler.de\/sofort-kredit\/arten\/fuer-autoreifen#primaryimage\",\"url\":\"http:\/\/www.dr-staedtler.de\/sofort-kredit\/wp-content\/uploads\/2012\/08\/autoreifen.jpg\",\"contentUrl\":\"http:\/\/www.dr-staedtler.de\/sofort-kredit\/wp-content\/uploads\/2012\/08\/autoreifen.jpg\",\"width\":\"425\",\"height\":\"282\",\"caption\":\"Mann im Reifenlager holt neue Autoreifen\"},{\"@type\":\"BreadcrumbList\",\"@id\":\"https:\/\/www.dr-staedtler.de\/sofort-kredit\/arten\/fuer-autoreifen#breadcrumb\",\"itemListElement\":[{\"@type\":\"ListItem\",\"position\":1,\"name\":\"Home\",\"item\":\"https:\/\/www.dr-staedtler.de\/sofort-kredit\/\"},{\"@type\":\"ListItem\",\"position\":2,\"name\":\"Diese verschiedenen Kreditarten und Verwendungszwecke gibt es\",\"item\":\"https:\/\/www.dr-staedtler.de\/sofort-kredit\/arten\"},{\"@type\":\"ListItem\",\"position\":3,\"name\":\"Kredit f\u00fcr Autoreifen\"}]},{\"@type\":\"WebSite\",\"@id\":\"http:\/\/www.dr-staedtler.de\/sofort-kredit\/#website\",\"url\":\"http:\/\/www.dr-staedtler.de\/sofort-kredit\/\",\"name\":\"Sofortkredit\",\"description\":\"Der Sofortkredit im unabh\u00e4ngigen Vergleich\",\"potentialAction\":[{\"@type\":\"SearchAction\",\"target\":{\"@type\":\"EntryPoint\",\"urlTemplate\":\"http:\/\/www.dr-staedtler.de\/sofort-kredit\/?s={search_term_string}\"},\"query-input\":{\"@type\":\"PropertyValueSpecification\",\"valueRequired\":true,\"valueName\":\"search_term_string\"}}],\"inLanguage\":\"de\"}]}<\/script>\n<!-- \/ Yoast SEO plugin. -->","yoast_head_json":{"title":"Kredit f\u00fcr Autoreifen - Jetzt g\u00fcnstigen Kredit sichern","description":"Kredit f\u00fcr Autoreifen: Regelm\u00e4ssig m\u00fcssen neue Autoreifen gekauft werden, die eine Menge Geld kosten. Mit einer g\u00fcnstigen Finanzierung kann das einfacher werden","robots":{"index":"index","follow":"follow","max-snippet":"max-snippet:-1","max-image-preview":"max-image-preview:large","max-video-preview":"max-video-preview:-1"},"canonical":"https:\/\/www.dr-staedtler.de\/sofort-kredit\/arten\/fuer-autoreifen","og_locale":"de_DE","og_type":"article","og_title":"Kredit f\u00fcr Autoreifen - Jetzt g\u00fcnstigen Kredit sichern","og_description":"Kredit f\u00fcr Autoreifen: Regelm\u00e4ssig m\u00fcssen neue Autoreifen gekauft werden, die eine Menge Geld kosten. Mit einer g\u00fcnstigen Finanzierung kann das einfacher werden","og_url":"https:\/\/www.dr-staedtler.de\/sofort-kredit\/arten\/fuer-autoreifen","og_site_name":"Sofortkredit","article_modified_time":"2017-05-23T10:05:31+00:00","og_image":[{"url":"http:\/\/www.dr-staedtler.de\/sofort-kredit\/wp-content\/uploads\/2012\/08\/autoreifen-300x199.jpg","type":"","width":"","height":""}],"twitter_card":"summary_large_image","twitter_misc":{"Gesch\u00e4tzte Lesezeit":"2\u00a0Minuten"},"schema":{"@context":"https:\/\/schema.org","@graph":[{"@type":"WebPage","@id":"https:\/\/www.dr-staedtler.de\/sofort-kredit\/arten\/fuer-autoreifen","url":"https:\/\/www.dr-staedtler.de\/sofort-kredit\/arten\/fuer-autoreifen","name":"Kredit f\u00fcr Autoreifen - Jetzt g\u00fcnstigen Kredit sichern","isPartOf":{"@id":"http:\/\/www.dr-staedtler.de\/sofort-kredit\/#website"},"primaryImageOfPage":{"@id":"https:\/\/www.dr-staedtler.de\/sofort-kredit\/arten\/fuer-autoreifen#primaryimage"},"image":{"@id":"https:\/\/www.dr-staedtler.de\/sofort-kredit\/arten\/fuer-autoreifen#primaryimage"},"thumbnailUrl":"http:\/\/www.dr-staedtler.de\/sofort-kredit\/wp-content\/uploads\/2012\/08\/autoreifen-300x199.jpg","datePublished":"2012-08-29T10:49:59+00:00","dateModified":"2017-05-23T10:05:31+00:00","description":"Kredit f\u00fcr Autoreifen: Regelm\u00e4ssig m\u00fcssen neue Autoreifen gekauft werden, die eine Menge Geld kosten. Mit einer g\u00fcnstigen Finanzierung kann das einfacher werden","breadcrumb":{"@id":"https:\/\/www.dr-staedtler.de\/sofort-kredit\/arten\/fuer-autoreifen#breadcrumb"},"inLanguage":"de","potentialAction":[{"@type":"ReadAction","target":["https:\/\/www.dr-staedtler.de\/sofort-kredit\/arten\/fuer-autoreifen"]}]},{"@type":"ImageObject","inLanguage":"de","@id":"https:\/\/www.dr-staedtler.de\/sofort-kredit\/arten\/fuer-autoreifen#primaryimage","url":"http:\/\/www.dr-staedtler.de\/sofort-kredit\/wp-content\/uploads\/2012\/08\/autoreifen.jpg","contentUrl":"http:\/\/www.dr-staedtler.de\/sofort-kredit\/wp-content\/uploads\/2012\/08\/autoreifen.jpg","width":"425","height":"282","caption":"Mann im Reifenlager holt neue Autoreifen"},{"@type":"BreadcrumbList","@id":"https:\/\/www.dr-staedtler.de\/sofort-kredit\/arten\/fuer-autoreifen#breadcrumb","itemListElement":[{"@type":"ListItem","position":1,"name":"Home","item":"https:\/\/www.dr-staedtler.de\/sofort-kredit\/"},{"@type":"ListItem","position":2,"name":"Diese verschiedenen Kreditarten und Verwendungszwecke gibt es","item":"https:\/\/www.dr-staedtler.de\/sofort-kredit\/arten"},{"@type":"ListItem","position":3,"name":"Kredit f\u00fcr Autoreifen"}]},{"@type":"WebSite","@id":"http:\/\/www.dr-staedtler.de\/sofort-kredit\/#website","url":"http:\/\/www.dr-staedtler.de\/sofort-kredit\/","name":"Sofortkredit","description":"Der Sofortkredit im unabh\u00e4ngigen Vergleich","potentialAction":[{"@type":"SearchAction","target":{"@type":"EntryPoint","urlTemplate":"http:\/\/www.dr-staedtler.de\/sofort-kredit\/?s={search_term_string}"},"query-input":{"@type":"PropertyValueSpecification","valueRequired":true,"valueName":"search_term_string"}}],"inLanguage":"de"}]}},"_links":{"self":[{"href":"http:\/\/www.dr-staedtler.de\/sofort-kredit\/wp-json\/wp\/v2\/pages\/990","targetHints":{"allow":["GET"]}}],"collection":[{"href":"http:\/\/www.dr-staedtler.de\/sofort-kredit\/wp-json\/wp\/v2\/pages"}],"about":[{"href":"http:\/\/www.dr-staedtler.de\/sofort-kredit\/wp-json\/wp\/v2\/types\/page"}],"author":[{"embeddable":true,"href":"http:\/\/www.dr-staedtler.de\/sofort-kredit\/wp-json\/wp\/v2\/users\/2"}],"replies":[{"embeddable":true,"href":"http:\/\/www.dr-staedtler.de\/sofort-kredit\/wp-json\/wp\/v2\/comments?post=990"}],"version-history":[{"count":3,"href":"http:\/\/www.dr-staedtler.de\/sofort-kredit\/wp-json\/wp\/v2\/pages\/990\/revisions"}],"predecessor-version":[{"id":2528,"href":"http:\/\/www.dr-staedtler.de\/sofort-kredit\/wp-json\/wp\/v2\/pages\/990\/revisions\/2528"}],"up":[{"embeddable":true,"href":"http:\/\/www.dr-staedtler.de\/sofort-kredit\/wp-json\/wp\/v2\/pages\/1081"}],"wp:attachment":[{"href":"http:\/\/www.dr-staedtler.de\/sofort-kredit\/wp-json\/wp\/v2\/media?parent=990"}],"curies":[{"name":"wp","href":"https:\/\/api.w.org\/{rel}","templated":true}]}}