{"id":988,"date":"2012-08-30T18:15:40","date_gmt":"2012-08-30T16:15:40","guid":{"rendered":"http:\/\/www.sofort-kredit.net\/?page_id=988"},"modified":"2017-05-23T12:17:15","modified_gmt":"2017-05-23T10:17:15","slug":"fuer-zahnersatz","status":"publish","type":"page","link":"http:\/\/www.dr-staedtler.de\/sofort-kredit\/arten\/fuer-zahnersatz","title":{"rendered":"Kredit f\u00fcr Zahnersatz"},"content":{"rendered":"<p>Br\u00fccken, Implantate und Kronen werden immer teurer. Gesetzliche Krankenversicherungen zahlen nicht mehr. Vielleicht hilft ein <strong>Kredit f\u00fcr Zahnersatz<\/strong> aus.<br \/>\n<script defer=\"\" async=\"\" data-affiliateid=\"9e1fdf7f\" data-placementid=\"783582278\" data-amount=\"2000\" data-category=\"\" data-duration=\"36\" src=\"https:\/\/www.smava.de\/pp\/smava-kreditvergleich\/main.js\"><\/script><br \/>\n<strong><img loading=\"lazy\" decoding=\"async\" class=\"alignleft size-medium wp-image-1318\" style=\"margin-right: 10px; margin-bottom: 8px; border: 1px solid grey;\" title=\"Kredit f\u00fcr Zahnersatz\" src=\"http:\/\/www.dr-staedtler.de\/sofort-kredit\/wp-content\/uploads\/2012\/08\/zahnersatz-300x218.jpg\" alt=\"Kredit f\u00fcr Zahnersatz\" width=\"300\" height=\"218\" srcset=\"http:\/\/www.dr-staedtler.de\/sofort-kredit\/wp-content\/uploads\/2012\/08\/zahnersatz-300x218.jpg 300w, http:\/\/www.dr-staedtler.de\/sofort-kredit\/wp-content\/uploads\/2012\/08\/zahnersatz.jpg 406w\" sizes=\"auto, (max-width: 300px) 100vw, 300px\" \/>Zahnsch\u00e4den<\/strong> kosten unglaublich viel Geld. Der Einsatz einer <strong>Br\u00fccke, Implantate oder F\u00fcllungen<\/strong> sind mit Unkosten verbunden, die im Regelfall aus eigener Tasche bezahlt werden m\u00fcssen. Zumindest gilt dieses Prinzip f\u00fcr gesetzlich Versicherte. Da die meisten Berufst\u00e4tigen in einem Dienstleistungsverh\u00e4ltnis stehen, ist nur den wenigsten die M\u00f6glichkeit gegeben eine <strong>private Krankenversicherung<\/strong> aufzunehmen. Die <strong>private Krankenversicherung<\/strong> bietet beispielsweise Zusatzleistungen wie die <strong>Zahnzusatzversicherung<\/strong>, die f\u00fcr Kosten dieser Art aufkommt. Oftmals erkennt man den Fehler zu sp\u00e4t, m\u00f6chte eine private Zahnzusatzversicherung abschlie\u00dfen und muss die gesamten Kosten dann doch tragen, da die meisten <strong>Zahnzusatzversicherungen<\/strong> erst ab einem Zeitpunkt von einem Jahr Wartezeit Sch\u00e4den regulieren. Ben\u00f6tigt man gleichzeitig eine gr\u00f6\u00dfere Geldsumme, dann ist ein <strong>Sofortkredit f\u00fcr Zahnersatz<\/strong> die L\u00f6sung in letzter Not.<\/p>\n<h2>Der Sofortkredit: wie kann er eingesetzt werden?<\/h2>\n<p>Der <strong>Sofortkredit<\/strong> l\u00e4sst sich unkompliziert nutzen. Es gilt darauf zu achten, dass mit einem Tarif gearbeitet wird der gute Leistungen bieten kann. Dabei ist wichtig, dass <strong>g\u00fcnstige Konditionen<\/strong> gesucht werden. So wie ein Vergleich, der den Tarif mit dem <strong>niedrigsten Zinssatz<\/strong> und der <strong>besten Ratenzahlung<\/strong> herausgefiltert. Doch wie kann der <strong>Sofortkredit f\u00fcr Zahnersatz<\/strong> zur Tilgung eingesetzt werden? Die Antwort ist einfach: ein <strong>Sofortkredit<\/strong> ist an keinen Verwendungszweck gebunden. Ein <strong>Hypothekenkredit<\/strong> ist beispielsweise an eine <strong>Immobilie gebunden<\/strong>, ein Ausbildungskredit an eine Ausbildung und ein Rentnerkredit an Menschen \u00fcber 65 Jahre. Der Sofortkredit kann unabh\u00e4ngig vom Verwendungszweck binnen von zwei Werktagen aufgenommen werden. M\u00fcssen Zahnkosten bezahlt werden, dann ist der <strong>Sofortkredit<\/strong> die einfachste und schnellste Variante.<\/p>\n<h3>Vergleichssysteme helfen aus<\/h3>\n<p><strong>Vergleichssysteme<\/strong> helfen dabei den <strong>g\u00fcnstigsten Tarif<\/strong> unter vielen verschiedenen Anbietern ausfindig zu machen. Jeder Vergleich kann unabh\u00e4ngig genutzt werden und kostet dem Nutzer nichts. Die Vorteile die sich daraus ergeben sind wesentlich. So werden keine <strong>provisionsgebundenen Kreditgeber<\/strong> herausgefiltert, sondern nur Tarife die f\u00fcr den eigenen Verwendungszweck optimal sind. Das wichtigste Kriterium ist dabei ein m\u00f6glichst <strong>niedriger Zinssatz<\/strong> zu einer <strong>optimalen Ratenzahlung.<\/strong><\/p>\n","protected":false},"excerpt":{"rendered":"<p>Br\u00fccken, Implantate und Kronen werden immer teurer. Gesetzliche Krankenversicherungen zahlen nicht mehr. Vielleicht hilft ein Kredit f\u00fcr Zahnersatz aus. Zahnsch\u00e4den kosten unglaublich viel Geld. Der Einsatz einer Br\u00fccke, Implantate oder F\u00fcllungen sind mit Unkosten verbunden, die im Regelfall aus eigener Tasche bezahlt werden m\u00fcssen. Zumindest gilt dieses Prinzip f\u00fcr gesetzlich Versicherte. Da die meisten Berufst\u00e4tigen [&hellip;]<\/p>\n","protected":false},"author":2,"featured_media":0,"parent":1081,"menu_order":0,"comment_status":"closed","ping_status":"open","template":"templates\/sidebar-right.php","meta":{"footnotes":""},"class_list":["post-988","page","type-page","status-publish","hentry"],"yoast_head":"<!-- This site is optimized with the Yoast SEO plugin v24.6 - https:\/\/yoast.com\/wordpress\/plugins\/seo\/ -->\n<title>Kredit f\u00fcr Zahnersatz - Jetzt g\u00fcnstigen Kredit sichern<\/title>\n<meta name=\"description\" content=\"Kredit f\u00fcr Zahnersatz: Zahnersatz ist heute teuer und wird von den gesetzlichen Kassen kaum noch unterst\u00fctzt, da muss oft ein Ratenkredit her\" \/>\n<meta name=\"robots\" content=\"index, follow, max-snippet:-1, max-image-preview:large, max-video-preview:-1\" \/>\n<link rel=\"canonical\" href=\"https:\/\/www.dr-staedtler.de\/sofort-kredit\/arten\/fuer-zahnersatz\" \/>\n<meta property=\"og:locale\" content=\"de_DE\" \/>\n<meta property=\"og:type\" content=\"article\" \/>\n<meta property=\"og:title\" content=\"Kredit f\u00fcr Zahnersatz - Jetzt g\u00fcnstigen Kredit sichern\" \/>\n<meta property=\"og:description\" content=\"Kredit f\u00fcr Zahnersatz: Zahnersatz ist heute teuer und wird von den gesetzlichen Kassen kaum noch unterst\u00fctzt, da muss oft ein Ratenkredit her\" \/>\n<meta property=\"og:url\" content=\"https:\/\/www.dr-staedtler.de\/sofort-kredit\/arten\/fuer-zahnersatz\" \/>\n<meta property=\"og:site_name\" content=\"Sofortkredit\" \/>\n<meta property=\"article:modified_time\" content=\"2017-05-23T10:17:15+00:00\" \/>\n<meta property=\"og:image\" content=\"http:\/\/www.dr-staedtler.de\/sofort-kredit\/wp-content\/uploads\/2012\/08\/zahnersatz-300x218.jpg\" \/>\n<meta name=\"twitter:card\" content=\"summary_large_image\" \/>\n<meta name=\"twitter:label1\" content=\"Gesch\u00e4tzte Lesezeit\" \/>\n\t<meta name=\"twitter:data1\" content=\"2\u00a0Minuten\" \/>\n<script type=\"application\/ld+json\" class=\"yoast-schema-graph\">{\"@context\":\"https:\/\/schema.org\",\"@graph\":[{\"@type\":\"WebPage\",\"@id\":\"https:\/\/www.dr-staedtler.de\/sofort-kredit\/arten\/fuer-zahnersatz\",\"url\":\"https:\/\/www.dr-staedtler.de\/sofort-kredit\/arten\/fuer-zahnersatz\",\"name\":\"Kredit f\u00fcr Zahnersatz - Jetzt g\u00fcnstigen Kredit sichern\",\"isPartOf\":{\"@id\":\"http:\/\/www.dr-staedtler.de\/sofort-kredit\/#website\"},\"primaryImageOfPage\":{\"@id\":\"https:\/\/www.dr-staedtler.de\/sofort-kredit\/arten\/fuer-zahnersatz#primaryimage\"},\"image\":{\"@id\":\"https:\/\/www.dr-staedtler.de\/sofort-kredit\/arten\/fuer-zahnersatz#primaryimage\"},\"thumbnailUrl\":\"http:\/\/www.dr-staedtler.de\/sofort-kredit\/wp-content\/uploads\/2012\/08\/zahnersatz-300x218.jpg\",\"datePublished\":\"2012-08-30T16:15:40+00:00\",\"dateModified\":\"2017-05-23T10:17:15+00:00\",\"description\":\"Kredit f\u00fcr Zahnersatz: Zahnersatz ist heute teuer und wird von den gesetzlichen Kassen kaum noch unterst\u00fctzt, da muss oft ein Ratenkredit her\",\"breadcrumb\":{\"@id\":\"https:\/\/www.dr-staedtler.de\/sofort-kredit\/arten\/fuer-zahnersatz#breadcrumb\"},\"inLanguage\":\"de\",\"potentialAction\":[{\"@type\":\"ReadAction\",\"target\":[\"https:\/\/www.dr-staedtler.de\/sofort-kredit\/arten\/fuer-zahnersatz\"]}]},{\"@type\":\"ImageObject\",\"inLanguage\":\"de\",\"@id\":\"https:\/\/www.dr-staedtler.de\/sofort-kredit\/arten\/fuer-zahnersatz#primaryimage\",\"url\":\"http:\/\/www.dr-staedtler.de\/sofort-kredit\/wp-content\/uploads\/2012\/08\/zahnersatz.jpg\",\"contentUrl\":\"http:\/\/www.dr-staedtler.de\/sofort-kredit\/wp-content\/uploads\/2012\/08\/zahnersatz.jpg\",\"width\":\"406\",\"height\":\"296\",\"caption\":\"Kredit f\u00fcr Zahnersatz\"},{\"@type\":\"BreadcrumbList\",\"@id\":\"https:\/\/www.dr-staedtler.de\/sofort-kredit\/arten\/fuer-zahnersatz#breadcrumb\",\"itemListElement\":[{\"@type\":\"ListItem\",\"position\":1,\"name\":\"Home\",\"item\":\"https:\/\/www.dr-staedtler.de\/sofort-kredit\/\"},{\"@type\":\"ListItem\",\"position\":2,\"name\":\"Diese verschiedenen Kreditarten und Verwendungszwecke gibt es\",\"item\":\"https:\/\/www.dr-staedtler.de\/sofort-kredit\/arten\"},{\"@type\":\"ListItem\",\"position\":3,\"name\":\"Kredit f\u00fcr Zahnersatz\"}]},{\"@type\":\"WebSite\",\"@id\":\"http:\/\/www.dr-staedtler.de\/sofort-kredit\/#website\",\"url\":\"http:\/\/www.dr-staedtler.de\/sofort-kredit\/\",\"name\":\"Sofortkredit\",\"description\":\"Der Sofortkredit im unabh\u00e4ngigen Vergleich\",\"potentialAction\":[{\"@type\":\"SearchAction\",\"target\":{\"@type\":\"EntryPoint\",\"urlTemplate\":\"http:\/\/www.dr-staedtler.de\/sofort-kredit\/?s={search_term_string}\"},\"query-input\":{\"@type\":\"PropertyValueSpecification\",\"valueRequired\":true,\"valueName\":\"search_term_string\"}}],\"inLanguage\":\"de\"}]}<\/script>\n<!-- \/ Yoast SEO plugin. -->","yoast_head_json":{"title":"Kredit f\u00fcr Zahnersatz - Jetzt g\u00fcnstigen Kredit sichern","description":"Kredit f\u00fcr Zahnersatz: Zahnersatz ist heute teuer und wird von den gesetzlichen Kassen kaum noch unterst\u00fctzt, da muss oft ein Ratenkredit her","robots":{"index":"index","follow":"follow","max-snippet":"max-snippet:-1","max-image-preview":"max-image-preview:large","max-video-preview":"max-video-preview:-1"},"canonical":"https:\/\/www.dr-staedtler.de\/sofort-kredit\/arten\/fuer-zahnersatz","og_locale":"de_DE","og_type":"article","og_title":"Kredit f\u00fcr Zahnersatz - Jetzt g\u00fcnstigen Kredit sichern","og_description":"Kredit f\u00fcr Zahnersatz: Zahnersatz ist heute teuer und wird von den gesetzlichen Kassen kaum noch unterst\u00fctzt, da muss oft ein Ratenkredit her","og_url":"https:\/\/www.dr-staedtler.de\/sofort-kredit\/arten\/fuer-zahnersatz","og_site_name":"Sofortkredit","article_modified_time":"2017-05-23T10:17:15+00:00","og_image":[{"url":"http:\/\/www.dr-staedtler.de\/sofort-kredit\/wp-content\/uploads\/2012\/08\/zahnersatz-300x218.jpg","type":"","width":"","height":""}],"twitter_card":"summary_large_image","twitter_misc":{"Gesch\u00e4tzte Lesezeit":"2\u00a0Minuten"},"schema":{"@context":"https:\/\/schema.org","@graph":[{"@type":"WebPage","@id":"https:\/\/www.dr-staedtler.de\/sofort-kredit\/arten\/fuer-zahnersatz","url":"https:\/\/www.dr-staedtler.de\/sofort-kredit\/arten\/fuer-zahnersatz","name":"Kredit f\u00fcr Zahnersatz - Jetzt g\u00fcnstigen Kredit sichern","isPartOf":{"@id":"http:\/\/www.dr-staedtler.de\/sofort-kredit\/#website"},"primaryImageOfPage":{"@id":"https:\/\/www.dr-staedtler.de\/sofort-kredit\/arten\/fuer-zahnersatz#primaryimage"},"image":{"@id":"https:\/\/www.dr-staedtler.de\/sofort-kredit\/arten\/fuer-zahnersatz#primaryimage"},"thumbnailUrl":"http:\/\/www.dr-staedtler.de\/sofort-kredit\/wp-content\/uploads\/2012\/08\/zahnersatz-300x218.jpg","datePublished":"2012-08-30T16:15:40+00:00","dateModified":"2017-05-23T10:17:15+00:00","description":"Kredit f\u00fcr Zahnersatz: Zahnersatz ist heute teuer und wird von den gesetzlichen Kassen kaum noch unterst\u00fctzt, da muss oft ein Ratenkredit her","breadcrumb":{"@id":"https:\/\/www.dr-staedtler.de\/sofort-kredit\/arten\/fuer-zahnersatz#breadcrumb"},"inLanguage":"de","potentialAction":[{"@type":"ReadAction","target":["https:\/\/www.dr-staedtler.de\/sofort-kredit\/arten\/fuer-zahnersatz"]}]},{"@type":"ImageObject","inLanguage":"de","@id":"https:\/\/www.dr-staedtler.de\/sofort-kredit\/arten\/fuer-zahnersatz#primaryimage","url":"http:\/\/www.dr-staedtler.de\/sofort-kredit\/wp-content\/uploads\/2012\/08\/zahnersatz.jpg","contentUrl":"http:\/\/www.dr-staedtler.de\/sofort-kredit\/wp-content\/uploads\/2012\/08\/zahnersatz.jpg","width":"406","height":"296","caption":"Kredit f\u00fcr Zahnersatz"},{"@type":"BreadcrumbList","@id":"https:\/\/www.dr-staedtler.de\/sofort-kredit\/arten\/fuer-zahnersatz#breadcrumb","itemListElement":[{"@type":"ListItem","position":1,"name":"Home","item":"https:\/\/www.dr-staedtler.de\/sofort-kredit\/"},{"@type":"ListItem","position":2,"name":"Diese verschiedenen Kreditarten und Verwendungszwecke gibt es","item":"https:\/\/www.dr-staedtler.de\/sofort-kredit\/arten"},{"@type":"ListItem","position":3,"name":"Kredit f\u00fcr Zahnersatz"}]},{"@type":"WebSite","@id":"http:\/\/www.dr-staedtler.de\/sofort-kredit\/#website","url":"http:\/\/www.dr-staedtler.de\/sofort-kredit\/","name":"Sofortkredit","description":"Der Sofortkredit im unabh\u00e4ngigen Vergleich","potentialAction":[{"@type":"SearchAction","target":{"@type":"EntryPoint","urlTemplate":"http:\/\/www.dr-staedtler.de\/sofort-kredit\/?s={search_term_string}"},"query-input":{"@type":"PropertyValueSpecification","valueRequired":true,"valueName":"search_term_string"}}],"inLanguage":"de"}]}},"_links":{"self":[{"href":"http:\/\/www.dr-staedtler.de\/sofort-kredit\/wp-json\/wp\/v2\/pages\/988","targetHints":{"allow":["GET"]}}],"collection":[{"href":"http:\/\/www.dr-staedtler.de\/sofort-kredit\/wp-json\/wp\/v2\/pages"}],"about":[{"href":"http:\/\/www.dr-staedtler.de\/sofort-kredit\/wp-json\/wp\/v2\/types\/page"}],"author":[{"embeddable":true,"href":"http:\/\/www.dr-staedtler.de\/sofort-kredit\/wp-json\/wp\/v2\/users\/2"}],"replies":[{"embeddable":true,"href":"http:\/\/www.dr-staedtler.de\/sofort-kredit\/wp-json\/wp\/v2\/comments?post=988"}],"version-history":[{"count":3,"href":"http:\/\/www.dr-staedtler.de\/sofort-kredit\/wp-json\/wp\/v2\/pages\/988\/revisions"}],"predecessor-version":[{"id":2570,"href":"http:\/\/www.dr-staedtler.de\/sofort-kredit\/wp-json\/wp\/v2\/pages\/988\/revisions\/2570"}],"up":[{"embeddable":true,"href":"http:\/\/www.dr-staedtler.de\/sofort-kredit\/wp-json\/wp\/v2\/pages\/1081"}],"wp:attachment":[{"href":"http:\/\/www.dr-staedtler.de\/sofort-kredit\/wp-json\/wp\/v2\/media?parent=988"}],"curies":[{"name":"wp","href":"https:\/\/api.w.org\/{rel}","templated":true}]}}