{"id":986,"date":"2012-08-30T16:10:59","date_gmt":"2012-08-30T14:10:59","guid":{"rendered":"http:\/\/www.sofort-kredit.net\/?page_id=986"},"modified":"2017-05-23T12:13:54","modified_gmt":"2017-05-23T10:13:54","slug":"fuer-pilotenausbildung","status":"publish","type":"page","link":"http:\/\/www.dr-staedtler.de\/sofort-kredit\/arten\/fuer-pilotenausbildung","title":{"rendered":"Kredit f\u00fcr Pilotenausbildung"},"content":{"rendered":"<p>Die Pilotenausbildung z\u00e4hlt zu der H\u00e4rtesten, die gemacht werden kann. Wird hier nicht jede Minute ins Lernen investiert, dann ist der Pilotenschein noch weit. Finanzielle Stabilit\u00e4t ist also ein Muss, ein <strong>Sofortkredit f\u00fcr Pilotenausbildung<\/strong> kann weiterhelfen.<br \/>\n<script defer=\"\" async=\"\" data-affiliateid=\"9e1fdf7f\" data-placementid=\"783582278\" data-amount=\"20000\" data-category=\"\" data-duration=\"84\" src=\"https:\/\/www.smava.de\/pp\/smava-kreditvergleich\/main.js\"><\/script><br \/>\nEine Pilotenausbildung ist \u00e4u\u00dferst anstrengend, fordert viel Konzentration und Einsatzf\u00e4higkeit. Gleichzeitig ist das <strong>Ausbildungsgehalt unglaublich gering<\/strong>. Dadurch sind viele Auszubildende auf externe Berufe angewiesen. So beispielsweise Minijobs, die innerhalb der Woche viel Zeit und Kraft kosten. Die Pilotenausbildung verlangt, dass diese Kraft ausschlie\u00dflich in die Ausbildung investiert wird. Wie k\u00f6nnen sich Auszubildende weiterhelfen? Eine Frage, die berechtigt ist, da die Pr\u00fcfung zum Pilotenschein alles abverlangt. Dennoch gibt es eine <strong>einfache Kreditvariante<\/strong> die genutzt werden kann. N\u00e4mlich der <strong>Sofortkredit<\/strong>.<\/p>\n<h2>Was kann der Sofortkredit bieten?<\/h2>\n<p><img loading=\"lazy\" decoding=\"async\" class=\"alignleft size-medium wp-image-1253\" style=\"margin-right: 10px; margin-bottom: 8px; border: 1px solid grey;\" title=\"Frau bei einer Pilotenausbildung\" src=\"http:\/\/www.dr-staedtler.de\/sofort-kredit\/wp-content\/uploads\/2012\/08\/pilotenausbildung-300x200.jpg\" alt=\"Frau bei einer Pilotenausbildung\" width=\"300\" height=\"200\" srcset=\"http:\/\/www.dr-staedtler.de\/sofort-kredit\/wp-content\/uploads\/2012\/08\/pilotenausbildung-300x200.jpg 300w, http:\/\/www.dr-staedtler.de\/sofort-kredit\/wp-content\/uploads\/2012\/08\/pilotenausbildung.jpg 424w\" sizes=\"auto, (max-width: 300px) 100vw, 300px\" \/>Zum einen \u00e4u\u00dferst <strong>g\u00fcnstige Konditionen<\/strong>. Zinss\u00e4tze, die sich weit unter dem zweistelligen Bereich aufhalten. Ebenso eine <strong>angepasste Ratenzahlung<\/strong> und die M\u00f6glichkeit das Geld binnen zweier Tage ausgezahlt zu bekommen. Die Prozedur wird \u00fcber den Postweg und das Internet abgewickelt. Da die <strong>Bonit\u00e4t eines Auszubildenden<\/strong> nicht mit der Bonit\u00e4t eines berufst\u00e4tigen zu vergleichen ist sollte auf <strong>spezielle Kredite<\/strong> zur\u00fcckgegriffen werden, die trotz <strong>niedriger Bonit\u00e4t<\/strong> aufgenommen werden k\u00f6nnen. Bei einer <strong>kleineren Kreditsumme<\/strong> ist das kein Problem. Sucht man dagegen einen Kredit um sich die komplette Ausbildung zu finanzieren, dann wird eine gr\u00f6\u00dfere Summe verlangt. Hier eignen sich <strong>Bonit\u00e4tskredite.<\/strong><\/p>\n<h3>Wie kann der g\u00fcnstigste Kredit gefunden werden?<\/h3>\n<p>Es ist nicht unbedingt schwierig einen <strong>g\u00fcnstigen Kredit<\/strong> zu finden, achtet der Auszubildende auf den richtigen Zeitpunkt. Sobald der<strong> Leitzins der EZB<\/strong> niedrig ist, werden alle Kreditinstitute diesem Beispiel folgen. So kann es schnell passieren, dass der Zinssatz um nahezu die H\u00e4lfte reduziert wird. Eigenschaften, die f\u00fcr die <a href=\"http:\/\/www.dr-staedtler.de\/sofort-kredit\">Aufnahme eines Kredites wichtig<\/a> sind. Zudem ist ein Vergleich die schnellste Methode um den <strong>g\u00fcnstigsten Zinssatz<\/strong> ausfindig zu machen. Vergleiche k\u00f6nnen objektiv und kostenlos durchgef\u00fchrt werden. Dabei ist die Objektivit\u00e4t ein wichtiger Indikator. Objektivit\u00e4t bedeutet, dass kein <strong>Kreditanbieter<\/strong> bevorzugt wird, sondern lediglich das <strong>Leistungsverh\u00e4ltnis<\/strong> dem Preisverh\u00e4ltnisse gegen\u00fcbergestellt wird. Also die besten Voraussetzungen um einen g\u00fcnstigen Tarif mit einem niedrigen Zins und einer angepassten Ratenzahlung zu finden.<\/p>\n","protected":false},"excerpt":{"rendered":"<p>Die Pilotenausbildung z\u00e4hlt zu der H\u00e4rtesten, die gemacht werden kann. Wird hier nicht jede Minute ins Lernen investiert, dann ist der Pilotenschein noch weit. Finanzielle Stabilit\u00e4t ist also ein Muss, ein Sofortkredit f\u00fcr Pilotenausbildung kann weiterhelfen. Eine Pilotenausbildung ist \u00e4u\u00dferst anstrengend, fordert viel Konzentration und Einsatzf\u00e4higkeit. Gleichzeitig ist das Ausbildungsgehalt unglaublich gering. Dadurch sind viele [&hellip;]<\/p>\n","protected":false},"author":2,"featured_media":0,"parent":1081,"menu_order":0,"comment_status":"closed","ping_status":"open","template":"templates\/sidebar-right.php","meta":{"footnotes":""},"class_list":["post-986","page","type-page","status-publish","hentry"],"yoast_head":"<!-- This site is optimized with the Yoast SEO plugin v24.6 - https:\/\/yoast.com\/wordpress\/plugins\/seo\/ -->\n<title>Kredit f\u00fcr Pilotenausbildung - Jetzt kostenlos vergleichen<\/title>\n<meta name=\"description\" content=\"Kredit f\u00fcr Pilotenausbildung: Die Ausbildung zum Piloten ist teuer und das Ausbildungsgehalt ist niedrig, ein Sofortkredit hilft aus.\" \/>\n<meta name=\"robots\" content=\"index, follow, max-snippet:-1, max-image-preview:large, max-video-preview:-1\" \/>\n<link rel=\"canonical\" href=\"https:\/\/www.dr-staedtler.de\/sofort-kredit\/arten\/fuer-pilotenausbildung\" \/>\n<meta property=\"og:locale\" content=\"de_DE\" \/>\n<meta property=\"og:type\" content=\"article\" \/>\n<meta property=\"og:title\" content=\"Kredit f\u00fcr Pilotenausbildung - Jetzt kostenlos vergleichen\" \/>\n<meta property=\"og:description\" content=\"Kredit f\u00fcr Pilotenausbildung: Die Ausbildung zum Piloten ist teuer und das Ausbildungsgehalt ist niedrig, ein Sofortkredit hilft aus.\" \/>\n<meta property=\"og:url\" content=\"https:\/\/www.dr-staedtler.de\/sofort-kredit\/arten\/fuer-pilotenausbildung\" \/>\n<meta property=\"og:site_name\" content=\"Sofortkredit\" \/>\n<meta property=\"article:modified_time\" content=\"2017-05-23T10:13:54+00:00\" \/>\n<meta property=\"og:image\" content=\"http:\/\/www.dr-staedtler.de\/sofort-kredit\/wp-content\/uploads\/2012\/08\/pilotenausbildung-300x200.jpg\" \/>\n<meta name=\"twitter:card\" content=\"summary_large_image\" \/>\n<meta name=\"twitter:label1\" content=\"Gesch\u00e4tzte Lesezeit\" \/>\n\t<meta name=\"twitter:data1\" content=\"2\u00a0Minuten\" \/>\n<script type=\"application\/ld+json\" class=\"yoast-schema-graph\">{\"@context\":\"https:\/\/schema.org\",\"@graph\":[{\"@type\":\"WebPage\",\"@id\":\"https:\/\/www.dr-staedtler.de\/sofort-kredit\/arten\/fuer-pilotenausbildung\",\"url\":\"https:\/\/www.dr-staedtler.de\/sofort-kredit\/arten\/fuer-pilotenausbildung\",\"name\":\"Kredit f\u00fcr Pilotenausbildung - Jetzt kostenlos vergleichen\",\"isPartOf\":{\"@id\":\"http:\/\/www.dr-staedtler.de\/sofort-kredit\/#website\"},\"primaryImageOfPage\":{\"@id\":\"https:\/\/www.dr-staedtler.de\/sofort-kredit\/arten\/fuer-pilotenausbildung#primaryimage\"},\"image\":{\"@id\":\"https:\/\/www.dr-staedtler.de\/sofort-kredit\/arten\/fuer-pilotenausbildung#primaryimage\"},\"thumbnailUrl\":\"http:\/\/www.dr-staedtler.de\/sofort-kredit\/wp-content\/uploads\/2012\/08\/pilotenausbildung-300x200.jpg\",\"datePublished\":\"2012-08-30T14:10:59+00:00\",\"dateModified\":\"2017-05-23T10:13:54+00:00\",\"description\":\"Kredit f\u00fcr Pilotenausbildung: Die Ausbildung zum Piloten ist teuer und das Ausbildungsgehalt ist niedrig, ein Sofortkredit hilft aus.\",\"breadcrumb\":{\"@id\":\"https:\/\/www.dr-staedtler.de\/sofort-kredit\/arten\/fuer-pilotenausbildung#breadcrumb\"},\"inLanguage\":\"de\",\"potentialAction\":[{\"@type\":\"ReadAction\",\"target\":[\"https:\/\/www.dr-staedtler.de\/sofort-kredit\/arten\/fuer-pilotenausbildung\"]}]},{\"@type\":\"ImageObject\",\"inLanguage\":\"de\",\"@id\":\"https:\/\/www.dr-staedtler.de\/sofort-kredit\/arten\/fuer-pilotenausbildung#primaryimage\",\"url\":\"http:\/\/www.dr-staedtler.de\/sofort-kredit\/wp-content\/uploads\/2012\/08\/pilotenausbildung.jpg\",\"contentUrl\":\"http:\/\/www.dr-staedtler.de\/sofort-kredit\/wp-content\/uploads\/2012\/08\/pilotenausbildung.jpg\",\"width\":\"424\",\"height\":\"283\",\"caption\":\"Frau bei einer Pilotenausbildung\"},{\"@type\":\"BreadcrumbList\",\"@id\":\"https:\/\/www.dr-staedtler.de\/sofort-kredit\/arten\/fuer-pilotenausbildung#breadcrumb\",\"itemListElement\":[{\"@type\":\"ListItem\",\"position\":1,\"name\":\"Home\",\"item\":\"https:\/\/www.dr-staedtler.de\/sofort-kredit\/\"},{\"@type\":\"ListItem\",\"position\":2,\"name\":\"Diese verschiedenen Kreditarten und Verwendungszwecke gibt es\",\"item\":\"https:\/\/www.dr-staedtler.de\/sofort-kredit\/arten\"},{\"@type\":\"ListItem\",\"position\":3,\"name\":\"Kredit f\u00fcr Pilotenausbildung\"}]},{\"@type\":\"WebSite\",\"@id\":\"http:\/\/www.dr-staedtler.de\/sofort-kredit\/#website\",\"url\":\"http:\/\/www.dr-staedtler.de\/sofort-kredit\/\",\"name\":\"Sofortkredit\",\"description\":\"Der Sofortkredit im unabh\u00e4ngigen Vergleich\",\"potentialAction\":[{\"@type\":\"SearchAction\",\"target\":{\"@type\":\"EntryPoint\",\"urlTemplate\":\"http:\/\/www.dr-staedtler.de\/sofort-kredit\/?s={search_term_string}\"},\"query-input\":{\"@type\":\"PropertyValueSpecification\",\"valueRequired\":true,\"valueName\":\"search_term_string\"}}],\"inLanguage\":\"de\"}]}<\/script>\n<!-- \/ Yoast SEO plugin. -->","yoast_head_json":{"title":"Kredit f\u00fcr Pilotenausbildung - Jetzt kostenlos vergleichen","description":"Kredit f\u00fcr Pilotenausbildung: Die Ausbildung zum Piloten ist teuer und das Ausbildungsgehalt ist niedrig, ein Sofortkredit hilft aus.","robots":{"index":"index","follow":"follow","max-snippet":"max-snippet:-1","max-image-preview":"max-image-preview:large","max-video-preview":"max-video-preview:-1"},"canonical":"https:\/\/www.dr-staedtler.de\/sofort-kredit\/arten\/fuer-pilotenausbildung","og_locale":"de_DE","og_type":"article","og_title":"Kredit f\u00fcr Pilotenausbildung - Jetzt kostenlos vergleichen","og_description":"Kredit f\u00fcr Pilotenausbildung: Die Ausbildung zum Piloten ist teuer und das Ausbildungsgehalt ist niedrig, ein Sofortkredit hilft aus.","og_url":"https:\/\/www.dr-staedtler.de\/sofort-kredit\/arten\/fuer-pilotenausbildung","og_site_name":"Sofortkredit","article_modified_time":"2017-05-23T10:13:54+00:00","og_image":[{"url":"http:\/\/www.dr-staedtler.de\/sofort-kredit\/wp-content\/uploads\/2012\/08\/pilotenausbildung-300x200.jpg","type":"","width":"","height":""}],"twitter_card":"summary_large_image","twitter_misc":{"Gesch\u00e4tzte Lesezeit":"2\u00a0Minuten"},"schema":{"@context":"https:\/\/schema.org","@graph":[{"@type":"WebPage","@id":"https:\/\/www.dr-staedtler.de\/sofort-kredit\/arten\/fuer-pilotenausbildung","url":"https:\/\/www.dr-staedtler.de\/sofort-kredit\/arten\/fuer-pilotenausbildung","name":"Kredit f\u00fcr Pilotenausbildung - Jetzt kostenlos vergleichen","isPartOf":{"@id":"http:\/\/www.dr-staedtler.de\/sofort-kredit\/#website"},"primaryImageOfPage":{"@id":"https:\/\/www.dr-staedtler.de\/sofort-kredit\/arten\/fuer-pilotenausbildung#primaryimage"},"image":{"@id":"https:\/\/www.dr-staedtler.de\/sofort-kredit\/arten\/fuer-pilotenausbildung#primaryimage"},"thumbnailUrl":"http:\/\/www.dr-staedtler.de\/sofort-kredit\/wp-content\/uploads\/2012\/08\/pilotenausbildung-300x200.jpg","datePublished":"2012-08-30T14:10:59+00:00","dateModified":"2017-05-23T10:13:54+00:00","description":"Kredit f\u00fcr Pilotenausbildung: Die Ausbildung zum Piloten ist teuer und das Ausbildungsgehalt ist niedrig, ein Sofortkredit hilft aus.","breadcrumb":{"@id":"https:\/\/www.dr-staedtler.de\/sofort-kredit\/arten\/fuer-pilotenausbildung#breadcrumb"},"inLanguage":"de","potentialAction":[{"@type":"ReadAction","target":["https:\/\/www.dr-staedtler.de\/sofort-kredit\/arten\/fuer-pilotenausbildung"]}]},{"@type":"ImageObject","inLanguage":"de","@id":"https:\/\/www.dr-staedtler.de\/sofort-kredit\/arten\/fuer-pilotenausbildung#primaryimage","url":"http:\/\/www.dr-staedtler.de\/sofort-kredit\/wp-content\/uploads\/2012\/08\/pilotenausbildung.jpg","contentUrl":"http:\/\/www.dr-staedtler.de\/sofort-kredit\/wp-content\/uploads\/2012\/08\/pilotenausbildung.jpg","width":"424","height":"283","caption":"Frau bei einer Pilotenausbildung"},{"@type":"BreadcrumbList","@id":"https:\/\/www.dr-staedtler.de\/sofort-kredit\/arten\/fuer-pilotenausbildung#breadcrumb","itemListElement":[{"@type":"ListItem","position":1,"name":"Home","item":"https:\/\/www.dr-staedtler.de\/sofort-kredit\/"},{"@type":"ListItem","position":2,"name":"Diese verschiedenen Kreditarten und Verwendungszwecke gibt es","item":"https:\/\/www.dr-staedtler.de\/sofort-kredit\/arten"},{"@type":"ListItem","position":3,"name":"Kredit f\u00fcr Pilotenausbildung"}]},{"@type":"WebSite","@id":"http:\/\/www.dr-staedtler.de\/sofort-kredit\/#website","url":"http:\/\/www.dr-staedtler.de\/sofort-kredit\/","name":"Sofortkredit","description":"Der Sofortkredit im unabh\u00e4ngigen Vergleich","potentialAction":[{"@type":"SearchAction","target":{"@type":"EntryPoint","urlTemplate":"http:\/\/www.dr-staedtler.de\/sofort-kredit\/?s={search_term_string}"},"query-input":{"@type":"PropertyValueSpecification","valueRequired":true,"valueName":"search_term_string"}}],"inLanguage":"de"}]}},"_links":{"self":[{"href":"http:\/\/www.dr-staedtler.de\/sofort-kredit\/wp-json\/wp\/v2\/pages\/986","targetHints":{"allow":["GET"]}}],"collection":[{"href":"http:\/\/www.dr-staedtler.de\/sofort-kredit\/wp-json\/wp\/v2\/pages"}],"about":[{"href":"http:\/\/www.dr-staedtler.de\/sofort-kredit\/wp-json\/wp\/v2\/types\/page"}],"author":[{"embeddable":true,"href":"http:\/\/www.dr-staedtler.de\/sofort-kredit\/wp-json\/wp\/v2\/users\/2"}],"replies":[{"embeddable":true,"href":"http:\/\/www.dr-staedtler.de\/sofort-kredit\/wp-json\/wp\/v2\/comments?post=986"}],"version-history":[{"count":3,"href":"http:\/\/www.dr-staedtler.de\/sofort-kredit\/wp-json\/wp\/v2\/pages\/986\/revisions"}],"predecessor-version":[{"id":2555,"href":"http:\/\/www.dr-staedtler.de\/sofort-kredit\/wp-json\/wp\/v2\/pages\/986\/revisions\/2555"}],"up":[{"embeddable":true,"href":"http:\/\/www.dr-staedtler.de\/sofort-kredit\/wp-json\/wp\/v2\/pages\/1081"}],"wp:attachment":[{"href":"http:\/\/www.dr-staedtler.de\/sofort-kredit\/wp-json\/wp\/v2\/media?parent=986"}],"curies":[{"name":"wp","href":"https:\/\/api.w.org\/{rel}","templated":true}]}}