{"id":981,"date":"2012-08-30T15:56:39","date_gmt":"2012-08-30T13:56:39","guid":{"rendered":"http:\/\/www.sofort-kredit.net\/?page_id=981"},"modified":"2017-01-31T12:19:22","modified_gmt":"2017-01-31T10:19:22","slug":"fuer-lehrlinge","status":"publish","type":"page","link":"http:\/\/www.dr-staedtler.de\/sofort-kredit\/arten\/fuer-lehrlinge","title":{"rendered":"Kredit f\u00fcr Lehrlinge"},"content":{"rendered":"<p>Die Ausbildung setzt voraus, dass man sich mit allen Mitteln auf den Lehrstoff konzentriert. Gleichzeitig muss man sich finanzieren. Nebenjobs kosten wiederum Zeit. Ein<strong> Ausbildungskredit<\/strong> hilft:<br \/>\n<script type=\"text\/javascript\">\n    google_ad_client = \"ca-pub-1262936663758648\";\n    google_ad_slot = \"2364144445\";\n    google_ad_width = 720;\n    google_ad_height = 150;\n<\/script><br \/>\n<!-- sofort-kredit-net-schueler --><br \/>\n<script type=\"text\/javascript\"\nsrc=\"\/\/pagead2.googlesyndication.com\/pagead\/show_ads.js\">\n<\/script><br \/>\n<img loading=\"lazy\" decoding=\"async\" class=\"alignleft size-medium wp-image-1250\" style=\"margin-right: 10px; margin-bottom: 8px; border: 1px solid grey;\" title=\"Kredit f\u00fcr Lehrlinge\" src=\"http:\/\/www.dr-staedtler.de\/sofort-kredit\/wp-content\/uploads\/2012\/08\/lehrlingskredit-300x204.jpg\" alt=\"Kredit f\u00fcr Lehrlinge\" width=\"300\" height=\"204\" srcset=\"http:\/\/www.dr-staedtler.de\/sofort-kredit\/wp-content\/uploads\/2012\/08\/lehrlingskredit-300x204.jpg 300w, http:\/\/www.dr-staedtler.de\/sofort-kredit\/wp-content\/uploads\/2012\/08\/lehrlingskredit.jpg 419w\" sizes=\"auto, (max-width: 300px) 100vw, 300px\" \/>Als Lehrling steht der F\u00fchrerschein an, gegebenenfalls eine Urlaubsreise und die erste Wohnung wird bezogen. W\u00fcnsche, die nicht umsonst sind. Das <strong>Ausbildungsgehalt ist gering<\/strong> und viele Lehrlinge m\u00fcssen auf gewisse Vorz\u00fcge verzichten. Ist man nicht dazu bereit, dann ist ein <strong>Kredit f\u00fcr Lehrlinge<\/strong> sinnvoll. Es gibt viele Banken, die sich auf diese Zielgruppe spezialisiert haben und <strong>gr\u00f6\u00dfere Kreditsummen<\/strong> zu wahrhaft <strong>guten Konditionen<\/strong> anbieten. Die Zinsen sind dabei vergleichsweise gering, da ein Lehrling nicht dieselbe Zahlungsf\u00e4higkeit wie ein Berufler hat. Die Banken versprechen sich davon neue Kundschaft f\u00fcr die Zukunft zu gewinnen.<\/p>\n<h2>Wie kann ein Kredit aufgenommen werden?<\/h2>\n<p>Empfehlenswert ist ein <strong>Sofortkredit f\u00fcr Lehrlinge<\/strong>. Das gr\u00f6\u00dfte Problem besteht jedoch darin, dass die <strong>Bonit\u00e4t<\/strong> f\u00fcr gr\u00f6\u00dfere Geldsummen zu niedrig ist. Hier gibt es eine einfache L\u00f6sung. Die Arbeit mit einem <strong>B\u00fcrgen.<\/strong> Der B\u00fcrge sollte dabei eine positive Bonit\u00e4t besitzen, da diese <strong>Sicherheit f\u00fcr jedes Bankinstitut<\/strong> wichtig ist. Der B\u00fcrge kommt automatisch zum Einsatz, findet bei der Tilgung des Kredites ein Zahlungsausfall statt. Ob ein Freund oder die eigenen Eltern, dass kann der Kreditnehmer selber entscheiden. Steht kein B\u00fcrge zur Wahl, dann gibt es f\u00fcr Lehrlinge die M\u00f6glichkeit einen <strong>Sofortkredit mit niedriger Kreditsumme<\/strong> aufzunehmen. Wird beispielsweise ein neues Handy oder ein Computer gekauft, dann ist das finanzielle Risiko f\u00fcr ein Bankinstitut vergleichsweise gering. Ob eine <strong>Kreditsumme<\/strong> in einem Rahmen von 500 Euro oder in einem Rahmen von 1000 Euro, das h\u00e4ngt vom Lehrlingsgehalt ab. Es gibt viele Anbieter, die daf\u00fcr bereit sind.<\/p>\n<h3>Die Vorteile eines Sofortkredites<\/h3>\n<p>Der<strong> Sofortkredit<\/strong> wird <a href=\"http:\/\/www.dr-staedtler.de\/sofort-kredit\">ausschlie\u00dflich \u00fcber das Internet angeboten<\/a>. Er ist aufgebaut wie ein <strong>normaler Ratenkredit<\/strong>. Auch hier kann die Laufzeit individuell ausgew\u00e4hlt werden und die Zinsen variieren je nach Anbieter. Eine Beantragung ist \u00fcber das Internet unkompliziert. Die Entscheidung, ob ein Kredit vergeben werden kann oder nicht f\u00e4llt binnen weniger Stunden, wobei die<strong> kompletten Formalit\u00e4ten<\/strong> \u00fcber den postdualen Weg abgesegnet werden. Ist dieser Prozess durchlaufen, so wird das Geld binnen weniger Tage, im Regelfall zwei Tage auf das Konto \u00fcberwiesen. Zudem gibt es <strong>Sofortkredite die ohne SCHUFA<\/strong> aufgenommen werden k\u00f6nnen. Diese sind vor allem im Ausland zu finden.<\/p>\n","protected":false},"excerpt":{"rendered":"<p>Die Ausbildung setzt voraus, dass man sich mit allen Mitteln auf den Lehrstoff konzentriert. Gleichzeitig muss man sich finanzieren. Nebenjobs kosten wiederum Zeit. Ein Ausbildungskredit hilft: Als Lehrling steht der F\u00fchrerschein an, gegebenenfalls eine Urlaubsreise und die erste Wohnung wird bezogen. W\u00fcnsche, die nicht umsonst sind. Das Ausbildungsgehalt ist gering und viele Lehrlinge m\u00fcssen auf [&hellip;]<\/p>\n","protected":false},"author":2,"featured_media":0,"parent":1081,"menu_order":0,"comment_status":"closed","ping_status":"open","template":"templates\/sidebar-right.php","meta":{"footnotes":""},"class_list":["post-981","page","type-page","status-publish","hentry"],"yoast_head":"<!-- This site is optimized with the Yoast SEO plugin v24.6 - https:\/\/yoast.com\/wordpress\/plugins\/seo\/ -->\n<title>Kredit f\u00fcr Lehrlinge \u25b7 Jetzt g\u00fcnstigen Kredit sichern<\/title>\n<meta name=\"description\" content=\"Kredit f\u00fcr Lehrlinge: Auch Lehrlinge oder Auszubildende ben\u00f6tigen manchmal einen Kredit f\u00fcr ein neues Handy, einen Kurzurlaub und anderes.\" \/>\n<meta name=\"robots\" content=\"index, follow, max-snippet:-1, max-image-preview:large, max-video-preview:-1\" \/>\n<link rel=\"canonical\" href=\"https:\/\/www.dr-staedtler.de\/sofort-kredit\/arten\/fuer-lehrlinge\" \/>\n<meta property=\"og:locale\" content=\"de_DE\" \/>\n<meta property=\"og:type\" content=\"article\" \/>\n<meta property=\"og:title\" content=\"Kredit f\u00fcr Lehrlinge \u25b7 Jetzt g\u00fcnstigen Kredit sichern\" \/>\n<meta property=\"og:description\" content=\"Kredit f\u00fcr Lehrlinge: Auch Lehrlinge oder Auszubildende ben\u00f6tigen manchmal einen Kredit f\u00fcr ein neues Handy, einen Kurzurlaub und anderes.\" \/>\n<meta property=\"og:url\" content=\"https:\/\/www.dr-staedtler.de\/sofort-kredit\/arten\/fuer-lehrlinge\" \/>\n<meta property=\"og:site_name\" content=\"Sofortkredit\" \/>\n<meta property=\"article:modified_time\" content=\"2017-01-31T10:19:22+00:00\" \/>\n<meta property=\"og:image\" content=\"http:\/\/www.dr-staedtler.de\/sofort-kredit\/wp-content\/uploads\/2012\/08\/lehrlingskredit-300x204.jpg\" \/>\n<meta name=\"twitter:card\" content=\"summary_large_image\" \/>\n<meta name=\"twitter:label1\" content=\"Gesch\u00e4tzte Lesezeit\" \/>\n\t<meta name=\"twitter:data1\" content=\"2\u00a0Minuten\" \/>\n<script type=\"application\/ld+json\" class=\"yoast-schema-graph\">{\"@context\":\"https:\/\/schema.org\",\"@graph\":[{\"@type\":\"WebPage\",\"@id\":\"https:\/\/www.dr-staedtler.de\/sofort-kredit\/arten\/fuer-lehrlinge\",\"url\":\"https:\/\/www.dr-staedtler.de\/sofort-kredit\/arten\/fuer-lehrlinge\",\"name\":\"Kredit f\u00fcr Lehrlinge \u25b7 Jetzt g\u00fcnstigen Kredit sichern\",\"isPartOf\":{\"@id\":\"http:\/\/www.dr-staedtler.de\/sofort-kredit\/#website\"},\"primaryImageOfPage\":{\"@id\":\"https:\/\/www.dr-staedtler.de\/sofort-kredit\/arten\/fuer-lehrlinge#primaryimage\"},\"image\":{\"@id\":\"https:\/\/www.dr-staedtler.de\/sofort-kredit\/arten\/fuer-lehrlinge#primaryimage\"},\"thumbnailUrl\":\"http:\/\/www.dr-staedtler.de\/sofort-kredit\/wp-content\/uploads\/2012\/08\/lehrlingskredit-300x204.jpg\",\"datePublished\":\"2012-08-30T13:56:39+00:00\",\"dateModified\":\"2017-01-31T10:19:22+00:00\",\"description\":\"Kredit f\u00fcr Lehrlinge: Auch Lehrlinge oder Auszubildende ben\u00f6tigen manchmal einen Kredit f\u00fcr ein neues Handy, einen Kurzurlaub und anderes.\",\"breadcrumb\":{\"@id\":\"https:\/\/www.dr-staedtler.de\/sofort-kredit\/arten\/fuer-lehrlinge#breadcrumb\"},\"inLanguage\":\"de\",\"potentialAction\":[{\"@type\":\"ReadAction\",\"target\":[\"https:\/\/www.dr-staedtler.de\/sofort-kredit\/arten\/fuer-lehrlinge\"]}]},{\"@type\":\"ImageObject\",\"inLanguage\":\"de\",\"@id\":\"https:\/\/www.dr-staedtler.de\/sofort-kredit\/arten\/fuer-lehrlinge#primaryimage\",\"url\":\"http:\/\/www.dr-staedtler.de\/sofort-kredit\/wp-content\/uploads\/2012\/08\/lehrlingskredit.jpg\",\"contentUrl\":\"http:\/\/www.dr-staedtler.de\/sofort-kredit\/wp-content\/uploads\/2012\/08\/lehrlingskredit.jpg\",\"width\":\"419\",\"height\":\"286\",\"caption\":\"Kredit f\u00fcr Lehrlinge\"},{\"@type\":\"BreadcrumbList\",\"@id\":\"https:\/\/www.dr-staedtler.de\/sofort-kredit\/arten\/fuer-lehrlinge#breadcrumb\",\"itemListElement\":[{\"@type\":\"ListItem\",\"position\":1,\"name\":\"Home\",\"item\":\"https:\/\/www.dr-staedtler.de\/sofort-kredit\/\"},{\"@type\":\"ListItem\",\"position\":2,\"name\":\"Diese verschiedenen Kreditarten und Verwendungszwecke gibt es\",\"item\":\"https:\/\/www.dr-staedtler.de\/sofort-kredit\/arten\"},{\"@type\":\"ListItem\",\"position\":3,\"name\":\"Kredit f\u00fcr Lehrlinge\"}]},{\"@type\":\"WebSite\",\"@id\":\"http:\/\/www.dr-staedtler.de\/sofort-kredit\/#website\",\"url\":\"http:\/\/www.dr-staedtler.de\/sofort-kredit\/\",\"name\":\"Sofortkredit\",\"description\":\"Der Sofortkredit im unabh\u00e4ngigen Vergleich\",\"potentialAction\":[{\"@type\":\"SearchAction\",\"target\":{\"@type\":\"EntryPoint\",\"urlTemplate\":\"http:\/\/www.dr-staedtler.de\/sofort-kredit\/?s={search_term_string}\"},\"query-input\":{\"@type\":\"PropertyValueSpecification\",\"valueRequired\":true,\"valueName\":\"search_term_string\"}}],\"inLanguage\":\"de\"}]}<\/script>\n<!-- \/ Yoast SEO plugin. -->","yoast_head_json":{"title":"Kredit f\u00fcr Lehrlinge \u25b7 Jetzt g\u00fcnstigen Kredit sichern","description":"Kredit f\u00fcr Lehrlinge: Auch Lehrlinge oder Auszubildende ben\u00f6tigen manchmal einen Kredit f\u00fcr ein neues Handy, einen Kurzurlaub und anderes.","robots":{"index":"index","follow":"follow","max-snippet":"max-snippet:-1","max-image-preview":"max-image-preview:large","max-video-preview":"max-video-preview:-1"},"canonical":"https:\/\/www.dr-staedtler.de\/sofort-kredit\/arten\/fuer-lehrlinge","og_locale":"de_DE","og_type":"article","og_title":"Kredit f\u00fcr Lehrlinge \u25b7 Jetzt g\u00fcnstigen Kredit sichern","og_description":"Kredit f\u00fcr Lehrlinge: Auch Lehrlinge oder Auszubildende ben\u00f6tigen manchmal einen Kredit f\u00fcr ein neues Handy, einen Kurzurlaub und anderes.","og_url":"https:\/\/www.dr-staedtler.de\/sofort-kredit\/arten\/fuer-lehrlinge","og_site_name":"Sofortkredit","article_modified_time":"2017-01-31T10:19:22+00:00","og_image":[{"url":"http:\/\/www.dr-staedtler.de\/sofort-kredit\/wp-content\/uploads\/2012\/08\/lehrlingskredit-300x204.jpg","type":"","width":"","height":""}],"twitter_card":"summary_large_image","twitter_misc":{"Gesch\u00e4tzte Lesezeit":"2\u00a0Minuten"},"schema":{"@context":"https:\/\/schema.org","@graph":[{"@type":"WebPage","@id":"https:\/\/www.dr-staedtler.de\/sofort-kredit\/arten\/fuer-lehrlinge","url":"https:\/\/www.dr-staedtler.de\/sofort-kredit\/arten\/fuer-lehrlinge","name":"Kredit f\u00fcr Lehrlinge \u25b7 Jetzt g\u00fcnstigen Kredit sichern","isPartOf":{"@id":"http:\/\/www.dr-staedtler.de\/sofort-kredit\/#website"},"primaryImageOfPage":{"@id":"https:\/\/www.dr-staedtler.de\/sofort-kredit\/arten\/fuer-lehrlinge#primaryimage"},"image":{"@id":"https:\/\/www.dr-staedtler.de\/sofort-kredit\/arten\/fuer-lehrlinge#primaryimage"},"thumbnailUrl":"http:\/\/www.dr-staedtler.de\/sofort-kredit\/wp-content\/uploads\/2012\/08\/lehrlingskredit-300x204.jpg","datePublished":"2012-08-30T13:56:39+00:00","dateModified":"2017-01-31T10:19:22+00:00","description":"Kredit f\u00fcr Lehrlinge: Auch Lehrlinge oder Auszubildende ben\u00f6tigen manchmal einen Kredit f\u00fcr ein neues Handy, einen Kurzurlaub und anderes.","breadcrumb":{"@id":"https:\/\/www.dr-staedtler.de\/sofort-kredit\/arten\/fuer-lehrlinge#breadcrumb"},"inLanguage":"de","potentialAction":[{"@type":"ReadAction","target":["https:\/\/www.dr-staedtler.de\/sofort-kredit\/arten\/fuer-lehrlinge"]}]},{"@type":"ImageObject","inLanguage":"de","@id":"https:\/\/www.dr-staedtler.de\/sofort-kredit\/arten\/fuer-lehrlinge#primaryimage","url":"http:\/\/www.dr-staedtler.de\/sofort-kredit\/wp-content\/uploads\/2012\/08\/lehrlingskredit.jpg","contentUrl":"http:\/\/www.dr-staedtler.de\/sofort-kredit\/wp-content\/uploads\/2012\/08\/lehrlingskredit.jpg","width":"419","height":"286","caption":"Kredit f\u00fcr Lehrlinge"},{"@type":"BreadcrumbList","@id":"https:\/\/www.dr-staedtler.de\/sofort-kredit\/arten\/fuer-lehrlinge#breadcrumb","itemListElement":[{"@type":"ListItem","position":1,"name":"Home","item":"https:\/\/www.dr-staedtler.de\/sofort-kredit\/"},{"@type":"ListItem","position":2,"name":"Diese verschiedenen Kreditarten und Verwendungszwecke gibt es","item":"https:\/\/www.dr-staedtler.de\/sofort-kredit\/arten"},{"@type":"ListItem","position":3,"name":"Kredit f\u00fcr Lehrlinge"}]},{"@type":"WebSite","@id":"http:\/\/www.dr-staedtler.de\/sofort-kredit\/#website","url":"http:\/\/www.dr-staedtler.de\/sofort-kredit\/","name":"Sofortkredit","description":"Der Sofortkredit im unabh\u00e4ngigen Vergleich","potentialAction":[{"@type":"SearchAction","target":{"@type":"EntryPoint","urlTemplate":"http:\/\/www.dr-staedtler.de\/sofort-kredit\/?s={search_term_string}"},"query-input":{"@type":"PropertyValueSpecification","valueRequired":true,"valueName":"search_term_string"}}],"inLanguage":"de"}]}},"_links":{"self":[{"href":"http:\/\/www.dr-staedtler.de\/sofort-kredit\/wp-json\/wp\/v2\/pages\/981","targetHints":{"allow":["GET"]}}],"collection":[{"href":"http:\/\/www.dr-staedtler.de\/sofort-kredit\/wp-json\/wp\/v2\/pages"}],"about":[{"href":"http:\/\/www.dr-staedtler.de\/sofort-kredit\/wp-json\/wp\/v2\/types\/page"}],"author":[{"embeddable":true,"href":"http:\/\/www.dr-staedtler.de\/sofort-kredit\/wp-json\/wp\/v2\/users\/2"}],"replies":[{"embeddable":true,"href":"http:\/\/www.dr-staedtler.de\/sofort-kredit\/wp-json\/wp\/v2\/comments?post=981"}],"version-history":[{"count":1,"href":"http:\/\/www.dr-staedtler.de\/sofort-kredit\/wp-json\/wp\/v2\/pages\/981\/revisions"}],"predecessor-version":[{"id":2112,"href":"http:\/\/www.dr-staedtler.de\/sofort-kredit\/wp-json\/wp\/v2\/pages\/981\/revisions\/2112"}],"up":[{"embeddable":true,"href":"http:\/\/www.dr-staedtler.de\/sofort-kredit\/wp-json\/wp\/v2\/pages\/1081"}],"wp:attachment":[{"href":"http:\/\/www.dr-staedtler.de\/sofort-kredit\/wp-json\/wp\/v2\/media?parent=981"}],"curies":[{"name":"wp","href":"https:\/\/api.w.org\/{rel}","templated":true}]}}