{"id":98,"date":"2010-06-22T23:37:09","date_gmt":"2010-06-22T21:37:09","guid":{"rendered":"http:\/\/www.sofort-kredit.net\/?page_id=98"},"modified":"2017-03-25T21:43:34","modified_gmt":"2017-03-25T19:43:34","slug":"bank-sofortkredit","status":"publish","type":"page","link":"http:\/\/www.dr-staedtler.de\/sofort-kredit\/bank-sofortkredit","title":{"rendered":"Sofortkredit bei einer Bank anfragen und beantragen"},"content":{"rendered":"<p>Wer bei einer Bank einen Sofortkredit beantragt, hat daf\u00fcr meist einen triftigen Grund: Er braucht schnell und unkompliziert Geld. Im Vergleich zu einem normalen Bankkredit wird ein Sofortkredit wesentlich schneller und einfacher vergeben \u2013 oftmals sogar, ohne dass dabei <a href=\"http:\/\/www.dr-staedtler.de\/sofort-kredit\/sofort-kredit-ohne-schufa\">die Schufa abgefragt<\/a> wird. Gerade deshalb eignet sich der Sofortkredit auch f\u00fcr Menschen, die sich in einer finanziell schwierigeren Situation befinden:<br \/>\n<a href=\"kreditrechner\"><img decoding=\"async\" src=\"http:\/\/www.dr-staedtler.de\/sofort-kredit\/zumvergleich.png\" alt=\"Zum Sofortkredit Rechner\" \/><\/a><\/p>\n<h2>Viele Sofortkredit Angebote auf dem deutschen Markt<\/h2>\n<p>Mittlerweile gibt es f\u00fcr den Sofortkredit zahlreiche Angebote. Nahezu jedes Kreditinstitut bietet einen solchen Kredit zur Finanzierung pers\u00f6nlicher W\u00fcnsche an \u2013 und vor allem Direktbanken im Internet werden mit dem <a href=\"http:\/\/www.dr-staedtler.de\/sofort-kredit\/sofort-kredit-online\">Online Sofortkredit<\/a>, bei dem die Kreditzu- oder \u2013absage meist sofort nach Eingabe der pers\u00f6nlichen Daten erfolgt. In der Regel erfolgt die Entscheidung \u00fcber einen Sofortkredit innerhalb weniger Minuten oder Stunden. Oft auch direkt online.<\/p>\n<h3>Die Auszahlung zieht sich meistens hin<\/h3>\n<p><img loading=\"lazy\" decoding=\"async\" class=\"alignright size-medium wp-image-282\" title=\"Sofortkredit von Banken erhalten\" src=\"http:\/\/www.dr-staedtler.de\/sofort-kredit\/wp-content\/uploads\/2010\/06\/Sofortkredit-von-Banken-300x200.jpg\" alt=\"Sofortkredit von Banken erhalten\" width=\"270\" height=\"180\" srcset=\"http:\/\/www.dr-staedtler.de\/sofort-kredit\/wp-content\/uploads\/2010\/06\/Sofortkredit-von-Banken-300x200.jpg 300w, http:\/\/www.dr-staedtler.de\/sofort-kredit\/wp-content\/uploads\/2010\/06\/Sofortkredit-von-Banken.jpg 424w\" sizes=\"auto, (max-width: 270px) 100vw, 270px\" \/>Dies bedeutet jedoch noch nicht, dass man das Geld auch in so kurzer Zeit bereits in den H\u00e4nden h\u00e4lt. Denn die Sofortzusage ist nichts anderes als eine vorl\u00e4ufige Zustimmung der Bank. Um den Sofortkredit wirklich zu bekommen, m\u00fcssen, wie bei einem anderen Kredit auch, Formulare ausgef\u00fcllt und Unterlagen eingereicht werden. Heutzutage bieten einige Banken aber bereits online Identifikationsverfahren wie Online-Video-Ident und die Einreichung der Kreditunterlagen \u00fcber das Internet an.<\/p>\n<h3>Rating durch Bank-Angestellte per E-Mail<\/h3>\n<p>Zun\u00e4chst vergibt die Bank ein so genanntes Rating \u2013 sprich, sie beurteilt anhand der gemachten Angaben die Bonit\u00e4t des Antragstellers. Dann erh\u00e4lt dieser ein individuelles Kreditangebot (h\u00e4ufig per E-Mail), das er unterschreiben und zusammen mit den erforderlichen Unterlagen wie Gehaltsnachweisen etc. bei der Bank per Post einreichen muss. Liegen der Bank alle Dokumente vollst\u00e4ndig vor, pr\u00fcft sie den Antrag nochmals \u2013 und erst dann kommt es zur Geldauszahlung. Zwar ist die Bearbeitungszeit k\u00fcrzer als bei einem klassischen Kredit \u2013 jedoch sollte man dennoch etwas Zeit bis zur Auszahlung des gew\u00fcnschten Geldes einplanen.<\/p>\n<h3>R\u00fcckzahlung<\/h3>\n<p>Die R\u00fcckzahlung des Kredites erfolgt wie bei einem Ratenkredit in monatlichen Raten. Die H\u00f6he der Raten ist dabei abh\u00e4ngig von der Kreditsumme sowie von der gew\u00e4hlten Laufzeit und dem angebotenen Zinssatz. Je kurzfristiger der Kredit, desto h\u00f6her fallen in der Regel auch die Zinsen aus.<\/p>\n<h2>Vergleichen der Angebote lohnt sich<\/h2>\n<p>Es lohnt sich, die <a href=\"http:\/\/www.dr-staedtler.de\/sofort-kredit\/\">verschiedenen Kreditangebote der Banken miteinander zu vergleichen<\/a>, bevor man sich f\u00fcr ein Angebot entscheidet. Die Zinskonditionen weichen teilweise erheblich voneinander ab. Im Internet gibt es neben unserer Internetseite auch zahlreiche weitere M\u00f6glichkeiten, um einen entsprechenden Kreditvergleich durchzuf\u00fchren.<\/p>\n<p>Weiterf\u00fchrende Informationen:<\/p>\n<ul>\n<li><a href=\"http:\/\/www.monetos.de\/finanzierung\/kredit\/\">http:\/\/www.monetos.de\/<\/a><\/li>\n<li><a href=\"http:\/\/www.geldmarie.at\/banken\/\">http:\/\/www.geldmarie.at\/<\/a><\/li>\n<\/ul>\n","protected":false},"excerpt":{"rendered":"<p>Wer bei einer Bank einen Sofortkredit beantragt, hat daf\u00fcr meist einen triftigen Grund: Er braucht schnell und unkompliziert Geld. Im Vergleich zu einem normalen Bankkredit wird ein Sofortkredit wesentlich schneller und einfacher vergeben \u2013 oftmals sogar, ohne dass dabei die Schufa abgefragt wird. Gerade deshalb eignet sich der Sofortkredit auch f\u00fcr Menschen, die sich in [&hellip;]<\/p>\n","protected":false},"author":2,"featured_media":0,"parent":0,"menu_order":0,"comment_status":"closed","ping_status":"open","template":"templates\/sidebar-right.php","meta":{"footnotes":""},"class_list":["post-98","page","type-page","status-publish","hentry"],"yoast_head":"<!-- This site is optimized with the Yoast SEO plugin v24.6 - https:\/\/yoast.com\/wordpress\/plugins\/seo\/ -->\n<title>\u25b7 Bank Sofortkredit mit Niedrig-Zins \u25b7 Online-Sofortzusage<\/title>\n<meta name=\"description\" content=\"Sofortkredit von Banken im Internet \u2714 100% Unabh\u00e4ngiger und kostenloser Vergleich \u2714 Niedrig-Zinsen sichern und viel Geld sparen\" \/>\n<meta name=\"robots\" content=\"index, follow, max-snippet:-1, max-image-preview:large, max-video-preview:-1\" \/>\n<link rel=\"canonical\" href=\"https:\/\/www.dr-staedtler.de\/sofort-kredit\/bank-sofortkredit\" \/>\n<meta property=\"og:locale\" content=\"de_DE\" \/>\n<meta property=\"og:type\" content=\"article\" \/>\n<meta property=\"og:title\" content=\"\u25b7 Bank Sofortkredit mit Niedrig-Zins \u25b7 Online-Sofortzusage\" \/>\n<meta property=\"og:description\" content=\"Sofortkredit von Banken im Internet \u2714 100% Unabh\u00e4ngiger und kostenloser Vergleich \u2714 Niedrig-Zinsen sichern und viel Geld sparen\" \/>\n<meta property=\"og:url\" content=\"https:\/\/www.dr-staedtler.de\/sofort-kredit\/bank-sofortkredit\" \/>\n<meta property=\"og:site_name\" content=\"Sofortkredit\" \/>\n<meta property=\"article:modified_time\" content=\"2017-03-25T19:43:34+00:00\" \/>\n<meta property=\"og:image\" content=\"http:\/\/www.dr-staedtler.de\/sofort-kredit\/zumvergleich.png\" \/>\n<meta name=\"twitter:card\" content=\"summary_large_image\" \/>\n<meta name=\"twitter:label1\" content=\"Gesch\u00e4tzte Lesezeit\" \/>\n\t<meta name=\"twitter:data1\" content=\"2\u00a0Minuten\" \/>\n<script type=\"application\/ld+json\" class=\"yoast-schema-graph\">{\"@context\":\"https:\/\/schema.org\",\"@graph\":[{\"@type\":\"WebPage\",\"@id\":\"https:\/\/www.dr-staedtler.de\/sofort-kredit\/bank-sofortkredit\",\"url\":\"https:\/\/www.dr-staedtler.de\/sofort-kredit\/bank-sofortkredit\",\"name\":\"\u25b7 Bank Sofortkredit mit Niedrig-Zins \u25b7 Online-Sofortzusage\",\"isPartOf\":{\"@id\":\"http:\/\/www.dr-staedtler.de\/sofort-kredit\/#website\"},\"primaryImageOfPage\":{\"@id\":\"https:\/\/www.dr-staedtler.de\/sofort-kredit\/bank-sofortkredit#primaryimage\"},\"image\":{\"@id\":\"https:\/\/www.dr-staedtler.de\/sofort-kredit\/bank-sofortkredit#primaryimage\"},\"thumbnailUrl\":\"http:\/\/www.dr-staedtler.de\/sofort-kredit\/zumvergleich.png\",\"datePublished\":\"2010-06-22T21:37:09+00:00\",\"dateModified\":\"2017-03-25T19:43:34+00:00\",\"description\":\"Sofortkredit von Banken im Internet \u2714 100% Unabh\u00e4ngiger und kostenloser Vergleich \u2714 Niedrig-Zinsen sichern und viel Geld sparen\",\"breadcrumb\":{\"@id\":\"https:\/\/www.dr-staedtler.de\/sofort-kredit\/bank-sofortkredit#breadcrumb\"},\"inLanguage\":\"de\",\"potentialAction\":[{\"@type\":\"ReadAction\",\"target\":[\"https:\/\/www.dr-staedtler.de\/sofort-kredit\/bank-sofortkredit\"]}]},{\"@type\":\"ImageObject\",\"inLanguage\":\"de\",\"@id\":\"https:\/\/www.dr-staedtler.de\/sofort-kredit\/bank-sofortkredit#primaryimage\",\"url\":\"http:\/\/www.dr-staedtler.de\/sofort-kredit\/zumvergleich.png\",\"contentUrl\":\"http:\/\/www.dr-staedtler.de\/sofort-kredit\/zumvergleich.png\"},{\"@type\":\"BreadcrumbList\",\"@id\":\"https:\/\/www.dr-staedtler.de\/sofort-kredit\/bank-sofortkredit#breadcrumb\",\"itemListElement\":[{\"@type\":\"ListItem\",\"position\":1,\"name\":\"Home\",\"item\":\"https:\/\/www.dr-staedtler.de\/sofort-kredit\/\"},{\"@type\":\"ListItem\",\"position\":2,\"name\":\"Sofortkredit bei einer Bank anfragen und beantragen\"}]},{\"@type\":\"WebSite\",\"@id\":\"http:\/\/www.dr-staedtler.de\/sofort-kredit\/#website\",\"url\":\"http:\/\/www.dr-staedtler.de\/sofort-kredit\/\",\"name\":\"Sofortkredit\",\"description\":\"Der Sofortkredit im unabh\u00e4ngigen Vergleich\",\"potentialAction\":[{\"@type\":\"SearchAction\",\"target\":{\"@type\":\"EntryPoint\",\"urlTemplate\":\"http:\/\/www.dr-staedtler.de\/sofort-kredit\/?s={search_term_string}\"},\"query-input\":{\"@type\":\"PropertyValueSpecification\",\"valueRequired\":true,\"valueName\":\"search_term_string\"}}],\"inLanguage\":\"de\"}]}<\/script>\n<!-- \/ Yoast SEO plugin. -->","yoast_head_json":{"title":"\u25b7 Bank Sofortkredit mit Niedrig-Zins \u25b7 Online-Sofortzusage","description":"Sofortkredit von Banken im Internet \u2714 100% Unabh\u00e4ngiger und kostenloser Vergleich \u2714 Niedrig-Zinsen sichern und viel Geld sparen","robots":{"index":"index","follow":"follow","max-snippet":"max-snippet:-1","max-image-preview":"max-image-preview:large","max-video-preview":"max-video-preview:-1"},"canonical":"https:\/\/www.dr-staedtler.de\/sofort-kredit\/bank-sofortkredit","og_locale":"de_DE","og_type":"article","og_title":"\u25b7 Bank Sofortkredit mit Niedrig-Zins \u25b7 Online-Sofortzusage","og_description":"Sofortkredit von Banken im Internet \u2714 100% Unabh\u00e4ngiger und kostenloser Vergleich \u2714 Niedrig-Zinsen sichern und viel Geld sparen","og_url":"https:\/\/www.dr-staedtler.de\/sofort-kredit\/bank-sofortkredit","og_site_name":"Sofortkredit","article_modified_time":"2017-03-25T19:43:34+00:00","og_image":[{"url":"http:\/\/www.dr-staedtler.de\/sofort-kredit\/zumvergleich.png","type":"","width":"","height":""}],"twitter_card":"summary_large_image","twitter_misc":{"Gesch\u00e4tzte Lesezeit":"2\u00a0Minuten"},"schema":{"@context":"https:\/\/schema.org","@graph":[{"@type":"WebPage","@id":"https:\/\/www.dr-staedtler.de\/sofort-kredit\/bank-sofortkredit","url":"https:\/\/www.dr-staedtler.de\/sofort-kredit\/bank-sofortkredit","name":"\u25b7 Bank Sofortkredit mit Niedrig-Zins \u25b7 Online-Sofortzusage","isPartOf":{"@id":"http:\/\/www.dr-staedtler.de\/sofort-kredit\/#website"},"primaryImageOfPage":{"@id":"https:\/\/www.dr-staedtler.de\/sofort-kredit\/bank-sofortkredit#primaryimage"},"image":{"@id":"https:\/\/www.dr-staedtler.de\/sofort-kredit\/bank-sofortkredit#primaryimage"},"thumbnailUrl":"http:\/\/www.dr-staedtler.de\/sofort-kredit\/zumvergleich.png","datePublished":"2010-06-22T21:37:09+00:00","dateModified":"2017-03-25T19:43:34+00:00","description":"Sofortkredit von Banken im Internet \u2714 100% Unabh\u00e4ngiger und kostenloser Vergleich \u2714 Niedrig-Zinsen sichern und viel Geld sparen","breadcrumb":{"@id":"https:\/\/www.dr-staedtler.de\/sofort-kredit\/bank-sofortkredit#breadcrumb"},"inLanguage":"de","potentialAction":[{"@type":"ReadAction","target":["https:\/\/www.dr-staedtler.de\/sofort-kredit\/bank-sofortkredit"]}]},{"@type":"ImageObject","inLanguage":"de","@id":"https:\/\/www.dr-staedtler.de\/sofort-kredit\/bank-sofortkredit#primaryimage","url":"http:\/\/www.dr-staedtler.de\/sofort-kredit\/zumvergleich.png","contentUrl":"http:\/\/www.dr-staedtler.de\/sofort-kredit\/zumvergleich.png"},{"@type":"BreadcrumbList","@id":"https:\/\/www.dr-staedtler.de\/sofort-kredit\/bank-sofortkredit#breadcrumb","itemListElement":[{"@type":"ListItem","position":1,"name":"Home","item":"https:\/\/www.dr-staedtler.de\/sofort-kredit\/"},{"@type":"ListItem","position":2,"name":"Sofortkredit bei einer Bank anfragen und beantragen"}]},{"@type":"WebSite","@id":"http:\/\/www.dr-staedtler.de\/sofort-kredit\/#website","url":"http:\/\/www.dr-staedtler.de\/sofort-kredit\/","name":"Sofortkredit","description":"Der Sofortkredit im unabh\u00e4ngigen Vergleich","potentialAction":[{"@type":"SearchAction","target":{"@type":"EntryPoint","urlTemplate":"http:\/\/www.dr-staedtler.de\/sofort-kredit\/?s={search_term_string}"},"query-input":{"@type":"PropertyValueSpecification","valueRequired":true,"valueName":"search_term_string"}}],"inLanguage":"de"}]}},"_links":{"self":[{"href":"http:\/\/www.dr-staedtler.de\/sofort-kredit\/wp-json\/wp\/v2\/pages\/98","targetHints":{"allow":["GET"]}}],"collection":[{"href":"http:\/\/www.dr-staedtler.de\/sofort-kredit\/wp-json\/wp\/v2\/pages"}],"about":[{"href":"http:\/\/www.dr-staedtler.de\/sofort-kredit\/wp-json\/wp\/v2\/types\/page"}],"author":[{"embeddable":true,"href":"http:\/\/www.dr-staedtler.de\/sofort-kredit\/wp-json\/wp\/v2\/users\/2"}],"replies":[{"embeddable":true,"href":"http:\/\/www.dr-staedtler.de\/sofort-kredit\/wp-json\/wp\/v2\/comments?post=98"}],"version-history":[{"count":4,"href":"http:\/\/www.dr-staedtler.de\/sofort-kredit\/wp-json\/wp\/v2\/pages\/98\/revisions"}],"predecessor-version":[{"id":2511,"href":"http:\/\/www.dr-staedtler.de\/sofort-kredit\/wp-json\/wp\/v2\/pages\/98\/revisions\/2511"}],"wp:attachment":[{"href":"http:\/\/www.dr-staedtler.de\/sofort-kredit\/wp-json\/wp\/v2\/media?parent=98"}],"curies":[{"name":"wp","href":"https:\/\/api.w.org\/{rel}","templated":true}]}}