{"id":979,"date":"2012-08-28T13:13:12","date_gmt":"2012-08-28T11:13:12","guid":{"rendered":"http:\/\/www.sofort-kredit.net\/?page_id=979"},"modified":"2017-05-23T12:16:08","modified_gmt":"2017-05-23T10:16:08","slug":"fuer-trockner","status":"publish","type":"page","link":"http:\/\/www.dr-staedtler.de\/sofort-kredit\/arten\/fuer-trockner","title":{"rendered":"Kredit f\u00fcr Trockner"},"content":{"rendered":"<p><strong>Trockner<\/strong> geh\u00f6ren in jeden Haushalt. Je h\u00f6her die Energieeffizienzklasse ist, desto teurer wird ein Trockner. Je g\u00fcnstiger der Trockner ist, desto h\u00f6her sind die Betriebskosten. Also doch lieber investieren und ein teures Ger\u00e4t kaufen. Die Finanzierung gestaltet sich <strong>mit einem Sofortkredit einfach.<\/strong><br \/>\n<script defer=\"\" async=\"\" data-affiliateid=\"9e1fdf7f\" data-placementid=\"783582278\" data-amount=\"1000\" data-category=\"\" data-duration=\"24\" src=\"https:\/\/www.smava.de\/pp\/smava-kreditvergleich\/main.js\"><\/script><br \/>\nEs gibt <strong>zahlreiche Darlehen<\/strong>, die f\u00fcr eine kleinere Anschaffung geeignet sind. Der Kredit wird automatisch gew\u00e4hrt, handelt es sich um einen <strong>Finanzkauf<\/strong>. Geeignet ist der Kleinkredit, genauso wie der <strong>Sofortkredit f\u00fcr Trockner<\/strong>. Der Kleinkredit hat lediglich den Nachteil, dass maximal 10.000 Euro zur Verf\u00fcgung gestellt werden. Hier kann ein Sofortkredit <a href=\"http:\/\/www.dr-staedtler.de\/sofort-kredit\">deutlich bessere Konditionen<\/a> bieten. Wenn ein W\u00e4schetrockner gekauft wird, dann sollte immer ein Ger\u00e4t angeschafft werden, welches eine hohe Energieeffizienz aufweisen kann. So beispielsweise die Energieklasse A oder A++. K\u00e4ufer werden dadurch viel Geld sparen. Voraussetzungen, die bei einem<strong> Kredit ungemein wichtig<\/strong> sind.<\/p>\n<h2>Wie gestaltet sich der Kauf mit einem Sofortkredit?<\/h2>\n<p><img loading=\"lazy\" decoding=\"async\" class=\"alignleft size-medium wp-image-1151\" style=\"margin-right: 10px; margin-bottom: 8px; border: 1px solid grey;\" title=\"Finanzierung des neuen Trockners\" src=\"http:\/\/www.dr-staedtler.de\/sofort-kredit\/wp-content\/uploads\/2012\/08\/trockner-300x200.jpg\" alt=\"Finanzierung des neuen Trockners\" width=\"300\" height=\"200\" srcset=\"http:\/\/www.dr-staedtler.de\/sofort-kredit\/wp-content\/uploads\/2012\/08\/trockner-300x200.jpg 300w, http:\/\/www.dr-staedtler.de\/sofort-kredit\/wp-content\/uploads\/2012\/08\/trockner.jpg 424w\" sizes=\"auto, (max-width: 300px) 100vw, 300px\" \/>Ein <strong>Sofortkredit<\/strong> kann innerhalb von 48 Stunden ausgezahlt werden. Damit der <strong>g\u00fcnstigste Zinssatz<\/strong> gefunden wird ist ein unabh\u00e4ngiger und <strong>objektiver Vergleich<\/strong> sinnvoll. Dabei gilt es auf den <strong>effektiven Zins und den Sollzins<\/strong> zu achten. Je niedriger der Zinssatz ist, desto geringer sind die Schulden. Eine zus\u00e4tzlich individuell angepasste Ratenzahlung erm\u00f6glicht <strong>finanzielle Flexibilit\u00e4t.<\/strong> Die Aufnahme eines Kredites bedeutet immer eine zus\u00e4tzliche Verschuldung. Achten Sie daher auf eine gute Refinanzierung. Nur wenn die Einnahmen mit den Ausgaben verrechnet werden k\u00f6nnen, ohne dass der eigene Lebensstandard stark geschw\u00e4cht wird ist die Aufnahme eines Kredites sinnvoll. Andernfalls ist davon abzuraten.<\/p>\n<h3>Einen Sofortkredit trotz negativer Bonit\u00e4t aufnehmen<\/h3>\n<p>Bei einem<strong> Sofortkredit f\u00fcr Trockner<\/strong> wird im Regelfall vorausgesetzt dass die <strong>Bonit\u00e4t positiv<\/strong> ist. Sollte die <strong>SCHUFA negativ<\/strong> sein, dann gibt es spezielle Anbieter, die sich auf dieses Gebiet spezialisiert haben. Verbraucher, die Tarife mit sehr guten Inhalten und sehr guten Leistungen suchen sollten <strong>Vergleichsrechner nutzen.<\/strong> Jeder <a href=\"http:\/\/www.dr-staedtler.de\/sofort-kredit\">Vergleichsrechner kann kostenlos und unabh\u00e4ngig<\/a> bedient werden. Diese Voraussetzung ist die wichtigste, wird ein Kredit mit guten Konditionen gesucht. Ob daf\u00fcr ein <strong>variabler oder festgesetzter Zinssatz<\/strong> genutzt wird, das sollte der Kreditnehmer selber entscheiden. Ein fester Zins sorgt f\u00fcr keine Schwankungen, wird der Leitzins der EZB variiert.<\/p>\n","protected":false},"excerpt":{"rendered":"<p>Trockner geh\u00f6ren in jeden Haushalt. Je h\u00f6her die Energieeffizienzklasse ist, desto teurer wird ein Trockner. Je g\u00fcnstiger der Trockner ist, desto h\u00f6her sind die Betriebskosten. Also doch lieber investieren und ein teures Ger\u00e4t kaufen. Die Finanzierung gestaltet sich mit einem Sofortkredit einfach. Es gibt zahlreiche Darlehen, die f\u00fcr eine kleinere Anschaffung geeignet sind. Der Kredit [&hellip;]<\/p>\n","protected":false},"author":2,"featured_media":0,"parent":1081,"menu_order":0,"comment_status":"closed","ping_status":"open","template":"templates\/sidebar-right.php","meta":{"footnotes":""},"class_list":["post-979","page","type-page","status-publish","hentry"],"yoast_head":"<!-- This site is optimized with the Yoast SEO plugin v24.6 - https:\/\/yoast.com\/wordpress\/plugins\/seo\/ -->\n<title>Kredit f\u00fcr Trockner - Online finden und beantragen<\/title>\n<meta name=\"description\" content=\"Kredit f\u00fcr Trockner - Wenn der Trockner kaputt ist, muss mit einem Sofortkredit schnell ein neues Ger\u00e4t gekauft werden. Wenn das Bargeld fehlt, hilft ein Kredit.\" \/>\n<meta name=\"robots\" content=\"index, follow, max-snippet:-1, max-image-preview:large, max-video-preview:-1\" \/>\n<link rel=\"canonical\" href=\"https:\/\/www.dr-staedtler.de\/sofort-kredit\/arten\/fuer-trockner\" \/>\n<meta property=\"og:locale\" content=\"de_DE\" \/>\n<meta property=\"og:type\" content=\"article\" \/>\n<meta property=\"og:title\" content=\"Kredit f\u00fcr Trockner - Online finden und beantragen\" \/>\n<meta property=\"og:description\" content=\"Kredit f\u00fcr Trockner - Wenn der Trockner kaputt ist, muss mit einem Sofortkredit schnell ein neues Ger\u00e4t gekauft werden. Wenn das Bargeld fehlt, hilft ein Kredit.\" \/>\n<meta property=\"og:url\" content=\"https:\/\/www.dr-staedtler.de\/sofort-kredit\/arten\/fuer-trockner\" \/>\n<meta property=\"og:site_name\" content=\"Sofortkredit\" \/>\n<meta property=\"article:modified_time\" content=\"2017-05-23T10:16:08+00:00\" \/>\n<meta property=\"og:image\" content=\"http:\/\/www.dr-staedtler.de\/sofort-kredit\/wp-content\/uploads\/2012\/08\/trockner-300x200.jpg\" \/>\n<meta name=\"twitter:card\" content=\"summary_large_image\" \/>\n<meta name=\"twitter:label1\" content=\"Gesch\u00e4tzte Lesezeit\" \/>\n\t<meta name=\"twitter:data1\" content=\"2\u00a0Minuten\" \/>\n<script type=\"application\/ld+json\" class=\"yoast-schema-graph\">{\"@context\":\"https:\/\/schema.org\",\"@graph\":[{\"@type\":\"WebPage\",\"@id\":\"https:\/\/www.dr-staedtler.de\/sofort-kredit\/arten\/fuer-trockner\",\"url\":\"https:\/\/www.dr-staedtler.de\/sofort-kredit\/arten\/fuer-trockner\",\"name\":\"Kredit f\u00fcr Trockner - Online finden und beantragen\",\"isPartOf\":{\"@id\":\"http:\/\/www.dr-staedtler.de\/sofort-kredit\/#website\"},\"primaryImageOfPage\":{\"@id\":\"https:\/\/www.dr-staedtler.de\/sofort-kredit\/arten\/fuer-trockner#primaryimage\"},\"image\":{\"@id\":\"https:\/\/www.dr-staedtler.de\/sofort-kredit\/arten\/fuer-trockner#primaryimage\"},\"thumbnailUrl\":\"http:\/\/www.dr-staedtler.de\/sofort-kredit\/wp-content\/uploads\/2012\/08\/trockner-300x200.jpg\",\"datePublished\":\"2012-08-28T11:13:12+00:00\",\"dateModified\":\"2017-05-23T10:16:08+00:00\",\"description\":\"Kredit f\u00fcr Trockner - Wenn der Trockner kaputt ist, muss mit einem Sofortkredit schnell ein neues Ger\u00e4t gekauft werden. Wenn das Bargeld fehlt, hilft ein Kredit.\",\"breadcrumb\":{\"@id\":\"https:\/\/www.dr-staedtler.de\/sofort-kredit\/arten\/fuer-trockner#breadcrumb\"},\"inLanguage\":\"de\",\"potentialAction\":[{\"@type\":\"ReadAction\",\"target\":[\"https:\/\/www.dr-staedtler.de\/sofort-kredit\/arten\/fuer-trockner\"]}]},{\"@type\":\"ImageObject\",\"inLanguage\":\"de\",\"@id\":\"https:\/\/www.dr-staedtler.de\/sofort-kredit\/arten\/fuer-trockner#primaryimage\",\"url\":\"http:\/\/www.dr-staedtler.de\/sofort-kredit\/wp-content\/uploads\/2012\/08\/trockner.jpg\",\"contentUrl\":\"http:\/\/www.dr-staedtler.de\/sofort-kredit\/wp-content\/uploads\/2012\/08\/trockner.jpg\",\"width\":\"424\",\"height\":\"283\",\"caption\":\"Finanzierung des neuen Trockners\"},{\"@type\":\"BreadcrumbList\",\"@id\":\"https:\/\/www.dr-staedtler.de\/sofort-kredit\/arten\/fuer-trockner#breadcrumb\",\"itemListElement\":[{\"@type\":\"ListItem\",\"position\":1,\"name\":\"Home\",\"item\":\"https:\/\/www.dr-staedtler.de\/sofort-kredit\/\"},{\"@type\":\"ListItem\",\"position\":2,\"name\":\"Diese verschiedenen Kreditarten und Verwendungszwecke gibt es\",\"item\":\"https:\/\/www.dr-staedtler.de\/sofort-kredit\/arten\"},{\"@type\":\"ListItem\",\"position\":3,\"name\":\"Kredit f\u00fcr Trockner\"}]},{\"@type\":\"WebSite\",\"@id\":\"http:\/\/www.dr-staedtler.de\/sofort-kredit\/#website\",\"url\":\"http:\/\/www.dr-staedtler.de\/sofort-kredit\/\",\"name\":\"Sofortkredit\",\"description\":\"Der Sofortkredit im unabh\u00e4ngigen Vergleich\",\"potentialAction\":[{\"@type\":\"SearchAction\",\"target\":{\"@type\":\"EntryPoint\",\"urlTemplate\":\"http:\/\/www.dr-staedtler.de\/sofort-kredit\/?s={search_term_string}\"},\"query-input\":{\"@type\":\"PropertyValueSpecification\",\"valueRequired\":true,\"valueName\":\"search_term_string\"}}],\"inLanguage\":\"de\"}]}<\/script>\n<!-- \/ Yoast SEO plugin. -->","yoast_head_json":{"title":"Kredit f\u00fcr Trockner - Online finden und beantragen","description":"Kredit f\u00fcr Trockner - Wenn der Trockner kaputt ist, muss mit einem Sofortkredit schnell ein neues Ger\u00e4t gekauft werden. Wenn das Bargeld fehlt, hilft ein Kredit.","robots":{"index":"index","follow":"follow","max-snippet":"max-snippet:-1","max-image-preview":"max-image-preview:large","max-video-preview":"max-video-preview:-1"},"canonical":"https:\/\/www.dr-staedtler.de\/sofort-kredit\/arten\/fuer-trockner","og_locale":"de_DE","og_type":"article","og_title":"Kredit f\u00fcr Trockner - Online finden und beantragen","og_description":"Kredit f\u00fcr Trockner - Wenn der Trockner kaputt ist, muss mit einem Sofortkredit schnell ein neues Ger\u00e4t gekauft werden. Wenn das Bargeld fehlt, hilft ein Kredit.","og_url":"https:\/\/www.dr-staedtler.de\/sofort-kredit\/arten\/fuer-trockner","og_site_name":"Sofortkredit","article_modified_time":"2017-05-23T10:16:08+00:00","og_image":[{"url":"http:\/\/www.dr-staedtler.de\/sofort-kredit\/wp-content\/uploads\/2012\/08\/trockner-300x200.jpg","type":"","width":"","height":""}],"twitter_card":"summary_large_image","twitter_misc":{"Gesch\u00e4tzte Lesezeit":"2\u00a0Minuten"},"schema":{"@context":"https:\/\/schema.org","@graph":[{"@type":"WebPage","@id":"https:\/\/www.dr-staedtler.de\/sofort-kredit\/arten\/fuer-trockner","url":"https:\/\/www.dr-staedtler.de\/sofort-kredit\/arten\/fuer-trockner","name":"Kredit f\u00fcr Trockner - Online finden und beantragen","isPartOf":{"@id":"http:\/\/www.dr-staedtler.de\/sofort-kredit\/#website"},"primaryImageOfPage":{"@id":"https:\/\/www.dr-staedtler.de\/sofort-kredit\/arten\/fuer-trockner#primaryimage"},"image":{"@id":"https:\/\/www.dr-staedtler.de\/sofort-kredit\/arten\/fuer-trockner#primaryimage"},"thumbnailUrl":"http:\/\/www.dr-staedtler.de\/sofort-kredit\/wp-content\/uploads\/2012\/08\/trockner-300x200.jpg","datePublished":"2012-08-28T11:13:12+00:00","dateModified":"2017-05-23T10:16:08+00:00","description":"Kredit f\u00fcr Trockner - Wenn der Trockner kaputt ist, muss mit einem Sofortkredit schnell ein neues Ger\u00e4t gekauft werden. Wenn das Bargeld fehlt, hilft ein Kredit.","breadcrumb":{"@id":"https:\/\/www.dr-staedtler.de\/sofort-kredit\/arten\/fuer-trockner#breadcrumb"},"inLanguage":"de","potentialAction":[{"@type":"ReadAction","target":["https:\/\/www.dr-staedtler.de\/sofort-kredit\/arten\/fuer-trockner"]}]},{"@type":"ImageObject","inLanguage":"de","@id":"https:\/\/www.dr-staedtler.de\/sofort-kredit\/arten\/fuer-trockner#primaryimage","url":"http:\/\/www.dr-staedtler.de\/sofort-kredit\/wp-content\/uploads\/2012\/08\/trockner.jpg","contentUrl":"http:\/\/www.dr-staedtler.de\/sofort-kredit\/wp-content\/uploads\/2012\/08\/trockner.jpg","width":"424","height":"283","caption":"Finanzierung des neuen Trockners"},{"@type":"BreadcrumbList","@id":"https:\/\/www.dr-staedtler.de\/sofort-kredit\/arten\/fuer-trockner#breadcrumb","itemListElement":[{"@type":"ListItem","position":1,"name":"Home","item":"https:\/\/www.dr-staedtler.de\/sofort-kredit\/"},{"@type":"ListItem","position":2,"name":"Diese verschiedenen Kreditarten und Verwendungszwecke gibt es","item":"https:\/\/www.dr-staedtler.de\/sofort-kredit\/arten"},{"@type":"ListItem","position":3,"name":"Kredit f\u00fcr Trockner"}]},{"@type":"WebSite","@id":"http:\/\/www.dr-staedtler.de\/sofort-kredit\/#website","url":"http:\/\/www.dr-staedtler.de\/sofort-kredit\/","name":"Sofortkredit","description":"Der Sofortkredit im unabh\u00e4ngigen Vergleich","potentialAction":[{"@type":"SearchAction","target":{"@type":"EntryPoint","urlTemplate":"http:\/\/www.dr-staedtler.de\/sofort-kredit\/?s={search_term_string}"},"query-input":{"@type":"PropertyValueSpecification","valueRequired":true,"valueName":"search_term_string"}}],"inLanguage":"de"}]}},"_links":{"self":[{"href":"http:\/\/www.dr-staedtler.de\/sofort-kredit\/wp-json\/wp\/v2\/pages\/979","targetHints":{"allow":["GET"]}}],"collection":[{"href":"http:\/\/www.dr-staedtler.de\/sofort-kredit\/wp-json\/wp\/v2\/pages"}],"about":[{"href":"http:\/\/www.dr-staedtler.de\/sofort-kredit\/wp-json\/wp\/v2\/types\/page"}],"author":[{"embeddable":true,"href":"http:\/\/www.dr-staedtler.de\/sofort-kredit\/wp-json\/wp\/v2\/users\/2"}],"replies":[{"embeddable":true,"href":"http:\/\/www.dr-staedtler.de\/sofort-kredit\/wp-json\/wp\/v2\/comments?post=979"}],"version-history":[{"count":4,"href":"http:\/\/www.dr-staedtler.de\/sofort-kredit\/wp-json\/wp\/v2\/pages\/979\/revisions"}],"predecessor-version":[{"id":2563,"href":"http:\/\/www.dr-staedtler.de\/sofort-kredit\/wp-json\/wp\/v2\/pages\/979\/revisions\/2563"}],"up":[{"embeddable":true,"href":"http:\/\/www.dr-staedtler.de\/sofort-kredit\/wp-json\/wp\/v2\/pages\/1081"}],"wp:attachment":[{"href":"http:\/\/www.dr-staedtler.de\/sofort-kredit\/wp-json\/wp\/v2\/media?parent=979"}],"curies":[{"name":"wp","href":"https:\/\/api.w.org\/{rel}","templated":true}]}}