{"id":977,"date":"2012-08-30T16:15:25","date_gmt":"2012-08-30T14:15:25","guid":{"rendered":"http:\/\/www.sofort-kredit.net\/?page_id=977"},"modified":"2017-05-23T12:10:18","modified_gmt":"2017-05-23T10:10:18","slug":"fuer-fuehrerschein","status":"publish","type":"page","link":"http:\/\/www.dr-staedtler.de\/sofort-kredit\/arten\/fuer-fuehrerschein","title":{"rendered":"Kredit f\u00fcr F\u00fchrerschein"},"content":{"rendered":"<p>Der <strong>F\u00fchrerschein ist teuer<\/strong>. Die praktische aber auch die theoretische Pr\u00fcfung kostet Geld. Doch wie kann man sich finanzieren? Ein <strong>Sofortkredit<\/strong> macht es m\u00f6glich.<br \/>\n<script defer=\"\" async=\"\" data-affiliateid=\"9e1fdf7f\" data-placementid=\"783582278\" data-amount=\"2500\" data-category=\"\" data-duration=\"36\" src=\"https:\/\/www.smava.de\/pp\/smava-kreditvergleich\/main.js\"><\/script><br \/>\n<img loading=\"lazy\" decoding=\"async\" class=\"alignleft size-medium wp-image-1258\" style=\"margin-right: 10px; margin-bottom: 8px; border: 1px solid grey;\" title=\"F\u00fchrerschein gerade bestanden\" src=\"http:\/\/www.dr-staedtler.de\/sofort-kredit\/wp-content\/uploads\/2012\/08\/fuehrerschein-300x226.jpg\" alt=\"F\u00fchrerschein gerade bestanden\" width=\"300\" height=\"226\" srcset=\"http:\/\/www.dr-staedtler.de\/sofort-kredit\/wp-content\/uploads\/2012\/08\/fuehrerschein-300x226.jpg 300w, http:\/\/www.dr-staedtler.de\/sofort-kredit\/wp-content\/uploads\/2012\/08\/fuehrerschein.jpg 399w\" sizes=\"auto, (max-width: 300px) 100vw, 300px\" \/>Der F\u00fchrerschein ist teuer. Mitunter m\u00fcssen <strong>Kosten von 2000 Euro<\/strong> getragen werden. Gleichzeitig wird der F\u00fchrerschein in jungen Jahren gemacht, gerade dann wenn eine <strong>Ausbildung<\/strong> oder das Abitur ansteht. Nicht immer werden junge Leute von ihren Eltern unterst\u00fctzt, da Jugendliche lernen m\u00fcssen, eigenst\u00e4ndig und verantwortungsbewusst zu handeln. Doch wie l\u00e4sst sich der <strong>F\u00fchrerschein finanzieren<\/strong>? Von der theoretischen Pr\u00fcfung bis zur Praxis sind viele Kosten zu tragen. In einer Ausbildung ist der Verdienst \u00e4u\u00dferst gering. Zumindest nicht ausreichend um den F\u00fchrerschein zu bezahlen. Die <strong>Aufnahme eines Kredites<\/strong> gestaltet sich schwierig, da die <strong>eigene Bonit\u00e4t<\/strong> ungen\u00fcgend ist. Zumindest reicht ein Einkommen im dreistelligen Bereich kaum aus um einen Kredit aufzunehmen. Daher sollte ein <strong>Kredit<\/strong> gesucht werden, der trotz negativer Bonit\u00e4t aufgenommen werden kann.<\/p>\n<h2>Die eigene Bonit\u00e4t und ihre Bedeutung<\/h2>\n<p>Die eigene <strong>Bonit\u00e4t<\/strong> hat eine wichtige Bedeutung f\u00fcr Bankinstitute. Eine <strong>negative SCHUFA<\/strong> bedeutet Verschuldung, genauso wie ein geringes Einkommen ein Indiz f\u00fcr potentielle Zahlungsausf\u00e4lle ist. Kreditinstitute meiden das Risiko, welches durch <strong>Zahlungsausf\u00e4lle<\/strong> entsteht. Daher ist eine stabile und <strong>gute Bonit\u00e4t<\/strong> Voraussetzung um Kredite aufzunehmen. Lediglich der Sofortkredit ist die gro\u00dfe Ausnahme. Der <strong>Sofortkredit f\u00fcr F\u00fchrerschein<\/strong> kann innerhalb von zwei Werktagen aufgenommen werden, es gibt zahlreiche Anbieter die keine Bonit\u00e4t voraussetzen und die M\u00f6glichkeit g\u00fcnstige Tarife \u00fcber einen Vergleich zu finden.<\/p>\n<h3>Wie gestaltet sich ein Vergleich?<\/h3>\n<p><strong>Vergleiche<\/strong> k\u00f6nnen unabh\u00e4ngig und kostenlos durchgef\u00fchrt werden. Die Folgen sind f\u00fcr Kreditnehmer \u00fcberragend. Jeder Kreditanbieter wird nach dem <strong>g\u00fcnstigsten Tari<\/strong>f verifiziert. Also einem lukrativen Preis-Leistungs-Verh\u00e4ltnis welches durch ein optimiertes Zinsverh\u00e4ltnis gepr\u00e4gt ist. Wird mit Kreditvarianten dieser Art gearbeitet, so kann der Verbraucher sich auf den F\u00fchrerschein vorbereiten. Der F\u00fchrerschein kostet Kraft und Zeit, die nur schwerlich in eine Nebenbesch\u00e4ftigung investiert werden kann. Wenn gleichzeitig eine Ausbildung gemacht wird ist es ungemein schwierig hier die notwendige Zeit zu finden. <strong>Vergleichssysteme<\/strong> helfen den g\u00fcnstigsten Zins und optimale Ratenmodelle zu finden.<\/p>\n","protected":false},"excerpt":{"rendered":"<p>Der F\u00fchrerschein ist teuer. Die praktische aber auch die theoretische Pr\u00fcfung kostet Geld. Doch wie kann man sich finanzieren? Ein Sofortkredit macht es m\u00f6glich. Der F\u00fchrerschein ist teuer. Mitunter m\u00fcssen Kosten von 2000 Euro getragen werden. Gleichzeitig wird der F\u00fchrerschein in jungen Jahren gemacht, gerade dann wenn eine Ausbildung oder das Abitur ansteht. Nicht immer [&hellip;]<\/p>\n","protected":false},"author":2,"featured_media":0,"parent":1081,"menu_order":0,"comment_status":"closed","ping_status":"open","template":"templates\/sidebar-right.php","meta":{"footnotes":""},"class_list":["post-977","page","type-page","status-publish","hentry"],"yoast_head":"<!-- This site is optimized with the Yoast SEO plugin v24.6 - https:\/\/yoast.com\/wordpress\/plugins\/seo\/ -->\n<title>Kredit f\u00fcr F\u00fchrerschein - Jetzt vergleichen und sparen<\/title>\n<meta name=\"description\" content=\"Kredit f\u00fcr F\u00fchrerschein: Ein F\u00fchrerschein kostet Geld und Jugendliche haben nicht immer gen\u00fcgend eigene Ersparnisse, also muss ein Sofortkredit abgeschlossen werden\" \/>\n<meta name=\"robots\" content=\"index, follow, max-snippet:-1, max-image-preview:large, max-video-preview:-1\" \/>\n<link rel=\"canonical\" href=\"https:\/\/www.dr-staedtler.de\/sofort-kredit\/arten\/fuer-fuehrerschein\" \/>\n<meta property=\"og:locale\" content=\"de_DE\" \/>\n<meta property=\"og:type\" content=\"article\" \/>\n<meta property=\"og:title\" content=\"Kredit f\u00fcr F\u00fchrerschein - Jetzt vergleichen und sparen\" \/>\n<meta property=\"og:description\" content=\"Kredit f\u00fcr F\u00fchrerschein: Ein F\u00fchrerschein kostet Geld und Jugendliche haben nicht immer gen\u00fcgend eigene Ersparnisse, also muss ein Sofortkredit abgeschlossen werden\" \/>\n<meta property=\"og:url\" content=\"https:\/\/www.dr-staedtler.de\/sofort-kredit\/arten\/fuer-fuehrerschein\" \/>\n<meta property=\"og:site_name\" content=\"Sofortkredit\" \/>\n<meta property=\"article:modified_time\" content=\"2017-05-23T10:10:18+00:00\" \/>\n<meta property=\"og:image\" content=\"http:\/\/www.dr-staedtler.de\/sofort-kredit\/wp-content\/uploads\/2012\/08\/fuehrerschein-300x226.jpg\" \/>\n<meta name=\"twitter:card\" content=\"summary_large_image\" \/>\n<meta name=\"twitter:label1\" content=\"Gesch\u00e4tzte Lesezeit\" \/>\n\t<meta name=\"twitter:data1\" content=\"2\u00a0Minuten\" \/>\n<script type=\"application\/ld+json\" class=\"yoast-schema-graph\">{\"@context\":\"https:\/\/schema.org\",\"@graph\":[{\"@type\":\"WebPage\",\"@id\":\"https:\/\/www.dr-staedtler.de\/sofort-kredit\/arten\/fuer-fuehrerschein\",\"url\":\"https:\/\/www.dr-staedtler.de\/sofort-kredit\/arten\/fuer-fuehrerschein\",\"name\":\"Kredit f\u00fcr F\u00fchrerschein - Jetzt vergleichen und sparen\",\"isPartOf\":{\"@id\":\"http:\/\/www.dr-staedtler.de\/sofort-kredit\/#website\"},\"primaryImageOfPage\":{\"@id\":\"https:\/\/www.dr-staedtler.de\/sofort-kredit\/arten\/fuer-fuehrerschein#primaryimage\"},\"image\":{\"@id\":\"https:\/\/www.dr-staedtler.de\/sofort-kredit\/arten\/fuer-fuehrerschein#primaryimage\"},\"thumbnailUrl\":\"http:\/\/www.dr-staedtler.de\/sofort-kredit\/wp-content\/uploads\/2012\/08\/fuehrerschein-300x226.jpg\",\"datePublished\":\"2012-08-30T14:15:25+00:00\",\"dateModified\":\"2017-05-23T10:10:18+00:00\",\"description\":\"Kredit f\u00fcr F\u00fchrerschein: Ein F\u00fchrerschein kostet Geld und Jugendliche haben nicht immer gen\u00fcgend eigene Ersparnisse, also muss ein Sofortkredit abgeschlossen werden\",\"breadcrumb\":{\"@id\":\"https:\/\/www.dr-staedtler.de\/sofort-kredit\/arten\/fuer-fuehrerschein#breadcrumb\"},\"inLanguage\":\"de\",\"potentialAction\":[{\"@type\":\"ReadAction\",\"target\":[\"https:\/\/www.dr-staedtler.de\/sofort-kredit\/arten\/fuer-fuehrerschein\"]}]},{\"@type\":\"ImageObject\",\"inLanguage\":\"de\",\"@id\":\"https:\/\/www.dr-staedtler.de\/sofort-kredit\/arten\/fuer-fuehrerschein#primaryimage\",\"url\":\"http:\/\/www.dr-staedtler.de\/sofort-kredit\/wp-content\/uploads\/2012\/08\/fuehrerschein.jpg\",\"contentUrl\":\"http:\/\/www.dr-staedtler.de\/sofort-kredit\/wp-content\/uploads\/2012\/08\/fuehrerschein.jpg\",\"width\":\"399\",\"height\":\"301\",\"caption\":\"F\u00fchrerschein gerade bestanden\"},{\"@type\":\"BreadcrumbList\",\"@id\":\"https:\/\/www.dr-staedtler.de\/sofort-kredit\/arten\/fuer-fuehrerschein#breadcrumb\",\"itemListElement\":[{\"@type\":\"ListItem\",\"position\":1,\"name\":\"Home\",\"item\":\"https:\/\/www.dr-staedtler.de\/sofort-kredit\/\"},{\"@type\":\"ListItem\",\"position\":2,\"name\":\"Diese verschiedenen Kreditarten und Verwendungszwecke gibt es\",\"item\":\"https:\/\/www.dr-staedtler.de\/sofort-kredit\/arten\"},{\"@type\":\"ListItem\",\"position\":3,\"name\":\"Kredit f\u00fcr F\u00fchrerschein\"}]},{\"@type\":\"WebSite\",\"@id\":\"http:\/\/www.dr-staedtler.de\/sofort-kredit\/#website\",\"url\":\"http:\/\/www.dr-staedtler.de\/sofort-kredit\/\",\"name\":\"Sofortkredit\",\"description\":\"Der Sofortkredit im unabh\u00e4ngigen Vergleich\",\"potentialAction\":[{\"@type\":\"SearchAction\",\"target\":{\"@type\":\"EntryPoint\",\"urlTemplate\":\"http:\/\/www.dr-staedtler.de\/sofort-kredit\/?s={search_term_string}\"},\"query-input\":{\"@type\":\"PropertyValueSpecification\",\"valueRequired\":true,\"valueName\":\"search_term_string\"}}],\"inLanguage\":\"de\"}]}<\/script>\n<!-- \/ Yoast SEO plugin. -->","yoast_head_json":{"title":"Kredit f\u00fcr F\u00fchrerschein - Jetzt vergleichen und sparen","description":"Kredit f\u00fcr F\u00fchrerschein: Ein F\u00fchrerschein kostet Geld und Jugendliche haben nicht immer gen\u00fcgend eigene Ersparnisse, also muss ein Sofortkredit abgeschlossen werden","robots":{"index":"index","follow":"follow","max-snippet":"max-snippet:-1","max-image-preview":"max-image-preview:large","max-video-preview":"max-video-preview:-1"},"canonical":"https:\/\/www.dr-staedtler.de\/sofort-kredit\/arten\/fuer-fuehrerschein","og_locale":"de_DE","og_type":"article","og_title":"Kredit f\u00fcr F\u00fchrerschein - Jetzt vergleichen und sparen","og_description":"Kredit f\u00fcr F\u00fchrerschein: Ein F\u00fchrerschein kostet Geld und Jugendliche haben nicht immer gen\u00fcgend eigene Ersparnisse, also muss ein Sofortkredit abgeschlossen werden","og_url":"https:\/\/www.dr-staedtler.de\/sofort-kredit\/arten\/fuer-fuehrerschein","og_site_name":"Sofortkredit","article_modified_time":"2017-05-23T10:10:18+00:00","og_image":[{"url":"http:\/\/www.dr-staedtler.de\/sofort-kredit\/wp-content\/uploads\/2012\/08\/fuehrerschein-300x226.jpg","type":"","width":"","height":""}],"twitter_card":"summary_large_image","twitter_misc":{"Gesch\u00e4tzte Lesezeit":"2\u00a0Minuten"},"schema":{"@context":"https:\/\/schema.org","@graph":[{"@type":"WebPage","@id":"https:\/\/www.dr-staedtler.de\/sofort-kredit\/arten\/fuer-fuehrerschein","url":"https:\/\/www.dr-staedtler.de\/sofort-kredit\/arten\/fuer-fuehrerschein","name":"Kredit f\u00fcr F\u00fchrerschein - Jetzt vergleichen und sparen","isPartOf":{"@id":"http:\/\/www.dr-staedtler.de\/sofort-kredit\/#website"},"primaryImageOfPage":{"@id":"https:\/\/www.dr-staedtler.de\/sofort-kredit\/arten\/fuer-fuehrerschein#primaryimage"},"image":{"@id":"https:\/\/www.dr-staedtler.de\/sofort-kredit\/arten\/fuer-fuehrerschein#primaryimage"},"thumbnailUrl":"http:\/\/www.dr-staedtler.de\/sofort-kredit\/wp-content\/uploads\/2012\/08\/fuehrerschein-300x226.jpg","datePublished":"2012-08-30T14:15:25+00:00","dateModified":"2017-05-23T10:10:18+00:00","description":"Kredit f\u00fcr F\u00fchrerschein: Ein F\u00fchrerschein kostet Geld und Jugendliche haben nicht immer gen\u00fcgend eigene Ersparnisse, also muss ein Sofortkredit abgeschlossen werden","breadcrumb":{"@id":"https:\/\/www.dr-staedtler.de\/sofort-kredit\/arten\/fuer-fuehrerschein#breadcrumb"},"inLanguage":"de","potentialAction":[{"@type":"ReadAction","target":["https:\/\/www.dr-staedtler.de\/sofort-kredit\/arten\/fuer-fuehrerschein"]}]},{"@type":"ImageObject","inLanguage":"de","@id":"https:\/\/www.dr-staedtler.de\/sofort-kredit\/arten\/fuer-fuehrerschein#primaryimage","url":"http:\/\/www.dr-staedtler.de\/sofort-kredit\/wp-content\/uploads\/2012\/08\/fuehrerschein.jpg","contentUrl":"http:\/\/www.dr-staedtler.de\/sofort-kredit\/wp-content\/uploads\/2012\/08\/fuehrerschein.jpg","width":"399","height":"301","caption":"F\u00fchrerschein gerade bestanden"},{"@type":"BreadcrumbList","@id":"https:\/\/www.dr-staedtler.de\/sofort-kredit\/arten\/fuer-fuehrerschein#breadcrumb","itemListElement":[{"@type":"ListItem","position":1,"name":"Home","item":"https:\/\/www.dr-staedtler.de\/sofort-kredit\/"},{"@type":"ListItem","position":2,"name":"Diese verschiedenen Kreditarten und Verwendungszwecke gibt es","item":"https:\/\/www.dr-staedtler.de\/sofort-kredit\/arten"},{"@type":"ListItem","position":3,"name":"Kredit f\u00fcr F\u00fchrerschein"}]},{"@type":"WebSite","@id":"http:\/\/www.dr-staedtler.de\/sofort-kredit\/#website","url":"http:\/\/www.dr-staedtler.de\/sofort-kredit\/","name":"Sofortkredit","description":"Der Sofortkredit im unabh\u00e4ngigen Vergleich","potentialAction":[{"@type":"SearchAction","target":{"@type":"EntryPoint","urlTemplate":"http:\/\/www.dr-staedtler.de\/sofort-kredit\/?s={search_term_string}"},"query-input":{"@type":"PropertyValueSpecification","valueRequired":true,"valueName":"search_term_string"}}],"inLanguage":"de"}]}},"_links":{"self":[{"href":"http:\/\/www.dr-staedtler.de\/sofort-kredit\/wp-json\/wp\/v2\/pages\/977","targetHints":{"allow":["GET"]}}],"collection":[{"href":"http:\/\/www.dr-staedtler.de\/sofort-kredit\/wp-json\/wp\/v2\/pages"}],"about":[{"href":"http:\/\/www.dr-staedtler.de\/sofort-kredit\/wp-json\/wp\/v2\/types\/page"}],"author":[{"embeddable":true,"href":"http:\/\/www.dr-staedtler.de\/sofort-kredit\/wp-json\/wp\/v2\/users\/2"}],"replies":[{"embeddable":true,"href":"http:\/\/www.dr-staedtler.de\/sofort-kredit\/wp-json\/wp\/v2\/comments?post=977"}],"version-history":[{"count":3,"href":"http:\/\/www.dr-staedtler.de\/sofort-kredit\/wp-json\/wp\/v2\/pages\/977\/revisions"}],"predecessor-version":[{"id":2539,"href":"http:\/\/www.dr-staedtler.de\/sofort-kredit\/wp-json\/wp\/v2\/pages\/977\/revisions\/2539"}],"up":[{"embeddable":true,"href":"http:\/\/www.dr-staedtler.de\/sofort-kredit\/wp-json\/wp\/v2\/pages\/1081"}],"wp:attachment":[{"href":"http:\/\/www.dr-staedtler.de\/sofort-kredit\/wp-json\/wp\/v2\/media?parent=977"}],"curies":[{"name":"wp","href":"https:\/\/api.w.org\/{rel}","templated":true}]}}