{"id":975,"date":"2012-08-30T16:19:08","date_gmt":"2012-08-30T14:19:08","guid":{"rendered":"http:\/\/www.sofort-kredit.net\/?page_id=975"},"modified":"2017-05-23T12:17:24","modified_gmt":"2017-05-23T10:17:24","slug":"ohne-sicherheiten","status":"publish","type":"page","link":"http:\/\/www.dr-staedtler.de\/sofort-kredit\/arten\/ohne-sicherheiten","title":{"rendered":"Kredit ohne Sicherheiten"},"content":{"rendered":"<p>Viele Kreditnstitute sind auf Sicherheiten angewiesen, die als Pfand f\u00fcr die Kreditaufnahme gesetzt werden m\u00fcssen. Doch nicht alle Verbraucher besitzen die ben\u00f6tigten Sicherheiten. Ein <strong>Sofortkredi<\/strong>t ist die <strong>gro\u00dfe Ausnahme.<\/strong><br \/>\n<script type=\"text\/javascript\">\n    google_ad_client = \"ca-pub-1262936663758648\";\n    google_ad_slot = \"2364144445\";\n    google_ad_width = 720;\n    google_ad_height = 150;\n<\/script><br \/>\n<!-- sofort-kredit-net-schueler --><br \/>\n<script type=\"text\/javascript\"\nsrc=\"\/\/pagead2.googlesyndication.com\/pagead\/show_ads.js\">\n<\/script><\/p>\n<p><script defer=\"\" async=\"\" data-affiliateid=\"9e1fdf7f\" data-placementid=\"783582278\" data-amount=\"10000\" data-category=\"\" data-duration=\"84\" src=\"https:\/\/www.smava.de\/pp\/smava-kreditvergleich\/main.js\"><\/script><\/p>\n<p>Sind <strong>Kreditnehmer<\/strong> auf der Suche nach einem <strong>hochwertigen Kredit<\/strong>, dann m\u00fcssen im Regelfall Sicherheiten hinterlegt werden. Bankinstitute setzen eine <strong>Restschuldversicherung<\/strong> voraus, bei einer <strong>Hypothek<\/strong> darf das Eigentum verpf\u00e4ndet werden und bei einem Autokredit das <strong>Fahrzeug als Sicherheit<\/strong> dienen. Kommt es zu einem <strong>Zahlungsausfall<\/strong>, so hat das Kreditinstitut die M\u00f6glichkeit Sachg\u00fcter dieser Art zu <strong>pf\u00e4nden<\/strong>. Doch nicht allen Kreditnehmer besitzen entsprechende Sicherheiten. Daf\u00fcr gibt es den Sofortkredit. Der <strong>Sofortkredit ohne Sicherheiten<\/strong> kann ohne jeglichen Verwendungszweck aufgenommen werden. Das bedeutet, dass der Kreditnehmer das Geld ganz nach Belieben einsetzen kann. Die Zinsen sind vergleichsweise g\u00fcnstig und bieten somit gen\u00fcgend Substanz. Dabei gibt es zwei Kreditvarianten. So der sofort Kredit, der eine <strong>positive SCHUFA<\/strong> voraussetzt, was mit Sicherheiten gleichzusetzen ist und den <strong>Sofortkredit,<\/strong> der<strong> ohne SCHUFA<\/strong> aufgenommen werden kann. Dieses Kreditmodell ist f\u00fcr Verbraucher gedacht, die keine Sicherheiten hinterlegen k\u00f6nnen.<\/p>\n<h2>Auf wen treffen Sicherheiten zu?<\/h2>\n<p><img loading=\"lazy\" decoding=\"async\" class=\"alignleft size-medium wp-image-1262\" style=\"margin-right: 10px; margin-bottom: 8px; border: 1px solid grey;\" title=\"Kredit auch ohne Sicherheiten erhalten\" src=\"http:\/\/www.dr-staedtler.de\/sofort-kredit\/wp-content\/uploads\/2012\/08\/sicherheiten-300x203.jpg\" alt=\"Kredit auch ohne Sicherheiten erhalten\" width=\"300\" height=\"203\" srcset=\"http:\/\/www.dr-staedtler.de\/sofort-kredit\/wp-content\/uploads\/2012\/08\/sicherheiten-300x203.jpg 300w, http:\/\/www.dr-staedtler.de\/sofort-kredit\/wp-content\/uploads\/2012\/08\/sicherheiten.jpg 421w\" sizes=\"auto, (max-width: 300px) 100vw, 300px\" \/>Die <strong>Sicherheiten<\/strong>, die mit der Aufnahme eines Kredites hinterlegt werden m\u00fcssen sind unterschiedlich. So beispielsweise das Fahrzeug, wie schon erw\u00e4hnt das eigene Haus oder <strong>Kapitalanlagen<\/strong>. Sicherheiten dienen dazu das <strong>Risiko eines Zahlungsausfalls<\/strong> zu minimieren. Zumindest m\u00f6chte die Bank, sollte kein Geld zur\u00fcckflie\u00dfen die M\u00f6glichkeit haben Wertgegenst\u00e4nde zu verpf\u00e4nden. Lediglich der sogenannte <strong>Bonit\u00e4tskredit<\/strong> hilft <a href=\"http:\/\/www.dr-staedtler.de\/sofort-kredit\/sofort-kredit-ohne-schufa\">trotz negativer SCHUFA<\/a> und geringf\u00fcgiger Bonit\u00e4t einen Kredit zu bekommen.<\/p>\n<h3>Worauf sollte geachtet werden?<\/h3>\n<p>Einerseits ist es wichtig, dass ein <strong>g\u00fcnstiger Zinssatz<\/strong> gefunden wird. Ebenso, dass eine <strong>Ratenzahlung<\/strong> gefunden wird die dem eigenen finanziellen Budget angepasst ist. Je enger die Ratenzahlung ist, desto h\u00f6her ist der monatliche Beitrag. Je h\u00f6her der monatliche Beitrag ist, desto h\u00f6her ist das <strong>Risiko f\u00fcr einen Zahlungsausfall.<\/strong> Daher sollte eine Ratenzahlung gefunden werden die f\u00fcr einen m\u00f6glichst langen Zeitraum ausgelegt ist. Erg\u00e4nzt durch einen niedrigen Zinssatz sind diese Kredite durchaus akzeptabel. Um <strong>passende Tarife<\/strong> zu finden ist <a href=\"http:\/\/www.dr-staedtler.de\/sofort-kredit\">ein Vergleich die sinnvollste schnellste L\u00f6sung<\/a>. Jeder Vergleich l\u00e4sst sich leicht bedienen und verifiziert innerhalb weniger Sekunden den richtigen <strong>Sofortkredit f\u00fcr Verbraucher<\/strong> die keine Sicherheiten hinterlegen k\u00f6nnen.<\/p>\n","protected":false},"excerpt":{"rendered":"<p>Viele Kreditnstitute sind auf Sicherheiten angewiesen, die als Pfand f\u00fcr die Kreditaufnahme gesetzt werden m\u00fcssen. Doch nicht alle Verbraucher besitzen die ben\u00f6tigten Sicherheiten. Ein Sofortkredit ist die gro\u00dfe Ausnahme. Sind Kreditnehmer auf der Suche nach einem hochwertigen Kredit, dann m\u00fcssen im Regelfall Sicherheiten hinterlegt werden. Bankinstitute setzen eine Restschuldversicherung voraus, bei einer Hypothek darf das [&hellip;]<\/p>\n","protected":false},"author":2,"featured_media":0,"parent":1081,"menu_order":0,"comment_status":"closed","ping_status":"open","template":"templates\/sidebar-right.php","meta":{"footnotes":""},"class_list":["post-975","page","type-page","status-publish","hentry"],"yoast_head":"<!-- This site is optimized with the Yoast SEO plugin v24.6 - https:\/\/yoast.com\/wordpress\/plugins\/seo\/ -->\n<title>Kredit ohne Sicherheiten - Jetzt g\u00fcnstigen Kredit sichern<\/title>\n<meta name=\"description\" content=\"Kredit ohne Sicherheiten: Einen g\u00fcnstigen Kredit ohne Sicherheiten aufnehmen ist machbar, wenn eine passende Ratenzahlung gefunden wird.\" \/>\n<meta name=\"robots\" content=\"index, follow, max-snippet:-1, max-image-preview:large, max-video-preview:-1\" \/>\n<link rel=\"canonical\" href=\"https:\/\/www.dr-staedtler.de\/sofort-kredit\/arten\/ohne-sicherheiten\" \/>\n<meta property=\"og:locale\" content=\"de_DE\" \/>\n<meta property=\"og:type\" content=\"article\" \/>\n<meta property=\"og:title\" content=\"Kredit ohne Sicherheiten - Jetzt g\u00fcnstigen Kredit sichern\" \/>\n<meta property=\"og:description\" content=\"Kredit ohne Sicherheiten: Einen g\u00fcnstigen Kredit ohne Sicherheiten aufnehmen ist machbar, wenn eine passende Ratenzahlung gefunden wird.\" \/>\n<meta property=\"og:url\" content=\"https:\/\/www.dr-staedtler.de\/sofort-kredit\/arten\/ohne-sicherheiten\" \/>\n<meta property=\"og:site_name\" content=\"Sofortkredit\" \/>\n<meta property=\"article:modified_time\" content=\"2017-05-23T10:17:24+00:00\" \/>\n<meta property=\"og:image\" content=\"http:\/\/www.dr-staedtler.de\/sofort-kredit\/wp-content\/uploads\/2012\/08\/sicherheiten-300x203.jpg\" \/>\n<meta name=\"twitter:card\" content=\"summary_large_image\" \/>\n<meta name=\"twitter:label1\" content=\"Gesch\u00e4tzte Lesezeit\" \/>\n\t<meta name=\"twitter:data1\" content=\"2\u00a0Minuten\" \/>\n<script type=\"application\/ld+json\" class=\"yoast-schema-graph\">{\"@context\":\"https:\/\/schema.org\",\"@graph\":[{\"@type\":\"WebPage\",\"@id\":\"https:\/\/www.dr-staedtler.de\/sofort-kredit\/arten\/ohne-sicherheiten\",\"url\":\"https:\/\/www.dr-staedtler.de\/sofort-kredit\/arten\/ohne-sicherheiten\",\"name\":\"Kredit ohne Sicherheiten - Jetzt g\u00fcnstigen Kredit sichern\",\"isPartOf\":{\"@id\":\"http:\/\/www.dr-staedtler.de\/sofort-kredit\/#website\"},\"primaryImageOfPage\":{\"@id\":\"https:\/\/www.dr-staedtler.de\/sofort-kredit\/arten\/ohne-sicherheiten#primaryimage\"},\"image\":{\"@id\":\"https:\/\/www.dr-staedtler.de\/sofort-kredit\/arten\/ohne-sicherheiten#primaryimage\"},\"thumbnailUrl\":\"http:\/\/www.dr-staedtler.de\/sofort-kredit\/wp-content\/uploads\/2012\/08\/sicherheiten-300x203.jpg\",\"datePublished\":\"2012-08-30T14:19:08+00:00\",\"dateModified\":\"2017-05-23T10:17:24+00:00\",\"description\":\"Kredit ohne Sicherheiten: Einen g\u00fcnstigen Kredit ohne Sicherheiten aufnehmen ist machbar, wenn eine passende Ratenzahlung gefunden wird.\",\"breadcrumb\":{\"@id\":\"https:\/\/www.dr-staedtler.de\/sofort-kredit\/arten\/ohne-sicherheiten#breadcrumb\"},\"inLanguage\":\"de\",\"potentialAction\":[{\"@type\":\"ReadAction\",\"target\":[\"https:\/\/www.dr-staedtler.de\/sofort-kredit\/arten\/ohne-sicherheiten\"]}]},{\"@type\":\"ImageObject\",\"inLanguage\":\"de\",\"@id\":\"https:\/\/www.dr-staedtler.de\/sofort-kredit\/arten\/ohne-sicherheiten#primaryimage\",\"url\":\"http:\/\/www.dr-staedtler.de\/sofort-kredit\/wp-content\/uploads\/2012\/08\/sicherheiten.jpg\",\"contentUrl\":\"http:\/\/www.dr-staedtler.de\/sofort-kredit\/wp-content\/uploads\/2012\/08\/sicherheiten.jpg\",\"width\":\"421\",\"height\":\"285\",\"caption\":\"Kredit auch ohne Sicherheiten erhalten\"},{\"@type\":\"BreadcrumbList\",\"@id\":\"https:\/\/www.dr-staedtler.de\/sofort-kredit\/arten\/ohne-sicherheiten#breadcrumb\",\"itemListElement\":[{\"@type\":\"ListItem\",\"position\":1,\"name\":\"Home\",\"item\":\"https:\/\/www.dr-staedtler.de\/sofort-kredit\/\"},{\"@type\":\"ListItem\",\"position\":2,\"name\":\"Diese verschiedenen Kreditarten und Verwendungszwecke gibt es\",\"item\":\"https:\/\/www.dr-staedtler.de\/sofort-kredit\/arten\"},{\"@type\":\"ListItem\",\"position\":3,\"name\":\"Kredit ohne Sicherheiten\"}]},{\"@type\":\"WebSite\",\"@id\":\"http:\/\/www.dr-staedtler.de\/sofort-kredit\/#website\",\"url\":\"http:\/\/www.dr-staedtler.de\/sofort-kredit\/\",\"name\":\"Sofortkredit\",\"description\":\"Der Sofortkredit im unabh\u00e4ngigen Vergleich\",\"potentialAction\":[{\"@type\":\"SearchAction\",\"target\":{\"@type\":\"EntryPoint\",\"urlTemplate\":\"http:\/\/www.dr-staedtler.de\/sofort-kredit\/?s={search_term_string}\"},\"query-input\":{\"@type\":\"PropertyValueSpecification\",\"valueRequired\":true,\"valueName\":\"search_term_string\"}}],\"inLanguage\":\"de\"}]}<\/script>\n<!-- \/ Yoast SEO plugin. -->","yoast_head_json":{"title":"Kredit ohne Sicherheiten - Jetzt g\u00fcnstigen Kredit sichern","description":"Kredit ohne Sicherheiten: Einen g\u00fcnstigen Kredit ohne Sicherheiten aufnehmen ist machbar, wenn eine passende Ratenzahlung gefunden wird.","robots":{"index":"index","follow":"follow","max-snippet":"max-snippet:-1","max-image-preview":"max-image-preview:large","max-video-preview":"max-video-preview:-1"},"canonical":"https:\/\/www.dr-staedtler.de\/sofort-kredit\/arten\/ohne-sicherheiten","og_locale":"de_DE","og_type":"article","og_title":"Kredit ohne Sicherheiten - Jetzt g\u00fcnstigen Kredit sichern","og_description":"Kredit ohne Sicherheiten: Einen g\u00fcnstigen Kredit ohne Sicherheiten aufnehmen ist machbar, wenn eine passende Ratenzahlung gefunden wird.","og_url":"https:\/\/www.dr-staedtler.de\/sofort-kredit\/arten\/ohne-sicherheiten","og_site_name":"Sofortkredit","article_modified_time":"2017-05-23T10:17:24+00:00","og_image":[{"url":"http:\/\/www.dr-staedtler.de\/sofort-kredit\/wp-content\/uploads\/2012\/08\/sicherheiten-300x203.jpg","type":"","width":"","height":""}],"twitter_card":"summary_large_image","twitter_misc":{"Gesch\u00e4tzte Lesezeit":"2\u00a0Minuten"},"schema":{"@context":"https:\/\/schema.org","@graph":[{"@type":"WebPage","@id":"https:\/\/www.dr-staedtler.de\/sofort-kredit\/arten\/ohne-sicherheiten","url":"https:\/\/www.dr-staedtler.de\/sofort-kredit\/arten\/ohne-sicherheiten","name":"Kredit ohne Sicherheiten - Jetzt g\u00fcnstigen Kredit sichern","isPartOf":{"@id":"http:\/\/www.dr-staedtler.de\/sofort-kredit\/#website"},"primaryImageOfPage":{"@id":"https:\/\/www.dr-staedtler.de\/sofort-kredit\/arten\/ohne-sicherheiten#primaryimage"},"image":{"@id":"https:\/\/www.dr-staedtler.de\/sofort-kredit\/arten\/ohne-sicherheiten#primaryimage"},"thumbnailUrl":"http:\/\/www.dr-staedtler.de\/sofort-kredit\/wp-content\/uploads\/2012\/08\/sicherheiten-300x203.jpg","datePublished":"2012-08-30T14:19:08+00:00","dateModified":"2017-05-23T10:17:24+00:00","description":"Kredit ohne Sicherheiten: Einen g\u00fcnstigen Kredit ohne Sicherheiten aufnehmen ist machbar, wenn eine passende Ratenzahlung gefunden wird.","breadcrumb":{"@id":"https:\/\/www.dr-staedtler.de\/sofort-kredit\/arten\/ohne-sicherheiten#breadcrumb"},"inLanguage":"de","potentialAction":[{"@type":"ReadAction","target":["https:\/\/www.dr-staedtler.de\/sofort-kredit\/arten\/ohne-sicherheiten"]}]},{"@type":"ImageObject","inLanguage":"de","@id":"https:\/\/www.dr-staedtler.de\/sofort-kredit\/arten\/ohne-sicherheiten#primaryimage","url":"http:\/\/www.dr-staedtler.de\/sofort-kredit\/wp-content\/uploads\/2012\/08\/sicherheiten.jpg","contentUrl":"http:\/\/www.dr-staedtler.de\/sofort-kredit\/wp-content\/uploads\/2012\/08\/sicherheiten.jpg","width":"421","height":"285","caption":"Kredit auch ohne Sicherheiten erhalten"},{"@type":"BreadcrumbList","@id":"https:\/\/www.dr-staedtler.de\/sofort-kredit\/arten\/ohne-sicherheiten#breadcrumb","itemListElement":[{"@type":"ListItem","position":1,"name":"Home","item":"https:\/\/www.dr-staedtler.de\/sofort-kredit\/"},{"@type":"ListItem","position":2,"name":"Diese verschiedenen Kreditarten und Verwendungszwecke gibt es","item":"https:\/\/www.dr-staedtler.de\/sofort-kredit\/arten"},{"@type":"ListItem","position":3,"name":"Kredit ohne Sicherheiten"}]},{"@type":"WebSite","@id":"http:\/\/www.dr-staedtler.de\/sofort-kredit\/#website","url":"http:\/\/www.dr-staedtler.de\/sofort-kredit\/","name":"Sofortkredit","description":"Der Sofortkredit im unabh\u00e4ngigen Vergleich","potentialAction":[{"@type":"SearchAction","target":{"@type":"EntryPoint","urlTemplate":"http:\/\/www.dr-staedtler.de\/sofort-kredit\/?s={search_term_string}"},"query-input":{"@type":"PropertyValueSpecification","valueRequired":true,"valueName":"search_term_string"}}],"inLanguage":"de"}]}},"_links":{"self":[{"href":"http:\/\/www.dr-staedtler.de\/sofort-kredit\/wp-json\/wp\/v2\/pages\/975","targetHints":{"allow":["GET"]}}],"collection":[{"href":"http:\/\/www.dr-staedtler.de\/sofort-kredit\/wp-json\/wp\/v2\/pages"}],"about":[{"href":"http:\/\/www.dr-staedtler.de\/sofort-kredit\/wp-json\/wp\/v2\/types\/page"}],"author":[{"embeddable":true,"href":"http:\/\/www.dr-staedtler.de\/sofort-kredit\/wp-json\/wp\/v2\/users\/2"}],"replies":[{"embeddable":true,"href":"http:\/\/www.dr-staedtler.de\/sofort-kredit\/wp-json\/wp\/v2\/comments?post=975"}],"version-history":[{"count":4,"href":"http:\/\/www.dr-staedtler.de\/sofort-kredit\/wp-json\/wp\/v2\/pages\/975\/revisions"}],"predecessor-version":[{"id":2573,"href":"http:\/\/www.dr-staedtler.de\/sofort-kredit\/wp-json\/wp\/v2\/pages\/975\/revisions\/2573"}],"up":[{"embeddable":true,"href":"http:\/\/www.dr-staedtler.de\/sofort-kredit\/wp-json\/wp\/v2\/pages\/1081"}],"wp:attachment":[{"href":"http:\/\/www.dr-staedtler.de\/sofort-kredit\/wp-json\/wp\/v2\/media?parent=975"}],"curies":[{"name":"wp","href":"https:\/\/api.w.org\/{rel}","templated":true}]}}