{"id":973,"date":"2012-08-30T17:42:38","date_gmt":"2012-08-30T15:42:38","guid":{"rendered":"http:\/\/www.sofort-kredit.net\/?page_id=973"},"modified":"2017-05-23T12:16:19","modified_gmt":"2017-05-23T10:16:19","slug":"fuer-umzug","status":"publish","type":"page","link":"http:\/\/www.dr-staedtler.de\/sofort-kredit\/arten\/fuer-umzug","title":{"rendered":"Kredit f\u00fcr Umzug"},"content":{"rendered":"<p>Ein Umzug kostet nicht nur Kraft, sondern auch Geld. M\u00f6belspediteure m\u00fcssen genauso bezahlt werden wie Umbauten und Renovierungen. Ein <strong>einfacher Kredit<\/strong> kann Abhilfe schaffen.<br \/>\n<script defer=\"\" async=\"\" data-affiliateid=\"9e1fdf7f\" data-placementid=\"783582278\" data-amount=\"2000\" data-category=\"\" data-duration=\"36\" src=\"https:\/\/www.smava.de\/pp\/smava-kreditvergleich\/main.js\"><\/script><br \/>\n<img loading=\"lazy\" decoding=\"async\" class=\"alignleft size-medium wp-image-1297\" style=\"margin-right: 10px; margin-bottom: 8px; border: 1px solid grey;\" title=\"Hohe Kosten f\u00fcr einen Umzug finanzieren\" src=\"http:\/\/www.dr-staedtler.de\/sofort-kredit\/wp-content\/uploads\/2012\/08\/umzugskosten-300x200.jpg\" alt=\"Hohe Kosten f\u00fcr einen Umzug finanzieren\" width=\"300\" height=\"200\" srcset=\"http:\/\/www.dr-staedtler.de\/sofort-kredit\/wp-content\/uploads\/2012\/08\/umzugskosten-300x200.jpg 300w, http:\/\/www.dr-staedtler.de\/sofort-kredit\/wp-content\/uploads\/2012\/08\/umzugskosten.jpg 424w\" sizes=\"auto, (max-width: 300px) 100vw, 300px\" \/>Ein Umzug kann <strong>richtig teuer<\/strong> werden. Die Kosten, die getragen werden m\u00fcssen sind hoch. Gerade wenn ein Transport ins Ausland oder in eine weit entfernte Stadt notwendig ist, werden <strong>Kosten im vierstelligen Bereich<\/strong> notwendig sein. Ganz zu schweigen von dem Kraftaufwand. Gleichzeitig muss die <strong>Kaution<\/strong> gezahlt werden, die <strong>drei Kaltmieten<\/strong> einschlie\u00dft. Zudem sind Umzugshelfer notwendig, die<strong> Renovierung der neuen Wohnung<\/strong> steht an genauso wie die alte Wohnung gestrichen und im Originalzustand zur\u00fcckgelassen werden muss. Die einhergehenden Unkosten wachsen und wachsen. Steht nicht gen\u00fcgend <strong>Eigenkapital<\/strong> zur Verf\u00fcgung, dann hilft ein Kredit. Nicht selten wurde monatelang nach der richtigen Wohnung gesucht und dann muss der Umzug schnell durchgef\u00fchrt werden. Um das notwendige Kapital zu bekommen ist ein Kredit notwendig.<\/p>\n<h2>Der Sofortkredit: schnell und flexibel<\/h2>\n<p>Der <strong>Sofortkredit<\/strong> ist die wohl sinnvollste Variante. Er kann schnell, flexibel und unkompliziert aufgenommen werden. Die Vorteile, die ein <strong>Sofortkredi tf\u00fcr Umzug<\/strong> bieten kann sind f\u00fcr einen Umzug nahezu perfekt. Muss der Umzug innerhalb einer Woche durchgef\u00fchrt werden, dann bleibt wenig Zeit um ewig lange Kreditformulare auszuf\u00fcllen und auf eine Antwort seitens des Bankinstitutes zu warten. Ein Sofortkredit wird von der <strong>Antragstellung bis zur Auszahlung<\/strong> innerhalb von zwei Werktagen auf das eigene Konto \u00fcberwiesen. Vorteile, die vor einem Umzug ungeheuer wichtig sind.<\/p>\n<h3>Den g\u00fcnstigsten Zinssatz finden<\/h3>\n<p>Einen <strong>g\u00fcnstigen Zinssatz<\/strong> zu finden ist nicht unbedingt schwierig. Sinnvoll ist die Arbeit mit einem Vergleichssystem. <strong>Vergleichssysteme<\/strong> bieten das Privileg der Unabh\u00e4ngigkeit. Kein Kreditanbieter steht im Vordergrund, sondern lediglich die Leistung einzelner <strong>Kreditanbieter<\/strong> ist wesentlich. Diese Leistung wird dem Preisverh\u00e4ltnis gegen\u00fcbergestellt, wodurch der Verbraucher den vergleichsweise <strong>g\u00fcnstigsten Tarif<\/strong> sichten und <a href=\"http:\/\/www.dr-staedtler.de\/sofort-kredit\">sofort aufnehmen<\/a> kann. Bei einem <strong>Sofortkredit f\u00fcr Umzug<\/strong> verl\u00e4uft die Antragstellung ausschlie\u00dflich \u00fcber das Internet und dem Postweg. Dadurch bietet ein Sofortkredit eine \u00e4u\u00dferst schnelle Prozedur. L\u00e4sst es die eigene Bonit\u00e4t zu, so kann zus\u00e4tzlich eine <strong>Restschuldversicherung<\/strong> aufgenommen werden. Dadurch wird nicht nur das Gewissen des <strong>Kreditgebers<\/strong>, sondern auch das des<strong> Kreditnehmers<\/strong> beruhigt.<\/p>\n","protected":false},"excerpt":{"rendered":"<p>Ein Umzug kostet nicht nur Kraft, sondern auch Geld. M\u00f6belspediteure m\u00fcssen genauso bezahlt werden wie Umbauten und Renovierungen. Ein einfacher Kredit kann Abhilfe schaffen. Ein Umzug kann richtig teuer werden. Die Kosten, die getragen werden m\u00fcssen sind hoch. Gerade wenn ein Transport ins Ausland oder in eine weit entfernte Stadt notwendig ist, werden Kosten im [&hellip;]<\/p>\n","protected":false},"author":2,"featured_media":0,"parent":1081,"menu_order":0,"comment_status":"closed","ping_status":"open","template":"templates\/sidebar-right.php","meta":{"footnotes":""},"class_list":["post-973","page","type-page","status-publish","hentry"],"yoast_head":"<!-- This site is optimized with the Yoast SEO plugin v24.6 - https:\/\/yoast.com\/wordpress\/plugins\/seo\/ -->\n<title>Kredit f\u00fcr Umzug - Kostenlos online vergleichen<\/title>\n<meta name=\"description\" content=\"Kredit f\u00fcr Umzug: Ein Umzug kostet Kraft und vor allem Geld. F\u00fcr Renovierung und Kaution k\u00f6nnen schon gr\u00f6\u00dfere Summen zusammen kommen\" \/>\n<meta name=\"robots\" content=\"index, follow, max-snippet:-1, max-image-preview:large, max-video-preview:-1\" \/>\n<link rel=\"canonical\" href=\"https:\/\/www.dr-staedtler.de\/sofort-kredit\/arten\/fuer-umzug\" \/>\n<meta property=\"og:locale\" content=\"de_DE\" \/>\n<meta property=\"og:type\" content=\"article\" \/>\n<meta property=\"og:title\" content=\"Kredit f\u00fcr Umzug - Kostenlos online vergleichen\" \/>\n<meta property=\"og:description\" content=\"Kredit f\u00fcr Umzug: Ein Umzug kostet Kraft und vor allem Geld. F\u00fcr Renovierung und Kaution k\u00f6nnen schon gr\u00f6\u00dfere Summen zusammen kommen\" \/>\n<meta property=\"og:url\" content=\"https:\/\/www.dr-staedtler.de\/sofort-kredit\/arten\/fuer-umzug\" \/>\n<meta property=\"og:site_name\" content=\"Sofortkredit\" \/>\n<meta property=\"article:modified_time\" content=\"2017-05-23T10:16:19+00:00\" \/>\n<meta property=\"og:image\" content=\"http:\/\/www.dr-staedtler.de\/sofort-kredit\/wp-content\/uploads\/2012\/08\/umzugskosten-300x200.jpg\" \/>\n<meta name=\"twitter:card\" content=\"summary_large_image\" \/>\n<meta name=\"twitter:label1\" content=\"Gesch\u00e4tzte Lesezeit\" \/>\n\t<meta name=\"twitter:data1\" content=\"2\u00a0Minuten\" \/>\n<script type=\"application\/ld+json\" class=\"yoast-schema-graph\">{\"@context\":\"https:\/\/schema.org\",\"@graph\":[{\"@type\":\"WebPage\",\"@id\":\"https:\/\/www.dr-staedtler.de\/sofort-kredit\/arten\/fuer-umzug\",\"url\":\"https:\/\/www.dr-staedtler.de\/sofort-kredit\/arten\/fuer-umzug\",\"name\":\"Kredit f\u00fcr Umzug - Kostenlos online vergleichen\",\"isPartOf\":{\"@id\":\"http:\/\/www.dr-staedtler.de\/sofort-kredit\/#website\"},\"primaryImageOfPage\":{\"@id\":\"https:\/\/www.dr-staedtler.de\/sofort-kredit\/arten\/fuer-umzug#primaryimage\"},\"image\":{\"@id\":\"https:\/\/www.dr-staedtler.de\/sofort-kredit\/arten\/fuer-umzug#primaryimage\"},\"thumbnailUrl\":\"http:\/\/www.dr-staedtler.de\/sofort-kredit\/wp-content\/uploads\/2012\/08\/umzugskosten-300x200.jpg\",\"datePublished\":\"2012-08-30T15:42:38+00:00\",\"dateModified\":\"2017-05-23T10:16:19+00:00\",\"description\":\"Kredit f\u00fcr Umzug: Ein Umzug kostet Kraft und vor allem Geld. F\u00fcr Renovierung und Kaution k\u00f6nnen schon gr\u00f6\u00dfere Summen zusammen kommen\",\"breadcrumb\":{\"@id\":\"https:\/\/www.dr-staedtler.de\/sofort-kredit\/arten\/fuer-umzug#breadcrumb\"},\"inLanguage\":\"de\",\"potentialAction\":[{\"@type\":\"ReadAction\",\"target\":[\"https:\/\/www.dr-staedtler.de\/sofort-kredit\/arten\/fuer-umzug\"]}]},{\"@type\":\"ImageObject\",\"inLanguage\":\"de\",\"@id\":\"https:\/\/www.dr-staedtler.de\/sofort-kredit\/arten\/fuer-umzug#primaryimage\",\"url\":\"http:\/\/www.dr-staedtler.de\/sofort-kredit\/wp-content\/uploads\/2012\/08\/umzugskosten.jpg\",\"contentUrl\":\"http:\/\/www.dr-staedtler.de\/sofort-kredit\/wp-content\/uploads\/2012\/08\/umzugskosten.jpg\",\"width\":\"424\",\"height\":\"283\",\"caption\":\"Hohe Kosten f\u00fcr einen Umzug finanzieren\"},{\"@type\":\"BreadcrumbList\",\"@id\":\"https:\/\/www.dr-staedtler.de\/sofort-kredit\/arten\/fuer-umzug#breadcrumb\",\"itemListElement\":[{\"@type\":\"ListItem\",\"position\":1,\"name\":\"Home\",\"item\":\"https:\/\/www.dr-staedtler.de\/sofort-kredit\/\"},{\"@type\":\"ListItem\",\"position\":2,\"name\":\"Diese verschiedenen Kreditarten und Verwendungszwecke gibt es\",\"item\":\"https:\/\/www.dr-staedtler.de\/sofort-kredit\/arten\"},{\"@type\":\"ListItem\",\"position\":3,\"name\":\"Kredit f\u00fcr Umzug\"}]},{\"@type\":\"WebSite\",\"@id\":\"http:\/\/www.dr-staedtler.de\/sofort-kredit\/#website\",\"url\":\"http:\/\/www.dr-staedtler.de\/sofort-kredit\/\",\"name\":\"Sofortkredit\",\"description\":\"Der Sofortkredit im unabh\u00e4ngigen Vergleich\",\"potentialAction\":[{\"@type\":\"SearchAction\",\"target\":{\"@type\":\"EntryPoint\",\"urlTemplate\":\"http:\/\/www.dr-staedtler.de\/sofort-kredit\/?s={search_term_string}\"},\"query-input\":{\"@type\":\"PropertyValueSpecification\",\"valueRequired\":true,\"valueName\":\"search_term_string\"}}],\"inLanguage\":\"de\"}]}<\/script>\n<!-- \/ Yoast SEO plugin. -->","yoast_head_json":{"title":"Kredit f\u00fcr Umzug - Kostenlos online vergleichen","description":"Kredit f\u00fcr Umzug: Ein Umzug kostet Kraft und vor allem Geld. F\u00fcr Renovierung und Kaution k\u00f6nnen schon gr\u00f6\u00dfere Summen zusammen kommen","robots":{"index":"index","follow":"follow","max-snippet":"max-snippet:-1","max-image-preview":"max-image-preview:large","max-video-preview":"max-video-preview:-1"},"canonical":"https:\/\/www.dr-staedtler.de\/sofort-kredit\/arten\/fuer-umzug","og_locale":"de_DE","og_type":"article","og_title":"Kredit f\u00fcr Umzug - Kostenlos online vergleichen","og_description":"Kredit f\u00fcr Umzug: Ein Umzug kostet Kraft und vor allem Geld. F\u00fcr Renovierung und Kaution k\u00f6nnen schon gr\u00f6\u00dfere Summen zusammen kommen","og_url":"https:\/\/www.dr-staedtler.de\/sofort-kredit\/arten\/fuer-umzug","og_site_name":"Sofortkredit","article_modified_time":"2017-05-23T10:16:19+00:00","og_image":[{"url":"http:\/\/www.dr-staedtler.de\/sofort-kredit\/wp-content\/uploads\/2012\/08\/umzugskosten-300x200.jpg","type":"","width":"","height":""}],"twitter_card":"summary_large_image","twitter_misc":{"Gesch\u00e4tzte Lesezeit":"2\u00a0Minuten"},"schema":{"@context":"https:\/\/schema.org","@graph":[{"@type":"WebPage","@id":"https:\/\/www.dr-staedtler.de\/sofort-kredit\/arten\/fuer-umzug","url":"https:\/\/www.dr-staedtler.de\/sofort-kredit\/arten\/fuer-umzug","name":"Kredit f\u00fcr Umzug - Kostenlos online vergleichen","isPartOf":{"@id":"http:\/\/www.dr-staedtler.de\/sofort-kredit\/#website"},"primaryImageOfPage":{"@id":"https:\/\/www.dr-staedtler.de\/sofort-kredit\/arten\/fuer-umzug#primaryimage"},"image":{"@id":"https:\/\/www.dr-staedtler.de\/sofort-kredit\/arten\/fuer-umzug#primaryimage"},"thumbnailUrl":"http:\/\/www.dr-staedtler.de\/sofort-kredit\/wp-content\/uploads\/2012\/08\/umzugskosten-300x200.jpg","datePublished":"2012-08-30T15:42:38+00:00","dateModified":"2017-05-23T10:16:19+00:00","description":"Kredit f\u00fcr Umzug: Ein Umzug kostet Kraft und vor allem Geld. F\u00fcr Renovierung und Kaution k\u00f6nnen schon gr\u00f6\u00dfere Summen zusammen kommen","breadcrumb":{"@id":"https:\/\/www.dr-staedtler.de\/sofort-kredit\/arten\/fuer-umzug#breadcrumb"},"inLanguage":"de","potentialAction":[{"@type":"ReadAction","target":["https:\/\/www.dr-staedtler.de\/sofort-kredit\/arten\/fuer-umzug"]}]},{"@type":"ImageObject","inLanguage":"de","@id":"https:\/\/www.dr-staedtler.de\/sofort-kredit\/arten\/fuer-umzug#primaryimage","url":"http:\/\/www.dr-staedtler.de\/sofort-kredit\/wp-content\/uploads\/2012\/08\/umzugskosten.jpg","contentUrl":"http:\/\/www.dr-staedtler.de\/sofort-kredit\/wp-content\/uploads\/2012\/08\/umzugskosten.jpg","width":"424","height":"283","caption":"Hohe Kosten f\u00fcr einen Umzug finanzieren"},{"@type":"BreadcrumbList","@id":"https:\/\/www.dr-staedtler.de\/sofort-kredit\/arten\/fuer-umzug#breadcrumb","itemListElement":[{"@type":"ListItem","position":1,"name":"Home","item":"https:\/\/www.dr-staedtler.de\/sofort-kredit\/"},{"@type":"ListItem","position":2,"name":"Diese verschiedenen Kreditarten und Verwendungszwecke gibt es","item":"https:\/\/www.dr-staedtler.de\/sofort-kredit\/arten"},{"@type":"ListItem","position":3,"name":"Kredit f\u00fcr Umzug"}]},{"@type":"WebSite","@id":"http:\/\/www.dr-staedtler.de\/sofort-kredit\/#website","url":"http:\/\/www.dr-staedtler.de\/sofort-kredit\/","name":"Sofortkredit","description":"Der Sofortkredit im unabh\u00e4ngigen Vergleich","potentialAction":[{"@type":"SearchAction","target":{"@type":"EntryPoint","urlTemplate":"http:\/\/www.dr-staedtler.de\/sofort-kredit\/?s={search_term_string}"},"query-input":{"@type":"PropertyValueSpecification","valueRequired":true,"valueName":"search_term_string"}}],"inLanguage":"de"}]}},"_links":{"self":[{"href":"http:\/\/www.dr-staedtler.de\/sofort-kredit\/wp-json\/wp\/v2\/pages\/973","targetHints":{"allow":["GET"]}}],"collection":[{"href":"http:\/\/www.dr-staedtler.de\/sofort-kredit\/wp-json\/wp\/v2\/pages"}],"about":[{"href":"http:\/\/www.dr-staedtler.de\/sofort-kredit\/wp-json\/wp\/v2\/types\/page"}],"author":[{"embeddable":true,"href":"http:\/\/www.dr-staedtler.de\/sofort-kredit\/wp-json\/wp\/v2\/users\/2"}],"replies":[{"embeddable":true,"href":"http:\/\/www.dr-staedtler.de\/sofort-kredit\/wp-json\/wp\/v2\/comments?post=973"}],"version-history":[{"count":3,"href":"http:\/\/www.dr-staedtler.de\/sofort-kredit\/wp-json\/wp\/v2\/pages\/973\/revisions"}],"predecessor-version":[{"id":2564,"href":"http:\/\/www.dr-staedtler.de\/sofort-kredit\/wp-json\/wp\/v2\/pages\/973\/revisions\/2564"}],"up":[{"embeddable":true,"href":"http:\/\/www.dr-staedtler.de\/sofort-kredit\/wp-json\/wp\/v2\/pages\/1081"}],"wp:attachment":[{"href":"http:\/\/www.dr-staedtler.de\/sofort-kredit\/wp-json\/wp\/v2\/media?parent=973"}],"curies":[{"name":"wp","href":"https:\/\/api.w.org\/{rel}","templated":true}]}}