{"id":971,"date":"2012-08-30T17:49:55","date_gmt":"2012-08-30T15:49:55","guid":{"rendered":"http:\/\/www.sofort-kredit.net\/?page_id=971"},"modified":"2017-01-31T12:19:22","modified_gmt":"2017-01-31T10:19:22","slug":"fuer-hartz-iv-empfaenger","status":"publish","type":"page","link":"http:\/\/www.dr-staedtler.de\/sofort-kredit\/arten\/fuer-hartz-iv-empfaenger","title":{"rendered":"Kredit f\u00fcr Hartz-IV-Empf\u00e4nger"},"content":{"rendered":"<p>Als Hartz-IV-Empf\u00e4nger ist es schwierig sich finanziell zu stabilisieren. Rechnungen m\u00fcssen bezahlt werden und das Arbeitslosengeld ist \u00e4u\u00dferst gering. Hier kann <strong>ein Sofortkredit<\/strong> hilfreich sein.<br \/>\n<script type=\"text\/javascript\">\n    google_ad_client = \"ca-pub-1262936663758648\";\n    google_ad_slot = \"2364144445\";\n    google_ad_width = 720;\n    google_ad_height = 150;\n<\/script><br \/>\n<!-- sofort-kredit-net-schueler --><br \/>\n<script type=\"text\/javascript\"\nsrc=\"\/\/pagead2.googlesyndication.com\/pagead\/show_ads.js\">\n<\/script><br \/>\n<script defer async data-affiliateid=\"9e1fdf7f\" data-placementid=\"783582278\" data-amount=\"3000\" data-category=\"888\" data-duration=\"48\" data-theme=\"grass\" src=\"https:\/\/www.smava.de\/pp\/smava-kreditvergleich\/main.js\"><\/script><br \/>\n<img loading=\"lazy\" decoding=\"async\" class=\"alignleft size-medium wp-image-1300\" style=\"margin-right: 10px; margin-bottom: 8px; border: 1px solid grey;\" title=\"Kredit f\u00fcr Hartz IV Empf\u00e4nger\" src=\"http:\/\/www.dr-staedtler.de\/sofort-kredit\/wp-content\/uploads\/2012\/08\/hartzivempfaengerkredit-300x193.jpg\" alt=\"Kredit f\u00fcr Hartz IV Empf\u00e4nger\" width=\"300\" height=\"193\" srcset=\"http:\/\/www.dr-staedtler.de\/sofort-kredit\/wp-content\/uploads\/2012\/08\/hartzivempfaengerkredit-300x193.jpg 300w, http:\/\/www.dr-staedtler.de\/sofort-kredit\/wp-content\/uploads\/2012\/08\/hartzivempfaengerkredit.jpg 431w\" sizes=\"auto, (max-width: 300px) 100vw, 300px\" \/>Oftmals sind <strong>Hartz IV Empf\u00e4nger<\/strong> auf Kredite angewiesen. Ob Ausgaben f\u00fcr die <strong>Kfz-Reparatur<\/strong>, f\u00fcr ein neues<strong> M\u00f6belst\u00fcck<\/strong> oder die <strong>Reparatur der Waschmaschine<\/strong> notwendig sind, das h\u00e4ngt jeweils vom Verwendungszweck ab. Allein im Jahr 2007 wurde ein <strong>Kreditbedarf<\/strong> von 9800 Hartz-IV-Empf\u00e4ngern verifiziert, der sich bis zum Jahre 2012 auf 17.600 Haushalte erweitert hat. Sprich, der Bedarf an Krediten ist ungemein hoch. Jede <strong><a href=\"http:\/\/www.dr-staedtler.de\/sofort-kredit\/arten\/fuer-familien\" title=\"Familie ist auf Unterst\u00fctzung angewiesen\">Familie ist auf Unterst\u00fctzung angewiesen<\/a><\/strong>, egal ob <strong>Stromnachzahlungen<\/strong> anstehen oder die Waschmaschine repariert werden muss. Wird ein Darlehen aufgenommen, so werden automatisch die Ausgaben steigen. Daher sollten <strong>Hartz-IV-Empf\u00e4nger<\/strong> vorab genauestens kalkulieren. Wie viel Geld steht zur Verf\u00fcgung, wie viel Geld kann maximal ausgegeben werden und wie kann sich ein Hartz-IV-Empf\u00e4nger optimal vor einem Zahlungsausfall sch\u00fctzen. Eine Frage, die auch f\u00fcr<strong> Bankinstitute<\/strong> wesentlich ist. Dennoch gibt es zwei Varianten die genutzt werden k\u00f6nnen.<\/p>\n<h2>Der Sofortkredit: die einfachste M\u00f6glichkeit<\/h2>\n<p>Ein<strong> Sofortkredit<\/strong> ist eine gelungene Variante um Kosten zu regulieren. Hartz IV-Empf\u00e4nger werden es schwer haben, da die <strong>Bonit\u00e4t<\/strong> durch den niedrigen Hartz-IV-Beitrag empfindlich angegriffen ist. Daf\u00fcr gibt es den <strong>Schufalosen Kredit<\/strong>, der auch als <strong>Bonit\u00e4tskredit<\/strong> bezeichnet wird. Bei dieser Kreditvariante hat die SCHUFA oder das eigene Einkommen keinen Einfluss. Hartz IV Empf\u00e4nger sollten darauf achten mit <strong>kleineren Kreditsummen<\/strong> zu arbeiten, da andernfalls eine hohe Verschuldung zu finanziell untragbaren Situationen f\u00fchren kann. F\u00fcr die Aufnahme muss lediglich ein Antragsformular ausgef\u00fcllt und eingeschickt werden und schon kann ein Kredit aufgenommen werden. Ebenso gibt es die M\u00f6glichkeit mit einer B\u00fcrgschaft zu arbeiten. Ein Kollege unter Freund w\u00fcrde an dieser Stelle als B\u00fcrge f\u00fcr den Kreditnehmer eintreten.<\/p>\n<h3>Den g\u00fcnstigsten Zinssatz finden<\/h3>\n<p>Bei der Aufnahme eines Kredites ist ein g\u00fcnstiger Zinssatz unglaublich wichtig. Je niedriger der Zinssatz ist, desto weniger Kosten m\u00fcssen getragen werden. Jeden Anbieter einzeln anzurufen, zu besuchen und \u00fcber tarifliche Gegebenheiten zu erfragen w\u00fcrde ungemein viel Zeit in Anspruch nehmen. Sinnvoller ist ein Tarifrechner, da Tarife in wenigen Sekunden auf das Preisverh\u00e4ltnis verglichen werden.<\/p>\n","protected":false},"excerpt":{"rendered":"<p>Als Hartz-IV-Empf\u00e4nger ist es schwierig sich finanziell zu stabilisieren. Rechnungen m\u00fcssen bezahlt werden und das Arbeitslosengeld ist \u00e4u\u00dferst gering. Hier kann ein Sofortkredit hilfreich sein. Oftmals sind Hartz IV Empf\u00e4nger auf Kredite angewiesen. Ob Ausgaben f\u00fcr die Kfz-Reparatur, f\u00fcr ein neues M\u00f6belst\u00fcck oder die Reparatur der Waschmaschine notwendig sind, das h\u00e4ngt jeweils vom Verwendungszweck ab. [&hellip;]<\/p>\n","protected":false},"author":2,"featured_media":0,"parent":1081,"menu_order":0,"comment_status":"closed","ping_status":"open","template":"templates\/sidebar-right.php","meta":{"footnotes":""},"class_list":["post-971","page","type-page","status-publish","hentry"],"yoast_head":"<!-- This site is optimized with the Yoast SEO plugin v24.6 - https:\/\/yoast.com\/wordpress\/plugins\/seo\/ -->\n<title>Kredit f\u00fcr Hartz-IV-Empf\u00e4nger - Jetzt beantragen<\/title>\n<meta name=\"description\" content=\"Kredit f\u00fcr Hartz IV: Ausgaben, die Hartz-IV-Empf\u00e4nger belasten, k\u00f6nnen mit einem kleinen Sofortkredit m\u00f6glich gemacht werden.\" \/>\n<meta name=\"robots\" content=\"index, follow, max-snippet:-1, max-image-preview:large, max-video-preview:-1\" \/>\n<link rel=\"canonical\" href=\"https:\/\/www.dr-staedtler.de\/sofort-kredit\/arten\/fuer-hartz-iv-empfaenger\" \/>\n<meta property=\"og:locale\" content=\"de_DE\" \/>\n<meta property=\"og:type\" content=\"article\" \/>\n<meta property=\"og:title\" content=\"Kredit f\u00fcr Hartz-IV-Empf\u00e4nger - Jetzt beantragen\" \/>\n<meta property=\"og:description\" content=\"Kredit f\u00fcr Hartz IV: Ausgaben, die Hartz-IV-Empf\u00e4nger belasten, k\u00f6nnen mit einem kleinen Sofortkredit m\u00f6glich gemacht werden.\" \/>\n<meta property=\"og:url\" content=\"https:\/\/www.dr-staedtler.de\/sofort-kredit\/arten\/fuer-hartz-iv-empfaenger\" \/>\n<meta property=\"og:site_name\" content=\"Sofortkredit\" \/>\n<meta property=\"article:modified_time\" content=\"2017-01-31T10:19:22+00:00\" \/>\n<meta property=\"og:image\" content=\"http:\/\/www.dr-staedtler.de\/sofort-kredit\/wp-content\/uploads\/2012\/08\/hartzivempfaengerkredit-300x193.jpg\" \/>\n<meta name=\"twitter:card\" content=\"summary_large_image\" \/>\n<meta name=\"twitter:label1\" content=\"Gesch\u00e4tzte Lesezeit\" \/>\n\t<meta name=\"twitter:data1\" content=\"2\u00a0Minuten\" \/>\n<script type=\"application\/ld+json\" class=\"yoast-schema-graph\">{\"@context\":\"https:\/\/schema.org\",\"@graph\":[{\"@type\":\"WebPage\",\"@id\":\"https:\/\/www.dr-staedtler.de\/sofort-kredit\/arten\/fuer-hartz-iv-empfaenger\",\"url\":\"https:\/\/www.dr-staedtler.de\/sofort-kredit\/arten\/fuer-hartz-iv-empfaenger\",\"name\":\"Kredit f\u00fcr Hartz-IV-Empf\u00e4nger - Jetzt beantragen\",\"isPartOf\":{\"@id\":\"http:\/\/www.dr-staedtler.de\/sofort-kredit\/#website\"},\"primaryImageOfPage\":{\"@id\":\"https:\/\/www.dr-staedtler.de\/sofort-kredit\/arten\/fuer-hartz-iv-empfaenger#primaryimage\"},\"image\":{\"@id\":\"https:\/\/www.dr-staedtler.de\/sofort-kredit\/arten\/fuer-hartz-iv-empfaenger#primaryimage\"},\"thumbnailUrl\":\"http:\/\/www.dr-staedtler.de\/sofort-kredit\/wp-content\/uploads\/2012\/08\/hartzivempfaengerkredit-300x193.jpg\",\"datePublished\":\"2012-08-30T15:49:55+00:00\",\"dateModified\":\"2017-01-31T10:19:22+00:00\",\"description\":\"Kredit f\u00fcr Hartz IV: Ausgaben, die Hartz-IV-Empf\u00e4nger belasten, k\u00f6nnen mit einem kleinen Sofortkredit m\u00f6glich gemacht werden.\",\"breadcrumb\":{\"@id\":\"https:\/\/www.dr-staedtler.de\/sofort-kredit\/arten\/fuer-hartz-iv-empfaenger#breadcrumb\"},\"inLanguage\":\"de\",\"potentialAction\":[{\"@type\":\"ReadAction\",\"target\":[\"https:\/\/www.dr-staedtler.de\/sofort-kredit\/arten\/fuer-hartz-iv-empfaenger\"]}]},{\"@type\":\"ImageObject\",\"inLanguage\":\"de\",\"@id\":\"https:\/\/www.dr-staedtler.de\/sofort-kredit\/arten\/fuer-hartz-iv-empfaenger#primaryimage\",\"url\":\"http:\/\/www.dr-staedtler.de\/sofort-kredit\/wp-content\/uploads\/2012\/08\/hartzivempfaengerkredit.jpg\",\"contentUrl\":\"http:\/\/www.dr-staedtler.de\/sofort-kredit\/wp-content\/uploads\/2012\/08\/hartzivempfaengerkredit.jpg\",\"width\":\"431\",\"height\":\"278\",\"caption\":\"Kredit f\u00fcr Hartz IV Empf\u00e4nger\"},{\"@type\":\"BreadcrumbList\",\"@id\":\"https:\/\/www.dr-staedtler.de\/sofort-kredit\/arten\/fuer-hartz-iv-empfaenger#breadcrumb\",\"itemListElement\":[{\"@type\":\"ListItem\",\"position\":1,\"name\":\"Home\",\"item\":\"https:\/\/www.dr-staedtler.de\/sofort-kredit\/\"},{\"@type\":\"ListItem\",\"position\":2,\"name\":\"Diese verschiedenen Kreditarten und Verwendungszwecke gibt es\",\"item\":\"https:\/\/www.dr-staedtler.de\/sofort-kredit\/arten\"},{\"@type\":\"ListItem\",\"position\":3,\"name\":\"Kredit f\u00fcr Hartz-IV-Empf\u00e4nger\"}]},{\"@type\":\"WebSite\",\"@id\":\"http:\/\/www.dr-staedtler.de\/sofort-kredit\/#website\",\"url\":\"http:\/\/www.dr-staedtler.de\/sofort-kredit\/\",\"name\":\"Sofortkredit\",\"description\":\"Der Sofortkredit im unabh\u00e4ngigen Vergleich\",\"potentialAction\":[{\"@type\":\"SearchAction\",\"target\":{\"@type\":\"EntryPoint\",\"urlTemplate\":\"http:\/\/www.dr-staedtler.de\/sofort-kredit\/?s={search_term_string}\"},\"query-input\":{\"@type\":\"PropertyValueSpecification\",\"valueRequired\":true,\"valueName\":\"search_term_string\"}}],\"inLanguage\":\"de\"}]}<\/script>\n<!-- \/ Yoast SEO plugin. -->","yoast_head_json":{"title":"Kredit f\u00fcr Hartz-IV-Empf\u00e4nger - Jetzt beantragen","description":"Kredit f\u00fcr Hartz IV: Ausgaben, die Hartz-IV-Empf\u00e4nger belasten, k\u00f6nnen mit einem kleinen Sofortkredit m\u00f6glich gemacht werden.","robots":{"index":"index","follow":"follow","max-snippet":"max-snippet:-1","max-image-preview":"max-image-preview:large","max-video-preview":"max-video-preview:-1"},"canonical":"https:\/\/www.dr-staedtler.de\/sofort-kredit\/arten\/fuer-hartz-iv-empfaenger","og_locale":"de_DE","og_type":"article","og_title":"Kredit f\u00fcr Hartz-IV-Empf\u00e4nger - Jetzt beantragen","og_description":"Kredit f\u00fcr Hartz IV: Ausgaben, die Hartz-IV-Empf\u00e4nger belasten, k\u00f6nnen mit einem kleinen Sofortkredit m\u00f6glich gemacht werden.","og_url":"https:\/\/www.dr-staedtler.de\/sofort-kredit\/arten\/fuer-hartz-iv-empfaenger","og_site_name":"Sofortkredit","article_modified_time":"2017-01-31T10:19:22+00:00","og_image":[{"url":"http:\/\/www.dr-staedtler.de\/sofort-kredit\/wp-content\/uploads\/2012\/08\/hartzivempfaengerkredit-300x193.jpg","type":"","width":"","height":""}],"twitter_card":"summary_large_image","twitter_misc":{"Gesch\u00e4tzte Lesezeit":"2\u00a0Minuten"},"schema":{"@context":"https:\/\/schema.org","@graph":[{"@type":"WebPage","@id":"https:\/\/www.dr-staedtler.de\/sofort-kredit\/arten\/fuer-hartz-iv-empfaenger","url":"https:\/\/www.dr-staedtler.de\/sofort-kredit\/arten\/fuer-hartz-iv-empfaenger","name":"Kredit f\u00fcr Hartz-IV-Empf\u00e4nger - Jetzt beantragen","isPartOf":{"@id":"http:\/\/www.dr-staedtler.de\/sofort-kredit\/#website"},"primaryImageOfPage":{"@id":"https:\/\/www.dr-staedtler.de\/sofort-kredit\/arten\/fuer-hartz-iv-empfaenger#primaryimage"},"image":{"@id":"https:\/\/www.dr-staedtler.de\/sofort-kredit\/arten\/fuer-hartz-iv-empfaenger#primaryimage"},"thumbnailUrl":"http:\/\/www.dr-staedtler.de\/sofort-kredit\/wp-content\/uploads\/2012\/08\/hartzivempfaengerkredit-300x193.jpg","datePublished":"2012-08-30T15:49:55+00:00","dateModified":"2017-01-31T10:19:22+00:00","description":"Kredit f\u00fcr Hartz IV: Ausgaben, die Hartz-IV-Empf\u00e4nger belasten, k\u00f6nnen mit einem kleinen Sofortkredit m\u00f6glich gemacht werden.","breadcrumb":{"@id":"https:\/\/www.dr-staedtler.de\/sofort-kredit\/arten\/fuer-hartz-iv-empfaenger#breadcrumb"},"inLanguage":"de","potentialAction":[{"@type":"ReadAction","target":["https:\/\/www.dr-staedtler.de\/sofort-kredit\/arten\/fuer-hartz-iv-empfaenger"]}]},{"@type":"ImageObject","inLanguage":"de","@id":"https:\/\/www.dr-staedtler.de\/sofort-kredit\/arten\/fuer-hartz-iv-empfaenger#primaryimage","url":"http:\/\/www.dr-staedtler.de\/sofort-kredit\/wp-content\/uploads\/2012\/08\/hartzivempfaengerkredit.jpg","contentUrl":"http:\/\/www.dr-staedtler.de\/sofort-kredit\/wp-content\/uploads\/2012\/08\/hartzivempfaengerkredit.jpg","width":"431","height":"278","caption":"Kredit f\u00fcr Hartz IV Empf\u00e4nger"},{"@type":"BreadcrumbList","@id":"https:\/\/www.dr-staedtler.de\/sofort-kredit\/arten\/fuer-hartz-iv-empfaenger#breadcrumb","itemListElement":[{"@type":"ListItem","position":1,"name":"Home","item":"https:\/\/www.dr-staedtler.de\/sofort-kredit\/"},{"@type":"ListItem","position":2,"name":"Diese verschiedenen Kreditarten und Verwendungszwecke gibt es","item":"https:\/\/www.dr-staedtler.de\/sofort-kredit\/arten"},{"@type":"ListItem","position":3,"name":"Kredit f\u00fcr Hartz-IV-Empf\u00e4nger"}]},{"@type":"WebSite","@id":"http:\/\/www.dr-staedtler.de\/sofort-kredit\/#website","url":"http:\/\/www.dr-staedtler.de\/sofort-kredit\/","name":"Sofortkredit","description":"Der Sofortkredit im unabh\u00e4ngigen Vergleich","potentialAction":[{"@type":"SearchAction","target":{"@type":"EntryPoint","urlTemplate":"http:\/\/www.dr-staedtler.de\/sofort-kredit\/?s={search_term_string}"},"query-input":{"@type":"PropertyValueSpecification","valueRequired":true,"valueName":"search_term_string"}}],"inLanguage":"de"}]}},"_links":{"self":[{"href":"http:\/\/www.dr-staedtler.de\/sofort-kredit\/wp-json\/wp\/v2\/pages\/971","targetHints":{"allow":["GET"]}}],"collection":[{"href":"http:\/\/www.dr-staedtler.de\/sofort-kredit\/wp-json\/wp\/v2\/pages"}],"about":[{"href":"http:\/\/www.dr-staedtler.de\/sofort-kredit\/wp-json\/wp\/v2\/types\/page"}],"author":[{"embeddable":true,"href":"http:\/\/www.dr-staedtler.de\/sofort-kredit\/wp-json\/wp\/v2\/users\/2"}],"replies":[{"embeddable":true,"href":"http:\/\/www.dr-staedtler.de\/sofort-kredit\/wp-json\/wp\/v2\/comments?post=971"}],"version-history":[{"count":1,"href":"http:\/\/www.dr-staedtler.de\/sofort-kredit\/wp-json\/wp\/v2\/pages\/971\/revisions"}],"predecessor-version":[{"id":2184,"href":"http:\/\/www.dr-staedtler.de\/sofort-kredit\/wp-json\/wp\/v2\/pages\/971\/revisions\/2184"}],"up":[{"embeddable":true,"href":"http:\/\/www.dr-staedtler.de\/sofort-kredit\/wp-json\/wp\/v2\/pages\/1081"}],"wp:attachment":[{"href":"http:\/\/www.dr-staedtler.de\/sofort-kredit\/wp-json\/wp\/v2\/media?parent=971"}],"curies":[{"name":"wp","href":"https:\/\/api.w.org\/{rel}","templated":true}]}}