{"id":969,"date":"2012-08-28T15:12:21","date_gmt":"2012-08-28T13:12:21","guid":{"rendered":"http:\/\/www.sofort-kredit.net\/?page_id=969"},"modified":"2017-05-23T12:14:52","modified_gmt":"2017-05-23T10:14:52","slug":"fuer-soldaten","status":"publish","type":"page","link":"http:\/\/www.dr-staedtler.de\/sofort-kredit\/arten\/fuer-soldaten","title":{"rendered":"Kredit f\u00fcr Soldaten"},"content":{"rendered":"<p>Berufssoldaten und Zeitsoldaten die schnell einen Kredit ben\u00f6tigen,\u00a0k\u00f6nnen auch von einem <strong>g\u00fcnstigen Sofortkredit<\/strong> profitieren.<br \/>\n<script defer=\"\" async=\"\" data-affiliateid=\"9e1fdf7f\" data-placementid=\"783582278\" data-amount=\"10000\" data-category=\"\" data-duration=\"84\" src=\"https:\/\/www.smava.de\/pp\/smava-kreditvergleich\/main.js\"><\/script><br \/>\n<strong>Zeitsoldaten<\/strong> aber auch <strong>Berufssoldaten<\/strong> haben die M\u00f6glichkeit den <strong>SCHUFA-freien Kredit<\/strong> zu nutzen. Daf\u00fcr muss lediglich einen aktive Dienstzeit von mindestens zw\u00f6lf Monaten nachgewiesen werden. <strong>Kreditinstitute<\/strong> legen viel Wert auf Einkommensvoraussetzungen, die Zeitsoldaten bieten k\u00f6nnen. Dabei gibt es verschiedene Kreditvarianten. So das <strong>Beamtendarlehen<\/strong>, Ratenkredite und <strong>Kredite ohne SCHUFA<\/strong>. Empfehlenswert ist der <strong>Sofortkredit,<\/strong> da dieser innerhalb von lediglich zwei Tagen aufgenommen werden kann. Ist der Soldat f\u00fcr mindestens sechs Monate im Dienst, so ist das Verfahren der Kreditaufnahme \u00e4u\u00dferst einfach. Dennoch sollte beachtet werden, dass hier die Laufzeit auf nicht l\u00e4nger als drei Monate festgelegt werden kann. <a href=\"http:\/\/www.dr-staedtler.de\/sofort-kredit\/sofort-kredit-ohne-schufa\">Kredite ohne SCHUFA<\/a> k\u00f6nnen dagegen auf bis zu zw\u00f6lf Monate erweitert werden, sofern ein Nachweis mitgebracht werden kann.<\/p>\n<h2>Der Sofortkredit: ein rentables Kreditmodell<\/h2>\n<p><img loading=\"lazy\" decoding=\"async\" class=\"alignleft size-medium wp-image-1174\" style=\"margin-right: 10px; margin-bottom: 8px; border: 1px solid grey;\" title=\"G\u00fcnstigen Kredit f\u00fcr Soldaten\" src=\"http:\/\/www.dr-staedtler.de\/sofort-kredit\/wp-content\/uploads\/2012\/08\/soldaten-300x199.jpg\" alt=\"G\u00fcnstigen Kredit f\u00fcr Soldaten\" width=\"300\" height=\"199\" srcset=\"http:\/\/www.dr-staedtler.de\/sofort-kredit\/wp-content\/uploads\/2012\/08\/soldaten-300x199.jpg 300w, http:\/\/www.dr-staedtler.de\/sofort-kredit\/wp-content\/uploads\/2012\/08\/soldaten.jpg 425w\" sizes=\"auto, (max-width: 300px) 100vw, 300px\" \/>Mit der Entwicklung des Internets hat sich der <strong> Sofortkredit f\u00fcr Soldaten <\/strong>sehr schnell zum Kassenschlager entwickelt. Da die Formalit\u00e4ten \u00e4u\u00dferst bequem gel\u00f6st werden k\u00f6nnen und ein Tarif mit nur wenig Aufwand aufgenommen werden kann ist ein Sofortkredit eine willkommene Ma\u00dfnahme. Um den <a href=\"http:\/\/www.dr-staedtler.de\/sofort-kredit\">g\u00fcnstigsten Tarif zu finden lohnt sich der <strong>Vergleichsrechner<\/strong><\/a>. Unkompliziert zu bedienen werden optimale Tarifverh\u00e4ltnisse innerhalb von wenigen Sekunden herausgefiltert. Diese Voraussetzung ist gerade dann wichtig, wird eine <strong>Kreditsumme<\/strong> innerhalb von zwei Werktagen ben\u00f6tigt. So beispielsweise ein g\u00fcnstiger Zinssatz, eine angepasste Ratenzahlung und ein <strong>gutes Ratenmodell<\/strong>.<\/p>\n<h3>Kredite mit Qualit\u00e4t machen sich bezahlt<\/h3>\n<p>Kredite, die eine gute Qualit\u00e4t besitzen, sind f\u00fcr den<strong> Kreditnehmer<\/strong> n\u00fctzlich. Die Schuldenlast muss getilgt werden, wobei der Zinssatz die <strong>gesamte Kreditsumme<\/strong> um den erhaltenen Betrag erh\u00f6ht. Bel\u00e4uft sich der Zinssatz auf zehn Prozent, so muss f\u00fcr jede Rate 10 Prozent zus\u00e4tzlich getilgt werden. Bel\u00e4uft sich der Zinssatz auf lediglich f\u00fcnf Prozent, so m\u00fcssen nur f\u00fcnf Prozent getilgt werden. Bei einer Summe von 10.000 Euro k\u00f6nnen also 500 Euro gespart werden. <strong>Ein<\/strong> <strong>Vergleich hilft<\/strong> dabei Anbieter zu verifizieren die den g\u00fcnstigsten Zinssatz zur Verf\u00fcgung stellen k\u00f6nnen. Zur Aufnahme eines <strong>Sofortkredites<\/strong> ist ein Vergleich die schnellste und einfachste Ma\u00dfnahme.<\/p>\n","protected":false},"excerpt":{"rendered":"<p>Berufssoldaten und Zeitsoldaten die schnell einen Kredit ben\u00f6tigen,\u00a0k\u00f6nnen auch von einem g\u00fcnstigen Sofortkredit profitieren. Zeitsoldaten aber auch Berufssoldaten haben die M\u00f6glichkeit den SCHUFA-freien Kredit zu nutzen. Daf\u00fcr muss lediglich einen aktive Dienstzeit von mindestens zw\u00f6lf Monaten nachgewiesen werden. Kreditinstitute legen viel Wert auf Einkommensvoraussetzungen, die Zeitsoldaten bieten k\u00f6nnen. Dabei gibt es verschiedene Kreditvarianten. So das [&hellip;]<\/p>\n","protected":false},"author":2,"featured_media":0,"parent":1081,"menu_order":0,"comment_status":"closed","ping_status":"open","template":"templates\/sidebar-right.php","meta":{"footnotes":""},"class_list":["post-969","page","type-page","status-publish","hentry"],"yoast_head":"<!-- This site is optimized with the Yoast SEO plugin v24.6 - https:\/\/yoast.com\/wordpress\/plugins\/seo\/ -->\n<title>Kredit f\u00fcr Soldaten - Jetzt vergleichen und beantragen<\/title>\n<meta name=\"description\" content=\"Kredit f\u00fcr Soldaten: Soldaten und Zeitsoldaten k\u00f6nnen ebenfalls einen Sofortkredit n\u00f6tig haben, der Kreditvergleich zeigt die g\u00fcnstigsten Angebote\" \/>\n<meta name=\"robots\" content=\"index, follow, max-snippet:-1, max-image-preview:large, max-video-preview:-1\" \/>\n<link rel=\"canonical\" href=\"https:\/\/www.dr-staedtler.de\/sofort-kredit\/arten\/fuer-soldaten\" \/>\n<meta property=\"og:locale\" content=\"de_DE\" \/>\n<meta property=\"og:type\" content=\"article\" \/>\n<meta property=\"og:title\" content=\"Kredit f\u00fcr Soldaten - Jetzt vergleichen und beantragen\" \/>\n<meta property=\"og:description\" content=\"Kredit f\u00fcr Soldaten: Soldaten und Zeitsoldaten k\u00f6nnen ebenfalls einen Sofortkredit n\u00f6tig haben, der Kreditvergleich zeigt die g\u00fcnstigsten Angebote\" \/>\n<meta property=\"og:url\" content=\"https:\/\/www.dr-staedtler.de\/sofort-kredit\/arten\/fuer-soldaten\" \/>\n<meta property=\"og:site_name\" content=\"Sofortkredit\" \/>\n<meta property=\"article:modified_time\" content=\"2017-05-23T10:14:52+00:00\" \/>\n<meta property=\"og:image\" content=\"http:\/\/www.dr-staedtler.de\/sofort-kredit\/wp-content\/uploads\/2012\/08\/soldaten-300x199.jpg\" \/>\n<meta name=\"twitter:card\" content=\"summary_large_image\" \/>\n<meta name=\"twitter:label1\" content=\"Gesch\u00e4tzte Lesezeit\" \/>\n\t<meta name=\"twitter:data1\" content=\"2\u00a0Minuten\" \/>\n<script type=\"application\/ld+json\" class=\"yoast-schema-graph\">{\"@context\":\"https:\/\/schema.org\",\"@graph\":[{\"@type\":\"WebPage\",\"@id\":\"https:\/\/www.dr-staedtler.de\/sofort-kredit\/arten\/fuer-soldaten\",\"url\":\"https:\/\/www.dr-staedtler.de\/sofort-kredit\/arten\/fuer-soldaten\",\"name\":\"Kredit f\u00fcr Soldaten - Jetzt vergleichen und beantragen\",\"isPartOf\":{\"@id\":\"http:\/\/www.dr-staedtler.de\/sofort-kredit\/#website\"},\"primaryImageOfPage\":{\"@id\":\"https:\/\/www.dr-staedtler.de\/sofort-kredit\/arten\/fuer-soldaten#primaryimage\"},\"image\":{\"@id\":\"https:\/\/www.dr-staedtler.de\/sofort-kredit\/arten\/fuer-soldaten#primaryimage\"},\"thumbnailUrl\":\"http:\/\/www.dr-staedtler.de\/sofort-kredit\/wp-content\/uploads\/2012\/08\/soldaten-300x199.jpg\",\"datePublished\":\"2012-08-28T13:12:21+00:00\",\"dateModified\":\"2017-05-23T10:14:52+00:00\",\"description\":\"Kredit f\u00fcr Soldaten: Soldaten und Zeitsoldaten k\u00f6nnen ebenfalls einen Sofortkredit n\u00f6tig haben, der Kreditvergleich zeigt die g\u00fcnstigsten Angebote\",\"breadcrumb\":{\"@id\":\"https:\/\/www.dr-staedtler.de\/sofort-kredit\/arten\/fuer-soldaten#breadcrumb\"},\"inLanguage\":\"de\",\"potentialAction\":[{\"@type\":\"ReadAction\",\"target\":[\"https:\/\/www.dr-staedtler.de\/sofort-kredit\/arten\/fuer-soldaten\"]}]},{\"@type\":\"ImageObject\",\"inLanguage\":\"de\",\"@id\":\"https:\/\/www.dr-staedtler.de\/sofort-kredit\/arten\/fuer-soldaten#primaryimage\",\"url\":\"http:\/\/www.dr-staedtler.de\/sofort-kredit\/wp-content\/uploads\/2012\/08\/soldaten.jpg\",\"contentUrl\":\"http:\/\/www.dr-staedtler.de\/sofort-kredit\/wp-content\/uploads\/2012\/08\/soldaten.jpg\",\"width\":\"425\",\"height\":\"282\",\"caption\":\"G\u00fcnstigen Kredit f\u00fcr Soldaten\"},{\"@type\":\"BreadcrumbList\",\"@id\":\"https:\/\/www.dr-staedtler.de\/sofort-kredit\/arten\/fuer-soldaten#breadcrumb\",\"itemListElement\":[{\"@type\":\"ListItem\",\"position\":1,\"name\":\"Home\",\"item\":\"https:\/\/www.dr-staedtler.de\/sofort-kredit\/\"},{\"@type\":\"ListItem\",\"position\":2,\"name\":\"Diese verschiedenen Kreditarten und Verwendungszwecke gibt es\",\"item\":\"https:\/\/www.dr-staedtler.de\/sofort-kredit\/arten\"},{\"@type\":\"ListItem\",\"position\":3,\"name\":\"Kredit f\u00fcr Soldaten\"}]},{\"@type\":\"WebSite\",\"@id\":\"http:\/\/www.dr-staedtler.de\/sofort-kredit\/#website\",\"url\":\"http:\/\/www.dr-staedtler.de\/sofort-kredit\/\",\"name\":\"Sofortkredit\",\"description\":\"Der Sofortkredit im unabh\u00e4ngigen Vergleich\",\"potentialAction\":[{\"@type\":\"SearchAction\",\"target\":{\"@type\":\"EntryPoint\",\"urlTemplate\":\"http:\/\/www.dr-staedtler.de\/sofort-kredit\/?s={search_term_string}\"},\"query-input\":{\"@type\":\"PropertyValueSpecification\",\"valueRequired\":true,\"valueName\":\"search_term_string\"}}],\"inLanguage\":\"de\"}]}<\/script>\n<!-- \/ Yoast SEO plugin. -->","yoast_head_json":{"title":"Kredit f\u00fcr Soldaten - Jetzt vergleichen und beantragen","description":"Kredit f\u00fcr Soldaten: Soldaten und Zeitsoldaten k\u00f6nnen ebenfalls einen Sofortkredit n\u00f6tig haben, der Kreditvergleich zeigt die g\u00fcnstigsten Angebote","robots":{"index":"index","follow":"follow","max-snippet":"max-snippet:-1","max-image-preview":"max-image-preview:large","max-video-preview":"max-video-preview:-1"},"canonical":"https:\/\/www.dr-staedtler.de\/sofort-kredit\/arten\/fuer-soldaten","og_locale":"de_DE","og_type":"article","og_title":"Kredit f\u00fcr Soldaten - Jetzt vergleichen und beantragen","og_description":"Kredit f\u00fcr Soldaten: Soldaten und Zeitsoldaten k\u00f6nnen ebenfalls einen Sofortkredit n\u00f6tig haben, der Kreditvergleich zeigt die g\u00fcnstigsten Angebote","og_url":"https:\/\/www.dr-staedtler.de\/sofort-kredit\/arten\/fuer-soldaten","og_site_name":"Sofortkredit","article_modified_time":"2017-05-23T10:14:52+00:00","og_image":[{"url":"http:\/\/www.dr-staedtler.de\/sofort-kredit\/wp-content\/uploads\/2012\/08\/soldaten-300x199.jpg","type":"","width":"","height":""}],"twitter_card":"summary_large_image","twitter_misc":{"Gesch\u00e4tzte Lesezeit":"2\u00a0Minuten"},"schema":{"@context":"https:\/\/schema.org","@graph":[{"@type":"WebPage","@id":"https:\/\/www.dr-staedtler.de\/sofort-kredit\/arten\/fuer-soldaten","url":"https:\/\/www.dr-staedtler.de\/sofort-kredit\/arten\/fuer-soldaten","name":"Kredit f\u00fcr Soldaten - Jetzt vergleichen und beantragen","isPartOf":{"@id":"http:\/\/www.dr-staedtler.de\/sofort-kredit\/#website"},"primaryImageOfPage":{"@id":"https:\/\/www.dr-staedtler.de\/sofort-kredit\/arten\/fuer-soldaten#primaryimage"},"image":{"@id":"https:\/\/www.dr-staedtler.de\/sofort-kredit\/arten\/fuer-soldaten#primaryimage"},"thumbnailUrl":"http:\/\/www.dr-staedtler.de\/sofort-kredit\/wp-content\/uploads\/2012\/08\/soldaten-300x199.jpg","datePublished":"2012-08-28T13:12:21+00:00","dateModified":"2017-05-23T10:14:52+00:00","description":"Kredit f\u00fcr Soldaten: Soldaten und Zeitsoldaten k\u00f6nnen ebenfalls einen Sofortkredit n\u00f6tig haben, der Kreditvergleich zeigt die g\u00fcnstigsten Angebote","breadcrumb":{"@id":"https:\/\/www.dr-staedtler.de\/sofort-kredit\/arten\/fuer-soldaten#breadcrumb"},"inLanguage":"de","potentialAction":[{"@type":"ReadAction","target":["https:\/\/www.dr-staedtler.de\/sofort-kredit\/arten\/fuer-soldaten"]}]},{"@type":"ImageObject","inLanguage":"de","@id":"https:\/\/www.dr-staedtler.de\/sofort-kredit\/arten\/fuer-soldaten#primaryimage","url":"http:\/\/www.dr-staedtler.de\/sofort-kredit\/wp-content\/uploads\/2012\/08\/soldaten.jpg","contentUrl":"http:\/\/www.dr-staedtler.de\/sofort-kredit\/wp-content\/uploads\/2012\/08\/soldaten.jpg","width":"425","height":"282","caption":"G\u00fcnstigen Kredit f\u00fcr Soldaten"},{"@type":"BreadcrumbList","@id":"https:\/\/www.dr-staedtler.de\/sofort-kredit\/arten\/fuer-soldaten#breadcrumb","itemListElement":[{"@type":"ListItem","position":1,"name":"Home","item":"https:\/\/www.dr-staedtler.de\/sofort-kredit\/"},{"@type":"ListItem","position":2,"name":"Diese verschiedenen Kreditarten und Verwendungszwecke gibt es","item":"https:\/\/www.dr-staedtler.de\/sofort-kredit\/arten"},{"@type":"ListItem","position":3,"name":"Kredit f\u00fcr Soldaten"}]},{"@type":"WebSite","@id":"http:\/\/www.dr-staedtler.de\/sofort-kredit\/#website","url":"http:\/\/www.dr-staedtler.de\/sofort-kredit\/","name":"Sofortkredit","description":"Der Sofortkredit im unabh\u00e4ngigen Vergleich","potentialAction":[{"@type":"SearchAction","target":{"@type":"EntryPoint","urlTemplate":"http:\/\/www.dr-staedtler.de\/sofort-kredit\/?s={search_term_string}"},"query-input":{"@type":"PropertyValueSpecification","valueRequired":true,"valueName":"search_term_string"}}],"inLanguage":"de"}]}},"_links":{"self":[{"href":"http:\/\/www.dr-staedtler.de\/sofort-kredit\/wp-json\/wp\/v2\/pages\/969","targetHints":{"allow":["GET"]}}],"collection":[{"href":"http:\/\/www.dr-staedtler.de\/sofort-kredit\/wp-json\/wp\/v2\/pages"}],"about":[{"href":"http:\/\/www.dr-staedtler.de\/sofort-kredit\/wp-json\/wp\/v2\/types\/page"}],"author":[{"embeddable":true,"href":"http:\/\/www.dr-staedtler.de\/sofort-kredit\/wp-json\/wp\/v2\/users\/2"}],"replies":[{"embeddable":true,"href":"http:\/\/www.dr-staedtler.de\/sofort-kredit\/wp-json\/wp\/v2\/comments?post=969"}],"version-history":[{"count":5,"href":"http:\/\/www.dr-staedtler.de\/sofort-kredit\/wp-json\/wp\/v2\/pages\/969\/revisions"}],"predecessor-version":[{"id":2561,"href":"http:\/\/www.dr-staedtler.de\/sofort-kredit\/wp-json\/wp\/v2\/pages\/969\/revisions\/2561"}],"up":[{"embeddable":true,"href":"http:\/\/www.dr-staedtler.de\/sofort-kredit\/wp-json\/wp\/v2\/pages\/1081"}],"wp:attachment":[{"href":"http:\/\/www.dr-staedtler.de\/sofort-kredit\/wp-json\/wp\/v2\/media?parent=969"}],"curies":[{"name":"wp","href":"https:\/\/api.w.org\/{rel}","templated":true}]}}