{"id":967,"date":"2012-08-30T18:05:49","date_gmt":"2012-08-30T16:05:49","guid":{"rendered":"http:\/\/www.sofort-kredit.net\/?page_id=967"},"modified":"2017-05-23T12:14:30","modified_gmt":"2017-05-23T10:14:30","slug":"fuer-rentner","status":"publish","type":"page","link":"http:\/\/www.dr-staedtler.de\/sofort-kredit\/arten\/fuer-rentner","title":{"rendered":"Kredit f\u00fcr Rentner"},"content":{"rendered":"<p>\u00c4ltere Menschen haben es schwer, da die eigene Bonit\u00e4t durch niedrige Renten angegriffen ist. Doch <strong>ein einfacher Sofortkredit<\/strong> kann helfen.<br \/>\n<script defer=\"\" async=\"\" data-affiliateid=\"9e1fdf7f\" data-placementid=\"783582278\" data-amount=\"10000\" data-category=\"\" data-duration=\"84\" src=\"https:\/\/www.smava.de\/pp\/smava-kreditvergleich\/main.js\"><\/script><br \/>\n<img loading=\"lazy\" decoding=\"async\" class=\"alignleft size-medium wp-image-1307\" style=\"margin-right: 10px; margin-bottom: 8px; border: 1px solid grey;\" title=\"Zwei Senioren in Rente\" src=\"http:\/\/www.dr-staedtler.de\/sofort-kredit\/wp-content\/uploads\/2012\/08\/seniorenkredit-300x200.jpg\" alt=\"Zwei Senioren in Rente\" width=\"300\" height=\"200\" srcset=\"http:\/\/www.dr-staedtler.de\/sofort-kredit\/wp-content\/uploads\/2012\/08\/seniorenkredit-300x200.jpg 300w, http:\/\/www.dr-staedtler.de\/sofort-kredit\/wp-content\/uploads\/2012\/08\/seniorenkredit.jpg 424w\" sizes=\"auto, (max-width: 300px) 100vw, 300px\" \/>Die <strong>Bonit\u00e4t \u00e4lterer Menschen<\/strong> ist durch eine geringe Rente geschw\u00e4cht. Ein erheblicher Nachteil, der so weit f\u00fchrt, dass selbst <strong>Privatkredite oder Kleinkredite<\/strong> verweigert werden. Rentner, die \u00e4lter als 75 Jahre sind haben somit kaum eine Chance einen Kredit f\u00fcr Finanzierungskonzepte zu erhalten. Doch auch Rentner sind auf <strong>Finanzierungen<\/strong> angewiesen. Ob ein Urlaub, ein neues Fahrzeug oder ein Fersehger\u00e4t, durch die Bonit\u00e4t und das Todesfallrisiko bleiben die meisten Banken verschlossen. Die Ausnahme bilden <strong>Kreditanbieter,<\/strong> die eine <strong>zus\u00e4tzliche Restschuldversicherung<\/strong> voraussetzen, was wiederum Unkosten erzeugt, die nur von den wenigsten getilgt werden k\u00f6nnen. Dennoch gibt es Varianten, die genutzt werden k\u00f6nnen.<\/p>\n<h2>Die Lebensversicherung als Sicherheit<\/h2>\n<p>Solange die Situation gesichert ist bieten einige Institute durchaus <strong>rentable Kreditmodelle<\/strong> an. Beispielsweise mit der Aufnahme oder dem<strong> Verkauf der eigenen Lebensversicherung<\/strong>. Auch eine B\u00fcrgschaft hilft aus. Nutzt ein Rentner eine B\u00fcrgschaft, so kann gen\u00fcgend Sicherheit hinterlegt werden um einen <strong>Sofortkredit<\/strong> aufzunehmen. Die B\u00fcrgschaft ist in diesem Fall das Indiz f\u00fcr die <strong>Zahlungsf\u00e4higkeit<\/strong> des Rentners. Das Problem besteht lediglich darin einen B\u00fcrgen zu finden, der sich dieser Sache annehmen w\u00fcrde. Gerade wenn ein gr\u00f6\u00dferes Darlehen aufgenommen wird bedeutet eine B\u00fcrgschaft eine gro\u00dfe Belastung, sollte der Kredit nicht getilgt werden.<\/p>\n<h3>Eine gute Planung ist der halbe Weg<\/h3>\n<p><strong>Finanzierungskonzepte<\/strong> mit Qualit\u00e4t sind bedeutend, wichtig und werden ben\u00f6tigt. Daher sollten Rentner von Anfang an eine Rentabilit\u00e4tsvorschau nutzen. Die gesamten Kosten die f\u00fcr die <strong>Tilgung des Kredites<\/strong> ben\u00f6tigt werden m\u00fcssen mit der eigenen Rente verrechnet werden. Eine falsche Kalkulation kann schnell zu einer \u00dcberschuldung f\u00fchren. Wenn m\u00f6glich, dann sollte eine zus\u00e4tzliche <strong>Restschuldversicherung<\/strong> aufgenommen werden. Eine Restschuldversicherung wird dazu beitragen, dass sich jeder Rentner in Zahlungsausf\u00e4llen absichern kann. Handelt es sich um einen<strong> kleinen Sofortkredit<\/strong> bei einer guten Rente, dann ist eine Restschuldversicherung eine durchaus sinnvolle Variante. Dennoch sollte niemand untersch\u00e4tzen wie gro\u00df die Belastung eines Kredites sein kann. Ist die Rente sehr gering, dann ist eine <strong>B\u00fcrgschaft die beste Wahl,<\/strong> wobei verantwortungsbewusst gehandelt werden muss. Schlie\u00dflich hat der B\u00fcrge die Last des Kredites zu tragen, sollte ein Todesfall oder ein Zahlungsausfall stattfinden.<\/p>\n<h2>Gold-Verkauf f\u00fcr frisches Kapital<\/h2>\n<p>\u00c4ltere Menschen haben oftmals von fr\u00fcher oder aus einem erbe noch altes Gold rum liegen. Hier <a href=\"http:\/\/www.dr-staedtler.de\/sofort-kredit\/sofort-geld-durch-gold-verkauf-anstatt-sofortkredit.php\">k\u00f6nnte sich der Verkauf lohnen<\/a> um sich frisches Geld zu beschaffen.<\/p>\n","protected":false},"excerpt":{"rendered":"<p>\u00c4ltere Menschen haben es schwer, da die eigene Bonit\u00e4t durch niedrige Renten angegriffen ist. Doch ein einfacher Sofortkredit kann helfen. Die Bonit\u00e4t \u00e4lterer Menschen ist durch eine geringe Rente geschw\u00e4cht. Ein erheblicher Nachteil, der so weit f\u00fchrt, dass selbst Privatkredite oder Kleinkredite verweigert werden. Rentner, die \u00e4lter als 75 Jahre sind haben somit kaum eine [&hellip;]<\/p>\n","protected":false},"author":2,"featured_media":0,"parent":1081,"menu_order":0,"comment_status":"closed","ping_status":"open","template":"templates\/sidebar-right.php","meta":{"footnotes":""},"class_list":["post-967","page","type-page","status-publish","hentry"],"yoast_head":"<!-- This site is optimized with the Yoast SEO plugin v24.6 - https:\/\/yoast.com\/wordpress\/plugins\/seo\/ -->\n<title>Kredit f\u00fcr Rentner- Kostenlos vergleichen und finden<\/title>\n<meta name=\"description\" content=\"Kredit f\u00fcr Rentner: Senioren, die eine Anschaffung machen m\u00fcssen, ben\u00f6tigen einen Sofortkredit, der nur schwer zu erhalten ist.\" \/>\n<meta name=\"robots\" content=\"index, follow, max-snippet:-1, max-image-preview:large, max-video-preview:-1\" \/>\n<link rel=\"canonical\" href=\"https:\/\/www.dr-staedtler.de\/sofort-kredit\/arten\/fuer-rentner\" \/>\n<meta property=\"og:locale\" content=\"de_DE\" \/>\n<meta property=\"og:type\" content=\"article\" \/>\n<meta property=\"og:title\" content=\"Kredit f\u00fcr Rentner- Kostenlos vergleichen und finden\" \/>\n<meta property=\"og:description\" content=\"Kredit f\u00fcr Rentner: Senioren, die eine Anschaffung machen m\u00fcssen, ben\u00f6tigen einen Sofortkredit, der nur schwer zu erhalten ist.\" \/>\n<meta property=\"og:url\" content=\"https:\/\/www.dr-staedtler.de\/sofort-kredit\/arten\/fuer-rentner\" \/>\n<meta property=\"og:site_name\" content=\"Sofortkredit\" \/>\n<meta property=\"article:modified_time\" content=\"2017-05-23T10:14:30+00:00\" \/>\n<meta property=\"og:image\" content=\"http:\/\/www.dr-staedtler.de\/sofort-kredit\/wp-content\/uploads\/2012\/08\/seniorenkredit-300x200.jpg\" \/>\n<meta name=\"twitter:card\" content=\"summary_large_image\" \/>\n<meta name=\"twitter:label1\" content=\"Gesch\u00e4tzte Lesezeit\" \/>\n\t<meta name=\"twitter:data1\" content=\"2\u00a0Minuten\" \/>\n<script type=\"application\/ld+json\" class=\"yoast-schema-graph\">{\"@context\":\"https:\/\/schema.org\",\"@graph\":[{\"@type\":\"WebPage\",\"@id\":\"https:\/\/www.dr-staedtler.de\/sofort-kredit\/arten\/fuer-rentner\",\"url\":\"https:\/\/www.dr-staedtler.de\/sofort-kredit\/arten\/fuer-rentner\",\"name\":\"Kredit f\u00fcr Rentner- Kostenlos vergleichen und finden\",\"isPartOf\":{\"@id\":\"http:\/\/www.dr-staedtler.de\/sofort-kredit\/#website\"},\"primaryImageOfPage\":{\"@id\":\"https:\/\/www.dr-staedtler.de\/sofort-kredit\/arten\/fuer-rentner#primaryimage\"},\"image\":{\"@id\":\"https:\/\/www.dr-staedtler.de\/sofort-kredit\/arten\/fuer-rentner#primaryimage\"},\"thumbnailUrl\":\"http:\/\/www.dr-staedtler.de\/sofort-kredit\/wp-content\/uploads\/2012\/08\/seniorenkredit-300x200.jpg\",\"datePublished\":\"2012-08-30T16:05:49+00:00\",\"dateModified\":\"2017-05-23T10:14:30+00:00\",\"description\":\"Kredit f\u00fcr Rentner: Senioren, die eine Anschaffung machen m\u00fcssen, ben\u00f6tigen einen Sofortkredit, der nur schwer zu erhalten ist.\",\"breadcrumb\":{\"@id\":\"https:\/\/www.dr-staedtler.de\/sofort-kredit\/arten\/fuer-rentner#breadcrumb\"},\"inLanguage\":\"de\",\"potentialAction\":[{\"@type\":\"ReadAction\",\"target\":[\"https:\/\/www.dr-staedtler.de\/sofort-kredit\/arten\/fuer-rentner\"]}]},{\"@type\":\"ImageObject\",\"inLanguage\":\"de\",\"@id\":\"https:\/\/www.dr-staedtler.de\/sofort-kredit\/arten\/fuer-rentner#primaryimage\",\"url\":\"http:\/\/www.dr-staedtler.de\/sofort-kredit\/wp-content\/uploads\/2012\/08\/seniorenkredit.jpg\",\"contentUrl\":\"http:\/\/www.dr-staedtler.de\/sofort-kredit\/wp-content\/uploads\/2012\/08\/seniorenkredit.jpg\",\"width\":\"424\",\"height\":\"283\",\"caption\":\"Zwei Senioren in Rente\"},{\"@type\":\"BreadcrumbList\",\"@id\":\"https:\/\/www.dr-staedtler.de\/sofort-kredit\/arten\/fuer-rentner#breadcrumb\",\"itemListElement\":[{\"@type\":\"ListItem\",\"position\":1,\"name\":\"Home\",\"item\":\"https:\/\/www.dr-staedtler.de\/sofort-kredit\/\"},{\"@type\":\"ListItem\",\"position\":2,\"name\":\"Diese verschiedenen Kreditarten und Verwendungszwecke gibt es\",\"item\":\"https:\/\/www.dr-staedtler.de\/sofort-kredit\/arten\"},{\"@type\":\"ListItem\",\"position\":3,\"name\":\"Kredit f\u00fcr Rentner\"}]},{\"@type\":\"WebSite\",\"@id\":\"http:\/\/www.dr-staedtler.de\/sofort-kredit\/#website\",\"url\":\"http:\/\/www.dr-staedtler.de\/sofort-kredit\/\",\"name\":\"Sofortkredit\",\"description\":\"Der Sofortkredit im unabh\u00e4ngigen Vergleich\",\"potentialAction\":[{\"@type\":\"SearchAction\",\"target\":{\"@type\":\"EntryPoint\",\"urlTemplate\":\"http:\/\/www.dr-staedtler.de\/sofort-kredit\/?s={search_term_string}\"},\"query-input\":{\"@type\":\"PropertyValueSpecification\",\"valueRequired\":true,\"valueName\":\"search_term_string\"}}],\"inLanguage\":\"de\"}]}<\/script>\n<!-- \/ Yoast SEO plugin. -->","yoast_head_json":{"title":"Kredit f\u00fcr Rentner- Kostenlos vergleichen und finden","description":"Kredit f\u00fcr Rentner: Senioren, die eine Anschaffung machen m\u00fcssen, ben\u00f6tigen einen Sofortkredit, der nur schwer zu erhalten ist.","robots":{"index":"index","follow":"follow","max-snippet":"max-snippet:-1","max-image-preview":"max-image-preview:large","max-video-preview":"max-video-preview:-1"},"canonical":"https:\/\/www.dr-staedtler.de\/sofort-kredit\/arten\/fuer-rentner","og_locale":"de_DE","og_type":"article","og_title":"Kredit f\u00fcr Rentner- Kostenlos vergleichen und finden","og_description":"Kredit f\u00fcr Rentner: Senioren, die eine Anschaffung machen m\u00fcssen, ben\u00f6tigen einen Sofortkredit, der nur schwer zu erhalten ist.","og_url":"https:\/\/www.dr-staedtler.de\/sofort-kredit\/arten\/fuer-rentner","og_site_name":"Sofortkredit","article_modified_time":"2017-05-23T10:14:30+00:00","og_image":[{"url":"http:\/\/www.dr-staedtler.de\/sofort-kredit\/wp-content\/uploads\/2012\/08\/seniorenkredit-300x200.jpg","type":"","width":"","height":""}],"twitter_card":"summary_large_image","twitter_misc":{"Gesch\u00e4tzte Lesezeit":"2\u00a0Minuten"},"schema":{"@context":"https:\/\/schema.org","@graph":[{"@type":"WebPage","@id":"https:\/\/www.dr-staedtler.de\/sofort-kredit\/arten\/fuer-rentner","url":"https:\/\/www.dr-staedtler.de\/sofort-kredit\/arten\/fuer-rentner","name":"Kredit f\u00fcr Rentner- Kostenlos vergleichen und finden","isPartOf":{"@id":"http:\/\/www.dr-staedtler.de\/sofort-kredit\/#website"},"primaryImageOfPage":{"@id":"https:\/\/www.dr-staedtler.de\/sofort-kredit\/arten\/fuer-rentner#primaryimage"},"image":{"@id":"https:\/\/www.dr-staedtler.de\/sofort-kredit\/arten\/fuer-rentner#primaryimage"},"thumbnailUrl":"http:\/\/www.dr-staedtler.de\/sofort-kredit\/wp-content\/uploads\/2012\/08\/seniorenkredit-300x200.jpg","datePublished":"2012-08-30T16:05:49+00:00","dateModified":"2017-05-23T10:14:30+00:00","description":"Kredit f\u00fcr Rentner: Senioren, die eine Anschaffung machen m\u00fcssen, ben\u00f6tigen einen Sofortkredit, der nur schwer zu erhalten ist.","breadcrumb":{"@id":"https:\/\/www.dr-staedtler.de\/sofort-kredit\/arten\/fuer-rentner#breadcrumb"},"inLanguage":"de","potentialAction":[{"@type":"ReadAction","target":["https:\/\/www.dr-staedtler.de\/sofort-kredit\/arten\/fuer-rentner"]}]},{"@type":"ImageObject","inLanguage":"de","@id":"https:\/\/www.dr-staedtler.de\/sofort-kredit\/arten\/fuer-rentner#primaryimage","url":"http:\/\/www.dr-staedtler.de\/sofort-kredit\/wp-content\/uploads\/2012\/08\/seniorenkredit.jpg","contentUrl":"http:\/\/www.dr-staedtler.de\/sofort-kredit\/wp-content\/uploads\/2012\/08\/seniorenkredit.jpg","width":"424","height":"283","caption":"Zwei Senioren in Rente"},{"@type":"BreadcrumbList","@id":"https:\/\/www.dr-staedtler.de\/sofort-kredit\/arten\/fuer-rentner#breadcrumb","itemListElement":[{"@type":"ListItem","position":1,"name":"Home","item":"https:\/\/www.dr-staedtler.de\/sofort-kredit\/"},{"@type":"ListItem","position":2,"name":"Diese verschiedenen Kreditarten und Verwendungszwecke gibt es","item":"https:\/\/www.dr-staedtler.de\/sofort-kredit\/arten"},{"@type":"ListItem","position":3,"name":"Kredit f\u00fcr Rentner"}]},{"@type":"WebSite","@id":"http:\/\/www.dr-staedtler.de\/sofort-kredit\/#website","url":"http:\/\/www.dr-staedtler.de\/sofort-kredit\/","name":"Sofortkredit","description":"Der Sofortkredit im unabh\u00e4ngigen Vergleich","potentialAction":[{"@type":"SearchAction","target":{"@type":"EntryPoint","urlTemplate":"http:\/\/www.dr-staedtler.de\/sofort-kredit\/?s={search_term_string}"},"query-input":{"@type":"PropertyValueSpecification","valueRequired":true,"valueName":"search_term_string"}}],"inLanguage":"de"}]}},"_links":{"self":[{"href":"http:\/\/www.dr-staedtler.de\/sofort-kredit\/wp-json\/wp\/v2\/pages\/967","targetHints":{"allow":["GET"]}}],"collection":[{"href":"http:\/\/www.dr-staedtler.de\/sofort-kredit\/wp-json\/wp\/v2\/pages"}],"about":[{"href":"http:\/\/www.dr-staedtler.de\/sofort-kredit\/wp-json\/wp\/v2\/types\/page"}],"author":[{"embeddable":true,"href":"http:\/\/www.dr-staedtler.de\/sofort-kredit\/wp-json\/wp\/v2\/users\/2"}],"replies":[{"embeddable":true,"href":"http:\/\/www.dr-staedtler.de\/sofort-kredit\/wp-json\/wp\/v2\/comments?post=967"}],"version-history":[{"count":5,"href":"http:\/\/www.dr-staedtler.de\/sofort-kredit\/wp-json\/wp\/v2\/pages\/967\/revisions"}],"predecessor-version":[{"id":2559,"href":"http:\/\/www.dr-staedtler.de\/sofort-kredit\/wp-json\/wp\/v2\/pages\/967\/revisions\/2559"}],"up":[{"embeddable":true,"href":"http:\/\/www.dr-staedtler.de\/sofort-kredit\/wp-json\/wp\/v2\/pages\/1081"}],"wp:attachment":[{"href":"http:\/\/www.dr-staedtler.de\/sofort-kredit\/wp-json\/wp\/v2\/media?parent=967"}],"curies":[{"name":"wp","href":"https:\/\/api.w.org\/{rel}","templated":true}]}}