{"id":962,"date":"2012-08-29T14:02:01","date_gmt":"2012-08-29T12:02:01","guid":{"rendered":"http:\/\/www.sofort-kredit.net\/?page_id=962"},"modified":"2017-05-23T12:10:38","modified_gmt":"2017-05-23T10:10:38","slug":"fuer-kaution","status":"publish","type":"page","link":"http:\/\/www.dr-staedtler.de\/sofort-kredit\/arten\/fuer-kaution","title":{"rendered":"Kredit f\u00fcr Kaution"},"content":{"rendered":"<p>Der Umzug steht an, die Kaution muss bezahlt werden und die Kosten sind kaum zu tragen. Hat man nur noch wenig Zeit, dann wird schnell viel Geld ben\u00f6tigt. Ein idealer <strong>Zeitpunkt um einen Sofortkredit<\/strong> aufzunehmen.<br \/>\n<script defer=\"\" async=\"\" data-affiliateid=\"9e1fdf7f\" data-placementid=\"783582278\" data-amount=\"2000\" data-category=\"\" data-duration=\"48\" src=\"https:\/\/www.smava.de\/pp\/smava-kreditvergleich\/main.js\"><\/script><br \/>\n<img loading=\"lazy\" decoding=\"async\" class=\"alignleft size-medium wp-image-1211\" style=\"margin-right: 10px; margin-bottom: 8px; border: 1px solid grey;\" title=\"Ohne Kaution kein Schl\u00fcssel\" src=\"http:\/\/www.dr-staedtler.de\/sofort-kredit\/wp-content\/uploads\/2012\/08\/kreditkaution-200x300.jpg\" alt=\"Ohne Kaution kein Schl\u00fcssel\" width=\"200\" height=\"300\" srcset=\"http:\/\/www.dr-staedtler.de\/sofort-kredit\/wp-content\/uploads\/2012\/08\/kreditkaution-200x300.jpg 200w, http:\/\/www.dr-staedtler.de\/sofort-kredit\/wp-content\/uploads\/2012\/08\/kreditkaution.jpg 283w\" sizes=\"auto, (max-width: 200px) 100vw, 200px\" \/>Wird eine neue Wohnung bezogen, dann muss oftmals eine Kaution hinterlegt werden. Diese bel\u00e4uft sich im Regelfall auf drei oder zwei Kaltmieten, was als Sicherheit dient, sollten nachhaltige Sch\u00e4den durch den Mieter verursacht werden. So wird die <strong>Kaution<\/strong> zur Behebung diverser Sch\u00e4den eingesetzt. Dennoch haben viele Menschen nicht die M\u00f6glichkeit die Miete vorab zu zahlen, da allein der Umzug oder <strong>Renovierungsarbeiten viele Kosten<\/strong> voraussetzen. Hier kann ein Kredit helfen. Ein Kredit erm\u00f6glicht, dass alle Kosten die mit einem Umzug entstehen, die Kaution nat\u00fcrlich eingeschlossen getilgt werden k\u00f6nnen. Die einzige Voraussetzung daf\u00fcr besteht in der Vollj\u00e4hrigkeit des Mieters. Eine einfache <strong>Verdienstbescheinigun<\/strong>g reicht aus, oder eine <strong>B\u00fcrgschaft<\/strong> der Eltern.<\/p>\n<h2>Die Bonit\u00e4t: Hier gilt es achtsam zu handeln<\/h2>\n<p>Da die Immobilie nicht als Sicherheit hinterlegt werden kann, was bei einem <strong>Immobilienkredit<\/strong> notwendig ist, wird eine genaue<strong> \u00dcberpr\u00fcfung der Bonit\u00e4t<\/strong> Bestandteil der Kreditaufnahme sein. Sollte die Schufa beispielsweise negativ sein, dann wird der Antrag in der Regel schnell abgelehnt. Eine<strong> positive SCHUFA<\/strong> zeugt dagegen von der Zahlungsf\u00e4higkeit des Mieters und wird mit dem Kredit belohnt. Die einzige Ausnahme sind <strong>Bonit\u00e4tskredite<\/strong>, die <a href=\"http:\/\/www.dr-staedtler.de\/sofort-kredit\/sofort-kredit-ohne-schufa\">ohne Einsicht der SCHUFA aufgenommen<\/a> werden k\u00f6nnen.<\/p>\n<h3>Welche Kreditvariante<\/h3>\n<p>Ein Kredit, der speziell f\u00fcr eine Mietkaution ausgelegt ist wird in Form eines<strong> Konsumentenkredites<\/strong> weitergegeben. Ebenso eignet sich ein <strong>Sofortkredit<\/strong>, wobei dieser innerhalb von zwei Tagen auf das eigene Konto \u00fcberwiesen wird. Die Kreditsumme ist im Regelfall auf maximal 10.000 Euro begrenzt, was f\u00fcr einen Umzug aber auch die Kaution ausreichend ist. Der Nachteil eines Sofortkredites besteht lediglich darin, dass die <strong>Konditionen deutlich schlechter<\/strong> als bei einem Konsumentenkredit sind, was bedeutet, dass die Zinsen oftmals h\u00f6her sind. Daher <a href=\"http:\/\/www.dr-staedtler.de\/sofort-kredit\">empfiehlt sich ein Vergleich um die niedrigsten Zinsen herauszufiltern<\/a>. Wird mit einem Kredit f\u00fcr Kaution agiert, dann sollte sorgsam und achtsam gehandelt werden. Schlie\u00dflich ist es eine potentielle Summe, die eine Verschuldung bedeutet. Daher gilt es einen Kredit f\u00fcr Kaution nur im \u00e4u\u00dfersten Notfall aufzunehmen. Kombiniert mit einer <strong>Restschuldversicherung<\/strong> kann sich der Kreditnehmer vor Zahlungsausf\u00e4llen sch\u00fctzen.<\/p>\n","protected":false},"excerpt":{"rendered":"<p>Der Umzug steht an, die Kaution muss bezahlt werden und die Kosten sind kaum zu tragen. Hat man nur noch wenig Zeit, dann wird schnell viel Geld ben\u00f6tigt. Ein idealer Zeitpunkt um einen Sofortkredit aufzunehmen. Wird eine neue Wohnung bezogen, dann muss oftmals eine Kaution hinterlegt werden. Diese bel\u00e4uft sich im Regelfall auf drei oder [&hellip;]<\/p>\n","protected":false},"author":2,"featured_media":0,"parent":1081,"menu_order":0,"comment_status":"closed","ping_status":"open","template":"templates\/sidebar-right.php","meta":{"footnotes":""},"class_list":["post-962","page","type-page","status-publish","hentry"],"yoast_head":"<!-- This site is optimized with the Yoast SEO plugin v24.6 - https:\/\/yoast.com\/wordpress\/plugins\/seo\/ -->\n<title>Kredit f\u00fcr Kaution - Jetzt g\u00fcnstigen Kautions-Kredit sichern<\/title>\n<meta name=\"description\" content=\"Kredit f\u00fcr Kaution: Wenn die Kaution f\u00fcr die neue Wohnung nicht aufgewendet werden kann, hilft ein Sofortkredit weiter\" \/>\n<meta name=\"robots\" content=\"index, follow, max-snippet:-1, max-image-preview:large, max-video-preview:-1\" \/>\n<link rel=\"canonical\" href=\"https:\/\/www.dr-staedtler.de\/sofort-kredit\/arten\/fuer-kaution\" \/>\n<meta property=\"og:locale\" content=\"de_DE\" \/>\n<meta property=\"og:type\" content=\"article\" \/>\n<meta property=\"og:title\" content=\"Kredit f\u00fcr Kaution - Jetzt g\u00fcnstigen Kautions-Kredit sichern\" \/>\n<meta property=\"og:description\" content=\"Kredit f\u00fcr Kaution: Wenn die Kaution f\u00fcr die neue Wohnung nicht aufgewendet werden kann, hilft ein Sofortkredit weiter\" \/>\n<meta property=\"og:url\" content=\"https:\/\/www.dr-staedtler.de\/sofort-kredit\/arten\/fuer-kaution\" \/>\n<meta property=\"og:site_name\" content=\"Sofortkredit\" \/>\n<meta property=\"article:modified_time\" content=\"2017-05-23T10:10:38+00:00\" \/>\n<meta property=\"og:image\" content=\"http:\/\/www.dr-staedtler.de\/sofort-kredit\/wp-content\/uploads\/2012\/08\/kreditkaution-200x300.jpg\" \/>\n<meta name=\"twitter:card\" content=\"summary_large_image\" \/>\n<meta name=\"twitter:label1\" content=\"Gesch\u00e4tzte Lesezeit\" \/>\n\t<meta name=\"twitter:data1\" content=\"2\u00a0Minuten\" \/>\n<script type=\"application\/ld+json\" class=\"yoast-schema-graph\">{\"@context\":\"https:\/\/schema.org\",\"@graph\":[{\"@type\":\"WebPage\",\"@id\":\"https:\/\/www.dr-staedtler.de\/sofort-kredit\/arten\/fuer-kaution\",\"url\":\"https:\/\/www.dr-staedtler.de\/sofort-kredit\/arten\/fuer-kaution\",\"name\":\"Kredit f\u00fcr Kaution - Jetzt g\u00fcnstigen Kautions-Kredit sichern\",\"isPartOf\":{\"@id\":\"http:\/\/www.dr-staedtler.de\/sofort-kredit\/#website\"},\"primaryImageOfPage\":{\"@id\":\"https:\/\/www.dr-staedtler.de\/sofort-kredit\/arten\/fuer-kaution#primaryimage\"},\"image\":{\"@id\":\"https:\/\/www.dr-staedtler.de\/sofort-kredit\/arten\/fuer-kaution#primaryimage\"},\"thumbnailUrl\":\"http:\/\/www.dr-staedtler.de\/sofort-kredit\/wp-content\/uploads\/2012\/08\/kreditkaution-200x300.jpg\",\"datePublished\":\"2012-08-29T12:02:01+00:00\",\"dateModified\":\"2017-05-23T10:10:38+00:00\",\"description\":\"Kredit f\u00fcr Kaution: Wenn die Kaution f\u00fcr die neue Wohnung nicht aufgewendet werden kann, hilft ein Sofortkredit weiter\",\"breadcrumb\":{\"@id\":\"https:\/\/www.dr-staedtler.de\/sofort-kredit\/arten\/fuer-kaution#breadcrumb\"},\"inLanguage\":\"de\",\"potentialAction\":[{\"@type\":\"ReadAction\",\"target\":[\"https:\/\/www.dr-staedtler.de\/sofort-kredit\/arten\/fuer-kaution\"]}]},{\"@type\":\"ImageObject\",\"inLanguage\":\"de\",\"@id\":\"https:\/\/www.dr-staedtler.de\/sofort-kredit\/arten\/fuer-kaution#primaryimage\",\"url\":\"http:\/\/www.dr-staedtler.de\/sofort-kredit\/wp-content\/uploads\/2012\/08\/kreditkaution.jpg\",\"contentUrl\":\"http:\/\/www.dr-staedtler.de\/sofort-kredit\/wp-content\/uploads\/2012\/08\/kreditkaution.jpg\",\"width\":\"283\",\"height\":\"424\",\"caption\":\"Ohne Kaution kein Schl\u00fcssel\"},{\"@type\":\"BreadcrumbList\",\"@id\":\"https:\/\/www.dr-staedtler.de\/sofort-kredit\/arten\/fuer-kaution#breadcrumb\",\"itemListElement\":[{\"@type\":\"ListItem\",\"position\":1,\"name\":\"Home\",\"item\":\"https:\/\/www.dr-staedtler.de\/sofort-kredit\/\"},{\"@type\":\"ListItem\",\"position\":2,\"name\":\"Diese verschiedenen Kreditarten und Verwendungszwecke gibt es\",\"item\":\"https:\/\/www.dr-staedtler.de\/sofort-kredit\/arten\"},{\"@type\":\"ListItem\",\"position\":3,\"name\":\"Kredit f\u00fcr Kaution\"}]},{\"@type\":\"WebSite\",\"@id\":\"http:\/\/www.dr-staedtler.de\/sofort-kredit\/#website\",\"url\":\"http:\/\/www.dr-staedtler.de\/sofort-kredit\/\",\"name\":\"Sofortkredit\",\"description\":\"Der Sofortkredit im unabh\u00e4ngigen Vergleich\",\"potentialAction\":[{\"@type\":\"SearchAction\",\"target\":{\"@type\":\"EntryPoint\",\"urlTemplate\":\"http:\/\/www.dr-staedtler.de\/sofort-kredit\/?s={search_term_string}\"},\"query-input\":{\"@type\":\"PropertyValueSpecification\",\"valueRequired\":true,\"valueName\":\"search_term_string\"}}],\"inLanguage\":\"de\"}]}<\/script>\n<!-- \/ Yoast SEO plugin. -->","yoast_head_json":{"title":"Kredit f\u00fcr Kaution - Jetzt g\u00fcnstigen Kautions-Kredit sichern","description":"Kredit f\u00fcr Kaution: Wenn die Kaution f\u00fcr die neue Wohnung nicht aufgewendet werden kann, hilft ein Sofortkredit weiter","robots":{"index":"index","follow":"follow","max-snippet":"max-snippet:-1","max-image-preview":"max-image-preview:large","max-video-preview":"max-video-preview:-1"},"canonical":"https:\/\/www.dr-staedtler.de\/sofort-kredit\/arten\/fuer-kaution","og_locale":"de_DE","og_type":"article","og_title":"Kredit f\u00fcr Kaution - Jetzt g\u00fcnstigen Kautions-Kredit sichern","og_description":"Kredit f\u00fcr Kaution: Wenn die Kaution f\u00fcr die neue Wohnung nicht aufgewendet werden kann, hilft ein Sofortkredit weiter","og_url":"https:\/\/www.dr-staedtler.de\/sofort-kredit\/arten\/fuer-kaution","og_site_name":"Sofortkredit","article_modified_time":"2017-05-23T10:10:38+00:00","og_image":[{"url":"http:\/\/www.dr-staedtler.de\/sofort-kredit\/wp-content\/uploads\/2012\/08\/kreditkaution-200x300.jpg","type":"","width":"","height":""}],"twitter_card":"summary_large_image","twitter_misc":{"Gesch\u00e4tzte Lesezeit":"2\u00a0Minuten"},"schema":{"@context":"https:\/\/schema.org","@graph":[{"@type":"WebPage","@id":"https:\/\/www.dr-staedtler.de\/sofort-kredit\/arten\/fuer-kaution","url":"https:\/\/www.dr-staedtler.de\/sofort-kredit\/arten\/fuer-kaution","name":"Kredit f\u00fcr Kaution - Jetzt g\u00fcnstigen Kautions-Kredit sichern","isPartOf":{"@id":"http:\/\/www.dr-staedtler.de\/sofort-kredit\/#website"},"primaryImageOfPage":{"@id":"https:\/\/www.dr-staedtler.de\/sofort-kredit\/arten\/fuer-kaution#primaryimage"},"image":{"@id":"https:\/\/www.dr-staedtler.de\/sofort-kredit\/arten\/fuer-kaution#primaryimage"},"thumbnailUrl":"http:\/\/www.dr-staedtler.de\/sofort-kredit\/wp-content\/uploads\/2012\/08\/kreditkaution-200x300.jpg","datePublished":"2012-08-29T12:02:01+00:00","dateModified":"2017-05-23T10:10:38+00:00","description":"Kredit f\u00fcr Kaution: Wenn die Kaution f\u00fcr die neue Wohnung nicht aufgewendet werden kann, hilft ein Sofortkredit weiter","breadcrumb":{"@id":"https:\/\/www.dr-staedtler.de\/sofort-kredit\/arten\/fuer-kaution#breadcrumb"},"inLanguage":"de","potentialAction":[{"@type":"ReadAction","target":["https:\/\/www.dr-staedtler.de\/sofort-kredit\/arten\/fuer-kaution"]}]},{"@type":"ImageObject","inLanguage":"de","@id":"https:\/\/www.dr-staedtler.de\/sofort-kredit\/arten\/fuer-kaution#primaryimage","url":"http:\/\/www.dr-staedtler.de\/sofort-kredit\/wp-content\/uploads\/2012\/08\/kreditkaution.jpg","contentUrl":"http:\/\/www.dr-staedtler.de\/sofort-kredit\/wp-content\/uploads\/2012\/08\/kreditkaution.jpg","width":"283","height":"424","caption":"Ohne Kaution kein Schl\u00fcssel"},{"@type":"BreadcrumbList","@id":"https:\/\/www.dr-staedtler.de\/sofort-kredit\/arten\/fuer-kaution#breadcrumb","itemListElement":[{"@type":"ListItem","position":1,"name":"Home","item":"https:\/\/www.dr-staedtler.de\/sofort-kredit\/"},{"@type":"ListItem","position":2,"name":"Diese verschiedenen Kreditarten und Verwendungszwecke gibt es","item":"https:\/\/www.dr-staedtler.de\/sofort-kredit\/arten"},{"@type":"ListItem","position":3,"name":"Kredit f\u00fcr Kaution"}]},{"@type":"WebSite","@id":"http:\/\/www.dr-staedtler.de\/sofort-kredit\/#website","url":"http:\/\/www.dr-staedtler.de\/sofort-kredit\/","name":"Sofortkredit","description":"Der Sofortkredit im unabh\u00e4ngigen Vergleich","potentialAction":[{"@type":"SearchAction","target":{"@type":"EntryPoint","urlTemplate":"http:\/\/www.dr-staedtler.de\/sofort-kredit\/?s={search_term_string}"},"query-input":{"@type":"PropertyValueSpecification","valueRequired":true,"valueName":"search_term_string"}}],"inLanguage":"de"}]}},"_links":{"self":[{"href":"http:\/\/www.dr-staedtler.de\/sofort-kredit\/wp-json\/wp\/v2\/pages\/962","targetHints":{"allow":["GET"]}}],"collection":[{"href":"http:\/\/www.dr-staedtler.de\/sofort-kredit\/wp-json\/wp\/v2\/pages"}],"about":[{"href":"http:\/\/www.dr-staedtler.de\/sofort-kredit\/wp-json\/wp\/v2\/types\/page"}],"author":[{"embeddable":true,"href":"http:\/\/www.dr-staedtler.de\/sofort-kredit\/wp-json\/wp\/v2\/users\/2"}],"replies":[{"embeddable":true,"href":"http:\/\/www.dr-staedtler.de\/sofort-kredit\/wp-json\/wp\/v2\/comments?post=962"}],"version-history":[{"count":4,"href":"http:\/\/www.dr-staedtler.de\/sofort-kredit\/wp-json\/wp\/v2\/pages\/962\/revisions"}],"predecessor-version":[{"id":2541,"href":"http:\/\/www.dr-staedtler.de\/sofort-kredit\/wp-json\/wp\/v2\/pages\/962\/revisions\/2541"}],"up":[{"embeddable":true,"href":"http:\/\/www.dr-staedtler.de\/sofort-kredit\/wp-json\/wp\/v2\/pages\/1081"}],"wp:attachment":[{"href":"http:\/\/www.dr-staedtler.de\/sofort-kredit\/wp-json\/wp\/v2\/media?parent=962"}],"curies":[{"name":"wp","href":"https:\/\/api.w.org\/{rel}","templated":true}]}}