{"id":960,"date":"2012-08-30T16:22:39","date_gmt":"2012-08-30T14:22:39","guid":{"rendered":"http:\/\/www.sofort-kredit.net\/?page_id=960"},"modified":"2017-05-23T12:11:50","modified_gmt":"2017-05-23T10:11:50","slug":"fuer-landwirte","status":"publish","type":"page","link":"http:\/\/www.dr-staedtler.de\/sofort-kredit\/arten\/fuer-landwirte","title":{"rendered":"Kredit f\u00fcr Landwirte"},"content":{"rendered":"<p>Das landwirtschaftliche Gewerbe ist mit Ausgaben verbunden. Nicht immer steht gen\u00fcgend Eigenkapital zur Verf\u00fcgung, wobei ein <strong>Sofortkredit<\/strong> hilft. Ein Vergleichsrechner ermittelt innerhalb weniger Sekunden die g\u00fcnstigsten Tarife.<br \/>\n<script defer=\"\" async=\"\" data-affiliateid=\"9e1fdf7f\" data-placementid=\"783582278\" data-amount=\"50000\" data-category=\"\" data-duration=\"96\" src=\"https:\/\/www.smava.de\/pp\/smava-kreditvergleich\/main.js\"><\/script><br \/>\n<img loading=\"lazy\" decoding=\"async\" class=\"alignleft wp-image-1265\" style=\"margin-right: 10px; margin-bottom: 8px; border: 1px solid grey;\" title=\"Kredit f\u00fcr landwirtschaftliche Maschinen\" src=\"http:\/\/www.dr-staedtler.de\/sofort-kredit\/wp-content\/uploads\/2012\/08\/landwirtschaft-300x200.jpg\" alt=\"Kredit f\u00fcr landwirtschaftliche Maschinen\" width=\"300\" height=\"200\" srcset=\"http:\/\/www.dr-staedtler.de\/sofort-kredit\/wp-content\/uploads\/2012\/08\/landwirtschaft-300x200.jpg 300w, http:\/\/www.dr-staedtler.de\/sofort-kredit\/wp-content\/uploads\/2012\/08\/landwirtschaft.jpg 424w\" sizes=\"auto, (max-width: 300px) 100vw, 300px\" \/>Landmaschinen kosten unglaublich viel Geld. Die Abschreibungen sind teuer, genauso wie der Neukauf. Gleichzeitig sind die Landmaschinen die Grundlagen f\u00fcr jeden Landwirt. Die <strong>Risiken<\/strong>, die ein Landwirt zu tragen hat, sind in der Landwirtschaft Teil des Berufes. Gerade das betriebliche Risikomanagement ist hoch, und eine stetige Herausforderung. Denn nicht nur <strong>Finanzrisiken<\/strong>, sondern auch politische Entscheidungen haben Einfluss. Daher sollte sich jeder Landwirt gegen Risiken sch\u00fctzen. Der beste Schutz ist dabei ein einfacher Kredit. F\u00fcr Landwirte gibt es verschiedene <strong>Kreditvarianten<\/strong>. Handelt es sich um eine kleinere Summe, dann ist ein Privatkredit oder <a href=\"http:\/\/www.dr-staedtler.de\/sofort-kredit\/fragen\/welche-summen-kann-ich-als-sofortkredit-erhalten\">gar ein <strong>Kleinkredit<\/strong> ausreichend<\/a>. Handelt es sich um eine gr\u00f6\u00dfere Summe, dann wird ein Darlehen ben\u00f6tigt. M\u00f6chte der Landwirt beispielsweise ein Lagerhaus kaufen, dann kann mit einer <strong>Hypothek<\/strong> gearbeitet werden.<\/p>\n<h2>Wie findet man den g\u00fcnstigsten Tarif?<\/h2>\n<p>Den g\u00fcnstigsten Tarif zu finden ist nicht unbedingt schwierig. \u00c4u\u00dferst hilfreich sind objektive und unabh\u00e4ngige Vergleichssysteme. <strong>Kreditvergleiche<\/strong> k\u00f6nnen im Internet jederzeit durchgef\u00fchrt werden. Es ist keine Anmeldung notwendig, jeder Vergleich ist kostenlos und unverbindlich. Die Objektivit\u00e4t eines Kreditvergleiches sorgt f\u00fcr ein Preis-Leistungs-orientiertes Filtersystem, was bedeutet, dass nur der g\u00fcnstigste Kredit mit den besten <strong>tariflichen Inhalten<\/strong> aufgelistet wird. Die Angaben, die der Landwirt machen muss, beziehen sich auf die<strong> Kreditsumme,<\/strong> den gew\u00fcnschten Zinssatz, die<strong> bevorzugte Ratenzahlung<\/strong> und die Art der Verzinsung. Sinnvoll ist eine Festverzinsung, wobei gr\u00f6\u00dfere Summen auch mit einer variablen Verzinsung sinnvoll sind.<\/p>\n<h3>Eine genaue Rentabilit\u00e4tsvorschau<\/h3>\n<p>Als Landwirt sind viele Ausgaben zu t\u00e4tigen, die immer durch Einnahmen refinanziert werden k\u00f6nnen. Daher sollte vor <strong>Aufnahme eines Kredites<\/strong> mit einer \u00fcbersichtlichen Rentabilit\u00e4tsvorschau gearbeitet werden. Die Ausgaben und die Einnahmen m\u00fcssen bis ins kleinste Detail gegen\u00fcbergestellt werden. Die <strong>Rentabilit\u00e4tsvorschau<\/strong> sollte f\u00fcr die gesamte Kreditlaufzeit gelistet sein. Ob nun politische Sanktionen Zahlungsausf\u00e4lle hervorrufen, gegebenenfalls eine Tierseuche ausbricht oder eine Ernte ausf\u00e4llt, im Bereich der Agrarwirtschaft ist es von gr\u00f6\u00dfter Bedeutung sich gesicherte Verh\u00e4ltnisse aufzubauen. Ist kein Polster vorhanden, so empfiehlt sich die Aufnahme eines Kredites. Da <a href=\"http:\/\/www.dr-staedtler.de\/sofort-kredit\">Vergleichsrechner kostenlos bedient werden k\u00f6nnen<\/a> kostet es nichts, zumal ein Vergleich nur wenige Minuten in Anspruch nimmt.<\/p>\n","protected":false},"excerpt":{"rendered":"<p>Das landwirtschaftliche Gewerbe ist mit Ausgaben verbunden. Nicht immer steht gen\u00fcgend Eigenkapital zur Verf\u00fcgung, wobei ein Sofortkredit hilft. Ein Vergleichsrechner ermittelt innerhalb weniger Sekunden die g\u00fcnstigsten Tarife. Landmaschinen kosten unglaublich viel Geld. Die Abschreibungen sind teuer, genauso wie der Neukauf. Gleichzeitig sind die Landmaschinen die Grundlagen f\u00fcr jeden Landwirt. Die Risiken, die ein Landwirt zu [&hellip;]<\/p>\n","protected":false},"author":2,"featured_media":0,"parent":1081,"menu_order":0,"comment_status":"closed","ping_status":"open","template":"templates\/sidebar-right.php","meta":{"footnotes":""},"class_list":["post-960","page","type-page","status-publish","hentry"],"yoast_head":"<!-- This site is optimized with the Yoast SEO plugin v24.6 - https:\/\/yoast.com\/wordpress\/plugins\/seo\/ -->\n<title>Kredit f\u00fcr Landwirte - Jetzt vergleichen und beantragen<\/title>\n<meta name=\"description\" content=\"Kredit f\u00fcr Landwirte: Viele Ausgaben in der Landwirtschaft erfordern die Inanspruchnahme eines g\u00fcnstigen Kredites\" \/>\n<meta name=\"robots\" content=\"index, follow, max-snippet:-1, max-image-preview:large, max-video-preview:-1\" \/>\n<link rel=\"canonical\" href=\"https:\/\/www.dr-staedtler.de\/sofort-kredit\/arten\/fuer-landwirte\" \/>\n<meta property=\"og:locale\" content=\"de_DE\" \/>\n<meta property=\"og:type\" content=\"article\" \/>\n<meta property=\"og:title\" content=\"Kredit f\u00fcr Landwirte - Jetzt vergleichen und beantragen\" \/>\n<meta property=\"og:description\" content=\"Kredit f\u00fcr Landwirte: Viele Ausgaben in der Landwirtschaft erfordern die Inanspruchnahme eines g\u00fcnstigen Kredites\" \/>\n<meta property=\"og:url\" content=\"https:\/\/www.dr-staedtler.de\/sofort-kredit\/arten\/fuer-landwirte\" \/>\n<meta property=\"og:site_name\" content=\"Sofortkredit\" \/>\n<meta property=\"article:modified_time\" content=\"2017-05-23T10:11:50+00:00\" \/>\n<meta property=\"og:image\" content=\"http:\/\/www.dr-staedtler.de\/sofort-kredit\/wp-content\/uploads\/2012\/08\/landwirtschaft-300x200.jpg\" \/>\n<meta name=\"twitter:card\" content=\"summary_large_image\" \/>\n<meta name=\"twitter:label1\" content=\"Gesch\u00e4tzte Lesezeit\" \/>\n\t<meta name=\"twitter:data1\" content=\"2\u00a0Minuten\" \/>\n<script type=\"application\/ld+json\" class=\"yoast-schema-graph\">{\"@context\":\"https:\/\/schema.org\",\"@graph\":[{\"@type\":\"WebPage\",\"@id\":\"https:\/\/www.dr-staedtler.de\/sofort-kredit\/arten\/fuer-landwirte\",\"url\":\"https:\/\/www.dr-staedtler.de\/sofort-kredit\/arten\/fuer-landwirte\",\"name\":\"Kredit f\u00fcr Landwirte - Jetzt vergleichen und beantragen\",\"isPartOf\":{\"@id\":\"http:\/\/www.dr-staedtler.de\/sofort-kredit\/#website\"},\"primaryImageOfPage\":{\"@id\":\"https:\/\/www.dr-staedtler.de\/sofort-kredit\/arten\/fuer-landwirte#primaryimage\"},\"image\":{\"@id\":\"https:\/\/www.dr-staedtler.de\/sofort-kredit\/arten\/fuer-landwirte#primaryimage\"},\"thumbnailUrl\":\"http:\/\/www.dr-staedtler.de\/sofort-kredit\/wp-content\/uploads\/2012\/08\/landwirtschaft-300x200.jpg\",\"datePublished\":\"2012-08-30T14:22:39+00:00\",\"dateModified\":\"2017-05-23T10:11:50+00:00\",\"description\":\"Kredit f\u00fcr Landwirte: Viele Ausgaben in der Landwirtschaft erfordern die Inanspruchnahme eines g\u00fcnstigen Kredites\",\"breadcrumb\":{\"@id\":\"https:\/\/www.dr-staedtler.de\/sofort-kredit\/arten\/fuer-landwirte#breadcrumb\"},\"inLanguage\":\"de\",\"potentialAction\":[{\"@type\":\"ReadAction\",\"target\":[\"https:\/\/www.dr-staedtler.de\/sofort-kredit\/arten\/fuer-landwirte\"]}]},{\"@type\":\"ImageObject\",\"inLanguage\":\"de\",\"@id\":\"https:\/\/www.dr-staedtler.de\/sofort-kredit\/arten\/fuer-landwirte#primaryimage\",\"url\":\"http:\/\/www.dr-staedtler.de\/sofort-kredit\/wp-content\/uploads\/2012\/08\/landwirtschaft.jpg\",\"contentUrl\":\"http:\/\/www.dr-staedtler.de\/sofort-kredit\/wp-content\/uploads\/2012\/08\/landwirtschaft.jpg\",\"width\":\"424\",\"height\":\"283\",\"caption\":\"Kredit f\u00fcr landwirtschaftliche Maschinen\"},{\"@type\":\"BreadcrumbList\",\"@id\":\"https:\/\/www.dr-staedtler.de\/sofort-kredit\/arten\/fuer-landwirte#breadcrumb\",\"itemListElement\":[{\"@type\":\"ListItem\",\"position\":1,\"name\":\"Home\",\"item\":\"https:\/\/www.dr-staedtler.de\/sofort-kredit\/\"},{\"@type\":\"ListItem\",\"position\":2,\"name\":\"Diese verschiedenen Kreditarten und Verwendungszwecke gibt es\",\"item\":\"https:\/\/www.dr-staedtler.de\/sofort-kredit\/arten\"},{\"@type\":\"ListItem\",\"position\":3,\"name\":\"Kredit f\u00fcr Landwirte\"}]},{\"@type\":\"WebSite\",\"@id\":\"http:\/\/www.dr-staedtler.de\/sofort-kredit\/#website\",\"url\":\"http:\/\/www.dr-staedtler.de\/sofort-kredit\/\",\"name\":\"Sofortkredit\",\"description\":\"Der Sofortkredit im unabh\u00e4ngigen Vergleich\",\"potentialAction\":[{\"@type\":\"SearchAction\",\"target\":{\"@type\":\"EntryPoint\",\"urlTemplate\":\"http:\/\/www.dr-staedtler.de\/sofort-kredit\/?s={search_term_string}\"},\"query-input\":{\"@type\":\"PropertyValueSpecification\",\"valueRequired\":true,\"valueName\":\"search_term_string\"}}],\"inLanguage\":\"de\"}]}<\/script>\n<!-- \/ Yoast SEO plugin. -->","yoast_head_json":{"title":"Kredit f\u00fcr Landwirte - Jetzt vergleichen und beantragen","description":"Kredit f\u00fcr Landwirte: Viele Ausgaben in der Landwirtschaft erfordern die Inanspruchnahme eines g\u00fcnstigen Kredites","robots":{"index":"index","follow":"follow","max-snippet":"max-snippet:-1","max-image-preview":"max-image-preview:large","max-video-preview":"max-video-preview:-1"},"canonical":"https:\/\/www.dr-staedtler.de\/sofort-kredit\/arten\/fuer-landwirte","og_locale":"de_DE","og_type":"article","og_title":"Kredit f\u00fcr Landwirte - Jetzt vergleichen und beantragen","og_description":"Kredit f\u00fcr Landwirte: Viele Ausgaben in der Landwirtschaft erfordern die Inanspruchnahme eines g\u00fcnstigen Kredites","og_url":"https:\/\/www.dr-staedtler.de\/sofort-kredit\/arten\/fuer-landwirte","og_site_name":"Sofortkredit","article_modified_time":"2017-05-23T10:11:50+00:00","og_image":[{"url":"http:\/\/www.dr-staedtler.de\/sofort-kredit\/wp-content\/uploads\/2012\/08\/landwirtschaft-300x200.jpg","type":"","width":"","height":""}],"twitter_card":"summary_large_image","twitter_misc":{"Gesch\u00e4tzte Lesezeit":"2\u00a0Minuten"},"schema":{"@context":"https:\/\/schema.org","@graph":[{"@type":"WebPage","@id":"https:\/\/www.dr-staedtler.de\/sofort-kredit\/arten\/fuer-landwirte","url":"https:\/\/www.dr-staedtler.de\/sofort-kredit\/arten\/fuer-landwirte","name":"Kredit f\u00fcr Landwirte - Jetzt vergleichen und beantragen","isPartOf":{"@id":"http:\/\/www.dr-staedtler.de\/sofort-kredit\/#website"},"primaryImageOfPage":{"@id":"https:\/\/www.dr-staedtler.de\/sofort-kredit\/arten\/fuer-landwirte#primaryimage"},"image":{"@id":"https:\/\/www.dr-staedtler.de\/sofort-kredit\/arten\/fuer-landwirte#primaryimage"},"thumbnailUrl":"http:\/\/www.dr-staedtler.de\/sofort-kredit\/wp-content\/uploads\/2012\/08\/landwirtschaft-300x200.jpg","datePublished":"2012-08-30T14:22:39+00:00","dateModified":"2017-05-23T10:11:50+00:00","description":"Kredit f\u00fcr Landwirte: Viele Ausgaben in der Landwirtschaft erfordern die Inanspruchnahme eines g\u00fcnstigen Kredites","breadcrumb":{"@id":"https:\/\/www.dr-staedtler.de\/sofort-kredit\/arten\/fuer-landwirte#breadcrumb"},"inLanguage":"de","potentialAction":[{"@type":"ReadAction","target":["https:\/\/www.dr-staedtler.de\/sofort-kredit\/arten\/fuer-landwirte"]}]},{"@type":"ImageObject","inLanguage":"de","@id":"https:\/\/www.dr-staedtler.de\/sofort-kredit\/arten\/fuer-landwirte#primaryimage","url":"http:\/\/www.dr-staedtler.de\/sofort-kredit\/wp-content\/uploads\/2012\/08\/landwirtschaft.jpg","contentUrl":"http:\/\/www.dr-staedtler.de\/sofort-kredit\/wp-content\/uploads\/2012\/08\/landwirtschaft.jpg","width":"424","height":"283","caption":"Kredit f\u00fcr landwirtschaftliche Maschinen"},{"@type":"BreadcrumbList","@id":"https:\/\/www.dr-staedtler.de\/sofort-kredit\/arten\/fuer-landwirte#breadcrumb","itemListElement":[{"@type":"ListItem","position":1,"name":"Home","item":"https:\/\/www.dr-staedtler.de\/sofort-kredit\/"},{"@type":"ListItem","position":2,"name":"Diese verschiedenen Kreditarten und Verwendungszwecke gibt es","item":"https:\/\/www.dr-staedtler.de\/sofort-kredit\/arten"},{"@type":"ListItem","position":3,"name":"Kredit f\u00fcr Landwirte"}]},{"@type":"WebSite","@id":"http:\/\/www.dr-staedtler.de\/sofort-kredit\/#website","url":"http:\/\/www.dr-staedtler.de\/sofort-kredit\/","name":"Sofortkredit","description":"Der Sofortkredit im unabh\u00e4ngigen Vergleich","potentialAction":[{"@type":"SearchAction","target":{"@type":"EntryPoint","urlTemplate":"http:\/\/www.dr-staedtler.de\/sofort-kredit\/?s={search_term_string}"},"query-input":{"@type":"PropertyValueSpecification","valueRequired":true,"valueName":"search_term_string"}}],"inLanguage":"de"}]}},"_links":{"self":[{"href":"http:\/\/www.dr-staedtler.de\/sofort-kredit\/wp-json\/wp\/v2\/pages\/960","targetHints":{"allow":["GET"]}}],"collection":[{"href":"http:\/\/www.dr-staedtler.de\/sofort-kredit\/wp-json\/wp\/v2\/pages"}],"about":[{"href":"http:\/\/www.dr-staedtler.de\/sofort-kredit\/wp-json\/wp\/v2\/types\/page"}],"author":[{"embeddable":true,"href":"http:\/\/www.dr-staedtler.de\/sofort-kredit\/wp-json\/wp\/v2\/users\/2"}],"replies":[{"embeddable":true,"href":"http:\/\/www.dr-staedtler.de\/sofort-kredit\/wp-json\/wp\/v2\/comments?post=960"}],"version-history":[{"count":4,"href":"http:\/\/www.dr-staedtler.de\/sofort-kredit\/wp-json\/wp\/v2\/pages\/960\/revisions"}],"predecessor-version":[{"id":2545,"href":"http:\/\/www.dr-staedtler.de\/sofort-kredit\/wp-json\/wp\/v2\/pages\/960\/revisions\/2545"}],"up":[{"embeddable":true,"href":"http:\/\/www.dr-staedtler.de\/sofort-kredit\/wp-json\/wp\/v2\/pages\/1081"}],"wp:attachment":[{"href":"http:\/\/www.dr-staedtler.de\/sofort-kredit\/wp-json\/wp\/v2\/media?parent=960"}],"curies":[{"name":"wp","href":"https:\/\/api.w.org\/{rel}","templated":true}]}}