{"id":95,"date":"2010-06-22T23:32:40","date_gmt":"2010-06-22T21:32:40","guid":{"rendered":"http:\/\/www.sofort-kredit.net\/?page_id=95"},"modified":"2017-02-14T15:45:48","modified_gmt":"2017-02-14T13:45:48","slug":"sofortkredit-arbeitslose","status":"publish","type":"page","link":"http:\/\/www.dr-staedtler.de\/sofort-kredit\/sofortkredit-arbeitslose","title":{"rendered":"Sofortkredit f\u00fcr Arbeitslose ohne Schufa und B\u00fcrgen"},"content":{"rendered":"<p>Insbesondere w\u00e4hrend einer Arbeitslosigkeit kann jeder schnell einmal in die Situation geraten, dass das eigene Geld nicht mehr zum Ausgleich anfallender Kosten ausreicht. Eine <strong>hohe Nebenkostennachzahlung oder eine notwendige Reparatur<\/strong> k\u00f6nnen das finanzielle Budget schnell \u00fcbersteigen. Dann wird ein Kredit erforderlich \u2013 und zwar meist in relativ kurzer Zeit. Doch werden bei einem Sofortkredit Arbeitslose ber\u00fccksichtigt? JA:<br \/>\n<script async src=\"\/\/pagead2.googlesyndication.com\/pagead\/js\/adsbygoogle.js\"><\/script><br \/>\n<!-- sofort-kredit-net-schueler --><br \/>\n<ins class=\"adsbygoogle\"\n     style=\"display:inline-block;width:720px;height:150px\"\n     data-ad-client=\"ca-pub-1262936663758648\"\n     data-ad-slot=\"2364144445\"><\/ins><br \/>\n<script>\n(adsbygoogle = window.adsbygoogle || []).push({});\n<\/script><\/p>\n<h2>Was ist ein Sofortkredit f\u00fcr Arbeitslose<\/h2>\n<p><img loading=\"lazy\" decoding=\"async\" class=\"alignleft size-medium wp-image-302\" style=\"margin-right: 10px; margin-bottom: 8px; border: 1px solid grey;\" title=\"Arbeitslos und doch einen Kredit erhalten\" src=\"http:\/\/www.dr-staedtler.de\/sofort-kredit\/wp-content\/uploads\/2010\/06\/arbeitslos-300x200.jpg\" alt=\"Arbeitslos und doch einen Kredit erhalten\" width=\"300\" height=\"200\" srcset=\"http:\/\/www.dr-staedtler.de\/sofort-kredit\/wp-content\/uploads\/2010\/06\/arbeitslos-300x200.jpg 300w, http:\/\/www.dr-staedtler.de\/sofort-kredit\/wp-content\/uploads\/2010\/06\/arbeitslos.jpg 424w\" sizes=\"auto, (max-width: 300px) 100vw, 300px\" \/>Ein Sofortkredit bezeichnet einen Kredit, der besonders schnell und unter vereinfachten Vergabebedingungen zur Auszahlung kommt. Bei Arbeitslosen halten sich Kreditinstitute <strong>in der Regel sehr bedeckt<\/strong>, da die Gefahr f\u00fcr die Bank hierbei sehr gro\u00df ist, dass der Kredit nicht zuverl\u00e4ssig zur\u00fcckbezahlt werden kann und die Bank somit auf das Geld verzichten muss. Meist sind es nur <strong>unseri\u00f6se Anbieter<\/strong>, die \u00fcber einen Sofortkredit Arbeitslose bedienen, ohne weitere Auflagen dabei zu erlassen.<\/p>\n<h2>Normale Banken geben Arbeitslosen keinen Kredit<\/h2>\n<p>Seri\u00f6se Banken bewilligen einen Kredit f\u00fcr Arbeitslose nur gegen die <strong>Stellung entsprechender Sicherheiten<\/strong>. Als Sicherheit kann beispielsweise ein B\u00fcrge dienen. Darunter fallen Lebensversicherungen oder H\u00e4user und Grundst\u00fccke als Sicherheit. Ein <a href=\"http:\/\/www.dr-staedtler.de\/sofort-kredit\/arten\/ohne-sicherheiten\">Kredit ohne Sicherheiten<\/a> wird f\u00fcr Arbeitssuchende nur schwer realisierbar sein. Auch eine weitere Person kann als B\u00fcrge einspringen. Diese muss allerdings selbst kreditw\u00fcrdig sein, um gegebenenfalls den Kredit sicher zur\u00fcckf\u00fchren zu k\u00f6nnen. Denn kann der Kreditnehmer selbst den Kreditverpflichtungen nicht mehr nachkommen, so nimmt die Bank den B\u00fcrgen in die Pflicht. Deshalb muss auch die <strong>Schufa-Auskunft des B\u00fcrgen einwandfrei<\/strong> sein.<\/p>\n<h2>Sicherheiten f\u00fcr die Bank<\/h2>\n<p>Als <strong>weitere Sicherheit f\u00fcr einen Sofortkredit k\u00f6nnen Arbeitslose<\/strong> eine Immobilie angeben. Dies kann sowohl eine Eigentumswohnung als auch ein Haus sein, das die Bank ver\u00e4u\u00dfern kann, sofern der Kredit nicht mehr zur\u00fcckbezahlt werden kann. Diese Art der Sicherheitsleistung sollte man sich allerdings gut \u00fcberlegen \u2013 denn im Falle eines Falle ist die eigene Immobilie schnell weg. Wobei es eher selten vorkommt, dass Arbeitslose in Besitz von Grundst\u00fccken oder Immobilien sind.<\/p>\n<h3>Pf\u00e4ndung f\u00fcr den Sofortkredit<\/h3>\n<p>Dar\u00fcber hinaus kann auch eine <strong>bestehende Lebensversicherung<\/strong> bei einem Sofortkredit an die Bank abgetreten werden \u2013 sofern man im Besitz einer solchen Versicherung ist. Die Versicherungssumme muss in diesem Fall allerdings so hoch sein, das der Kredit damit auch entsprechend besichert werden kann. Andernfalls geht das nur \u00fcber Zusatzsicherheiten oder eventuell auch mehrere Lebensversicherungen.<\/p>\n<h3>Ist ein Antrag als Arbeitsloser sinnvoll?<\/h3>\n<p>Generell sollte man sich den <strong>Antrag als Arbeitsloser<\/strong> gut \u00fcberlegen. Zwar kann sich die Bank durchaus auf die Genehmigung des Kreditantrages einlassen \u2013 aber man sollte daran denken, dass das Geld auch <strong>zuverl\u00e4ssig und regelm\u00e4\u00dfig zur\u00fcckbezahlt<\/strong> werden muss. Die monatlichen Raten sollten deshalb so gew\u00e4hlt werden, dass die R\u00fcckzahlung kein Problem darstellt. Falls ein neuer Job in Aussicht steht, lassen sich die Banken oft auch auf Sondertilgungsoptionen oder eine Erh\u00f6hung der Tilgungsraten ein.<\/p>\n<p>Wer nicht arbeitslos ist oder es auch nicht vor hat arbeitslos zu werden, der sollte sich <a href=\"http:\/\/www.dr-staedtler.de\/sofort-kredit\">am besten hier<\/a> bei den normalen Sofort- oder Ratenkrediten umsehen.<\/p>\n","protected":false},"excerpt":{"rendered":"<p>Insbesondere w\u00e4hrend einer Arbeitslosigkeit kann jeder schnell einmal in die Situation geraten, dass das eigene Geld nicht mehr zum Ausgleich anfallender Kosten ausreicht. Eine hohe Nebenkostennachzahlung oder eine notwendige Reparatur k\u00f6nnen das finanzielle Budget schnell \u00fcbersteigen. Dann wird ein Kredit erforderlich \u2013 und zwar meist in relativ kurzer Zeit. Doch werden bei einem Sofortkredit Arbeitslose [&hellip;]<\/p>\n","protected":false},"author":2,"featured_media":0,"parent":0,"menu_order":1,"comment_status":"closed","ping_status":"open","template":"templates\/sidebar-right.php","meta":{"footnotes":""},"class_list":["post-95","page","type-page","status-publish","hentry"],"yoast_head":"<!-- This site is optimized with the Yoast SEO plugin v24.6 - https:\/\/yoast.com\/wordpress\/plugins\/seo\/ -->\n<title>Sofortkredit f\u00fcr Arbeitslose \u25b7 Seri\u00f6se Optionen im \u00dcberblick<\/title>\n<meta name=\"description\" content=\"Sofortkredit f\u00fcr Arbeitslose? Wir zeigen alle M\u00f6glichkeiten trotz Arbeitslosigkeit \u2713 Seri\u00f6se Kreditm\u00f6glichkeiten im \u00dcberblick \u2713 Auch gr\u00f6\u00dfere Summen m\u00f6glich \u2713 ab 500\u20ac\" \/>\n<meta name=\"robots\" content=\"index, follow, max-snippet:-1, max-image-preview:large, max-video-preview:-1\" \/>\n<link rel=\"canonical\" href=\"https:\/\/www.dr-staedtler.de\/sofort-kredit\/sofortkredit-arbeitslose\" \/>\n<meta property=\"og:locale\" content=\"de_DE\" \/>\n<meta property=\"og:type\" content=\"article\" \/>\n<meta property=\"og:title\" content=\"Sofortkredit f\u00fcr Arbeitslose \u25b7 Seri\u00f6se Optionen im \u00dcberblick\" \/>\n<meta property=\"og:description\" content=\"Sofortkredit f\u00fcr Arbeitslose? Wir zeigen alle M\u00f6glichkeiten trotz Arbeitslosigkeit \u2713 Seri\u00f6se Kreditm\u00f6glichkeiten im \u00dcberblick \u2713 Auch gr\u00f6\u00dfere Summen m\u00f6glich \u2713 ab 500\u20ac\" \/>\n<meta property=\"og:url\" content=\"https:\/\/www.dr-staedtler.de\/sofort-kredit\/sofortkredit-arbeitslose\" \/>\n<meta property=\"og:site_name\" content=\"Sofortkredit\" \/>\n<meta property=\"article:modified_time\" content=\"2017-02-14T13:45:48+00:00\" \/>\n<meta property=\"og:image\" content=\"http:\/\/www.dr-staedtler.de\/sofort-kredit\/wp-content\/uploads\/2010\/06\/arbeitslos-300x200.jpg\" \/>\n<meta name=\"twitter:card\" content=\"summary_large_image\" \/>\n<meta name=\"twitter:label1\" content=\"Gesch\u00e4tzte Lesezeit\" \/>\n\t<meta name=\"twitter:data1\" content=\"2\u00a0Minuten\" \/>\n<script type=\"application\/ld+json\" class=\"yoast-schema-graph\">{\"@context\":\"https:\/\/schema.org\",\"@graph\":[{\"@type\":\"WebPage\",\"@id\":\"https:\/\/www.dr-staedtler.de\/sofort-kredit\/sofortkredit-arbeitslose\",\"url\":\"https:\/\/www.dr-staedtler.de\/sofort-kredit\/sofortkredit-arbeitslose\",\"name\":\"Sofortkredit f\u00fcr Arbeitslose \u25b7 Seri\u00f6se Optionen im \u00dcberblick\",\"isPartOf\":{\"@id\":\"http:\/\/www.dr-staedtler.de\/sofort-kredit\/#website\"},\"primaryImageOfPage\":{\"@id\":\"https:\/\/www.dr-staedtler.de\/sofort-kredit\/sofortkredit-arbeitslose#primaryimage\"},\"image\":{\"@id\":\"https:\/\/www.dr-staedtler.de\/sofort-kredit\/sofortkredit-arbeitslose#primaryimage\"},\"thumbnailUrl\":\"http:\/\/www.dr-staedtler.de\/sofort-kredit\/wp-content\/uploads\/2010\/06\/arbeitslos-300x200.jpg\",\"datePublished\":\"2010-06-22T21:32:40+00:00\",\"dateModified\":\"2017-02-14T13:45:48+00:00\",\"description\":\"Sofortkredit f\u00fcr Arbeitslose? Wir zeigen alle M\u00f6glichkeiten trotz Arbeitslosigkeit \u2713 Seri\u00f6se Kreditm\u00f6glichkeiten im \u00dcberblick \u2713 Auch gr\u00f6\u00dfere Summen m\u00f6glich \u2713 ab 500\u20ac\",\"breadcrumb\":{\"@id\":\"https:\/\/www.dr-staedtler.de\/sofort-kredit\/sofortkredit-arbeitslose#breadcrumb\"},\"inLanguage\":\"de\",\"potentialAction\":[{\"@type\":\"ReadAction\",\"target\":[\"https:\/\/www.dr-staedtler.de\/sofort-kredit\/sofortkredit-arbeitslose\"]}]},{\"@type\":\"ImageObject\",\"inLanguage\":\"de\",\"@id\":\"https:\/\/www.dr-staedtler.de\/sofort-kredit\/sofortkredit-arbeitslose#primaryimage\",\"url\":\"http:\/\/www.dr-staedtler.de\/sofort-kredit\/wp-content\/uploads\/2010\/06\/arbeitslos.jpg\",\"contentUrl\":\"http:\/\/www.dr-staedtler.de\/sofort-kredit\/wp-content\/uploads\/2010\/06\/arbeitslos.jpg\",\"width\":\"424\",\"height\":\"283\",\"caption\":\"Arbeitslos und doch einen Kredit erhalten\"},{\"@type\":\"BreadcrumbList\",\"@id\":\"https:\/\/www.dr-staedtler.de\/sofort-kredit\/sofortkredit-arbeitslose#breadcrumb\",\"itemListElement\":[{\"@type\":\"ListItem\",\"position\":1,\"name\":\"Home\",\"item\":\"https:\/\/www.dr-staedtler.de\/sofort-kredit\/\"},{\"@type\":\"ListItem\",\"position\":2,\"name\":\"Sofortkredit f\u00fcr Arbeitslose ohne Schufa und B\u00fcrgen\"}]},{\"@type\":\"WebSite\",\"@id\":\"http:\/\/www.dr-staedtler.de\/sofort-kredit\/#website\",\"url\":\"http:\/\/www.dr-staedtler.de\/sofort-kredit\/\",\"name\":\"Sofortkredit\",\"description\":\"Der Sofortkredit im unabh\u00e4ngigen Vergleich\",\"potentialAction\":[{\"@type\":\"SearchAction\",\"target\":{\"@type\":\"EntryPoint\",\"urlTemplate\":\"http:\/\/www.dr-staedtler.de\/sofort-kredit\/?s={search_term_string}\"},\"query-input\":{\"@type\":\"PropertyValueSpecification\",\"valueRequired\":true,\"valueName\":\"search_term_string\"}}],\"inLanguage\":\"de\"}]}<\/script>\n<!-- \/ Yoast SEO plugin. -->","yoast_head_json":{"title":"Sofortkredit f\u00fcr Arbeitslose \u25b7 Seri\u00f6se Optionen im \u00dcberblick","description":"Sofortkredit f\u00fcr Arbeitslose? Wir zeigen alle M\u00f6glichkeiten trotz Arbeitslosigkeit \u2713 Seri\u00f6se Kreditm\u00f6glichkeiten im \u00dcberblick \u2713 Auch gr\u00f6\u00dfere Summen m\u00f6glich \u2713 ab 500\u20ac","robots":{"index":"index","follow":"follow","max-snippet":"max-snippet:-1","max-image-preview":"max-image-preview:large","max-video-preview":"max-video-preview:-1"},"canonical":"https:\/\/www.dr-staedtler.de\/sofort-kredit\/sofortkredit-arbeitslose","og_locale":"de_DE","og_type":"article","og_title":"Sofortkredit f\u00fcr Arbeitslose \u25b7 Seri\u00f6se Optionen im \u00dcberblick","og_description":"Sofortkredit f\u00fcr Arbeitslose? Wir zeigen alle M\u00f6glichkeiten trotz Arbeitslosigkeit \u2713 Seri\u00f6se Kreditm\u00f6glichkeiten im \u00dcberblick \u2713 Auch gr\u00f6\u00dfere Summen m\u00f6glich \u2713 ab 500\u20ac","og_url":"https:\/\/www.dr-staedtler.de\/sofort-kredit\/sofortkredit-arbeitslose","og_site_name":"Sofortkredit","article_modified_time":"2017-02-14T13:45:48+00:00","og_image":[{"url":"http:\/\/www.dr-staedtler.de\/sofort-kredit\/wp-content\/uploads\/2010\/06\/arbeitslos-300x200.jpg","type":"","width":"","height":""}],"twitter_card":"summary_large_image","twitter_misc":{"Gesch\u00e4tzte Lesezeit":"2\u00a0Minuten"},"schema":{"@context":"https:\/\/schema.org","@graph":[{"@type":"WebPage","@id":"https:\/\/www.dr-staedtler.de\/sofort-kredit\/sofortkredit-arbeitslose","url":"https:\/\/www.dr-staedtler.de\/sofort-kredit\/sofortkredit-arbeitslose","name":"Sofortkredit f\u00fcr Arbeitslose \u25b7 Seri\u00f6se Optionen im \u00dcberblick","isPartOf":{"@id":"http:\/\/www.dr-staedtler.de\/sofort-kredit\/#website"},"primaryImageOfPage":{"@id":"https:\/\/www.dr-staedtler.de\/sofort-kredit\/sofortkredit-arbeitslose#primaryimage"},"image":{"@id":"https:\/\/www.dr-staedtler.de\/sofort-kredit\/sofortkredit-arbeitslose#primaryimage"},"thumbnailUrl":"http:\/\/www.dr-staedtler.de\/sofort-kredit\/wp-content\/uploads\/2010\/06\/arbeitslos-300x200.jpg","datePublished":"2010-06-22T21:32:40+00:00","dateModified":"2017-02-14T13:45:48+00:00","description":"Sofortkredit f\u00fcr Arbeitslose? Wir zeigen alle M\u00f6glichkeiten trotz Arbeitslosigkeit \u2713 Seri\u00f6se Kreditm\u00f6glichkeiten im \u00dcberblick \u2713 Auch gr\u00f6\u00dfere Summen m\u00f6glich \u2713 ab 500\u20ac","breadcrumb":{"@id":"https:\/\/www.dr-staedtler.de\/sofort-kredit\/sofortkredit-arbeitslose#breadcrumb"},"inLanguage":"de","potentialAction":[{"@type":"ReadAction","target":["https:\/\/www.dr-staedtler.de\/sofort-kredit\/sofortkredit-arbeitslose"]}]},{"@type":"ImageObject","inLanguage":"de","@id":"https:\/\/www.dr-staedtler.de\/sofort-kredit\/sofortkredit-arbeitslose#primaryimage","url":"http:\/\/www.dr-staedtler.de\/sofort-kredit\/wp-content\/uploads\/2010\/06\/arbeitslos.jpg","contentUrl":"http:\/\/www.dr-staedtler.de\/sofort-kredit\/wp-content\/uploads\/2010\/06\/arbeitslos.jpg","width":"424","height":"283","caption":"Arbeitslos und doch einen Kredit erhalten"},{"@type":"BreadcrumbList","@id":"https:\/\/www.dr-staedtler.de\/sofort-kredit\/sofortkredit-arbeitslose#breadcrumb","itemListElement":[{"@type":"ListItem","position":1,"name":"Home","item":"https:\/\/www.dr-staedtler.de\/sofort-kredit\/"},{"@type":"ListItem","position":2,"name":"Sofortkredit f\u00fcr Arbeitslose ohne Schufa und B\u00fcrgen"}]},{"@type":"WebSite","@id":"http:\/\/www.dr-staedtler.de\/sofort-kredit\/#website","url":"http:\/\/www.dr-staedtler.de\/sofort-kredit\/","name":"Sofortkredit","description":"Der Sofortkredit im unabh\u00e4ngigen Vergleich","potentialAction":[{"@type":"SearchAction","target":{"@type":"EntryPoint","urlTemplate":"http:\/\/www.dr-staedtler.de\/sofort-kredit\/?s={search_term_string}"},"query-input":{"@type":"PropertyValueSpecification","valueRequired":true,"valueName":"search_term_string"}}],"inLanguage":"de"}]}},"_links":{"self":[{"href":"http:\/\/www.dr-staedtler.de\/sofort-kredit\/wp-json\/wp\/v2\/pages\/95","targetHints":{"allow":["GET"]}}],"collection":[{"href":"http:\/\/www.dr-staedtler.de\/sofort-kredit\/wp-json\/wp\/v2\/pages"}],"about":[{"href":"http:\/\/www.dr-staedtler.de\/sofort-kredit\/wp-json\/wp\/v2\/types\/page"}],"author":[{"embeddable":true,"href":"http:\/\/www.dr-staedtler.de\/sofort-kredit\/wp-json\/wp\/v2\/users\/2"}],"replies":[{"embeddable":true,"href":"http:\/\/www.dr-staedtler.de\/sofort-kredit\/wp-json\/wp\/v2\/comments?post=95"}],"version-history":[{"count":8,"href":"http:\/\/www.dr-staedtler.de\/sofort-kredit\/wp-json\/wp\/v2\/pages\/95\/revisions"}],"predecessor-version":[{"id":2422,"href":"http:\/\/www.dr-staedtler.de\/sofort-kredit\/wp-json\/wp\/v2\/pages\/95\/revisions\/2422"}],"wp:attachment":[{"href":"http:\/\/www.dr-staedtler.de\/sofort-kredit\/wp-json\/wp\/v2\/media?parent=95"}],"curies":[{"name":"wp","href":"https:\/\/api.w.org\/{rel}","templated":true}]}}