{"id":90,"date":"2010-06-22T23:27:34","date_gmt":"2010-06-22T21:27:34","guid":{"rendered":"http:\/\/www.sofort-kredit.net\/?page_id=90"},"modified":"2017-03-25T21:38:34","modified_gmt":"2017-03-25T19:38:34","slug":"sofort-kredit-online","status":"publish","type":"page","link":"http:\/\/www.dr-staedtler.de\/sofort-kredit\/sofort-kredit-online","title":{"rendered":"Sofortkredit online beantragen &#8211; Mit Sofortzusage"},"content":{"rendered":"<p>Der Wettbewerb auf dem Bankenmarkt hat in den letzten Jahren immer mehr zugenommen. Wer als Verbraucher Geld in Form eines Kredites ben\u00f6tigt, kann sich deshalb vor Angeboten kaum retten. Besonders der Online-Sofortkredit wird von vielen Kreditinstituten aufw\u00e4ndig beworben. Die Banken unterbieten sich mit ihren Konditionen gegenseitig. Sehen Sie selbst:<br \/>\n<a href=\"kreditrechner\"><img decoding=\"async\" src=\"http:\/\/www.dr-staedtler.de\/sofort-kredit\/zumvergleich.png\" alt=\"Zum Sofortkredit Rechner\" \/><\/a><\/p>\n<h2>Sofortkredit Vergleich<\/h2>\n<p>Der online Sofortkredit ist sinnvoll, um beispielsweise einen ausgesch\u00f6pften Dispositionskredit umzuschulden oder kurzfristige Kosten zu decken. Der online Sofortkredit geht mit wesentlich g\u00fcnstigeren Zinsen einher als der Dispo-Kredit und l\u00e4sst sich daher auch einfacher und schneller zur\u00fcckzahlen. Doch auch Anschaffungen von Konsumg\u00fctern oder die Finanzierung von Fahrzeugen, Reisen oder anderen W\u00fcnschen ist \u00fcber den Sofortkredit unkompliziert m\u00f6glich.<\/p>\n<h3>Online Sofortkredit \u00e4hnlich wie herk\u00f6mmlicher Ratenkredit<\/h3>\n<p>Der <a href=\"http:\/\/www.dr-staedtler.de\/sofort-kredit\/\">Online Sofortkredit \u00fcberzeugt im Vergleich<\/a> zum herk\u00f6mmlichen Ratenkredit einer Bank dadurch, dass er in k\u00fcrzester Zeit vergeben werden kann. Lange Wartezeiten f\u00fcr die Pr\u00fcfung des Kreditantrages entfallen, da die Kreditvergabe beim Sofortkredit meist automatisiert und dadurch sehr rasch erfolgt.<\/p>\n<h3>Online Sofortzusage<\/h3>\n<p><img loading=\"lazy\" decoding=\"async\" class=\"alignright size-medium wp-image-299\" style=\"margin-left: 10px; margin-bottom: 8px; border: 1px solid grey;\" title=\"Online neuen Sofortkredit finden\" src=\"http:\/\/www.dr-staedtler.de\/sofort-kredit\/wp-content\/uploads\/2010\/06\/online-sofortkredit-300x200.jpg\" alt=\"Online neuen Sofortkredit finden\" width=\"300\" height=\"200\" srcset=\"http:\/\/www.dr-staedtler.de\/sofort-kredit\/wp-content\/uploads\/2010\/06\/online-sofortkredit-300x200.jpg 300w, http:\/\/www.dr-staedtler.de\/sofort-kredit\/wp-content\/uploads\/2010\/06\/online-sofortkredit.jpg 423w\" sizes=\"auto, (max-width: 300px) 100vw, 300px\" \/>In der Regel erh\u00e4lt man sofort nach Eingabe seiner Daten im Internet die entsprechende Zu- oder Absage der Bank. Wurde dem Kreditantrag zugestimmt, so \u00fcbersendet die Bank ein Kreditangebot, welches dann nur noch unterzeichnet und mit den erforderlichen Unterlagen (z.B. Gehaltsnachweis, Ausweiskopie) per Post an das Kreditinstitut \u00fcbersandt wird.<\/p>\n<h2>Schnelle Auszahlung beim Sofortkredit<\/h2>\n<p>Auch die Auszahlung erfolgt innerhalb k\u00fcrzester Zeit. Der Kreditnehmer erh\u00e4lt den vereinbarten Betrag auf sein Konto und kann dann frei dar\u00fcber verf\u00fcgen. Der Sofort Kredit Online ist also eine gute M\u00f6glichkeit, um schnell und unkompliziert an frisches Geld zu kommen. Allerdings sollte man die einzelnen Bankangebote, auch wenn es eilt, miteinander vergleichen.<\/p>\n<h2>Online vergleichen lohnt sich<\/h2>\n<p>Denn nicht immer ist das vermeintlich g\u00fcnstigste Angebot aus der Werbung auch wirklich das g\u00fcnstigste. Die beworbenen Zinskonditionen stellen meist die bestm\u00f6glichsten Zinsen dar \u2013sie werden aber stets individuell, den finanziellen Einkommensverh\u00e4ltnissen des Kreditnehmers und seiner Bonit\u00e4t. angepasst. Deswegen macht es durchaus Sinn, sich verschiedene Angebote von Banken einzuholen, bevor man den entscheidenden Schritt wagt. Dann kann man tats\u00e4chlich einen g\u00fcnstigen Sofortkredit finden, der der pers\u00f6nlichen Situation und den eigenen W\u00fcnschen angepasst ist.<\/p>\n<p>Weiterf\u00fchrende Informationen:<\/p>\n<ul>\n<li><a href=\"http:\/\/www.finanzprodukte24.de\/kreditvergleich.html\">http:\/\/www.finanzprodukte24.de\/<\/a><\/li>\n<li><a href=\"http:\/\/www.creditolo.de\/\">http:\/\/www.creditolo.de\/<\/a><\/li>\n<\/ul>\n","protected":false},"excerpt":{"rendered":"<p>Der Wettbewerb auf dem Bankenmarkt hat in den letzten Jahren immer mehr zugenommen. Wer als Verbraucher Geld in Form eines Kredites ben\u00f6tigt, kann sich deshalb vor Angeboten kaum retten. Besonders der Online-Sofortkredit wird von vielen Kreditinstituten aufw\u00e4ndig beworben. Die Banken unterbieten sich mit ihren Konditionen gegenseitig. Sehen Sie selbst: Sofortkredit Vergleich Der online Sofortkredit ist [&hellip;]<\/p>\n","protected":false},"author":2,"featured_media":0,"parent":0,"menu_order":0,"comment_status":"closed","ping_status":"open","template":"templates\/sidebar-right.php","meta":{"footnotes":""},"class_list":["post-90","page","type-page","status-publish","hentry"],"yoast_head":"<!-- This site is optimized with the Yoast SEO plugin v24.6 - https:\/\/yoast.com\/wordpress\/plugins\/seo\/ -->\n<title>Online Sofortkredit berechnen \u25b7 mit Sofortzusage<\/title>\n<meta name=\"description\" content=\"Online Sofortkredit beantragen \u2714 mit online Sofortzusage \u2714 Kreditsummen ab 500\u20ac m\u00f6glich \u2714 100% kostenlos, unabh\u00e4ngig und unverbindlich\" \/>\n<meta name=\"robots\" content=\"index, follow, max-snippet:-1, max-image-preview:large, max-video-preview:-1\" \/>\n<link rel=\"canonical\" href=\"https:\/\/www.dr-staedtler.de\/sofort-kredit\/sofort-kredit-online\" \/>\n<meta property=\"og:locale\" content=\"de_DE\" \/>\n<meta property=\"og:type\" content=\"article\" \/>\n<meta property=\"og:title\" content=\"Online Sofortkredit berechnen \u25b7 mit Sofortzusage\" \/>\n<meta property=\"og:description\" content=\"Online Sofortkredit beantragen \u2714 mit online Sofortzusage \u2714 Kreditsummen ab 500\u20ac m\u00f6glich \u2714 100% kostenlos, unabh\u00e4ngig und unverbindlich\" \/>\n<meta property=\"og:url\" content=\"https:\/\/www.dr-staedtler.de\/sofort-kredit\/sofort-kredit-online\" \/>\n<meta property=\"og:site_name\" content=\"Sofortkredit\" \/>\n<meta property=\"article:modified_time\" content=\"2017-03-25T19:38:34+00:00\" \/>\n<meta property=\"og:image\" content=\"http:\/\/www.dr-staedtler.de\/sofort-kredit\/zumvergleich.png\" \/>\n<meta name=\"twitter:card\" content=\"summary_large_image\" \/>\n<meta name=\"twitter:label1\" content=\"Gesch\u00e4tzte Lesezeit\" \/>\n\t<meta name=\"twitter:data1\" content=\"2\u00a0Minuten\" \/>\n<script type=\"application\/ld+json\" class=\"yoast-schema-graph\">{\"@context\":\"https:\/\/schema.org\",\"@graph\":[{\"@type\":\"WebPage\",\"@id\":\"https:\/\/www.dr-staedtler.de\/sofort-kredit\/sofort-kredit-online\",\"url\":\"https:\/\/www.dr-staedtler.de\/sofort-kredit\/sofort-kredit-online\",\"name\":\"Online Sofortkredit berechnen \u25b7 mit Sofortzusage\",\"isPartOf\":{\"@id\":\"http:\/\/www.dr-staedtler.de\/sofort-kredit\/#website\"},\"primaryImageOfPage\":{\"@id\":\"https:\/\/www.dr-staedtler.de\/sofort-kredit\/sofort-kredit-online#primaryimage\"},\"image\":{\"@id\":\"https:\/\/www.dr-staedtler.de\/sofort-kredit\/sofort-kredit-online#primaryimage\"},\"thumbnailUrl\":\"http:\/\/www.dr-staedtler.de\/sofort-kredit\/zumvergleich.png\",\"datePublished\":\"2010-06-22T21:27:34+00:00\",\"dateModified\":\"2017-03-25T19:38:34+00:00\",\"description\":\"Online Sofortkredit beantragen \u2714 mit online Sofortzusage \u2714 Kreditsummen ab 500\u20ac m\u00f6glich \u2714 100% kostenlos, unabh\u00e4ngig und unverbindlich\",\"breadcrumb\":{\"@id\":\"https:\/\/www.dr-staedtler.de\/sofort-kredit\/sofort-kredit-online#breadcrumb\"},\"inLanguage\":\"de\",\"potentialAction\":[{\"@type\":\"ReadAction\",\"target\":[\"https:\/\/www.dr-staedtler.de\/sofort-kredit\/sofort-kredit-online\"]}]},{\"@type\":\"ImageObject\",\"inLanguage\":\"de\",\"@id\":\"https:\/\/www.dr-staedtler.de\/sofort-kredit\/sofort-kredit-online#primaryimage\",\"url\":\"http:\/\/www.dr-staedtler.de\/sofort-kredit\/zumvergleich.png\",\"contentUrl\":\"http:\/\/www.dr-staedtler.de\/sofort-kredit\/zumvergleich.png\"},{\"@type\":\"BreadcrumbList\",\"@id\":\"https:\/\/www.dr-staedtler.de\/sofort-kredit\/sofort-kredit-online#breadcrumb\",\"itemListElement\":[{\"@type\":\"ListItem\",\"position\":1,\"name\":\"Home\",\"item\":\"https:\/\/www.dr-staedtler.de\/sofort-kredit\/\"},{\"@type\":\"ListItem\",\"position\":2,\"name\":\"Sofortkredit online beantragen &#8211; Mit Sofortzusage\"}]},{\"@type\":\"WebSite\",\"@id\":\"http:\/\/www.dr-staedtler.de\/sofort-kredit\/#website\",\"url\":\"http:\/\/www.dr-staedtler.de\/sofort-kredit\/\",\"name\":\"Sofortkredit\",\"description\":\"Der Sofortkredit im unabh\u00e4ngigen Vergleich\",\"potentialAction\":[{\"@type\":\"SearchAction\",\"target\":{\"@type\":\"EntryPoint\",\"urlTemplate\":\"http:\/\/www.dr-staedtler.de\/sofort-kredit\/?s={search_term_string}\"},\"query-input\":{\"@type\":\"PropertyValueSpecification\",\"valueRequired\":true,\"valueName\":\"search_term_string\"}}],\"inLanguage\":\"de\"}]}<\/script>\n<!-- \/ Yoast SEO plugin. -->","yoast_head_json":{"title":"Online Sofortkredit berechnen \u25b7 mit Sofortzusage","description":"Online Sofortkredit beantragen \u2714 mit online Sofortzusage \u2714 Kreditsummen ab 500\u20ac m\u00f6glich \u2714 100% kostenlos, unabh\u00e4ngig und unverbindlich","robots":{"index":"index","follow":"follow","max-snippet":"max-snippet:-1","max-image-preview":"max-image-preview:large","max-video-preview":"max-video-preview:-1"},"canonical":"https:\/\/www.dr-staedtler.de\/sofort-kredit\/sofort-kredit-online","og_locale":"de_DE","og_type":"article","og_title":"Online Sofortkredit berechnen \u25b7 mit Sofortzusage","og_description":"Online Sofortkredit beantragen \u2714 mit online Sofortzusage \u2714 Kreditsummen ab 500\u20ac m\u00f6glich \u2714 100% kostenlos, unabh\u00e4ngig und unverbindlich","og_url":"https:\/\/www.dr-staedtler.de\/sofort-kredit\/sofort-kredit-online","og_site_name":"Sofortkredit","article_modified_time":"2017-03-25T19:38:34+00:00","og_image":[{"url":"http:\/\/www.dr-staedtler.de\/sofort-kredit\/zumvergleich.png","type":"","width":"","height":""}],"twitter_card":"summary_large_image","twitter_misc":{"Gesch\u00e4tzte Lesezeit":"2\u00a0Minuten"},"schema":{"@context":"https:\/\/schema.org","@graph":[{"@type":"WebPage","@id":"https:\/\/www.dr-staedtler.de\/sofort-kredit\/sofort-kredit-online","url":"https:\/\/www.dr-staedtler.de\/sofort-kredit\/sofort-kredit-online","name":"Online Sofortkredit berechnen \u25b7 mit Sofortzusage","isPartOf":{"@id":"http:\/\/www.dr-staedtler.de\/sofort-kredit\/#website"},"primaryImageOfPage":{"@id":"https:\/\/www.dr-staedtler.de\/sofort-kredit\/sofort-kredit-online#primaryimage"},"image":{"@id":"https:\/\/www.dr-staedtler.de\/sofort-kredit\/sofort-kredit-online#primaryimage"},"thumbnailUrl":"http:\/\/www.dr-staedtler.de\/sofort-kredit\/zumvergleich.png","datePublished":"2010-06-22T21:27:34+00:00","dateModified":"2017-03-25T19:38:34+00:00","description":"Online Sofortkredit beantragen \u2714 mit online Sofortzusage \u2714 Kreditsummen ab 500\u20ac m\u00f6glich \u2714 100% kostenlos, unabh\u00e4ngig und unverbindlich","breadcrumb":{"@id":"https:\/\/www.dr-staedtler.de\/sofort-kredit\/sofort-kredit-online#breadcrumb"},"inLanguage":"de","potentialAction":[{"@type":"ReadAction","target":["https:\/\/www.dr-staedtler.de\/sofort-kredit\/sofort-kredit-online"]}]},{"@type":"ImageObject","inLanguage":"de","@id":"https:\/\/www.dr-staedtler.de\/sofort-kredit\/sofort-kredit-online#primaryimage","url":"http:\/\/www.dr-staedtler.de\/sofort-kredit\/zumvergleich.png","contentUrl":"http:\/\/www.dr-staedtler.de\/sofort-kredit\/zumvergleich.png"},{"@type":"BreadcrumbList","@id":"https:\/\/www.dr-staedtler.de\/sofort-kredit\/sofort-kredit-online#breadcrumb","itemListElement":[{"@type":"ListItem","position":1,"name":"Home","item":"https:\/\/www.dr-staedtler.de\/sofort-kredit\/"},{"@type":"ListItem","position":2,"name":"Sofortkredit online beantragen &#8211; Mit Sofortzusage"}]},{"@type":"WebSite","@id":"http:\/\/www.dr-staedtler.de\/sofort-kredit\/#website","url":"http:\/\/www.dr-staedtler.de\/sofort-kredit\/","name":"Sofortkredit","description":"Der Sofortkredit im unabh\u00e4ngigen Vergleich","potentialAction":[{"@type":"SearchAction","target":{"@type":"EntryPoint","urlTemplate":"http:\/\/www.dr-staedtler.de\/sofort-kredit\/?s={search_term_string}"},"query-input":{"@type":"PropertyValueSpecification","valueRequired":true,"valueName":"search_term_string"}}],"inLanguage":"de"}]}},"_links":{"self":[{"href":"http:\/\/www.dr-staedtler.de\/sofort-kredit\/wp-json\/wp\/v2\/pages\/90","targetHints":{"allow":["GET"]}}],"collection":[{"href":"http:\/\/www.dr-staedtler.de\/sofort-kredit\/wp-json\/wp\/v2\/pages"}],"about":[{"href":"http:\/\/www.dr-staedtler.de\/sofort-kredit\/wp-json\/wp\/v2\/types\/page"}],"author":[{"embeddable":true,"href":"http:\/\/www.dr-staedtler.de\/sofort-kredit\/wp-json\/wp\/v2\/users\/2"}],"replies":[{"embeddable":true,"href":"http:\/\/www.dr-staedtler.de\/sofort-kredit\/wp-json\/wp\/v2\/comments?post=90"}],"version-history":[{"count":3,"href":"http:\/\/www.dr-staedtler.de\/sofort-kredit\/wp-json\/wp\/v2\/pages\/90\/revisions"}],"predecessor-version":[{"id":2508,"href":"http:\/\/www.dr-staedtler.de\/sofort-kredit\/wp-json\/wp\/v2\/pages\/90\/revisions\/2508"}],"wp:attachment":[{"href":"http:\/\/www.dr-staedtler.de\/sofort-kredit\/wp-json\/wp\/v2\/media?parent=90"}],"curies":[{"name":"wp","href":"https:\/\/api.w.org\/{rel}","templated":true}]}}