{"id":645,"date":"2011-11-24T15:58:58","date_gmt":"2011-11-24T13:58:58","guid":{"rendered":"http:\/\/www.sofort-kredit.net\/?page_id=645"},"modified":"2017-03-25T21:21:32","modified_gmt":"2017-03-25T19:21:32","slug":"wie-wird-der-sofortkredit-ausbezahlt","status":"publish","type":"page","link":"http:\/\/www.dr-staedtler.de\/sofort-kredit\/fragen\/wie-wird-der-sofortkredit-ausbezahlt","title":{"rendered":"Wie wird der Sofortkredit ausbezahlt?"},"content":{"rendered":"<p><img loading=\"lazy\" decoding=\"async\" class=\"alignleft size-medium wp-image-648\" style=\"margin-right: 10px; margin-bottom: 8px;\" title=\"H\u00e4ufig gestellte Fragen\" src=\"http:\/\/www.dr-staedtler.de\/sofort-kredit\/wp-content\/uploads\/2011\/11\/fragen-275x300.jpg\" alt=\"H\u00e4ufig gestellte Fragen\" width=\"165\" height=\"180\" srcset=\"http:\/\/www.dr-staedtler.de\/sofort-kredit\/wp-content\/uploads\/2011\/11\/fragen-275x300.jpg 275w, http:\/\/www.dr-staedtler.de\/sofort-kredit\/wp-content\/uploads\/2011\/11\/fragen.jpg 332w\" sizes=\"auto, (max-width: 165px) 100vw, 165px\" \/>Ist der <a href=\"http:\/\/www.dr-staedtler.de\/sofort-kredit\/\">Sofortkredit<\/a> bewilligt worden, kommt es innerhalb weniger Tage zur Auszahlung der vereinbarten Kreditsumme. Das Geld wird in aller Regel auf ein Girokonto des Kreditnehmers \u00fcberwiesen. Das <strong>Auszahlungskonto wird bereits im Kreditvertrag festgehalten<\/strong>, kann aber nachtr\u00e4glich auch ohne Probleme ge\u00e4ndert werden. Das Konto muss nicht zwingend bei der Kredit gebenden Bank gef\u00fchrt werden.<\/p>\n<p>Zur\u00fcck zu den <a href=\"http:\/\/www.dr-staedtler.de\/sofort-kredit\/fragen\">H\u00e4ufig gestellten Fragen<\/a><\/p>\n","protected":false},"excerpt":{"rendered":"<p>Ist der Sofortkredit bewilligt worden, kommt es innerhalb weniger Tage zur Auszahlung der vereinbarten Kreditsumme. Das Geld wird in aller Regel auf ein Girokonto des Kreditnehmers \u00fcberwiesen. Das Auszahlungskonto wird bereits im Kreditvertrag festgehalten, kann aber nachtr\u00e4glich auch ohne Probleme ge\u00e4ndert werden. Das Konto muss nicht zwingend bei der Kredit gebenden Bank gef\u00fchrt werden. Zur\u00fcck [&hellip;]<\/p>\n","protected":false},"author":2,"featured_media":0,"parent":604,"menu_order":0,"comment_status":"closed","ping_status":"open","template":"templates\/sidebar-right.php","meta":{"footnotes":""},"class_list":["post-645","page","type-page","status-publish","hentry"],"yoast_head":"<!-- This site is optimized with the Yoast SEO plugin v24.6 - https:\/\/yoast.com\/wordpress\/plugins\/seo\/ -->\n<title>Wie wird der Sofortkredit ausbezahlt?<\/title>\n<meta name=\"robots\" content=\"index, follow, max-snippet:-1, max-image-preview:large, max-video-preview:-1\" \/>\n<link rel=\"canonical\" href=\"https:\/\/www.dr-staedtler.de\/sofort-kredit\/fragen\/wie-wird-der-sofortkredit-ausbezahlt\" \/>\n<meta property=\"og:locale\" content=\"de_DE\" \/>\n<meta property=\"og:type\" content=\"article\" \/>\n<meta property=\"og:title\" content=\"Wie wird der Sofortkredit ausbezahlt?\" \/>\n<meta property=\"og:description\" content=\"Ist der Sofortkredit bewilligt worden, kommt es innerhalb weniger Tage zur Auszahlung der vereinbarten Kreditsumme. Das Geld wird in aller Regel auf ein Girokonto des Kreditnehmers \u00fcberwiesen. Das Auszahlungskonto wird bereits im Kreditvertrag festgehalten, kann aber nachtr\u00e4glich auch ohne Probleme ge\u00e4ndert werden. Das Konto muss nicht zwingend bei der Kredit gebenden Bank gef\u00fchrt werden. Zur\u00fcck [&hellip;]\" \/>\n<meta property=\"og:url\" content=\"https:\/\/www.dr-staedtler.de\/sofort-kredit\/fragen\/wie-wird-der-sofortkredit-ausbezahlt\" \/>\n<meta property=\"og:site_name\" content=\"Sofortkredit\" \/>\n<meta property=\"article:modified_time\" content=\"2017-03-25T19:21:32+00:00\" \/>\n<meta property=\"og:image\" content=\"http:\/\/www.dr-staedtler.de\/sofort-kredit\/wp-content\/uploads\/2011\/11\/fragen-275x300.jpg\" \/>\n<meta name=\"twitter:card\" content=\"summary_large_image\" \/>\n<script type=\"application\/ld+json\" class=\"yoast-schema-graph\">{\"@context\":\"https:\/\/schema.org\",\"@graph\":[{\"@type\":\"WebPage\",\"@id\":\"https:\/\/www.dr-staedtler.de\/sofort-kredit\/fragen\/wie-wird-der-sofortkredit-ausbezahlt\",\"url\":\"https:\/\/www.dr-staedtler.de\/sofort-kredit\/fragen\/wie-wird-der-sofortkredit-ausbezahlt\",\"name\":\"Wie wird der Sofortkredit ausbezahlt?\",\"isPartOf\":{\"@id\":\"http:\/\/www.dr-staedtler.de\/sofort-kredit\/#website\"},\"primaryImageOfPage\":{\"@id\":\"https:\/\/www.dr-staedtler.de\/sofort-kredit\/fragen\/wie-wird-der-sofortkredit-ausbezahlt#primaryimage\"},\"image\":{\"@id\":\"https:\/\/www.dr-staedtler.de\/sofort-kredit\/fragen\/wie-wird-der-sofortkredit-ausbezahlt#primaryimage\"},\"thumbnailUrl\":\"http:\/\/www.dr-staedtler.de\/sofort-kredit\/wp-content\/uploads\/2011\/11\/fragen-275x300.jpg\",\"datePublished\":\"2011-11-24T13:58:58+00:00\",\"dateModified\":\"2017-03-25T19:21:32+00:00\",\"breadcrumb\":{\"@id\":\"https:\/\/www.dr-staedtler.de\/sofort-kredit\/fragen\/wie-wird-der-sofortkredit-ausbezahlt#breadcrumb\"},\"inLanguage\":\"de\",\"potentialAction\":[{\"@type\":\"ReadAction\",\"target\":[\"https:\/\/www.dr-staedtler.de\/sofort-kredit\/fragen\/wie-wird-der-sofortkredit-ausbezahlt\"]}]},{\"@type\":\"ImageObject\",\"inLanguage\":\"de\",\"@id\":\"https:\/\/www.dr-staedtler.de\/sofort-kredit\/fragen\/wie-wird-der-sofortkredit-ausbezahlt#primaryimage\",\"url\":\"http:\/\/www.dr-staedtler.de\/sofort-kredit\/wp-content\/uploads\/2011\/11\/fragen.jpg\",\"contentUrl\":\"http:\/\/www.dr-staedtler.de\/sofort-kredit\/wp-content\/uploads\/2011\/11\/fragen.jpg\",\"width\":\"332\",\"height\":\"361\",\"caption\":\"H\u00e4ufig gestellte Fragen\"},{\"@type\":\"BreadcrumbList\",\"@id\":\"https:\/\/www.dr-staedtler.de\/sofort-kredit\/fragen\/wie-wird-der-sofortkredit-ausbezahlt#breadcrumb\",\"itemListElement\":[{\"@type\":\"ListItem\",\"position\":1,\"name\":\"Home\",\"item\":\"https:\/\/www.dr-staedtler.de\/sofort-kredit\/\"},{\"@type\":\"ListItem\",\"position\":2,\"name\":\"H\u00e4ufig gestellte Fragen\",\"item\":\"https:\/\/www.dr-staedtler.de\/sofort-kredit\/fragen\"},{\"@type\":\"ListItem\",\"position\":3,\"name\":\"Wie wird der Sofortkredit ausbezahlt?\"}]},{\"@type\":\"WebSite\",\"@id\":\"http:\/\/www.dr-staedtler.de\/sofort-kredit\/#website\",\"url\":\"http:\/\/www.dr-staedtler.de\/sofort-kredit\/\",\"name\":\"Sofortkredit\",\"description\":\"Der Sofortkredit im unabh\u00e4ngigen Vergleich\",\"potentialAction\":[{\"@type\":\"SearchAction\",\"target\":{\"@type\":\"EntryPoint\",\"urlTemplate\":\"http:\/\/www.dr-staedtler.de\/sofort-kredit\/?s={search_term_string}\"},\"query-input\":{\"@type\":\"PropertyValueSpecification\",\"valueRequired\":true,\"valueName\":\"search_term_string\"}}],\"inLanguage\":\"de\"}]}<\/script>\n<!-- \/ Yoast SEO plugin. -->","yoast_head_json":{"title":"Wie wird der Sofortkredit ausbezahlt?","robots":{"index":"index","follow":"follow","max-snippet":"max-snippet:-1","max-image-preview":"max-image-preview:large","max-video-preview":"max-video-preview:-1"},"canonical":"https:\/\/www.dr-staedtler.de\/sofort-kredit\/fragen\/wie-wird-der-sofortkredit-ausbezahlt","og_locale":"de_DE","og_type":"article","og_title":"Wie wird der Sofortkredit ausbezahlt?","og_description":"Ist der Sofortkredit bewilligt worden, kommt es innerhalb weniger Tage zur Auszahlung der vereinbarten Kreditsumme. Das Geld wird in aller Regel auf ein Girokonto des Kreditnehmers \u00fcberwiesen. Das Auszahlungskonto wird bereits im Kreditvertrag festgehalten, kann aber nachtr\u00e4glich auch ohne Probleme ge\u00e4ndert werden. Das Konto muss nicht zwingend bei der Kredit gebenden Bank gef\u00fchrt werden. Zur\u00fcck [&hellip;]","og_url":"https:\/\/www.dr-staedtler.de\/sofort-kredit\/fragen\/wie-wird-der-sofortkredit-ausbezahlt","og_site_name":"Sofortkredit","article_modified_time":"2017-03-25T19:21:32+00:00","og_image":[{"url":"http:\/\/www.dr-staedtler.de\/sofort-kredit\/wp-content\/uploads\/2011\/11\/fragen-275x300.jpg","type":"","width":"","height":""}],"twitter_card":"summary_large_image","schema":{"@context":"https:\/\/schema.org","@graph":[{"@type":"WebPage","@id":"https:\/\/www.dr-staedtler.de\/sofort-kredit\/fragen\/wie-wird-der-sofortkredit-ausbezahlt","url":"https:\/\/www.dr-staedtler.de\/sofort-kredit\/fragen\/wie-wird-der-sofortkredit-ausbezahlt","name":"Wie wird der Sofortkredit ausbezahlt?","isPartOf":{"@id":"http:\/\/www.dr-staedtler.de\/sofort-kredit\/#website"},"primaryImageOfPage":{"@id":"https:\/\/www.dr-staedtler.de\/sofort-kredit\/fragen\/wie-wird-der-sofortkredit-ausbezahlt#primaryimage"},"image":{"@id":"https:\/\/www.dr-staedtler.de\/sofort-kredit\/fragen\/wie-wird-der-sofortkredit-ausbezahlt#primaryimage"},"thumbnailUrl":"http:\/\/www.dr-staedtler.de\/sofort-kredit\/wp-content\/uploads\/2011\/11\/fragen-275x300.jpg","datePublished":"2011-11-24T13:58:58+00:00","dateModified":"2017-03-25T19:21:32+00:00","breadcrumb":{"@id":"https:\/\/www.dr-staedtler.de\/sofort-kredit\/fragen\/wie-wird-der-sofortkredit-ausbezahlt#breadcrumb"},"inLanguage":"de","potentialAction":[{"@type":"ReadAction","target":["https:\/\/www.dr-staedtler.de\/sofort-kredit\/fragen\/wie-wird-der-sofortkredit-ausbezahlt"]}]},{"@type":"ImageObject","inLanguage":"de","@id":"https:\/\/www.dr-staedtler.de\/sofort-kredit\/fragen\/wie-wird-der-sofortkredit-ausbezahlt#primaryimage","url":"http:\/\/www.dr-staedtler.de\/sofort-kredit\/wp-content\/uploads\/2011\/11\/fragen.jpg","contentUrl":"http:\/\/www.dr-staedtler.de\/sofort-kredit\/wp-content\/uploads\/2011\/11\/fragen.jpg","width":"332","height":"361","caption":"H\u00e4ufig gestellte Fragen"},{"@type":"BreadcrumbList","@id":"https:\/\/www.dr-staedtler.de\/sofort-kredit\/fragen\/wie-wird-der-sofortkredit-ausbezahlt#breadcrumb","itemListElement":[{"@type":"ListItem","position":1,"name":"Home","item":"https:\/\/www.dr-staedtler.de\/sofort-kredit\/"},{"@type":"ListItem","position":2,"name":"H\u00e4ufig gestellte Fragen","item":"https:\/\/www.dr-staedtler.de\/sofort-kredit\/fragen"},{"@type":"ListItem","position":3,"name":"Wie wird der Sofortkredit ausbezahlt?"}]},{"@type":"WebSite","@id":"http:\/\/www.dr-staedtler.de\/sofort-kredit\/#website","url":"http:\/\/www.dr-staedtler.de\/sofort-kredit\/","name":"Sofortkredit","description":"Der Sofortkredit im unabh\u00e4ngigen Vergleich","potentialAction":[{"@type":"SearchAction","target":{"@type":"EntryPoint","urlTemplate":"http:\/\/www.dr-staedtler.de\/sofort-kredit\/?s={search_term_string}"},"query-input":{"@type":"PropertyValueSpecification","valueRequired":true,"valueName":"search_term_string"}}],"inLanguage":"de"}]}},"_links":{"self":[{"href":"http:\/\/www.dr-staedtler.de\/sofort-kredit\/wp-json\/wp\/v2\/pages\/645","targetHints":{"allow":["GET"]}}],"collection":[{"href":"http:\/\/www.dr-staedtler.de\/sofort-kredit\/wp-json\/wp\/v2\/pages"}],"about":[{"href":"http:\/\/www.dr-staedtler.de\/sofort-kredit\/wp-json\/wp\/v2\/types\/page"}],"author":[{"embeddable":true,"href":"http:\/\/www.dr-staedtler.de\/sofort-kredit\/wp-json\/wp\/v2\/users\/2"}],"replies":[{"embeddable":true,"href":"http:\/\/www.dr-staedtler.de\/sofort-kredit\/wp-json\/wp\/v2\/comments?post=645"}],"version-history":[{"count":1,"href":"http:\/\/www.dr-staedtler.de\/sofort-kredit\/wp-json\/wp\/v2\/pages\/645\/revisions"}],"predecessor-version":[{"id":2170,"href":"http:\/\/www.dr-staedtler.de\/sofort-kredit\/wp-json\/wp\/v2\/pages\/645\/revisions\/2170"}],"up":[{"embeddable":true,"href":"http:\/\/www.dr-staedtler.de\/sofort-kredit\/wp-json\/wp\/v2\/pages\/604"}],"wp:attachment":[{"href":"http:\/\/www.dr-staedtler.de\/sofort-kredit\/wp-json\/wp\/v2\/media?parent=645"}],"curies":[{"name":"wp","href":"https:\/\/api.w.org\/{rel}","templated":true}]}}