{"id":642,"date":"2011-11-24T15:57:31","date_gmt":"2011-11-24T13:57:31","guid":{"rendered":"http:\/\/www.sofort-kredit.net\/?page_id=642"},"modified":"2017-03-25T21:19:44","modified_gmt":"2017-03-25T19:19:44","slug":"benotige-ich-eine-restschuldversicherung","status":"publish","type":"page","link":"http:\/\/www.dr-staedtler.de\/sofort-kredit\/fragen\/benotige-ich-eine-restschuldversicherung","title":{"rendered":"Ben\u00f6tige ich eine Restschuldversicherung?"},"content":{"rendered":"<p><img loading=\"lazy\" decoding=\"async\" class=\"alignleft size-medium wp-image-648\" style=\"margin-right: 10px; margin-bottom: 8px;\" title=\"H\u00e4ufig gestellte Fragen\" src=\"http:\/\/www.dr-staedtler.de\/sofort-kredit\/wp-content\/uploads\/2011\/11\/fragen-275x300.jpg\" alt=\"H\u00e4ufig gestellte Fragen\" width=\"165\" height=\"180\" srcset=\"http:\/\/www.dr-staedtler.de\/sofort-kredit\/wp-content\/uploads\/2011\/11\/fragen-275x300.jpg 275w, http:\/\/www.dr-staedtler.de\/sofort-kredit\/wp-content\/uploads\/2011\/11\/fragen.jpg 332w\" sizes=\"auto, (max-width: 165px) 100vw, 165px\" \/>Wer \u00fcber l\u00e4ngere Zeit aufgrund von Krankheit oder Unfall arbeitsunf\u00e4hig wird, muss mit einem niedrigeren Einkommen zurechtkommen. Ein Kredit kann dann eine zus\u00e4tzliche Belastung oder gar ein finanzielles Problem werden. Auch im <strong>Todesfall des Kreditnehmers<\/strong> kann es f\u00fcr die verbliebene Familie schwer werden, die R\u00fcckzahlung des Kredits weiterhin zu sichern.<\/p>\n<p>Eine Restschuldversicherung greift in einem solchen Fall: Sie tilgt die verbleibenden Kreditschulden, wenn Krankheit, Unfall oder Tod eintreten. Gerade dann, wenn es sich um einen <strong>h\u00f6heren Kredit handelt<\/strong>, der im Falle eines Falles nicht aus Eigenmitteln zur\u00fcckbezahlt werden kann, lohnt sich der Abschluss einer Restschuldversicherung. Auch dann, wenn es <a title=\"in einer Familie\" href=\"http:\/\/www.dr-staedtler.de\/sofort-kredit\/arten\/fuer-familien\">in einer Familie<\/a> nur einen Hauptverdiener gibt, sollte eine entsprechende Versicherung abgeschlossen werden.<\/p>\n<p>Banken bestehen oft auf den <strong>Abschluss einer Restschuldversicherun<\/strong>g. Es ist allerdings untersagt, die Kreditzusage an den Abschluss einer solchen Versicherung zu koppeln \u2013 Kreditnehmer sollten sich hier nichts einreden lassen. Auch kann es lohnen, die Versicherung nicht bei der Kredit gebenden Bank, sondern anderswo abzuschlie\u00dfen \u2013 denn auch hier gibt es, wie beim Kredit selbst, Preis- und Leistungsunterschiede. Nicht jede <strong>Restschuldversicherung sichert gegen alle Eventualit\u00e4ten<\/strong> ab, das sollte im Vorfeld auch genau gepr\u00fcft werden.<\/p>\n<p>Zur\u00fcck zu den <a href=\"http:\/\/www.dr-staedtler.de\/sofort-kredit\/fragen\">H\u00e4ufig gestellten Fragen<\/a><\/p>\n","protected":false},"excerpt":{"rendered":"<p>Wer \u00fcber l\u00e4ngere Zeit aufgrund von Krankheit oder Unfall arbeitsunf\u00e4hig wird, muss mit einem niedrigeren Einkommen zurechtkommen. Ein Kredit kann dann eine zus\u00e4tzliche Belastung oder gar ein finanzielles Problem werden. Auch im Todesfall des Kreditnehmers kann es f\u00fcr die verbliebene Familie schwer werden, die R\u00fcckzahlung des Kredits weiterhin zu sichern. Eine Restschuldversicherung greift in einem [&hellip;]<\/p>\n","protected":false},"author":2,"featured_media":0,"parent":604,"menu_order":0,"comment_status":"closed","ping_status":"open","template":"templates\/sidebar-right.php","meta":{"footnotes":""},"class_list":["post-642","page","type-page","status-publish","hentry"],"yoast_head":"<!-- This site is optimized with the Yoast SEO plugin v24.6 - https:\/\/yoast.com\/wordpress\/plugins\/seo\/ -->\n<title>Ben\u00f6tige ich eine Restschuldversicherung?<\/title>\n<meta name=\"robots\" content=\"index, follow, max-snippet:-1, max-image-preview:large, max-video-preview:-1\" \/>\n<link rel=\"canonical\" href=\"https:\/\/www.dr-staedtler.de\/sofort-kredit\/fragen\/benotige-ich-eine-restschuldversicherung\" \/>\n<meta property=\"og:locale\" content=\"de_DE\" \/>\n<meta property=\"og:type\" content=\"article\" \/>\n<meta property=\"og:title\" content=\"Ben\u00f6tige ich eine Restschuldversicherung?\" \/>\n<meta property=\"og:description\" content=\"Wer \u00fcber l\u00e4ngere Zeit aufgrund von Krankheit oder Unfall arbeitsunf\u00e4hig wird, muss mit einem niedrigeren Einkommen zurechtkommen. Ein Kredit kann dann eine zus\u00e4tzliche Belastung oder gar ein finanzielles Problem werden. Auch im Todesfall des Kreditnehmers kann es f\u00fcr die verbliebene Familie schwer werden, die R\u00fcckzahlung des Kredits weiterhin zu sichern. Eine Restschuldversicherung greift in einem [&hellip;]\" \/>\n<meta property=\"og:url\" content=\"https:\/\/www.dr-staedtler.de\/sofort-kredit\/fragen\/benotige-ich-eine-restschuldversicherung\" \/>\n<meta property=\"og:site_name\" content=\"Sofortkredit\" \/>\n<meta property=\"article:modified_time\" content=\"2017-03-25T19:19:44+00:00\" \/>\n<meta property=\"og:image\" content=\"http:\/\/www.dr-staedtler.de\/sofort-kredit\/wp-content\/uploads\/2011\/11\/fragen-275x300.jpg\" \/>\n<meta name=\"twitter:card\" content=\"summary_large_image\" \/>\n<meta name=\"twitter:label1\" content=\"Gesch\u00e4tzte Lesezeit\" \/>\n\t<meta name=\"twitter:data1\" content=\"1\u00a0Minute\" \/>\n<script type=\"application\/ld+json\" class=\"yoast-schema-graph\">{\"@context\":\"https:\/\/schema.org\",\"@graph\":[{\"@type\":\"WebPage\",\"@id\":\"https:\/\/www.dr-staedtler.de\/sofort-kredit\/fragen\/benotige-ich-eine-restschuldversicherung\",\"url\":\"https:\/\/www.dr-staedtler.de\/sofort-kredit\/fragen\/benotige-ich-eine-restschuldversicherung\",\"name\":\"Ben\u00f6tige ich eine Restschuldversicherung?\",\"isPartOf\":{\"@id\":\"http:\/\/www.dr-staedtler.de\/sofort-kredit\/#website\"},\"primaryImageOfPage\":{\"@id\":\"https:\/\/www.dr-staedtler.de\/sofort-kredit\/fragen\/benotige-ich-eine-restschuldversicherung#primaryimage\"},\"image\":{\"@id\":\"https:\/\/www.dr-staedtler.de\/sofort-kredit\/fragen\/benotige-ich-eine-restschuldversicherung#primaryimage\"},\"thumbnailUrl\":\"http:\/\/www.dr-staedtler.de\/sofort-kredit\/wp-content\/uploads\/2011\/11\/fragen-275x300.jpg\",\"datePublished\":\"2011-11-24T13:57:31+00:00\",\"dateModified\":\"2017-03-25T19:19:44+00:00\",\"breadcrumb\":{\"@id\":\"https:\/\/www.dr-staedtler.de\/sofort-kredit\/fragen\/benotige-ich-eine-restschuldversicherung#breadcrumb\"},\"inLanguage\":\"de\",\"potentialAction\":[{\"@type\":\"ReadAction\",\"target\":[\"https:\/\/www.dr-staedtler.de\/sofort-kredit\/fragen\/benotige-ich-eine-restschuldversicherung\"]}]},{\"@type\":\"ImageObject\",\"inLanguage\":\"de\",\"@id\":\"https:\/\/www.dr-staedtler.de\/sofort-kredit\/fragen\/benotige-ich-eine-restschuldversicherung#primaryimage\",\"url\":\"http:\/\/www.dr-staedtler.de\/sofort-kredit\/wp-content\/uploads\/2011\/11\/fragen.jpg\",\"contentUrl\":\"http:\/\/www.dr-staedtler.de\/sofort-kredit\/wp-content\/uploads\/2011\/11\/fragen.jpg\",\"width\":\"332\",\"height\":\"361\",\"caption\":\"H\u00e4ufig gestellte Fragen\"},{\"@type\":\"BreadcrumbList\",\"@id\":\"https:\/\/www.dr-staedtler.de\/sofort-kredit\/fragen\/benotige-ich-eine-restschuldversicherung#breadcrumb\",\"itemListElement\":[{\"@type\":\"ListItem\",\"position\":1,\"name\":\"Home\",\"item\":\"https:\/\/www.dr-staedtler.de\/sofort-kredit\/\"},{\"@type\":\"ListItem\",\"position\":2,\"name\":\"H\u00e4ufig gestellte Fragen\",\"item\":\"https:\/\/www.dr-staedtler.de\/sofort-kredit\/fragen\"},{\"@type\":\"ListItem\",\"position\":3,\"name\":\"Ben\u00f6tige ich eine Restschuldversicherung?\"}]},{\"@type\":\"WebSite\",\"@id\":\"http:\/\/www.dr-staedtler.de\/sofort-kredit\/#website\",\"url\":\"http:\/\/www.dr-staedtler.de\/sofort-kredit\/\",\"name\":\"Sofortkredit\",\"description\":\"Der Sofortkredit im unabh\u00e4ngigen Vergleich\",\"potentialAction\":[{\"@type\":\"SearchAction\",\"target\":{\"@type\":\"EntryPoint\",\"urlTemplate\":\"http:\/\/www.dr-staedtler.de\/sofort-kredit\/?s={search_term_string}\"},\"query-input\":{\"@type\":\"PropertyValueSpecification\",\"valueRequired\":true,\"valueName\":\"search_term_string\"}}],\"inLanguage\":\"de\"}]}<\/script>\n<!-- \/ Yoast SEO plugin. -->","yoast_head_json":{"title":"Ben\u00f6tige ich eine Restschuldversicherung?","robots":{"index":"index","follow":"follow","max-snippet":"max-snippet:-1","max-image-preview":"max-image-preview:large","max-video-preview":"max-video-preview:-1"},"canonical":"https:\/\/www.dr-staedtler.de\/sofort-kredit\/fragen\/benotige-ich-eine-restschuldversicherung","og_locale":"de_DE","og_type":"article","og_title":"Ben\u00f6tige ich eine Restschuldversicherung?","og_description":"Wer \u00fcber l\u00e4ngere Zeit aufgrund von Krankheit oder Unfall arbeitsunf\u00e4hig wird, muss mit einem niedrigeren Einkommen zurechtkommen. Ein Kredit kann dann eine zus\u00e4tzliche Belastung oder gar ein finanzielles Problem werden. Auch im Todesfall des Kreditnehmers kann es f\u00fcr die verbliebene Familie schwer werden, die R\u00fcckzahlung des Kredits weiterhin zu sichern. Eine Restschuldversicherung greift in einem [&hellip;]","og_url":"https:\/\/www.dr-staedtler.de\/sofort-kredit\/fragen\/benotige-ich-eine-restschuldversicherung","og_site_name":"Sofortkredit","article_modified_time":"2017-03-25T19:19:44+00:00","og_image":[{"url":"http:\/\/www.dr-staedtler.de\/sofort-kredit\/wp-content\/uploads\/2011\/11\/fragen-275x300.jpg","type":"","width":"","height":""}],"twitter_card":"summary_large_image","twitter_misc":{"Gesch\u00e4tzte Lesezeit":"1\u00a0Minute"},"schema":{"@context":"https:\/\/schema.org","@graph":[{"@type":"WebPage","@id":"https:\/\/www.dr-staedtler.de\/sofort-kredit\/fragen\/benotige-ich-eine-restschuldversicherung","url":"https:\/\/www.dr-staedtler.de\/sofort-kredit\/fragen\/benotige-ich-eine-restschuldversicherung","name":"Ben\u00f6tige ich eine Restschuldversicherung?","isPartOf":{"@id":"http:\/\/www.dr-staedtler.de\/sofort-kredit\/#website"},"primaryImageOfPage":{"@id":"https:\/\/www.dr-staedtler.de\/sofort-kredit\/fragen\/benotige-ich-eine-restschuldversicherung#primaryimage"},"image":{"@id":"https:\/\/www.dr-staedtler.de\/sofort-kredit\/fragen\/benotige-ich-eine-restschuldversicherung#primaryimage"},"thumbnailUrl":"http:\/\/www.dr-staedtler.de\/sofort-kredit\/wp-content\/uploads\/2011\/11\/fragen-275x300.jpg","datePublished":"2011-11-24T13:57:31+00:00","dateModified":"2017-03-25T19:19:44+00:00","breadcrumb":{"@id":"https:\/\/www.dr-staedtler.de\/sofort-kredit\/fragen\/benotige-ich-eine-restschuldversicherung#breadcrumb"},"inLanguage":"de","potentialAction":[{"@type":"ReadAction","target":["https:\/\/www.dr-staedtler.de\/sofort-kredit\/fragen\/benotige-ich-eine-restschuldversicherung"]}]},{"@type":"ImageObject","inLanguage":"de","@id":"https:\/\/www.dr-staedtler.de\/sofort-kredit\/fragen\/benotige-ich-eine-restschuldversicherung#primaryimage","url":"http:\/\/www.dr-staedtler.de\/sofort-kredit\/wp-content\/uploads\/2011\/11\/fragen.jpg","contentUrl":"http:\/\/www.dr-staedtler.de\/sofort-kredit\/wp-content\/uploads\/2011\/11\/fragen.jpg","width":"332","height":"361","caption":"H\u00e4ufig gestellte Fragen"},{"@type":"BreadcrumbList","@id":"https:\/\/www.dr-staedtler.de\/sofort-kredit\/fragen\/benotige-ich-eine-restschuldversicherung#breadcrumb","itemListElement":[{"@type":"ListItem","position":1,"name":"Home","item":"https:\/\/www.dr-staedtler.de\/sofort-kredit\/"},{"@type":"ListItem","position":2,"name":"H\u00e4ufig gestellte Fragen","item":"https:\/\/www.dr-staedtler.de\/sofort-kredit\/fragen"},{"@type":"ListItem","position":3,"name":"Ben\u00f6tige ich eine Restschuldversicherung?"}]},{"@type":"WebSite","@id":"http:\/\/www.dr-staedtler.de\/sofort-kredit\/#website","url":"http:\/\/www.dr-staedtler.de\/sofort-kredit\/","name":"Sofortkredit","description":"Der Sofortkredit im unabh\u00e4ngigen Vergleich","potentialAction":[{"@type":"SearchAction","target":{"@type":"EntryPoint","urlTemplate":"http:\/\/www.dr-staedtler.de\/sofort-kredit\/?s={search_term_string}"},"query-input":{"@type":"PropertyValueSpecification","valueRequired":true,"valueName":"search_term_string"}}],"inLanguage":"de"}]}},"_links":{"self":[{"href":"http:\/\/www.dr-staedtler.de\/sofort-kredit\/wp-json\/wp\/v2\/pages\/642","targetHints":{"allow":["GET"]}}],"collection":[{"href":"http:\/\/www.dr-staedtler.de\/sofort-kredit\/wp-json\/wp\/v2\/pages"}],"about":[{"href":"http:\/\/www.dr-staedtler.de\/sofort-kredit\/wp-json\/wp\/v2\/types\/page"}],"author":[{"embeddable":true,"href":"http:\/\/www.dr-staedtler.de\/sofort-kredit\/wp-json\/wp\/v2\/users\/2"}],"replies":[{"embeddable":true,"href":"http:\/\/www.dr-staedtler.de\/sofort-kredit\/wp-json\/wp\/v2\/comments?post=642"}],"version-history":[{"count":2,"href":"http:\/\/www.dr-staedtler.de\/sofort-kredit\/wp-json\/wp\/v2\/pages\/642\/revisions"}],"predecessor-version":[{"id":2491,"href":"http:\/\/www.dr-staedtler.de\/sofort-kredit\/wp-json\/wp\/v2\/pages\/642\/revisions\/2491"}],"up":[{"embeddable":true,"href":"http:\/\/www.dr-staedtler.de\/sofort-kredit\/wp-json\/wp\/v2\/pages\/604"}],"wp:attachment":[{"href":"http:\/\/www.dr-staedtler.de\/sofort-kredit\/wp-json\/wp\/v2\/media?parent=642"}],"curies":[{"name":"wp","href":"https:\/\/api.w.org\/{rel}","templated":true}]}}