{"id":639,"date":"2011-11-24T15:54:58","date_gmt":"2011-11-24T13:54:58","guid":{"rendered":"http:\/\/www.sofort-kredit.net\/?page_id=639"},"modified":"2017-03-25T21:21:05","modified_gmt":"2017-03-25T19:21:05","slug":"wie-beantrage-ich-einen-sofortkredit","status":"publish","type":"page","link":"http:\/\/www.dr-staedtler.de\/sofort-kredit\/fragen\/wie-beantrage-ich-einen-sofortkredit","title":{"rendered":"Wie beantrage ich einen Sofortkredit?"},"content":{"rendered":"<p><img loading=\"lazy\" decoding=\"async\" class=\"alignleft size-medium wp-image-648\" style=\"margin-right: 10px; margin-bottom: 8px;\" title=\"H\u00e4ufig gestellte Fragen\" src=\"http:\/\/www.dr-staedtler.de\/sofort-kredit\/wp-content\/uploads\/2011\/11\/fragen-275x300.jpg\" alt=\"H\u00e4ufig gestellte Fragen\" width=\"165\" height=\"180\" srcset=\"http:\/\/www.dr-staedtler.de\/sofort-kredit\/wp-content\/uploads\/2011\/11\/fragen-275x300.jpg 275w, http:\/\/www.dr-staedtler.de\/sofort-kredit\/wp-content\/uploads\/2011\/11\/fragen.jpg 332w\" sizes=\"auto, (max-width: 165px) 100vw, 165px\" \/>Der Sofortkredit kann \u00fcber unseren Sofortkredit Rechner direkt bei der Bank neantragt werden. Auf unserer Website findet sich daf\u00fcr ein Formular, das vollst\u00e4ndig ausgef\u00fcllt und abgesendet werden muss. Meist erh\u00e4lt man sofort nach der Eingabe der Daten die entsprechende <strong>Zu- oder Absage der Bank<\/strong>. Im Falle einer Bewilligung des Sofortkredits, \u00fcbersendet die Bank per Post ein Kreditangebot, welches dann unterschrieben und gemeinsam mit erforderlichen Unterlagen und Nachweisen (z.B. Gehaltsabrechnungen) wieder per Post an die Bank geschickt wird. Auf einer <strong>Filiale der Deutschen Post AG<\/strong> muss au\u00dferdem ein PostIdent-Verfahren durchgef\u00fchrt werden, das der Identit\u00e4tsfeststellung des Kreditnehmers dient. Das Verfahren ist kostenlos und wird anhand des Personalausweises durchgef\u00fchrt.<\/p>\n<p>Alternativ k\u00f6nnen die \u00fcbersandten Kreditunterlagen auch direkt auf der Bank abgegeben werden, wenn diese \u00fcber ein entsprechendes Filialnetz verf\u00fcgt.<\/p>\n<p>Zur\u00fcck zu den <a href=\"http:\/\/www.dr-staedtler.de\/sofort-kredit\/fragen\">H\u00e4ufig gestellten Fragen<\/a><\/p>\n","protected":false},"excerpt":{"rendered":"<p>Der Sofortkredit kann \u00fcber unseren Sofortkredit Rechner direkt bei der Bank neantragt werden. Auf unserer Website findet sich daf\u00fcr ein Formular, das vollst\u00e4ndig ausgef\u00fcllt und abgesendet werden muss. Meist erh\u00e4lt man sofort nach der Eingabe der Daten die entsprechende Zu- oder Absage der Bank. Im Falle einer Bewilligung des Sofortkredits, \u00fcbersendet die Bank per Post [&hellip;]<\/p>\n","protected":false},"author":2,"featured_media":0,"parent":604,"menu_order":0,"comment_status":"closed","ping_status":"open","template":"templates\/sidebar-right.php","meta":{"footnotes":""},"class_list":["post-639","page","type-page","status-publish","hentry"],"yoast_head":"<!-- This site is optimized with the Yoast SEO plugin v24.6 - https:\/\/yoast.com\/wordpress\/plugins\/seo\/ -->\n<title>Wie beantrage ich einen Sofortkredit?<\/title>\n<meta name=\"robots\" content=\"index, follow, max-snippet:-1, max-image-preview:large, max-video-preview:-1\" \/>\n<link rel=\"canonical\" href=\"https:\/\/www.dr-staedtler.de\/sofort-kredit\/fragen\/wie-beantrage-ich-einen-sofortkredit\" \/>\n<meta property=\"og:locale\" content=\"de_DE\" \/>\n<meta property=\"og:type\" content=\"article\" \/>\n<meta property=\"og:title\" content=\"Wie beantrage ich einen Sofortkredit?\" \/>\n<meta property=\"og:description\" content=\"Der Sofortkredit kann \u00fcber unseren Sofortkredit Rechner direkt bei der Bank neantragt werden. Auf unserer Website findet sich daf\u00fcr ein Formular, das vollst\u00e4ndig ausgef\u00fcllt und abgesendet werden muss. Meist erh\u00e4lt man sofort nach der Eingabe der Daten die entsprechende Zu- oder Absage der Bank. Im Falle einer Bewilligung des Sofortkredits, \u00fcbersendet die Bank per Post [&hellip;]\" \/>\n<meta property=\"og:url\" content=\"https:\/\/www.dr-staedtler.de\/sofort-kredit\/fragen\/wie-beantrage-ich-einen-sofortkredit\" \/>\n<meta property=\"og:site_name\" content=\"Sofortkredit\" \/>\n<meta property=\"article:modified_time\" content=\"2017-03-25T19:21:05+00:00\" \/>\n<meta property=\"og:image\" content=\"http:\/\/www.dr-staedtler.de\/sofort-kredit\/wp-content\/uploads\/2011\/11\/fragen-275x300.jpg\" \/>\n<meta name=\"twitter:card\" content=\"summary_large_image\" \/>\n<meta name=\"twitter:label1\" content=\"Gesch\u00e4tzte Lesezeit\" \/>\n\t<meta name=\"twitter:data1\" content=\"1\u00a0Minute\" \/>\n<script type=\"application\/ld+json\" class=\"yoast-schema-graph\">{\"@context\":\"https:\/\/schema.org\",\"@graph\":[{\"@type\":\"WebPage\",\"@id\":\"https:\/\/www.dr-staedtler.de\/sofort-kredit\/fragen\/wie-beantrage-ich-einen-sofortkredit\",\"url\":\"https:\/\/www.dr-staedtler.de\/sofort-kredit\/fragen\/wie-beantrage-ich-einen-sofortkredit\",\"name\":\"Wie beantrage ich einen Sofortkredit?\",\"isPartOf\":{\"@id\":\"http:\/\/www.dr-staedtler.de\/sofort-kredit\/#website\"},\"primaryImageOfPage\":{\"@id\":\"https:\/\/www.dr-staedtler.de\/sofort-kredit\/fragen\/wie-beantrage-ich-einen-sofortkredit#primaryimage\"},\"image\":{\"@id\":\"https:\/\/www.dr-staedtler.de\/sofort-kredit\/fragen\/wie-beantrage-ich-einen-sofortkredit#primaryimage\"},\"thumbnailUrl\":\"http:\/\/www.dr-staedtler.de\/sofort-kredit\/wp-content\/uploads\/2011\/11\/fragen-275x300.jpg\",\"datePublished\":\"2011-11-24T13:54:58+00:00\",\"dateModified\":\"2017-03-25T19:21:05+00:00\",\"breadcrumb\":{\"@id\":\"https:\/\/www.dr-staedtler.de\/sofort-kredit\/fragen\/wie-beantrage-ich-einen-sofortkredit#breadcrumb\"},\"inLanguage\":\"de\",\"potentialAction\":[{\"@type\":\"ReadAction\",\"target\":[\"https:\/\/www.dr-staedtler.de\/sofort-kredit\/fragen\/wie-beantrage-ich-einen-sofortkredit\"]}]},{\"@type\":\"ImageObject\",\"inLanguage\":\"de\",\"@id\":\"https:\/\/www.dr-staedtler.de\/sofort-kredit\/fragen\/wie-beantrage-ich-einen-sofortkredit#primaryimage\",\"url\":\"http:\/\/www.dr-staedtler.de\/sofort-kredit\/wp-content\/uploads\/2011\/11\/fragen.jpg\",\"contentUrl\":\"http:\/\/www.dr-staedtler.de\/sofort-kredit\/wp-content\/uploads\/2011\/11\/fragen.jpg\",\"width\":\"332\",\"height\":\"361\",\"caption\":\"H\u00e4ufig gestellte Fragen\"},{\"@type\":\"BreadcrumbList\",\"@id\":\"https:\/\/www.dr-staedtler.de\/sofort-kredit\/fragen\/wie-beantrage-ich-einen-sofortkredit#breadcrumb\",\"itemListElement\":[{\"@type\":\"ListItem\",\"position\":1,\"name\":\"Home\",\"item\":\"https:\/\/www.dr-staedtler.de\/sofort-kredit\/\"},{\"@type\":\"ListItem\",\"position\":2,\"name\":\"H\u00e4ufig gestellte Fragen\",\"item\":\"https:\/\/www.dr-staedtler.de\/sofort-kredit\/fragen\"},{\"@type\":\"ListItem\",\"position\":3,\"name\":\"Wie beantrage ich einen Sofortkredit?\"}]},{\"@type\":\"WebSite\",\"@id\":\"http:\/\/www.dr-staedtler.de\/sofort-kredit\/#website\",\"url\":\"http:\/\/www.dr-staedtler.de\/sofort-kredit\/\",\"name\":\"Sofortkredit\",\"description\":\"Der Sofortkredit im unabh\u00e4ngigen Vergleich\",\"potentialAction\":[{\"@type\":\"SearchAction\",\"target\":{\"@type\":\"EntryPoint\",\"urlTemplate\":\"http:\/\/www.dr-staedtler.de\/sofort-kredit\/?s={search_term_string}\"},\"query-input\":{\"@type\":\"PropertyValueSpecification\",\"valueRequired\":true,\"valueName\":\"search_term_string\"}}],\"inLanguage\":\"de\"}]}<\/script>\n<!-- \/ Yoast SEO plugin. -->","yoast_head_json":{"title":"Wie beantrage ich einen Sofortkredit?","robots":{"index":"index","follow":"follow","max-snippet":"max-snippet:-1","max-image-preview":"max-image-preview:large","max-video-preview":"max-video-preview:-1"},"canonical":"https:\/\/www.dr-staedtler.de\/sofort-kredit\/fragen\/wie-beantrage-ich-einen-sofortkredit","og_locale":"de_DE","og_type":"article","og_title":"Wie beantrage ich einen Sofortkredit?","og_description":"Der Sofortkredit kann \u00fcber unseren Sofortkredit Rechner direkt bei der Bank neantragt werden. Auf unserer Website findet sich daf\u00fcr ein Formular, das vollst\u00e4ndig ausgef\u00fcllt und abgesendet werden muss. Meist erh\u00e4lt man sofort nach der Eingabe der Daten die entsprechende Zu- oder Absage der Bank. Im Falle einer Bewilligung des Sofortkredits, \u00fcbersendet die Bank per Post [&hellip;]","og_url":"https:\/\/www.dr-staedtler.de\/sofort-kredit\/fragen\/wie-beantrage-ich-einen-sofortkredit","og_site_name":"Sofortkredit","article_modified_time":"2017-03-25T19:21:05+00:00","og_image":[{"url":"http:\/\/www.dr-staedtler.de\/sofort-kredit\/wp-content\/uploads\/2011\/11\/fragen-275x300.jpg","type":"","width":"","height":""}],"twitter_card":"summary_large_image","twitter_misc":{"Gesch\u00e4tzte Lesezeit":"1\u00a0Minute"},"schema":{"@context":"https:\/\/schema.org","@graph":[{"@type":"WebPage","@id":"https:\/\/www.dr-staedtler.de\/sofort-kredit\/fragen\/wie-beantrage-ich-einen-sofortkredit","url":"https:\/\/www.dr-staedtler.de\/sofort-kredit\/fragen\/wie-beantrage-ich-einen-sofortkredit","name":"Wie beantrage ich einen Sofortkredit?","isPartOf":{"@id":"http:\/\/www.dr-staedtler.de\/sofort-kredit\/#website"},"primaryImageOfPage":{"@id":"https:\/\/www.dr-staedtler.de\/sofort-kredit\/fragen\/wie-beantrage-ich-einen-sofortkredit#primaryimage"},"image":{"@id":"https:\/\/www.dr-staedtler.de\/sofort-kredit\/fragen\/wie-beantrage-ich-einen-sofortkredit#primaryimage"},"thumbnailUrl":"http:\/\/www.dr-staedtler.de\/sofort-kredit\/wp-content\/uploads\/2011\/11\/fragen-275x300.jpg","datePublished":"2011-11-24T13:54:58+00:00","dateModified":"2017-03-25T19:21:05+00:00","breadcrumb":{"@id":"https:\/\/www.dr-staedtler.de\/sofort-kredit\/fragen\/wie-beantrage-ich-einen-sofortkredit#breadcrumb"},"inLanguage":"de","potentialAction":[{"@type":"ReadAction","target":["https:\/\/www.dr-staedtler.de\/sofort-kredit\/fragen\/wie-beantrage-ich-einen-sofortkredit"]}]},{"@type":"ImageObject","inLanguage":"de","@id":"https:\/\/www.dr-staedtler.de\/sofort-kredit\/fragen\/wie-beantrage-ich-einen-sofortkredit#primaryimage","url":"http:\/\/www.dr-staedtler.de\/sofort-kredit\/wp-content\/uploads\/2011\/11\/fragen.jpg","contentUrl":"http:\/\/www.dr-staedtler.de\/sofort-kredit\/wp-content\/uploads\/2011\/11\/fragen.jpg","width":"332","height":"361","caption":"H\u00e4ufig gestellte Fragen"},{"@type":"BreadcrumbList","@id":"https:\/\/www.dr-staedtler.de\/sofort-kredit\/fragen\/wie-beantrage-ich-einen-sofortkredit#breadcrumb","itemListElement":[{"@type":"ListItem","position":1,"name":"Home","item":"https:\/\/www.dr-staedtler.de\/sofort-kredit\/"},{"@type":"ListItem","position":2,"name":"H\u00e4ufig gestellte Fragen","item":"https:\/\/www.dr-staedtler.de\/sofort-kredit\/fragen"},{"@type":"ListItem","position":3,"name":"Wie beantrage ich einen Sofortkredit?"}]},{"@type":"WebSite","@id":"http:\/\/www.dr-staedtler.de\/sofort-kredit\/#website","url":"http:\/\/www.dr-staedtler.de\/sofort-kredit\/","name":"Sofortkredit","description":"Der Sofortkredit im unabh\u00e4ngigen Vergleich","potentialAction":[{"@type":"SearchAction","target":{"@type":"EntryPoint","urlTemplate":"http:\/\/www.dr-staedtler.de\/sofort-kredit\/?s={search_term_string}"},"query-input":{"@type":"PropertyValueSpecification","valueRequired":true,"valueName":"search_term_string"}}],"inLanguage":"de"}]}},"_links":{"self":[{"href":"http:\/\/www.dr-staedtler.de\/sofort-kredit\/wp-json\/wp\/v2\/pages\/639","targetHints":{"allow":["GET"]}}],"collection":[{"href":"http:\/\/www.dr-staedtler.de\/sofort-kredit\/wp-json\/wp\/v2\/pages"}],"about":[{"href":"http:\/\/www.dr-staedtler.de\/sofort-kredit\/wp-json\/wp\/v2\/types\/page"}],"author":[{"embeddable":true,"href":"http:\/\/www.dr-staedtler.de\/sofort-kredit\/wp-json\/wp\/v2\/users\/2"}],"replies":[{"embeddable":true,"href":"http:\/\/www.dr-staedtler.de\/sofort-kredit\/wp-json\/wp\/v2\/comments?post=639"}],"version-history":[{"count":2,"href":"http:\/\/www.dr-staedtler.de\/sofort-kredit\/wp-json\/wp\/v2\/pages\/639\/revisions"}],"predecessor-version":[{"id":2497,"href":"http:\/\/www.dr-staedtler.de\/sofort-kredit\/wp-json\/wp\/v2\/pages\/639\/revisions\/2497"}],"up":[{"embeddable":true,"href":"http:\/\/www.dr-staedtler.de\/sofort-kredit\/wp-json\/wp\/v2\/pages\/604"}],"wp:attachment":[{"href":"http:\/\/www.dr-staedtler.de\/sofort-kredit\/wp-json\/wp\/v2\/media?parent=639"}],"curies":[{"name":"wp","href":"https:\/\/api.w.org\/{rel}","templated":true}]}}