{"id":636,"date":"2011-11-24T15:52:18","date_gmt":"2011-11-24T13:52:18","guid":{"rendered":"http:\/\/www.sofort-kredit.net\/?page_id=636"},"modified":"2017-03-25T22:23:52","modified_gmt":"2017-03-25T20:23:52","slug":"wer-kann-einen-sofortkredit-beantragen","status":"publish","type":"page","link":"http:\/\/www.dr-staedtler.de\/sofort-kredit\/fragen\/wer-kann-einen-sofortkredit-beantragen","title":{"rendered":"Wer kann einen Sofortkredit beantragen?"},"content":{"rendered":"<p><img loading=\"lazy\" decoding=\"async\" class=\"alignleft size-medium wp-image-648\" style=\"margin-right: 10px; margin-bottom: 8px;\" title=\"H\u00e4ufig gestellte Fragen\" src=\"http:\/\/www.dr-staedtler.de\/sofort-kredit\/wp-content\/uploads\/2011\/11\/fragen-275x300.jpg\" alt=\"H\u00e4ufig gestellte Fragen\" width=\"165\" height=\"180\" srcset=\"http:\/\/www.dr-staedtler.de\/sofort-kredit\/wp-content\/uploads\/2011\/11\/fragen-275x300.jpg 275w, http:\/\/www.dr-staedtler.de\/sofort-kredit\/wp-content\/uploads\/2011\/11\/fragen.jpg 332w\" sizes=\"auto, (max-width: 165px) 100vw, 165px\" \/>Einen Sofortkredit kann in Deutschland jeder beantragen, der vollj\u00e4hrig ist und seinen Hauptwohnsitz in Deutschland hat. Dar\u00fcber hinaus gibt es jedoch je nach Bank weitere Auflagen, die f\u00fcr die <strong>Beantragung eines Sofortkredits<\/strong> erf\u00fcllt werden m\u00fcssen.<\/p>\n<p>So bieten einige Banken etwa nur <a href=\"http:\/\/www.dr-staedtler.de\/sofort-kredit\/\">Sofortkredite<\/a> f\u00fcr Arbeitnehmer an, die fest und unbefristet angestellt sind. Wer freiberuflich oder selbstst\u00e4ndig arbeitet oder \u00fcber eine Zeitarbeitsfirma besch\u00e4ftigt ist, wird von diesen Banken abgelehnt. Viele Banken verlangen au\u00dferdem, dass der Arbeitnehmer bereits mindestens ein halbes Jahr bei seinem derzeitigen Arbeitgeber t\u00e4tig ist und sich au\u00dferhalb der Probezeit befindet.<\/p>\n<p>Es gibt allerdings auch Banken, bei welchen jeder einen <a href=\"http:\/\/www.dr-staedtler.de\/sofort-kredit\/bank-sofortkredit\">Sofortkredit beantragen<\/a> kann. Auch haben sich manche Kredit Anbieter auf eine bestimmte Klientel spezialisiert, und bieten beispielsweise speziell \u201eSofortkredite f\u00fcr Selbstst\u00e4ndige\u201c an.<\/p>\n<p>Zur\u00fcck zu den <a href=\"http:\/\/www.dr-staedtler.de\/sofort-kredit\/fragen\">H\u00e4ufig gestellten Fragen<\/a><\/p>\n","protected":false},"excerpt":{"rendered":"<p>Einen Sofortkredit kann in Deutschland jeder beantragen, der vollj\u00e4hrig ist und seinen Hauptwohnsitz in Deutschland hat. Dar\u00fcber hinaus gibt es jedoch je nach Bank weitere Auflagen, die f\u00fcr die Beantragung eines Sofortkredits erf\u00fcllt werden m\u00fcssen. So bieten einige Banken etwa nur Sofortkredite f\u00fcr Arbeitnehmer an, die fest und unbefristet angestellt sind. Wer freiberuflich oder selbstst\u00e4ndig [&hellip;]<\/p>\n","protected":false},"author":2,"featured_media":0,"parent":604,"menu_order":0,"comment_status":"closed","ping_status":"open","template":"templates\/sidebar-right.php","meta":{"footnotes":""},"class_list":["post-636","page","type-page","status-publish","hentry"],"yoast_head":"<!-- This site is optimized with the Yoast SEO plugin v24.6 - https:\/\/yoast.com\/wordpress\/plugins\/seo\/ -->\n<title>Wer kann einen Sofortkredit beantragen?<\/title>\n<meta name=\"robots\" content=\"index, follow, max-snippet:-1, max-image-preview:large, max-video-preview:-1\" \/>\n<link rel=\"canonical\" href=\"https:\/\/www.dr-staedtler.de\/sofort-kredit\/fragen\/wer-kann-einen-sofortkredit-beantragen\" \/>\n<meta property=\"og:locale\" content=\"de_DE\" \/>\n<meta property=\"og:type\" content=\"article\" \/>\n<meta property=\"og:title\" content=\"Wer kann einen Sofortkredit beantragen?\" \/>\n<meta property=\"og:description\" content=\"Einen Sofortkredit kann in Deutschland jeder beantragen, der vollj\u00e4hrig ist und seinen Hauptwohnsitz in Deutschland hat. Dar\u00fcber hinaus gibt es jedoch je nach Bank weitere Auflagen, die f\u00fcr die Beantragung eines Sofortkredits erf\u00fcllt werden m\u00fcssen. So bieten einige Banken etwa nur Sofortkredite f\u00fcr Arbeitnehmer an, die fest und unbefristet angestellt sind. Wer freiberuflich oder selbstst\u00e4ndig [&hellip;]\" \/>\n<meta property=\"og:url\" content=\"https:\/\/www.dr-staedtler.de\/sofort-kredit\/fragen\/wer-kann-einen-sofortkredit-beantragen\" \/>\n<meta property=\"og:site_name\" content=\"Sofortkredit\" \/>\n<meta property=\"article:modified_time\" content=\"2017-03-25T20:23:52+00:00\" \/>\n<meta property=\"og:image\" content=\"http:\/\/www.dr-staedtler.de\/sofort-kredit\/wp-content\/uploads\/2011\/11\/fragen-275x300.jpg\" \/>\n<meta name=\"twitter:card\" content=\"summary_large_image\" \/>\n<meta name=\"twitter:label1\" content=\"Gesch\u00e4tzte Lesezeit\" \/>\n\t<meta name=\"twitter:data1\" content=\"1\u00a0Minute\" \/>\n<script type=\"application\/ld+json\" class=\"yoast-schema-graph\">{\"@context\":\"https:\/\/schema.org\",\"@graph\":[{\"@type\":\"WebPage\",\"@id\":\"https:\/\/www.dr-staedtler.de\/sofort-kredit\/fragen\/wer-kann-einen-sofortkredit-beantragen\",\"url\":\"https:\/\/www.dr-staedtler.de\/sofort-kredit\/fragen\/wer-kann-einen-sofortkredit-beantragen\",\"name\":\"Wer kann einen Sofortkredit beantragen?\",\"isPartOf\":{\"@id\":\"http:\/\/www.dr-staedtler.de\/sofort-kredit\/#website\"},\"primaryImageOfPage\":{\"@id\":\"https:\/\/www.dr-staedtler.de\/sofort-kredit\/fragen\/wer-kann-einen-sofortkredit-beantragen#primaryimage\"},\"image\":{\"@id\":\"https:\/\/www.dr-staedtler.de\/sofort-kredit\/fragen\/wer-kann-einen-sofortkredit-beantragen#primaryimage\"},\"thumbnailUrl\":\"http:\/\/www.dr-staedtler.de\/sofort-kredit\/wp-content\/uploads\/2011\/11\/fragen-275x300.jpg\",\"datePublished\":\"2011-11-24T13:52:18+00:00\",\"dateModified\":\"2017-03-25T20:23:52+00:00\",\"breadcrumb\":{\"@id\":\"https:\/\/www.dr-staedtler.de\/sofort-kredit\/fragen\/wer-kann-einen-sofortkredit-beantragen#breadcrumb\"},\"inLanguage\":\"de\",\"potentialAction\":[{\"@type\":\"ReadAction\",\"target\":[\"https:\/\/www.dr-staedtler.de\/sofort-kredit\/fragen\/wer-kann-einen-sofortkredit-beantragen\"]}]},{\"@type\":\"ImageObject\",\"inLanguage\":\"de\",\"@id\":\"https:\/\/www.dr-staedtler.de\/sofort-kredit\/fragen\/wer-kann-einen-sofortkredit-beantragen#primaryimage\",\"url\":\"http:\/\/www.dr-staedtler.de\/sofort-kredit\/wp-content\/uploads\/2011\/11\/fragen.jpg\",\"contentUrl\":\"http:\/\/www.dr-staedtler.de\/sofort-kredit\/wp-content\/uploads\/2011\/11\/fragen.jpg\",\"width\":\"332\",\"height\":\"361\",\"caption\":\"H\u00e4ufig gestellte Fragen\"},{\"@type\":\"BreadcrumbList\",\"@id\":\"https:\/\/www.dr-staedtler.de\/sofort-kredit\/fragen\/wer-kann-einen-sofortkredit-beantragen#breadcrumb\",\"itemListElement\":[{\"@type\":\"ListItem\",\"position\":1,\"name\":\"Home\",\"item\":\"https:\/\/www.dr-staedtler.de\/sofort-kredit\/\"},{\"@type\":\"ListItem\",\"position\":2,\"name\":\"H\u00e4ufig gestellte Fragen\",\"item\":\"https:\/\/www.dr-staedtler.de\/sofort-kredit\/fragen\"},{\"@type\":\"ListItem\",\"position\":3,\"name\":\"Wer kann einen Sofortkredit beantragen?\"}]},{\"@type\":\"WebSite\",\"@id\":\"http:\/\/www.dr-staedtler.de\/sofort-kredit\/#website\",\"url\":\"http:\/\/www.dr-staedtler.de\/sofort-kredit\/\",\"name\":\"Sofortkredit\",\"description\":\"Der Sofortkredit im unabh\u00e4ngigen Vergleich\",\"potentialAction\":[{\"@type\":\"SearchAction\",\"target\":{\"@type\":\"EntryPoint\",\"urlTemplate\":\"http:\/\/www.dr-staedtler.de\/sofort-kredit\/?s={search_term_string}\"},\"query-input\":{\"@type\":\"PropertyValueSpecification\",\"valueRequired\":true,\"valueName\":\"search_term_string\"}}],\"inLanguage\":\"de\"}]}<\/script>\n<!-- \/ Yoast SEO plugin. -->","yoast_head_json":{"title":"Wer kann einen Sofortkredit beantragen?","robots":{"index":"index","follow":"follow","max-snippet":"max-snippet:-1","max-image-preview":"max-image-preview:large","max-video-preview":"max-video-preview:-1"},"canonical":"https:\/\/www.dr-staedtler.de\/sofort-kredit\/fragen\/wer-kann-einen-sofortkredit-beantragen","og_locale":"de_DE","og_type":"article","og_title":"Wer kann einen Sofortkredit beantragen?","og_description":"Einen Sofortkredit kann in Deutschland jeder beantragen, der vollj\u00e4hrig ist und seinen Hauptwohnsitz in Deutschland hat. Dar\u00fcber hinaus gibt es jedoch je nach Bank weitere Auflagen, die f\u00fcr die Beantragung eines Sofortkredits erf\u00fcllt werden m\u00fcssen. So bieten einige Banken etwa nur Sofortkredite f\u00fcr Arbeitnehmer an, die fest und unbefristet angestellt sind. Wer freiberuflich oder selbstst\u00e4ndig [&hellip;]","og_url":"https:\/\/www.dr-staedtler.de\/sofort-kredit\/fragen\/wer-kann-einen-sofortkredit-beantragen","og_site_name":"Sofortkredit","article_modified_time":"2017-03-25T20:23:52+00:00","og_image":[{"url":"http:\/\/www.dr-staedtler.de\/sofort-kredit\/wp-content\/uploads\/2011\/11\/fragen-275x300.jpg","type":"","width":"","height":""}],"twitter_card":"summary_large_image","twitter_misc":{"Gesch\u00e4tzte Lesezeit":"1\u00a0Minute"},"schema":{"@context":"https:\/\/schema.org","@graph":[{"@type":"WebPage","@id":"https:\/\/www.dr-staedtler.de\/sofort-kredit\/fragen\/wer-kann-einen-sofortkredit-beantragen","url":"https:\/\/www.dr-staedtler.de\/sofort-kredit\/fragen\/wer-kann-einen-sofortkredit-beantragen","name":"Wer kann einen Sofortkredit beantragen?","isPartOf":{"@id":"http:\/\/www.dr-staedtler.de\/sofort-kredit\/#website"},"primaryImageOfPage":{"@id":"https:\/\/www.dr-staedtler.de\/sofort-kredit\/fragen\/wer-kann-einen-sofortkredit-beantragen#primaryimage"},"image":{"@id":"https:\/\/www.dr-staedtler.de\/sofort-kredit\/fragen\/wer-kann-einen-sofortkredit-beantragen#primaryimage"},"thumbnailUrl":"http:\/\/www.dr-staedtler.de\/sofort-kredit\/wp-content\/uploads\/2011\/11\/fragen-275x300.jpg","datePublished":"2011-11-24T13:52:18+00:00","dateModified":"2017-03-25T20:23:52+00:00","breadcrumb":{"@id":"https:\/\/www.dr-staedtler.de\/sofort-kredit\/fragen\/wer-kann-einen-sofortkredit-beantragen#breadcrumb"},"inLanguage":"de","potentialAction":[{"@type":"ReadAction","target":["https:\/\/www.dr-staedtler.de\/sofort-kredit\/fragen\/wer-kann-einen-sofortkredit-beantragen"]}]},{"@type":"ImageObject","inLanguage":"de","@id":"https:\/\/www.dr-staedtler.de\/sofort-kredit\/fragen\/wer-kann-einen-sofortkredit-beantragen#primaryimage","url":"http:\/\/www.dr-staedtler.de\/sofort-kredit\/wp-content\/uploads\/2011\/11\/fragen.jpg","contentUrl":"http:\/\/www.dr-staedtler.de\/sofort-kredit\/wp-content\/uploads\/2011\/11\/fragen.jpg","width":"332","height":"361","caption":"H\u00e4ufig gestellte Fragen"},{"@type":"BreadcrumbList","@id":"https:\/\/www.dr-staedtler.de\/sofort-kredit\/fragen\/wer-kann-einen-sofortkredit-beantragen#breadcrumb","itemListElement":[{"@type":"ListItem","position":1,"name":"Home","item":"https:\/\/www.dr-staedtler.de\/sofort-kredit\/"},{"@type":"ListItem","position":2,"name":"H\u00e4ufig gestellte Fragen","item":"https:\/\/www.dr-staedtler.de\/sofort-kredit\/fragen"},{"@type":"ListItem","position":3,"name":"Wer kann einen Sofortkredit beantragen?"}]},{"@type":"WebSite","@id":"http:\/\/www.dr-staedtler.de\/sofort-kredit\/#website","url":"http:\/\/www.dr-staedtler.de\/sofort-kredit\/","name":"Sofortkredit","description":"Der Sofortkredit im unabh\u00e4ngigen Vergleich","potentialAction":[{"@type":"SearchAction","target":{"@type":"EntryPoint","urlTemplate":"http:\/\/www.dr-staedtler.de\/sofort-kredit\/?s={search_term_string}"},"query-input":{"@type":"PropertyValueSpecification","valueRequired":true,"valueName":"search_term_string"}}],"inLanguage":"de"}]}},"_links":{"self":[{"href":"http:\/\/www.dr-staedtler.de\/sofort-kredit\/wp-json\/wp\/v2\/pages\/636","targetHints":{"allow":["GET"]}}],"collection":[{"href":"http:\/\/www.dr-staedtler.de\/sofort-kredit\/wp-json\/wp\/v2\/pages"}],"about":[{"href":"http:\/\/www.dr-staedtler.de\/sofort-kredit\/wp-json\/wp\/v2\/types\/page"}],"author":[{"embeddable":true,"href":"http:\/\/www.dr-staedtler.de\/sofort-kredit\/wp-json\/wp\/v2\/users\/2"}],"replies":[{"embeddable":true,"href":"http:\/\/www.dr-staedtler.de\/sofort-kredit\/wp-json\/wp\/v2\/comments?post=636"}],"version-history":[{"count":3,"href":"http:\/\/www.dr-staedtler.de\/sofort-kredit\/wp-json\/wp\/v2\/pages\/636\/revisions"}],"predecessor-version":[{"id":2522,"href":"http:\/\/www.dr-staedtler.de\/sofort-kredit\/wp-json\/wp\/v2\/pages\/636\/revisions\/2522"}],"up":[{"embeddable":true,"href":"http:\/\/www.dr-staedtler.de\/sofort-kredit\/wp-json\/wp\/v2\/pages\/604"}],"wp:attachment":[{"href":"http:\/\/www.dr-staedtler.de\/sofort-kredit\/wp-json\/wp\/v2\/media?parent=636"}],"curies":[{"name":"wp","href":"https:\/\/api.w.org\/{rel}","templated":true}]}}