{"id":633,"date":"2011-11-24T15:49:34","date_gmt":"2011-11-24T13:49:34","guid":{"rendered":"http:\/\/www.sofort-kredit.net\/?page_id=633"},"modified":"2017-03-25T21:21:40","modified_gmt":"2017-03-25T19:21:40","slug":"wovon-hangen-die-sofortkredit-zinsen-ab","status":"publish","type":"page","link":"http:\/\/www.dr-staedtler.de\/sofort-kredit\/fragen\/wovon-hangen-die-sofortkredit-zinsen-ab","title":{"rendered":"Wovon h\u00e4ngen die Sofortkredit Zinsen ab?"},"content":{"rendered":"<p><img loading=\"lazy\" decoding=\"async\" class=\"alignleft size-medium wp-image-648\" style=\"margin-right: 10px; margin-bottom: 8px;\" title=\"H\u00e4ufig gestellte Fragen\" src=\"http:\/\/www.dr-staedtler.de\/sofort-kredit\/wp-content\/uploads\/2011\/11\/fragen-275x300.jpg\" alt=\"H\u00e4ufig gestellte Fragen\" width=\"165\" height=\"180\" srcset=\"http:\/\/www.dr-staedtler.de\/sofort-kredit\/wp-content\/uploads\/2011\/11\/fragen-275x300.jpg 275w, http:\/\/www.dr-staedtler.de\/sofort-kredit\/wp-content\/uploads\/2011\/11\/fragen.jpg 332w\" sizes=\"auto, (max-width: 165px) 100vw, 165px\" \/>Die <strong>Zinsen f\u00fcr einen Sofortkredit<\/strong> h\u00e4ngen in erster Linie von den aktuellen Zinsen am Geld- und Kapitalmarkt ab. In konjunkturellen Hochphasen befindet sich der Leitzins der Zentralbanken auf einem hohen Niveau \u2013 und die Zinsen f\u00fcr Kredite orientieren sich daran entsprechend. Bei schlechter Wirtschaftslage verh\u00e4lt es sich genau anders herum: Der Leitzins wird gesenkt, und die <a href=\"http:\/\/www.dr-staedtler.de\/sofort-kredit\/\">Sofortkredit Zinsen<\/a> fallen ebenfalls entsprechend g\u00fcnstiger aus.<\/p>\n<p>Dar\u00fcber hinaus h\u00e4ngen die Sofortkredit Zinsen aber auch von der Bonit\u00e4t des Antragstellers ab. <strong>Nicht jede Bank bietet bonit\u00e4tsunabh\u00e4ngige Konditionen<\/strong> an, sondern bindet den Zinssatz f\u00fcr einen Kredit an die individuellen Voraussetzungen, die der Kreditnehmer mitbringt. Wer eine gute Bonit\u00e4t zu verzeichnen hat, kann bessere Konditionen durchsetzen als <strong>Kunden mit schlechter Bonit\u00e4t<\/strong>. Dar\u00fcber hinaus spielen auch die Kreditsumme, die Laufzeit des Darlehens und die Besicherung eine Rolle im Hinblick auf die Sofortkredit Zinsen.<\/p>\n<p>Zur\u00fcck zu den <a href=\"http:\/\/www.dr-staedtler.de\/sofort-kredit\/fragen\">H\u00e4ufig gestellten Fragen<\/a><\/p>\n","protected":false},"excerpt":{"rendered":"<p>Die Zinsen f\u00fcr einen Sofortkredit h\u00e4ngen in erster Linie von den aktuellen Zinsen am Geld- und Kapitalmarkt ab. In konjunkturellen Hochphasen befindet sich der Leitzins der Zentralbanken auf einem hohen Niveau \u2013 und die Zinsen f\u00fcr Kredite orientieren sich daran entsprechend. Bei schlechter Wirtschaftslage verh\u00e4lt es sich genau anders herum: Der Leitzins wird gesenkt, und [&hellip;]<\/p>\n","protected":false},"author":2,"featured_media":0,"parent":604,"menu_order":0,"comment_status":"closed","ping_status":"open","template":"templates\/sidebar-right.php","meta":{"footnotes":""},"class_list":["post-633","page","type-page","status-publish","hentry"],"yoast_head":"<!-- This site is optimized with the Yoast SEO plugin v24.6 - https:\/\/yoast.com\/wordpress\/plugins\/seo\/ -->\n<title>Wovon h\u00e4ngen die Sofortkredit Zinsen ab?<\/title>\n<meta name=\"robots\" content=\"index, follow, max-snippet:-1, max-image-preview:large, max-video-preview:-1\" \/>\n<link rel=\"canonical\" href=\"https:\/\/www.dr-staedtler.de\/sofort-kredit\/fragen\/wovon-hangen-die-sofortkredit-zinsen-ab\" \/>\n<meta property=\"og:locale\" content=\"de_DE\" \/>\n<meta property=\"og:type\" content=\"article\" \/>\n<meta property=\"og:title\" content=\"Wovon h\u00e4ngen die Sofortkredit Zinsen ab?\" \/>\n<meta property=\"og:description\" content=\"Die Zinsen f\u00fcr einen Sofortkredit h\u00e4ngen in erster Linie von den aktuellen Zinsen am Geld- und Kapitalmarkt ab. In konjunkturellen Hochphasen befindet sich der Leitzins der Zentralbanken auf einem hohen Niveau \u2013 und die Zinsen f\u00fcr Kredite orientieren sich daran entsprechend. Bei schlechter Wirtschaftslage verh\u00e4lt es sich genau anders herum: Der Leitzins wird gesenkt, und [&hellip;]\" \/>\n<meta property=\"og:url\" content=\"https:\/\/www.dr-staedtler.de\/sofort-kredit\/fragen\/wovon-hangen-die-sofortkredit-zinsen-ab\" \/>\n<meta property=\"og:site_name\" content=\"Sofortkredit\" \/>\n<meta property=\"article:modified_time\" content=\"2017-03-25T19:21:40+00:00\" \/>\n<meta property=\"og:image\" content=\"http:\/\/www.dr-staedtler.de\/sofort-kredit\/wp-content\/uploads\/2011\/11\/fragen-275x300.jpg\" \/>\n<meta name=\"twitter:card\" content=\"summary_large_image\" \/>\n<meta name=\"twitter:label1\" content=\"Gesch\u00e4tzte Lesezeit\" \/>\n\t<meta name=\"twitter:data1\" content=\"1\u00a0Minute\" \/>\n<script type=\"application\/ld+json\" class=\"yoast-schema-graph\">{\"@context\":\"https:\/\/schema.org\",\"@graph\":[{\"@type\":\"WebPage\",\"@id\":\"https:\/\/www.dr-staedtler.de\/sofort-kredit\/fragen\/wovon-hangen-die-sofortkredit-zinsen-ab\",\"url\":\"https:\/\/www.dr-staedtler.de\/sofort-kredit\/fragen\/wovon-hangen-die-sofortkredit-zinsen-ab\",\"name\":\"Wovon h\u00e4ngen die Sofortkredit Zinsen ab?\",\"isPartOf\":{\"@id\":\"http:\/\/www.dr-staedtler.de\/sofort-kredit\/#website\"},\"primaryImageOfPage\":{\"@id\":\"https:\/\/www.dr-staedtler.de\/sofort-kredit\/fragen\/wovon-hangen-die-sofortkredit-zinsen-ab#primaryimage\"},\"image\":{\"@id\":\"https:\/\/www.dr-staedtler.de\/sofort-kredit\/fragen\/wovon-hangen-die-sofortkredit-zinsen-ab#primaryimage\"},\"thumbnailUrl\":\"http:\/\/www.dr-staedtler.de\/sofort-kredit\/wp-content\/uploads\/2011\/11\/fragen-275x300.jpg\",\"datePublished\":\"2011-11-24T13:49:34+00:00\",\"dateModified\":\"2017-03-25T19:21:40+00:00\",\"breadcrumb\":{\"@id\":\"https:\/\/www.dr-staedtler.de\/sofort-kredit\/fragen\/wovon-hangen-die-sofortkredit-zinsen-ab#breadcrumb\"},\"inLanguage\":\"de\",\"potentialAction\":[{\"@type\":\"ReadAction\",\"target\":[\"https:\/\/www.dr-staedtler.de\/sofort-kredit\/fragen\/wovon-hangen-die-sofortkredit-zinsen-ab\"]}]},{\"@type\":\"ImageObject\",\"inLanguage\":\"de\",\"@id\":\"https:\/\/www.dr-staedtler.de\/sofort-kredit\/fragen\/wovon-hangen-die-sofortkredit-zinsen-ab#primaryimage\",\"url\":\"http:\/\/www.dr-staedtler.de\/sofort-kredit\/wp-content\/uploads\/2011\/11\/fragen.jpg\",\"contentUrl\":\"http:\/\/www.dr-staedtler.de\/sofort-kredit\/wp-content\/uploads\/2011\/11\/fragen.jpg\",\"width\":\"332\",\"height\":\"361\",\"caption\":\"H\u00e4ufig gestellte Fragen\"},{\"@type\":\"BreadcrumbList\",\"@id\":\"https:\/\/www.dr-staedtler.de\/sofort-kredit\/fragen\/wovon-hangen-die-sofortkredit-zinsen-ab#breadcrumb\",\"itemListElement\":[{\"@type\":\"ListItem\",\"position\":1,\"name\":\"Home\",\"item\":\"https:\/\/www.dr-staedtler.de\/sofort-kredit\/\"},{\"@type\":\"ListItem\",\"position\":2,\"name\":\"H\u00e4ufig gestellte Fragen\",\"item\":\"https:\/\/www.dr-staedtler.de\/sofort-kredit\/fragen\"},{\"@type\":\"ListItem\",\"position\":3,\"name\":\"Wovon h\u00e4ngen die Sofortkredit Zinsen ab?\"}]},{\"@type\":\"WebSite\",\"@id\":\"http:\/\/www.dr-staedtler.de\/sofort-kredit\/#website\",\"url\":\"http:\/\/www.dr-staedtler.de\/sofort-kredit\/\",\"name\":\"Sofortkredit\",\"description\":\"Der Sofortkredit im unabh\u00e4ngigen Vergleich\",\"potentialAction\":[{\"@type\":\"SearchAction\",\"target\":{\"@type\":\"EntryPoint\",\"urlTemplate\":\"http:\/\/www.dr-staedtler.de\/sofort-kredit\/?s={search_term_string}\"},\"query-input\":{\"@type\":\"PropertyValueSpecification\",\"valueRequired\":true,\"valueName\":\"search_term_string\"}}],\"inLanguage\":\"de\"}]}<\/script>\n<!-- \/ Yoast SEO plugin. -->","yoast_head_json":{"title":"Wovon h\u00e4ngen die Sofortkredit Zinsen ab?","robots":{"index":"index","follow":"follow","max-snippet":"max-snippet:-1","max-image-preview":"max-image-preview:large","max-video-preview":"max-video-preview:-1"},"canonical":"https:\/\/www.dr-staedtler.de\/sofort-kredit\/fragen\/wovon-hangen-die-sofortkredit-zinsen-ab","og_locale":"de_DE","og_type":"article","og_title":"Wovon h\u00e4ngen die Sofortkredit Zinsen ab?","og_description":"Die Zinsen f\u00fcr einen Sofortkredit h\u00e4ngen in erster Linie von den aktuellen Zinsen am Geld- und Kapitalmarkt ab. In konjunkturellen Hochphasen befindet sich der Leitzins der Zentralbanken auf einem hohen Niveau \u2013 und die Zinsen f\u00fcr Kredite orientieren sich daran entsprechend. Bei schlechter Wirtschaftslage verh\u00e4lt es sich genau anders herum: Der Leitzins wird gesenkt, und [&hellip;]","og_url":"https:\/\/www.dr-staedtler.de\/sofort-kredit\/fragen\/wovon-hangen-die-sofortkredit-zinsen-ab","og_site_name":"Sofortkredit","article_modified_time":"2017-03-25T19:21:40+00:00","og_image":[{"url":"http:\/\/www.dr-staedtler.de\/sofort-kredit\/wp-content\/uploads\/2011\/11\/fragen-275x300.jpg","type":"","width":"","height":""}],"twitter_card":"summary_large_image","twitter_misc":{"Gesch\u00e4tzte Lesezeit":"1\u00a0Minute"},"schema":{"@context":"https:\/\/schema.org","@graph":[{"@type":"WebPage","@id":"https:\/\/www.dr-staedtler.de\/sofort-kredit\/fragen\/wovon-hangen-die-sofortkredit-zinsen-ab","url":"https:\/\/www.dr-staedtler.de\/sofort-kredit\/fragen\/wovon-hangen-die-sofortkredit-zinsen-ab","name":"Wovon h\u00e4ngen die Sofortkredit Zinsen ab?","isPartOf":{"@id":"http:\/\/www.dr-staedtler.de\/sofort-kredit\/#website"},"primaryImageOfPage":{"@id":"https:\/\/www.dr-staedtler.de\/sofort-kredit\/fragen\/wovon-hangen-die-sofortkredit-zinsen-ab#primaryimage"},"image":{"@id":"https:\/\/www.dr-staedtler.de\/sofort-kredit\/fragen\/wovon-hangen-die-sofortkredit-zinsen-ab#primaryimage"},"thumbnailUrl":"http:\/\/www.dr-staedtler.de\/sofort-kredit\/wp-content\/uploads\/2011\/11\/fragen-275x300.jpg","datePublished":"2011-11-24T13:49:34+00:00","dateModified":"2017-03-25T19:21:40+00:00","breadcrumb":{"@id":"https:\/\/www.dr-staedtler.de\/sofort-kredit\/fragen\/wovon-hangen-die-sofortkredit-zinsen-ab#breadcrumb"},"inLanguage":"de","potentialAction":[{"@type":"ReadAction","target":["https:\/\/www.dr-staedtler.de\/sofort-kredit\/fragen\/wovon-hangen-die-sofortkredit-zinsen-ab"]}]},{"@type":"ImageObject","inLanguage":"de","@id":"https:\/\/www.dr-staedtler.de\/sofort-kredit\/fragen\/wovon-hangen-die-sofortkredit-zinsen-ab#primaryimage","url":"http:\/\/www.dr-staedtler.de\/sofort-kredit\/wp-content\/uploads\/2011\/11\/fragen.jpg","contentUrl":"http:\/\/www.dr-staedtler.de\/sofort-kredit\/wp-content\/uploads\/2011\/11\/fragen.jpg","width":"332","height":"361","caption":"H\u00e4ufig gestellte Fragen"},{"@type":"BreadcrumbList","@id":"https:\/\/www.dr-staedtler.de\/sofort-kredit\/fragen\/wovon-hangen-die-sofortkredit-zinsen-ab#breadcrumb","itemListElement":[{"@type":"ListItem","position":1,"name":"Home","item":"https:\/\/www.dr-staedtler.de\/sofort-kredit\/"},{"@type":"ListItem","position":2,"name":"H\u00e4ufig gestellte Fragen","item":"https:\/\/www.dr-staedtler.de\/sofort-kredit\/fragen"},{"@type":"ListItem","position":3,"name":"Wovon h\u00e4ngen die Sofortkredit Zinsen ab?"}]},{"@type":"WebSite","@id":"http:\/\/www.dr-staedtler.de\/sofort-kredit\/#website","url":"http:\/\/www.dr-staedtler.de\/sofort-kredit\/","name":"Sofortkredit","description":"Der Sofortkredit im unabh\u00e4ngigen Vergleich","potentialAction":[{"@type":"SearchAction","target":{"@type":"EntryPoint","urlTemplate":"http:\/\/www.dr-staedtler.de\/sofort-kredit\/?s={search_term_string}"},"query-input":{"@type":"PropertyValueSpecification","valueRequired":true,"valueName":"search_term_string"}}],"inLanguage":"de"}]}},"_links":{"self":[{"href":"http:\/\/www.dr-staedtler.de\/sofort-kredit\/wp-json\/wp\/v2\/pages\/633","targetHints":{"allow":["GET"]}}],"collection":[{"href":"http:\/\/www.dr-staedtler.de\/sofort-kredit\/wp-json\/wp\/v2\/pages"}],"about":[{"href":"http:\/\/www.dr-staedtler.de\/sofort-kredit\/wp-json\/wp\/v2\/types\/page"}],"author":[{"embeddable":true,"href":"http:\/\/www.dr-staedtler.de\/sofort-kredit\/wp-json\/wp\/v2\/users\/2"}],"replies":[{"embeddable":true,"href":"http:\/\/www.dr-staedtler.de\/sofort-kredit\/wp-json\/wp\/v2\/comments?post=633"}],"version-history":[{"count":3,"href":"http:\/\/www.dr-staedtler.de\/sofort-kredit\/wp-json\/wp\/v2\/pages\/633\/revisions"}],"predecessor-version":[{"id":2500,"href":"http:\/\/www.dr-staedtler.de\/sofort-kredit\/wp-json\/wp\/v2\/pages\/633\/revisions\/2500"}],"up":[{"embeddable":true,"href":"http:\/\/www.dr-staedtler.de\/sofort-kredit\/wp-json\/wp\/v2\/pages\/604"}],"wp:attachment":[{"href":"http:\/\/www.dr-staedtler.de\/sofort-kredit\/wp-json\/wp\/v2\/media?parent=633"}],"curies":[{"name":"wp","href":"https:\/\/api.w.org\/{rel}","templated":true}]}}