{"id":627,"date":"2011-11-24T15:45:16","date_gmt":"2011-11-24T13:45:16","guid":{"rendered":"http:\/\/www.sofort-kredit.net\/?page_id=627"},"modified":"2017-03-25T21:20:01","modified_gmt":"2017-03-25T19:20:01","slug":"erhalte-ich-als-freiberufler-selbststandiger-einen-sofortkredit","status":"publish","type":"page","link":"http:\/\/www.dr-staedtler.de\/sofort-kredit\/fragen\/erhalte-ich-als-freiberufler-selbststandiger-einen-sofortkredit","title":{"rendered":"Erhalte ich als Freiberufler \/ Selbstst\u00e4ndiger einen Sofortkredit?"},"content":{"rendered":"<p><img loading=\"lazy\" decoding=\"async\" class=\"alignleft size-medium wp-image-648\" style=\"margin-right: 10px; margin-bottom: 8px;\" title=\"H\u00e4ufig gestellte Fragen\" src=\"http:\/\/www.dr-staedtler.de\/sofort-kredit\/wp-content\/uploads\/2011\/11\/fragen-275x300.jpg\" alt=\"H\u00e4ufig gestellte Fragen\" width=\"165\" height=\"180\" srcset=\"http:\/\/www.dr-staedtler.de\/sofort-kredit\/wp-content\/uploads\/2011\/11\/fragen-275x300.jpg 275w, http:\/\/www.dr-staedtler.de\/sofort-kredit\/wp-content\/uploads\/2011\/11\/fragen.jpg 332w\" sizes=\"auto, (max-width: 165px) 100vw, 165px\" \/><strong>Freiberufler und Selbstst\u00e4ndige<\/strong> k\u00f6nnen nicht, wie Arbeitnehmer in einem festen Besch\u00e4ftigungsverh\u00e4ltnis, Lohn- und Gehaltsnachweise erbringen. Wer als Selbstst\u00e4ndiger oder <a title=\"Freiberufler einen Sofortkredit\" href=\"http:\/\/www.dr-staedtler.de\/sofort-kredit\/arten\/fuer-freiberufler\">Freiberufler einen Sofortkredit<\/a> beantragt, muss andere Nachweise vorlegen k\u00f6nnen. Bei Selbstst\u00e4ndigen werden die betriebswirtschaftlichen Auswertungen (BWA) zur Pr\u00fcfung des Kreditantrages herangezogen, bei Freiberuflern ist es <strong>in der Regel der Einkommenssteuernachweis<\/strong>. Nachteilig daran ist, dass aufgrund dieser Nachweise nur eine vergangenheitsbezogene Bewertung stattfinden kann \u2013 die zuk\u00fcnftige finanzielle Situation des Kreditnehmers kann nur einzusch\u00e4tzen versucht werden.<\/p>\n<p>Lehnt die Bank einen <a href=\"http:\/\/www.dr-staedtler.de\/sofort-kredit\/sofortkredit-fuer-selbstaendige\">Sofortkredit f\u00fcr Freiberufler oder Selbstst\u00e4ndige<\/a> ab, k\u00f6nnen ein B\u00fcrge oder ein Mitantragsteller eine Hilfe sein, um den Kredit doch noch bewilligt zu bekommen. Diese gew\u00e4hrleisten die R\u00fcckzahlung des Kredits, wenn der Antragsteller selbst zahlungsunf\u00e4hig wird. Auch das Stellen von Sicherheiten (z.B. Immobilie) kann helfen, einen <strong>Sofortkredit genehmigt<\/strong> zu bekommen.<\/p>\n<p>Zur\u00fcck zu den <a href=\"http:\/\/www.dr-staedtler.de\/sofort-kredit\/fragen\">H\u00e4ufig gestellten Fragen<\/a><\/p>\n","protected":false},"excerpt":{"rendered":"<p>Freiberufler und Selbstst\u00e4ndige k\u00f6nnen nicht, wie Arbeitnehmer in einem festen Besch\u00e4ftigungsverh\u00e4ltnis, Lohn- und Gehaltsnachweise erbringen. Wer als Selbstst\u00e4ndiger oder Freiberufler einen Sofortkredit beantragt, muss andere Nachweise vorlegen k\u00f6nnen. Bei Selbstst\u00e4ndigen werden die betriebswirtschaftlichen Auswertungen (BWA) zur Pr\u00fcfung des Kreditantrages herangezogen, bei Freiberuflern ist es in der Regel der Einkommenssteuernachweis. Nachteilig daran ist, dass aufgrund dieser [&hellip;]<\/p>\n","protected":false},"author":2,"featured_media":0,"parent":604,"menu_order":0,"comment_status":"closed","ping_status":"open","template":"templates\/sidebar-right.php","meta":{"footnotes":""},"class_list":["post-627","page","type-page","status-publish","hentry"],"yoast_head":"<!-- This site is optimized with the Yoast SEO plugin v24.6 - https:\/\/yoast.com\/wordpress\/plugins\/seo\/ -->\n<title>Erhalte ich als Freiberufler \/ Selbstst\u00e4ndiger einen Sofortkredit?<\/title>\n<meta name=\"robots\" content=\"index, follow, max-snippet:-1, max-image-preview:large, max-video-preview:-1\" \/>\n<link rel=\"canonical\" href=\"https:\/\/www.dr-staedtler.de\/sofort-kredit\/fragen\/erhalte-ich-als-freiberufler-selbststandiger-einen-sofortkredit\" \/>\n<meta property=\"og:locale\" content=\"de_DE\" \/>\n<meta property=\"og:type\" content=\"article\" \/>\n<meta property=\"og:title\" content=\"Erhalte ich als Freiberufler \/ Selbstst\u00e4ndiger einen Sofortkredit?\" \/>\n<meta property=\"og:description\" content=\"Freiberufler und Selbstst\u00e4ndige k\u00f6nnen nicht, wie Arbeitnehmer in einem festen Besch\u00e4ftigungsverh\u00e4ltnis, Lohn- und Gehaltsnachweise erbringen. Wer als Selbstst\u00e4ndiger oder Freiberufler einen Sofortkredit beantragt, muss andere Nachweise vorlegen k\u00f6nnen. Bei Selbstst\u00e4ndigen werden die betriebswirtschaftlichen Auswertungen (BWA) zur Pr\u00fcfung des Kreditantrages herangezogen, bei Freiberuflern ist es in der Regel der Einkommenssteuernachweis. Nachteilig daran ist, dass aufgrund dieser [&hellip;]\" \/>\n<meta property=\"og:url\" content=\"https:\/\/www.dr-staedtler.de\/sofort-kredit\/fragen\/erhalte-ich-als-freiberufler-selbststandiger-einen-sofortkredit\" \/>\n<meta property=\"og:site_name\" content=\"Sofortkredit\" \/>\n<meta property=\"article:modified_time\" content=\"2017-03-25T19:20:01+00:00\" \/>\n<meta property=\"og:image\" content=\"http:\/\/www.dr-staedtler.de\/sofort-kredit\/wp-content\/uploads\/2011\/11\/fragen-275x300.jpg\" \/>\n<meta name=\"twitter:card\" content=\"summary_large_image\" \/>\n<meta name=\"twitter:label1\" content=\"Gesch\u00e4tzte Lesezeit\" \/>\n\t<meta name=\"twitter:data1\" content=\"1\u00a0Minute\" \/>\n<script type=\"application\/ld+json\" class=\"yoast-schema-graph\">{\"@context\":\"https:\/\/schema.org\",\"@graph\":[{\"@type\":\"WebPage\",\"@id\":\"https:\/\/www.dr-staedtler.de\/sofort-kredit\/fragen\/erhalte-ich-als-freiberufler-selbststandiger-einen-sofortkredit\",\"url\":\"https:\/\/www.dr-staedtler.de\/sofort-kredit\/fragen\/erhalte-ich-als-freiberufler-selbststandiger-einen-sofortkredit\",\"name\":\"Erhalte ich als Freiberufler \/ Selbstst\u00e4ndiger einen Sofortkredit?\",\"isPartOf\":{\"@id\":\"http:\/\/www.dr-staedtler.de\/sofort-kredit\/#website\"},\"primaryImageOfPage\":{\"@id\":\"https:\/\/www.dr-staedtler.de\/sofort-kredit\/fragen\/erhalte-ich-als-freiberufler-selbststandiger-einen-sofortkredit#primaryimage\"},\"image\":{\"@id\":\"https:\/\/www.dr-staedtler.de\/sofort-kredit\/fragen\/erhalte-ich-als-freiberufler-selbststandiger-einen-sofortkredit#primaryimage\"},\"thumbnailUrl\":\"http:\/\/www.dr-staedtler.de\/sofort-kredit\/wp-content\/uploads\/2011\/11\/fragen-275x300.jpg\",\"datePublished\":\"2011-11-24T13:45:16+00:00\",\"dateModified\":\"2017-03-25T19:20:01+00:00\",\"breadcrumb\":{\"@id\":\"https:\/\/www.dr-staedtler.de\/sofort-kredit\/fragen\/erhalte-ich-als-freiberufler-selbststandiger-einen-sofortkredit#breadcrumb\"},\"inLanguage\":\"de\",\"potentialAction\":[{\"@type\":\"ReadAction\",\"target\":[\"https:\/\/www.dr-staedtler.de\/sofort-kredit\/fragen\/erhalte-ich-als-freiberufler-selbststandiger-einen-sofortkredit\"]}]},{\"@type\":\"ImageObject\",\"inLanguage\":\"de\",\"@id\":\"https:\/\/www.dr-staedtler.de\/sofort-kredit\/fragen\/erhalte-ich-als-freiberufler-selbststandiger-einen-sofortkredit#primaryimage\",\"url\":\"http:\/\/www.dr-staedtler.de\/sofort-kredit\/wp-content\/uploads\/2011\/11\/fragen.jpg\",\"contentUrl\":\"http:\/\/www.dr-staedtler.de\/sofort-kredit\/wp-content\/uploads\/2011\/11\/fragen.jpg\",\"width\":\"332\",\"height\":\"361\",\"caption\":\"H\u00e4ufig gestellte Fragen\"},{\"@type\":\"BreadcrumbList\",\"@id\":\"https:\/\/www.dr-staedtler.de\/sofort-kredit\/fragen\/erhalte-ich-als-freiberufler-selbststandiger-einen-sofortkredit#breadcrumb\",\"itemListElement\":[{\"@type\":\"ListItem\",\"position\":1,\"name\":\"Home\",\"item\":\"https:\/\/www.dr-staedtler.de\/sofort-kredit\/\"},{\"@type\":\"ListItem\",\"position\":2,\"name\":\"H\u00e4ufig gestellte Fragen\",\"item\":\"https:\/\/www.dr-staedtler.de\/sofort-kredit\/fragen\"},{\"@type\":\"ListItem\",\"position\":3,\"name\":\"Erhalte ich als Freiberufler \/ Selbstst\u00e4ndiger einen Sofortkredit?\"}]},{\"@type\":\"WebSite\",\"@id\":\"http:\/\/www.dr-staedtler.de\/sofort-kredit\/#website\",\"url\":\"http:\/\/www.dr-staedtler.de\/sofort-kredit\/\",\"name\":\"Sofortkredit\",\"description\":\"Der Sofortkredit im unabh\u00e4ngigen Vergleich\",\"potentialAction\":[{\"@type\":\"SearchAction\",\"target\":{\"@type\":\"EntryPoint\",\"urlTemplate\":\"http:\/\/www.dr-staedtler.de\/sofort-kredit\/?s={search_term_string}\"},\"query-input\":{\"@type\":\"PropertyValueSpecification\",\"valueRequired\":true,\"valueName\":\"search_term_string\"}}],\"inLanguage\":\"de\"}]}<\/script>\n<!-- \/ Yoast SEO plugin. -->","yoast_head_json":{"title":"Erhalte ich als Freiberufler \/ Selbstst\u00e4ndiger einen Sofortkredit?","robots":{"index":"index","follow":"follow","max-snippet":"max-snippet:-1","max-image-preview":"max-image-preview:large","max-video-preview":"max-video-preview:-1"},"canonical":"https:\/\/www.dr-staedtler.de\/sofort-kredit\/fragen\/erhalte-ich-als-freiberufler-selbststandiger-einen-sofortkredit","og_locale":"de_DE","og_type":"article","og_title":"Erhalte ich als Freiberufler \/ Selbstst\u00e4ndiger einen Sofortkredit?","og_description":"Freiberufler und Selbstst\u00e4ndige k\u00f6nnen nicht, wie Arbeitnehmer in einem festen Besch\u00e4ftigungsverh\u00e4ltnis, Lohn- und Gehaltsnachweise erbringen. Wer als Selbstst\u00e4ndiger oder Freiberufler einen Sofortkredit beantragt, muss andere Nachweise vorlegen k\u00f6nnen. Bei Selbstst\u00e4ndigen werden die betriebswirtschaftlichen Auswertungen (BWA) zur Pr\u00fcfung des Kreditantrages herangezogen, bei Freiberuflern ist es in der Regel der Einkommenssteuernachweis. Nachteilig daran ist, dass aufgrund dieser [&hellip;]","og_url":"https:\/\/www.dr-staedtler.de\/sofort-kredit\/fragen\/erhalte-ich-als-freiberufler-selbststandiger-einen-sofortkredit","og_site_name":"Sofortkredit","article_modified_time":"2017-03-25T19:20:01+00:00","og_image":[{"url":"http:\/\/www.dr-staedtler.de\/sofort-kredit\/wp-content\/uploads\/2011\/11\/fragen-275x300.jpg","type":"","width":"","height":""}],"twitter_card":"summary_large_image","twitter_misc":{"Gesch\u00e4tzte Lesezeit":"1\u00a0Minute"},"schema":{"@context":"https:\/\/schema.org","@graph":[{"@type":"WebPage","@id":"https:\/\/www.dr-staedtler.de\/sofort-kredit\/fragen\/erhalte-ich-als-freiberufler-selbststandiger-einen-sofortkredit","url":"https:\/\/www.dr-staedtler.de\/sofort-kredit\/fragen\/erhalte-ich-als-freiberufler-selbststandiger-einen-sofortkredit","name":"Erhalte ich als Freiberufler \/ Selbstst\u00e4ndiger einen Sofortkredit?","isPartOf":{"@id":"http:\/\/www.dr-staedtler.de\/sofort-kredit\/#website"},"primaryImageOfPage":{"@id":"https:\/\/www.dr-staedtler.de\/sofort-kredit\/fragen\/erhalte-ich-als-freiberufler-selbststandiger-einen-sofortkredit#primaryimage"},"image":{"@id":"https:\/\/www.dr-staedtler.de\/sofort-kredit\/fragen\/erhalte-ich-als-freiberufler-selbststandiger-einen-sofortkredit#primaryimage"},"thumbnailUrl":"http:\/\/www.dr-staedtler.de\/sofort-kredit\/wp-content\/uploads\/2011\/11\/fragen-275x300.jpg","datePublished":"2011-11-24T13:45:16+00:00","dateModified":"2017-03-25T19:20:01+00:00","breadcrumb":{"@id":"https:\/\/www.dr-staedtler.de\/sofort-kredit\/fragen\/erhalte-ich-als-freiberufler-selbststandiger-einen-sofortkredit#breadcrumb"},"inLanguage":"de","potentialAction":[{"@type":"ReadAction","target":["https:\/\/www.dr-staedtler.de\/sofort-kredit\/fragen\/erhalte-ich-als-freiberufler-selbststandiger-einen-sofortkredit"]}]},{"@type":"ImageObject","inLanguage":"de","@id":"https:\/\/www.dr-staedtler.de\/sofort-kredit\/fragen\/erhalte-ich-als-freiberufler-selbststandiger-einen-sofortkredit#primaryimage","url":"http:\/\/www.dr-staedtler.de\/sofort-kredit\/wp-content\/uploads\/2011\/11\/fragen.jpg","contentUrl":"http:\/\/www.dr-staedtler.de\/sofort-kredit\/wp-content\/uploads\/2011\/11\/fragen.jpg","width":"332","height":"361","caption":"H\u00e4ufig gestellte Fragen"},{"@type":"BreadcrumbList","@id":"https:\/\/www.dr-staedtler.de\/sofort-kredit\/fragen\/erhalte-ich-als-freiberufler-selbststandiger-einen-sofortkredit#breadcrumb","itemListElement":[{"@type":"ListItem","position":1,"name":"Home","item":"https:\/\/www.dr-staedtler.de\/sofort-kredit\/"},{"@type":"ListItem","position":2,"name":"H\u00e4ufig gestellte Fragen","item":"https:\/\/www.dr-staedtler.de\/sofort-kredit\/fragen"},{"@type":"ListItem","position":3,"name":"Erhalte ich als Freiberufler \/ Selbstst\u00e4ndiger einen Sofortkredit?"}]},{"@type":"WebSite","@id":"http:\/\/www.dr-staedtler.de\/sofort-kredit\/#website","url":"http:\/\/www.dr-staedtler.de\/sofort-kredit\/","name":"Sofortkredit","description":"Der Sofortkredit im unabh\u00e4ngigen Vergleich","potentialAction":[{"@type":"SearchAction","target":{"@type":"EntryPoint","urlTemplate":"http:\/\/www.dr-staedtler.de\/sofort-kredit\/?s={search_term_string}"},"query-input":{"@type":"PropertyValueSpecification","valueRequired":true,"valueName":"search_term_string"}}],"inLanguage":"de"}]}},"_links":{"self":[{"href":"http:\/\/www.dr-staedtler.de\/sofort-kredit\/wp-json\/wp\/v2\/pages\/627","targetHints":{"allow":["GET"]}}],"collection":[{"href":"http:\/\/www.dr-staedtler.de\/sofort-kredit\/wp-json\/wp\/v2\/pages"}],"about":[{"href":"http:\/\/www.dr-staedtler.de\/sofort-kredit\/wp-json\/wp\/v2\/types\/page"}],"author":[{"embeddable":true,"href":"http:\/\/www.dr-staedtler.de\/sofort-kredit\/wp-json\/wp\/v2\/users\/2"}],"replies":[{"embeddable":true,"href":"http:\/\/www.dr-staedtler.de\/sofort-kredit\/wp-json\/wp\/v2\/comments?post=627"}],"version-history":[{"count":2,"href":"http:\/\/www.dr-staedtler.de\/sofort-kredit\/wp-json\/wp\/v2\/pages\/627\/revisions"}],"predecessor-version":[{"id":2492,"href":"http:\/\/www.dr-staedtler.de\/sofort-kredit\/wp-json\/wp\/v2\/pages\/627\/revisions\/2492"}],"up":[{"embeddable":true,"href":"http:\/\/www.dr-staedtler.de\/sofort-kredit\/wp-json\/wp\/v2\/pages\/604"}],"wp:attachment":[{"href":"http:\/\/www.dr-staedtler.de\/sofort-kredit\/wp-json\/wp\/v2\/media?parent=627"}],"curies":[{"name":"wp","href":"https:\/\/api.w.org\/{rel}","templated":true}]}}