{"id":620,"date":"2011-11-24T15:39:01","date_gmt":"2011-11-24T13:39:01","guid":{"rendered":"http:\/\/www.sofort-kredit.net\/?page_id=620"},"modified":"2017-03-25T21:20:20","modified_gmt":"2017-03-25T19:20:20","slug":"ist-ein-sofortkredit-besser-als-der-dispokredit","status":"publish","type":"page","link":"http:\/\/www.dr-staedtler.de\/sofort-kredit\/fragen\/ist-ein-sofortkredit-besser-als-der-dispokredit","title":{"rendered":"Ist ein Sofortkredit besser als der Dispokredit?"},"content":{"rendered":"<p><img loading=\"lazy\" decoding=\"async\" class=\"alignleft size-medium wp-image-648\" style=\"margin-right: 10px; margin-bottom: 8px;\" title=\"H\u00e4ufig gestellte Fragen\" src=\"http:\/\/www.dr-staedtler.de\/sofort-kredit\/wp-content\/uploads\/2011\/11\/fragen-275x300.jpg\" alt=\"H\u00e4ufig gestellte Fragen\" width=\"165\" height=\"180\" srcset=\"http:\/\/www.dr-staedtler.de\/sofort-kredit\/wp-content\/uploads\/2011\/11\/fragen-275x300.jpg 275w, http:\/\/www.dr-staedtler.de\/sofort-kredit\/wp-content\/uploads\/2011\/11\/fragen.jpg 332w\" sizes=\"auto, (max-width: 165px) 100vw, 165px\" \/>Der Sofortkredit ist insofern besser als der Dispokredit, als er g\u00fcnstiger ist. W\u00e4hrend f\u00fcr den <strong>Dispositionskredit \u00fcberdurchschnittlich hohe Zinsen<\/strong> anfallen, besticht der Sofortkredit heute durch besonders g\u00fcnstige Konditionen. Da der Sofortkredit in regelm\u00e4\u00dfigen Raten zur\u00fcckgef\u00fchrt wird, l\u00e4sst er sich auch leichter abzahlen als ein Dispokredit \u2013 der Kreditnehmer hat mehr Kontrolle \u00fcber seine finanzielle Situation und Struktur in seiner R\u00fcckzahlung.<\/p>\n<p>Hinzu kommt, dass ein <strong>Sofortkredit auch mit h\u00f6heren Kreditsummen<\/strong> aufgenommen werden kann. Ein Dispokredit ist dahingegen in der Regel nach oben hin begrenzt, und bel\u00e4uft sich meist nur auf zwei bis drei Monatsgeh\u00e4lter.<\/p>\n<p>Zur\u00fcck zu den <a href=\"http:\/\/www.dr-staedtler.de\/sofort-kredit\/fragen\">H\u00e4ufig gestellten Fragen<\/a><\/p>\n","protected":false},"excerpt":{"rendered":"<p>Der Sofortkredit ist insofern besser als der Dispokredit, als er g\u00fcnstiger ist. W\u00e4hrend f\u00fcr den Dispositionskredit \u00fcberdurchschnittlich hohe Zinsen anfallen, besticht der Sofortkredit heute durch besonders g\u00fcnstige Konditionen. Da der Sofortkredit in regelm\u00e4\u00dfigen Raten zur\u00fcckgef\u00fchrt wird, l\u00e4sst er sich auch leichter abzahlen als ein Dispokredit \u2013 der Kreditnehmer hat mehr Kontrolle \u00fcber seine finanzielle Situation [&hellip;]<\/p>\n","protected":false},"author":2,"featured_media":0,"parent":604,"menu_order":0,"comment_status":"closed","ping_status":"open","template":"templates\/sidebar-right.php","meta":{"footnotes":""},"class_list":["post-620","page","type-page","status-publish","hentry"],"yoast_head":"<!-- This site is optimized with the Yoast SEO plugin v24.6 - https:\/\/yoast.com\/wordpress\/plugins\/seo\/ -->\n<title>Ist ein Sofortkredit besser als der Dispokredit?<\/title>\n<meta name=\"robots\" content=\"index, follow, max-snippet:-1, max-image-preview:large, max-video-preview:-1\" \/>\n<link rel=\"canonical\" href=\"https:\/\/www.dr-staedtler.de\/sofort-kredit\/fragen\/ist-ein-sofortkredit-besser-als-der-dispokredit\" \/>\n<meta property=\"og:locale\" content=\"de_DE\" \/>\n<meta property=\"og:type\" content=\"article\" \/>\n<meta property=\"og:title\" content=\"Ist ein Sofortkredit besser als der Dispokredit?\" \/>\n<meta property=\"og:description\" content=\"Der Sofortkredit ist insofern besser als der Dispokredit, als er g\u00fcnstiger ist. W\u00e4hrend f\u00fcr den Dispositionskredit \u00fcberdurchschnittlich hohe Zinsen anfallen, besticht der Sofortkredit heute durch besonders g\u00fcnstige Konditionen. Da der Sofortkredit in regelm\u00e4\u00dfigen Raten zur\u00fcckgef\u00fchrt wird, l\u00e4sst er sich auch leichter abzahlen als ein Dispokredit \u2013 der Kreditnehmer hat mehr Kontrolle \u00fcber seine finanzielle Situation [&hellip;]\" \/>\n<meta property=\"og:url\" content=\"https:\/\/www.dr-staedtler.de\/sofort-kredit\/fragen\/ist-ein-sofortkredit-besser-als-der-dispokredit\" \/>\n<meta property=\"og:site_name\" content=\"Sofortkredit\" \/>\n<meta property=\"article:modified_time\" content=\"2017-03-25T19:20:20+00:00\" \/>\n<meta property=\"og:image\" content=\"http:\/\/www.dr-staedtler.de\/sofort-kredit\/wp-content\/uploads\/2011\/11\/fragen-275x300.jpg\" \/>\n<meta name=\"twitter:card\" content=\"summary_large_image\" \/>\n<meta name=\"twitter:label1\" content=\"Gesch\u00e4tzte Lesezeit\" \/>\n\t<meta name=\"twitter:data1\" content=\"1\u00a0Minute\" \/>\n<script type=\"application\/ld+json\" class=\"yoast-schema-graph\">{\"@context\":\"https:\/\/schema.org\",\"@graph\":[{\"@type\":\"WebPage\",\"@id\":\"https:\/\/www.dr-staedtler.de\/sofort-kredit\/fragen\/ist-ein-sofortkredit-besser-als-der-dispokredit\",\"url\":\"https:\/\/www.dr-staedtler.de\/sofort-kredit\/fragen\/ist-ein-sofortkredit-besser-als-der-dispokredit\",\"name\":\"Ist ein Sofortkredit besser als der Dispokredit?\",\"isPartOf\":{\"@id\":\"http:\/\/www.dr-staedtler.de\/sofort-kredit\/#website\"},\"primaryImageOfPage\":{\"@id\":\"https:\/\/www.dr-staedtler.de\/sofort-kredit\/fragen\/ist-ein-sofortkredit-besser-als-der-dispokredit#primaryimage\"},\"image\":{\"@id\":\"https:\/\/www.dr-staedtler.de\/sofort-kredit\/fragen\/ist-ein-sofortkredit-besser-als-der-dispokredit#primaryimage\"},\"thumbnailUrl\":\"http:\/\/www.dr-staedtler.de\/sofort-kredit\/wp-content\/uploads\/2011\/11\/fragen-275x300.jpg\",\"datePublished\":\"2011-11-24T13:39:01+00:00\",\"dateModified\":\"2017-03-25T19:20:20+00:00\",\"breadcrumb\":{\"@id\":\"https:\/\/www.dr-staedtler.de\/sofort-kredit\/fragen\/ist-ein-sofortkredit-besser-als-der-dispokredit#breadcrumb\"},\"inLanguage\":\"de\",\"potentialAction\":[{\"@type\":\"ReadAction\",\"target\":[\"https:\/\/www.dr-staedtler.de\/sofort-kredit\/fragen\/ist-ein-sofortkredit-besser-als-der-dispokredit\"]}]},{\"@type\":\"ImageObject\",\"inLanguage\":\"de\",\"@id\":\"https:\/\/www.dr-staedtler.de\/sofort-kredit\/fragen\/ist-ein-sofortkredit-besser-als-der-dispokredit#primaryimage\",\"url\":\"http:\/\/www.dr-staedtler.de\/sofort-kredit\/wp-content\/uploads\/2011\/11\/fragen.jpg\",\"contentUrl\":\"http:\/\/www.dr-staedtler.de\/sofort-kredit\/wp-content\/uploads\/2011\/11\/fragen.jpg\",\"width\":\"332\",\"height\":\"361\",\"caption\":\"H\u00e4ufig gestellte Fragen\"},{\"@type\":\"BreadcrumbList\",\"@id\":\"https:\/\/www.dr-staedtler.de\/sofort-kredit\/fragen\/ist-ein-sofortkredit-besser-als-der-dispokredit#breadcrumb\",\"itemListElement\":[{\"@type\":\"ListItem\",\"position\":1,\"name\":\"Home\",\"item\":\"https:\/\/www.dr-staedtler.de\/sofort-kredit\/\"},{\"@type\":\"ListItem\",\"position\":2,\"name\":\"H\u00e4ufig gestellte Fragen\",\"item\":\"https:\/\/www.dr-staedtler.de\/sofort-kredit\/fragen\"},{\"@type\":\"ListItem\",\"position\":3,\"name\":\"Ist ein Sofortkredit besser als der Dispokredit?\"}]},{\"@type\":\"WebSite\",\"@id\":\"http:\/\/www.dr-staedtler.de\/sofort-kredit\/#website\",\"url\":\"http:\/\/www.dr-staedtler.de\/sofort-kredit\/\",\"name\":\"Sofortkredit\",\"description\":\"Der Sofortkredit im unabh\u00e4ngigen Vergleich\",\"potentialAction\":[{\"@type\":\"SearchAction\",\"target\":{\"@type\":\"EntryPoint\",\"urlTemplate\":\"http:\/\/www.dr-staedtler.de\/sofort-kredit\/?s={search_term_string}\"},\"query-input\":{\"@type\":\"PropertyValueSpecification\",\"valueRequired\":true,\"valueName\":\"search_term_string\"}}],\"inLanguage\":\"de\"}]}<\/script>\n<!-- \/ Yoast SEO plugin. -->","yoast_head_json":{"title":"Ist ein Sofortkredit besser als der Dispokredit?","robots":{"index":"index","follow":"follow","max-snippet":"max-snippet:-1","max-image-preview":"max-image-preview:large","max-video-preview":"max-video-preview:-1"},"canonical":"https:\/\/www.dr-staedtler.de\/sofort-kredit\/fragen\/ist-ein-sofortkredit-besser-als-der-dispokredit","og_locale":"de_DE","og_type":"article","og_title":"Ist ein Sofortkredit besser als der Dispokredit?","og_description":"Der Sofortkredit ist insofern besser als der Dispokredit, als er g\u00fcnstiger ist. W\u00e4hrend f\u00fcr den Dispositionskredit \u00fcberdurchschnittlich hohe Zinsen anfallen, besticht der Sofortkredit heute durch besonders g\u00fcnstige Konditionen. Da der Sofortkredit in regelm\u00e4\u00dfigen Raten zur\u00fcckgef\u00fchrt wird, l\u00e4sst er sich auch leichter abzahlen als ein Dispokredit \u2013 der Kreditnehmer hat mehr Kontrolle \u00fcber seine finanzielle Situation [&hellip;]","og_url":"https:\/\/www.dr-staedtler.de\/sofort-kredit\/fragen\/ist-ein-sofortkredit-besser-als-der-dispokredit","og_site_name":"Sofortkredit","article_modified_time":"2017-03-25T19:20:20+00:00","og_image":[{"url":"http:\/\/www.dr-staedtler.de\/sofort-kredit\/wp-content\/uploads\/2011\/11\/fragen-275x300.jpg","type":"","width":"","height":""}],"twitter_card":"summary_large_image","twitter_misc":{"Gesch\u00e4tzte Lesezeit":"1\u00a0Minute"},"schema":{"@context":"https:\/\/schema.org","@graph":[{"@type":"WebPage","@id":"https:\/\/www.dr-staedtler.de\/sofort-kredit\/fragen\/ist-ein-sofortkredit-besser-als-der-dispokredit","url":"https:\/\/www.dr-staedtler.de\/sofort-kredit\/fragen\/ist-ein-sofortkredit-besser-als-der-dispokredit","name":"Ist ein Sofortkredit besser als der Dispokredit?","isPartOf":{"@id":"http:\/\/www.dr-staedtler.de\/sofort-kredit\/#website"},"primaryImageOfPage":{"@id":"https:\/\/www.dr-staedtler.de\/sofort-kredit\/fragen\/ist-ein-sofortkredit-besser-als-der-dispokredit#primaryimage"},"image":{"@id":"https:\/\/www.dr-staedtler.de\/sofort-kredit\/fragen\/ist-ein-sofortkredit-besser-als-der-dispokredit#primaryimage"},"thumbnailUrl":"http:\/\/www.dr-staedtler.de\/sofort-kredit\/wp-content\/uploads\/2011\/11\/fragen-275x300.jpg","datePublished":"2011-11-24T13:39:01+00:00","dateModified":"2017-03-25T19:20:20+00:00","breadcrumb":{"@id":"https:\/\/www.dr-staedtler.de\/sofort-kredit\/fragen\/ist-ein-sofortkredit-besser-als-der-dispokredit#breadcrumb"},"inLanguage":"de","potentialAction":[{"@type":"ReadAction","target":["https:\/\/www.dr-staedtler.de\/sofort-kredit\/fragen\/ist-ein-sofortkredit-besser-als-der-dispokredit"]}]},{"@type":"ImageObject","inLanguage":"de","@id":"https:\/\/www.dr-staedtler.de\/sofort-kredit\/fragen\/ist-ein-sofortkredit-besser-als-der-dispokredit#primaryimage","url":"http:\/\/www.dr-staedtler.de\/sofort-kredit\/wp-content\/uploads\/2011\/11\/fragen.jpg","contentUrl":"http:\/\/www.dr-staedtler.de\/sofort-kredit\/wp-content\/uploads\/2011\/11\/fragen.jpg","width":"332","height":"361","caption":"H\u00e4ufig gestellte Fragen"},{"@type":"BreadcrumbList","@id":"https:\/\/www.dr-staedtler.de\/sofort-kredit\/fragen\/ist-ein-sofortkredit-besser-als-der-dispokredit#breadcrumb","itemListElement":[{"@type":"ListItem","position":1,"name":"Home","item":"https:\/\/www.dr-staedtler.de\/sofort-kredit\/"},{"@type":"ListItem","position":2,"name":"H\u00e4ufig gestellte Fragen","item":"https:\/\/www.dr-staedtler.de\/sofort-kredit\/fragen"},{"@type":"ListItem","position":3,"name":"Ist ein Sofortkredit besser als der Dispokredit?"}]},{"@type":"WebSite","@id":"http:\/\/www.dr-staedtler.de\/sofort-kredit\/#website","url":"http:\/\/www.dr-staedtler.de\/sofort-kredit\/","name":"Sofortkredit","description":"Der Sofortkredit im unabh\u00e4ngigen Vergleich","potentialAction":[{"@type":"SearchAction","target":{"@type":"EntryPoint","urlTemplate":"http:\/\/www.dr-staedtler.de\/sofort-kredit\/?s={search_term_string}"},"query-input":{"@type":"PropertyValueSpecification","valueRequired":true,"valueName":"search_term_string"}}],"inLanguage":"de"}]}},"_links":{"self":[{"href":"http:\/\/www.dr-staedtler.de\/sofort-kredit\/wp-json\/wp\/v2\/pages\/620","targetHints":{"allow":["GET"]}}],"collection":[{"href":"http:\/\/www.dr-staedtler.de\/sofort-kredit\/wp-json\/wp\/v2\/pages"}],"about":[{"href":"http:\/\/www.dr-staedtler.de\/sofort-kredit\/wp-json\/wp\/v2\/types\/page"}],"author":[{"embeddable":true,"href":"http:\/\/www.dr-staedtler.de\/sofort-kredit\/wp-json\/wp\/v2\/users\/2"}],"replies":[{"embeddable":true,"href":"http:\/\/www.dr-staedtler.de\/sofort-kredit\/wp-json\/wp\/v2\/comments?post=620"}],"version-history":[{"count":2,"href":"http:\/\/www.dr-staedtler.de\/sofort-kredit\/wp-json\/wp\/v2\/pages\/620\/revisions"}],"predecessor-version":[{"id":2494,"href":"http:\/\/www.dr-staedtler.de\/sofort-kredit\/wp-json\/wp\/v2\/pages\/620\/revisions\/2494"}],"up":[{"embeddable":true,"href":"http:\/\/www.dr-staedtler.de\/sofort-kredit\/wp-json\/wp\/v2\/pages\/604"}],"wp:attachment":[{"href":"http:\/\/www.dr-staedtler.de\/sofort-kredit\/wp-json\/wp\/v2\/media?parent=620"}],"curies":[{"name":"wp","href":"https:\/\/api.w.org\/{rel}","templated":true}]}}