{"id":617,"date":"2011-11-24T15:34:20","date_gmt":"2011-11-24T13:34:20","guid":{"rendered":"http:\/\/www.sofort-kredit.net\/?page_id=617"},"modified":"2017-03-25T21:19:29","modified_gmt":"2017-03-25T19:19:29","slug":"beeinflusst-ein-sofortkredit-meine-bonitat","status":"publish","type":"page","link":"http:\/\/www.dr-staedtler.de\/sofort-kredit\/fragen\/beeinflusst-ein-sofortkredit-meine-bonitat","title":{"rendered":"Beeinflusst ein Sofortkredit meine Bonit\u00e4t?"},"content":{"rendered":"<p><img loading=\"lazy\" decoding=\"async\" class=\"alignleft size-medium wp-image-648\" style=\"margin-right: 10px; margin-bottom: 8px;\" title=\"H\u00e4ufig gestellte Fragen\" src=\"http:\/\/www.dr-staedtler.de\/sofort-kredit\/wp-content\/uploads\/2011\/11\/fragen-275x300.jpg\" alt=\"H\u00e4ufig gestellte Fragen\" width=\"165\" height=\"180\" srcset=\"http:\/\/www.dr-staedtler.de\/sofort-kredit\/wp-content\/uploads\/2011\/11\/fragen-275x300.jpg 275w, http:\/\/www.dr-staedtler.de\/sofort-kredit\/wp-content\/uploads\/2011\/11\/fragen.jpg 332w\" sizes=\"auto, (max-width: 165px) 100vw, 165px\" \/>Ein neu aufgenommener Kredit bedeutet grunds\u00e4tzlich eine <strong>zus\u00e4tzliche finanzielle Belastung<\/strong> durch eine Kreditrate. Der vorhandene Einkommens\u00fcberschuss wird dadurch geringer (oder gar negativ) und kann somit zu einer Verschlechterung der Bonit\u00e4t f\u00fchren.<\/p>\n<p>Ein Sofortkredit wird zudem in den meisten F\u00e4llen an die <a href=\"http:\/\/www.dr-staedtler.de\/sofort-kredit\/sofort-kredit-ohne-schufa\">Schufa<\/a> \u00fcbermittelt und wird dort gespeichert. Wenn viele Kredite gleichzeitig bestehen, kann dies zu einem <strong>schlechteren Scorewert bei der Schufa<\/strong> f\u00fchren. Banken sehen es nicht gern, wenn viele Kredite bestehen.<\/p>\n<p>Zur\u00fcck zu den <a href=\"http:\/\/www.dr-staedtler.de\/sofort-kredit\/fragen\">H\u00e4ufig gestellten Fragen<\/a><\/p>\n","protected":false},"excerpt":{"rendered":"<p>Ein neu aufgenommener Kredit bedeutet grunds\u00e4tzlich eine zus\u00e4tzliche finanzielle Belastung durch eine Kreditrate. Der vorhandene Einkommens\u00fcberschuss wird dadurch geringer (oder gar negativ) und kann somit zu einer Verschlechterung der Bonit\u00e4t f\u00fchren. Ein Sofortkredit wird zudem in den meisten F\u00e4llen an die Schufa \u00fcbermittelt und wird dort gespeichert. Wenn viele Kredite gleichzeitig bestehen, kann dies zu [&hellip;]<\/p>\n","protected":false},"author":2,"featured_media":0,"parent":604,"menu_order":0,"comment_status":"closed","ping_status":"open","template":"templates\/sidebar-right.php","meta":{"footnotes":""},"class_list":["post-617","page","type-page","status-publish","hentry"],"yoast_head":"<!-- This site is optimized with the Yoast SEO plugin v24.6 - https:\/\/yoast.com\/wordpress\/plugins\/seo\/ -->\n<title>Beeinflusst ein Sofortkredit meine Bonit\u00e4t?<\/title>\n<meta name=\"robots\" content=\"index, follow, max-snippet:-1, max-image-preview:large, max-video-preview:-1\" \/>\n<link rel=\"canonical\" href=\"https:\/\/www.dr-staedtler.de\/sofort-kredit\/fragen\/beeinflusst-ein-sofortkredit-meine-bonitat\" \/>\n<meta property=\"og:locale\" content=\"de_DE\" \/>\n<meta property=\"og:type\" content=\"article\" \/>\n<meta property=\"og:title\" content=\"Beeinflusst ein Sofortkredit meine Bonit\u00e4t?\" \/>\n<meta property=\"og:description\" content=\"Ein neu aufgenommener Kredit bedeutet grunds\u00e4tzlich eine zus\u00e4tzliche finanzielle Belastung durch eine Kreditrate. Der vorhandene Einkommens\u00fcberschuss wird dadurch geringer (oder gar negativ) und kann somit zu einer Verschlechterung der Bonit\u00e4t f\u00fchren. Ein Sofortkredit wird zudem in den meisten F\u00e4llen an die Schufa \u00fcbermittelt und wird dort gespeichert. Wenn viele Kredite gleichzeitig bestehen, kann dies zu [&hellip;]\" \/>\n<meta property=\"og:url\" content=\"https:\/\/www.dr-staedtler.de\/sofort-kredit\/fragen\/beeinflusst-ein-sofortkredit-meine-bonitat\" \/>\n<meta property=\"og:site_name\" content=\"Sofortkredit\" \/>\n<meta property=\"article:modified_time\" content=\"2017-03-25T19:19:29+00:00\" \/>\n<meta property=\"og:image\" content=\"http:\/\/www.dr-staedtler.de\/sofort-kredit\/wp-content\/uploads\/2011\/11\/fragen-275x300.jpg\" \/>\n<meta name=\"twitter:card\" content=\"summary_large_image\" \/>\n<script type=\"application\/ld+json\" class=\"yoast-schema-graph\">{\"@context\":\"https:\/\/schema.org\",\"@graph\":[{\"@type\":\"WebPage\",\"@id\":\"https:\/\/www.dr-staedtler.de\/sofort-kredit\/fragen\/beeinflusst-ein-sofortkredit-meine-bonitat\",\"url\":\"https:\/\/www.dr-staedtler.de\/sofort-kredit\/fragen\/beeinflusst-ein-sofortkredit-meine-bonitat\",\"name\":\"Beeinflusst ein Sofortkredit meine Bonit\u00e4t?\",\"isPartOf\":{\"@id\":\"http:\/\/www.dr-staedtler.de\/sofort-kredit\/#website\"},\"primaryImageOfPage\":{\"@id\":\"https:\/\/www.dr-staedtler.de\/sofort-kredit\/fragen\/beeinflusst-ein-sofortkredit-meine-bonitat#primaryimage\"},\"image\":{\"@id\":\"https:\/\/www.dr-staedtler.de\/sofort-kredit\/fragen\/beeinflusst-ein-sofortkredit-meine-bonitat#primaryimage\"},\"thumbnailUrl\":\"http:\/\/www.dr-staedtler.de\/sofort-kredit\/wp-content\/uploads\/2011\/11\/fragen-275x300.jpg\",\"datePublished\":\"2011-11-24T13:34:20+00:00\",\"dateModified\":\"2017-03-25T19:19:29+00:00\",\"breadcrumb\":{\"@id\":\"https:\/\/www.dr-staedtler.de\/sofort-kredit\/fragen\/beeinflusst-ein-sofortkredit-meine-bonitat#breadcrumb\"},\"inLanguage\":\"de\",\"potentialAction\":[{\"@type\":\"ReadAction\",\"target\":[\"https:\/\/www.dr-staedtler.de\/sofort-kredit\/fragen\/beeinflusst-ein-sofortkredit-meine-bonitat\"]}]},{\"@type\":\"ImageObject\",\"inLanguage\":\"de\",\"@id\":\"https:\/\/www.dr-staedtler.de\/sofort-kredit\/fragen\/beeinflusst-ein-sofortkredit-meine-bonitat#primaryimage\",\"url\":\"http:\/\/www.dr-staedtler.de\/sofort-kredit\/wp-content\/uploads\/2011\/11\/fragen.jpg\",\"contentUrl\":\"http:\/\/www.dr-staedtler.de\/sofort-kredit\/wp-content\/uploads\/2011\/11\/fragen.jpg\",\"width\":\"332\",\"height\":\"361\",\"caption\":\"H\u00e4ufig gestellte Fragen\"},{\"@type\":\"BreadcrumbList\",\"@id\":\"https:\/\/www.dr-staedtler.de\/sofort-kredit\/fragen\/beeinflusst-ein-sofortkredit-meine-bonitat#breadcrumb\",\"itemListElement\":[{\"@type\":\"ListItem\",\"position\":1,\"name\":\"Home\",\"item\":\"https:\/\/www.dr-staedtler.de\/sofort-kredit\/\"},{\"@type\":\"ListItem\",\"position\":2,\"name\":\"H\u00e4ufig gestellte Fragen\",\"item\":\"https:\/\/www.dr-staedtler.de\/sofort-kredit\/fragen\"},{\"@type\":\"ListItem\",\"position\":3,\"name\":\"Beeinflusst ein Sofortkredit meine Bonit\u00e4t?\"}]},{\"@type\":\"WebSite\",\"@id\":\"http:\/\/www.dr-staedtler.de\/sofort-kredit\/#website\",\"url\":\"http:\/\/www.dr-staedtler.de\/sofort-kredit\/\",\"name\":\"Sofortkredit\",\"description\":\"Der Sofortkredit im unabh\u00e4ngigen Vergleich\",\"potentialAction\":[{\"@type\":\"SearchAction\",\"target\":{\"@type\":\"EntryPoint\",\"urlTemplate\":\"http:\/\/www.dr-staedtler.de\/sofort-kredit\/?s={search_term_string}\"},\"query-input\":{\"@type\":\"PropertyValueSpecification\",\"valueRequired\":true,\"valueName\":\"search_term_string\"}}],\"inLanguage\":\"de\"}]}<\/script>\n<!-- \/ Yoast SEO plugin. -->","yoast_head_json":{"title":"Beeinflusst ein Sofortkredit meine Bonit\u00e4t?","robots":{"index":"index","follow":"follow","max-snippet":"max-snippet:-1","max-image-preview":"max-image-preview:large","max-video-preview":"max-video-preview:-1"},"canonical":"https:\/\/www.dr-staedtler.de\/sofort-kredit\/fragen\/beeinflusst-ein-sofortkredit-meine-bonitat","og_locale":"de_DE","og_type":"article","og_title":"Beeinflusst ein Sofortkredit meine Bonit\u00e4t?","og_description":"Ein neu aufgenommener Kredit bedeutet grunds\u00e4tzlich eine zus\u00e4tzliche finanzielle Belastung durch eine Kreditrate. Der vorhandene Einkommens\u00fcberschuss wird dadurch geringer (oder gar negativ) und kann somit zu einer Verschlechterung der Bonit\u00e4t f\u00fchren. Ein Sofortkredit wird zudem in den meisten F\u00e4llen an die Schufa \u00fcbermittelt und wird dort gespeichert. Wenn viele Kredite gleichzeitig bestehen, kann dies zu [&hellip;]","og_url":"https:\/\/www.dr-staedtler.de\/sofort-kredit\/fragen\/beeinflusst-ein-sofortkredit-meine-bonitat","og_site_name":"Sofortkredit","article_modified_time":"2017-03-25T19:19:29+00:00","og_image":[{"url":"http:\/\/www.dr-staedtler.de\/sofort-kredit\/wp-content\/uploads\/2011\/11\/fragen-275x300.jpg","type":"","width":"","height":""}],"twitter_card":"summary_large_image","schema":{"@context":"https:\/\/schema.org","@graph":[{"@type":"WebPage","@id":"https:\/\/www.dr-staedtler.de\/sofort-kredit\/fragen\/beeinflusst-ein-sofortkredit-meine-bonitat","url":"https:\/\/www.dr-staedtler.de\/sofort-kredit\/fragen\/beeinflusst-ein-sofortkredit-meine-bonitat","name":"Beeinflusst ein Sofortkredit meine Bonit\u00e4t?","isPartOf":{"@id":"http:\/\/www.dr-staedtler.de\/sofort-kredit\/#website"},"primaryImageOfPage":{"@id":"https:\/\/www.dr-staedtler.de\/sofort-kredit\/fragen\/beeinflusst-ein-sofortkredit-meine-bonitat#primaryimage"},"image":{"@id":"https:\/\/www.dr-staedtler.de\/sofort-kredit\/fragen\/beeinflusst-ein-sofortkredit-meine-bonitat#primaryimage"},"thumbnailUrl":"http:\/\/www.dr-staedtler.de\/sofort-kredit\/wp-content\/uploads\/2011\/11\/fragen-275x300.jpg","datePublished":"2011-11-24T13:34:20+00:00","dateModified":"2017-03-25T19:19:29+00:00","breadcrumb":{"@id":"https:\/\/www.dr-staedtler.de\/sofort-kredit\/fragen\/beeinflusst-ein-sofortkredit-meine-bonitat#breadcrumb"},"inLanguage":"de","potentialAction":[{"@type":"ReadAction","target":["https:\/\/www.dr-staedtler.de\/sofort-kredit\/fragen\/beeinflusst-ein-sofortkredit-meine-bonitat"]}]},{"@type":"ImageObject","inLanguage":"de","@id":"https:\/\/www.dr-staedtler.de\/sofort-kredit\/fragen\/beeinflusst-ein-sofortkredit-meine-bonitat#primaryimage","url":"http:\/\/www.dr-staedtler.de\/sofort-kredit\/wp-content\/uploads\/2011\/11\/fragen.jpg","contentUrl":"http:\/\/www.dr-staedtler.de\/sofort-kredit\/wp-content\/uploads\/2011\/11\/fragen.jpg","width":"332","height":"361","caption":"H\u00e4ufig gestellte Fragen"},{"@type":"BreadcrumbList","@id":"https:\/\/www.dr-staedtler.de\/sofort-kredit\/fragen\/beeinflusst-ein-sofortkredit-meine-bonitat#breadcrumb","itemListElement":[{"@type":"ListItem","position":1,"name":"Home","item":"https:\/\/www.dr-staedtler.de\/sofort-kredit\/"},{"@type":"ListItem","position":2,"name":"H\u00e4ufig gestellte Fragen","item":"https:\/\/www.dr-staedtler.de\/sofort-kredit\/fragen"},{"@type":"ListItem","position":3,"name":"Beeinflusst ein Sofortkredit meine Bonit\u00e4t?"}]},{"@type":"WebSite","@id":"http:\/\/www.dr-staedtler.de\/sofort-kredit\/#website","url":"http:\/\/www.dr-staedtler.de\/sofort-kredit\/","name":"Sofortkredit","description":"Der Sofortkredit im unabh\u00e4ngigen Vergleich","potentialAction":[{"@type":"SearchAction","target":{"@type":"EntryPoint","urlTemplate":"http:\/\/www.dr-staedtler.de\/sofort-kredit\/?s={search_term_string}"},"query-input":{"@type":"PropertyValueSpecification","valueRequired":true,"valueName":"search_term_string"}}],"inLanguage":"de"}]}},"_links":{"self":[{"href":"http:\/\/www.dr-staedtler.de\/sofort-kredit\/wp-json\/wp\/v2\/pages\/617","targetHints":{"allow":["GET"]}}],"collection":[{"href":"http:\/\/www.dr-staedtler.de\/sofort-kredit\/wp-json\/wp\/v2\/pages"}],"about":[{"href":"http:\/\/www.dr-staedtler.de\/sofort-kredit\/wp-json\/wp\/v2\/types\/page"}],"author":[{"embeddable":true,"href":"http:\/\/www.dr-staedtler.de\/sofort-kredit\/wp-json\/wp\/v2\/users\/2"}],"replies":[{"embeddable":true,"href":"http:\/\/www.dr-staedtler.de\/sofort-kredit\/wp-json\/wp\/v2\/comments?post=617"}],"version-history":[{"count":1,"href":"http:\/\/www.dr-staedtler.de\/sofort-kredit\/wp-json\/wp\/v2\/pages\/617\/revisions"}],"predecessor-version":[{"id":2148,"href":"http:\/\/www.dr-staedtler.de\/sofort-kredit\/wp-json\/wp\/v2\/pages\/617\/revisions\/2148"}],"up":[{"embeddable":true,"href":"http:\/\/www.dr-staedtler.de\/sofort-kredit\/wp-json\/wp\/v2\/pages\/604"}],"wp:attachment":[{"href":"http:\/\/www.dr-staedtler.de\/sofort-kredit\/wp-json\/wp\/v2\/media?parent=617"}],"curies":[{"name":"wp","href":"https:\/\/api.w.org\/{rel}","templated":true}]}}