{"id":609,"date":"2011-11-24T15:13:50","date_gmt":"2011-11-24T13:13:50","guid":{"rendered":"http:\/\/www.sofort-kredit.net\/?page_id=609"},"modified":"2017-03-25T21:21:25","modified_gmt":"2017-03-25T19:21:25","slug":"wie-schnell-wird-der-sofortkredit-ausbezahlt","status":"publish","type":"page","link":"http:\/\/www.dr-staedtler.de\/sofort-kredit\/fragen\/wie-schnell-wird-der-sofortkredit-ausbezahlt","title":{"rendered":"Wie schnell wird der Sofortkredit ausbezahlt?"},"content":{"rendered":"<p><img loading=\"lazy\" decoding=\"async\" class=\"alignleft size-medium wp-image-648\" style=\"margin-right: 10px; margin-bottom: 8px;\" title=\"H\u00e4ufig gestellte Fragen\" src=\"http:\/\/www.dr-staedtler.de\/sofort-kredit\/wp-content\/uploads\/2011\/11\/fragen-275x300.jpg\" alt=\"H\u00e4ufig gestellte Fragen\" width=\"165\" height=\"180\" srcset=\"http:\/\/www.dr-staedtler.de\/sofort-kredit\/wp-content\/uploads\/2011\/11\/fragen-275x300.jpg 275w, http:\/\/www.dr-staedtler.de\/sofort-kredit\/wp-content\/uploads\/2011\/11\/fragen.jpg 332w\" sizes=\"auto, (max-width: 165px) 100vw, 165px\" \/>Der <a href=\"http:\/\/www.dr-staedtler.de\/sofort-kredit\/\">Sofortkredit<\/a> wird in der Regel bereits <strong>zwei bis drei Bankarbeitstage nach der Kreditzusage<\/strong> ausbezahlt. Der vereinbarte Kreditbetrag wird auf dem angegebenen Konto gutgeschrieben. Bei einigen Banken werden auch Blitz\u00fcberweisungen angeboten: Dann ist der Kreditbetrag noch an gleichen Tag auf dem Konto, an dem die Bank die \u00dcberweisung t\u00e4tigt.<\/p>\n<p>Die Auszahlung des Sofortkredits l\u00e4sst sich beschleunigen, indem die Beantragung des Kredits online vorgenommen und die erforderlichen Unterlagen direkt bei der Bank abgegeben werden. Dies ist m\u00f6glich, sofern die Bank \u00fcber ein entsprechendes Filialnetz verf\u00fcgt.<\/p>\n<p>Zur\u00fcck zu den <a href=\"http:\/\/www.dr-staedtler.de\/sofort-kredit\/fragen\">H\u00e4ufig gestellten Fragen<\/a><\/p>\n","protected":false},"excerpt":{"rendered":"<p>Der Sofortkredit wird in der Regel bereits zwei bis drei Bankarbeitstage nach der Kreditzusage ausbezahlt. Der vereinbarte Kreditbetrag wird auf dem angegebenen Konto gutgeschrieben. Bei einigen Banken werden auch Blitz\u00fcberweisungen angeboten: Dann ist der Kreditbetrag noch an gleichen Tag auf dem Konto, an dem die Bank die \u00dcberweisung t\u00e4tigt. Die Auszahlung des Sofortkredits l\u00e4sst sich [&hellip;]<\/p>\n","protected":false},"author":2,"featured_media":0,"parent":604,"menu_order":0,"comment_status":"closed","ping_status":"open","template":"templates\/sidebar-right.php","meta":{"footnotes":""},"class_list":["post-609","page","type-page","status-publish","hentry"],"yoast_head":"<!-- This site is optimized with the Yoast SEO plugin v24.6 - https:\/\/yoast.com\/wordpress\/plugins\/seo\/ -->\n<title>Wie schnell wird der Sofortkredit ausbezahlt?<\/title>\n<meta name=\"robots\" content=\"index, follow, max-snippet:-1, max-image-preview:large, max-video-preview:-1\" \/>\n<link rel=\"canonical\" href=\"https:\/\/www.dr-staedtler.de\/sofort-kredit\/fragen\/wie-schnell-wird-der-sofortkredit-ausbezahlt\" \/>\n<meta property=\"og:locale\" content=\"de_DE\" \/>\n<meta property=\"og:type\" content=\"article\" \/>\n<meta property=\"og:title\" content=\"Wie schnell wird der Sofortkredit ausbezahlt?\" \/>\n<meta property=\"og:description\" content=\"Der Sofortkredit wird in der Regel bereits zwei bis drei Bankarbeitstage nach der Kreditzusage ausbezahlt. Der vereinbarte Kreditbetrag wird auf dem angegebenen Konto gutgeschrieben. Bei einigen Banken werden auch Blitz\u00fcberweisungen angeboten: Dann ist der Kreditbetrag noch an gleichen Tag auf dem Konto, an dem die Bank die \u00dcberweisung t\u00e4tigt. Die Auszahlung des Sofortkredits l\u00e4sst sich [&hellip;]\" \/>\n<meta property=\"og:url\" content=\"https:\/\/www.dr-staedtler.de\/sofort-kredit\/fragen\/wie-schnell-wird-der-sofortkredit-ausbezahlt\" \/>\n<meta property=\"og:site_name\" content=\"Sofortkredit\" \/>\n<meta property=\"article:modified_time\" content=\"2017-03-25T19:21:25+00:00\" \/>\n<meta property=\"og:image\" content=\"http:\/\/www.dr-staedtler.de\/sofort-kredit\/wp-content\/uploads\/2011\/11\/fragen-275x300.jpg\" \/>\n<meta name=\"twitter:card\" content=\"summary_large_image\" \/>\n<script type=\"application\/ld+json\" class=\"yoast-schema-graph\">{\"@context\":\"https:\/\/schema.org\",\"@graph\":[{\"@type\":\"WebPage\",\"@id\":\"https:\/\/www.dr-staedtler.de\/sofort-kredit\/fragen\/wie-schnell-wird-der-sofortkredit-ausbezahlt\",\"url\":\"https:\/\/www.dr-staedtler.de\/sofort-kredit\/fragen\/wie-schnell-wird-der-sofortkredit-ausbezahlt\",\"name\":\"Wie schnell wird der Sofortkredit ausbezahlt?\",\"isPartOf\":{\"@id\":\"http:\/\/www.dr-staedtler.de\/sofort-kredit\/#website\"},\"primaryImageOfPage\":{\"@id\":\"https:\/\/www.dr-staedtler.de\/sofort-kredit\/fragen\/wie-schnell-wird-der-sofortkredit-ausbezahlt#primaryimage\"},\"image\":{\"@id\":\"https:\/\/www.dr-staedtler.de\/sofort-kredit\/fragen\/wie-schnell-wird-der-sofortkredit-ausbezahlt#primaryimage\"},\"thumbnailUrl\":\"http:\/\/www.dr-staedtler.de\/sofort-kredit\/wp-content\/uploads\/2011\/11\/fragen-275x300.jpg\",\"datePublished\":\"2011-11-24T13:13:50+00:00\",\"dateModified\":\"2017-03-25T19:21:25+00:00\",\"breadcrumb\":{\"@id\":\"https:\/\/www.dr-staedtler.de\/sofort-kredit\/fragen\/wie-schnell-wird-der-sofortkredit-ausbezahlt#breadcrumb\"},\"inLanguage\":\"de\",\"potentialAction\":[{\"@type\":\"ReadAction\",\"target\":[\"https:\/\/www.dr-staedtler.de\/sofort-kredit\/fragen\/wie-schnell-wird-der-sofortkredit-ausbezahlt\"]}]},{\"@type\":\"ImageObject\",\"inLanguage\":\"de\",\"@id\":\"https:\/\/www.dr-staedtler.de\/sofort-kredit\/fragen\/wie-schnell-wird-der-sofortkredit-ausbezahlt#primaryimage\",\"url\":\"http:\/\/www.dr-staedtler.de\/sofort-kredit\/wp-content\/uploads\/2011\/11\/fragen.jpg\",\"contentUrl\":\"http:\/\/www.dr-staedtler.de\/sofort-kredit\/wp-content\/uploads\/2011\/11\/fragen.jpg\",\"width\":\"332\",\"height\":\"361\",\"caption\":\"H\u00e4ufig gestellte Fragen\"},{\"@type\":\"BreadcrumbList\",\"@id\":\"https:\/\/www.dr-staedtler.de\/sofort-kredit\/fragen\/wie-schnell-wird-der-sofortkredit-ausbezahlt#breadcrumb\",\"itemListElement\":[{\"@type\":\"ListItem\",\"position\":1,\"name\":\"Home\",\"item\":\"https:\/\/www.dr-staedtler.de\/sofort-kredit\/\"},{\"@type\":\"ListItem\",\"position\":2,\"name\":\"H\u00e4ufig gestellte Fragen\",\"item\":\"https:\/\/www.dr-staedtler.de\/sofort-kredit\/fragen\"},{\"@type\":\"ListItem\",\"position\":3,\"name\":\"Wie schnell wird der Sofortkredit ausbezahlt?\"}]},{\"@type\":\"WebSite\",\"@id\":\"http:\/\/www.dr-staedtler.de\/sofort-kredit\/#website\",\"url\":\"http:\/\/www.dr-staedtler.de\/sofort-kredit\/\",\"name\":\"Sofortkredit\",\"description\":\"Der Sofortkredit im unabh\u00e4ngigen Vergleich\",\"potentialAction\":[{\"@type\":\"SearchAction\",\"target\":{\"@type\":\"EntryPoint\",\"urlTemplate\":\"http:\/\/www.dr-staedtler.de\/sofort-kredit\/?s={search_term_string}\"},\"query-input\":{\"@type\":\"PropertyValueSpecification\",\"valueRequired\":true,\"valueName\":\"search_term_string\"}}],\"inLanguage\":\"de\"}]}<\/script>\n<!-- \/ Yoast SEO plugin. -->","yoast_head_json":{"title":"Wie schnell wird der Sofortkredit ausbezahlt?","robots":{"index":"index","follow":"follow","max-snippet":"max-snippet:-1","max-image-preview":"max-image-preview:large","max-video-preview":"max-video-preview:-1"},"canonical":"https:\/\/www.dr-staedtler.de\/sofort-kredit\/fragen\/wie-schnell-wird-der-sofortkredit-ausbezahlt","og_locale":"de_DE","og_type":"article","og_title":"Wie schnell wird der Sofortkredit ausbezahlt?","og_description":"Der Sofortkredit wird in der Regel bereits zwei bis drei Bankarbeitstage nach der Kreditzusage ausbezahlt. Der vereinbarte Kreditbetrag wird auf dem angegebenen Konto gutgeschrieben. Bei einigen Banken werden auch Blitz\u00fcberweisungen angeboten: Dann ist der Kreditbetrag noch an gleichen Tag auf dem Konto, an dem die Bank die \u00dcberweisung t\u00e4tigt. Die Auszahlung des Sofortkredits l\u00e4sst sich [&hellip;]","og_url":"https:\/\/www.dr-staedtler.de\/sofort-kredit\/fragen\/wie-schnell-wird-der-sofortkredit-ausbezahlt","og_site_name":"Sofortkredit","article_modified_time":"2017-03-25T19:21:25+00:00","og_image":[{"url":"http:\/\/www.dr-staedtler.de\/sofort-kredit\/wp-content\/uploads\/2011\/11\/fragen-275x300.jpg","type":"","width":"","height":""}],"twitter_card":"summary_large_image","schema":{"@context":"https:\/\/schema.org","@graph":[{"@type":"WebPage","@id":"https:\/\/www.dr-staedtler.de\/sofort-kredit\/fragen\/wie-schnell-wird-der-sofortkredit-ausbezahlt","url":"https:\/\/www.dr-staedtler.de\/sofort-kredit\/fragen\/wie-schnell-wird-der-sofortkredit-ausbezahlt","name":"Wie schnell wird der Sofortkredit ausbezahlt?","isPartOf":{"@id":"http:\/\/www.dr-staedtler.de\/sofort-kredit\/#website"},"primaryImageOfPage":{"@id":"https:\/\/www.dr-staedtler.de\/sofort-kredit\/fragen\/wie-schnell-wird-der-sofortkredit-ausbezahlt#primaryimage"},"image":{"@id":"https:\/\/www.dr-staedtler.de\/sofort-kredit\/fragen\/wie-schnell-wird-der-sofortkredit-ausbezahlt#primaryimage"},"thumbnailUrl":"http:\/\/www.dr-staedtler.de\/sofort-kredit\/wp-content\/uploads\/2011\/11\/fragen-275x300.jpg","datePublished":"2011-11-24T13:13:50+00:00","dateModified":"2017-03-25T19:21:25+00:00","breadcrumb":{"@id":"https:\/\/www.dr-staedtler.de\/sofort-kredit\/fragen\/wie-schnell-wird-der-sofortkredit-ausbezahlt#breadcrumb"},"inLanguage":"de","potentialAction":[{"@type":"ReadAction","target":["https:\/\/www.dr-staedtler.de\/sofort-kredit\/fragen\/wie-schnell-wird-der-sofortkredit-ausbezahlt"]}]},{"@type":"ImageObject","inLanguage":"de","@id":"https:\/\/www.dr-staedtler.de\/sofort-kredit\/fragen\/wie-schnell-wird-der-sofortkredit-ausbezahlt#primaryimage","url":"http:\/\/www.dr-staedtler.de\/sofort-kredit\/wp-content\/uploads\/2011\/11\/fragen.jpg","contentUrl":"http:\/\/www.dr-staedtler.de\/sofort-kredit\/wp-content\/uploads\/2011\/11\/fragen.jpg","width":"332","height":"361","caption":"H\u00e4ufig gestellte Fragen"},{"@type":"BreadcrumbList","@id":"https:\/\/www.dr-staedtler.de\/sofort-kredit\/fragen\/wie-schnell-wird-der-sofortkredit-ausbezahlt#breadcrumb","itemListElement":[{"@type":"ListItem","position":1,"name":"Home","item":"https:\/\/www.dr-staedtler.de\/sofort-kredit\/"},{"@type":"ListItem","position":2,"name":"H\u00e4ufig gestellte Fragen","item":"https:\/\/www.dr-staedtler.de\/sofort-kredit\/fragen"},{"@type":"ListItem","position":3,"name":"Wie schnell wird der Sofortkredit ausbezahlt?"}]},{"@type":"WebSite","@id":"http:\/\/www.dr-staedtler.de\/sofort-kredit\/#website","url":"http:\/\/www.dr-staedtler.de\/sofort-kredit\/","name":"Sofortkredit","description":"Der Sofortkredit im unabh\u00e4ngigen Vergleich","potentialAction":[{"@type":"SearchAction","target":{"@type":"EntryPoint","urlTemplate":"http:\/\/www.dr-staedtler.de\/sofort-kredit\/?s={search_term_string}"},"query-input":{"@type":"PropertyValueSpecification","valueRequired":true,"valueName":"search_term_string"}}],"inLanguage":"de"}]}},"_links":{"self":[{"href":"http:\/\/www.dr-staedtler.de\/sofort-kredit\/wp-json\/wp\/v2\/pages\/609","targetHints":{"allow":["GET"]}}],"collection":[{"href":"http:\/\/www.dr-staedtler.de\/sofort-kredit\/wp-json\/wp\/v2\/pages"}],"about":[{"href":"http:\/\/www.dr-staedtler.de\/sofort-kredit\/wp-json\/wp\/v2\/types\/page"}],"author":[{"embeddable":true,"href":"http:\/\/www.dr-staedtler.de\/sofort-kredit\/wp-json\/wp\/v2\/users\/2"}],"replies":[{"embeddable":true,"href":"http:\/\/www.dr-staedtler.de\/sofort-kredit\/wp-json\/wp\/v2\/comments?post=609"}],"version-history":[{"count":2,"href":"http:\/\/www.dr-staedtler.de\/sofort-kredit\/wp-json\/wp\/v2\/pages\/609\/revisions"}],"predecessor-version":[{"id":2498,"href":"http:\/\/www.dr-staedtler.de\/sofort-kredit\/wp-json\/wp\/v2\/pages\/609\/revisions\/2498"}],"up":[{"embeddable":true,"href":"http:\/\/www.dr-staedtler.de\/sofort-kredit\/wp-json\/wp\/v2\/pages\/604"}],"wp:attachment":[{"href":"http:\/\/www.dr-staedtler.de\/sofort-kredit\/wp-json\/wp\/v2\/media?parent=609"}],"curies":[{"name":"wp","href":"https:\/\/api.w.org\/{rel}","templated":true}]}}