{"id":604,"date":"2011-11-24T15:12:21","date_gmt":"2011-11-24T13:12:21","guid":{"rendered":"http:\/\/www.sofort-kredit.net\/?page_id=604"},"modified":"2017-03-25T21:22:23","modified_gmt":"2017-03-25T19:22:23","slug":"fragen","status":"publish","type":"page","link":"http:\/\/www.dr-staedtler.de\/sofort-kredit\/fragen","title":{"rendered":"H\u00e4ufig gestellte Fragen"},"content":{"rendered":"<p>Beim Sofortkredit gibt es viele offene Fragen die wir von <a href=\"http:\/\/www.dr-staedtler.de\/sofort-kredit\/\">Sofort-Kredit.net<\/a> gerne f\u00fcr Sie beantworten:<\/p>\n<ul>\n<li><a href=\"http:\/\/www.dr-staedtler.de\/sofort-kredit\/fragen\/online-oder-offline-banking\">Online- oder Offline-Banking?<\/a><\/li>\n<li><a href=\"http:\/\/www.dr-staedtler.de\/sofort-kredit\/fragen\/wie-schnell-wird-der-sofortkredit-ausbezahlt\">Wie schnell wird der Sofortkredit ausbezahlt?<\/a><\/li>\n<li><a href=\"http:\/\/www.dr-staedtler.de\/sofort-kredit\/fragen\/beeinflusst-ein-sofortkredit-meine-bonitat\">Beeinflusst ein Sofortkredit meine Bonit\u00e4t?<\/a><\/li>\n<li><a href=\"http:\/\/www.dr-staedtler.de\/sofort-kredit\/fragen\/ist-ein-sofortkredit-besser-als-der-dispokredit\">Ist ein Sofortkredit besser als der Dispokredit?<\/a><\/li>\n<li><a href=\"http:\/\/www.dr-staedtler.de\/sofort-kredit\/fragen\/erhalte-ich-einen-sofortkredit-trotz-vorheriger-kreditablehnung\">Erhalte ich einen Sofortkredit trotz vorheriger Kreditablehnung?<\/a><\/li>\n<li><a href=\"http:\/\/www.dr-staedtler.de\/sofort-kredit\/fragen\/erhalte-ich-als-freiberufler-selbststandiger-einen-sofortkredit\">Erhalte ich als Freiberufler \/ Selbstst\u00e4ndiger einen Sofortkredit?<\/a><\/li>\n<li><a href=\"http:\/\/www.dr-staedtler.de\/sofort-kredit\/fragen\/welche-summen-kann-ich-als-sofortkredit-erhalten\">Welche Summen kann ich als Sofortkredit erhalten?<\/a><\/li>\n<li><a href=\"http:\/\/www.dr-staedtler.de\/sofort-kredit\/fragen\/wovon-hangen-die-sofortkredit-zinsen-ab\">Wovon h\u00e4ngen die Sofortkredit Zinsen ab?<\/a><\/li>\n<li><a href=\"http:\/\/www.dr-staedtler.de\/sofort-kredit\/fragen\/wer-kann-einen-sofortkredit-beantragen\">Wer kann einen Sofortkredit beantragen?<\/a><\/li>\n<li><a href=\"http:\/\/www.dr-staedtler.de\/sofort-kredit\/fragen\/wie-beantrage-ich-einen-sofortkredit\">Wie beantrage ich einen Sofortkredit?<\/a><\/li>\n<li><a href=\"http:\/\/www.dr-staedtler.de\/sofort-kredit\/fragen\/benotige-ich-eine-restschuldversicherung\">Ben\u00f6tige ich eine Restschuldversicherung?<\/a><\/li>\n<li><a href=\"http:\/\/www.dr-staedtler.de\/sofort-kredit\/fragen\/wie-wird-der-sofortkredit-ausbezahlt\">Wie wird der Sofortkredit ausbezahlt?<\/a><\/li>\n<\/ul>\n","protected":false},"excerpt":{"rendered":"<p>Beim Sofortkredit gibt es viele offene Fragen die wir von Sofort-Kredit.net gerne f\u00fcr Sie beantworten: Online- oder Offline-Banking? Wie schnell wird der Sofortkredit ausbezahlt? Beeinflusst ein Sofortkredit meine Bonit\u00e4t? Ist ein Sofortkredit besser als der Dispokredit? Erhalte ich einen Sofortkredit trotz vorheriger Kreditablehnung? Erhalte ich als Freiberufler \/ Selbstst\u00e4ndiger einen Sofortkredit? Welche Summen kann ich [&hellip;]<\/p>\n","protected":false},"author":2,"featured_media":0,"parent":0,"menu_order":6,"comment_status":"closed","ping_status":"open","template":"templates\/sidebar-right.php","meta":{"footnotes":""},"class_list":["post-604","page","type-page","status-publish","hentry"],"yoast_head":"<!-- This site is optimized with the Yoast SEO plugin v24.6 - https:\/\/yoast.com\/wordpress\/plugins\/seo\/ -->\n<title>H\u00e4ufig gestellte Fragen \u00fcber den Sofortkredit<\/title>\n<meta name=\"description\" content=\"Auf Sofort-Kredit.net erhalten Wissensbegierige Antworten zu h\u00e4ufig gestellten Fragen zum Thema Sofortkredit.\" \/>\n<meta name=\"robots\" content=\"index, follow, max-snippet:-1, max-image-preview:large, max-video-preview:-1\" \/>\n<link rel=\"canonical\" href=\"https:\/\/www.dr-staedtler.de\/sofort-kredit\/fragen\" \/>\n<meta property=\"og:locale\" content=\"de_DE\" \/>\n<meta property=\"og:type\" content=\"article\" \/>\n<meta property=\"og:title\" content=\"H\u00e4ufig gestellte Fragen \u00fcber den Sofortkredit\" \/>\n<meta property=\"og:description\" content=\"Auf Sofort-Kredit.net erhalten Wissensbegierige Antworten zu h\u00e4ufig gestellten Fragen zum Thema Sofortkredit.\" \/>\n<meta property=\"og:url\" content=\"https:\/\/www.dr-staedtler.de\/sofort-kredit\/fragen\" \/>\n<meta property=\"og:site_name\" content=\"Sofortkredit\" \/>\n<meta property=\"article:modified_time\" content=\"2017-03-25T19:22:23+00:00\" \/>\n<meta name=\"twitter:card\" content=\"summary_large_image\" \/>\n<script type=\"application\/ld+json\" class=\"yoast-schema-graph\">{\"@context\":\"https:\/\/schema.org\",\"@graph\":[{\"@type\":\"WebPage\",\"@id\":\"https:\/\/www.dr-staedtler.de\/sofort-kredit\/fragen\",\"url\":\"https:\/\/www.dr-staedtler.de\/sofort-kredit\/fragen\",\"name\":\"H\u00e4ufig gestellte Fragen \u00fcber den Sofortkredit\",\"isPartOf\":{\"@id\":\"http:\/\/www.dr-staedtler.de\/sofort-kredit\/#website\"},\"datePublished\":\"2011-11-24T13:12:21+00:00\",\"dateModified\":\"2017-03-25T19:22:23+00:00\",\"description\":\"Auf Sofort-Kredit.net erhalten Wissensbegierige Antworten zu h\u00e4ufig gestellten Fragen zum Thema Sofortkredit.\",\"breadcrumb\":{\"@id\":\"https:\/\/www.dr-staedtler.de\/sofort-kredit\/fragen#breadcrumb\"},\"inLanguage\":\"de\",\"potentialAction\":[{\"@type\":\"ReadAction\",\"target\":[\"https:\/\/www.dr-staedtler.de\/sofort-kredit\/fragen\"]}]},{\"@type\":\"BreadcrumbList\",\"@id\":\"https:\/\/www.dr-staedtler.de\/sofort-kredit\/fragen#breadcrumb\",\"itemListElement\":[{\"@type\":\"ListItem\",\"position\":1,\"name\":\"Home\",\"item\":\"https:\/\/www.dr-staedtler.de\/sofort-kredit\/\"},{\"@type\":\"ListItem\",\"position\":2,\"name\":\"H\u00e4ufig gestellte Fragen\"}]},{\"@type\":\"WebSite\",\"@id\":\"http:\/\/www.dr-staedtler.de\/sofort-kredit\/#website\",\"url\":\"http:\/\/www.dr-staedtler.de\/sofort-kredit\/\",\"name\":\"Sofortkredit\",\"description\":\"Der Sofortkredit im unabh\u00e4ngigen Vergleich\",\"potentialAction\":[{\"@type\":\"SearchAction\",\"target\":{\"@type\":\"EntryPoint\",\"urlTemplate\":\"http:\/\/www.dr-staedtler.de\/sofort-kredit\/?s={search_term_string}\"},\"query-input\":{\"@type\":\"PropertyValueSpecification\",\"valueRequired\":true,\"valueName\":\"search_term_string\"}}],\"inLanguage\":\"de\"}]}<\/script>\n<!-- \/ Yoast SEO plugin. -->","yoast_head_json":{"title":"H\u00e4ufig gestellte Fragen \u00fcber den Sofortkredit","description":"Auf Sofort-Kredit.net erhalten Wissensbegierige Antworten zu h\u00e4ufig gestellten Fragen zum Thema Sofortkredit.","robots":{"index":"index","follow":"follow","max-snippet":"max-snippet:-1","max-image-preview":"max-image-preview:large","max-video-preview":"max-video-preview:-1"},"canonical":"https:\/\/www.dr-staedtler.de\/sofort-kredit\/fragen","og_locale":"de_DE","og_type":"article","og_title":"H\u00e4ufig gestellte Fragen \u00fcber den Sofortkredit","og_description":"Auf Sofort-Kredit.net erhalten Wissensbegierige Antworten zu h\u00e4ufig gestellten Fragen zum Thema Sofortkredit.","og_url":"https:\/\/www.dr-staedtler.de\/sofort-kredit\/fragen","og_site_name":"Sofortkredit","article_modified_time":"2017-03-25T19:22:23+00:00","twitter_card":"summary_large_image","schema":{"@context":"https:\/\/schema.org","@graph":[{"@type":"WebPage","@id":"https:\/\/www.dr-staedtler.de\/sofort-kredit\/fragen","url":"https:\/\/www.dr-staedtler.de\/sofort-kredit\/fragen","name":"H\u00e4ufig gestellte Fragen \u00fcber den Sofortkredit","isPartOf":{"@id":"http:\/\/www.dr-staedtler.de\/sofort-kredit\/#website"},"datePublished":"2011-11-24T13:12:21+00:00","dateModified":"2017-03-25T19:22:23+00:00","description":"Auf Sofort-Kredit.net erhalten Wissensbegierige Antworten zu h\u00e4ufig gestellten Fragen zum Thema Sofortkredit.","breadcrumb":{"@id":"https:\/\/www.dr-staedtler.de\/sofort-kredit\/fragen#breadcrumb"},"inLanguage":"de","potentialAction":[{"@type":"ReadAction","target":["https:\/\/www.dr-staedtler.de\/sofort-kredit\/fragen"]}]},{"@type":"BreadcrumbList","@id":"https:\/\/www.dr-staedtler.de\/sofort-kredit\/fragen#breadcrumb","itemListElement":[{"@type":"ListItem","position":1,"name":"Home","item":"https:\/\/www.dr-staedtler.de\/sofort-kredit\/"},{"@type":"ListItem","position":2,"name":"H\u00e4ufig gestellte Fragen"}]},{"@type":"WebSite","@id":"http:\/\/www.dr-staedtler.de\/sofort-kredit\/#website","url":"http:\/\/www.dr-staedtler.de\/sofort-kredit\/","name":"Sofortkredit","description":"Der Sofortkredit im unabh\u00e4ngigen Vergleich","potentialAction":[{"@type":"SearchAction","target":{"@type":"EntryPoint","urlTemplate":"http:\/\/www.dr-staedtler.de\/sofort-kredit\/?s={search_term_string}"},"query-input":{"@type":"PropertyValueSpecification","valueRequired":true,"valueName":"search_term_string"}}],"inLanguage":"de"}]}},"_links":{"self":[{"href":"http:\/\/www.dr-staedtler.de\/sofort-kredit\/wp-json\/wp\/v2\/pages\/604","targetHints":{"allow":["GET"]}}],"collection":[{"href":"http:\/\/www.dr-staedtler.de\/sofort-kredit\/wp-json\/wp\/v2\/pages"}],"about":[{"href":"http:\/\/www.dr-staedtler.de\/sofort-kredit\/wp-json\/wp\/v2\/types\/page"}],"author":[{"embeddable":true,"href":"http:\/\/www.dr-staedtler.de\/sofort-kredit\/wp-json\/wp\/v2\/users\/2"}],"replies":[{"embeddable":true,"href":"http:\/\/www.dr-staedtler.de\/sofort-kredit\/wp-json\/wp\/v2\/comments?post=604"}],"version-history":[{"count":2,"href":"http:\/\/www.dr-staedtler.de\/sofort-kredit\/wp-json\/wp\/v2\/pages\/604\/revisions"}],"predecessor-version":[{"id":2501,"href":"http:\/\/www.dr-staedtler.de\/sofort-kredit\/wp-json\/wp\/v2\/pages\/604\/revisions\/2501"}],"wp:attachment":[{"href":"http:\/\/www.dr-staedtler.de\/sofort-kredit\/wp-json\/wp\/v2\/media?parent=604"}],"curies":[{"name":"wp","href":"https:\/\/api.w.org\/{rel}","templated":true}]}}