{"id":52,"date":"2010-06-22T15:05:07","date_gmt":"2010-06-22T13:05:07","guid":{"rendered":"http:\/\/www.sofort-kredit.net\/?page_id=52"},"modified":"2017-05-23T12:03:43","modified_gmt":"2017-05-23T10:03:43","slug":"sofortkredit-vergleich","status":"publish","type":"page","link":"http:\/\/www.dr-staedtler.de\/sofort-kredit\/sofortkredit-vergleich","title":{"rendered":"Sofortkredit Vergleich"},"content":{"rendered":"<p>Sofortkredite stehen in der Gunst der Verbraucher ganz oben auf der Liste, da sie zur Finanzierung notwendiger und w\u00fcnschenswerter Investitionen und Anschaffungen Verwendung finden k\u00f6nnen. Per Sofortkredit Vergleich haben Verbraucher die M\u00f6glichkeit Ordnung in das schier endlos erscheinende Feld der Kreditangebote zu bekommen. So zeigt ein <a href=\"http:\/\/www.dr-staedtler.de\/sofort-kredit\">Sofortkredit<\/a> Vergleich nicht nur die tagesaktuell g\u00fcnstigsten Angebote an, sondern dar\u00fcber hinaus bietet der Sofortkredit Vergleich die M\u00f6glichkeit, den jeweiligen Kredit direkt online, einfach und bequem, zu beantragen. Hierdurch kann bereits nach einer kurzen Bearbeitungszeit das Ergebnis einer entsprechenden Kreditentscheidung \u00fcbermittelt \u2013 einige Kreditinstitute f\u00fchren ihre Kreditentscheidung innerhalb weniger Sekunden durch \u2013 und mit einer Auszahlung auf das angegebene Girokonto gerechnet werden. Und wie sehr ein kostenloser und unverbindlicher Sofortkredit Vergleich den eigenen Geldbeutel schonen kann zeigt die Tatsache, dass bei einem gewissen Kreditvolumen bereits eine geringe Zinsdifferenz von einigen Basispunkten unter dem Strich viele Hundert Euros ausmachen kann.<\/p>\n<h2>Aktueller Sofortkredit Vergleich<\/h2>\n<p><script defer async data-affiliateid=\"9e1fdf7f\" data-placementid=\"783582278\" data-amount=\"5000\" data-category=\"888\" data-duration=\"48\" data-theme=\"grass\" src=\"https:\/\/www.smava.de\/pp\/smava-kreditvergleich\/main.js\"><\/script><\/p>\n<h2>Vorteile des Sofortkredit Vergleich<\/h2>\n<p>Ein per Sofortkredit Vergleich ausgemachtes Darlehen weist verschiedene Vorteile auf. So weisen die meisten Sofortkredite eine gewisse Flexibilit\u00e4t auf, wenn es um das anvisierte Volumen und den geplanten Zeitraum geht, \u00fcber den die R\u00fcckf\u00fchrung des per Sofortkredit Vergleich ausgemachten Kreditbetrages an das Kreditinstitut erfolgen soll. Die meisten Banken und Sparkassen statten ihre Sofortkredite mit einem m\u00f6glichen Volumen von meist mindestens 1.000 Euro bis maximal 50.000 Euro aus, wobei sich die maximale H\u00f6he des Kreditvolumens in erster Linie an der Bonit\u00e4t des Antragstellers orientiert. Einige Kreditinstitute bieten auch Sofortkredite ab 500 Euro bis 100.000 Euro an. Die Laufzeit eines Sofortkredites kann je nach Kreditinstitut 12 Monate bis etwa 84 Monate, in einigen F\u00e4llen sogar bis zu 120 Monate betragen.<\/p>\n<h3>Konstante, gleichbleibende Sofortkredit Vergleich Raten<\/h3>\n<p><img loading=\"lazy\" decoding=\"async\" class=\"alignright size-medium wp-image-308\" style=\"margin-left: 10px; margin-bottom: 8px; border: 1px solid grey;\" title=\"Vergleichen von Sofortkrediten im Internet, z.B. f\u00fcr das neue Auto\" src=\"http:\/\/www.dr-staedtler.de\/sofort-kredit\/wp-content\/uploads\/2010\/06\/vergleich-von-sofortkrediten-300x200.jpg\" alt=\"Vergleichen von Sofortkrediten im Internet, z.B. f\u00fcr das neue Auto\" width=\"300\" height=\"200\" srcset=\"http:\/\/www.dr-staedtler.de\/sofort-kredit\/wp-content\/uploads\/2010\/06\/vergleich-von-sofortkrediten-300x200.jpg 300w, http:\/\/www.dr-staedtler.de\/sofort-kredit\/wp-content\/uploads\/2010\/06\/vergleich-von-sofortkrediten.jpg 424w\" sizes=\"auto, (max-width: 300px) 100vw, 300px\" \/>Neben der Flexibilit\u00e4t weisen Sofortkredite und der entsprechende Sofortkredit Vergleich auch Vorteile in puncto Planbarkeit auf, da diese Art von Krediten in aller Regel als Annuit\u00e4tendarlehen vergeben werden. Bei einem solchen Darlehen erfolgt die R\u00fcckf\u00fchrung an den jeweiligen Kreditgeber in gleich hohen Raten, bei denen sich \u00fcber die Laufzeit die Gewichtung der beiden Komponenten Tilgung und <a href=\"http:\/\/www.dr-staedtler.de\/sofort-kredit\/kreditvergleich.php\">Zins ver\u00e4ndert<\/a>. W\u00e4hrend zu Beginn der Laufzeit die Raten fast komplett aus Zinsen bestehen verschiebt sich diese Aufteilung mit jeder geleisteten Rate zu Gunsten des Tilgungsanteils, so dass die letzten Raten fast ausschlie\u00dflich aus Tilgung bestehen. Dieser Umstand wird bei einem Sofortkredit Vergleich ber\u00fccksichtigt, so dass die Ergebnisse, die ein Kredite vergleichen liefert, automatisch die Raten anzeigt, die unter den gemachten Annahmen hinsichtlich Zinsh\u00f6he, Volumen und Laufzeit bis zum Laufzeitende zu leisten w\u00e4ren.<\/p>\n<h3>Weitere Vorteil beim Sofortkredit<\/h3>\n<p>Ein weiterer Vorteil von einem Sofortkredit Vergleich: Bestimmte Kreditnehmer sind darauf bedacht einen Kredit ohne Schufa zu erhalten. Auch hier kann eine Sofortkredit Vergleich Abhilfe schaffen, da ein Sofortkredit Vergleich auch solche Anbieter identifizieren kann, die unter anderem auch die Vergabe von Krediten ohne Schufa anbieten. Hierbei handelt es sich meist um Banken mit Sitz in der Schweiz, die ihre Ratings ohne Zugriff auf die Schufa ermitteln und im Gegenzug auf die Meldung einer Kreditvergabe verzichten.<\/p>\n<h3>Sofortkredit Antrag und weitere Informationen<\/h3>\n<p>Die genauen Ausgestaltungsm\u00f6glichkeiten (Volumen, Laufzeit und H\u00f6he des effektiven Jahreszinses) der per Sofortkredit Vergleich ausgemachten Kredite h\u00e4ngen von vielen individuellen Faktoren ab. Aus diesem Grund kann ein Sofortkredit Vergleich auch nicht immer verbindliche Ergebnisse liefern, da ein Sofortkredit Vergleich nicht alle individuellen Parameter, die sich schlussendlich auf die tats\u00e4chliche H\u00f6he des effektiven Jahreszinses auswirken, schon aus datenschutzrechtlichen Gr\u00fcnden ber\u00fccksichtigen kann.<\/p>\n<h4>Privatkredit \u00e4hnliche wie Sofortkredit<\/h4>\n<p>Suchen Sie einen Sofortkredit, dann kommt eventuell auch ein Privatkredit f\u00fcr Sie in Frage. Der Privatkredit wird von Privatleuten an Sie vergeben und gewinnt immer mehr an Beliebtheit.<\/p>\n<h5>Kreditangebote nicht nur vergleichen, sondern auch berechnen<\/h5>\n<p>Aber wie oben schon erw\u00e4hnt kann man nicht nur Sofortkredite vergleichen, sondern auch errechnen. Vom Kern her bedeutet das zwar alles dasselbe, aber einen Kreditrechner online zu nutzen ist wesentlich einfacher, da er alle Angebote der Direktbanken in einen Vergleich zieht und wenn man alles zuhause auf dem Papier selbst errechnen will, dann ist es umst\u00e4ndlich und schwer.<\/p>\n<p>Weiterf\u00fchrende Informationen:<\/p>\n<ul>\n<li><a href=\"http:\/\/www.privatdarlehen.net\/\">http:\/\/www.privatdarlehen.net\/<\/a><\/li>\n<li><a href=\"http:\/\/www.kreditangebote.com\/\">http:\/\/www.kreditangebote.com\/<\/a><\/li>\n<li><a href=\"http:\/\/www.kreditrechner.com\/\">http:\/\/www.kreditrechner.com\/<\/a><\/li>\n<\/ul>\n","protected":false},"excerpt":{"rendered":"<p>Sofortkredite stehen in der Gunst der Verbraucher ganz oben auf der Liste, da sie zur Finanzierung notwendiger und w\u00fcnschenswerter Investitionen und Anschaffungen Verwendung finden k\u00f6nnen. Per Sofortkredit Vergleich haben Verbraucher die M\u00f6glichkeit Ordnung in das schier endlos erscheinende Feld der Kreditangebote zu bekommen. So zeigt ein Sofortkredit Vergleich nicht nur die tagesaktuell g\u00fcnstigsten Angebote an, [&hellip;]<\/p>\n","protected":false},"author":2,"featured_media":0,"parent":0,"menu_order":0,"comment_status":"closed","ping_status":"open","template":"templates\/sidebar-right.php","meta":{"footnotes":""},"class_list":["post-52","page","type-page","status-publish","hentry"],"yoast_head":"<!-- This site is optimized with the Yoast SEO plugin v24.6 - https:\/\/yoast.com\/wordpress\/plugins\/seo\/ -->\n<title>Sofortkredit Vergleich - Sofortkredit<\/title>\n<meta name=\"robots\" content=\"index, follow, max-snippet:-1, max-image-preview:large, max-video-preview:-1\" \/>\n<link rel=\"canonical\" href=\"https:\/\/www.dr-staedtler.de\/sofort-kredit\/sofortkredit-vergleich\" \/>\n<meta property=\"og:locale\" content=\"de_DE\" \/>\n<meta property=\"og:type\" content=\"article\" \/>\n<meta property=\"og:title\" content=\"Sofortkredit Vergleich - Sofortkredit\" \/>\n<meta property=\"og:description\" content=\"Sofortkredite stehen in der Gunst der Verbraucher ganz oben auf der Liste, da sie zur Finanzierung notwendiger und w\u00fcnschenswerter Investitionen und Anschaffungen Verwendung finden k\u00f6nnen. Per Sofortkredit Vergleich haben Verbraucher die M\u00f6glichkeit Ordnung in das schier endlos erscheinende Feld der Kreditangebote zu bekommen. So zeigt ein Sofortkredit Vergleich nicht nur die tagesaktuell g\u00fcnstigsten Angebote an, [&hellip;]\" \/>\n<meta property=\"og:url\" content=\"https:\/\/www.dr-staedtler.de\/sofort-kredit\/sofortkredit-vergleich\" \/>\n<meta property=\"og:site_name\" content=\"Sofortkredit\" \/>\n<meta property=\"article:modified_time\" content=\"2017-05-23T10:03:43+00:00\" \/>\n<meta property=\"og:image\" content=\"http:\/\/www.dr-staedtler.de\/sofort-kredit\/wp-content\/uploads\/2010\/06\/vergleich-von-sofortkrediten-300x200.jpg\" \/>\n<meta name=\"twitter:card\" content=\"summary_large_image\" \/>\n<meta name=\"twitter:label1\" content=\"Gesch\u00e4tzte Lesezeit\" \/>\n\t<meta name=\"twitter:data1\" content=\"3\u00a0Minuten\" \/>\n<script type=\"application\/ld+json\" class=\"yoast-schema-graph\">{\"@context\":\"https:\/\/schema.org\",\"@graph\":[{\"@type\":\"WebPage\",\"@id\":\"https:\/\/www.dr-staedtler.de\/sofort-kredit\/sofortkredit-vergleich\",\"url\":\"https:\/\/www.dr-staedtler.de\/sofort-kredit\/sofortkredit-vergleich\",\"name\":\"Sofortkredit Vergleich - Sofortkredit\",\"isPartOf\":{\"@id\":\"http:\/\/www.dr-staedtler.de\/sofort-kredit\/#website\"},\"primaryImageOfPage\":{\"@id\":\"https:\/\/www.dr-staedtler.de\/sofort-kredit\/sofortkredit-vergleich#primaryimage\"},\"image\":{\"@id\":\"https:\/\/www.dr-staedtler.de\/sofort-kredit\/sofortkredit-vergleich#primaryimage\"},\"thumbnailUrl\":\"http:\/\/www.dr-staedtler.de\/sofort-kredit\/wp-content\/uploads\/2010\/06\/vergleich-von-sofortkrediten-300x200.jpg\",\"datePublished\":\"2010-06-22T13:05:07+00:00\",\"dateModified\":\"2017-05-23T10:03:43+00:00\",\"breadcrumb\":{\"@id\":\"https:\/\/www.dr-staedtler.de\/sofort-kredit\/sofortkredit-vergleich#breadcrumb\"},\"inLanguage\":\"de\",\"potentialAction\":[{\"@type\":\"ReadAction\",\"target\":[\"https:\/\/www.dr-staedtler.de\/sofort-kredit\/sofortkredit-vergleich\"]}]},{\"@type\":\"ImageObject\",\"inLanguage\":\"de\",\"@id\":\"https:\/\/www.dr-staedtler.de\/sofort-kredit\/sofortkredit-vergleich#primaryimage\",\"url\":\"http:\/\/www.dr-staedtler.de\/sofort-kredit\/wp-content\/uploads\/2010\/06\/vergleich-von-sofortkrediten.jpg\",\"contentUrl\":\"http:\/\/www.dr-staedtler.de\/sofort-kredit\/wp-content\/uploads\/2010\/06\/vergleich-von-sofortkrediten.jpg\",\"width\":\"424\",\"height\":\"283\",\"caption\":\"Vergleichen von Sofortkrediten im Internet, z.B. f\u00fcr das neue Auto\"},{\"@type\":\"BreadcrumbList\",\"@id\":\"https:\/\/www.dr-staedtler.de\/sofort-kredit\/sofortkredit-vergleich#breadcrumb\",\"itemListElement\":[{\"@type\":\"ListItem\",\"position\":1,\"name\":\"Home\",\"item\":\"https:\/\/www.dr-staedtler.de\/sofort-kredit\/\"},{\"@type\":\"ListItem\",\"position\":2,\"name\":\"Sofortkredit Vergleich\"}]},{\"@type\":\"WebSite\",\"@id\":\"http:\/\/www.dr-staedtler.de\/sofort-kredit\/#website\",\"url\":\"http:\/\/www.dr-staedtler.de\/sofort-kredit\/\",\"name\":\"Sofortkredit\",\"description\":\"Der Sofortkredit im unabh\u00e4ngigen Vergleich\",\"potentialAction\":[{\"@type\":\"SearchAction\",\"target\":{\"@type\":\"EntryPoint\",\"urlTemplate\":\"http:\/\/www.dr-staedtler.de\/sofort-kredit\/?s={search_term_string}\"},\"query-input\":{\"@type\":\"PropertyValueSpecification\",\"valueRequired\":true,\"valueName\":\"search_term_string\"}}],\"inLanguage\":\"de\"}]}<\/script>\n<!-- \/ Yoast SEO plugin. -->","yoast_head_json":{"title":"Sofortkredit Vergleich - Sofortkredit","robots":{"index":"index","follow":"follow","max-snippet":"max-snippet:-1","max-image-preview":"max-image-preview:large","max-video-preview":"max-video-preview:-1"},"canonical":"https:\/\/www.dr-staedtler.de\/sofort-kredit\/sofortkredit-vergleich","og_locale":"de_DE","og_type":"article","og_title":"Sofortkredit Vergleich - Sofortkredit","og_description":"Sofortkredite stehen in der Gunst der Verbraucher ganz oben auf der Liste, da sie zur Finanzierung notwendiger und w\u00fcnschenswerter Investitionen und Anschaffungen Verwendung finden k\u00f6nnen. Per Sofortkredit Vergleich haben Verbraucher die M\u00f6glichkeit Ordnung in das schier endlos erscheinende Feld der Kreditangebote zu bekommen. So zeigt ein Sofortkredit Vergleich nicht nur die tagesaktuell g\u00fcnstigsten Angebote an, [&hellip;]","og_url":"https:\/\/www.dr-staedtler.de\/sofort-kredit\/sofortkredit-vergleich","og_site_name":"Sofortkredit","article_modified_time":"2017-05-23T10:03:43+00:00","og_image":[{"url":"http:\/\/www.dr-staedtler.de\/sofort-kredit\/wp-content\/uploads\/2010\/06\/vergleich-von-sofortkrediten-300x200.jpg","type":"","width":"","height":""}],"twitter_card":"summary_large_image","twitter_misc":{"Gesch\u00e4tzte Lesezeit":"3\u00a0Minuten"},"schema":{"@context":"https:\/\/schema.org","@graph":[{"@type":"WebPage","@id":"https:\/\/www.dr-staedtler.de\/sofort-kredit\/sofortkredit-vergleich","url":"https:\/\/www.dr-staedtler.de\/sofort-kredit\/sofortkredit-vergleich","name":"Sofortkredit Vergleich - Sofortkredit","isPartOf":{"@id":"http:\/\/www.dr-staedtler.de\/sofort-kredit\/#website"},"primaryImageOfPage":{"@id":"https:\/\/www.dr-staedtler.de\/sofort-kredit\/sofortkredit-vergleich#primaryimage"},"image":{"@id":"https:\/\/www.dr-staedtler.de\/sofort-kredit\/sofortkredit-vergleich#primaryimage"},"thumbnailUrl":"http:\/\/www.dr-staedtler.de\/sofort-kredit\/wp-content\/uploads\/2010\/06\/vergleich-von-sofortkrediten-300x200.jpg","datePublished":"2010-06-22T13:05:07+00:00","dateModified":"2017-05-23T10:03:43+00:00","breadcrumb":{"@id":"https:\/\/www.dr-staedtler.de\/sofort-kredit\/sofortkredit-vergleich#breadcrumb"},"inLanguage":"de","potentialAction":[{"@type":"ReadAction","target":["https:\/\/www.dr-staedtler.de\/sofort-kredit\/sofortkredit-vergleich"]}]},{"@type":"ImageObject","inLanguage":"de","@id":"https:\/\/www.dr-staedtler.de\/sofort-kredit\/sofortkredit-vergleich#primaryimage","url":"http:\/\/www.dr-staedtler.de\/sofort-kredit\/wp-content\/uploads\/2010\/06\/vergleich-von-sofortkrediten.jpg","contentUrl":"http:\/\/www.dr-staedtler.de\/sofort-kredit\/wp-content\/uploads\/2010\/06\/vergleich-von-sofortkrediten.jpg","width":"424","height":"283","caption":"Vergleichen von Sofortkrediten im Internet, z.B. f\u00fcr das neue Auto"},{"@type":"BreadcrumbList","@id":"https:\/\/www.dr-staedtler.de\/sofort-kredit\/sofortkredit-vergleich#breadcrumb","itemListElement":[{"@type":"ListItem","position":1,"name":"Home","item":"https:\/\/www.dr-staedtler.de\/sofort-kredit\/"},{"@type":"ListItem","position":2,"name":"Sofortkredit Vergleich"}]},{"@type":"WebSite","@id":"http:\/\/www.dr-staedtler.de\/sofort-kredit\/#website","url":"http:\/\/www.dr-staedtler.de\/sofort-kredit\/","name":"Sofortkredit","description":"Der Sofortkredit im unabh\u00e4ngigen Vergleich","potentialAction":[{"@type":"SearchAction","target":{"@type":"EntryPoint","urlTemplate":"http:\/\/www.dr-staedtler.de\/sofort-kredit\/?s={search_term_string}"},"query-input":{"@type":"PropertyValueSpecification","valueRequired":true,"valueName":"search_term_string"}}],"inLanguage":"de"}]}},"_links":{"self":[{"href":"http:\/\/www.dr-staedtler.de\/sofort-kredit\/wp-json\/wp\/v2\/pages\/52","targetHints":{"allow":["GET"]}}],"collection":[{"href":"http:\/\/www.dr-staedtler.de\/sofort-kredit\/wp-json\/wp\/v2\/pages"}],"about":[{"href":"http:\/\/www.dr-staedtler.de\/sofort-kredit\/wp-json\/wp\/v2\/types\/page"}],"author":[{"embeddable":true,"href":"http:\/\/www.dr-staedtler.de\/sofort-kredit\/wp-json\/wp\/v2\/users\/2"}],"replies":[{"embeddable":true,"href":"http:\/\/www.dr-staedtler.de\/sofort-kredit\/wp-json\/wp\/v2\/comments?post=52"}],"version-history":[{"count":6,"href":"http:\/\/www.dr-staedtler.de\/sofort-kredit\/wp-json\/wp\/v2\/pages\/52\/revisions"}],"predecessor-version":[{"id":2480,"href":"http:\/\/www.dr-staedtler.de\/sofort-kredit\/wp-json\/wp\/v2\/pages\/52\/revisions\/2480"}],"wp:attachment":[{"href":"http:\/\/www.dr-staedtler.de\/sofort-kredit\/wp-json\/wp\/v2\/media?parent=52"}],"curies":[{"name":"wp","href":"https:\/\/api.w.org\/{rel}","templated":true}]}}