{"id":316,"date":"2011-09-02T15:08:54","date_gmt":"2011-09-02T13:08:54","guid":{"rendered":"http:\/\/www.sofort-kredit.net\/?page_id=316"},"modified":"2017-05-23T12:04:21","modified_gmt":"2017-05-23T10:04:21","slug":"sofortkredit-fuer-selbstaendige","status":"publish","type":"page","link":"http:\/\/www.dr-staedtler.de\/sofort-kredit\/sofortkredit-fuer-selbstaendige","title":{"rendered":"Sofortkredit f\u00fcr Selbst\u00e4ndige &#8211; Nicht immer einfach"},"content":{"rendered":"<p>Sie sind Selbst\u00e4ndig und ben\u00f6tigen einen Kredit? Dann k\u00f6nnen Sie g\u00fcnstige <strong>Sofortkredite f\u00fcr Selbst\u00e4ndige<\/strong> erhalten Es handelt sich dabei um Ratenkredite, die im Prinzip f\u00fcr private Zwecke gedacht sind. Hierbei kommt man sehr schnell und unb\u00fcrokratisch an Geld:<\/p>\n<p><script defer=\"\" async=\"\" data-affiliateid=\"9e1fdf7f\" data-placementid=\"783582278\" data-amount=\"10000\" data-category=\"40895887\" data-duration=\"84\" src=\"https:\/\/www.smava.de\/pp\/smava-kreditvergleich\/main.js\"><\/script><\/p>\n<h2>Die Kreditprobleme eines Selbstst\u00e4ndigen<\/h2>\n<p>Denn sonst ist es im \u00dcbrigen schwer <strong>als Selbst\u00e4ndiger einen Kredit aufzunehmen<\/strong>. Die Banken, die bei einem Selbstst\u00e4ndigen im Gegensatz z.B. zum Beamten keine Gehaltssicherheit haben, muss also bereits \u00fcber eine Menge Eigenkapital verf\u00fcgen, wenn er mit einem Kreditwunsch an eine Bank herantritt. Au\u00dferdem \u00fcberpr\u00fcft die Bank alle m\u00f6glichen schriftlich eingeforderten Angaben zum Betrieb\/Unternehmen. Seltsamerweise haben die Banken dort ein Schlupfloch gelassen, wo es eben um <strong>Kredite f\u00fcr den privaten Zweck<\/strong> geht. Dort pr\u00fcfen sie nicht in dem Umfang oder gar nicht wie sonst bei Selbst\u00e4ndigen.<\/p>\n<h3>Die Rolle der Direktbanken<\/h3>\n<p><img loading=\"lazy\" decoding=\"async\" class=\"alignright size-medium wp-image-317\" style=\"margin-left: 10px; margin-bottom: 8px; border: 1px solid grey;\" title=\"Selbst\u00e4ndige k\u00f6nnen auch einen Sofortkredit erhalten\" src=\"http:\/\/www.dr-staedtler.de\/sofort-kredit\/wp-content\/uploads\/2011\/09\/sofortkredit-selbstaendige-205x300.jpg\" alt=\"Selbst\u00e4ndige k\u00f6nnen auch einen Sofortkredit erhalten\" width=\"205\" height=\"300\" srcset=\"http:\/\/www.dr-staedtler.de\/sofort-kredit\/wp-content\/uploads\/2011\/09\/sofortkredit-selbstaendige-205x300.jpg 205w, http:\/\/www.dr-staedtler.de\/sofort-kredit\/wp-content\/uploads\/2011\/09\/sofortkredit-selbstaendige.jpg 287w\" sizes=\"auto, (max-width: 205px) 100vw, 205px\" \/>Noch weiter muss man darauf hinweisen, dass g\u00fcnstige Sofortkredite f\u00fcr Selbst\u00e4ndige, auch wenn sie als private deklariert werden, nicht von den Banken vor Ort gew\u00e4hrt werden. Daf\u00fcr hat sich aber eine Reihe von Direktbanken darauf spezialisiert, Selbst\u00e4ndige mit dem ben\u00f6tigten Kapital zu versorgen. Doch auch hier gilt die Einschr\u00e4nkung: G\u00fcnstige Sofortkredite f\u00fcr Selbst\u00e4ndige gibt es nur dann, wenn sie nicht f\u00fcr gesch\u00e4ftliche Zwecke ben\u00f6tigt werden. Diese w\u00e4ren dann <a href=\"http:\/\/www.dr-staedtler.de\/sofort-kredit\">unter den normalen Sofortkrediten zu finden<\/a>.<\/p>\n<h4>Der Vorteil von Krediten durch Direktbanken<\/h4>\n<p>Ein zus\u00e4tzlicher Vorteil bei den <a href=\"http:\/\/www.dr-staedtler.de\/sofort-kredit\/gunstige-kredite\">g\u00fcnstigen Sofortkrediten<\/a> durch Direktbanken ist f\u00fcr Selbst\u00e4ndige und Freiberufler die Tatsache, dass die Antr\u00e4ge \u00e4u\u00dferst schnell bearbeitet werden. Nicht zuletzt k\u00f6nnen Internetbanken oder Direktbanken aufgrund der Tatsache, dass sie keine Personalkosten vor Ort haben, besonders g\u00fcnstige Kreditzinsen anbieten.<\/p>\n<h5>Direktbankenkredite zum gesch\u00e4ftlichen Zweck<\/h5>\n<p>Soll der Sofortkredit f\u00fcr Selbst\u00e4ndige dennoch zur <strong>Finanzierung von gesch\u00e4ftlichen Aufgaben<\/strong> dienen, dann ist auf jeden Fall davon auszugehen, dass auch die Direktbanken sich eine Menge Unterlagen vorlegen lassen , um diese zu pr\u00fcfen. Schlie\u00dflich gehen sie ja auch ein hohes Risiko ein. Das hei\u00dft aber noch lange nicht, dass Sie jetzt als Selbst\u00e4ndiger\/Freiberufler den Kopf in den Sand stecken m\u00fcssen. Es dauert nur etwas l\u00e4nger. Aber dann k\u00f6nnen Sie durchaus von en g\u00fcnstigen Angeboten der Direktbanken profitieren.<\/p>\n<h6>Besonderheiten f\u00fcr Kredite ohne Papierkrieg<\/h6>\n<p>Manche Kreditgeber machen auch Werbung daf\u00fcr, dass bei Ihnen der <strong>Antrag ohne gro\u00dfen Papierkrieg<\/strong> bearbeitet wird. Sie verlangen ausschlie\u00dflich einen Steuerbescheid und eine Kopie des Personalausweises. Optimal w\u00e4re es, wenn man einen Steuerbescheid der j\u00fcngeren Zeit vorlegen kann (2009, 2010). Wenn dieser aber (noch) nicht vorliegt, kann es auch einer der zur\u00fcckliegenden Jahre (z.B. 2008) tun. <strong>Innerhalb von 24 Stunden<\/strong>, so die Zusage, erhalten Sie den gew\u00fcnschten Kredit oder eine Absage.<\/p>\n<h6>Beschr\u00e4nkungen der Kreditmenge<\/h6>\n<p>Kreditminimum sind 5000\u20ac, Maximum allerdings auch nur 35000\u20ac. Laufzeiten sind bis zu 84 Monaten \u00fcblich, die Zinsen werden als banken\u00fcblich beschrieben und liegen zumindest im Internet nicht vor. Man erf\u00e4hrt sie auf Anfrage. Liest man dann \u00fcber die ersten, die Hemmschwellen abbauende Informationen weiter, erf\u00e4hrt man, dass der Kredit nur dann gew\u00e4hrt wird, wenn der <strong>vorgelegte Steuerbescheid einen Jahresgewinn<\/strong> von mindestens 15000 \u20ac bescheinigt. Au\u00dferdem wird eine Schufa Pr\u00fcfung vorgenommen, bei der der Antragsteller m\u00f6glichst ohne gro\u00dfe Probleme durchkommen muss. Das letztlich dient der Best\u00e4tigung der Liquidit\u00e4t des Antragstellers.<\/p>\n<h6>Nichts geht ohne Schufa<\/h6>\n<p>Auch hier k\u00f6nnte der Antragssteller noch erleichtert aufatmen, weil es das erste Mal ist, dass er Liquidit\u00e4tsprobleme hat. Aber jetzt folgt schon gleich die n\u00e4chste Einschr\u00e4nkung. Der Steuerbescheid bzw. der darin ausgewiesene Jahresgewinn entscheidet \u00fcber die <strong>H\u00f6he des Kreditbetrags<\/strong> innerhalb des maximal ausgewiesenen Kreditrahmens. Mit anderen Worten bedeutet dies: je h\u00f6her der Jahresgewinn war, desto h\u00f6her kann der Kredit liegen, der gew\u00e4hrt wird.<\/p>\n<h6>Die Kreditgeber und die Sicherheiten<\/h6>\n<p>Wer also als Selbst\u00e4ndiger ein Auto auf Kredit kaufen m\u00f6chte, hinterl\u00e4sst der Bank bis zur Abzahlung des Kredites seinen KFZ Brief. <a href=\"http:\/\/www.dr-staedtler.de\/sofort-kredit\/arten\/fuer-freiberufler\">Freiberufler sind stets gern gesehene Kreditantragsteller<\/a>. Niemals sollte man Vorkasse gew\u00e4hren.<\/p>\n","protected":false},"excerpt":{"rendered":"<p>Sie sind Selbst\u00e4ndig und ben\u00f6tigen einen Kredit? Dann k\u00f6nnen Sie g\u00fcnstige Sofortkredite f\u00fcr Selbst\u00e4ndige erhalten Es handelt sich dabei um Ratenkredite, die im Prinzip f\u00fcr private Zwecke gedacht sind. Hierbei kommt man sehr schnell und unb\u00fcrokratisch an Geld: Die Kreditprobleme eines Selbstst\u00e4ndigen Denn sonst ist es im \u00dcbrigen schwer als Selbst\u00e4ndiger einen Kredit aufzunehmen. Die [&hellip;]<\/p>\n","protected":false},"author":2,"featured_media":0,"parent":0,"menu_order":3,"comment_status":"closed","ping_status":"open","template":"templates\/sidebar-right.php","meta":{"footnotes":""},"class_list":["post-316","page","type-page","status-publish","hentry"],"yoast_head":"<!-- This site is optimized with the Yoast SEO plugin v24.6 - https:\/\/yoast.com\/wordpress\/plugins\/seo\/ -->\n<title>Sofortkredit f\u00fcr Selbst\u00e4ndige \u25b7 Niedrig Zins sichern!<\/title>\n<meta name=\"description\" content=\"Sofortkredit f\u00fcr Selbst\u00e4ndige \u2714 Jetzt Niedrig-Zins sichern \u2714 100% kostenlos und unabh\u00e4ngig \u2714 Wir finanzieren auch Ihre Selbst\u00e4ndigkeit!\" \/>\n<meta name=\"robots\" content=\"index, follow, max-snippet:-1, max-image-preview:large, max-video-preview:-1\" \/>\n<link rel=\"canonical\" href=\"https:\/\/www.dr-staedtler.de\/sofort-kredit\/sofortkredit-fuer-selbstaendige\" \/>\n<meta property=\"og:locale\" content=\"de_DE\" \/>\n<meta property=\"og:type\" content=\"article\" \/>\n<meta property=\"og:title\" content=\"Sofortkredit f\u00fcr Selbst\u00e4ndige \u25b7 Niedrig Zins sichern!\" \/>\n<meta property=\"og:description\" content=\"Sofortkredit f\u00fcr Selbst\u00e4ndige \u2714 Jetzt Niedrig-Zins sichern \u2714 100% kostenlos und unabh\u00e4ngig \u2714 Wir finanzieren auch Ihre Selbst\u00e4ndigkeit!\" \/>\n<meta property=\"og:url\" content=\"https:\/\/www.dr-staedtler.de\/sofort-kredit\/sofortkredit-fuer-selbstaendige\" \/>\n<meta property=\"og:site_name\" content=\"Sofortkredit\" \/>\n<meta property=\"article:modified_time\" content=\"2017-05-23T10:04:21+00:00\" \/>\n<meta property=\"og:image\" content=\"http:\/\/www.dr-staedtler.de\/sofort-kredit\/wp-content\/uploads\/2011\/09\/sofortkredit-selbstaendige-205x300.jpg\" \/>\n<meta name=\"twitter:card\" content=\"summary_large_image\" \/>\n<meta name=\"twitter:label1\" content=\"Gesch\u00e4tzte Lesezeit\" \/>\n\t<meta name=\"twitter:data1\" content=\"3\u00a0Minuten\" \/>\n<script type=\"application\/ld+json\" class=\"yoast-schema-graph\">{\"@context\":\"https:\/\/schema.org\",\"@graph\":[{\"@type\":\"WebPage\",\"@id\":\"https:\/\/www.dr-staedtler.de\/sofort-kredit\/sofortkredit-fuer-selbstaendige\",\"url\":\"https:\/\/www.dr-staedtler.de\/sofort-kredit\/sofortkredit-fuer-selbstaendige\",\"name\":\"Sofortkredit f\u00fcr Selbst\u00e4ndige \u25b7 Niedrig Zins sichern!\",\"isPartOf\":{\"@id\":\"http:\/\/www.dr-staedtler.de\/sofort-kredit\/#website\"},\"primaryImageOfPage\":{\"@id\":\"https:\/\/www.dr-staedtler.de\/sofort-kredit\/sofortkredit-fuer-selbstaendige#primaryimage\"},\"image\":{\"@id\":\"https:\/\/www.dr-staedtler.de\/sofort-kredit\/sofortkredit-fuer-selbstaendige#primaryimage\"},\"thumbnailUrl\":\"http:\/\/www.dr-staedtler.de\/sofort-kredit\/wp-content\/uploads\/2011\/09\/sofortkredit-selbstaendige-205x300.jpg\",\"datePublished\":\"2011-09-02T13:08:54+00:00\",\"dateModified\":\"2017-05-23T10:04:21+00:00\",\"description\":\"Sofortkredit f\u00fcr Selbst\u00e4ndige \u2714 Jetzt Niedrig-Zins sichern \u2714 100% kostenlos und unabh\u00e4ngig \u2714 Wir finanzieren auch Ihre Selbst\u00e4ndigkeit!\",\"breadcrumb\":{\"@id\":\"https:\/\/www.dr-staedtler.de\/sofort-kredit\/sofortkredit-fuer-selbstaendige#breadcrumb\"},\"inLanguage\":\"de\",\"potentialAction\":[{\"@type\":\"ReadAction\",\"target\":[\"https:\/\/www.dr-staedtler.de\/sofort-kredit\/sofortkredit-fuer-selbstaendige\"]}]},{\"@type\":\"ImageObject\",\"inLanguage\":\"de\",\"@id\":\"https:\/\/www.dr-staedtler.de\/sofort-kredit\/sofortkredit-fuer-selbstaendige#primaryimage\",\"url\":\"http:\/\/www.dr-staedtler.de\/sofort-kredit\/wp-content\/uploads\/2011\/09\/sofortkredit-selbstaendige.jpg\",\"contentUrl\":\"http:\/\/www.dr-staedtler.de\/sofort-kredit\/wp-content\/uploads\/2011\/09\/sofortkredit-selbstaendige.jpg\",\"width\":\"287\",\"height\":\"419\",\"caption\":\"Selbst\u00e4ndige k\u00f6nnen auch einen Sofortkredit erhalten\"},{\"@type\":\"BreadcrumbList\",\"@id\":\"https:\/\/www.dr-staedtler.de\/sofort-kredit\/sofortkredit-fuer-selbstaendige#breadcrumb\",\"itemListElement\":[{\"@type\":\"ListItem\",\"position\":1,\"name\":\"Home\",\"item\":\"https:\/\/www.dr-staedtler.de\/sofort-kredit\/\"},{\"@type\":\"ListItem\",\"position\":2,\"name\":\"Sofortkredit f\u00fcr Selbst\u00e4ndige &#8211; Nicht immer einfach\"}]},{\"@type\":\"WebSite\",\"@id\":\"http:\/\/www.dr-staedtler.de\/sofort-kredit\/#website\",\"url\":\"http:\/\/www.dr-staedtler.de\/sofort-kredit\/\",\"name\":\"Sofortkredit\",\"description\":\"Der Sofortkredit im unabh\u00e4ngigen Vergleich\",\"potentialAction\":[{\"@type\":\"SearchAction\",\"target\":{\"@type\":\"EntryPoint\",\"urlTemplate\":\"http:\/\/www.dr-staedtler.de\/sofort-kredit\/?s={search_term_string}\"},\"query-input\":{\"@type\":\"PropertyValueSpecification\",\"valueRequired\":true,\"valueName\":\"search_term_string\"}}],\"inLanguage\":\"de\"}]}<\/script>\n<!-- \/ Yoast SEO plugin. -->","yoast_head_json":{"title":"Sofortkredit f\u00fcr Selbst\u00e4ndige \u25b7 Niedrig Zins sichern!","description":"Sofortkredit f\u00fcr Selbst\u00e4ndige \u2714 Jetzt Niedrig-Zins sichern \u2714 100% kostenlos und unabh\u00e4ngig \u2714 Wir finanzieren auch Ihre Selbst\u00e4ndigkeit!","robots":{"index":"index","follow":"follow","max-snippet":"max-snippet:-1","max-image-preview":"max-image-preview:large","max-video-preview":"max-video-preview:-1"},"canonical":"https:\/\/www.dr-staedtler.de\/sofort-kredit\/sofortkredit-fuer-selbstaendige","og_locale":"de_DE","og_type":"article","og_title":"Sofortkredit f\u00fcr Selbst\u00e4ndige \u25b7 Niedrig Zins sichern!","og_description":"Sofortkredit f\u00fcr Selbst\u00e4ndige \u2714 Jetzt Niedrig-Zins sichern \u2714 100% kostenlos und unabh\u00e4ngig \u2714 Wir finanzieren auch Ihre Selbst\u00e4ndigkeit!","og_url":"https:\/\/www.dr-staedtler.de\/sofort-kredit\/sofortkredit-fuer-selbstaendige","og_site_name":"Sofortkredit","article_modified_time":"2017-05-23T10:04:21+00:00","og_image":[{"url":"http:\/\/www.dr-staedtler.de\/sofort-kredit\/wp-content\/uploads\/2011\/09\/sofortkredit-selbstaendige-205x300.jpg","type":"","width":"","height":""}],"twitter_card":"summary_large_image","twitter_misc":{"Gesch\u00e4tzte Lesezeit":"3\u00a0Minuten"},"schema":{"@context":"https:\/\/schema.org","@graph":[{"@type":"WebPage","@id":"https:\/\/www.dr-staedtler.de\/sofort-kredit\/sofortkredit-fuer-selbstaendige","url":"https:\/\/www.dr-staedtler.de\/sofort-kredit\/sofortkredit-fuer-selbstaendige","name":"Sofortkredit f\u00fcr Selbst\u00e4ndige \u25b7 Niedrig Zins sichern!","isPartOf":{"@id":"http:\/\/www.dr-staedtler.de\/sofort-kredit\/#website"},"primaryImageOfPage":{"@id":"https:\/\/www.dr-staedtler.de\/sofort-kredit\/sofortkredit-fuer-selbstaendige#primaryimage"},"image":{"@id":"https:\/\/www.dr-staedtler.de\/sofort-kredit\/sofortkredit-fuer-selbstaendige#primaryimage"},"thumbnailUrl":"http:\/\/www.dr-staedtler.de\/sofort-kredit\/wp-content\/uploads\/2011\/09\/sofortkredit-selbstaendige-205x300.jpg","datePublished":"2011-09-02T13:08:54+00:00","dateModified":"2017-05-23T10:04:21+00:00","description":"Sofortkredit f\u00fcr Selbst\u00e4ndige \u2714 Jetzt Niedrig-Zins sichern \u2714 100% kostenlos und unabh\u00e4ngig \u2714 Wir finanzieren auch Ihre Selbst\u00e4ndigkeit!","breadcrumb":{"@id":"https:\/\/www.dr-staedtler.de\/sofort-kredit\/sofortkredit-fuer-selbstaendige#breadcrumb"},"inLanguage":"de","potentialAction":[{"@type":"ReadAction","target":["https:\/\/www.dr-staedtler.de\/sofort-kredit\/sofortkredit-fuer-selbstaendige"]}]},{"@type":"ImageObject","inLanguage":"de","@id":"https:\/\/www.dr-staedtler.de\/sofort-kredit\/sofortkredit-fuer-selbstaendige#primaryimage","url":"http:\/\/www.dr-staedtler.de\/sofort-kredit\/wp-content\/uploads\/2011\/09\/sofortkredit-selbstaendige.jpg","contentUrl":"http:\/\/www.dr-staedtler.de\/sofort-kredit\/wp-content\/uploads\/2011\/09\/sofortkredit-selbstaendige.jpg","width":"287","height":"419","caption":"Selbst\u00e4ndige k\u00f6nnen auch einen Sofortkredit erhalten"},{"@type":"BreadcrumbList","@id":"https:\/\/www.dr-staedtler.de\/sofort-kredit\/sofortkredit-fuer-selbstaendige#breadcrumb","itemListElement":[{"@type":"ListItem","position":1,"name":"Home","item":"https:\/\/www.dr-staedtler.de\/sofort-kredit\/"},{"@type":"ListItem","position":2,"name":"Sofortkredit f\u00fcr Selbst\u00e4ndige &#8211; Nicht immer einfach"}]},{"@type":"WebSite","@id":"http:\/\/www.dr-staedtler.de\/sofort-kredit\/#website","url":"http:\/\/www.dr-staedtler.de\/sofort-kredit\/","name":"Sofortkredit","description":"Der Sofortkredit im unabh\u00e4ngigen Vergleich","potentialAction":[{"@type":"SearchAction","target":{"@type":"EntryPoint","urlTemplate":"http:\/\/www.dr-staedtler.de\/sofort-kredit\/?s={search_term_string}"},"query-input":{"@type":"PropertyValueSpecification","valueRequired":true,"valueName":"search_term_string"}}],"inLanguage":"de"}]}},"_links":{"self":[{"href":"http:\/\/www.dr-staedtler.de\/sofort-kredit\/wp-json\/wp\/v2\/pages\/316","targetHints":{"allow":["GET"]}}],"collection":[{"href":"http:\/\/www.dr-staedtler.de\/sofort-kredit\/wp-json\/wp\/v2\/pages"}],"about":[{"href":"http:\/\/www.dr-staedtler.de\/sofort-kredit\/wp-json\/wp\/v2\/types\/page"}],"author":[{"embeddable":true,"href":"http:\/\/www.dr-staedtler.de\/sofort-kredit\/wp-json\/wp\/v2\/users\/2"}],"replies":[{"embeddable":true,"href":"http:\/\/www.dr-staedtler.de\/sofort-kredit\/wp-json\/wp\/v2\/comments?post=316"}],"version-history":[{"count":4,"href":"http:\/\/www.dr-staedtler.de\/sofort-kredit\/wp-json\/wp\/v2\/pages\/316\/revisions"}],"predecessor-version":[{"id":2526,"href":"http:\/\/www.dr-staedtler.de\/sofort-kredit\/wp-json\/wp\/v2\/pages\/316\/revisions\/2526"}],"wp:attachment":[{"href":"http:\/\/www.dr-staedtler.de\/sofort-kredit\/wp-json\/wp\/v2\/media?parent=316"}],"curies":[{"name":"wp","href":"https:\/\/api.w.org\/{rel}","templated":true}]}}