{"id":242,"date":"2011-07-21T18:31:45","date_gmt":"2011-07-21T16:31:45","guid":{"rendered":"http:\/\/www.sofort-kredit.net\/?page_id=242"},"modified":"2017-05-23T12:05:02","modified_gmt":"2017-05-23T10:05:02","slug":"sofortkredit-fur-studenten","status":"publish","type":"page","link":"http:\/\/www.dr-staedtler.de\/sofort-kredit\/sofortkredit-fur-studenten","title":{"rendered":"Sofortkredit f\u00fcr Studenten &#8211; Aktuelle Angebote und M\u00f6glichkeiten"},"content":{"rendered":"<p>Im Zuge des Studiums wird den Studierenden relativ schnell klar, dass es ohne fremde Mittel nicht funktioniert: m\u00f6glicherweise k\u00f6nnen die Eltern nicht in dem Ma\u00dfe Unterst\u00fctzung leisten, in dem es der Studierende ben\u00f6tigen w\u00fcrde. Gleichzeitig besteht <strong>kein Anspruch auf Baf\u00f6g<\/strong> &#8211; auch ein Nebenjob muss erst einmal gefunden und dann zus\u00e4tzlich zum Studium bew\u00e4ltigt werden, was je nach Studienfach nicht einmal theoretisch machbar ist, ohne dass das Studium darunter leiden w\u00fcrde. Jedoch bieten wir im Folgenden einige M\u00f6glichkeiten f\u00fcr Studenten an einen Kredit zu gelangen:<\/p>\n<p><script defer=\"\" async=\"\" data-affiliateid=\"9e1fdf7f\" data-placementid=\"783582278\" data-amount=\"3000\" data-category=\"\" data-duration=\"36\" src=\"https:\/\/www.smava.de\/pp\/smava-kreditvergleich\/main.js\"><\/script><\/p>\n<h2>Schnelles Geld f\u00fcr Studenten<\/h2>\n<p>Nicht jeder plant langfristig und vorausschauend, und entsprechend kurzfristig kann sich der Finanzierungsbedarf letztendlich auch auftun. Prinzipiell gibt es die M\u00f6glichkeit, einen Kredit mit Sofortzusage im Internet aufzunehmen: es handelt sich dabei um <strong>spezielle Darlehen<\/strong> von meist Schweizer, hin und wieder aber auch \u00f6sterreichischer oder spanischer Banken, die gezielt f\u00fcr den deutschen Markt konzipiert wurden und \u00fcber deutsche Kreditvermittlungen angeboten werden.<br \/>\nAufgrund der fehlenden Schufa-Abfrage bei einem Schweizer Kredit, sind die Voraussetzungen, unter denen diese Darlehen vergeben werden, recht streng.\u00a0 Dementsprechend sind <strong>Studenten bei Schweizer Krediten<\/strong> meist au\u00dfen vor. Es wird ein festes Angestelltenverh\u00e4ltnis vorausgesetzt und das Einkommen muss eine gewisse H\u00f6he aufweisen. Baf\u00f6g Zahlungen werden nicht als Einkommen gewertet.<\/p>\n<h2>Alternative zum Sofortkredit<\/h2>\n<p>Zwar sind Studierende nicht in der Lage, einen <a href=\"http:\/\/www.dr-staedtler.de\/sofort-kredit\/\">Sofortkredit aufzunehmen<\/a>, doch haben sie andere M\u00f6glichkeiten, um sich ihr Studium von einer Bank finanzieren lassen zu k\u00f6nnen: ein wichtiges Thema ist hierbei der Bildungskredit der KfW. Da die H\u00f6he des vorhandenen Einkommens bzw. das Einkommen der Eltern keinerlei Restriktion darstellt, sind sowohl die \u00fcbrigen Anforderungen, als auch die Modalit\u00e4ten des Darlehens selbst klar umrissen.<\/p>\n<p>Maximal kann der Darlehensbetrag des <strong>KfW Bildungskredits bei 7200 Euro<\/strong> liegen, wobei der Betrag in zu w\u00e4hlenden Raten ausgezahlt wird, die entweder 300, 200 oder 100 Euro betragen. Die Mindestlaufzeit betr\u00e4gt drei Monate, die maximale Laufzeit 2 Jahre. Der Kredit muss sp\u00e4ter zur\u00fcckgezahlt werden, die KfW Banken verlangen moderate Zinsen.<\/p>\n<p>Es muss nicht unbedingt die KfW-Bank sein, auch andere Banken vergeben Bildungskredite an Studenten, so zum Beispiel einige Sparkassen und die Deutsche Bank. Bei diesen Krediten wird immer Bonit\u00e4t verlangt und auch hier findet eine <strong>monatliche bzw. ratenweise Auszahlung<\/strong> statt, das Darlehen wird sp\u00e4ter verzinst zur\u00fcckgezahlt. Es empfiehlt sich, die Anbieter vor Abschluss eines Kreditvertrages zu vergleichen, um einen m\u00f6glichst niedrigen Zinssatz ausfindig machen zu k\u00f6nnen.<\/p>\n","protected":false},"excerpt":{"rendered":"<p>Im Zuge des Studiums wird den Studierenden relativ schnell klar, dass es ohne fremde Mittel nicht funktioniert: m\u00f6glicherweise k\u00f6nnen die Eltern nicht in dem Ma\u00dfe Unterst\u00fctzung leisten, in dem es der Studierende ben\u00f6tigen w\u00fcrde. Gleichzeitig besteht kein Anspruch auf Baf\u00f6g &#8211; auch ein Nebenjob muss erst einmal gefunden und dann zus\u00e4tzlich zum Studium bew\u00e4ltigt werden, [&hellip;]<\/p>\n","protected":false},"author":2,"featured_media":0,"parent":0,"menu_order":0,"comment_status":"closed","ping_status":"open","template":"templates\/sidebar-right.php","meta":{"footnotes":""},"class_list":["post-242","page","type-page","status-publish","hentry"],"yoast_head":"<!-- This site is optimized with the Yoast SEO plugin v24.6 - https:\/\/yoast.com\/wordpress\/plugins\/seo\/ -->\n<title>Sofortkredit f\u00fcr Studenten \u25b7 Niedrig-Zins mit Sofortzusage<\/title>\n<meta name=\"description\" content=\"Sofortkredit f\u00fcr Studenten \u2714 100% unabh\u00e4ngiger Vergleich der Kreditangebote \u2714 Online Sofortzusage und schnelle Auszahlung \u2714 Summen ab 500\u20ac m\u00f6glich\" \/>\n<meta name=\"robots\" content=\"index, follow, max-snippet:-1, max-image-preview:large, max-video-preview:-1\" \/>\n<link rel=\"canonical\" href=\"https:\/\/www.dr-staedtler.de\/sofort-kredit\/sofortkredit-fur-studenten\" \/>\n<meta property=\"og:locale\" content=\"de_DE\" \/>\n<meta property=\"og:type\" content=\"article\" \/>\n<meta property=\"og:title\" content=\"Sofortkredit f\u00fcr Studenten \u25b7 Niedrig-Zins mit Sofortzusage\" \/>\n<meta property=\"og:description\" content=\"Sofortkredit f\u00fcr Studenten \u2714 100% unabh\u00e4ngiger Vergleich der Kreditangebote \u2714 Online Sofortzusage und schnelle Auszahlung \u2714 Summen ab 500\u20ac m\u00f6glich\" \/>\n<meta property=\"og:url\" content=\"https:\/\/www.dr-staedtler.de\/sofort-kredit\/sofortkredit-fur-studenten\" \/>\n<meta property=\"og:site_name\" content=\"Sofortkredit\" \/>\n<meta property=\"article:modified_time\" content=\"2017-05-23T10:05:02+00:00\" \/>\n<meta name=\"twitter:card\" content=\"summary_large_image\" \/>\n<meta name=\"twitter:label1\" content=\"Gesch\u00e4tzte Lesezeit\" \/>\n\t<meta name=\"twitter:data1\" content=\"2\u00a0Minuten\" \/>\n<script type=\"application\/ld+json\" class=\"yoast-schema-graph\">{\"@context\":\"https:\/\/schema.org\",\"@graph\":[{\"@type\":\"WebPage\",\"@id\":\"https:\/\/www.dr-staedtler.de\/sofort-kredit\/sofortkredit-fur-studenten\",\"url\":\"https:\/\/www.dr-staedtler.de\/sofort-kredit\/sofortkredit-fur-studenten\",\"name\":\"Sofortkredit f\u00fcr Studenten \u25b7 Niedrig-Zins mit Sofortzusage\",\"isPartOf\":{\"@id\":\"http:\/\/www.dr-staedtler.de\/sofort-kredit\/#website\"},\"datePublished\":\"2011-07-21T16:31:45+00:00\",\"dateModified\":\"2017-05-23T10:05:02+00:00\",\"description\":\"Sofortkredit f\u00fcr Studenten \u2714 100% unabh\u00e4ngiger Vergleich der Kreditangebote \u2714 Online Sofortzusage und schnelle Auszahlung \u2714 Summen ab 500\u20ac m\u00f6glich\",\"breadcrumb\":{\"@id\":\"https:\/\/www.dr-staedtler.de\/sofort-kredit\/sofortkredit-fur-studenten#breadcrumb\"},\"inLanguage\":\"de\",\"potentialAction\":[{\"@type\":\"ReadAction\",\"target\":[\"https:\/\/www.dr-staedtler.de\/sofort-kredit\/sofortkredit-fur-studenten\"]}]},{\"@type\":\"BreadcrumbList\",\"@id\":\"https:\/\/www.dr-staedtler.de\/sofort-kredit\/sofortkredit-fur-studenten#breadcrumb\",\"itemListElement\":[{\"@type\":\"ListItem\",\"position\":1,\"name\":\"Home\",\"item\":\"https:\/\/www.dr-staedtler.de\/sofort-kredit\/\"},{\"@type\":\"ListItem\",\"position\":2,\"name\":\"Sofortkredit f\u00fcr Studenten &#8211; Aktuelle Angebote und M\u00f6glichkeiten\"}]},{\"@type\":\"WebSite\",\"@id\":\"http:\/\/www.dr-staedtler.de\/sofort-kredit\/#website\",\"url\":\"http:\/\/www.dr-staedtler.de\/sofort-kredit\/\",\"name\":\"Sofortkredit\",\"description\":\"Der Sofortkredit im unabh\u00e4ngigen Vergleich\",\"potentialAction\":[{\"@type\":\"SearchAction\",\"target\":{\"@type\":\"EntryPoint\",\"urlTemplate\":\"http:\/\/www.dr-staedtler.de\/sofort-kredit\/?s={search_term_string}\"},\"query-input\":{\"@type\":\"PropertyValueSpecification\",\"valueRequired\":true,\"valueName\":\"search_term_string\"}}],\"inLanguage\":\"de\"}]}<\/script>\n<!-- \/ Yoast SEO plugin. -->","yoast_head_json":{"title":"Sofortkredit f\u00fcr Studenten \u25b7 Niedrig-Zins mit Sofortzusage","description":"Sofortkredit f\u00fcr Studenten \u2714 100% unabh\u00e4ngiger Vergleich der Kreditangebote \u2714 Online Sofortzusage und schnelle Auszahlung \u2714 Summen ab 500\u20ac m\u00f6glich","robots":{"index":"index","follow":"follow","max-snippet":"max-snippet:-1","max-image-preview":"max-image-preview:large","max-video-preview":"max-video-preview:-1"},"canonical":"https:\/\/www.dr-staedtler.de\/sofort-kredit\/sofortkredit-fur-studenten","og_locale":"de_DE","og_type":"article","og_title":"Sofortkredit f\u00fcr Studenten \u25b7 Niedrig-Zins mit Sofortzusage","og_description":"Sofortkredit f\u00fcr Studenten \u2714 100% unabh\u00e4ngiger Vergleich der Kreditangebote \u2714 Online Sofortzusage und schnelle Auszahlung \u2714 Summen ab 500\u20ac m\u00f6glich","og_url":"https:\/\/www.dr-staedtler.de\/sofort-kredit\/sofortkredit-fur-studenten","og_site_name":"Sofortkredit","article_modified_time":"2017-05-23T10:05:02+00:00","twitter_card":"summary_large_image","twitter_misc":{"Gesch\u00e4tzte Lesezeit":"2\u00a0Minuten"},"schema":{"@context":"https:\/\/schema.org","@graph":[{"@type":"WebPage","@id":"https:\/\/www.dr-staedtler.de\/sofort-kredit\/sofortkredit-fur-studenten","url":"https:\/\/www.dr-staedtler.de\/sofort-kredit\/sofortkredit-fur-studenten","name":"Sofortkredit f\u00fcr Studenten \u25b7 Niedrig-Zins mit Sofortzusage","isPartOf":{"@id":"http:\/\/www.dr-staedtler.de\/sofort-kredit\/#website"},"datePublished":"2011-07-21T16:31:45+00:00","dateModified":"2017-05-23T10:05:02+00:00","description":"Sofortkredit f\u00fcr Studenten \u2714 100% unabh\u00e4ngiger Vergleich der Kreditangebote \u2714 Online Sofortzusage und schnelle Auszahlung \u2714 Summen ab 500\u20ac m\u00f6glich","breadcrumb":{"@id":"https:\/\/www.dr-staedtler.de\/sofort-kredit\/sofortkredit-fur-studenten#breadcrumb"},"inLanguage":"de","potentialAction":[{"@type":"ReadAction","target":["https:\/\/www.dr-staedtler.de\/sofort-kredit\/sofortkredit-fur-studenten"]}]},{"@type":"BreadcrumbList","@id":"https:\/\/www.dr-staedtler.de\/sofort-kredit\/sofortkredit-fur-studenten#breadcrumb","itemListElement":[{"@type":"ListItem","position":1,"name":"Home","item":"https:\/\/www.dr-staedtler.de\/sofort-kredit\/"},{"@type":"ListItem","position":2,"name":"Sofortkredit f\u00fcr Studenten &#8211; Aktuelle Angebote und M\u00f6glichkeiten"}]},{"@type":"WebSite","@id":"http:\/\/www.dr-staedtler.de\/sofort-kredit\/#website","url":"http:\/\/www.dr-staedtler.de\/sofort-kredit\/","name":"Sofortkredit","description":"Der Sofortkredit im unabh\u00e4ngigen Vergleich","potentialAction":[{"@type":"SearchAction","target":{"@type":"EntryPoint","urlTemplate":"http:\/\/www.dr-staedtler.de\/sofort-kredit\/?s={search_term_string}"},"query-input":{"@type":"PropertyValueSpecification","valueRequired":true,"valueName":"search_term_string"}}],"inLanguage":"de"}]}},"_links":{"self":[{"href":"http:\/\/www.dr-staedtler.de\/sofort-kredit\/wp-json\/wp\/v2\/pages\/242","targetHints":{"allow":["GET"]}}],"collection":[{"href":"http:\/\/www.dr-staedtler.de\/sofort-kredit\/wp-json\/wp\/v2\/pages"}],"about":[{"href":"http:\/\/www.dr-staedtler.de\/sofort-kredit\/wp-json\/wp\/v2\/types\/page"}],"author":[{"embeddable":true,"href":"http:\/\/www.dr-staedtler.de\/sofort-kredit\/wp-json\/wp\/v2\/users\/2"}],"replies":[{"embeddable":true,"href":"http:\/\/www.dr-staedtler.de\/sofort-kredit\/wp-json\/wp\/v2\/comments?post=242"}],"version-history":[{"count":5,"href":"http:\/\/www.dr-staedtler.de\/sofort-kredit\/wp-json\/wp\/v2\/pages\/242\/revisions"}],"predecessor-version":[{"id":2527,"href":"http:\/\/www.dr-staedtler.de\/sofort-kredit\/wp-json\/wp\/v2\/pages\/242\/revisions\/2527"}],"wp:attachment":[{"href":"http:\/\/www.dr-staedtler.de\/sofort-kredit\/wp-json\/wp\/v2\/media?parent=242"}],"curies":[{"name":"wp","href":"https:\/\/api.w.org\/{rel}","templated":true}]}}