{"id":183,"date":"2011-05-26T18:18:22","date_gmt":"2011-05-26T16:18:22","guid":{"rendered":"http:\/\/www.sofort-kredit.net\/?page_id=183"},"modified":"2017-03-25T22:23:03","modified_gmt":"2017-03-25T20:23:03","slug":"gunstige-kredite","status":"publish","type":"page","link":"http:\/\/www.dr-staedtler.de\/sofort-kredit\/gunstige-kredite","title":{"rendered":"G\u00fcnstige Kredite im Internet finden"},"content":{"rendered":"<p>Nach der weltweiten Finanzkrise ist es f\u00fcr die Verbraucher nicht gerade einfacher geworden, um an preiswerte Kredite zu gelangen. Die Bankinstitute sind wesentlich vorsichtiger geworden und bewilligen teils nur noch unter bestimmten Voraussetzungen ihre Kredite. Immer mehr Anbieter findet man heutzutage auch im Internet, wo die Direktbanken teils attraktive Kreditangebote f\u00fcr die Kunden auf Lager haben. Durch die <strong>enormen Kosteneinsparungen beim Personal<\/strong> sowie beim Service profitieren die Kreditnehmer davon und erhalten oft sehr g\u00fcnstige Darlehen. F\u00fchren Sie jetzt bei uns Ihren pers\u00f6nlichen Vergleich g\u00fcnstiger Kredite durch:<br \/>\n<a href=\"kreditrechner\"><img decoding=\"async\" src=\"http:\/\/www.dr-staedtler.de\/sofort-kredit\/zumvergleich.png\" alt=\"Zum Sofortkredit Rechner\" \/><\/a><br \/>\nDaneben sind die Kreditgeber im Internet teils sehr flexibel was die jeweiligen Laufzeiten und Kreditbetr\u00e4ge angeht. Man sollte allerdings stets darauf achten, dass es sich um seri\u00f6se und vor allem transparente Kreditangebote handelt, weshalb man vor dem Abschluss eines Kreditvertrags die Anbieter auf dem Markt genau unter die Lupe nehmen muss. S\u00e4mtliche bei uns verglichenen Anbieter sind seri\u00f6s, nutzen Sie also die Gelegenheit und vergleichen Sie jetzt g\u00fcnstige Kredite in unserem kostenlosen Online Kreditvergleich.<\/p>\n<h2>Ein Kreditvergleich lohnt sich<\/h2>\n<p><img loading=\"lazy\" decoding=\"async\" class=\"alignleft size-medium wp-image-285\" style=\"margin-right: 10px; margin-bottom: 8px;\" title=\"G\u00fcnstige Zinsen aus Kredite\" src=\"http:\/\/www.dr-staedtler.de\/sofort-kredit\/wp-content\/uploads\/2011\/05\/Fotolia_7759242_XS-300x225.jpg\" alt=\"G\u00fcnstige Zinsen aus Kredite\" width=\"300\" height=\"225\" srcset=\"http:\/\/www.dr-staedtler.de\/sofort-kredit\/wp-content\/uploads\/2011\/05\/Fotolia_7759242_XS-300x225.jpg 300w, http:\/\/www.dr-staedtler.de\/sofort-kredit\/wp-content\/uploads\/2011\/05\/Fotolia_7759242_XS.jpg 400w\" sizes=\"auto, (max-width: 300px) 100vw, 300px\" \/>Jeder Verbraucher muss sich vor der Beantragung eines Kredits genau dar\u00fcber im Klaren sein, ob er das Geld tats\u00e4chlich dringend ben\u00f6tigt und es auch innerhalb der Kreditlaufzeit auch zur\u00fcckzahlen kann. Die <strong>zahlreichen Kreditanbieter<\/strong> f\u00fchren speziell bei den Kreditzinsen eine unterschiedliche Gewichtung bei Faktoren wie den gegebenen Sicherheiten durch. Schon alleine deshalb empfiehlt es sich vor dem Abschluss eines Kreditvertrages die vorhandenen Anbieter genau zu vergleichen, um sich ein Bild der aktuellen Marktlage zu verschaffen und einen wirklich g\u00fcnstigen Kredit zu erhalten . Dies macht man am besten mit Hilfe unseres unverbindlichen und kostenlosen Kreditvergleich. Die Basis f\u00fcr solch einen <a href=\"http:\/\/www.dr-staedtler.de\/sofort-kredit\">Vergleich<\/a> ist der effektive Jahreszins, den alle Banken hierzulande gesetzlich verpflichtend angeben m\u00fcssen. Der <a href=\"http:\/\/www.dr-staedtler.de\/sofort-kredit\/kreditrechner\">Kreditrechner vergleicht<\/a> innerhalb weniger Minuten viele attraktive Kreditangebote und listet die g\u00fcnstigsten Kredit Angebote am Ende auf.<\/p>\n<h3>Alternative zu Sofortkrediten<\/h3>\n<p>Eine Alternative zu einem Sofortkredit ist der Ratenkredit. Er funktioniert <a href=\"http:\/\/www.dr-staedtler.de\/sofort-kredit\">sehr \u00e4hnlich wie ein Sofortkredit<\/a>. Auch hier gilt, zuerst g\u00fcnstige Ratenkredite vergleichen und dann den Antrag stellen. Die Vergleichstabellen k\u00f6nnen nach den eigenen Kreditsummen und Laufzeiten angepasst werden, so dass es f\u00fcr den Kredit-Interessent ein leichtes ist den g\u00fcnstigsten Ratenkredit zu finden. Auch Onlinekredite sind ein sehr interessantes Thema. Diese werden nur von Direktbanken und ausschliesslich Online angeboten. Vorteil ist, dass die Direktbanken keine Filialen haben und sich somit viel Personalkosten sparen. Den wohl g\u00fcnstigsten Kredit erh\u00e4lt man also bei einer Direktbank im Internet.<\/p>\n<p>Weiterf\u00fchrende Informationen:<\/p>\n<ul>\n<li><a href=\"http:\/\/www.guenstigekredite.com\/\">http:\/\/www.guenstigekredite.com\/<\/a><\/li>\n<li><a href=\"http:\/\/www.ratenkreditvergleich.com\/\">http:\/\/www.ratenkreditvergleich.com\/<\/a><\/li>\n<\/ul>\n","protected":false},"excerpt":{"rendered":"<p>Nach der weltweiten Finanzkrise ist es f\u00fcr die Verbraucher nicht gerade einfacher geworden, um an preiswerte Kredite zu gelangen. Die Bankinstitute sind wesentlich vorsichtiger geworden und bewilligen teils nur noch unter bestimmten Voraussetzungen ihre Kredite. Immer mehr Anbieter findet man heutzutage auch im Internet, wo die Direktbanken teils attraktive Kreditangebote f\u00fcr die Kunden auf Lager [&hellip;]<\/p>\n","protected":false},"author":2,"featured_media":0,"parent":0,"menu_order":0,"comment_status":"closed","ping_status":"open","template":"templates\/sidebar-right.php","meta":{"footnotes":""},"class_list":["post-183","page","type-page","status-publish","hentry"],"yoast_head":"<!-- This site is optimized with the Yoast SEO plugin v24.6 - https:\/\/yoast.com\/wordpress\/plugins\/seo\/ -->\n<title>\u25b7 G\u00fcnstige Kredite mit Niedrig-Zins \u25b7 mit Sofortzusage<\/title>\n<meta name=\"description\" content=\"G\u00fcnstige Kredite \u2714 100% unabh\u00e4ngig und kostenlos \u2714 Niedrig-Zins sichern \ufeff\ufeffund kr\u00e4ftig sparen \u2714 Mit Online Sofortzusage und schneller Auszahlung\" \/>\n<meta name=\"robots\" content=\"index, follow, max-snippet:-1, max-image-preview:large, max-video-preview:-1\" \/>\n<link rel=\"canonical\" href=\"https:\/\/www.dr-staedtler.de\/sofort-kredit\/gunstige-kredite\" \/>\n<meta property=\"og:locale\" content=\"de_DE\" \/>\n<meta property=\"og:type\" content=\"article\" \/>\n<meta property=\"og:title\" content=\"\u25b7 G\u00fcnstige Kredite mit Niedrig-Zins \u25b7 mit Sofortzusage\" \/>\n<meta property=\"og:description\" content=\"G\u00fcnstige Kredite \u2714 100% unabh\u00e4ngig und kostenlos \u2714 Niedrig-Zins sichern \ufeff\ufeffund kr\u00e4ftig sparen \u2714 Mit Online Sofortzusage und schneller Auszahlung\" \/>\n<meta property=\"og:url\" content=\"https:\/\/www.dr-staedtler.de\/sofort-kredit\/gunstige-kredite\" \/>\n<meta property=\"og:site_name\" content=\"Sofortkredit\" \/>\n<meta property=\"article:modified_time\" content=\"2017-03-25T20:23:03+00:00\" \/>\n<meta property=\"og:image\" content=\"http:\/\/www.dr-staedtler.de\/sofort-kredit\/zumvergleich.png\" \/>\n<meta name=\"twitter:card\" content=\"summary_large_image\" \/>\n<meta name=\"twitter:label1\" content=\"Gesch\u00e4tzte Lesezeit\" \/>\n\t<meta name=\"twitter:data1\" content=\"2\u00a0Minuten\" \/>\n<script type=\"application\/ld+json\" class=\"yoast-schema-graph\">{\"@context\":\"https:\/\/schema.org\",\"@graph\":[{\"@type\":\"WebPage\",\"@id\":\"https:\/\/www.dr-staedtler.de\/sofort-kredit\/gunstige-kredite\",\"url\":\"https:\/\/www.dr-staedtler.de\/sofort-kredit\/gunstige-kredite\",\"name\":\"\u25b7 G\u00fcnstige Kredite mit Niedrig-Zins \u25b7 mit Sofortzusage\",\"isPartOf\":{\"@id\":\"http:\/\/www.dr-staedtler.de\/sofort-kredit\/#website\"},\"primaryImageOfPage\":{\"@id\":\"https:\/\/www.dr-staedtler.de\/sofort-kredit\/gunstige-kredite#primaryimage\"},\"image\":{\"@id\":\"https:\/\/www.dr-staedtler.de\/sofort-kredit\/gunstige-kredite#primaryimage\"},\"thumbnailUrl\":\"http:\/\/www.dr-staedtler.de\/sofort-kredit\/zumvergleich.png\",\"datePublished\":\"2011-05-26T16:18:22+00:00\",\"dateModified\":\"2017-03-25T20:23:03+00:00\",\"description\":\"G\u00fcnstige Kredite \u2714 100% unabh\u00e4ngig und kostenlos \u2714 Niedrig-Zins sichern \ufeff\ufeffund kr\u00e4ftig sparen \u2714 Mit Online Sofortzusage und schneller Auszahlung\",\"breadcrumb\":{\"@id\":\"https:\/\/www.dr-staedtler.de\/sofort-kredit\/gunstige-kredite#breadcrumb\"},\"inLanguage\":\"de\",\"potentialAction\":[{\"@type\":\"ReadAction\",\"target\":[\"https:\/\/www.dr-staedtler.de\/sofort-kredit\/gunstige-kredite\"]}]},{\"@type\":\"ImageObject\",\"inLanguage\":\"de\",\"@id\":\"https:\/\/www.dr-staedtler.de\/sofort-kredit\/gunstige-kredite#primaryimage\",\"url\":\"http:\/\/www.dr-staedtler.de\/sofort-kredit\/zumvergleich.png\",\"contentUrl\":\"http:\/\/www.dr-staedtler.de\/sofort-kredit\/zumvergleich.png\"},{\"@type\":\"BreadcrumbList\",\"@id\":\"https:\/\/www.dr-staedtler.de\/sofort-kredit\/gunstige-kredite#breadcrumb\",\"itemListElement\":[{\"@type\":\"ListItem\",\"position\":1,\"name\":\"Home\",\"item\":\"https:\/\/www.dr-staedtler.de\/sofort-kredit\/\"},{\"@type\":\"ListItem\",\"position\":2,\"name\":\"G\u00fcnstige Kredite im Internet finden\"}]},{\"@type\":\"WebSite\",\"@id\":\"http:\/\/www.dr-staedtler.de\/sofort-kredit\/#website\",\"url\":\"http:\/\/www.dr-staedtler.de\/sofort-kredit\/\",\"name\":\"Sofortkredit\",\"description\":\"Der Sofortkredit im unabh\u00e4ngigen Vergleich\",\"potentialAction\":[{\"@type\":\"SearchAction\",\"target\":{\"@type\":\"EntryPoint\",\"urlTemplate\":\"http:\/\/www.dr-staedtler.de\/sofort-kredit\/?s={search_term_string}\"},\"query-input\":{\"@type\":\"PropertyValueSpecification\",\"valueRequired\":true,\"valueName\":\"search_term_string\"}}],\"inLanguage\":\"de\"}]}<\/script>\n<!-- \/ Yoast SEO plugin. -->","yoast_head_json":{"title":"\u25b7 G\u00fcnstige Kredite mit Niedrig-Zins \u25b7 mit Sofortzusage","description":"G\u00fcnstige Kredite \u2714 100% unabh\u00e4ngig und kostenlos \u2714 Niedrig-Zins sichern \ufeff\ufeffund kr\u00e4ftig sparen \u2714 Mit Online Sofortzusage und schneller Auszahlung","robots":{"index":"index","follow":"follow","max-snippet":"max-snippet:-1","max-image-preview":"max-image-preview:large","max-video-preview":"max-video-preview:-1"},"canonical":"https:\/\/www.dr-staedtler.de\/sofort-kredit\/gunstige-kredite","og_locale":"de_DE","og_type":"article","og_title":"\u25b7 G\u00fcnstige Kredite mit Niedrig-Zins \u25b7 mit Sofortzusage","og_description":"G\u00fcnstige Kredite \u2714 100% unabh\u00e4ngig und kostenlos \u2714 Niedrig-Zins sichern \ufeff\ufeffund kr\u00e4ftig sparen \u2714 Mit Online Sofortzusage und schneller Auszahlung","og_url":"https:\/\/www.dr-staedtler.de\/sofort-kredit\/gunstige-kredite","og_site_name":"Sofortkredit","article_modified_time":"2017-03-25T20:23:03+00:00","og_image":[{"url":"http:\/\/www.dr-staedtler.de\/sofort-kredit\/zumvergleich.png","type":"","width":"","height":""}],"twitter_card":"summary_large_image","twitter_misc":{"Gesch\u00e4tzte Lesezeit":"2\u00a0Minuten"},"schema":{"@context":"https:\/\/schema.org","@graph":[{"@type":"WebPage","@id":"https:\/\/www.dr-staedtler.de\/sofort-kredit\/gunstige-kredite","url":"https:\/\/www.dr-staedtler.de\/sofort-kredit\/gunstige-kredite","name":"\u25b7 G\u00fcnstige Kredite mit Niedrig-Zins \u25b7 mit Sofortzusage","isPartOf":{"@id":"http:\/\/www.dr-staedtler.de\/sofort-kredit\/#website"},"primaryImageOfPage":{"@id":"https:\/\/www.dr-staedtler.de\/sofort-kredit\/gunstige-kredite#primaryimage"},"image":{"@id":"https:\/\/www.dr-staedtler.de\/sofort-kredit\/gunstige-kredite#primaryimage"},"thumbnailUrl":"http:\/\/www.dr-staedtler.de\/sofort-kredit\/zumvergleich.png","datePublished":"2011-05-26T16:18:22+00:00","dateModified":"2017-03-25T20:23:03+00:00","description":"G\u00fcnstige Kredite \u2714 100% unabh\u00e4ngig und kostenlos \u2714 Niedrig-Zins sichern \ufeff\ufeffund kr\u00e4ftig sparen \u2714 Mit Online Sofortzusage und schneller Auszahlung","breadcrumb":{"@id":"https:\/\/www.dr-staedtler.de\/sofort-kredit\/gunstige-kredite#breadcrumb"},"inLanguage":"de","potentialAction":[{"@type":"ReadAction","target":["https:\/\/www.dr-staedtler.de\/sofort-kredit\/gunstige-kredite"]}]},{"@type":"ImageObject","inLanguage":"de","@id":"https:\/\/www.dr-staedtler.de\/sofort-kredit\/gunstige-kredite#primaryimage","url":"http:\/\/www.dr-staedtler.de\/sofort-kredit\/zumvergleich.png","contentUrl":"http:\/\/www.dr-staedtler.de\/sofort-kredit\/zumvergleich.png"},{"@type":"BreadcrumbList","@id":"https:\/\/www.dr-staedtler.de\/sofort-kredit\/gunstige-kredite#breadcrumb","itemListElement":[{"@type":"ListItem","position":1,"name":"Home","item":"https:\/\/www.dr-staedtler.de\/sofort-kredit\/"},{"@type":"ListItem","position":2,"name":"G\u00fcnstige Kredite im Internet finden"}]},{"@type":"WebSite","@id":"http:\/\/www.dr-staedtler.de\/sofort-kredit\/#website","url":"http:\/\/www.dr-staedtler.de\/sofort-kredit\/","name":"Sofortkredit","description":"Der Sofortkredit im unabh\u00e4ngigen Vergleich","potentialAction":[{"@type":"SearchAction","target":{"@type":"EntryPoint","urlTemplate":"http:\/\/www.dr-staedtler.de\/sofort-kredit\/?s={search_term_string}"},"query-input":{"@type":"PropertyValueSpecification","valueRequired":true,"valueName":"search_term_string"}}],"inLanguage":"de"}]}},"_links":{"self":[{"href":"http:\/\/www.dr-staedtler.de\/sofort-kredit\/wp-json\/wp\/v2\/pages\/183","targetHints":{"allow":["GET"]}}],"collection":[{"href":"http:\/\/www.dr-staedtler.de\/sofort-kredit\/wp-json\/wp\/v2\/pages"}],"about":[{"href":"http:\/\/www.dr-staedtler.de\/sofort-kredit\/wp-json\/wp\/v2\/types\/page"}],"author":[{"embeddable":true,"href":"http:\/\/www.dr-staedtler.de\/sofort-kredit\/wp-json\/wp\/v2\/users\/2"}],"replies":[{"embeddable":true,"href":"http:\/\/www.dr-staedtler.de\/sofort-kredit\/wp-json\/wp\/v2\/comments?post=183"}],"version-history":[{"count":3,"href":"http:\/\/www.dr-staedtler.de\/sofort-kredit\/wp-json\/wp\/v2\/pages\/183\/revisions"}],"predecessor-version":[{"id":2520,"href":"http:\/\/www.dr-staedtler.de\/sofort-kredit\/wp-json\/wp\/v2\/pages\/183\/revisions\/2520"}],"wp:attachment":[{"href":"http:\/\/www.dr-staedtler.de\/sofort-kredit\/wp-json\/wp\/v2\/media?parent=183"}],"curies":[{"name":"wp","href":"https:\/\/api.w.org\/{rel}","templated":true}]}}