{"id":1051,"date":"2012-08-27T16:22:00","date_gmt":"2012-08-27T14:22:00","guid":{"rendered":"http:\/\/www.sofort-kredit.net\/?page_id=1051"},"modified":"2017-05-23T12:14:06","modified_gmt":"2017-05-23T10:14:06","slug":"fuer-quad","status":"publish","type":"page","link":"http:\/\/www.dr-staedtler.de\/sofort-kredit\/arten\/fuer-quad","title":{"rendered":"Kredit f\u00fcr Quad"},"content":{"rendered":"<p>Wer schon lange davon tr\u00e4umt, mit einem<strong> Quad offroad<\/strong> das Land unsicher zu machen, der kann sich mit einem <strong>Sofortkredit<\/strong> endlich diesen langgehegten Traum erf\u00fcllen:<br \/>\n<script defer=\"\" async=\"\" data-affiliateid=\"9e1fdf7f\" data-placementid=\"783582278\" data-amount=\"4000\" data-category=\"\" data-duration=\"72\" src=\"https:\/\/www.smava.de\/pp\/smava-kreditvergleich\/main.js\"><\/script><\/p>\n<h2>Den Quad stra\u00dfentauglich umr\u00fcsten<\/h2>\n<p><img loading=\"lazy\" decoding=\"async\" class=\"alignleft size-medium wp-image-1085\" style=\"margin-right: 10px; margin-bottom: 8px; border: 1px solid grey;\" title=\"Kredit mit einem Quad finanzieren\" src=\"http:\/\/www.dr-staedtler.de\/sofort-kredit\/wp-content\/uploads\/2012\/08\/quad-200x300.jpg\" alt=\"Kredit mit einem Quad finanzieren\" width=\"200\" height=\"300\" srcset=\"http:\/\/www.dr-staedtler.de\/sofort-kredit\/wp-content\/uploads\/2012\/08\/quad-200x300.jpg 200w, http:\/\/www.dr-staedtler.de\/sofort-kredit\/wp-content\/uploads\/2012\/08\/quad.jpg 283w\" sizes=\"auto, (max-width: 200px) 100vw, 200px\" \/>So manch einer tr\u00e4umt schon seit Kindheitstagen davon, mit einem <strong>Quad<\/strong> die Stra\u00dfen unsicher zu machen. Doch wer ein stra\u00dfentaugliches, T\u00dcV-gepr\u00fcftes Quad erwerben m\u00f6chte, muss etwas tiefer in die Tasche greifen. Die Mehrzahl der Fahrzeuge werden n\u00e4mlich aus Gel\u00e4ndeversion verkauft. Dies bedeutet, dass der Besitzer diverse Sachen noch umr\u00fcsten lassen muss: So sollten Bremslichter, Scheinwerfer, Tacho und Blinker gem\u00e4\u00df der EC-Norm f\u00fcr ein <strong>stra\u00dfentaugliches Modell<\/strong> nachger\u00fcstet werden. Dies gilt auch dann, wenn das Quad als Zugmaschine dienen soll.<\/p>\n<h3>Mit einem Sofortkredit f\u00fcr einen Quad (Kindheits-)Tr\u00e4ume wahr werden lassen<\/h3>\n<p>Um all dies zu <strong>finanzieren<\/strong>, ist h\u00e4ufig ein<strong> Kredit<\/strong> n\u00f6tig. Meist ben\u00f6tigt der angehende Quad-Besitzer einen Betrag von rund 11.000 Euro &#8211; den die wenigsten einfach aus dem \u00c4rmel sch\u00fctteln k\u00f6nnen. Mittlerweile gibt es jedoch unz\u00e4hlige Anbieter, die einen <strong>Sofortkredit f\u00fcr einen Quad<\/strong> anbieten. Zuvor sollten allerdings mehrere \u00dcberlegungen angestellt werden: So geht es nat\u00fcrlich zum einen um die Frage, welche Summe genau ben\u00f6tigt wird und wie hoch die monatliche Ratenbelastung ausfallen sollte. Grunds\u00e4tzlich empfiehlt es sich, bei diesen \u00dcberlegungen gro\u00dfz\u00fcgiger zu kalkulieren und auch diverse Mehrkosten mit einzuberechnen.<\/p>\n<h4>Unbedingt n\u00f6tig: ein umfassender Vergleich<\/h4>\n<p>Angesichts der Vielzahl an Anbietern gibt es nat\u00fcrlich auch betr\u00e4chtliche Unterschiede hinsichtlich der <strong>Konditionen<\/strong>. Daher empfiehlt es sich, vor der Unterzeichnung des <strong>Kreditvertrags<\/strong> einen umfassenden Vergleich zwischen den einzelnen Angeboten zu unternehmen. Besonders sollte dabei auf die jeweiligen Laufzeiten sowie die <strong>Zinss\u00e4tze<\/strong> geachtet werden. Dar\u00fcber hinaus gilt es nat\u00fcrlich auch auf das Kleingedruckte zu achten: Sind <strong>Sondertilgungen<\/strong> m\u00f6glich? Wie hoch fallen die zus\u00e4tzlichen Kosten aus? Welche Ausk\u00fcnfte sind n\u00f6tig, um einen <strong>Kredit f\u00fcr einen Quad<\/strong> zu erhalten? Wer gr\u00fcndlich und umfassend vergleicht, kann sicher sein, ein optimales Angebot zu finden &#8211; und seinen langgehegten Traum endlich wahr zu machen.<\/p>\n","protected":false},"excerpt":{"rendered":"<p>Wer schon lange davon tr\u00e4umt, mit einem Quad offroad das Land unsicher zu machen, der kann sich mit einem Sofortkredit endlich diesen langgehegten Traum erf\u00fcllen: Den Quad stra\u00dfentauglich umr\u00fcsten So manch einer tr\u00e4umt schon seit Kindheitstagen davon, mit einem Quad die Stra\u00dfen unsicher zu machen. Doch wer ein stra\u00dfentaugliches, T\u00dcV-gepr\u00fcftes Quad erwerben m\u00f6chte, muss etwas [&hellip;]<\/p>\n","protected":false},"author":2,"featured_media":0,"parent":1081,"menu_order":0,"comment_status":"closed","ping_status":"open","template":"templates\/sidebar-right.php","meta":{"footnotes":""},"class_list":["post-1051","page","type-page","status-publish","hentry"],"yoast_head":"<!-- This site is optimized with the Yoast SEO plugin v24.6 - https:\/\/yoast.com\/wordpress\/plugins\/seo\/ -->\n<title>Kredit f\u00fcr Quad - Jetzt berechnen und Antrag stellen<\/title>\n<meta name=\"description\" content=\"Kredit f\u00fcr Quad: Der lang gehegte Traum von einem Quad kann durch einen Sofortkredit f\u00fcr Quad wahr werden.\" \/>\n<meta name=\"robots\" content=\"index, follow, max-snippet:-1, max-image-preview:large, max-video-preview:-1\" \/>\n<link rel=\"canonical\" href=\"https:\/\/www.dr-staedtler.de\/sofort-kredit\/arten\/fuer-quad\" \/>\n<meta property=\"og:locale\" content=\"de_DE\" \/>\n<meta property=\"og:type\" content=\"article\" \/>\n<meta property=\"og:title\" content=\"Kredit f\u00fcr Quad - Jetzt berechnen und Antrag stellen\" \/>\n<meta property=\"og:description\" content=\"Kredit f\u00fcr Quad: Der lang gehegte Traum von einem Quad kann durch einen Sofortkredit f\u00fcr Quad wahr werden.\" \/>\n<meta property=\"og:url\" content=\"https:\/\/www.dr-staedtler.de\/sofort-kredit\/arten\/fuer-quad\" \/>\n<meta property=\"og:site_name\" content=\"Sofortkredit\" \/>\n<meta property=\"article:modified_time\" content=\"2017-05-23T10:14:06+00:00\" \/>\n<meta property=\"og:image\" content=\"http:\/\/www.dr-staedtler.de\/sofort-kredit\/wp-content\/uploads\/2012\/08\/quad-200x300.jpg\" \/>\n<meta name=\"twitter:card\" content=\"summary_large_image\" \/>\n<meta name=\"twitter:label1\" content=\"Gesch\u00e4tzte Lesezeit\" \/>\n\t<meta name=\"twitter:data1\" content=\"2\u00a0Minuten\" \/>\n<script type=\"application\/ld+json\" class=\"yoast-schema-graph\">{\"@context\":\"https:\/\/schema.org\",\"@graph\":[{\"@type\":\"WebPage\",\"@id\":\"https:\/\/www.dr-staedtler.de\/sofort-kredit\/arten\/fuer-quad\",\"url\":\"https:\/\/www.dr-staedtler.de\/sofort-kredit\/arten\/fuer-quad\",\"name\":\"Kredit f\u00fcr Quad - Jetzt berechnen und Antrag stellen\",\"isPartOf\":{\"@id\":\"http:\/\/www.dr-staedtler.de\/sofort-kredit\/#website\"},\"primaryImageOfPage\":{\"@id\":\"https:\/\/www.dr-staedtler.de\/sofort-kredit\/arten\/fuer-quad#primaryimage\"},\"image\":{\"@id\":\"https:\/\/www.dr-staedtler.de\/sofort-kredit\/arten\/fuer-quad#primaryimage\"},\"thumbnailUrl\":\"http:\/\/www.dr-staedtler.de\/sofort-kredit\/wp-content\/uploads\/2012\/08\/quad-200x300.jpg\",\"datePublished\":\"2012-08-27T14:22:00+00:00\",\"dateModified\":\"2017-05-23T10:14:06+00:00\",\"description\":\"Kredit f\u00fcr Quad: Der lang gehegte Traum von einem Quad kann durch einen Sofortkredit f\u00fcr Quad wahr werden.\",\"breadcrumb\":{\"@id\":\"https:\/\/www.dr-staedtler.de\/sofort-kredit\/arten\/fuer-quad#breadcrumb\"},\"inLanguage\":\"de\",\"potentialAction\":[{\"@type\":\"ReadAction\",\"target\":[\"https:\/\/www.dr-staedtler.de\/sofort-kredit\/arten\/fuer-quad\"]}]},{\"@type\":\"ImageObject\",\"inLanguage\":\"de\",\"@id\":\"https:\/\/www.dr-staedtler.de\/sofort-kredit\/arten\/fuer-quad#primaryimage\",\"url\":\"http:\/\/www.dr-staedtler.de\/sofort-kredit\/wp-content\/uploads\/2012\/08\/quad.jpg\",\"contentUrl\":\"http:\/\/www.dr-staedtler.de\/sofort-kredit\/wp-content\/uploads\/2012\/08\/quad.jpg\",\"width\":\"283\",\"height\":\"424\",\"caption\":\"Kredit mit einem Quad finanzieren\"},{\"@type\":\"BreadcrumbList\",\"@id\":\"https:\/\/www.dr-staedtler.de\/sofort-kredit\/arten\/fuer-quad#breadcrumb\",\"itemListElement\":[{\"@type\":\"ListItem\",\"position\":1,\"name\":\"Home\",\"item\":\"https:\/\/www.dr-staedtler.de\/sofort-kredit\/\"},{\"@type\":\"ListItem\",\"position\":2,\"name\":\"Diese verschiedenen Kreditarten und Verwendungszwecke gibt es\",\"item\":\"https:\/\/www.dr-staedtler.de\/sofort-kredit\/arten\"},{\"@type\":\"ListItem\",\"position\":3,\"name\":\"Kredit f\u00fcr Quad\"}]},{\"@type\":\"WebSite\",\"@id\":\"http:\/\/www.dr-staedtler.de\/sofort-kredit\/#website\",\"url\":\"http:\/\/www.dr-staedtler.de\/sofort-kredit\/\",\"name\":\"Sofortkredit\",\"description\":\"Der Sofortkredit im unabh\u00e4ngigen Vergleich\",\"potentialAction\":[{\"@type\":\"SearchAction\",\"target\":{\"@type\":\"EntryPoint\",\"urlTemplate\":\"http:\/\/www.dr-staedtler.de\/sofort-kredit\/?s={search_term_string}\"},\"query-input\":{\"@type\":\"PropertyValueSpecification\",\"valueRequired\":true,\"valueName\":\"search_term_string\"}}],\"inLanguage\":\"de\"}]}<\/script>\n<!-- \/ Yoast SEO plugin. -->","yoast_head_json":{"title":"Kredit f\u00fcr Quad - Jetzt berechnen und Antrag stellen","description":"Kredit f\u00fcr Quad: Der lang gehegte Traum von einem Quad kann durch einen Sofortkredit f\u00fcr Quad wahr werden.","robots":{"index":"index","follow":"follow","max-snippet":"max-snippet:-1","max-image-preview":"max-image-preview:large","max-video-preview":"max-video-preview:-1"},"canonical":"https:\/\/www.dr-staedtler.de\/sofort-kredit\/arten\/fuer-quad","og_locale":"de_DE","og_type":"article","og_title":"Kredit f\u00fcr Quad - Jetzt berechnen und Antrag stellen","og_description":"Kredit f\u00fcr Quad: Der lang gehegte Traum von einem Quad kann durch einen Sofortkredit f\u00fcr Quad wahr werden.","og_url":"https:\/\/www.dr-staedtler.de\/sofort-kredit\/arten\/fuer-quad","og_site_name":"Sofortkredit","article_modified_time":"2017-05-23T10:14:06+00:00","og_image":[{"url":"http:\/\/www.dr-staedtler.de\/sofort-kredit\/wp-content\/uploads\/2012\/08\/quad-200x300.jpg","type":"","width":"","height":""}],"twitter_card":"summary_large_image","twitter_misc":{"Gesch\u00e4tzte Lesezeit":"2\u00a0Minuten"},"schema":{"@context":"https:\/\/schema.org","@graph":[{"@type":"WebPage","@id":"https:\/\/www.dr-staedtler.de\/sofort-kredit\/arten\/fuer-quad","url":"https:\/\/www.dr-staedtler.de\/sofort-kredit\/arten\/fuer-quad","name":"Kredit f\u00fcr Quad - Jetzt berechnen und Antrag stellen","isPartOf":{"@id":"http:\/\/www.dr-staedtler.de\/sofort-kredit\/#website"},"primaryImageOfPage":{"@id":"https:\/\/www.dr-staedtler.de\/sofort-kredit\/arten\/fuer-quad#primaryimage"},"image":{"@id":"https:\/\/www.dr-staedtler.de\/sofort-kredit\/arten\/fuer-quad#primaryimage"},"thumbnailUrl":"http:\/\/www.dr-staedtler.de\/sofort-kredit\/wp-content\/uploads\/2012\/08\/quad-200x300.jpg","datePublished":"2012-08-27T14:22:00+00:00","dateModified":"2017-05-23T10:14:06+00:00","description":"Kredit f\u00fcr Quad: Der lang gehegte Traum von einem Quad kann durch einen Sofortkredit f\u00fcr Quad wahr werden.","breadcrumb":{"@id":"https:\/\/www.dr-staedtler.de\/sofort-kredit\/arten\/fuer-quad#breadcrumb"},"inLanguage":"de","potentialAction":[{"@type":"ReadAction","target":["https:\/\/www.dr-staedtler.de\/sofort-kredit\/arten\/fuer-quad"]}]},{"@type":"ImageObject","inLanguage":"de","@id":"https:\/\/www.dr-staedtler.de\/sofort-kredit\/arten\/fuer-quad#primaryimage","url":"http:\/\/www.dr-staedtler.de\/sofort-kredit\/wp-content\/uploads\/2012\/08\/quad.jpg","contentUrl":"http:\/\/www.dr-staedtler.de\/sofort-kredit\/wp-content\/uploads\/2012\/08\/quad.jpg","width":"283","height":"424","caption":"Kredit mit einem Quad finanzieren"},{"@type":"BreadcrumbList","@id":"https:\/\/www.dr-staedtler.de\/sofort-kredit\/arten\/fuer-quad#breadcrumb","itemListElement":[{"@type":"ListItem","position":1,"name":"Home","item":"https:\/\/www.dr-staedtler.de\/sofort-kredit\/"},{"@type":"ListItem","position":2,"name":"Diese verschiedenen Kreditarten und Verwendungszwecke gibt es","item":"https:\/\/www.dr-staedtler.de\/sofort-kredit\/arten"},{"@type":"ListItem","position":3,"name":"Kredit f\u00fcr Quad"}]},{"@type":"WebSite","@id":"http:\/\/www.dr-staedtler.de\/sofort-kredit\/#website","url":"http:\/\/www.dr-staedtler.de\/sofort-kredit\/","name":"Sofortkredit","description":"Der Sofortkredit im unabh\u00e4ngigen Vergleich","potentialAction":[{"@type":"SearchAction","target":{"@type":"EntryPoint","urlTemplate":"http:\/\/www.dr-staedtler.de\/sofort-kredit\/?s={search_term_string}"},"query-input":{"@type":"PropertyValueSpecification","valueRequired":true,"valueName":"search_term_string"}}],"inLanguage":"de"}]}},"_links":{"self":[{"href":"http:\/\/www.dr-staedtler.de\/sofort-kredit\/wp-json\/wp\/v2\/pages\/1051","targetHints":{"allow":["GET"]}}],"collection":[{"href":"http:\/\/www.dr-staedtler.de\/sofort-kredit\/wp-json\/wp\/v2\/pages"}],"about":[{"href":"http:\/\/www.dr-staedtler.de\/sofort-kredit\/wp-json\/wp\/v2\/types\/page"}],"author":[{"embeddable":true,"href":"http:\/\/www.dr-staedtler.de\/sofort-kredit\/wp-json\/wp\/v2\/users\/2"}],"replies":[{"embeddable":true,"href":"http:\/\/www.dr-staedtler.de\/sofort-kredit\/wp-json\/wp\/v2\/comments?post=1051"}],"version-history":[{"count":3,"href":"http:\/\/www.dr-staedtler.de\/sofort-kredit\/wp-json\/wp\/v2\/pages\/1051\/revisions"}],"predecessor-version":[{"id":2556,"href":"http:\/\/www.dr-staedtler.de\/sofort-kredit\/wp-json\/wp\/v2\/pages\/1051\/revisions\/2556"}],"up":[{"embeddable":true,"href":"http:\/\/www.dr-staedtler.de\/sofort-kredit\/wp-json\/wp\/v2\/pages\/1081"}],"wp:attachment":[{"href":"http:\/\/www.dr-staedtler.de\/sofort-kredit\/wp-json\/wp\/v2\/media?parent=1051"}],"curies":[{"name":"wp","href":"https:\/\/api.w.org\/{rel}","templated":true}]}}