{"id":1049,"date":"2012-08-28T12:16:13","date_gmt":"2012-08-28T10:16:13","guid":{"rendered":"http:\/\/www.sofort-kredit.net\/?page_id=1049"},"modified":"2017-05-23T12:07:52","modified_gmt":"2017-05-23T10:07:52","slug":"fuer-brustvergroesserung","status":"publish","type":"page","link":"http:\/\/www.dr-staedtler.de\/sofort-kredit\/arten\/fuer-brustvergroesserung","title":{"rendered":"Kredit f\u00fcr Brustvergr\u00f6\u00dferung"},"content":{"rendered":"<p>Nicht wenige Frauen tr\u00e4umen schon lange davon, ihre Brust vergr\u00f6\u00dfern zu lassen. Mit einem <strong>Sofortkredit f\u00fcr eine Brustvergr\u00f6\u00dferung<\/strong> kann der Wunsch nach einem wundersch\u00f6nen Dekollet\u00e9 endlich in Erf\u00fcllung gehen.<br \/>\n<script defer=\"\" async=\"\" data-affiliateid=\"9e1fdf7f\" data-placementid=\"783582278\" data-amount=\"5000\" data-category=\"\" data-duration=\"48\" src=\"https:\/\/www.smava.de\/pp\/smava-kreditvergleich\/main.js\"><\/script><\/p>\n<h2>Wunderbares K\u00f6rpergef\u00fchl dank dem Traumdekollet\u00e9<\/h2>\n<p>Unz\u00e4hlige Damen w\u00fcnschen sich schon seit geraumer Zeit einen \u00fcppigeren Busen. Mithilfe von Implantaten k\u00f6nnen die kleineren Br\u00fcste je nach Geschmack um etliche K\u00f6rbchengr\u00f6\u00dfen erweitert werden. Mit dieser Sch\u00f6nheits-OP wird der Traum vom sch\u00f6nen Dekollet\u00e9 endlich wahr. Dies sorgt nicht nur f\u00fcr ein rundum neues und wunderbares K\u00f6rpergef\u00fchl, sondern gibt der Frau auch mehr Selbstbewusstsein und Lebensfreude. Kein Wunder, dass die Nachfrage nach einem <strong>Kredit f\u00fcr Brustvergr\u00f6\u00dferung<\/strong> in den letzten Jahren immer weiter gestiegen ist und sich immer mehr Damen einer solchen Operation unterziehen.<\/p>\n<h3>Sofortkredit f\u00fcr Brustvergr\u00f6\u00dferungen &#8211; Infos und Tipps<\/h3>\n<p><img loading=\"lazy\" decoding=\"async\" class=\"alignleft size-medium wp-image-1126\" style=\"margin-right: 10px; margin-bottom: 8px; border: 1px solid grey;\" title=\"Finanzierung mit einem Kredit f\u00fcr Brustvergr\u00f6\u00dferung\" src=\"http:\/\/www.dr-staedtler.de\/sofort-kredit\/wp-content\/uploads\/2012\/08\/brustvergroesserung-200x300.jpg\" alt=\"Finanzierung mit einem Kredit f\u00fcr Brustvergr\u00f6\u00dferung\" width=\"200\" height=\"300\" srcset=\"http:\/\/www.dr-staedtler.de\/sofort-kredit\/wp-content\/uploads\/2012\/08\/brustvergroesserung-200x300.jpg 200w, http:\/\/www.dr-staedtler.de\/sofort-kredit\/wp-content\/uploads\/2012\/08\/brustvergroesserung.jpg 283w\" sizes=\"auto, (max-width: 200px) 100vw, 200px\" \/>Leider hat eine solche <a href=\"http:\/\/www.dr-staedtler.de\/sofort-kredit\/arten\/fuer-schoenheitsoperation\">Operation auch ihren Preis<\/a>: In Abh\u00e4ngigkeit von der jeweiligen Klinik und den zu erbringenden Leistungen muss mit<strong> Kosten in H\u00f6he von 5.000 bis 7.000 Euro<\/strong> gerechnet werden. Zwar werden Brustvergr\u00f6\u00dferungen im Ausland h\u00e4ufig g\u00fcnstiger angeboten, allerdings k\u00f6nnen hierbei gesundheitliche Gef\u00e4hrdungen nicht ausgeschlossen werden. So kann sich die Nachsorge um einiges komplizierter gestalten und auch eventuelle Regressforderungen k\u00f6nnen nur schwer durchgesetzt werden. In diesem Bereich sollte man daher keinesfalls am falschen Ende sparen. Dank der gro\u00dfen Nachfrage ist es jedoch m\u00f6glich, einen <strong>Sofortkredit f\u00fcr eine Brustvergr\u00f6\u00dferung<\/strong> aufzunehmen. Diese werden h\u00e4ufig von der Klink angeboten. Allerdings sind die anfallenden <strong>Kreditnebenkosten<\/strong> hier erfahrungsgem\u00e4\u00df um einiges h\u00f6her.<\/p>\n<h4>Den passenden Kredit finden<\/h4>\n<p>Um einiges g\u00fcnstiger fallen <strong>Sofortkredite f\u00fcr Brustvergr\u00f6\u00dferungen<\/strong> bei den diversen Bank- und Kreditinstituten aus. Sofern die jeweilige Bonit\u00e4t stimmt, kann schnell und unkompliziert ein<strong> Konsumentenkredit<\/strong> beantragt werden. Dieser wird &#8211; im Gegensatz zu den oben genannten Krediten &#8211; nicht direkt an den betreffenden Sch\u00f6nheitschirurgen gezahlt, sondern jede Patientin erh\u00e4lt nach der erfolgten Sch\u00f6nheits-OP eine Rechnung, die anschlie\u00dfend beglichen werden muss. Hierbei ist es allerdings unabdingbar, vorab einen umfassenden und <strong>gr\u00fcndlichen Vergleich<\/strong> der Kredite f\u00fcr Brust OP\u00b4s zu unternehmen. Denn mitunter gibt es betr\u00e4chtliche Unterschiede hinsichtlich der einzelnen Konditionen.<\/p>\n","protected":false},"excerpt":{"rendered":"<p>Nicht wenige Frauen tr\u00e4umen schon lange davon, ihre Brust vergr\u00f6\u00dfern zu lassen. Mit einem Sofortkredit f\u00fcr eine Brustvergr\u00f6\u00dferung kann der Wunsch nach einem wundersch\u00f6nen Dekollet\u00e9 endlich in Erf\u00fcllung gehen. Wunderbares K\u00f6rpergef\u00fchl dank dem Traumdekollet\u00e9 Unz\u00e4hlige Damen w\u00fcnschen sich schon seit geraumer Zeit einen \u00fcppigeren Busen. Mithilfe von Implantaten k\u00f6nnen die kleineren Br\u00fcste je nach Geschmack [&hellip;]<\/p>\n","protected":false},"author":2,"featured_media":0,"parent":1081,"menu_order":0,"comment_status":"closed","ping_status":"open","template":"templates\/sidebar-right.php","meta":{"footnotes":""},"class_list":["post-1049","page","type-page","status-publish","hentry"],"yoast_head":"<!-- This site is optimized with the Yoast SEO plugin v24.6 - https:\/\/yoast.com\/wordpress\/plugins\/seo\/ -->\n<title>Kredit f\u00fcr Brustvergr\u00f6\u00dferung - Jetzt g\u00fcnstigen Kredit sichern<\/title>\n<meta name=\"description\" content=\"Jetzt g\u00fcnstigen Kredit sichern: Frauen tr\u00e4umen von einem gr\u00f6\u00dferen und sch\u00f6neren Busen, der durch eine eigenfinanzierte Operation m\u00f6glich wird.\" \/>\n<meta name=\"robots\" content=\"index, follow, max-snippet:-1, max-image-preview:large, max-video-preview:-1\" \/>\n<link rel=\"canonical\" href=\"https:\/\/www.dr-staedtler.de\/sofort-kredit\/arten\/fuer-brustvergroesserung\" \/>\n<meta property=\"og:locale\" content=\"de_DE\" \/>\n<meta property=\"og:type\" content=\"article\" \/>\n<meta property=\"og:title\" content=\"Kredit f\u00fcr Brustvergr\u00f6\u00dferung - Jetzt g\u00fcnstigen Kredit sichern\" \/>\n<meta property=\"og:description\" content=\"Jetzt g\u00fcnstigen Kredit sichern: Frauen tr\u00e4umen von einem gr\u00f6\u00dferen und sch\u00f6neren Busen, der durch eine eigenfinanzierte Operation m\u00f6glich wird.\" \/>\n<meta property=\"og:url\" content=\"https:\/\/www.dr-staedtler.de\/sofort-kredit\/arten\/fuer-brustvergroesserung\" \/>\n<meta property=\"og:site_name\" content=\"Sofortkredit\" \/>\n<meta property=\"article:modified_time\" content=\"2017-05-23T10:07:52+00:00\" \/>\n<meta property=\"og:image\" content=\"http:\/\/www.dr-staedtler.de\/sofort-kredit\/wp-content\/uploads\/2012\/08\/brustvergroesserung-200x300.jpg\" \/>\n<meta name=\"twitter:card\" content=\"summary_large_image\" \/>\n<meta name=\"twitter:label1\" content=\"Gesch\u00e4tzte Lesezeit\" \/>\n\t<meta name=\"twitter:data1\" content=\"2\u00a0Minuten\" \/>\n<script type=\"application\/ld+json\" class=\"yoast-schema-graph\">{\"@context\":\"https:\/\/schema.org\",\"@graph\":[{\"@type\":\"WebPage\",\"@id\":\"https:\/\/www.dr-staedtler.de\/sofort-kredit\/arten\/fuer-brustvergroesserung\",\"url\":\"https:\/\/www.dr-staedtler.de\/sofort-kredit\/arten\/fuer-brustvergroesserung\",\"name\":\"Kredit f\u00fcr Brustvergr\u00f6\u00dferung - Jetzt g\u00fcnstigen Kredit sichern\",\"isPartOf\":{\"@id\":\"http:\/\/www.dr-staedtler.de\/sofort-kredit\/#website\"},\"primaryImageOfPage\":{\"@id\":\"https:\/\/www.dr-staedtler.de\/sofort-kredit\/arten\/fuer-brustvergroesserung#primaryimage\"},\"image\":{\"@id\":\"https:\/\/www.dr-staedtler.de\/sofort-kredit\/arten\/fuer-brustvergroesserung#primaryimage\"},\"thumbnailUrl\":\"http:\/\/www.dr-staedtler.de\/sofort-kredit\/wp-content\/uploads\/2012\/08\/brustvergroesserung-200x300.jpg\",\"datePublished\":\"2012-08-28T10:16:13+00:00\",\"dateModified\":\"2017-05-23T10:07:52+00:00\",\"description\":\"Jetzt g\u00fcnstigen Kredit sichern: Frauen tr\u00e4umen von einem gr\u00f6\u00dferen und sch\u00f6neren Busen, der durch eine eigenfinanzierte Operation m\u00f6glich wird.\",\"breadcrumb\":{\"@id\":\"https:\/\/www.dr-staedtler.de\/sofort-kredit\/arten\/fuer-brustvergroesserung#breadcrumb\"},\"inLanguage\":\"de\",\"potentialAction\":[{\"@type\":\"ReadAction\",\"target\":[\"https:\/\/www.dr-staedtler.de\/sofort-kredit\/arten\/fuer-brustvergroesserung\"]}]},{\"@type\":\"ImageObject\",\"inLanguage\":\"de\",\"@id\":\"https:\/\/www.dr-staedtler.de\/sofort-kredit\/arten\/fuer-brustvergroesserung#primaryimage\",\"url\":\"http:\/\/www.dr-staedtler.de\/sofort-kredit\/wp-content\/uploads\/2012\/08\/brustvergroesserung.jpg\",\"contentUrl\":\"http:\/\/www.dr-staedtler.de\/sofort-kredit\/wp-content\/uploads\/2012\/08\/brustvergroesserung.jpg\",\"width\":\"283\",\"height\":\"424\",\"caption\":\"Finanzierung der Brustvergr\u00f6\u00dferung\"},{\"@type\":\"BreadcrumbList\",\"@id\":\"https:\/\/www.dr-staedtler.de\/sofort-kredit\/arten\/fuer-brustvergroesserung#breadcrumb\",\"itemListElement\":[{\"@type\":\"ListItem\",\"position\":1,\"name\":\"Home\",\"item\":\"https:\/\/www.dr-staedtler.de\/sofort-kredit\/\"},{\"@type\":\"ListItem\",\"position\":2,\"name\":\"Diese verschiedenen Kreditarten und Verwendungszwecke gibt es\",\"item\":\"https:\/\/www.dr-staedtler.de\/sofort-kredit\/arten\"},{\"@type\":\"ListItem\",\"position\":3,\"name\":\"Kredit f\u00fcr Brustvergr\u00f6\u00dferung\"}]},{\"@type\":\"WebSite\",\"@id\":\"http:\/\/www.dr-staedtler.de\/sofort-kredit\/#website\",\"url\":\"http:\/\/www.dr-staedtler.de\/sofort-kredit\/\",\"name\":\"Sofortkredit\",\"description\":\"Der Sofortkredit im unabh\u00e4ngigen Vergleich\",\"potentialAction\":[{\"@type\":\"SearchAction\",\"target\":{\"@type\":\"EntryPoint\",\"urlTemplate\":\"http:\/\/www.dr-staedtler.de\/sofort-kredit\/?s={search_term_string}\"},\"query-input\":{\"@type\":\"PropertyValueSpecification\",\"valueRequired\":true,\"valueName\":\"search_term_string\"}}],\"inLanguage\":\"de\"}]}<\/script>\n<!-- \/ Yoast SEO plugin. -->","yoast_head_json":{"title":"Kredit f\u00fcr Brustvergr\u00f6\u00dferung - Jetzt g\u00fcnstigen Kredit sichern","description":"Jetzt g\u00fcnstigen Kredit sichern: Frauen tr\u00e4umen von einem gr\u00f6\u00dferen und sch\u00f6neren Busen, der durch eine eigenfinanzierte Operation m\u00f6glich wird.","robots":{"index":"index","follow":"follow","max-snippet":"max-snippet:-1","max-image-preview":"max-image-preview:large","max-video-preview":"max-video-preview:-1"},"canonical":"https:\/\/www.dr-staedtler.de\/sofort-kredit\/arten\/fuer-brustvergroesserung","og_locale":"de_DE","og_type":"article","og_title":"Kredit f\u00fcr Brustvergr\u00f6\u00dferung - Jetzt g\u00fcnstigen Kredit sichern","og_description":"Jetzt g\u00fcnstigen Kredit sichern: Frauen tr\u00e4umen von einem gr\u00f6\u00dferen und sch\u00f6neren Busen, der durch eine eigenfinanzierte Operation m\u00f6glich wird.","og_url":"https:\/\/www.dr-staedtler.de\/sofort-kredit\/arten\/fuer-brustvergroesserung","og_site_name":"Sofortkredit","article_modified_time":"2017-05-23T10:07:52+00:00","og_image":[{"url":"http:\/\/www.dr-staedtler.de\/sofort-kredit\/wp-content\/uploads\/2012\/08\/brustvergroesserung-200x300.jpg","type":"","width":"","height":""}],"twitter_card":"summary_large_image","twitter_misc":{"Gesch\u00e4tzte Lesezeit":"2\u00a0Minuten"},"schema":{"@context":"https:\/\/schema.org","@graph":[{"@type":"WebPage","@id":"https:\/\/www.dr-staedtler.de\/sofort-kredit\/arten\/fuer-brustvergroesserung","url":"https:\/\/www.dr-staedtler.de\/sofort-kredit\/arten\/fuer-brustvergroesserung","name":"Kredit f\u00fcr Brustvergr\u00f6\u00dferung - Jetzt g\u00fcnstigen Kredit sichern","isPartOf":{"@id":"http:\/\/www.dr-staedtler.de\/sofort-kredit\/#website"},"primaryImageOfPage":{"@id":"https:\/\/www.dr-staedtler.de\/sofort-kredit\/arten\/fuer-brustvergroesserung#primaryimage"},"image":{"@id":"https:\/\/www.dr-staedtler.de\/sofort-kredit\/arten\/fuer-brustvergroesserung#primaryimage"},"thumbnailUrl":"http:\/\/www.dr-staedtler.de\/sofort-kredit\/wp-content\/uploads\/2012\/08\/brustvergroesserung-200x300.jpg","datePublished":"2012-08-28T10:16:13+00:00","dateModified":"2017-05-23T10:07:52+00:00","description":"Jetzt g\u00fcnstigen Kredit sichern: Frauen tr\u00e4umen von einem gr\u00f6\u00dferen und sch\u00f6neren Busen, der durch eine eigenfinanzierte Operation m\u00f6glich wird.","breadcrumb":{"@id":"https:\/\/www.dr-staedtler.de\/sofort-kredit\/arten\/fuer-brustvergroesserung#breadcrumb"},"inLanguage":"de","potentialAction":[{"@type":"ReadAction","target":["https:\/\/www.dr-staedtler.de\/sofort-kredit\/arten\/fuer-brustvergroesserung"]}]},{"@type":"ImageObject","inLanguage":"de","@id":"https:\/\/www.dr-staedtler.de\/sofort-kredit\/arten\/fuer-brustvergroesserung#primaryimage","url":"http:\/\/www.dr-staedtler.de\/sofort-kredit\/wp-content\/uploads\/2012\/08\/brustvergroesserung.jpg","contentUrl":"http:\/\/www.dr-staedtler.de\/sofort-kredit\/wp-content\/uploads\/2012\/08\/brustvergroesserung.jpg","width":"283","height":"424","caption":"Finanzierung der Brustvergr\u00f6\u00dferung"},{"@type":"BreadcrumbList","@id":"https:\/\/www.dr-staedtler.de\/sofort-kredit\/arten\/fuer-brustvergroesserung#breadcrumb","itemListElement":[{"@type":"ListItem","position":1,"name":"Home","item":"https:\/\/www.dr-staedtler.de\/sofort-kredit\/"},{"@type":"ListItem","position":2,"name":"Diese verschiedenen Kreditarten und Verwendungszwecke gibt es","item":"https:\/\/www.dr-staedtler.de\/sofort-kredit\/arten"},{"@type":"ListItem","position":3,"name":"Kredit f\u00fcr Brustvergr\u00f6\u00dferung"}]},{"@type":"WebSite","@id":"http:\/\/www.dr-staedtler.de\/sofort-kredit\/#website","url":"http:\/\/www.dr-staedtler.de\/sofort-kredit\/","name":"Sofortkredit","description":"Der Sofortkredit im unabh\u00e4ngigen Vergleich","potentialAction":[{"@type":"SearchAction","target":{"@type":"EntryPoint","urlTemplate":"http:\/\/www.dr-staedtler.de\/sofort-kredit\/?s={search_term_string}"},"query-input":{"@type":"PropertyValueSpecification","valueRequired":true,"valueName":"search_term_string"}}],"inLanguage":"de"}]}},"_links":{"self":[{"href":"http:\/\/www.dr-staedtler.de\/sofort-kredit\/wp-json\/wp\/v2\/pages\/1049","targetHints":{"allow":["GET"]}}],"collection":[{"href":"http:\/\/www.dr-staedtler.de\/sofort-kredit\/wp-json\/wp\/v2\/pages"}],"about":[{"href":"http:\/\/www.dr-staedtler.de\/sofort-kredit\/wp-json\/wp\/v2\/types\/page"}],"author":[{"embeddable":true,"href":"http:\/\/www.dr-staedtler.de\/sofort-kredit\/wp-json\/wp\/v2\/users\/2"}],"replies":[{"embeddable":true,"href":"http:\/\/www.dr-staedtler.de\/sofort-kredit\/wp-json\/wp\/v2\/comments?post=1049"}],"version-history":[{"count":3,"href":"http:\/\/www.dr-staedtler.de\/sofort-kredit\/wp-json\/wp\/v2\/pages\/1049\/revisions"}],"predecessor-version":[{"id":2531,"href":"http:\/\/www.dr-staedtler.de\/sofort-kredit\/wp-json\/wp\/v2\/pages\/1049\/revisions\/2531"}],"up":[{"embeddable":true,"href":"http:\/\/www.dr-staedtler.de\/sofort-kredit\/wp-json\/wp\/v2\/pages\/1081"}],"wp:attachment":[{"href":"http:\/\/www.dr-staedtler.de\/sofort-kredit\/wp-json\/wp\/v2\/media?parent=1049"}],"curies":[{"name":"wp","href":"https:\/\/api.w.org\/{rel}","templated":true}]}}