{"id":1047,"date":"2012-08-30T16:28:08","date_gmt":"2012-08-30T14:28:08","guid":{"rendered":"http:\/\/www.sofort-kredit.net\/?page_id=1047"},"modified":"2017-05-23T12:15:59","modified_gmt":"2017-05-23T10:15:59","slug":"fuer-traktor","status":"publish","type":"page","link":"http:\/\/www.dr-staedtler.de\/sofort-kredit\/arten\/fuer-traktor","title":{"rendered":"Kredit f\u00fcr Traktor"},"content":{"rendered":"<p>In der Landwirtschaft ist man auf moderne und funktionst\u00fcchtige <strong>Traktoren<\/strong> in h\u00f6chstem Ma\u00dfe angewiesen. Mit einem <strong>Sofortkredit<\/strong> k\u00f6nnen hochwertige Modelle ohne unmittelbare empfindliche Belastungen finanziert werden.<br \/>\n<script defer=\"\" async=\"\" data-affiliateid=\"9e1fdf7f\" data-placementid=\"783582278\" data-amount=\"50000\" data-category=\"\" data-duration=\"96\" src=\"https:\/\/www.smava.de\/pp\/smava-kreditvergleich\/main.js\"><\/script><\/p>\n<h2>Traktoren &#8211; in der modernen Landwirtschaft unverzichtbar<\/h2>\n<p><img loading=\"lazy\" decoding=\"async\" class=\"alignleft size-medium wp-image-1268\" style=\"margin-right: 10px; margin-bottom: 8px; border: 1px solid grey;\" title=\"Finanzierung eines neuen Traktors\" src=\"http:\/\/www.dr-staedtler.de\/sofort-kredit\/wp-content\/uploads\/2012\/08\/neuertraktor-300x256.jpg\" alt=\"Finanzierung eines neuen Traktors\" width=\"300\" height=\"256\" srcset=\"http:\/\/www.dr-staedtler.de\/sofort-kredit\/wp-content\/uploads\/2012\/08\/neuertraktor-300x256.jpg 300w, http:\/\/www.dr-staedtler.de\/sofort-kredit\/wp-content\/uploads\/2012\/08\/neuertraktor.jpg 375w\" sizes=\"auto, (max-width: 300px) 100vw, 300px\" \/>Ein Bauernhof ohne Traktoren? Undenkbar, erleichtern diese Fahrzeuge doch s\u00e4mtliche Arbeitsabl\u00e4ufe und tragen so zu einer <strong>effektiven Steigerung des Ertrags<\/strong> bei. Umso wichtiger, dass Traktoren von hoher Qualit\u00e4t und Funktionalit\u00e4t sind. Allerdings ist daf\u00fcr nat\u00fcrlich eine <a href=\"http:\/\/www.dr-staedtler.de\/sofort-kredit\/arten\/fuer-landwirte\" title=\"gewisse finanzielle Investition\">gewisse finanzielle Investition<\/a> n\u00f6tig &#8211; Geld, das nicht jeder Landwirt ohne weiteres aus dem \u00c4rmel sch\u00fctteln kann. Sofortkredite bieten die M\u00f6glichkeit, diesen essentiellen Bestandteil einer jeden Landwirtschaft ohne unmittelbar zu sp\u00fcrende <strong>finanzielle Belastungen<\/strong> zu erwerben.<\/p>\n<h3>Was sollte man bei der Kreditsuche beachten?<\/h3>\n<p>Kein Wunder also, dass die Nachfrage nach einer <strong>solchen Kreditform<\/strong> in den letzten Jahren immer weiter gestiegen ist. Mittlerweile gibt es dank diesen gro\u00dfen Interesses eine Reihe an <strong>Angeboten verschiedenster Bank- und Kreditinstitute<\/strong>, die Sofortkredite f\u00fcr Traktore anbieten. Bekannte Kreditmodelle sind beispielsweise Angebote der KfW-Bank. Auch \u00fcber die Landeswirtschaftskammer sind unz\u00e4hlige <strong>interessante Sofortkredite<\/strong> zu finden. Allerdings sollte man vorab genau \u00fcberlegen, welche Summe ben\u00f6tigt wird und wie hoch eine monatliche Belastung ausfallen darf. Bei den Kalkulationen sollte dabei stets gen\u00fcgend finanzieller Spielraum gelassen werden, um auf diverse Unw\u00e4gbarkeiten vorbereitet zu sein.<\/p>\n<h4>Ohne einen Vergleich geht gar nichts<\/h4>\n<p>Angesichts der unz\u00e4hligen Angebote in diesem Bereich gibt es die <strong>unterschiedlichsten Kreditmodelle<\/strong>. Diese unterscheiden sich zum Teil betr\u00e4chtlich hinsichtlich der einzelnen Konditionen. Daher sollte vor der Unterzeichnung eines Vertrags genau und umfassend zwischen den diversen<strong> Sofortkrediten<\/strong> f\u00fcr einen Traktor verglichen werden. Dies betrifft vor allem die Punkte <strong>effektiven Jahreszins<\/strong> sowie die jeweiligen Laufzeiten. Ebenfalls wichtig sind die zus\u00e4tzlichen Kosten sowie die ben\u00f6tigten Ausk\u00fcnfte und Nachweise, die seitens des Kreditnehmers erbracht werden m\u00fcssen. Nur wer gr\u00fcndlich und in aller Ruhe vergleicht, kann sicher sein, einen <strong>optimalen Kredit f\u00fcr einen Traktor<\/strong> zu erhalten und somit auch seine Landwirtschaft erfolgreich und ohne finanzielle Belastungen f\u00fchren zu k\u00f6nnen.<\/p>\n","protected":false},"excerpt":{"rendered":"<p>In der Landwirtschaft ist man auf moderne und funktionst\u00fcchtige Traktoren in h\u00f6chstem Ma\u00dfe angewiesen. Mit einem Sofortkredit k\u00f6nnen hochwertige Modelle ohne unmittelbare empfindliche Belastungen finanziert werden. Traktoren &#8211; in der modernen Landwirtschaft unverzichtbar Ein Bauernhof ohne Traktoren? Undenkbar, erleichtern diese Fahrzeuge doch s\u00e4mtliche Arbeitsabl\u00e4ufe und tragen so zu einer effektiven Steigerung des Ertrags bei. Umso [&hellip;]<\/p>\n","protected":false},"author":2,"featured_media":0,"parent":1081,"menu_order":0,"comment_status":"closed","ping_status":"open","template":"templates\/sidebar-right.php","meta":{"footnotes":""},"class_list":["post-1047","page","type-page","status-publish","hentry"],"yoast_head":"<!-- This site is optimized with the Yoast SEO plugin v24.6 - https:\/\/yoast.com\/wordpress\/plugins\/seo\/ -->\n<title>Kredit f\u00fcr Traktor - Jetzt g\u00fcnstigen Kredit online sichern<\/title>\n<meta name=\"description\" content=\"Kredit f\u00fcr Traktor: Moderne und funktionierende Traktoren sind wichtig, um den Betrieb odentlich zu gew\u00e4hrleisten. Wie kann ein neuer Traktor finanziert werden?\" \/>\n<meta name=\"robots\" content=\"index, follow, max-snippet:-1, max-image-preview:large, max-video-preview:-1\" \/>\n<link rel=\"canonical\" href=\"https:\/\/www.dr-staedtler.de\/sofort-kredit\/arten\/fuer-traktor\" \/>\n<meta property=\"og:locale\" content=\"de_DE\" \/>\n<meta property=\"og:type\" content=\"article\" \/>\n<meta property=\"og:title\" content=\"Kredit f\u00fcr Traktor - Jetzt g\u00fcnstigen Kredit online sichern\" \/>\n<meta property=\"og:description\" content=\"Kredit f\u00fcr Traktor: Moderne und funktionierende Traktoren sind wichtig, um den Betrieb odentlich zu gew\u00e4hrleisten. Wie kann ein neuer Traktor finanziert werden?\" \/>\n<meta property=\"og:url\" content=\"https:\/\/www.dr-staedtler.de\/sofort-kredit\/arten\/fuer-traktor\" \/>\n<meta property=\"og:site_name\" content=\"Sofortkredit\" \/>\n<meta property=\"article:modified_time\" content=\"2017-05-23T10:15:59+00:00\" \/>\n<meta property=\"og:image\" content=\"http:\/\/www.dr-staedtler.de\/sofort-kredit\/wp-content\/uploads\/2012\/08\/neuertraktor-300x256.jpg\" \/>\n<meta name=\"twitter:card\" content=\"summary_large_image\" \/>\n<meta name=\"twitter:label1\" content=\"Gesch\u00e4tzte Lesezeit\" \/>\n\t<meta name=\"twitter:data1\" content=\"2\u00a0Minuten\" \/>\n<script type=\"application\/ld+json\" class=\"yoast-schema-graph\">{\"@context\":\"https:\/\/schema.org\",\"@graph\":[{\"@type\":\"WebPage\",\"@id\":\"https:\/\/www.dr-staedtler.de\/sofort-kredit\/arten\/fuer-traktor\",\"url\":\"https:\/\/www.dr-staedtler.de\/sofort-kredit\/arten\/fuer-traktor\",\"name\":\"Kredit f\u00fcr Traktor - Jetzt g\u00fcnstigen Kredit online sichern\",\"isPartOf\":{\"@id\":\"http:\/\/www.dr-staedtler.de\/sofort-kredit\/#website\"},\"primaryImageOfPage\":{\"@id\":\"https:\/\/www.dr-staedtler.de\/sofort-kredit\/arten\/fuer-traktor#primaryimage\"},\"image\":{\"@id\":\"https:\/\/www.dr-staedtler.de\/sofort-kredit\/arten\/fuer-traktor#primaryimage\"},\"thumbnailUrl\":\"http:\/\/www.dr-staedtler.de\/sofort-kredit\/wp-content\/uploads\/2012\/08\/neuertraktor-300x256.jpg\",\"datePublished\":\"2012-08-30T14:28:08+00:00\",\"dateModified\":\"2017-05-23T10:15:59+00:00\",\"description\":\"Kredit f\u00fcr Traktor: Moderne und funktionierende Traktoren sind wichtig, um den Betrieb odentlich zu gew\u00e4hrleisten. Wie kann ein neuer Traktor finanziert werden?\",\"breadcrumb\":{\"@id\":\"https:\/\/www.dr-staedtler.de\/sofort-kredit\/arten\/fuer-traktor#breadcrumb\"},\"inLanguage\":\"de\",\"potentialAction\":[{\"@type\":\"ReadAction\",\"target\":[\"https:\/\/www.dr-staedtler.de\/sofort-kredit\/arten\/fuer-traktor\"]}]},{\"@type\":\"ImageObject\",\"inLanguage\":\"de\",\"@id\":\"https:\/\/www.dr-staedtler.de\/sofort-kredit\/arten\/fuer-traktor#primaryimage\",\"url\":\"http:\/\/www.dr-staedtler.de\/sofort-kredit\/wp-content\/uploads\/2012\/08\/neuertraktor.jpg\",\"contentUrl\":\"http:\/\/www.dr-staedtler.de\/sofort-kredit\/wp-content\/uploads\/2012\/08\/neuertraktor.jpg\",\"width\":\"375\",\"height\":\"320\",\"caption\":\"Finanzierung eines neuen Traktors\"},{\"@type\":\"BreadcrumbList\",\"@id\":\"https:\/\/www.dr-staedtler.de\/sofort-kredit\/arten\/fuer-traktor#breadcrumb\",\"itemListElement\":[{\"@type\":\"ListItem\",\"position\":1,\"name\":\"Home\",\"item\":\"https:\/\/www.dr-staedtler.de\/sofort-kredit\/\"},{\"@type\":\"ListItem\",\"position\":2,\"name\":\"Diese verschiedenen Kreditarten und Verwendungszwecke gibt es\",\"item\":\"https:\/\/www.dr-staedtler.de\/sofort-kredit\/arten\"},{\"@type\":\"ListItem\",\"position\":3,\"name\":\"Kredit f\u00fcr Traktor\"}]},{\"@type\":\"WebSite\",\"@id\":\"http:\/\/www.dr-staedtler.de\/sofort-kredit\/#website\",\"url\":\"http:\/\/www.dr-staedtler.de\/sofort-kredit\/\",\"name\":\"Sofortkredit\",\"description\":\"Der Sofortkredit im unabh\u00e4ngigen Vergleich\",\"potentialAction\":[{\"@type\":\"SearchAction\",\"target\":{\"@type\":\"EntryPoint\",\"urlTemplate\":\"http:\/\/www.dr-staedtler.de\/sofort-kredit\/?s={search_term_string}\"},\"query-input\":{\"@type\":\"PropertyValueSpecification\",\"valueRequired\":true,\"valueName\":\"search_term_string\"}}],\"inLanguage\":\"de\"}]}<\/script>\n<!-- \/ Yoast SEO plugin. -->","yoast_head_json":{"title":"Kredit f\u00fcr Traktor - Jetzt g\u00fcnstigen Kredit online sichern","description":"Kredit f\u00fcr Traktor: Moderne und funktionierende Traktoren sind wichtig, um den Betrieb odentlich zu gew\u00e4hrleisten. Wie kann ein neuer Traktor finanziert werden?","robots":{"index":"index","follow":"follow","max-snippet":"max-snippet:-1","max-image-preview":"max-image-preview:large","max-video-preview":"max-video-preview:-1"},"canonical":"https:\/\/www.dr-staedtler.de\/sofort-kredit\/arten\/fuer-traktor","og_locale":"de_DE","og_type":"article","og_title":"Kredit f\u00fcr Traktor - Jetzt g\u00fcnstigen Kredit online sichern","og_description":"Kredit f\u00fcr Traktor: Moderne und funktionierende Traktoren sind wichtig, um den Betrieb odentlich zu gew\u00e4hrleisten. Wie kann ein neuer Traktor finanziert werden?","og_url":"https:\/\/www.dr-staedtler.de\/sofort-kredit\/arten\/fuer-traktor","og_site_name":"Sofortkredit","article_modified_time":"2017-05-23T10:15:59+00:00","og_image":[{"url":"http:\/\/www.dr-staedtler.de\/sofort-kredit\/wp-content\/uploads\/2012\/08\/neuertraktor-300x256.jpg","type":"","width":"","height":""}],"twitter_card":"summary_large_image","twitter_misc":{"Gesch\u00e4tzte Lesezeit":"2\u00a0Minuten"},"schema":{"@context":"https:\/\/schema.org","@graph":[{"@type":"WebPage","@id":"https:\/\/www.dr-staedtler.de\/sofort-kredit\/arten\/fuer-traktor","url":"https:\/\/www.dr-staedtler.de\/sofort-kredit\/arten\/fuer-traktor","name":"Kredit f\u00fcr Traktor - Jetzt g\u00fcnstigen Kredit online sichern","isPartOf":{"@id":"http:\/\/www.dr-staedtler.de\/sofort-kredit\/#website"},"primaryImageOfPage":{"@id":"https:\/\/www.dr-staedtler.de\/sofort-kredit\/arten\/fuer-traktor#primaryimage"},"image":{"@id":"https:\/\/www.dr-staedtler.de\/sofort-kredit\/arten\/fuer-traktor#primaryimage"},"thumbnailUrl":"http:\/\/www.dr-staedtler.de\/sofort-kredit\/wp-content\/uploads\/2012\/08\/neuertraktor-300x256.jpg","datePublished":"2012-08-30T14:28:08+00:00","dateModified":"2017-05-23T10:15:59+00:00","description":"Kredit f\u00fcr Traktor: Moderne und funktionierende Traktoren sind wichtig, um den Betrieb odentlich zu gew\u00e4hrleisten. Wie kann ein neuer Traktor finanziert werden?","breadcrumb":{"@id":"https:\/\/www.dr-staedtler.de\/sofort-kredit\/arten\/fuer-traktor#breadcrumb"},"inLanguage":"de","potentialAction":[{"@type":"ReadAction","target":["https:\/\/www.dr-staedtler.de\/sofort-kredit\/arten\/fuer-traktor"]}]},{"@type":"ImageObject","inLanguage":"de","@id":"https:\/\/www.dr-staedtler.de\/sofort-kredit\/arten\/fuer-traktor#primaryimage","url":"http:\/\/www.dr-staedtler.de\/sofort-kredit\/wp-content\/uploads\/2012\/08\/neuertraktor.jpg","contentUrl":"http:\/\/www.dr-staedtler.de\/sofort-kredit\/wp-content\/uploads\/2012\/08\/neuertraktor.jpg","width":"375","height":"320","caption":"Finanzierung eines neuen Traktors"},{"@type":"BreadcrumbList","@id":"https:\/\/www.dr-staedtler.de\/sofort-kredit\/arten\/fuer-traktor#breadcrumb","itemListElement":[{"@type":"ListItem","position":1,"name":"Home","item":"https:\/\/www.dr-staedtler.de\/sofort-kredit\/"},{"@type":"ListItem","position":2,"name":"Diese verschiedenen Kreditarten und Verwendungszwecke gibt es","item":"https:\/\/www.dr-staedtler.de\/sofort-kredit\/arten"},{"@type":"ListItem","position":3,"name":"Kredit f\u00fcr Traktor"}]},{"@type":"WebSite","@id":"http:\/\/www.dr-staedtler.de\/sofort-kredit\/#website","url":"http:\/\/www.dr-staedtler.de\/sofort-kredit\/","name":"Sofortkredit","description":"Der Sofortkredit im unabh\u00e4ngigen Vergleich","potentialAction":[{"@type":"SearchAction","target":{"@type":"EntryPoint","urlTemplate":"http:\/\/www.dr-staedtler.de\/sofort-kredit\/?s={search_term_string}"},"query-input":{"@type":"PropertyValueSpecification","valueRequired":true,"valueName":"search_term_string"}}],"inLanguage":"de"}]}},"_links":{"self":[{"href":"http:\/\/www.dr-staedtler.de\/sofort-kredit\/wp-json\/wp\/v2\/pages\/1047","targetHints":{"allow":["GET"]}}],"collection":[{"href":"http:\/\/www.dr-staedtler.de\/sofort-kredit\/wp-json\/wp\/v2\/pages"}],"about":[{"href":"http:\/\/www.dr-staedtler.de\/sofort-kredit\/wp-json\/wp\/v2\/types\/page"}],"author":[{"embeddable":true,"href":"http:\/\/www.dr-staedtler.de\/sofort-kredit\/wp-json\/wp\/v2\/users\/2"}],"replies":[{"embeddable":true,"href":"http:\/\/www.dr-staedtler.de\/sofort-kredit\/wp-json\/wp\/v2\/comments?post=1047"}],"version-history":[{"count":3,"href":"http:\/\/www.dr-staedtler.de\/sofort-kredit\/wp-json\/wp\/v2\/pages\/1047\/revisions"}],"predecessor-version":[{"id":2562,"href":"http:\/\/www.dr-staedtler.de\/sofort-kredit\/wp-json\/wp\/v2\/pages\/1047\/revisions\/2562"}],"up":[{"embeddable":true,"href":"http:\/\/www.dr-staedtler.de\/sofort-kredit\/wp-json\/wp\/v2\/pages\/1081"}],"wp:attachment":[{"href":"http:\/\/www.dr-staedtler.de\/sofort-kredit\/wp-json\/wp\/v2\/media?parent=1047"}],"curies":[{"name":"wp","href":"https:\/\/api.w.org\/{rel}","templated":true}]}}