{"id":1045,"date":"2012-08-30T16:37:44","date_gmt":"2012-08-30T14:37:44","guid":{"rendered":"http:\/\/www.sofort-kredit.net\/?page_id=1045"},"modified":"2017-05-23T12:09:56","modified_gmt":"2017-05-23T10:09:56","slug":"fuer-fenster","status":"publish","type":"page","link":"http:\/\/www.dr-staedtler.de\/sofort-kredit\/arten\/fuer-fenster","title":{"rendered":"Kredit f\u00fcr Fenster"},"content":{"rendered":"<p>Zahlreiche Hausbesitzer tr\u00e4umen schon lange davon, ihr Haus energetisch zu sanieren oder die Fassade sch\u00f6ner zu gestalten. Mit einem <strong>Sofortkredit f\u00fcr Fenster<\/strong> wird dies endlich m\u00f6glich.<br \/>\n<script defer=\"\" async=\"\" data-affiliateid=\"9e1fdf7f\" data-placementid=\"783582278\" data-amount=\"10000\" data-category=\"\" data-duration=\"84\" src=\"https:\/\/www.smava.de\/pp\/smava-kreditvergleich\/main.js\"><\/script><\/p>\n<h2>Fenster &#8211; Visitenkarten eines jeden Hauses<\/h2>\n<p>Fenstern kommt in jedem Haus eine besondere Bedeutung zu: So sind sie nicht nur unsere &#8222;Augen&#8220; nach drau\u00dfen, sondern auch die <strong>Visitenkarten<\/strong> einer jeden Behausung. Denn als unverzichtbarer Bestandteil der Fassade tragen sie zur Gesamterscheinung mit bei. Zumal die Gr\u00f6\u00dfe der Fenster sowie deren Effizienz unmittelbaren Einfluss auf unser Wohlbefinden hat. Umso wichtiger ist es daher, dass die Fenster in den eigenen vier W\u00e4nden in einem <strong>optimalen Zustand<\/strong> sind und sich harmonisch in das Gesamtensemble einf\u00fcgen. Besonders in diesem Bereich sollte deshalb nicht gespart werden.<\/p>\n<h3>Kredite f\u00fcr Fenster &#8211; Wohntr\u00e4ume wahr machen<\/h3>\n<p><img loading=\"lazy\" decoding=\"async\" class=\"alignleft size-medium wp-image-1272\" style=\"margin-right: 10px; margin-bottom: 8px; border: 1px solid grey;\" title=\"Neu eingebaute Fenster\" src=\"http:\/\/www.dr-staedtler.de\/sofort-kredit\/wp-content\/uploads\/2012\/08\/fenstersanierung-300x168.jpg\" alt=\"Neu eingebaute Fenster\" width=\"300\" height=\"168\" srcset=\"http:\/\/www.dr-staedtler.de\/sofort-kredit\/wp-content\/uploads\/2012\/08\/fenstersanierung-300x168.jpg 300w, http:\/\/www.dr-staedtler.de\/sofort-kredit\/wp-content\/uploads\/2012\/08\/fenstersanierung.jpg 462w\" sizes=\"auto, (max-width: 300px) 100vw, 300px\" \/>Auch wer sein Haus umfassend <strong>energetisch sanieren<\/strong> m\u00f6chte, muss h\u00e4ufig in neue Fenster investieren. Daf\u00fcr muss nat\u00fcrlich etwas tiefer in die Tasche gegriffen werden. Um nicht am falschen Ende zu sparen und sich f\u00fcr minderwertige Fenstermodelle zu entscheiden, empfiehlt es sich, einen <strong>Sofortkredit f\u00fcr Fenster<\/strong> aufzunehmen. Aufgrund der gro\u00dfen Nachfrage gibt es mittlerweile etliche Angebote seitens der <strong>Bank- und Kreditinstitute<\/strong>, die geeignete F\u00f6rderma\u00dfnahmen anbieten. Wer beispielsweise sein Eigenheim in ein Effizienzhaus umwandeln m\u00f6chte, kann mithilfe der <strong>KfW-Bank<\/strong> die Erneuerung seiner Fenster finanzieren. Hierbei werden sowohl die <strong>Kosten f\u00fcr den Ausbau<\/strong> und die Entsorgung der alten Fenster als auch f\u00fcr den Einbau der neuen Modelle ber\u00fccksichtigt. Des weiteren sind u.a. die Kosten f\u00fcr den Austausch der Glasbausteine mit einkalkuliert, ebenso Ma\u00dfnahmen zur W\u00e4rmebr\u00fcckenreduktion sowie zur Abdichtung der Fugen.<\/p>\n<h3>Was man bei der Suche nach einem Sofortkredit f\u00fcr Fenster beachten sollte<\/h3>\n<p>Angesichts des <a href=\"http:\/\/www.dr-staedtler.de\/sofort-kredit\">breiten Angebots in diesem Bereich<\/a> gibt es nat\u00fcrlich die <strong>unterschiedlichsten Kreditmodelle<\/strong>. Um ein individuell passendes Angebot zu finden, sollte man sich vorab genau \u00fcber die diversen <strong>Sofortkredite f\u00fcr Fenster<\/strong> informieren. Dies betrifft vor allem die Laufzeiten sowie die jeweiligen <strong>effektiven Jahreszinss\u00e4tze.<\/strong> In der Regel sind hierbei Kreditsummen bis zu sechsstelliger H\u00f6he m\u00f6glich. Zudem sollte auf die entsprechenden <strong>Sonderkonditionen<\/strong> wie <strong>Tilgungszusch\u00fcsse und Sonderzahlunge<\/strong>n geachtet werden.<\/p>\n","protected":false},"excerpt":{"rendered":"<p>Zahlreiche Hausbesitzer tr\u00e4umen schon lange davon, ihr Haus energetisch zu sanieren oder die Fassade sch\u00f6ner zu gestalten. Mit einem Sofortkredit f\u00fcr Fenster wird dies endlich m\u00f6glich. Fenster &#8211; Visitenkarten eines jeden Hauses Fenstern kommt in jedem Haus eine besondere Bedeutung zu: So sind sie nicht nur unsere &#8222;Augen&#8220; nach drau\u00dfen, sondern auch die Visitenkarten einer [&hellip;]<\/p>\n","protected":false},"author":2,"featured_media":0,"parent":1081,"menu_order":0,"comment_status":"closed","ping_status":"open","template":"templates\/sidebar-right.php","meta":{"footnotes":""},"class_list":["post-1045","page","type-page","status-publish","hentry"],"yoast_head":"<!-- This site is optimized with the Yoast SEO plugin v24.6 - https:\/\/yoast.com\/wordpress\/plugins\/seo\/ -->\n<title>Kredit f\u00fcr Fenster - Jetzt online finden und beantragen<\/title>\n<meta name=\"description\" content=\"Kredit f\u00fcr Fenster: Neue Fenster sind wichtig f\u00fcr die Optik des Hauses, aber vor allem auch aus energiepolitischen Aspekten. Ein Kredit f\u00fcr Fenster kann helfen, neue einzubauen.\" \/>\n<meta name=\"robots\" content=\"index, follow, max-snippet:-1, max-image-preview:large, max-video-preview:-1\" \/>\n<link rel=\"canonical\" href=\"https:\/\/www.dr-staedtler.de\/sofort-kredit\/arten\/fuer-fenster\" \/>\n<meta property=\"og:locale\" content=\"de_DE\" \/>\n<meta property=\"og:type\" content=\"article\" \/>\n<meta property=\"og:title\" content=\"Kredit f\u00fcr Fenster - Jetzt online finden und beantragen\" \/>\n<meta property=\"og:description\" content=\"Kredit f\u00fcr Fenster: Neue Fenster sind wichtig f\u00fcr die Optik des Hauses, aber vor allem auch aus energiepolitischen Aspekten. Ein Kredit f\u00fcr Fenster kann helfen, neue einzubauen.\" \/>\n<meta property=\"og:url\" content=\"https:\/\/www.dr-staedtler.de\/sofort-kredit\/arten\/fuer-fenster\" \/>\n<meta property=\"og:site_name\" content=\"Sofortkredit\" \/>\n<meta property=\"article:modified_time\" content=\"2017-05-23T10:09:56+00:00\" \/>\n<meta property=\"og:image\" content=\"http:\/\/www.dr-staedtler.de\/sofort-kredit\/wp-content\/uploads\/2012\/08\/fenstersanierung-300x168.jpg\" \/>\n<meta name=\"twitter:card\" content=\"summary_large_image\" \/>\n<meta name=\"twitter:label1\" content=\"Gesch\u00e4tzte Lesezeit\" \/>\n\t<meta name=\"twitter:data1\" content=\"2\u00a0Minuten\" \/>\n<script type=\"application\/ld+json\" class=\"yoast-schema-graph\">{\"@context\":\"https:\/\/schema.org\",\"@graph\":[{\"@type\":\"WebPage\",\"@id\":\"https:\/\/www.dr-staedtler.de\/sofort-kredit\/arten\/fuer-fenster\",\"url\":\"https:\/\/www.dr-staedtler.de\/sofort-kredit\/arten\/fuer-fenster\",\"name\":\"Kredit f\u00fcr Fenster - Jetzt online finden und beantragen\",\"isPartOf\":{\"@id\":\"http:\/\/www.dr-staedtler.de\/sofort-kredit\/#website\"},\"primaryImageOfPage\":{\"@id\":\"https:\/\/www.dr-staedtler.de\/sofort-kredit\/arten\/fuer-fenster#primaryimage\"},\"image\":{\"@id\":\"https:\/\/www.dr-staedtler.de\/sofort-kredit\/arten\/fuer-fenster#primaryimage\"},\"thumbnailUrl\":\"http:\/\/www.dr-staedtler.de\/sofort-kredit\/wp-content\/uploads\/2012\/08\/fenstersanierung-300x168.jpg\",\"datePublished\":\"2012-08-30T14:37:44+00:00\",\"dateModified\":\"2017-05-23T10:09:56+00:00\",\"description\":\"Kredit f\u00fcr Fenster: Neue Fenster sind wichtig f\u00fcr die Optik des Hauses, aber vor allem auch aus energiepolitischen Aspekten. Ein Kredit f\u00fcr Fenster kann helfen, neue einzubauen.\",\"breadcrumb\":{\"@id\":\"https:\/\/www.dr-staedtler.de\/sofort-kredit\/arten\/fuer-fenster#breadcrumb\"},\"inLanguage\":\"de\",\"potentialAction\":[{\"@type\":\"ReadAction\",\"target\":[\"https:\/\/www.dr-staedtler.de\/sofort-kredit\/arten\/fuer-fenster\"]}]},{\"@type\":\"ImageObject\",\"inLanguage\":\"de\",\"@id\":\"https:\/\/www.dr-staedtler.de\/sofort-kredit\/arten\/fuer-fenster#primaryimage\",\"url\":\"http:\/\/www.dr-staedtler.de\/sofort-kredit\/wp-content\/uploads\/2012\/08\/fenstersanierung.jpg\",\"contentUrl\":\"http:\/\/www.dr-staedtler.de\/sofort-kredit\/wp-content\/uploads\/2012\/08\/fenstersanierung.jpg\",\"width\":\"462\",\"height\":\"260\",\"caption\":\"Neu eingebaute Fenster\"},{\"@type\":\"BreadcrumbList\",\"@id\":\"https:\/\/www.dr-staedtler.de\/sofort-kredit\/arten\/fuer-fenster#breadcrumb\",\"itemListElement\":[{\"@type\":\"ListItem\",\"position\":1,\"name\":\"Home\",\"item\":\"https:\/\/www.dr-staedtler.de\/sofort-kredit\/\"},{\"@type\":\"ListItem\",\"position\":2,\"name\":\"Diese verschiedenen Kreditarten und Verwendungszwecke gibt es\",\"item\":\"https:\/\/www.dr-staedtler.de\/sofort-kredit\/arten\"},{\"@type\":\"ListItem\",\"position\":3,\"name\":\"Kredit f\u00fcr Fenster\"}]},{\"@type\":\"WebSite\",\"@id\":\"http:\/\/www.dr-staedtler.de\/sofort-kredit\/#website\",\"url\":\"http:\/\/www.dr-staedtler.de\/sofort-kredit\/\",\"name\":\"Sofortkredit\",\"description\":\"Der Sofortkredit im unabh\u00e4ngigen Vergleich\",\"potentialAction\":[{\"@type\":\"SearchAction\",\"target\":{\"@type\":\"EntryPoint\",\"urlTemplate\":\"http:\/\/www.dr-staedtler.de\/sofort-kredit\/?s={search_term_string}\"},\"query-input\":{\"@type\":\"PropertyValueSpecification\",\"valueRequired\":true,\"valueName\":\"search_term_string\"}}],\"inLanguage\":\"de\"}]}<\/script>\n<!-- \/ Yoast SEO plugin. -->","yoast_head_json":{"title":"Kredit f\u00fcr Fenster - Jetzt online finden und beantragen","description":"Kredit f\u00fcr Fenster: Neue Fenster sind wichtig f\u00fcr die Optik des Hauses, aber vor allem auch aus energiepolitischen Aspekten. Ein Kredit f\u00fcr Fenster kann helfen, neue einzubauen.","robots":{"index":"index","follow":"follow","max-snippet":"max-snippet:-1","max-image-preview":"max-image-preview:large","max-video-preview":"max-video-preview:-1"},"canonical":"https:\/\/www.dr-staedtler.de\/sofort-kredit\/arten\/fuer-fenster","og_locale":"de_DE","og_type":"article","og_title":"Kredit f\u00fcr Fenster - Jetzt online finden und beantragen","og_description":"Kredit f\u00fcr Fenster: Neue Fenster sind wichtig f\u00fcr die Optik des Hauses, aber vor allem auch aus energiepolitischen Aspekten. Ein Kredit f\u00fcr Fenster kann helfen, neue einzubauen.","og_url":"https:\/\/www.dr-staedtler.de\/sofort-kredit\/arten\/fuer-fenster","og_site_name":"Sofortkredit","article_modified_time":"2017-05-23T10:09:56+00:00","og_image":[{"url":"http:\/\/www.dr-staedtler.de\/sofort-kredit\/wp-content\/uploads\/2012\/08\/fenstersanierung-300x168.jpg","type":"","width":"","height":""}],"twitter_card":"summary_large_image","twitter_misc":{"Gesch\u00e4tzte Lesezeit":"2\u00a0Minuten"},"schema":{"@context":"https:\/\/schema.org","@graph":[{"@type":"WebPage","@id":"https:\/\/www.dr-staedtler.de\/sofort-kredit\/arten\/fuer-fenster","url":"https:\/\/www.dr-staedtler.de\/sofort-kredit\/arten\/fuer-fenster","name":"Kredit f\u00fcr Fenster - Jetzt online finden und beantragen","isPartOf":{"@id":"http:\/\/www.dr-staedtler.de\/sofort-kredit\/#website"},"primaryImageOfPage":{"@id":"https:\/\/www.dr-staedtler.de\/sofort-kredit\/arten\/fuer-fenster#primaryimage"},"image":{"@id":"https:\/\/www.dr-staedtler.de\/sofort-kredit\/arten\/fuer-fenster#primaryimage"},"thumbnailUrl":"http:\/\/www.dr-staedtler.de\/sofort-kredit\/wp-content\/uploads\/2012\/08\/fenstersanierung-300x168.jpg","datePublished":"2012-08-30T14:37:44+00:00","dateModified":"2017-05-23T10:09:56+00:00","description":"Kredit f\u00fcr Fenster: Neue Fenster sind wichtig f\u00fcr die Optik des Hauses, aber vor allem auch aus energiepolitischen Aspekten. Ein Kredit f\u00fcr Fenster kann helfen, neue einzubauen.","breadcrumb":{"@id":"https:\/\/www.dr-staedtler.de\/sofort-kredit\/arten\/fuer-fenster#breadcrumb"},"inLanguage":"de","potentialAction":[{"@type":"ReadAction","target":["https:\/\/www.dr-staedtler.de\/sofort-kredit\/arten\/fuer-fenster"]}]},{"@type":"ImageObject","inLanguage":"de","@id":"https:\/\/www.dr-staedtler.de\/sofort-kredit\/arten\/fuer-fenster#primaryimage","url":"http:\/\/www.dr-staedtler.de\/sofort-kredit\/wp-content\/uploads\/2012\/08\/fenstersanierung.jpg","contentUrl":"http:\/\/www.dr-staedtler.de\/sofort-kredit\/wp-content\/uploads\/2012\/08\/fenstersanierung.jpg","width":"462","height":"260","caption":"Neu eingebaute Fenster"},{"@type":"BreadcrumbList","@id":"https:\/\/www.dr-staedtler.de\/sofort-kredit\/arten\/fuer-fenster#breadcrumb","itemListElement":[{"@type":"ListItem","position":1,"name":"Home","item":"https:\/\/www.dr-staedtler.de\/sofort-kredit\/"},{"@type":"ListItem","position":2,"name":"Diese verschiedenen Kreditarten und Verwendungszwecke gibt es","item":"https:\/\/www.dr-staedtler.de\/sofort-kredit\/arten"},{"@type":"ListItem","position":3,"name":"Kredit f\u00fcr Fenster"}]},{"@type":"WebSite","@id":"http:\/\/www.dr-staedtler.de\/sofort-kredit\/#website","url":"http:\/\/www.dr-staedtler.de\/sofort-kredit\/","name":"Sofortkredit","description":"Der Sofortkredit im unabh\u00e4ngigen Vergleich","potentialAction":[{"@type":"SearchAction","target":{"@type":"EntryPoint","urlTemplate":"http:\/\/www.dr-staedtler.de\/sofort-kredit\/?s={search_term_string}"},"query-input":{"@type":"PropertyValueSpecification","valueRequired":true,"valueName":"search_term_string"}}],"inLanguage":"de"}]}},"_links":{"self":[{"href":"http:\/\/www.dr-staedtler.de\/sofort-kredit\/wp-json\/wp\/v2\/pages\/1045","targetHints":{"allow":["GET"]}}],"collection":[{"href":"http:\/\/www.dr-staedtler.de\/sofort-kredit\/wp-json\/wp\/v2\/pages"}],"about":[{"href":"http:\/\/www.dr-staedtler.de\/sofort-kredit\/wp-json\/wp\/v2\/types\/page"}],"author":[{"embeddable":true,"href":"http:\/\/www.dr-staedtler.de\/sofort-kredit\/wp-json\/wp\/v2\/users\/2"}],"replies":[{"embeddable":true,"href":"http:\/\/www.dr-staedtler.de\/sofort-kredit\/wp-json\/wp\/v2\/comments?post=1045"}],"version-history":[{"count":3,"href":"http:\/\/www.dr-staedtler.de\/sofort-kredit\/wp-json\/wp\/v2\/pages\/1045\/revisions"}],"predecessor-version":[{"id":2537,"href":"http:\/\/www.dr-staedtler.de\/sofort-kredit\/wp-json\/wp\/v2\/pages\/1045\/revisions\/2537"}],"up":[{"embeddable":true,"href":"http:\/\/www.dr-staedtler.de\/sofort-kredit\/wp-json\/wp\/v2\/pages\/1081"}],"wp:attachment":[{"href":"http:\/\/www.dr-staedtler.de\/sofort-kredit\/wp-json\/wp\/v2\/media?parent=1045"}],"curies":[{"name":"wp","href":"https:\/\/api.w.org\/{rel}","templated":true}]}}