{"id":1043,"date":"2012-08-30T17:13:21","date_gmt":"2012-08-30T15:13:21","guid":{"rendered":"http:\/\/www.sofort-kredit.net\/?page_id=1043"},"modified":"2017-05-23T12:17:06","modified_gmt":"2017-05-23T10:17:06","slug":"fuer-wohnung","status":"publish","type":"page","link":"http:\/\/www.dr-staedtler.de\/sofort-kredit\/arten\/fuer-wohnung","title":{"rendered":"Kredit f\u00fcr Wohnung"},"content":{"rendered":"<p>F\u00fcr eine grundlegende Absicherung auch im Alter empfiehlt es sich, in Immobilien zu investieren. Mit einem <strong>Sofortkredit f\u00fcr Wohnung<\/strong> genie\u00dft man nicht nur eine gewisse Unabh\u00e4ngigkeit, sondern kann sich auch endlich den Traum vom Eigenheim finanzieren.<br \/>\n<script defer=\"\" async=\"\" data-affiliateid=\"9e1fdf7f\" data-placementid=\"783582278\" data-amount=\"2000\" data-category=\"886\" data-duration=\"36\" src=\"https:\/\/www.smava.de\/pp\/smava-kreditvergleich\/main.js\"><\/script><\/p>\n<h2>Wohnungskauf &#8211; so gefragt wie nie<\/h2>\n<p><img loading=\"lazy\" decoding=\"async\" class=\"alignleft size-medium wp-image-1290\" style=\"margin-right: 10px; margin-bottom: 8px; border: 1px solid grey;\" title=\"Junges Paar in neuer Wohnung\" src=\"http:\/\/www.dr-staedtler.de\/sofort-kredit\/wp-content\/uploads\/2012\/08\/neuewohnung-300x195.jpg\" alt=\"Junges Paar in neuer Wohnung\" width=\"300\" height=\"195\" srcset=\"http:\/\/www.dr-staedtler.de\/sofort-kredit\/wp-content\/uploads\/2012\/08\/neuewohnung-300x195.jpg 300w, http:\/\/www.dr-staedtler.de\/sofort-kredit\/wp-content\/uploads\/2012\/08\/neuewohnung.jpg 429w\" sizes=\"auto, (max-width: 300px) 100vw, 300px\" \/>Nicht nur angesichts der derzeitigen <strong>Finanzkrise<\/strong> sind Immobilien als Wertanlage wieder \u00e4u\u00dferst gesch\u00e4tzt. Eine eigene Wohnung stellt eine nahezu sichere Investition dar und garantiert auch im hohen Alter sorgenfreies und unabh\u00e4ngiges Wohnen. Zumal sich nicht wenige Immobilien im Laufe der Zeit einer betr\u00e4chtlichen Wertsteigerung erfreuen k\u00f6nnen. Kein Wunder, dass Wohnungen derzeit so gefragt sind wie nie. Zumal im Verlauf der letzten Jahre die Zinsen stetig gesunken sind &#8211; mit verbesserten Konditionen bei den<strong> Sofortkrediten f\u00fcr Wohnungen<\/strong>.<\/p>\n<h3>Den Wohnungs-Traum mit einem Sofortkredit endlich wahrmachen<\/h3>\n<p>Um den Traum von einem Wohnungskauf wahrmachen zu k\u00f6nnen, muss allerdings eine gewisse Summe aufgebracht werden. Diesen Betrag k\u00f6nnen jedoch nur die wenigsten ohne weiteres aufbringen. Daher gibt es mittlerweile eine gro\u00dfe Auswahl an <strong>Bank- und Kreditinstituten<\/strong>, die einen<strong> Sofortkredit f\u00fcr Wohnungen<\/strong> anbieten. Hierbei gibt es die verschiedensten Modelle mit zum Teil betr\u00e4chtlichen Unterschieden hinsichtlich den<strong> Konditionen<\/strong>. In Zeiten historischen Zinstiefs sind \u00fcbrigens <strong>Sofortkredite f\u00fcr Wohnungen<\/strong> mit langen Zinsbindungsfristen besonders interessant: So gibt es teilweise 15-j\u00e4hrige Darlehen schon mit einem Effektivzins in H\u00f6he von 2,85 Prozent. Trotz der<strong> langfristigen Sollzinsbindungen<\/strong> ist es dar\u00fcber hinaus meist m\u00f6glich, die Baufinanzierung nach mehreren Jahren teilweise oder ganz zu k\u00fcndigen.<\/p>\n<h3>Vergleichen hilft Sparen<\/h3>\n<p>Bevor man sich f\u00fcr einen bestimmten <strong>Wohnungskredit<\/strong> entscheidet, sollte allerdings vorab einen umfassenden<strong> Preisvergleich<\/strong> unternehmen. Dabei sollten auch verschiedene Beleihungsvarianten und Laufzeiten durchgespielt werden. Vor allem im Bereich der Sofortkredite f\u00fcr Wohnungen ist die Spanne zwischen den einzelnen Angeboten nach wie vor gro\u00df: Die Unterschiede betragen hier bis zu zu 1,5 Prozentpunkte. Und auch die kleinsten Abweichungen summieren sich im Laufe der Jahre zu betr\u00e4chtlichen Summen: Schon 0,1 Prozentpunkte weniger an Zinsen bringen allein im ersten Jahr 200 Euro an Tilgungsspielraum.<\/p>\n","protected":false},"excerpt":{"rendered":"<p>F\u00fcr eine grundlegende Absicherung auch im Alter empfiehlt es sich, in Immobilien zu investieren. Mit einem Sofortkredit f\u00fcr Wohnung genie\u00dft man nicht nur eine gewisse Unabh\u00e4ngigkeit, sondern kann sich auch endlich den Traum vom Eigenheim finanzieren. Wohnungskauf &#8211; so gefragt wie nie Nicht nur angesichts der derzeitigen Finanzkrise sind Immobilien als Wertanlage wieder \u00e4u\u00dferst gesch\u00e4tzt. [&hellip;]<\/p>\n","protected":false},"author":2,"featured_media":0,"parent":1081,"menu_order":0,"comment_status":"closed","ping_status":"open","template":"templates\/sidebar-right.php","meta":{"footnotes":""},"class_list":["post-1043","page","type-page","status-publish","hentry"],"yoast_head":"<!-- This site is optimized with the Yoast SEO plugin v24.6 - https:\/\/yoast.com\/wordpress\/plugins\/seo\/ -->\n<title>Kredit f\u00fcr Wohnung - Online vergleichen und beantragen<\/title>\n<meta name=\"description\" content=\"Kredit f\u00fcr Wohnung: Als Absicherung im Alter ist die eigene Immobilie wertvoll. Ein Sofortkredit f\u00fcr eine neue Wohnung gibt Unabh\u00e4ngigkeit.\" \/>\n<meta name=\"robots\" content=\"index, follow, max-snippet:-1, max-image-preview:large, max-video-preview:-1\" \/>\n<link rel=\"canonical\" href=\"https:\/\/www.dr-staedtler.de\/sofort-kredit\/arten\/fuer-wohnung\" \/>\n<meta property=\"og:locale\" content=\"de_DE\" \/>\n<meta property=\"og:type\" content=\"article\" \/>\n<meta property=\"og:title\" content=\"Kredit f\u00fcr Wohnung - Online vergleichen und beantragen\" \/>\n<meta property=\"og:description\" content=\"Kredit f\u00fcr Wohnung: Als Absicherung im Alter ist die eigene Immobilie wertvoll. Ein Sofortkredit f\u00fcr eine neue Wohnung gibt Unabh\u00e4ngigkeit.\" \/>\n<meta property=\"og:url\" content=\"https:\/\/www.dr-staedtler.de\/sofort-kredit\/arten\/fuer-wohnung\" \/>\n<meta property=\"og:site_name\" content=\"Sofortkredit\" \/>\n<meta property=\"article:modified_time\" content=\"2017-05-23T10:17:06+00:00\" \/>\n<meta property=\"og:image\" content=\"http:\/\/www.dr-staedtler.de\/sofort-kredit\/wp-content\/uploads\/2012\/08\/neuewohnung-300x195.jpg\" \/>\n<meta name=\"twitter:card\" content=\"summary_large_image\" \/>\n<meta name=\"twitter:label1\" content=\"Gesch\u00e4tzte Lesezeit\" \/>\n\t<meta name=\"twitter:data1\" content=\"2\u00a0Minuten\" \/>\n<script type=\"application\/ld+json\" class=\"yoast-schema-graph\">{\"@context\":\"https:\/\/schema.org\",\"@graph\":[{\"@type\":\"WebPage\",\"@id\":\"https:\/\/www.dr-staedtler.de\/sofort-kredit\/arten\/fuer-wohnung\",\"url\":\"https:\/\/www.dr-staedtler.de\/sofort-kredit\/arten\/fuer-wohnung\",\"name\":\"Kredit f\u00fcr Wohnung - Online vergleichen und beantragen\",\"isPartOf\":{\"@id\":\"http:\/\/www.dr-staedtler.de\/sofort-kredit\/#website\"},\"primaryImageOfPage\":{\"@id\":\"https:\/\/www.dr-staedtler.de\/sofort-kredit\/arten\/fuer-wohnung#primaryimage\"},\"image\":{\"@id\":\"https:\/\/www.dr-staedtler.de\/sofort-kredit\/arten\/fuer-wohnung#primaryimage\"},\"thumbnailUrl\":\"http:\/\/www.dr-staedtler.de\/sofort-kredit\/wp-content\/uploads\/2012\/08\/neuewohnung-300x195.jpg\",\"datePublished\":\"2012-08-30T15:13:21+00:00\",\"dateModified\":\"2017-05-23T10:17:06+00:00\",\"description\":\"Kredit f\u00fcr Wohnung: Als Absicherung im Alter ist die eigene Immobilie wertvoll. Ein Sofortkredit f\u00fcr eine neue Wohnung gibt Unabh\u00e4ngigkeit.\",\"breadcrumb\":{\"@id\":\"https:\/\/www.dr-staedtler.de\/sofort-kredit\/arten\/fuer-wohnung#breadcrumb\"},\"inLanguage\":\"de\",\"potentialAction\":[{\"@type\":\"ReadAction\",\"target\":[\"https:\/\/www.dr-staedtler.de\/sofort-kredit\/arten\/fuer-wohnung\"]}]},{\"@type\":\"ImageObject\",\"inLanguage\":\"de\",\"@id\":\"https:\/\/www.dr-staedtler.de\/sofort-kredit\/arten\/fuer-wohnung#primaryimage\",\"url\":\"http:\/\/www.dr-staedtler.de\/sofort-kredit\/wp-content\/uploads\/2012\/08\/neuewohnung.jpg\",\"contentUrl\":\"http:\/\/www.dr-staedtler.de\/sofort-kredit\/wp-content\/uploads\/2012\/08\/neuewohnung.jpg\",\"width\":\"429\",\"height\":\"280\",\"caption\":\"Junges Paar in neuer Wohnung\"},{\"@type\":\"BreadcrumbList\",\"@id\":\"https:\/\/www.dr-staedtler.de\/sofort-kredit\/arten\/fuer-wohnung#breadcrumb\",\"itemListElement\":[{\"@type\":\"ListItem\",\"position\":1,\"name\":\"Home\",\"item\":\"https:\/\/www.dr-staedtler.de\/sofort-kredit\/\"},{\"@type\":\"ListItem\",\"position\":2,\"name\":\"Diese verschiedenen Kreditarten und Verwendungszwecke gibt es\",\"item\":\"https:\/\/www.dr-staedtler.de\/sofort-kredit\/arten\"},{\"@type\":\"ListItem\",\"position\":3,\"name\":\"Kredit f\u00fcr Wohnung\"}]},{\"@type\":\"WebSite\",\"@id\":\"http:\/\/www.dr-staedtler.de\/sofort-kredit\/#website\",\"url\":\"http:\/\/www.dr-staedtler.de\/sofort-kredit\/\",\"name\":\"Sofortkredit\",\"description\":\"Der Sofortkredit im unabh\u00e4ngigen Vergleich\",\"potentialAction\":[{\"@type\":\"SearchAction\",\"target\":{\"@type\":\"EntryPoint\",\"urlTemplate\":\"http:\/\/www.dr-staedtler.de\/sofort-kredit\/?s={search_term_string}\"},\"query-input\":{\"@type\":\"PropertyValueSpecification\",\"valueRequired\":true,\"valueName\":\"search_term_string\"}}],\"inLanguage\":\"de\"}]}<\/script>\n<!-- \/ Yoast SEO plugin. -->","yoast_head_json":{"title":"Kredit f\u00fcr Wohnung - Online vergleichen und beantragen","description":"Kredit f\u00fcr Wohnung: Als Absicherung im Alter ist die eigene Immobilie wertvoll. Ein Sofortkredit f\u00fcr eine neue Wohnung gibt Unabh\u00e4ngigkeit.","robots":{"index":"index","follow":"follow","max-snippet":"max-snippet:-1","max-image-preview":"max-image-preview:large","max-video-preview":"max-video-preview:-1"},"canonical":"https:\/\/www.dr-staedtler.de\/sofort-kredit\/arten\/fuer-wohnung","og_locale":"de_DE","og_type":"article","og_title":"Kredit f\u00fcr Wohnung - Online vergleichen und beantragen","og_description":"Kredit f\u00fcr Wohnung: Als Absicherung im Alter ist die eigene Immobilie wertvoll. Ein Sofortkredit f\u00fcr eine neue Wohnung gibt Unabh\u00e4ngigkeit.","og_url":"https:\/\/www.dr-staedtler.de\/sofort-kredit\/arten\/fuer-wohnung","og_site_name":"Sofortkredit","article_modified_time":"2017-05-23T10:17:06+00:00","og_image":[{"url":"http:\/\/www.dr-staedtler.de\/sofort-kredit\/wp-content\/uploads\/2012\/08\/neuewohnung-300x195.jpg","type":"","width":"","height":""}],"twitter_card":"summary_large_image","twitter_misc":{"Gesch\u00e4tzte Lesezeit":"2\u00a0Minuten"},"schema":{"@context":"https:\/\/schema.org","@graph":[{"@type":"WebPage","@id":"https:\/\/www.dr-staedtler.de\/sofort-kredit\/arten\/fuer-wohnung","url":"https:\/\/www.dr-staedtler.de\/sofort-kredit\/arten\/fuer-wohnung","name":"Kredit f\u00fcr Wohnung - Online vergleichen und beantragen","isPartOf":{"@id":"http:\/\/www.dr-staedtler.de\/sofort-kredit\/#website"},"primaryImageOfPage":{"@id":"https:\/\/www.dr-staedtler.de\/sofort-kredit\/arten\/fuer-wohnung#primaryimage"},"image":{"@id":"https:\/\/www.dr-staedtler.de\/sofort-kredit\/arten\/fuer-wohnung#primaryimage"},"thumbnailUrl":"http:\/\/www.dr-staedtler.de\/sofort-kredit\/wp-content\/uploads\/2012\/08\/neuewohnung-300x195.jpg","datePublished":"2012-08-30T15:13:21+00:00","dateModified":"2017-05-23T10:17:06+00:00","description":"Kredit f\u00fcr Wohnung: Als Absicherung im Alter ist die eigene Immobilie wertvoll. Ein Sofortkredit f\u00fcr eine neue Wohnung gibt Unabh\u00e4ngigkeit.","breadcrumb":{"@id":"https:\/\/www.dr-staedtler.de\/sofort-kredit\/arten\/fuer-wohnung#breadcrumb"},"inLanguage":"de","potentialAction":[{"@type":"ReadAction","target":["https:\/\/www.dr-staedtler.de\/sofort-kredit\/arten\/fuer-wohnung"]}]},{"@type":"ImageObject","inLanguage":"de","@id":"https:\/\/www.dr-staedtler.de\/sofort-kredit\/arten\/fuer-wohnung#primaryimage","url":"http:\/\/www.dr-staedtler.de\/sofort-kredit\/wp-content\/uploads\/2012\/08\/neuewohnung.jpg","contentUrl":"http:\/\/www.dr-staedtler.de\/sofort-kredit\/wp-content\/uploads\/2012\/08\/neuewohnung.jpg","width":"429","height":"280","caption":"Junges Paar in neuer Wohnung"},{"@type":"BreadcrumbList","@id":"https:\/\/www.dr-staedtler.de\/sofort-kredit\/arten\/fuer-wohnung#breadcrumb","itemListElement":[{"@type":"ListItem","position":1,"name":"Home","item":"https:\/\/www.dr-staedtler.de\/sofort-kredit\/"},{"@type":"ListItem","position":2,"name":"Diese verschiedenen Kreditarten und Verwendungszwecke gibt es","item":"https:\/\/www.dr-staedtler.de\/sofort-kredit\/arten"},{"@type":"ListItem","position":3,"name":"Kredit f\u00fcr Wohnung"}]},{"@type":"WebSite","@id":"http:\/\/www.dr-staedtler.de\/sofort-kredit\/#website","url":"http:\/\/www.dr-staedtler.de\/sofort-kredit\/","name":"Sofortkredit","description":"Der Sofortkredit im unabh\u00e4ngigen Vergleich","potentialAction":[{"@type":"SearchAction","target":{"@type":"EntryPoint","urlTemplate":"http:\/\/www.dr-staedtler.de\/sofort-kredit\/?s={search_term_string}"},"query-input":{"@type":"PropertyValueSpecification","valueRequired":true,"valueName":"search_term_string"}}],"inLanguage":"de"}]}},"_links":{"self":[{"href":"http:\/\/www.dr-staedtler.de\/sofort-kredit\/wp-json\/wp\/v2\/pages\/1043","targetHints":{"allow":["GET"]}}],"collection":[{"href":"http:\/\/www.dr-staedtler.de\/sofort-kredit\/wp-json\/wp\/v2\/pages"}],"about":[{"href":"http:\/\/www.dr-staedtler.de\/sofort-kredit\/wp-json\/wp\/v2\/types\/page"}],"author":[{"embeddable":true,"href":"http:\/\/www.dr-staedtler.de\/sofort-kredit\/wp-json\/wp\/v2\/users\/2"}],"replies":[{"embeddable":true,"href":"http:\/\/www.dr-staedtler.de\/sofort-kredit\/wp-json\/wp\/v2\/comments?post=1043"}],"version-history":[{"count":3,"href":"http:\/\/www.dr-staedtler.de\/sofort-kredit\/wp-json\/wp\/v2\/pages\/1043\/revisions"}],"predecessor-version":[{"id":2569,"href":"http:\/\/www.dr-staedtler.de\/sofort-kredit\/wp-json\/wp\/v2\/pages\/1043\/revisions\/2569"}],"up":[{"embeddable":true,"href":"http:\/\/www.dr-staedtler.de\/sofort-kredit\/wp-json\/wp\/v2\/pages\/1081"}],"wp:attachment":[{"href":"http:\/\/www.dr-staedtler.de\/sofort-kredit\/wp-json\/wp\/v2\/media?parent=1043"}],"curies":[{"name":"wp","href":"https:\/\/api.w.org\/{rel}","templated":true}]}}