{"id":1041,"date":"2012-08-30T17:37:59","date_gmt":"2012-08-30T15:37:59","guid":{"rendered":"http:\/\/www.sofort-kredit.net\/?page_id=1041"},"modified":"2017-05-23T12:17:19","modified_gmt":"2017-05-23T10:17:19","slug":"fuer-zweitstudium","status":"publish","type":"page","link":"http:\/\/www.dr-staedtler.de\/sofort-kredit\/arten\/fuer-zweitstudium","title":{"rendered":"Kredit f\u00fcr Zweitstudium"},"content":{"rendered":"<p>Wer sich f\u00fcr ein Zweitstudium entscheidet, sollte sich in aller Ruhe auf den gew\u00e4hlten Studiengang konzentrieren k\u00f6nnen. Ein <strong>Sofortkredit f\u00fcr Zweitstudium<\/strong> kann daf\u00fcr sorgen, dass der Student in dieser Zeit unter keinerlei finanziellen N\u00f6ten leiden muss.<br \/>\n<script defer=\"\" async=\"\" data-affiliateid=\"9e1fdf7f\" data-placementid=\"783582278\" data-amount=\"10000\" data-category=\"\" data-duration=\"84\" src=\"https:\/\/www.smava.de\/pp\/smava-kreditvergleich\/main.js\"><\/script><\/p>\n<p><strong>Zweitstudium &#8211; ein Gewinn f\u00fcrs Leben<\/strong><\/p>\n<p><strong><img loading=\"lazy\" decoding=\"async\" class=\"alignleft size-medium wp-image-1294\" style=\"margin-right: 10px; margin-bottom: 8px; border: 1px solid grey;\" title=\"Zweitstudium - Passende Finanzierung finden\" src=\"http:\/\/www.dr-staedtler.de\/sofort-kredit\/wp-content\/uploads\/2012\/08\/zweitstudium-203x300.jpg\" alt=\"Zweitstudium - Passende Finanzierung finden\" width=\"203\" height=\"300\" srcset=\"http:\/\/www.dr-staedtler.de\/sofort-kredit\/wp-content\/uploads\/2012\/08\/zweitstudium-203x300.jpg 203w, http:\/\/www.dr-staedtler.de\/sofort-kredit\/wp-content\/uploads\/2012\/08\/zweitstudium.jpg 285w\" sizes=\"auto, (max-width: 203px) 100vw, 203px\" \/>Weiterbildung<\/strong> ist im Laufe der letzten Jahre ein immer wichtigeres Thema geworden. Kein Wunder, dass sich immer mehr Menschen daf\u00fcr entscheiden, ein <strong>Zweitstudium<\/strong> aufzunehmen. So l\u00e4sst sich nicht nur mancher lang gehegte Traum erf\u00fcllen, sondern auch die Chancen auf dem Arbeitsmarkt k\u00f6nnen durch diesen zweiten Abschluss betr\u00e4chtlich ansteigen. W\u00e4hrend dieser Zeit kann nat\u00fcrlich mit keinerlei gro\u00dfen Eink\u00fcnften gerechnet werden. Und nur die wenigsten verf\u00fcgen \u00fcber eine umfangreiche monet\u00e4re Absicherung, die es ihnen erlaubt, sich <strong>ohne finanzielle Sorgen<\/strong> dem Lernen zu widmen. Um sich umfassend auf seinen zweiten Bildungsweg konzentrieren zu k\u00f6nnen, empfiehlt es daher, einen <strong>Sofortkredit f\u00fcr ein<\/strong> Zweitstudium aufzunehmen.<\/p>\n<h3>Tipps f\u00fcr die Suche nach einem passenden Sofortkredit f\u00fcr ein Zweitstudium<\/h3>\n<p>Allerdings gestaltet sich es gar nicht so einfach, F\u00f6rdergeld f\u00fcr ein Zweitstudium zu beantragen. Denn staatliche Ma\u00dfnahmen wie Baf\u00f6g werden nur in wenigen Ausnahmef\u00e4llen ausgezahlt und h\u00e4ngt vom pers\u00f6nlichen Ermessen des jeweiligen Sachbearbeiters ab. Einfacher ist es daher, sich um einen <strong>Sofortkredit f\u00fcr ein Zweitstudium<\/strong> bei einer Bank- oder einem Kreditinstitut zu bem\u00fchen. Wer nicht \u00e4lter als 30 Jahre ist und zudem<strong> keinen Schufa-Eintrag<\/strong> hat, bekommt erfahrungsgem\u00e4\u00df relativ leicht und unkompliziert einen<strong> Kredit f\u00fcr Zweitstudium<\/strong> bewilligt. Zudem sollte aufgrund der teils betr\u00e4chtlichen Unterschiede bei den Konditionen unbedingt ein umfassender Vergleich unternommen werden.<\/p>\n<h3>Sofortkredit f\u00fcr Zweitstudium &#8211; was man wissen sollte.<\/h3>\n<p>Wird ein <strong>Kredit f\u00fcr ein Zweitstudium<\/strong> gew\u00e4hrt, erfolgt die Auszahlung in aller Regel in monatlichen S\u00e4tzen. Dieser monatliche Zuschuss unterscheidet sich<strong> je nach Kreditmodell<\/strong> und wird zu Beginn festgesetzt. Im Vergleich zu herk\u00f6mmlichen Krediten erfolgt die <strong>R\u00fcckzahlung eines Kredits<\/strong> f\u00fcr ein Zweitstudium erst nach einem Abschluss des Studiums. Allerdings sollte man vorab einen aussagekr\u00e4ftigen und zielgerichteten Studienplan ausarbeiten. Denn in der Regel bezahlen die meisten Banken bereits nach drei Semestern nach Ende der Regelstudienzeit nicht mehr. Des weiteren gilt: Wer nachweisen kann, dass eine zweite Hochschulausbildung f\u00fcr den angestrebten Beruf notwendig ist, kann seine Chancen, einen Kredit zu bekommen, betr\u00e4chtlich erh\u00f6hen.<\/p>\n","protected":false},"excerpt":{"rendered":"<p>Wer sich f\u00fcr ein Zweitstudium entscheidet, sollte sich in aller Ruhe auf den gew\u00e4hlten Studiengang konzentrieren k\u00f6nnen. Ein Sofortkredit f\u00fcr Zweitstudium kann daf\u00fcr sorgen, dass der Student in dieser Zeit unter keinerlei finanziellen N\u00f6ten leiden muss. Zweitstudium &#8211; ein Gewinn f\u00fcrs Leben Weiterbildung ist im Laufe der letzten Jahre ein immer wichtigeres Thema geworden. Kein [&hellip;]<\/p>\n","protected":false},"author":2,"featured_media":0,"parent":1081,"menu_order":0,"comment_status":"closed","ping_status":"open","template":"templates\/sidebar-right.php","meta":{"footnotes":""},"class_list":["post-1041","page","type-page","status-publish","hentry"],"yoast_head":"<!-- This site is optimized with the Yoast SEO plugin v24.6 - https:\/\/yoast.com\/wordpress\/plugins\/seo\/ -->\n<title>Kredit f\u00fcr Zweitstudium - Kostenlos vergleichen und beantragen<\/title>\n<meta name=\"description\" content=\"Kredit f\u00fcr Zweitstudium: Ein Zweitstudium kann wichtig f\u00fcr die berufliche Zukunft sein, muss aber selbst finanziert werden. Wie kann das m\u00f6glich sein?\" \/>\n<meta name=\"robots\" content=\"index, follow, max-snippet:-1, max-image-preview:large, max-video-preview:-1\" \/>\n<link rel=\"canonical\" href=\"https:\/\/www.dr-staedtler.de\/sofort-kredit\/arten\/fuer-zweitstudium\" \/>\n<meta property=\"og:locale\" content=\"de_DE\" \/>\n<meta property=\"og:type\" content=\"article\" \/>\n<meta property=\"og:title\" content=\"Kredit f\u00fcr Zweitstudium - Kostenlos vergleichen und beantragen\" \/>\n<meta property=\"og:description\" content=\"Kredit f\u00fcr Zweitstudium: Ein Zweitstudium kann wichtig f\u00fcr die berufliche Zukunft sein, muss aber selbst finanziert werden. Wie kann das m\u00f6glich sein?\" \/>\n<meta property=\"og:url\" content=\"https:\/\/www.dr-staedtler.de\/sofort-kredit\/arten\/fuer-zweitstudium\" \/>\n<meta property=\"og:site_name\" content=\"Sofortkredit\" \/>\n<meta property=\"article:modified_time\" content=\"2017-05-23T10:17:19+00:00\" \/>\n<meta property=\"og:image\" content=\"http:\/\/www.dr-staedtler.de\/sofort-kredit\/wp-content\/uploads\/2012\/08\/zweitstudium-203x300.jpg\" \/>\n<meta name=\"twitter:card\" content=\"summary_large_image\" \/>\n<meta name=\"twitter:label1\" content=\"Gesch\u00e4tzte Lesezeit\" \/>\n\t<meta name=\"twitter:data1\" content=\"2\u00a0Minuten\" \/>\n<script type=\"application\/ld+json\" class=\"yoast-schema-graph\">{\"@context\":\"https:\/\/schema.org\",\"@graph\":[{\"@type\":\"WebPage\",\"@id\":\"https:\/\/www.dr-staedtler.de\/sofort-kredit\/arten\/fuer-zweitstudium\",\"url\":\"https:\/\/www.dr-staedtler.de\/sofort-kredit\/arten\/fuer-zweitstudium\",\"name\":\"Kredit f\u00fcr Zweitstudium - Kostenlos vergleichen und beantragen\",\"isPartOf\":{\"@id\":\"http:\/\/www.dr-staedtler.de\/sofort-kredit\/#website\"},\"primaryImageOfPage\":{\"@id\":\"https:\/\/www.dr-staedtler.de\/sofort-kredit\/arten\/fuer-zweitstudium#primaryimage\"},\"image\":{\"@id\":\"https:\/\/www.dr-staedtler.de\/sofort-kredit\/arten\/fuer-zweitstudium#primaryimage\"},\"thumbnailUrl\":\"http:\/\/www.dr-staedtler.de\/sofort-kredit\/wp-content\/uploads\/2012\/08\/zweitstudium-203x300.jpg\",\"datePublished\":\"2012-08-30T15:37:59+00:00\",\"dateModified\":\"2017-05-23T10:17:19+00:00\",\"description\":\"Kredit f\u00fcr Zweitstudium: Ein Zweitstudium kann wichtig f\u00fcr die berufliche Zukunft sein, muss aber selbst finanziert werden. Wie kann das m\u00f6glich sein?\",\"breadcrumb\":{\"@id\":\"https:\/\/www.dr-staedtler.de\/sofort-kredit\/arten\/fuer-zweitstudium#breadcrumb\"},\"inLanguage\":\"de\",\"potentialAction\":[{\"@type\":\"ReadAction\",\"target\":[\"https:\/\/www.dr-staedtler.de\/sofort-kredit\/arten\/fuer-zweitstudium\"]}]},{\"@type\":\"ImageObject\",\"inLanguage\":\"de\",\"@id\":\"https:\/\/www.dr-staedtler.de\/sofort-kredit\/arten\/fuer-zweitstudium#primaryimage\",\"url\":\"http:\/\/www.dr-staedtler.de\/sofort-kredit\/wp-content\/uploads\/2012\/08\/zweitstudium.jpg\",\"contentUrl\":\"http:\/\/www.dr-staedtler.de\/sofort-kredit\/wp-content\/uploads\/2012\/08\/zweitstudium.jpg\",\"width\":\"285\",\"height\":\"420\",\"caption\":\"Zweitstudium - Passende Finanzierung finden\"},{\"@type\":\"BreadcrumbList\",\"@id\":\"https:\/\/www.dr-staedtler.de\/sofort-kredit\/arten\/fuer-zweitstudium#breadcrumb\",\"itemListElement\":[{\"@type\":\"ListItem\",\"position\":1,\"name\":\"Home\",\"item\":\"https:\/\/www.dr-staedtler.de\/sofort-kredit\/\"},{\"@type\":\"ListItem\",\"position\":2,\"name\":\"Diese verschiedenen Kreditarten und Verwendungszwecke gibt es\",\"item\":\"https:\/\/www.dr-staedtler.de\/sofort-kredit\/arten\"},{\"@type\":\"ListItem\",\"position\":3,\"name\":\"Kredit f\u00fcr Zweitstudium\"}]},{\"@type\":\"WebSite\",\"@id\":\"http:\/\/www.dr-staedtler.de\/sofort-kredit\/#website\",\"url\":\"http:\/\/www.dr-staedtler.de\/sofort-kredit\/\",\"name\":\"Sofortkredit\",\"description\":\"Der Sofortkredit im unabh\u00e4ngigen Vergleich\",\"potentialAction\":[{\"@type\":\"SearchAction\",\"target\":{\"@type\":\"EntryPoint\",\"urlTemplate\":\"http:\/\/www.dr-staedtler.de\/sofort-kredit\/?s={search_term_string}\"},\"query-input\":{\"@type\":\"PropertyValueSpecification\",\"valueRequired\":true,\"valueName\":\"search_term_string\"}}],\"inLanguage\":\"de\"}]}<\/script>\n<!-- \/ Yoast SEO plugin. -->","yoast_head_json":{"title":"Kredit f\u00fcr Zweitstudium - Kostenlos vergleichen und beantragen","description":"Kredit f\u00fcr Zweitstudium: Ein Zweitstudium kann wichtig f\u00fcr die berufliche Zukunft sein, muss aber selbst finanziert werden. Wie kann das m\u00f6glich sein?","robots":{"index":"index","follow":"follow","max-snippet":"max-snippet:-1","max-image-preview":"max-image-preview:large","max-video-preview":"max-video-preview:-1"},"canonical":"https:\/\/www.dr-staedtler.de\/sofort-kredit\/arten\/fuer-zweitstudium","og_locale":"de_DE","og_type":"article","og_title":"Kredit f\u00fcr Zweitstudium - Kostenlos vergleichen und beantragen","og_description":"Kredit f\u00fcr Zweitstudium: Ein Zweitstudium kann wichtig f\u00fcr die berufliche Zukunft sein, muss aber selbst finanziert werden. Wie kann das m\u00f6glich sein?","og_url":"https:\/\/www.dr-staedtler.de\/sofort-kredit\/arten\/fuer-zweitstudium","og_site_name":"Sofortkredit","article_modified_time":"2017-05-23T10:17:19+00:00","og_image":[{"url":"http:\/\/www.dr-staedtler.de\/sofort-kredit\/wp-content\/uploads\/2012\/08\/zweitstudium-203x300.jpg","type":"","width":"","height":""}],"twitter_card":"summary_large_image","twitter_misc":{"Gesch\u00e4tzte Lesezeit":"2\u00a0Minuten"},"schema":{"@context":"https:\/\/schema.org","@graph":[{"@type":"WebPage","@id":"https:\/\/www.dr-staedtler.de\/sofort-kredit\/arten\/fuer-zweitstudium","url":"https:\/\/www.dr-staedtler.de\/sofort-kredit\/arten\/fuer-zweitstudium","name":"Kredit f\u00fcr Zweitstudium - Kostenlos vergleichen und beantragen","isPartOf":{"@id":"http:\/\/www.dr-staedtler.de\/sofort-kredit\/#website"},"primaryImageOfPage":{"@id":"https:\/\/www.dr-staedtler.de\/sofort-kredit\/arten\/fuer-zweitstudium#primaryimage"},"image":{"@id":"https:\/\/www.dr-staedtler.de\/sofort-kredit\/arten\/fuer-zweitstudium#primaryimage"},"thumbnailUrl":"http:\/\/www.dr-staedtler.de\/sofort-kredit\/wp-content\/uploads\/2012\/08\/zweitstudium-203x300.jpg","datePublished":"2012-08-30T15:37:59+00:00","dateModified":"2017-05-23T10:17:19+00:00","description":"Kredit f\u00fcr Zweitstudium: Ein Zweitstudium kann wichtig f\u00fcr die berufliche Zukunft sein, muss aber selbst finanziert werden. Wie kann das m\u00f6glich sein?","breadcrumb":{"@id":"https:\/\/www.dr-staedtler.de\/sofort-kredit\/arten\/fuer-zweitstudium#breadcrumb"},"inLanguage":"de","potentialAction":[{"@type":"ReadAction","target":["https:\/\/www.dr-staedtler.de\/sofort-kredit\/arten\/fuer-zweitstudium"]}]},{"@type":"ImageObject","inLanguage":"de","@id":"https:\/\/www.dr-staedtler.de\/sofort-kredit\/arten\/fuer-zweitstudium#primaryimage","url":"http:\/\/www.dr-staedtler.de\/sofort-kredit\/wp-content\/uploads\/2012\/08\/zweitstudium.jpg","contentUrl":"http:\/\/www.dr-staedtler.de\/sofort-kredit\/wp-content\/uploads\/2012\/08\/zweitstudium.jpg","width":"285","height":"420","caption":"Zweitstudium - Passende Finanzierung finden"},{"@type":"BreadcrumbList","@id":"https:\/\/www.dr-staedtler.de\/sofort-kredit\/arten\/fuer-zweitstudium#breadcrumb","itemListElement":[{"@type":"ListItem","position":1,"name":"Home","item":"https:\/\/www.dr-staedtler.de\/sofort-kredit\/"},{"@type":"ListItem","position":2,"name":"Diese verschiedenen Kreditarten und Verwendungszwecke gibt es","item":"https:\/\/www.dr-staedtler.de\/sofort-kredit\/arten"},{"@type":"ListItem","position":3,"name":"Kredit f\u00fcr Zweitstudium"}]},{"@type":"WebSite","@id":"http:\/\/www.dr-staedtler.de\/sofort-kredit\/#website","url":"http:\/\/www.dr-staedtler.de\/sofort-kredit\/","name":"Sofortkredit","description":"Der Sofortkredit im unabh\u00e4ngigen Vergleich","potentialAction":[{"@type":"SearchAction","target":{"@type":"EntryPoint","urlTemplate":"http:\/\/www.dr-staedtler.de\/sofort-kredit\/?s={search_term_string}"},"query-input":{"@type":"PropertyValueSpecification","valueRequired":true,"valueName":"search_term_string"}}],"inLanguage":"de"}]}},"_links":{"self":[{"href":"http:\/\/www.dr-staedtler.de\/sofort-kredit\/wp-json\/wp\/v2\/pages\/1041","targetHints":{"allow":["GET"]}}],"collection":[{"href":"http:\/\/www.dr-staedtler.de\/sofort-kredit\/wp-json\/wp\/v2\/pages"}],"about":[{"href":"http:\/\/www.dr-staedtler.de\/sofort-kredit\/wp-json\/wp\/v2\/types\/page"}],"author":[{"embeddable":true,"href":"http:\/\/www.dr-staedtler.de\/sofort-kredit\/wp-json\/wp\/v2\/users\/2"}],"replies":[{"embeddable":true,"href":"http:\/\/www.dr-staedtler.de\/sofort-kredit\/wp-json\/wp\/v2\/comments?post=1041"}],"version-history":[{"count":3,"href":"http:\/\/www.dr-staedtler.de\/sofort-kredit\/wp-json\/wp\/v2\/pages\/1041\/revisions"}],"predecessor-version":[{"id":2571,"href":"http:\/\/www.dr-staedtler.de\/sofort-kredit\/wp-json\/wp\/v2\/pages\/1041\/revisions\/2571"}],"up":[{"embeddable":true,"href":"http:\/\/www.dr-staedtler.de\/sofort-kredit\/wp-json\/wp\/v2\/pages\/1081"}],"wp:attachment":[{"href":"http:\/\/www.dr-staedtler.de\/sofort-kredit\/wp-json\/wp\/v2\/media?parent=1041"}],"curies":[{"name":"wp","href":"https:\/\/api.w.org\/{rel}","templated":true}]}}