{"id":1039,"date":"2012-08-30T17:10:06","date_gmt":"2012-08-30T15:10:06","guid":{"rendered":"http:\/\/www.sofort-kredit.net\/?page_id=1039"},"modified":"2017-05-23T12:16:35","modified_gmt":"2017-05-23T10:16:35","slug":"fuer-weiterbildung","status":"publish","type":"page","link":"http:\/\/www.dr-staedtler.de\/sofort-kredit\/arten\/fuer-weiterbildung","title":{"rendered":"Kredit f\u00fcr Weiterbildung"},"content":{"rendered":"<p>St\u00e4ndige Weiterbildung ist f\u00fcr Arbeitgeber wie Arbeitnehmer heutzutage ein Muss. Kein Wunder, dass die Nachfrage nach <strong>Krediten f\u00fcr Weiterbildung<\/strong> so hoch ist wie nie.<br \/>\n<script defer=\"\" async=\"\" data-affiliateid=\"9e1fdf7f\" data-placementid=\"783582278\" data-amount=\"4000\" data-category=\"\" data-duration=\"84\" src=\"https:\/\/www.smava.de\/pp\/smava-kreditvergleich\/main.js\"><\/script><\/p>\n<h2>Weiterbildung &#8211; unverzichtbar f\u00fcr den beruflichen Erfolg<\/h2>\n<p><img loading=\"lazy\" decoding=\"async\" class=\"alignleft size-medium wp-image-1287\" style=\"margin-right: 10px; margin-bottom: 8px; border: 1px solid grey;\" title=\"Finanzierung einer beruflichen Weiterbildung\" src=\"http:\/\/www.dr-staedtler.de\/sofort-kredit\/wp-content\/uploads\/2012\/08\/weiterbildung-300x200.jpg\" alt=\"Finanzierung einer beruflichen Weiterbildung\" width=\"300\" height=\"200\" srcset=\"http:\/\/www.dr-staedtler.de\/sofort-kredit\/wp-content\/uploads\/2012\/08\/weiterbildung-300x200.jpg 300w, http:\/\/www.dr-staedtler.de\/sofort-kredit\/wp-content\/uploads\/2012\/08\/weiterbildung.jpg 424w\" sizes=\"auto, (max-width: 300px) 100vw, 300px\" \/>Wer beruflich erfolgreich sein m\u00f6chte, muss sich fortlaufend weiterbilden. Umfassende <strong>Weiterbildungsma\u00dfnahmen<\/strong> sorgen nicht nur f\u00fcr fundiertes Fachwissen, sondern erh\u00f6hen auch die Chancen auf dem Arbeitsmarkt &#8211; ein Kapital, das von unsch\u00e4tzbarem Wert ist. Leider haben qualitative Weiterbildungsma\u00dfnahmen auch ihren Preis. Um sich umfassend und ohne <strong>finanzielle Sorgen<\/strong> dieser so wichtigen F\u00f6rderung widmen zu k\u00f6nnen, empfiehlt es sich, einen <strong>Sofortkredit f\u00fcr Weiterbildung<\/strong> zu beantragen.<\/p>\n<h3>Kredit f\u00fcr Weiterbildung &#8211; was man wissen sollte<\/h3>\n<p>Aufgrund der gro\u00dfen Nachfrage in diesem Bereich gibt es eine Vielzahl an <strong>Banken und Kreditinstituten<\/strong>, die einen <strong>Sofortkredit f\u00fcr Weiterbildung<\/strong> anbieten. So kann sich der Interessent beispielsweise an seine Hausbank wenden. Verf\u00fcgt er \u00fcber eine unbefristete Festanstellung sowie \u00fcber ausreichende Eink\u00fcnfte, ist es in aller Regel problemlos m\u00f6glich, einen Kredit f\u00fcr Weiterbildung zu erhalten. Voraussetzung daf\u00fcr ist allerdings, dass <strong>kein Schufa-Eintrag<\/strong> vorhanden ist. Ebenfalls negativ wirken sich hohe Verbindlichkeiten aus, die abgezahlt werden m\u00fcssen. Ob ein <strong>Kredit f\u00fcr Weiterbildung<\/strong> bewilligt wird, h\u00e4ngt somit stark von der pers\u00f6nlichen Lebenssituation und der jeweiligen Bonit\u00e4t des Kreditnehmers ab.<\/p>\n<h3>Ebenfalls m\u00f6glich: ein KfW-Kredit<\/h3>\n<p>Wer einen Weg jenseits der klassischen Modelle sucht, kann unter Umst\u00e4nden auch \u00fcber die <strong>KfW-Bank einen Kredit f\u00fcr Weiterbildung<\/strong> aufnehmen. Die <strong>F\u00f6rderbank der Deutschen Wirtschaft<\/strong> stellt ebenfalls Darlehen f\u00fcr Weiterbildungszwecke bereit. Der Antrag erfolgt \u00fcber die KfW, eine Bank oder Sparkasse gew\u00e4hrt nach einer erfolgreichen Bewilligung anschlie\u00dfend den eigentlichen Kredit. Egal, ob ein <strong>Kredit bei einer Bank<\/strong> oder \u00fcber die KfW: Ohne einen umfassenden vorherigen Vergleich sollte grunds\u00e4tzlich kein Vertrag \u00fcber einen <strong>Kredit f\u00fcr Weiterbildung<\/strong> unterzeichnet werden. Denn mitunter kommt es zu betr\u00e4chtlichen Unterschieden hinsichtlich der jeweiligen Konditionen. Nur wer gr\u00fcndlich und in aller Ruhe die Angebote miteinander vergleicht, kann ein Modell finden, dass optimal zu ihm und seiner Lebenssituation passt.<\/p>\n","protected":false},"excerpt":{"rendered":"<p>St\u00e4ndige Weiterbildung ist f\u00fcr Arbeitgeber wie Arbeitnehmer heutzutage ein Muss. Kein Wunder, dass die Nachfrage nach Krediten f\u00fcr Weiterbildung so hoch ist wie nie. Weiterbildung &#8211; unverzichtbar f\u00fcr den beruflichen Erfolg Wer beruflich erfolgreich sein m\u00f6chte, muss sich fortlaufend weiterbilden. Umfassende Weiterbildungsma\u00dfnahmen sorgen nicht nur f\u00fcr fundiertes Fachwissen, sondern erh\u00f6hen auch die Chancen auf dem [&hellip;]<\/p>\n","protected":false},"author":2,"featured_media":0,"parent":1081,"menu_order":0,"comment_status":"closed","ping_status":"open","template":"templates\/sidebar-right.php","meta":{"footnotes":""},"class_list":["post-1039","page","type-page","status-publish","hentry"],"yoast_head":"<!-- This site is optimized with the Yoast SEO plugin v24.6 - https:\/\/yoast.com\/wordpress\/plugins\/seo\/ -->\n<title>Kredit f\u00fcr Weiterbildung online finden und beantragen<\/title>\n<meta name=\"description\" content=\"Kredit f\u00fcr Weiterbildung: St\u00e4ndige Weiterbildung ist wichtig, um im beruflichen Leben weiterzukommen. Weiterbildungsma\u00dfnahmen kosten viel Geld und k\u00f6nnen durch einen Kredit m\u00f6glich werden.\" \/>\n<meta name=\"robots\" content=\"index, follow, max-snippet:-1, max-image-preview:large, max-video-preview:-1\" \/>\n<link rel=\"canonical\" href=\"https:\/\/www.dr-staedtler.de\/sofort-kredit\/arten\/fuer-weiterbildung\" \/>\n<meta property=\"og:locale\" content=\"de_DE\" \/>\n<meta property=\"og:type\" content=\"article\" \/>\n<meta property=\"og:title\" content=\"Kredit f\u00fcr Weiterbildung online finden und beantragen\" \/>\n<meta property=\"og:description\" content=\"Kredit f\u00fcr Weiterbildung: St\u00e4ndige Weiterbildung ist wichtig, um im beruflichen Leben weiterzukommen. Weiterbildungsma\u00dfnahmen kosten viel Geld und k\u00f6nnen durch einen Kredit m\u00f6glich werden.\" \/>\n<meta property=\"og:url\" content=\"https:\/\/www.dr-staedtler.de\/sofort-kredit\/arten\/fuer-weiterbildung\" \/>\n<meta property=\"og:site_name\" content=\"Sofortkredit\" \/>\n<meta property=\"article:modified_time\" content=\"2017-05-23T10:16:35+00:00\" \/>\n<meta property=\"og:image\" content=\"http:\/\/www.dr-staedtler.de\/sofort-kredit\/wp-content\/uploads\/2012\/08\/weiterbildung-300x200.jpg\" \/>\n<meta name=\"twitter:card\" content=\"summary_large_image\" \/>\n<meta name=\"twitter:label1\" content=\"Gesch\u00e4tzte Lesezeit\" \/>\n\t<meta name=\"twitter:data1\" content=\"2\u00a0Minuten\" \/>\n<script type=\"application\/ld+json\" class=\"yoast-schema-graph\">{\"@context\":\"https:\/\/schema.org\",\"@graph\":[{\"@type\":\"WebPage\",\"@id\":\"https:\/\/www.dr-staedtler.de\/sofort-kredit\/arten\/fuer-weiterbildung\",\"url\":\"https:\/\/www.dr-staedtler.de\/sofort-kredit\/arten\/fuer-weiterbildung\",\"name\":\"Kredit f\u00fcr Weiterbildung online finden und beantragen\",\"isPartOf\":{\"@id\":\"http:\/\/www.dr-staedtler.de\/sofort-kredit\/#website\"},\"primaryImageOfPage\":{\"@id\":\"https:\/\/www.dr-staedtler.de\/sofort-kredit\/arten\/fuer-weiterbildung#primaryimage\"},\"image\":{\"@id\":\"https:\/\/www.dr-staedtler.de\/sofort-kredit\/arten\/fuer-weiterbildung#primaryimage\"},\"thumbnailUrl\":\"http:\/\/www.dr-staedtler.de\/sofort-kredit\/wp-content\/uploads\/2012\/08\/weiterbildung-300x200.jpg\",\"datePublished\":\"2012-08-30T15:10:06+00:00\",\"dateModified\":\"2017-05-23T10:16:35+00:00\",\"description\":\"Kredit f\u00fcr Weiterbildung: St\u00e4ndige Weiterbildung ist wichtig, um im beruflichen Leben weiterzukommen. Weiterbildungsma\u00dfnahmen kosten viel Geld und k\u00f6nnen durch einen Kredit m\u00f6glich werden.\",\"breadcrumb\":{\"@id\":\"https:\/\/www.dr-staedtler.de\/sofort-kredit\/arten\/fuer-weiterbildung#breadcrumb\"},\"inLanguage\":\"de\",\"potentialAction\":[{\"@type\":\"ReadAction\",\"target\":[\"https:\/\/www.dr-staedtler.de\/sofort-kredit\/arten\/fuer-weiterbildung\"]}]},{\"@type\":\"ImageObject\",\"inLanguage\":\"de\",\"@id\":\"https:\/\/www.dr-staedtler.de\/sofort-kredit\/arten\/fuer-weiterbildung#primaryimage\",\"url\":\"http:\/\/www.dr-staedtler.de\/sofort-kredit\/wp-content\/uploads\/2012\/08\/weiterbildung.jpg\",\"contentUrl\":\"http:\/\/www.dr-staedtler.de\/sofort-kredit\/wp-content\/uploads\/2012\/08\/weiterbildung.jpg\",\"width\":\"424\",\"height\":\"283\",\"caption\":\"Finanzierung einer beruflichen Weiterbildung\"},{\"@type\":\"BreadcrumbList\",\"@id\":\"https:\/\/www.dr-staedtler.de\/sofort-kredit\/arten\/fuer-weiterbildung#breadcrumb\",\"itemListElement\":[{\"@type\":\"ListItem\",\"position\":1,\"name\":\"Home\",\"item\":\"https:\/\/www.dr-staedtler.de\/sofort-kredit\/\"},{\"@type\":\"ListItem\",\"position\":2,\"name\":\"Diese verschiedenen Kreditarten und Verwendungszwecke gibt es\",\"item\":\"https:\/\/www.dr-staedtler.de\/sofort-kredit\/arten\"},{\"@type\":\"ListItem\",\"position\":3,\"name\":\"Kredit f\u00fcr Weiterbildung\"}]},{\"@type\":\"WebSite\",\"@id\":\"http:\/\/www.dr-staedtler.de\/sofort-kredit\/#website\",\"url\":\"http:\/\/www.dr-staedtler.de\/sofort-kredit\/\",\"name\":\"Sofortkredit\",\"description\":\"Der Sofortkredit im unabh\u00e4ngigen Vergleich\",\"potentialAction\":[{\"@type\":\"SearchAction\",\"target\":{\"@type\":\"EntryPoint\",\"urlTemplate\":\"http:\/\/www.dr-staedtler.de\/sofort-kredit\/?s={search_term_string}\"},\"query-input\":{\"@type\":\"PropertyValueSpecification\",\"valueRequired\":true,\"valueName\":\"search_term_string\"}}],\"inLanguage\":\"de\"}]}<\/script>\n<!-- \/ Yoast SEO plugin. -->","yoast_head_json":{"title":"Kredit f\u00fcr Weiterbildung online finden und beantragen","description":"Kredit f\u00fcr Weiterbildung: St\u00e4ndige Weiterbildung ist wichtig, um im beruflichen Leben weiterzukommen. Weiterbildungsma\u00dfnahmen kosten viel Geld und k\u00f6nnen durch einen Kredit m\u00f6glich werden.","robots":{"index":"index","follow":"follow","max-snippet":"max-snippet:-1","max-image-preview":"max-image-preview:large","max-video-preview":"max-video-preview:-1"},"canonical":"https:\/\/www.dr-staedtler.de\/sofort-kredit\/arten\/fuer-weiterbildung","og_locale":"de_DE","og_type":"article","og_title":"Kredit f\u00fcr Weiterbildung online finden und beantragen","og_description":"Kredit f\u00fcr Weiterbildung: St\u00e4ndige Weiterbildung ist wichtig, um im beruflichen Leben weiterzukommen. Weiterbildungsma\u00dfnahmen kosten viel Geld und k\u00f6nnen durch einen Kredit m\u00f6glich werden.","og_url":"https:\/\/www.dr-staedtler.de\/sofort-kredit\/arten\/fuer-weiterbildung","og_site_name":"Sofortkredit","article_modified_time":"2017-05-23T10:16:35+00:00","og_image":[{"url":"http:\/\/www.dr-staedtler.de\/sofort-kredit\/wp-content\/uploads\/2012\/08\/weiterbildung-300x200.jpg","type":"","width":"","height":""}],"twitter_card":"summary_large_image","twitter_misc":{"Gesch\u00e4tzte Lesezeit":"2\u00a0Minuten"},"schema":{"@context":"https:\/\/schema.org","@graph":[{"@type":"WebPage","@id":"https:\/\/www.dr-staedtler.de\/sofort-kredit\/arten\/fuer-weiterbildung","url":"https:\/\/www.dr-staedtler.de\/sofort-kredit\/arten\/fuer-weiterbildung","name":"Kredit f\u00fcr Weiterbildung online finden und beantragen","isPartOf":{"@id":"http:\/\/www.dr-staedtler.de\/sofort-kredit\/#website"},"primaryImageOfPage":{"@id":"https:\/\/www.dr-staedtler.de\/sofort-kredit\/arten\/fuer-weiterbildung#primaryimage"},"image":{"@id":"https:\/\/www.dr-staedtler.de\/sofort-kredit\/arten\/fuer-weiterbildung#primaryimage"},"thumbnailUrl":"http:\/\/www.dr-staedtler.de\/sofort-kredit\/wp-content\/uploads\/2012\/08\/weiterbildung-300x200.jpg","datePublished":"2012-08-30T15:10:06+00:00","dateModified":"2017-05-23T10:16:35+00:00","description":"Kredit f\u00fcr Weiterbildung: St\u00e4ndige Weiterbildung ist wichtig, um im beruflichen Leben weiterzukommen. Weiterbildungsma\u00dfnahmen kosten viel Geld und k\u00f6nnen durch einen Kredit m\u00f6glich werden.","breadcrumb":{"@id":"https:\/\/www.dr-staedtler.de\/sofort-kredit\/arten\/fuer-weiterbildung#breadcrumb"},"inLanguage":"de","potentialAction":[{"@type":"ReadAction","target":["https:\/\/www.dr-staedtler.de\/sofort-kredit\/arten\/fuer-weiterbildung"]}]},{"@type":"ImageObject","inLanguage":"de","@id":"https:\/\/www.dr-staedtler.de\/sofort-kredit\/arten\/fuer-weiterbildung#primaryimage","url":"http:\/\/www.dr-staedtler.de\/sofort-kredit\/wp-content\/uploads\/2012\/08\/weiterbildung.jpg","contentUrl":"http:\/\/www.dr-staedtler.de\/sofort-kredit\/wp-content\/uploads\/2012\/08\/weiterbildung.jpg","width":"424","height":"283","caption":"Finanzierung einer beruflichen Weiterbildung"},{"@type":"BreadcrumbList","@id":"https:\/\/www.dr-staedtler.de\/sofort-kredit\/arten\/fuer-weiterbildung#breadcrumb","itemListElement":[{"@type":"ListItem","position":1,"name":"Home","item":"https:\/\/www.dr-staedtler.de\/sofort-kredit\/"},{"@type":"ListItem","position":2,"name":"Diese verschiedenen Kreditarten und Verwendungszwecke gibt es","item":"https:\/\/www.dr-staedtler.de\/sofort-kredit\/arten"},{"@type":"ListItem","position":3,"name":"Kredit f\u00fcr Weiterbildung"}]},{"@type":"WebSite","@id":"http:\/\/www.dr-staedtler.de\/sofort-kredit\/#website","url":"http:\/\/www.dr-staedtler.de\/sofort-kredit\/","name":"Sofortkredit","description":"Der Sofortkredit im unabh\u00e4ngigen Vergleich","potentialAction":[{"@type":"SearchAction","target":{"@type":"EntryPoint","urlTemplate":"http:\/\/www.dr-staedtler.de\/sofort-kredit\/?s={search_term_string}"},"query-input":{"@type":"PropertyValueSpecification","valueRequired":true,"valueName":"search_term_string"}}],"inLanguage":"de"}]}},"_links":{"self":[{"href":"http:\/\/www.dr-staedtler.de\/sofort-kredit\/wp-json\/wp\/v2\/pages\/1039","targetHints":{"allow":["GET"]}}],"collection":[{"href":"http:\/\/www.dr-staedtler.de\/sofort-kredit\/wp-json\/wp\/v2\/pages"}],"about":[{"href":"http:\/\/www.dr-staedtler.de\/sofort-kredit\/wp-json\/wp\/v2\/types\/page"}],"author":[{"embeddable":true,"href":"http:\/\/www.dr-staedtler.de\/sofort-kredit\/wp-json\/wp\/v2\/users\/2"}],"replies":[{"embeddable":true,"href":"http:\/\/www.dr-staedtler.de\/sofort-kredit\/wp-json\/wp\/v2\/comments?post=1039"}],"version-history":[{"count":3,"href":"http:\/\/www.dr-staedtler.de\/sofort-kredit\/wp-json\/wp\/v2\/pages\/1039\/revisions"}],"predecessor-version":[{"id":2566,"href":"http:\/\/www.dr-staedtler.de\/sofort-kredit\/wp-json\/wp\/v2\/pages\/1039\/revisions\/2566"}],"up":[{"embeddable":true,"href":"http:\/\/www.dr-staedtler.de\/sofort-kredit\/wp-json\/wp\/v2\/pages\/1081"}],"wp:attachment":[{"href":"http:\/\/www.dr-staedtler.de\/sofort-kredit\/wp-json\/wp\/v2\/media?parent=1039"}],"curies":[{"name":"wp","href":"https:\/\/api.w.org\/{rel}","templated":true}]}}