{"id":1037,"date":"2012-08-30T17:05:14","date_gmt":"2012-08-30T15:05:14","guid":{"rendered":"http:\/\/www.sofort-kredit.net\/?page_id=1037"},"modified":"2017-05-23T12:16:52","modified_gmt":"2017-05-23T10:16:52","slug":"fuer-vier-wochen","status":"publish","type":"page","link":"http:\/\/www.dr-staedtler.de\/sofort-kredit\/arten\/fuer-vier-wochen","title":{"rendered":"Kredit f\u00fcr vier Wochen"},"content":{"rendered":"<p>Mitunter werden kurzfristig Summen f\u00fcr einen sehr \u00fcberschaubaren Zeitraum ben\u00f6tigt. Ein <strong>Kredit f\u00fcr vier Wochen<\/strong> erlaubt, auch <strong>gr\u00f6\u00dfere Kreditbetr\u00e4ge zu erhalten<\/strong> und gleichzeitig von <strong>attraktiven Zinss\u00e4tzen<\/strong> zu profitieren.<br \/>\n<script defer=\"\" async=\"\" data-affiliateid=\"9e1fdf7f\" data-placementid=\"783582278\" data-amount=\"1000\" data-category=\"\" data-duration=\"12\" src=\"https:\/\/www.smava.de\/pp\/smava-kreditvergleich\/main.js\"><\/script><\/p>\n<h2>Unkompliziert und schnell gr\u00f6\u00dfere Geldbetr\u00e4ge erhalten<\/h2>\n<p><img loading=\"lazy\" decoding=\"async\" class=\"alignleft size-medium wp-image-1283\" style=\"margin-right: 10px; margin-bottom: 8px; border: 1px solid grey;\" title=\"Kredit f\u00fcr vier Wochen\" src=\"http:\/\/www.dr-staedtler.de\/sofort-kredit\/wp-content\/uploads\/2012\/08\/vierwochenkredit-234x300.jpg\" alt=\"Kredit f\u00fcr vier Wochen\" width=\"234\" height=\"300\" srcset=\"http:\/\/www.dr-staedtler.de\/sofort-kredit\/wp-content\/uploads\/2012\/08\/vierwochenkredit-234x300.jpg 234w, http:\/\/www.dr-staedtler.de\/sofort-kredit\/wp-content\/uploads\/2012\/08\/vierwochenkredit.jpg 306w\" sizes=\"auto, (max-width: 234px) 100vw, 234px\" \/>Viele Menschen werden diese Situationen wohl zur Gen\u00fcge kennen: Kurzfristig geht die Waschmaschine kaputt oder eine umfangreiche und kostspielige Autoreparatur steht an. Nur wenige k\u00f6nnen den daf\u00fcr erforderlichen Betrag ohne Weiteres aus dem \u00c4rmel sch\u00fctteln. Mit einem <strong>Kredit f\u00fcr vier Wochen<\/strong> k\u00f6nnen diese <strong>finanziellen Engp\u00e4sse<\/strong> \u00fcberbr\u00fcckt werden. Mittlerweile gibt es dank der gro\u00dfen Nachfrage eine Vielzahl an Anbietern, die einen <strong>Sofortkredit f\u00fcr vier Wochen<\/strong> anbieten.<\/p>\n<h3>Infos und Tipps zum Sofortkredit f\u00fcr vier Wochen<\/h3>\n<p>Der Hauptunterschied zum <strong>herk\u00f6mmlichen Ratenkredit<\/strong> besteht nat\u00fcrlich in der wesentlich k\u00fcrzeren Laufzeit. Heutzutage gibt es jedoch hinsichtlich der weiteren Konditionen keine nennenswerten Unterschiede mehr: Zahlreiche Banken und Kreditinstitute bieten den Kunden n\u00e4mlich einen sogenannten <strong>Abrufkredit<\/strong> an. Dieser kann, \u00e4hnlich wie der <strong>Dispokredit<\/strong>, nach Bedarf abgerufen werden. Dar\u00fcber hinaus wird vorab eine bestimmte<strong> Kreditrate<\/strong> festgesetzt, bei welcher h\u00e4ufig auch h\u00f6here Tilgungss\u00e4tze zul\u00e4ssig sind. Wer bei einer Direktbank einen <strong>Kredit f\u00fcr vier Wochen<\/strong> beantragt, erf\u00e4hrt in aller Regel binnen k\u00fcrzester Zeit, ob sein Antrag bewilligt wurde. Dar\u00fcber hinaus erfolgt auch eine Auszahlung innerhalb weniger Tage. Die erfolgreiche Bewilligung eines Darlehens h\u00e4ngt dabei nat\u00fcrlich unmittelbar von der Bonit\u00e4t sowie der pers\u00f6nlichen Lebenssituation des Kreditnehmers ab.<\/p>\n<h3>Unbedingt n\u00f6tig: ein umfassender Vergleich<\/h3>\n<p>Aufgrund der gro\u00dfen Auswahl kommt es mitunter zu gro\u00dfen <strong>Unterschieden bei den Konditionen<\/strong>. Der Kreditnehmer sollte daher unbedingt vor der Unterzeichnung eines <strong>Kreditvertrags f\u00fcr vier Wochen<\/strong> die effektiven Jahreszinss\u00e4tze sowie die weiteren Eigenschaften genau unter die Lupe nehmen und die Angebote der Bank- und Kreditinstitute umfassend miteinander vergleichen. Dar\u00fcber hinaus sollte nat\u00fcrlich auch die Seri\u00f6sit\u00e4t des jeweiligen Anbieters genauestens untersucht werden. Mit einem umfassenden Preisvergleich eines <strong>Kreditrechners kann der Kreditnehmer<\/strong> sicherstellen, dass er ein <a href=\"http:\/\/www.dr-staedtler.de\/sofort-kredit\">optimales Angebot findet<\/a>, welches seiner Lebenssituation in hohem Ma\u00dfe entgegenkommt.<\/p>\n","protected":false},"excerpt":{"rendered":"<p>Mitunter werden kurzfristig Summen f\u00fcr einen sehr \u00fcberschaubaren Zeitraum ben\u00f6tigt. Ein Kredit f\u00fcr vier Wochen erlaubt, auch gr\u00f6\u00dfere Kreditbetr\u00e4ge zu erhalten und gleichzeitig von attraktiven Zinss\u00e4tzen zu profitieren. Unkompliziert und schnell gr\u00f6\u00dfere Geldbetr\u00e4ge erhalten Viele Menschen werden diese Situationen wohl zur Gen\u00fcge kennen: Kurzfristig geht die Waschmaschine kaputt oder eine umfangreiche und kostspielige Autoreparatur steht [&hellip;]<\/p>\n","protected":false},"author":2,"featured_media":0,"parent":1081,"menu_order":0,"comment_status":"closed","ping_status":"open","template":"templates\/sidebar-right.php","meta":{"footnotes":""},"class_list":["post-1037","page","type-page","status-publish","hentry"],"yoast_head":"<!-- This site is optimized with the Yoast SEO plugin v24.6 - https:\/\/yoast.com\/wordpress\/plugins\/seo\/ -->\n<title>Kredit f\u00fcr vier Wochen - Jetzt kostenlos vergleichen<\/title>\n<meta name=\"description\" content=\"Kredit f\u00fcr vier Wochen: Kurzfristige Summen, die ben\u00f6tigt werden um eine neue Waschmaschine zu kaufen oder eine andere Investition zu t\u00e4tigen, k\u00f6nnen \u00fcberbr\u00fcckt werden. Der Kredit f\u00fcr\" \/>\n<meta name=\"robots\" content=\"index, follow, max-snippet:-1, max-image-preview:large, max-video-preview:-1\" \/>\n<link rel=\"canonical\" href=\"https:\/\/www.dr-staedtler.de\/sofort-kredit\/arten\/fuer-vier-wochen\" \/>\n<meta property=\"og:locale\" content=\"de_DE\" \/>\n<meta property=\"og:type\" content=\"article\" \/>\n<meta property=\"og:title\" content=\"Kredit f\u00fcr vier Wochen - Jetzt kostenlos vergleichen\" \/>\n<meta property=\"og:description\" content=\"Kredit f\u00fcr vier Wochen: Kurzfristige Summen, die ben\u00f6tigt werden um eine neue Waschmaschine zu kaufen oder eine andere Investition zu t\u00e4tigen, k\u00f6nnen \u00fcberbr\u00fcckt werden. Der Kredit f\u00fcr\" \/>\n<meta property=\"og:url\" content=\"https:\/\/www.dr-staedtler.de\/sofort-kredit\/arten\/fuer-vier-wochen\" \/>\n<meta property=\"og:site_name\" content=\"Sofortkredit\" \/>\n<meta property=\"article:modified_time\" content=\"2017-05-23T10:16:52+00:00\" \/>\n<meta property=\"og:image\" content=\"http:\/\/www.dr-staedtler.de\/sofort-kredit\/wp-content\/uploads\/2012\/08\/vierwochenkredit-234x300.jpg\" \/>\n<meta name=\"twitter:card\" content=\"summary_large_image\" \/>\n<meta name=\"twitter:label1\" content=\"Gesch\u00e4tzte Lesezeit\" \/>\n\t<meta name=\"twitter:data1\" content=\"2\u00a0Minuten\" \/>\n<script type=\"application\/ld+json\" class=\"yoast-schema-graph\">{\"@context\":\"https:\/\/schema.org\",\"@graph\":[{\"@type\":\"WebPage\",\"@id\":\"https:\/\/www.dr-staedtler.de\/sofort-kredit\/arten\/fuer-vier-wochen\",\"url\":\"https:\/\/www.dr-staedtler.de\/sofort-kredit\/arten\/fuer-vier-wochen\",\"name\":\"Kredit f\u00fcr vier Wochen - Jetzt kostenlos vergleichen\",\"isPartOf\":{\"@id\":\"http:\/\/www.dr-staedtler.de\/sofort-kredit\/#website\"},\"primaryImageOfPage\":{\"@id\":\"https:\/\/www.dr-staedtler.de\/sofort-kredit\/arten\/fuer-vier-wochen#primaryimage\"},\"image\":{\"@id\":\"https:\/\/www.dr-staedtler.de\/sofort-kredit\/arten\/fuer-vier-wochen#primaryimage\"},\"thumbnailUrl\":\"http:\/\/www.dr-staedtler.de\/sofort-kredit\/wp-content\/uploads\/2012\/08\/vierwochenkredit-234x300.jpg\",\"datePublished\":\"2012-08-30T15:05:14+00:00\",\"dateModified\":\"2017-05-23T10:16:52+00:00\",\"description\":\"Kredit f\u00fcr vier Wochen: Kurzfristige Summen, die ben\u00f6tigt werden um eine neue Waschmaschine zu kaufen oder eine andere Investition zu t\u00e4tigen, k\u00f6nnen \u00fcberbr\u00fcckt werden. Der Kredit f\u00fcr\",\"breadcrumb\":{\"@id\":\"https:\/\/www.dr-staedtler.de\/sofort-kredit\/arten\/fuer-vier-wochen#breadcrumb\"},\"inLanguage\":\"de\",\"potentialAction\":[{\"@type\":\"ReadAction\",\"target\":[\"https:\/\/www.dr-staedtler.de\/sofort-kredit\/arten\/fuer-vier-wochen\"]}]},{\"@type\":\"ImageObject\",\"inLanguage\":\"de\",\"@id\":\"https:\/\/www.dr-staedtler.de\/sofort-kredit\/arten\/fuer-vier-wochen#primaryimage\",\"url\":\"http:\/\/www.dr-staedtler.de\/sofort-kredit\/wp-content\/uploads\/2012\/08\/vierwochenkredit.jpg\",\"contentUrl\":\"http:\/\/www.dr-staedtler.de\/sofort-kredit\/wp-content\/uploads\/2012\/08\/vierwochenkredit.jpg\",\"width\":\"306\",\"height\":\"392\",\"caption\":\"Kredit f\u00fcr vier Wochen\"},{\"@type\":\"BreadcrumbList\",\"@id\":\"https:\/\/www.dr-staedtler.de\/sofort-kredit\/arten\/fuer-vier-wochen#breadcrumb\",\"itemListElement\":[{\"@type\":\"ListItem\",\"position\":1,\"name\":\"Home\",\"item\":\"https:\/\/www.dr-staedtler.de\/sofort-kredit\/\"},{\"@type\":\"ListItem\",\"position\":2,\"name\":\"Diese verschiedenen Kreditarten und Verwendungszwecke gibt es\",\"item\":\"https:\/\/www.dr-staedtler.de\/sofort-kredit\/arten\"},{\"@type\":\"ListItem\",\"position\":3,\"name\":\"Kredit f\u00fcr vier Wochen\"}]},{\"@type\":\"WebSite\",\"@id\":\"http:\/\/www.dr-staedtler.de\/sofort-kredit\/#website\",\"url\":\"http:\/\/www.dr-staedtler.de\/sofort-kredit\/\",\"name\":\"Sofortkredit\",\"description\":\"Der Sofortkredit im unabh\u00e4ngigen Vergleich\",\"potentialAction\":[{\"@type\":\"SearchAction\",\"target\":{\"@type\":\"EntryPoint\",\"urlTemplate\":\"http:\/\/www.dr-staedtler.de\/sofort-kredit\/?s={search_term_string}\"},\"query-input\":{\"@type\":\"PropertyValueSpecification\",\"valueRequired\":true,\"valueName\":\"search_term_string\"}}],\"inLanguage\":\"de\"}]}<\/script>\n<!-- \/ Yoast SEO plugin. -->","yoast_head_json":{"title":"Kredit f\u00fcr vier Wochen - Jetzt kostenlos vergleichen","description":"Kredit f\u00fcr vier Wochen: Kurzfristige Summen, die ben\u00f6tigt werden um eine neue Waschmaschine zu kaufen oder eine andere Investition zu t\u00e4tigen, k\u00f6nnen \u00fcberbr\u00fcckt werden. Der Kredit f\u00fcr","robots":{"index":"index","follow":"follow","max-snippet":"max-snippet:-1","max-image-preview":"max-image-preview:large","max-video-preview":"max-video-preview:-1"},"canonical":"https:\/\/www.dr-staedtler.de\/sofort-kredit\/arten\/fuer-vier-wochen","og_locale":"de_DE","og_type":"article","og_title":"Kredit f\u00fcr vier Wochen - Jetzt kostenlos vergleichen","og_description":"Kredit f\u00fcr vier Wochen: Kurzfristige Summen, die ben\u00f6tigt werden um eine neue Waschmaschine zu kaufen oder eine andere Investition zu t\u00e4tigen, k\u00f6nnen \u00fcberbr\u00fcckt werden. Der Kredit f\u00fcr","og_url":"https:\/\/www.dr-staedtler.de\/sofort-kredit\/arten\/fuer-vier-wochen","og_site_name":"Sofortkredit","article_modified_time":"2017-05-23T10:16:52+00:00","og_image":[{"url":"http:\/\/www.dr-staedtler.de\/sofort-kredit\/wp-content\/uploads\/2012\/08\/vierwochenkredit-234x300.jpg","type":"","width":"","height":""}],"twitter_card":"summary_large_image","twitter_misc":{"Gesch\u00e4tzte Lesezeit":"2\u00a0Minuten"},"schema":{"@context":"https:\/\/schema.org","@graph":[{"@type":"WebPage","@id":"https:\/\/www.dr-staedtler.de\/sofort-kredit\/arten\/fuer-vier-wochen","url":"https:\/\/www.dr-staedtler.de\/sofort-kredit\/arten\/fuer-vier-wochen","name":"Kredit f\u00fcr vier Wochen - Jetzt kostenlos vergleichen","isPartOf":{"@id":"http:\/\/www.dr-staedtler.de\/sofort-kredit\/#website"},"primaryImageOfPage":{"@id":"https:\/\/www.dr-staedtler.de\/sofort-kredit\/arten\/fuer-vier-wochen#primaryimage"},"image":{"@id":"https:\/\/www.dr-staedtler.de\/sofort-kredit\/arten\/fuer-vier-wochen#primaryimage"},"thumbnailUrl":"http:\/\/www.dr-staedtler.de\/sofort-kredit\/wp-content\/uploads\/2012\/08\/vierwochenkredit-234x300.jpg","datePublished":"2012-08-30T15:05:14+00:00","dateModified":"2017-05-23T10:16:52+00:00","description":"Kredit f\u00fcr vier Wochen: Kurzfristige Summen, die ben\u00f6tigt werden um eine neue Waschmaschine zu kaufen oder eine andere Investition zu t\u00e4tigen, k\u00f6nnen \u00fcberbr\u00fcckt werden. Der Kredit f\u00fcr","breadcrumb":{"@id":"https:\/\/www.dr-staedtler.de\/sofort-kredit\/arten\/fuer-vier-wochen#breadcrumb"},"inLanguage":"de","potentialAction":[{"@type":"ReadAction","target":["https:\/\/www.dr-staedtler.de\/sofort-kredit\/arten\/fuer-vier-wochen"]}]},{"@type":"ImageObject","inLanguage":"de","@id":"https:\/\/www.dr-staedtler.de\/sofort-kredit\/arten\/fuer-vier-wochen#primaryimage","url":"http:\/\/www.dr-staedtler.de\/sofort-kredit\/wp-content\/uploads\/2012\/08\/vierwochenkredit.jpg","contentUrl":"http:\/\/www.dr-staedtler.de\/sofort-kredit\/wp-content\/uploads\/2012\/08\/vierwochenkredit.jpg","width":"306","height":"392","caption":"Kredit f\u00fcr vier Wochen"},{"@type":"BreadcrumbList","@id":"https:\/\/www.dr-staedtler.de\/sofort-kredit\/arten\/fuer-vier-wochen#breadcrumb","itemListElement":[{"@type":"ListItem","position":1,"name":"Home","item":"https:\/\/www.dr-staedtler.de\/sofort-kredit\/"},{"@type":"ListItem","position":2,"name":"Diese verschiedenen Kreditarten und Verwendungszwecke gibt es","item":"https:\/\/www.dr-staedtler.de\/sofort-kredit\/arten"},{"@type":"ListItem","position":3,"name":"Kredit f\u00fcr vier Wochen"}]},{"@type":"WebSite","@id":"http:\/\/www.dr-staedtler.de\/sofort-kredit\/#website","url":"http:\/\/www.dr-staedtler.de\/sofort-kredit\/","name":"Sofortkredit","description":"Der Sofortkredit im unabh\u00e4ngigen Vergleich","potentialAction":[{"@type":"SearchAction","target":{"@type":"EntryPoint","urlTemplate":"http:\/\/www.dr-staedtler.de\/sofort-kredit\/?s={search_term_string}"},"query-input":{"@type":"PropertyValueSpecification","valueRequired":true,"valueName":"search_term_string"}}],"inLanguage":"de"}]}},"_links":{"self":[{"href":"http:\/\/www.dr-staedtler.de\/sofort-kredit\/wp-json\/wp\/v2\/pages\/1037","targetHints":{"allow":["GET"]}}],"collection":[{"href":"http:\/\/www.dr-staedtler.de\/sofort-kredit\/wp-json\/wp\/v2\/pages"}],"about":[{"href":"http:\/\/www.dr-staedtler.de\/sofort-kredit\/wp-json\/wp\/v2\/types\/page"}],"author":[{"embeddable":true,"href":"http:\/\/www.dr-staedtler.de\/sofort-kredit\/wp-json\/wp\/v2\/users\/2"}],"replies":[{"embeddable":true,"href":"http:\/\/www.dr-staedtler.de\/sofort-kredit\/wp-json\/wp\/v2\/comments?post=1037"}],"version-history":[{"count":3,"href":"http:\/\/www.dr-staedtler.de\/sofort-kredit\/wp-json\/wp\/v2\/pages\/1037\/revisions"}],"predecessor-version":[{"id":2568,"href":"http:\/\/www.dr-staedtler.de\/sofort-kredit\/wp-json\/wp\/v2\/pages\/1037\/revisions\/2568"}],"up":[{"embeddable":true,"href":"http:\/\/www.dr-staedtler.de\/sofort-kredit\/wp-json\/wp\/v2\/pages\/1081"}],"wp:attachment":[{"href":"http:\/\/www.dr-staedtler.de\/sofort-kredit\/wp-json\/wp\/v2\/media?parent=1037"}],"curies":[{"name":"wp","href":"https:\/\/api.w.org\/{rel}","templated":true}]}}