{"id":1031,"date":"2012-08-28T15:05:37","date_gmt":"2012-08-28T13:05:37","guid":{"rendered":"http:\/\/www.sofort-kredit.net\/?page_id=1031"},"modified":"2017-05-23T12:14:41","modified_gmt":"2017-05-23T10:14:41","slug":"fuer-schueler","status":"publish","type":"page","link":"http:\/\/www.dr-staedtler.de\/sofort-kredit\/arten\/fuer-schueler","title":{"rendered":"Kredit f\u00fcr Sch\u00fcler"},"content":{"rendered":"<p>Auch Sch\u00fcler werden Konsumw\u00fcnsche haben, egal ob ein iPhone, Markenklamotten oder ein Motorroller ben\u00f6tigt wird. Doch wie soll sich der Sch\u00fcler finanzieren? Daf\u00fcr gibt es<strong> Kredite,<\/strong> die <strong>ohne Einkommensnachweis<\/strong> ausgeh\u00e4ndigt werden. So beispielsweise der <strong>Sofortkredit<\/strong>, siehe hier:<br \/>\n<script type=\"text\/javascript\">\n    google_ad_client = \"ca-pub-1262936663758648\";\n    google_ad_slot = \"2364144445\";\n    google_ad_width = 720;\n    google_ad_height = 150;\n<\/script><br \/>\n<!-- sofort-kredit-net-schueler --><br \/>\n<script type=\"text\/javascript\" src=\"\/\/pagead2.googlesyndication.com\/pagead\/show_ads.js\">\n<\/script><br \/>\n<script defer=\"\" async=\"\" data-affiliateid=\"9e1fdf7f\" data-placementid=\"783582278\" data-amount=\"15000\" data-category=\"\" data-duration=\"36\" src=\"https:\/\/www.smava.de\/pp\/smava-kreditvergleich\/main.js\"><\/script><br \/>\n<img loading=\"lazy\" decoding=\"async\" class=\"alignleft size-medium wp-image-1171\" style=\"margin-right: 10px; margin-bottom: 8px; border: 1px solid grey;\" title=\"Kredit auch f\u00fcr Sch\u00fcler\" src=\"http:\/\/www.dr-staedtler.de\/sofort-kredit\/wp-content\/uploads\/2012\/08\/kreditfuerschueler-300x200.jpg\" alt=\"Kredit auch f\u00fcr Sch\u00fcler\" width=\"300\" height=\"200\" srcset=\"http:\/\/www.dr-staedtler.de\/sofort-kredit\/wp-content\/uploads\/2012\/08\/kreditfuerschueler-300x200.jpg 300w, http:\/\/www.dr-staedtler.de\/sofort-kredit\/wp-content\/uploads\/2012\/08\/kreditfuerschueler.jpg 424w\" sizes=\"auto, (max-width: 300px) 100vw, 300px\" \/>Ist man Sch\u00fcler, dann gibt es eine Voraussetzung. Man sollte das achtzehnte Lebensjahr vollendet haben. Andernfalls wird die <strong>Ausgabe eines Kredit f\u00fcr Sch\u00fcler<\/strong> laut Gesetz nicht genehmigt. Die M\u00f6glichkeiten die ein 18 j\u00e4hriger Sch\u00fcler hat sind dennoch begrenzt. Die <strong>Bonit\u00e4t ist gering<\/strong>, die <strong>Kreditsumme<\/strong> wird einen gewissen Rahmen nicht \u00fcbersteigen und die <strong>Refinanzierungsma\u00dfnahmen<\/strong> sind gebremst. Dennoch gibt es hier einfache M\u00f6glichkeiten. So beispielsweise eine <strong>B\u00fcrgschaft.<\/strong> So k\u00f6nnen die Eltern als B\u00fcrge f\u00fcr den Sch\u00fcler eintreten und somit gen\u00fcgend Sicherheit f\u00fcr das Bankinstitut bieten. Zudem k\u00f6nnen Sch\u00fcler die ein Alter von 18 Jahren erreicht haben \u00fcber Nebenjobs ein <strong>kleines Einkommen<\/strong> zur Verf\u00fcgung stellen oder gegebenenfalls\u00a0 angespartes Geld als Pfand hinterlassen. Viele Bankinstitute sind auf Grundlage dieser Voraussetzungen nicht abgeneigt <strong>kleinere Kredite<\/strong> weiterzugeben.<\/p>\n<h2>Welche Kreditvariante ist geeignet?<\/h2>\n<p>Da es sich um eine <strong>kleinere Kreditsumme<\/strong> handelt kommen lediglich zwei Kreditvarianten in Frage. <a href=\"http:\/\/www.dr-staedtler.de\/sofort-kredit\/xpresscredit-finanzielle-engpaesse-direkt-ueberwinden.php\">Einerseits der Kleinkredit<\/a> und nat\u00fcrlich der <strong>Sofortkredit<\/strong>. Der <a href=\"http:\/\/www.dr-staedtler.de\/sofort-kredit\/sofortkredit-arbeitslose\">Kleinkredit bel\u00e4uft sich auf eine geringe Kreditsumme<\/a>,\u00a0 was mit einem Sofortkredit auch m\u00f6glich ist. Handelt es sich um eine gr\u00f6\u00dfere Summe, so beispielsweise 3000 Euro, dann ist ein <strong>Sofortkredit f\u00fcr Sch\u00fcler<\/strong> notwendig. Beim Sofortkredit sollte grunds\u00e4tzlich darauf geachtet werden, dass mit einem <strong>g\u00fcnstigen Finanzierungskonzept<\/strong> gearbeitet wird. Das bedeutet, dass die Ausgaben den Einnahmen gegen\u00fcbergestellt werden k\u00f6nnen. Zudem ist es wichtig, dass einfache Finanzierungsmuster gesucht werden, die eine gute \u00dcbersicht bieten k\u00f6nnen. So eine Rentabilit\u00e4tsvorschau, die sich mit den potentiellen Einnahmen des Sch\u00fclers, beispielsweise durch Zeitung-Austragen oder Taschengeld dem Ratenmodell anpassen kann. Dadurch lernen Sch\u00fcler sehr schnell was es bedeutet einen Kredit f\u00fcr Sch\u00fcler aufzunehmen.<\/p>\n<h3>Einen g\u00fcnstigen Kredit finden<\/h3>\n<p>Die Suche nach einem <strong>geeigneten Kredit<\/strong> ist nicht immer einfach. Es gibt <strong>unz\u00e4hlige Kreditanbieter<\/strong> und jeder hat andere Zinsvorstellungen. Ein Vergleich hilft den g\u00fcnstigsten Anbieter aus einem gr\u00f6\u00dferen Portfolio herauszufiltern. Da Vergleiche unabh\u00e4ngig, kostenlos und unverbindlich durchgef\u00fchrt werden k\u00f6nnen sind Vergleiche die einfachste, schnellste und effektivste Variante. Eine Voraussetzung, die zum finden leistungsstarke Tarife ungemein wichtig und wertvoll ist.<\/p>\n","protected":false},"excerpt":{"rendered":"<p>Auch Sch\u00fcler werden Konsumw\u00fcnsche haben, egal ob ein iPhone, Markenklamotten oder ein Motorroller ben\u00f6tigt wird. Doch wie soll sich der Sch\u00fcler finanzieren? Daf\u00fcr gibt es Kredite, die ohne Einkommensnachweis ausgeh\u00e4ndigt werden. So beispielsweise der Sofortkredit, siehe hier: Ist man Sch\u00fcler, dann gibt es eine Voraussetzung. Man sollte das achtzehnte Lebensjahr vollendet haben. Andernfalls wird die [&hellip;]<\/p>\n","protected":false},"author":2,"featured_media":0,"parent":1081,"menu_order":0,"comment_status":"closed","ping_status":"open","template":"templates\/sidebar-right.php","meta":{"footnotes":""},"class_list":["post-1031","page","type-page","status-publish","hentry"],"yoast_head":"<!-- This site is optimized with the Yoast SEO plugin v24.6 - https:\/\/yoast.com\/wordpress\/plugins\/seo\/ -->\n<title>Kredit f\u00fcr Sch\u00fcler \u25b7 Jetzt g\u00fcnstigen Kredit sichern<\/title>\n<meta name=\"description\" content=\"Kredit f\u00fcr Sch\u00fcler: Konsumw\u00fcnsche der Sch\u00fcler k\u00f6nnen erf\u00fcllt werden, wenn die richtigen Voraussetzungen f\u00fcr einen Kredit vorliegen. Welche sind das und welcher Kredit ist machbar?\" \/>\n<meta name=\"robots\" content=\"index, follow, max-snippet:-1, max-image-preview:large, max-video-preview:-1\" \/>\n<link rel=\"canonical\" href=\"https:\/\/www.dr-staedtler.de\/sofort-kredit\/arten\/fuer-schueler\" \/>\n<meta property=\"og:locale\" content=\"de_DE\" \/>\n<meta property=\"og:type\" content=\"article\" \/>\n<meta property=\"og:title\" content=\"Kredit f\u00fcr Sch\u00fcler \u25b7 Jetzt g\u00fcnstigen Kredit sichern\" \/>\n<meta property=\"og:description\" content=\"Kredit f\u00fcr Sch\u00fcler: Konsumw\u00fcnsche der Sch\u00fcler k\u00f6nnen erf\u00fcllt werden, wenn die richtigen Voraussetzungen f\u00fcr einen Kredit vorliegen. Welche sind das und welcher Kredit ist machbar?\" \/>\n<meta property=\"og:url\" content=\"https:\/\/www.dr-staedtler.de\/sofort-kredit\/arten\/fuer-schueler\" \/>\n<meta property=\"og:site_name\" content=\"Sofortkredit\" \/>\n<meta property=\"article:modified_time\" content=\"2017-05-23T10:14:41+00:00\" \/>\n<meta property=\"og:image\" content=\"http:\/\/www.dr-staedtler.de\/sofort-kredit\/wp-content\/uploads\/2012\/08\/kreditfuerschueler-300x200.jpg\" \/>\n<meta name=\"twitter:card\" content=\"summary_large_image\" \/>\n<meta name=\"twitter:label1\" content=\"Gesch\u00e4tzte Lesezeit\" \/>\n\t<meta name=\"twitter:data1\" content=\"2\u00a0Minuten\" \/>\n<script type=\"application\/ld+json\" class=\"yoast-schema-graph\">{\"@context\":\"https:\/\/schema.org\",\"@graph\":[{\"@type\":\"WebPage\",\"@id\":\"https:\/\/www.dr-staedtler.de\/sofort-kredit\/arten\/fuer-schueler\",\"url\":\"https:\/\/www.dr-staedtler.de\/sofort-kredit\/arten\/fuer-schueler\",\"name\":\"Kredit f\u00fcr Sch\u00fcler \u25b7 Jetzt g\u00fcnstigen Kredit sichern\",\"isPartOf\":{\"@id\":\"http:\/\/www.dr-staedtler.de\/sofort-kredit\/#website\"},\"primaryImageOfPage\":{\"@id\":\"https:\/\/www.dr-staedtler.de\/sofort-kredit\/arten\/fuer-schueler#primaryimage\"},\"image\":{\"@id\":\"https:\/\/www.dr-staedtler.de\/sofort-kredit\/arten\/fuer-schueler#primaryimage\"},\"thumbnailUrl\":\"http:\/\/www.dr-staedtler.de\/sofort-kredit\/wp-content\/uploads\/2012\/08\/kreditfuerschueler-300x200.jpg\",\"datePublished\":\"2012-08-28T13:05:37+00:00\",\"dateModified\":\"2017-05-23T10:14:41+00:00\",\"description\":\"Kredit f\u00fcr Sch\u00fcler: Konsumw\u00fcnsche der Sch\u00fcler k\u00f6nnen erf\u00fcllt werden, wenn die richtigen Voraussetzungen f\u00fcr einen Kredit vorliegen. Welche sind das und welcher Kredit ist machbar?\",\"breadcrumb\":{\"@id\":\"https:\/\/www.dr-staedtler.de\/sofort-kredit\/arten\/fuer-schueler#breadcrumb\"},\"inLanguage\":\"de\",\"potentialAction\":[{\"@type\":\"ReadAction\",\"target\":[\"https:\/\/www.dr-staedtler.de\/sofort-kredit\/arten\/fuer-schueler\"]}]},{\"@type\":\"ImageObject\",\"inLanguage\":\"de\",\"@id\":\"https:\/\/www.dr-staedtler.de\/sofort-kredit\/arten\/fuer-schueler#primaryimage\",\"url\":\"http:\/\/www.dr-staedtler.de\/sofort-kredit\/wp-content\/uploads\/2012\/08\/kreditfuerschueler.jpg\",\"contentUrl\":\"http:\/\/www.dr-staedtler.de\/sofort-kredit\/wp-content\/uploads\/2012\/08\/kreditfuerschueler.jpg\",\"width\":\"424\",\"height\":\"283\",\"caption\":\"Kredit auch f\u00fcr Sch\u00fcler\"},{\"@type\":\"BreadcrumbList\",\"@id\":\"https:\/\/www.dr-staedtler.de\/sofort-kredit\/arten\/fuer-schueler#breadcrumb\",\"itemListElement\":[{\"@type\":\"ListItem\",\"position\":1,\"name\":\"Home\",\"item\":\"https:\/\/www.dr-staedtler.de\/sofort-kredit\/\"},{\"@type\":\"ListItem\",\"position\":2,\"name\":\"Diese verschiedenen Kreditarten und Verwendungszwecke gibt es\",\"item\":\"https:\/\/www.dr-staedtler.de\/sofort-kredit\/arten\"},{\"@type\":\"ListItem\",\"position\":3,\"name\":\"Kredit f\u00fcr Sch\u00fcler\"}]},{\"@type\":\"WebSite\",\"@id\":\"http:\/\/www.dr-staedtler.de\/sofort-kredit\/#website\",\"url\":\"http:\/\/www.dr-staedtler.de\/sofort-kredit\/\",\"name\":\"Sofortkredit\",\"description\":\"Der Sofortkredit im unabh\u00e4ngigen Vergleich\",\"potentialAction\":[{\"@type\":\"SearchAction\",\"target\":{\"@type\":\"EntryPoint\",\"urlTemplate\":\"http:\/\/www.dr-staedtler.de\/sofort-kredit\/?s={search_term_string}\"},\"query-input\":{\"@type\":\"PropertyValueSpecification\",\"valueRequired\":true,\"valueName\":\"search_term_string\"}}],\"inLanguage\":\"de\"}]}<\/script>\n<!-- \/ Yoast SEO plugin. -->","yoast_head_json":{"title":"Kredit f\u00fcr Sch\u00fcler \u25b7 Jetzt g\u00fcnstigen Kredit sichern","description":"Kredit f\u00fcr Sch\u00fcler: Konsumw\u00fcnsche der Sch\u00fcler k\u00f6nnen erf\u00fcllt werden, wenn die richtigen Voraussetzungen f\u00fcr einen Kredit vorliegen. Welche sind das und welcher Kredit ist machbar?","robots":{"index":"index","follow":"follow","max-snippet":"max-snippet:-1","max-image-preview":"max-image-preview:large","max-video-preview":"max-video-preview:-1"},"canonical":"https:\/\/www.dr-staedtler.de\/sofort-kredit\/arten\/fuer-schueler","og_locale":"de_DE","og_type":"article","og_title":"Kredit f\u00fcr Sch\u00fcler \u25b7 Jetzt g\u00fcnstigen Kredit sichern","og_description":"Kredit f\u00fcr Sch\u00fcler: Konsumw\u00fcnsche der Sch\u00fcler k\u00f6nnen erf\u00fcllt werden, wenn die richtigen Voraussetzungen f\u00fcr einen Kredit vorliegen. Welche sind das und welcher Kredit ist machbar?","og_url":"https:\/\/www.dr-staedtler.de\/sofort-kredit\/arten\/fuer-schueler","og_site_name":"Sofortkredit","article_modified_time":"2017-05-23T10:14:41+00:00","og_image":[{"url":"http:\/\/www.dr-staedtler.de\/sofort-kredit\/wp-content\/uploads\/2012\/08\/kreditfuerschueler-300x200.jpg","type":"","width":"","height":""}],"twitter_card":"summary_large_image","twitter_misc":{"Gesch\u00e4tzte Lesezeit":"2\u00a0Minuten"},"schema":{"@context":"https:\/\/schema.org","@graph":[{"@type":"WebPage","@id":"https:\/\/www.dr-staedtler.de\/sofort-kredit\/arten\/fuer-schueler","url":"https:\/\/www.dr-staedtler.de\/sofort-kredit\/arten\/fuer-schueler","name":"Kredit f\u00fcr Sch\u00fcler \u25b7 Jetzt g\u00fcnstigen Kredit sichern","isPartOf":{"@id":"http:\/\/www.dr-staedtler.de\/sofort-kredit\/#website"},"primaryImageOfPage":{"@id":"https:\/\/www.dr-staedtler.de\/sofort-kredit\/arten\/fuer-schueler#primaryimage"},"image":{"@id":"https:\/\/www.dr-staedtler.de\/sofort-kredit\/arten\/fuer-schueler#primaryimage"},"thumbnailUrl":"http:\/\/www.dr-staedtler.de\/sofort-kredit\/wp-content\/uploads\/2012\/08\/kreditfuerschueler-300x200.jpg","datePublished":"2012-08-28T13:05:37+00:00","dateModified":"2017-05-23T10:14:41+00:00","description":"Kredit f\u00fcr Sch\u00fcler: Konsumw\u00fcnsche der Sch\u00fcler k\u00f6nnen erf\u00fcllt werden, wenn die richtigen Voraussetzungen f\u00fcr einen Kredit vorliegen. Welche sind das und welcher Kredit ist machbar?","breadcrumb":{"@id":"https:\/\/www.dr-staedtler.de\/sofort-kredit\/arten\/fuer-schueler#breadcrumb"},"inLanguage":"de","potentialAction":[{"@type":"ReadAction","target":["https:\/\/www.dr-staedtler.de\/sofort-kredit\/arten\/fuer-schueler"]}]},{"@type":"ImageObject","inLanguage":"de","@id":"https:\/\/www.dr-staedtler.de\/sofort-kredit\/arten\/fuer-schueler#primaryimage","url":"http:\/\/www.dr-staedtler.de\/sofort-kredit\/wp-content\/uploads\/2012\/08\/kreditfuerschueler.jpg","contentUrl":"http:\/\/www.dr-staedtler.de\/sofort-kredit\/wp-content\/uploads\/2012\/08\/kreditfuerschueler.jpg","width":"424","height":"283","caption":"Kredit auch f\u00fcr Sch\u00fcler"},{"@type":"BreadcrumbList","@id":"https:\/\/www.dr-staedtler.de\/sofort-kredit\/arten\/fuer-schueler#breadcrumb","itemListElement":[{"@type":"ListItem","position":1,"name":"Home","item":"https:\/\/www.dr-staedtler.de\/sofort-kredit\/"},{"@type":"ListItem","position":2,"name":"Diese verschiedenen Kreditarten und Verwendungszwecke gibt es","item":"https:\/\/www.dr-staedtler.de\/sofort-kredit\/arten"},{"@type":"ListItem","position":3,"name":"Kredit f\u00fcr Sch\u00fcler"}]},{"@type":"WebSite","@id":"http:\/\/www.dr-staedtler.de\/sofort-kredit\/#website","url":"http:\/\/www.dr-staedtler.de\/sofort-kredit\/","name":"Sofortkredit","description":"Der Sofortkredit im unabh\u00e4ngigen Vergleich","potentialAction":[{"@type":"SearchAction","target":{"@type":"EntryPoint","urlTemplate":"http:\/\/www.dr-staedtler.de\/sofort-kredit\/?s={search_term_string}"},"query-input":{"@type":"PropertyValueSpecification","valueRequired":true,"valueName":"search_term_string"}}],"inLanguage":"de"}]}},"_links":{"self":[{"href":"http:\/\/www.dr-staedtler.de\/sofort-kredit\/wp-json\/wp\/v2\/pages\/1031","targetHints":{"allow":["GET"]}}],"collection":[{"href":"http:\/\/www.dr-staedtler.de\/sofort-kredit\/wp-json\/wp\/v2\/pages"}],"about":[{"href":"http:\/\/www.dr-staedtler.de\/sofort-kredit\/wp-json\/wp\/v2\/types\/page"}],"author":[{"embeddable":true,"href":"http:\/\/www.dr-staedtler.de\/sofort-kredit\/wp-json\/wp\/v2\/users\/2"}],"replies":[{"embeddable":true,"href":"http:\/\/www.dr-staedtler.de\/sofort-kredit\/wp-json\/wp\/v2\/comments?post=1031"}],"version-history":[{"count":4,"href":"http:\/\/www.dr-staedtler.de\/sofort-kredit\/wp-json\/wp\/v2\/pages\/1031\/revisions"}],"predecessor-version":[{"id":2560,"href":"http:\/\/www.dr-staedtler.de\/sofort-kredit\/wp-json\/wp\/v2\/pages\/1031\/revisions\/2560"}],"up":[{"embeddable":true,"href":"http:\/\/www.dr-staedtler.de\/sofort-kredit\/wp-json\/wp\/v2\/pages\/1081"}],"wp:attachment":[{"href":"http:\/\/www.dr-staedtler.de\/sofort-kredit\/wp-json\/wp\/v2\/media?parent=1031"}],"curies":[{"name":"wp","href":"https:\/\/api.w.org\/{rel}","templated":true}]}}