{"id":1029,"date":"2012-08-29T12:43:10","date_gmt":"2012-08-29T10:43:10","guid":{"rendered":"http:\/\/www.sofort-kredit.net\/?page_id=1029"},"modified":"2017-05-23T12:14:16","modified_gmt":"2017-05-23T10:14:16","slug":"fuer-reise","status":"publish","type":"page","link":"http:\/\/www.dr-staedtler.de\/sofort-kredit\/arten\/fuer-reise","title":{"rendered":"Kredit f\u00fcr Reise"},"content":{"rendered":"<p>Ein Urlaub ist mindestens einmal im Jahr f\u00e4llig. Ob nach Casablanca, nach Thailand oder nach Paris, <strong>ein Urlaub kostet Geld.<\/strong> Hotelkosten und Flugkosten sind ebenso betroffen wie Verpflegungskosten. Doch was, wenn nicht genug Geld zur Verf\u00fcgung steht? Wie w\u00e4re es mit einem <strong>Sofortkredit?<\/strong><br \/>\n<script defer=\"\" async=\"\" data-affiliateid=\"9e1fdf7f\" data-placementid=\"783582278\" data-amount=\"2000\" data-category=\"\" data-duration=\"36\" src=\"https:\/\/www.smava.de\/pp\/smava-kreditvergleich\/main.js\"><\/script><br \/>\nEine <strong>Reise<\/strong> innerhalb von Deutschland, so beispielsweise nach R\u00fcgen oder Mecklenburg Vorpommern ist <strong>deutlich g\u00fcnstiger<\/strong> als eine Reise in weit entfernte Regionen. Fl\u00fcge nach Thailand kosten bis zu 1000 Euro, genauso wie Fl\u00fcge nach Afrika oder Australien. <strong>G\u00fcnstige Hotels<\/strong> gibt es viele, wobei ein Urlaub auch eine gewisse Klasse mit sich bringen sollte. So mindestens der Drei-Sterne-Bereich, was bei einem zweiw\u00f6chigen Urlaub schnell 1500 Euro voraussetzt. Die Verpflegungskosten d\u00fcrfen nicht untersch\u00e4tzt werden, gerade wenn ein Land au\u00dferhalb der EU aufgesucht wird. Hinzu kommt der <strong>W\u00e4hrungstausch, Fahrtkosten<\/strong> innerhalb des Landes und nat\u00fcrlich Mitbringsel, die an den Urlaub erinnern. Kosten, Kosten und nochmals Kosten. Niemand m\u00f6chte in den Urlaub fliegen und sich nur vom n\u00f6tigsten ern\u00e4hren m\u00fcssen und ganzheitlich an Geld denken. Doch wer vergibt Urlaubskredite, selbst wenn die eigene <strong>SCHUFA negativ<\/strong> ist?<\/p>\n<h2>Ein Sofortkredit f\u00fcr einen Urlaub<\/h2>\n<p><img loading=\"lazy\" decoding=\"async\" class=\"alignleft size-medium wp-image-1197\" style=\"margin-right: 10px; margin-bottom: 8px; border: 1px solid grey;\" title=\"Finanzierung der n\u00e4chsten Reise\" src=\"http:\/\/www.dr-staedtler.de\/sofort-kredit\/wp-content\/uploads\/2012\/08\/reise-300x200.jpg\" alt=\"Finanzierung der n\u00e4chsten Reise\" width=\"300\" height=\"200\" srcset=\"http:\/\/www.dr-staedtler.de\/sofort-kredit\/wp-content\/uploads\/2012\/08\/reise-300x200.jpg 300w, http:\/\/www.dr-staedtler.de\/sofort-kredit\/wp-content\/uploads\/2012\/08\/reise.jpg 424w\" sizes=\"auto, (max-width: 300px) 100vw, 300px\" \/>Der <strong>Sofortkredit f\u00fcr Reise<\/strong> gilt als \u00e4u\u00dferst <strong>g\u00fcnstige Kreditvariante,<\/strong> die durch eine individuelle Ratenzahlung erg\u00e4nzt wird. Verbraucher, die\u00a0 nach <strong>g\u00fcnstigen Finanzierungskonzepten<\/strong> mit Qualit\u00e4t suchen, die k\u00f6nnen von den M\u00f6glichkeiten eines Sofortkredites durchaus profitieren. Wird ein Kredit gesucht der sehr guten Leistungen bieten kann, eine tolle Qualit\u00e4t besitzt und jeden Urlaubstraum verwirklicht, dann eignet sich der <strong>Sofortkredit<\/strong>. Zum einen kann das Geld unabh\u00e4ngig vom Verwendungszweck eingesetzt werden und desweiteren wird das Geld innerhalb von wenigen Tagen ausgezahlt. Voraussetzungen, die bei einem Kredit ungeheuer wichtig sind. Ob nun Ko Samui in Thailand, Istanbul in der T\u00fcrkei oder Nizza in Frankreich, der <strong>Sofortkredit f\u00fcr Reise<\/strong> kann in einer H\u00f6he von bis zu 100.000 Euro aufgenommen werden. Sicherlich reichen 2000 Euro vollkommen aus, gerade wenn innerhalb der EU gereist wird.<\/p>\n<h3>Wie k\u00f6nnen die Kosten f\u00fcr einen Sofortkredit ermittelt werden?<\/h3>\n<p>Zun\u00e4chst gilt es das Reiseziel auszusuchen. Hat man den Ort, den Zeitpunkt und die Aufenthaltsdauer, dann gilt es \u00fcber den <strong>Flug-Preisvergleich<\/strong> den g\u00fcnstigsten Fluganbieter zuverifizieren. Danach sollte ein <strong>Hotelvergleich<\/strong> durchgef\u00fchrt werden und die grundlegenden Kosten sind verifiziert. Die<strong> Verpflegungskosten<\/strong> sollten mit 50 Euro pro Tag verrechnet werden, wobei es im Regelfall weniger sind. Erg\u00e4nzt durch einen <strong>Kreditvergleich<\/strong> k\u00f6nnen Verbraucher\u00a0 <a href=\"http:\/\/www.dr-staedtler.de\/sofort-kredit\">erstklassige Konditionen f\u00fcr die eigene Reise<\/a> genie\u00dfen.<\/p>\n","protected":false},"excerpt":{"rendered":"<p>Ein Urlaub ist mindestens einmal im Jahr f\u00e4llig. Ob nach Casablanca, nach Thailand oder nach Paris, ein Urlaub kostet Geld. Hotelkosten und Flugkosten sind ebenso betroffen wie Verpflegungskosten. Doch was, wenn nicht genug Geld zur Verf\u00fcgung steht? Wie w\u00e4re es mit einem Sofortkredit? Eine Reise innerhalb von Deutschland, so beispielsweise nach R\u00fcgen oder Mecklenburg Vorpommern [&hellip;]<\/p>\n","protected":false},"author":2,"featured_media":0,"parent":1081,"menu_order":0,"comment_status":"closed","ping_status":"open","template":"templates\/sidebar-right.php","meta":{"footnotes":""},"class_list":["post-1029","page","type-page","status-publish","hentry"],"yoast_head":"<!-- This site is optimized with the Yoast SEO plugin v24.6 - https:\/\/yoast.com\/wordpress\/plugins\/seo\/ -->\n<title>Kredit f\u00fcr Reise - Jetzt vergleichen und online beantragen<\/title>\n<meta name=\"description\" content=\"Kredit f\u00fcr Reise: Einmal im Jahr muss ein Urlaub m\u00f6glich sein, die Kosten daf\u00fcr k\u00f6nnen finanziert werden. Welcher Kredit eignet sich daf\u00fcr besonders?\" \/>\n<meta name=\"robots\" content=\"index, follow, max-snippet:-1, max-image-preview:large, max-video-preview:-1\" \/>\n<link rel=\"canonical\" href=\"https:\/\/www.dr-staedtler.de\/sofort-kredit\/arten\/fuer-reise\" \/>\n<meta property=\"og:locale\" content=\"de_DE\" \/>\n<meta property=\"og:type\" content=\"article\" \/>\n<meta property=\"og:title\" content=\"Kredit f\u00fcr Reise - Jetzt vergleichen und online beantragen\" \/>\n<meta property=\"og:description\" content=\"Kredit f\u00fcr Reise: Einmal im Jahr muss ein Urlaub m\u00f6glich sein, die Kosten daf\u00fcr k\u00f6nnen finanziert werden. Welcher Kredit eignet sich daf\u00fcr besonders?\" \/>\n<meta property=\"og:url\" content=\"https:\/\/www.dr-staedtler.de\/sofort-kredit\/arten\/fuer-reise\" \/>\n<meta property=\"og:site_name\" content=\"Sofortkredit\" \/>\n<meta property=\"article:modified_time\" content=\"2017-05-23T10:14:16+00:00\" \/>\n<meta property=\"og:image\" content=\"http:\/\/www.dr-staedtler.de\/sofort-kredit\/wp-content\/uploads\/2012\/08\/reise-300x200.jpg\" \/>\n<meta name=\"twitter:card\" content=\"summary_large_image\" \/>\n<meta name=\"twitter:label1\" content=\"Gesch\u00e4tzte Lesezeit\" \/>\n\t<meta name=\"twitter:data1\" content=\"2\u00a0Minuten\" \/>\n<script type=\"application\/ld+json\" class=\"yoast-schema-graph\">{\"@context\":\"https:\/\/schema.org\",\"@graph\":[{\"@type\":\"WebPage\",\"@id\":\"https:\/\/www.dr-staedtler.de\/sofort-kredit\/arten\/fuer-reise\",\"url\":\"https:\/\/www.dr-staedtler.de\/sofort-kredit\/arten\/fuer-reise\",\"name\":\"Kredit f\u00fcr Reise - Jetzt vergleichen und online beantragen\",\"isPartOf\":{\"@id\":\"http:\/\/www.dr-staedtler.de\/sofort-kredit\/#website\"},\"primaryImageOfPage\":{\"@id\":\"https:\/\/www.dr-staedtler.de\/sofort-kredit\/arten\/fuer-reise#primaryimage\"},\"image\":{\"@id\":\"https:\/\/www.dr-staedtler.de\/sofort-kredit\/arten\/fuer-reise#primaryimage\"},\"thumbnailUrl\":\"http:\/\/www.dr-staedtler.de\/sofort-kredit\/wp-content\/uploads\/2012\/08\/reise-300x200.jpg\",\"datePublished\":\"2012-08-29T10:43:10+00:00\",\"dateModified\":\"2017-05-23T10:14:16+00:00\",\"description\":\"Kredit f\u00fcr Reise: Einmal im Jahr muss ein Urlaub m\u00f6glich sein, die Kosten daf\u00fcr k\u00f6nnen finanziert werden. Welcher Kredit eignet sich daf\u00fcr besonders?\",\"breadcrumb\":{\"@id\":\"https:\/\/www.dr-staedtler.de\/sofort-kredit\/arten\/fuer-reise#breadcrumb\"},\"inLanguage\":\"de\",\"potentialAction\":[{\"@type\":\"ReadAction\",\"target\":[\"https:\/\/www.dr-staedtler.de\/sofort-kredit\/arten\/fuer-reise\"]}]},{\"@type\":\"ImageObject\",\"inLanguage\":\"de\",\"@id\":\"https:\/\/www.dr-staedtler.de\/sofort-kredit\/arten\/fuer-reise#primaryimage\",\"url\":\"http:\/\/www.dr-staedtler.de\/sofort-kredit\/wp-content\/uploads\/2012\/08\/reise.jpg\",\"contentUrl\":\"http:\/\/www.dr-staedtler.de\/sofort-kredit\/wp-content\/uploads\/2012\/08\/reise.jpg\",\"width\":\"424\",\"height\":\"283\",\"caption\":\"Finanzierung der n\u00e4chsten Reise\"},{\"@type\":\"BreadcrumbList\",\"@id\":\"https:\/\/www.dr-staedtler.de\/sofort-kredit\/arten\/fuer-reise#breadcrumb\",\"itemListElement\":[{\"@type\":\"ListItem\",\"position\":1,\"name\":\"Home\",\"item\":\"https:\/\/www.dr-staedtler.de\/sofort-kredit\/\"},{\"@type\":\"ListItem\",\"position\":2,\"name\":\"Diese verschiedenen Kreditarten und Verwendungszwecke gibt es\",\"item\":\"https:\/\/www.dr-staedtler.de\/sofort-kredit\/arten\"},{\"@type\":\"ListItem\",\"position\":3,\"name\":\"Kredit f\u00fcr Reise\"}]},{\"@type\":\"WebSite\",\"@id\":\"http:\/\/www.dr-staedtler.de\/sofort-kredit\/#website\",\"url\":\"http:\/\/www.dr-staedtler.de\/sofort-kredit\/\",\"name\":\"Sofortkredit\",\"description\":\"Der Sofortkredit im unabh\u00e4ngigen Vergleich\",\"potentialAction\":[{\"@type\":\"SearchAction\",\"target\":{\"@type\":\"EntryPoint\",\"urlTemplate\":\"http:\/\/www.dr-staedtler.de\/sofort-kredit\/?s={search_term_string}\"},\"query-input\":{\"@type\":\"PropertyValueSpecification\",\"valueRequired\":true,\"valueName\":\"search_term_string\"}}],\"inLanguage\":\"de\"}]}<\/script>\n<!-- \/ Yoast SEO plugin. -->","yoast_head_json":{"title":"Kredit f\u00fcr Reise - Jetzt vergleichen und online beantragen","description":"Kredit f\u00fcr Reise: Einmal im Jahr muss ein Urlaub m\u00f6glich sein, die Kosten daf\u00fcr k\u00f6nnen finanziert werden. Welcher Kredit eignet sich daf\u00fcr besonders?","robots":{"index":"index","follow":"follow","max-snippet":"max-snippet:-1","max-image-preview":"max-image-preview:large","max-video-preview":"max-video-preview:-1"},"canonical":"https:\/\/www.dr-staedtler.de\/sofort-kredit\/arten\/fuer-reise","og_locale":"de_DE","og_type":"article","og_title":"Kredit f\u00fcr Reise - Jetzt vergleichen und online beantragen","og_description":"Kredit f\u00fcr Reise: Einmal im Jahr muss ein Urlaub m\u00f6glich sein, die Kosten daf\u00fcr k\u00f6nnen finanziert werden. Welcher Kredit eignet sich daf\u00fcr besonders?","og_url":"https:\/\/www.dr-staedtler.de\/sofort-kredit\/arten\/fuer-reise","og_site_name":"Sofortkredit","article_modified_time":"2017-05-23T10:14:16+00:00","og_image":[{"url":"http:\/\/www.dr-staedtler.de\/sofort-kredit\/wp-content\/uploads\/2012\/08\/reise-300x200.jpg","type":"","width":"","height":""}],"twitter_card":"summary_large_image","twitter_misc":{"Gesch\u00e4tzte Lesezeit":"2\u00a0Minuten"},"schema":{"@context":"https:\/\/schema.org","@graph":[{"@type":"WebPage","@id":"https:\/\/www.dr-staedtler.de\/sofort-kredit\/arten\/fuer-reise","url":"https:\/\/www.dr-staedtler.de\/sofort-kredit\/arten\/fuer-reise","name":"Kredit f\u00fcr Reise - Jetzt vergleichen und online beantragen","isPartOf":{"@id":"http:\/\/www.dr-staedtler.de\/sofort-kredit\/#website"},"primaryImageOfPage":{"@id":"https:\/\/www.dr-staedtler.de\/sofort-kredit\/arten\/fuer-reise#primaryimage"},"image":{"@id":"https:\/\/www.dr-staedtler.de\/sofort-kredit\/arten\/fuer-reise#primaryimage"},"thumbnailUrl":"http:\/\/www.dr-staedtler.de\/sofort-kredit\/wp-content\/uploads\/2012\/08\/reise-300x200.jpg","datePublished":"2012-08-29T10:43:10+00:00","dateModified":"2017-05-23T10:14:16+00:00","description":"Kredit f\u00fcr Reise: Einmal im Jahr muss ein Urlaub m\u00f6glich sein, die Kosten daf\u00fcr k\u00f6nnen finanziert werden. Welcher Kredit eignet sich daf\u00fcr besonders?","breadcrumb":{"@id":"https:\/\/www.dr-staedtler.de\/sofort-kredit\/arten\/fuer-reise#breadcrumb"},"inLanguage":"de","potentialAction":[{"@type":"ReadAction","target":["https:\/\/www.dr-staedtler.de\/sofort-kredit\/arten\/fuer-reise"]}]},{"@type":"ImageObject","inLanguage":"de","@id":"https:\/\/www.dr-staedtler.de\/sofort-kredit\/arten\/fuer-reise#primaryimage","url":"http:\/\/www.dr-staedtler.de\/sofort-kredit\/wp-content\/uploads\/2012\/08\/reise.jpg","contentUrl":"http:\/\/www.dr-staedtler.de\/sofort-kredit\/wp-content\/uploads\/2012\/08\/reise.jpg","width":"424","height":"283","caption":"Finanzierung der n\u00e4chsten Reise"},{"@type":"BreadcrumbList","@id":"https:\/\/www.dr-staedtler.de\/sofort-kredit\/arten\/fuer-reise#breadcrumb","itemListElement":[{"@type":"ListItem","position":1,"name":"Home","item":"https:\/\/www.dr-staedtler.de\/sofort-kredit\/"},{"@type":"ListItem","position":2,"name":"Diese verschiedenen Kreditarten und Verwendungszwecke gibt es","item":"https:\/\/www.dr-staedtler.de\/sofort-kredit\/arten"},{"@type":"ListItem","position":3,"name":"Kredit f\u00fcr Reise"}]},{"@type":"WebSite","@id":"http:\/\/www.dr-staedtler.de\/sofort-kredit\/#website","url":"http:\/\/www.dr-staedtler.de\/sofort-kredit\/","name":"Sofortkredit","description":"Der Sofortkredit im unabh\u00e4ngigen Vergleich","potentialAction":[{"@type":"SearchAction","target":{"@type":"EntryPoint","urlTemplate":"http:\/\/www.dr-staedtler.de\/sofort-kredit\/?s={search_term_string}"},"query-input":{"@type":"PropertyValueSpecification","valueRequired":true,"valueName":"search_term_string"}}],"inLanguage":"de"}]}},"_links":{"self":[{"href":"http:\/\/www.dr-staedtler.de\/sofort-kredit\/wp-json\/wp\/v2\/pages\/1029","targetHints":{"allow":["GET"]}}],"collection":[{"href":"http:\/\/www.dr-staedtler.de\/sofort-kredit\/wp-json\/wp\/v2\/pages"}],"about":[{"href":"http:\/\/www.dr-staedtler.de\/sofort-kredit\/wp-json\/wp\/v2\/types\/page"}],"author":[{"embeddable":true,"href":"http:\/\/www.dr-staedtler.de\/sofort-kredit\/wp-json\/wp\/v2\/users\/2"}],"replies":[{"embeddable":true,"href":"http:\/\/www.dr-staedtler.de\/sofort-kredit\/wp-json\/wp\/v2\/comments?post=1029"}],"version-history":[{"count":4,"href":"http:\/\/www.dr-staedtler.de\/sofort-kredit\/wp-json\/wp\/v2\/pages\/1029\/revisions"}],"predecessor-version":[{"id":2557,"href":"http:\/\/www.dr-staedtler.de\/sofort-kredit\/wp-json\/wp\/v2\/pages\/1029\/revisions\/2557"}],"up":[{"embeddable":true,"href":"http:\/\/www.dr-staedtler.de\/sofort-kredit\/wp-json\/wp\/v2\/pages\/1081"}],"wp:attachment":[{"href":"http:\/\/www.dr-staedtler.de\/sofort-kredit\/wp-json\/wp\/v2\/media?parent=1029"}],"curies":[{"name":"wp","href":"https:\/\/api.w.org\/{rel}","templated":true}]}}