{"id":1026,"date":"2012-08-28T13:08:01","date_gmt":"2012-08-28T11:08:01","guid":{"rendered":"http:\/\/www.sofort-kredit.net\/?page_id=1026"},"modified":"2017-05-23T12:14:24","modified_gmt":"2017-05-23T10:14:24","slug":"fuer-renovierung","status":"publish","type":"page","link":"http:\/\/www.dr-staedtler.de\/sofort-kredit\/arten\/fuer-renovierung","title":{"rendered":"Kredit f\u00fcr Renovierung"},"content":{"rendered":"<p>Eine <strong>Renovierung ist teuer<\/strong>, gerade wenn diese durch Modernisierungsma\u00dfnahmen erg\u00e4nzt wird. Abh\u00e4ngig von der Wohnfl\u00e4che, der jeweiligen R\u00e4umlichkeit und der eigenen <strong>SCHUFA<\/strong> sind Kredite m\u00f6glich. Beliebt ist der <strong>Sofortkredit.<\/strong><br \/>\n<script defer=\"\" async=\"\" data-affiliateid=\"9e1fdf7f\" data-placementid=\"783582278\" data-amount=\"10000\" data-category=\"886\" data-duration=\"84\" src=\"https:\/\/www.smava.de\/pp\/smava-kreditvergleich\/main.js\"><\/script><br \/>\n<img loading=\"lazy\" decoding=\"async\" class=\"alignleft size-medium wp-image-1143\" style=\"margin-right: 10px; margin-bottom: 8px; border: 1px solid grey;\" title=\"Kredit f\u00fcr W\u00e4rmed\u00e4mmung bei Renovierung\" src=\"http:\/\/www.dr-staedtler.de\/sofort-kredit\/wp-content\/uploads\/2012\/08\/renovierungskredit-300x200.jpg\" alt=\"Kredit f\u00fcr W\u00e4rmed\u00e4mmung bei Renovierung\" width=\"300\" height=\"200\" srcset=\"http:\/\/www.dr-staedtler.de\/sofort-kredit\/wp-content\/uploads\/2012\/08\/renovierungskredit-300x200.jpg 300w, http:\/\/www.dr-staedtler.de\/sofort-kredit\/wp-content\/uploads\/2012\/08\/renovierungskredit.jpg 424w\" sizes=\"auto, (max-width: 300px) 100vw, 300px\" \/>Bevor ein <strong>Kredit f\u00fcr eine Renovierung<\/strong> beantragt werden kann, sind verschiedenen Angaben f\u00fcr zahlreiche <strong>Kreditinstitute<\/strong> wichtig. So beispielsweise <strong>Restvaluten eigener Kredite,<\/strong> aber auch Kredite der Eltern oder Bekannter. Zudem muss die H\u00f6he der <strong>Vorf\u00e4lligkeitsentsch\u00e4digung<\/strong> angegeben werden, die mit <strong>Abl\u00f6sung des Kredites<\/strong> an die eigenen Eltern f\u00e4llig wird. Eine minuti\u00f6se Aufstellung der Renovierungsma\u00dfnahmen ist ebenso wichtig. Auf diese Weise kann ermittelt werden, wie hoch der <strong>tats\u00e4chliche Kapitalbedarf<\/strong> ist. Zudem sollte der Verkehrswert der eigenen Immobilie ermittelt werden, was f\u00fcr zahlreiche Kreditnehmer Voraussetzung ist. Dazu geh\u00f6rt die Wohnfl\u00e4che, die Gr\u00f6\u00dfe einzelner Wohneinheiten, die komplette Grundst\u00fccksgr\u00f6\u00dfe, das Baujahr der Immobilie, die Kubikmeter einzelner R\u00e4ume und gegebenenfalls ein <strong>Wertgutachten<\/strong>. Eine Renovierung wird von vielen Banken maximal zu 50 Prozent als verkehrswerterh\u00f6hende und notwendige Ma\u00dfnahme anerkannt, wodurch nur geringf\u00fcgig staatliche Subventionen m\u00f6glich sind. Diese einzelnen Vorhaben sind bei <strong>Sofortkrediten<\/strong> aller Art notwendig, was viel Zeit und Aufwand kostet.<\/p>\n<h2>Schnell, einfach und unkompliziert mit dem Sofortkredit<\/h2>\n<p><img loading=\"lazy\" decoding=\"async\" class=\"alignleft size-medium wp-image-1144\" style=\"margin-right: 10px; margin-bottom: 8px; border: 1px solid grey;\" title=\"Renovierung selbst gemacht\" src=\"http:\/\/www.dr-staedtler.de\/sofort-kredit\/wp-content\/uploads\/2012\/08\/selbstgemacht-300x204.jpg\" alt=\"Renovierung selbst gemacht\" width=\"300\" height=\"204\" srcset=\"http:\/\/www.dr-staedtler.de\/sofort-kredit\/wp-content\/uploads\/2012\/08\/selbstgemacht-300x204.jpg 300w, http:\/\/www.dr-staedtler.de\/sofort-kredit\/wp-content\/uploads\/2012\/08\/selbstgemacht.jpg 420w\" sizes=\"auto, (max-width: 300px) 100vw, 300px\" \/>Eine schnelle und einfache Ma\u00dfnahmen bietet dagegen der <strong>Sofortkredit f\u00fcr Renovierung<\/strong>. Der Sofortkredit kann direkt \u00fcber das Internet aufgenommen werden und ist im Gegensatz zu anderen Anbietern an <strong>keinen Verwendungszweck<\/strong> gebunden. Das bedeutet, dass <strong>keine Formalit\u00e4ten<\/strong> wie die bereits genannten vorgelegt werden m\u00fcssen. Ebenso kann der <a href=\"http:\/\/www.dr-staedtler.de\/sofort-kredit\">Sofortkredit in sechsstelliger H\u00f6he aufgenommen<\/a> werden. Handelt es sich um gr\u00f6\u00dfere Renovierungsma\u00dfnahmen, dann kann auch hier ausgeholfen werden. Bei <strong>negativer SCHUFA<\/strong> ist der Bonit\u00e4tskredit sinnvoll, da hier die Bonit\u00e4t nicht aussagekr\u00e4ftig ist.<\/p>\n<h3>Viele Verbraucher nutzen diese Variante<\/h3>\n<p>Zahlreiche Verbraucher nutzen die Varianten, die ein <strong>Sofortkredit<\/strong> bieten kann. Da jeder Sofortkredit unabh\u00e4ngig und kostenlos verglichen werden kann ergibt sich f\u00fcr Renovierungsma\u00dfnahmen alles was notwendig ist. Also ein passendes <strong>Finanzierungskonzept,<\/strong> eine schnelle Aufnahme (maximal zwei Werktage),<strong> g\u00fcnstige Konditione<\/strong>n und Kapital trotz negativer SCHUFA<\/p>\n","protected":false},"excerpt":{"rendered":"<p>Eine Renovierung ist teuer, gerade wenn diese durch Modernisierungsma\u00dfnahmen erg\u00e4nzt wird. Abh\u00e4ngig von der Wohnfl\u00e4che, der jeweiligen R\u00e4umlichkeit und der eigenen SCHUFA sind Kredite m\u00f6glich. Beliebt ist der Sofortkredit. Bevor ein Kredit f\u00fcr eine Renovierung beantragt werden kann, sind verschiedenen Angaben f\u00fcr zahlreiche Kreditinstitute wichtig. So beispielsweise Restvaluten eigener Kredite, aber auch Kredite der Eltern [&hellip;]<\/p>\n","protected":false},"author":2,"featured_media":0,"parent":1081,"menu_order":0,"comment_status":"closed","ping_status":"open","template":"templates\/sidebar-right.php","meta":{"footnotes":""},"class_list":["post-1026","page","type-page","status-publish","hentry"],"yoast_head":"<!-- This site is optimized with the Yoast SEO plugin v24.6 - https:\/\/yoast.com\/wordpress\/plugins\/seo\/ -->\n<title>Kredit f\u00fcr Renovierung - Jetzt kostenlos vergleichen<\/title>\n<meta name=\"description\" content=\"Kredit f\u00fcr Renovierung - Die Renovierung kostet viel Geld, wenn es um Modernisierung geht, noch einiges mehr. Wie kann das finanziert werden?\" \/>\n<meta name=\"robots\" content=\"index, follow, max-snippet:-1, max-image-preview:large, max-video-preview:-1\" \/>\n<link rel=\"canonical\" href=\"https:\/\/www.dr-staedtler.de\/sofort-kredit\/arten\/fuer-renovierung\" \/>\n<meta property=\"og:locale\" content=\"de_DE\" \/>\n<meta property=\"og:type\" content=\"article\" \/>\n<meta property=\"og:title\" content=\"Kredit f\u00fcr Renovierung - Jetzt kostenlos vergleichen\" \/>\n<meta property=\"og:description\" content=\"Kredit f\u00fcr Renovierung - Die Renovierung kostet viel Geld, wenn es um Modernisierung geht, noch einiges mehr. Wie kann das finanziert werden?\" \/>\n<meta property=\"og:url\" content=\"https:\/\/www.dr-staedtler.de\/sofort-kredit\/arten\/fuer-renovierung\" \/>\n<meta property=\"og:site_name\" content=\"Sofortkredit\" \/>\n<meta property=\"article:modified_time\" content=\"2017-05-23T10:14:24+00:00\" \/>\n<meta property=\"og:image\" content=\"http:\/\/www.dr-staedtler.de\/sofort-kredit\/wp-content\/uploads\/2012\/08\/renovierungskredit-300x200.jpg\" \/>\n<meta name=\"twitter:card\" content=\"summary_large_image\" \/>\n<meta name=\"twitter:label1\" content=\"Gesch\u00e4tzte Lesezeit\" \/>\n\t<meta name=\"twitter:data1\" content=\"2\u00a0Minuten\" \/>\n<script type=\"application\/ld+json\" class=\"yoast-schema-graph\">{\"@context\":\"https:\/\/schema.org\",\"@graph\":[{\"@type\":\"WebPage\",\"@id\":\"https:\/\/www.dr-staedtler.de\/sofort-kredit\/arten\/fuer-renovierung\",\"url\":\"https:\/\/www.dr-staedtler.de\/sofort-kredit\/arten\/fuer-renovierung\",\"name\":\"Kredit f\u00fcr Renovierung - Jetzt kostenlos vergleichen\",\"isPartOf\":{\"@id\":\"http:\/\/www.dr-staedtler.de\/sofort-kredit\/#website\"},\"primaryImageOfPage\":{\"@id\":\"https:\/\/www.dr-staedtler.de\/sofort-kredit\/arten\/fuer-renovierung#primaryimage\"},\"image\":{\"@id\":\"https:\/\/www.dr-staedtler.de\/sofort-kredit\/arten\/fuer-renovierung#primaryimage\"},\"thumbnailUrl\":\"http:\/\/www.dr-staedtler.de\/sofort-kredit\/wp-content\/uploads\/2012\/08\/renovierungskredit-300x200.jpg\",\"datePublished\":\"2012-08-28T11:08:01+00:00\",\"dateModified\":\"2017-05-23T10:14:24+00:00\",\"description\":\"Kredit f\u00fcr Renovierung - Die Renovierung kostet viel Geld, wenn es um Modernisierung geht, noch einiges mehr. Wie kann das finanziert werden?\",\"breadcrumb\":{\"@id\":\"https:\/\/www.dr-staedtler.de\/sofort-kredit\/arten\/fuer-renovierung#breadcrumb\"},\"inLanguage\":\"de\",\"potentialAction\":[{\"@type\":\"ReadAction\",\"target\":[\"https:\/\/www.dr-staedtler.de\/sofort-kredit\/arten\/fuer-renovierung\"]}]},{\"@type\":\"ImageObject\",\"inLanguage\":\"de\",\"@id\":\"https:\/\/www.dr-staedtler.de\/sofort-kredit\/arten\/fuer-renovierung#primaryimage\",\"url\":\"http:\/\/www.dr-staedtler.de\/sofort-kredit\/wp-content\/uploads\/2012\/08\/renovierungskredit.jpg\",\"contentUrl\":\"http:\/\/www.dr-staedtler.de\/sofort-kredit\/wp-content\/uploads\/2012\/08\/renovierungskredit.jpg\",\"width\":\"424\",\"height\":\"283\",\"caption\":\"Kredit f\u00fcr W\u00e4rmed\u00e4mmung bei Renovierung\"},{\"@type\":\"BreadcrumbList\",\"@id\":\"https:\/\/www.dr-staedtler.de\/sofort-kredit\/arten\/fuer-renovierung#breadcrumb\",\"itemListElement\":[{\"@type\":\"ListItem\",\"position\":1,\"name\":\"Home\",\"item\":\"https:\/\/www.dr-staedtler.de\/sofort-kredit\/\"},{\"@type\":\"ListItem\",\"position\":2,\"name\":\"Diese verschiedenen Kreditarten und Verwendungszwecke gibt es\",\"item\":\"https:\/\/www.dr-staedtler.de\/sofort-kredit\/arten\"},{\"@type\":\"ListItem\",\"position\":3,\"name\":\"Kredit f\u00fcr Renovierung\"}]},{\"@type\":\"WebSite\",\"@id\":\"http:\/\/www.dr-staedtler.de\/sofort-kredit\/#website\",\"url\":\"http:\/\/www.dr-staedtler.de\/sofort-kredit\/\",\"name\":\"Sofortkredit\",\"description\":\"Der Sofortkredit im unabh\u00e4ngigen Vergleich\",\"potentialAction\":[{\"@type\":\"SearchAction\",\"target\":{\"@type\":\"EntryPoint\",\"urlTemplate\":\"http:\/\/www.dr-staedtler.de\/sofort-kredit\/?s={search_term_string}\"},\"query-input\":{\"@type\":\"PropertyValueSpecification\",\"valueRequired\":true,\"valueName\":\"search_term_string\"}}],\"inLanguage\":\"de\"}]}<\/script>\n<!-- \/ Yoast SEO plugin. -->","yoast_head_json":{"title":"Kredit f\u00fcr Renovierung - Jetzt kostenlos vergleichen","description":"Kredit f\u00fcr Renovierung - Die Renovierung kostet viel Geld, wenn es um Modernisierung geht, noch einiges mehr. Wie kann das finanziert werden?","robots":{"index":"index","follow":"follow","max-snippet":"max-snippet:-1","max-image-preview":"max-image-preview:large","max-video-preview":"max-video-preview:-1"},"canonical":"https:\/\/www.dr-staedtler.de\/sofort-kredit\/arten\/fuer-renovierung","og_locale":"de_DE","og_type":"article","og_title":"Kredit f\u00fcr Renovierung - Jetzt kostenlos vergleichen","og_description":"Kredit f\u00fcr Renovierung - Die Renovierung kostet viel Geld, wenn es um Modernisierung geht, noch einiges mehr. Wie kann das finanziert werden?","og_url":"https:\/\/www.dr-staedtler.de\/sofort-kredit\/arten\/fuer-renovierung","og_site_name":"Sofortkredit","article_modified_time":"2017-05-23T10:14:24+00:00","og_image":[{"url":"http:\/\/www.dr-staedtler.de\/sofort-kredit\/wp-content\/uploads\/2012\/08\/renovierungskredit-300x200.jpg","type":"","width":"","height":""}],"twitter_card":"summary_large_image","twitter_misc":{"Gesch\u00e4tzte Lesezeit":"2\u00a0Minuten"},"schema":{"@context":"https:\/\/schema.org","@graph":[{"@type":"WebPage","@id":"https:\/\/www.dr-staedtler.de\/sofort-kredit\/arten\/fuer-renovierung","url":"https:\/\/www.dr-staedtler.de\/sofort-kredit\/arten\/fuer-renovierung","name":"Kredit f\u00fcr Renovierung - Jetzt kostenlos vergleichen","isPartOf":{"@id":"http:\/\/www.dr-staedtler.de\/sofort-kredit\/#website"},"primaryImageOfPage":{"@id":"https:\/\/www.dr-staedtler.de\/sofort-kredit\/arten\/fuer-renovierung#primaryimage"},"image":{"@id":"https:\/\/www.dr-staedtler.de\/sofort-kredit\/arten\/fuer-renovierung#primaryimage"},"thumbnailUrl":"http:\/\/www.dr-staedtler.de\/sofort-kredit\/wp-content\/uploads\/2012\/08\/renovierungskredit-300x200.jpg","datePublished":"2012-08-28T11:08:01+00:00","dateModified":"2017-05-23T10:14:24+00:00","description":"Kredit f\u00fcr Renovierung - Die Renovierung kostet viel Geld, wenn es um Modernisierung geht, noch einiges mehr. Wie kann das finanziert werden?","breadcrumb":{"@id":"https:\/\/www.dr-staedtler.de\/sofort-kredit\/arten\/fuer-renovierung#breadcrumb"},"inLanguage":"de","potentialAction":[{"@type":"ReadAction","target":["https:\/\/www.dr-staedtler.de\/sofort-kredit\/arten\/fuer-renovierung"]}]},{"@type":"ImageObject","inLanguage":"de","@id":"https:\/\/www.dr-staedtler.de\/sofort-kredit\/arten\/fuer-renovierung#primaryimage","url":"http:\/\/www.dr-staedtler.de\/sofort-kredit\/wp-content\/uploads\/2012\/08\/renovierungskredit.jpg","contentUrl":"http:\/\/www.dr-staedtler.de\/sofort-kredit\/wp-content\/uploads\/2012\/08\/renovierungskredit.jpg","width":"424","height":"283","caption":"Kredit f\u00fcr W\u00e4rmed\u00e4mmung bei Renovierung"},{"@type":"BreadcrumbList","@id":"https:\/\/www.dr-staedtler.de\/sofort-kredit\/arten\/fuer-renovierung#breadcrumb","itemListElement":[{"@type":"ListItem","position":1,"name":"Home","item":"https:\/\/www.dr-staedtler.de\/sofort-kredit\/"},{"@type":"ListItem","position":2,"name":"Diese verschiedenen Kreditarten und Verwendungszwecke gibt es","item":"https:\/\/www.dr-staedtler.de\/sofort-kredit\/arten"},{"@type":"ListItem","position":3,"name":"Kredit f\u00fcr Renovierung"}]},{"@type":"WebSite","@id":"http:\/\/www.dr-staedtler.de\/sofort-kredit\/#website","url":"http:\/\/www.dr-staedtler.de\/sofort-kredit\/","name":"Sofortkredit","description":"Der Sofortkredit im unabh\u00e4ngigen Vergleich","potentialAction":[{"@type":"SearchAction","target":{"@type":"EntryPoint","urlTemplate":"http:\/\/www.dr-staedtler.de\/sofort-kredit\/?s={search_term_string}"},"query-input":{"@type":"PropertyValueSpecification","valueRequired":true,"valueName":"search_term_string"}}],"inLanguage":"de"}]}},"_links":{"self":[{"href":"http:\/\/www.dr-staedtler.de\/sofort-kredit\/wp-json\/wp\/v2\/pages\/1026","targetHints":{"allow":["GET"]}}],"collection":[{"href":"http:\/\/www.dr-staedtler.de\/sofort-kredit\/wp-json\/wp\/v2\/pages"}],"about":[{"href":"http:\/\/www.dr-staedtler.de\/sofort-kredit\/wp-json\/wp\/v2\/types\/page"}],"author":[{"embeddable":true,"href":"http:\/\/www.dr-staedtler.de\/sofort-kredit\/wp-json\/wp\/v2\/users\/2"}],"replies":[{"embeddable":true,"href":"http:\/\/www.dr-staedtler.de\/sofort-kredit\/wp-json\/wp\/v2\/comments?post=1026"}],"version-history":[{"count":3,"href":"http:\/\/www.dr-staedtler.de\/sofort-kredit\/wp-json\/wp\/v2\/pages\/1026\/revisions"}],"predecessor-version":[{"id":2558,"href":"http:\/\/www.dr-staedtler.de\/sofort-kredit\/wp-json\/wp\/v2\/pages\/1026\/revisions\/2558"}],"up":[{"embeddable":true,"href":"http:\/\/www.dr-staedtler.de\/sofort-kredit\/wp-json\/wp\/v2\/pages\/1081"}],"wp:attachment":[{"href":"http:\/\/www.dr-staedtler.de\/sofort-kredit\/wp-json\/wp\/v2\/media?parent=1026"}],"curies":[{"name":"wp","href":"https:\/\/api.w.org\/{rel}","templated":true}]}}