{"id":1024,"date":"2012-08-30T15:52:57","date_gmt":"2012-08-30T13:52:57","guid":{"rendered":"http:\/\/www.sofort-kredit.net\/?page_id=1024"},"modified":"2017-05-23T12:12:56","modified_gmt":"2017-05-23T10:12:56","slug":"fuer-schoenheitsoperation","status":"publish","type":"page","link":"http:\/\/www.dr-staedtler.de\/sofort-kredit\/arten\/fuer-schoenheitsoperation","title":{"rendered":"Kredit f\u00fcr Operation"},"content":{"rendered":"<p>Von der Brustvergr\u00f6\u00dferung \u00fcber das Facelifting bis zum fettabsaugen ist ein gutes Aussehen f\u00fcr das eigene Wohlbefinden wichtig. Dennoch sind Chirurgen nicht kostenlos, was oftmals die Aufnahme eines Kredites voraussetzt. Daf\u00fcr ist der <strong>Sofortkredit f\u00fcr Operation<\/strong> hervorragend geeignet.<br \/>\n<script defer=\"\" async=\"\" data-affiliateid=\"9e1fdf7f\" data-placementid=\"783582278\" data-amount=\"3000\" data-category=\"\" data-duration=\"48\" src=\"https:\/\/www.smava.de\/pp\/smava-kreditvergleich\/main.js\"><\/script><br \/>\n<img loading=\"lazy\" decoding=\"async\" class=\"alignleft size-medium wp-image-1246\" style=\"margin-right: 10px; margin-bottom: 8px; border: 1px solid grey;\" title=\"Hohe Kosten f\u00fcr eine Sch\u00f6nheitsoperation\" src=\"http:\/\/www.dr-staedtler.de\/sofort-kredit\/wp-content\/uploads\/2012\/08\/schoenheitsoperation-300x200.jpg\" alt=\"Hohe Kosten f\u00fcr eine Sch\u00f6nheitsoperation\" width=\"300\" height=\"200\" srcset=\"http:\/\/www.dr-staedtler.de\/sofort-kredit\/wp-content\/uploads\/2012\/08\/schoenheitsoperation-300x200.jpg 300w, http:\/\/www.dr-staedtler.de\/sofort-kredit\/wp-content\/uploads\/2012\/08\/schoenheitsoperation.jpg 424w\" sizes=\"auto, (max-width: 300px) 100vw, 300px\" \/>Viele <strong>Kosten f\u00fcr Operationen<\/strong> werden von der gesetzlichen <strong>Krankenversicherung<\/strong> \u00fcbernommen. Dabei handelt es sich lediglich um Operationen, die der Gesundheit dienen. Werden Operationen ben\u00f6tigt, die dem eigenen Wohl dienen, so beispielsweise<strong> Sch\u00f6nheitsoperatione<\/strong>n, dann wird die gesetzliche Krankenversicherung keine Kosten regulieren. Von der Laserbehandlung bis zum chirurgischen Eingriff muss viel bezahlt werden, wobei<strong> Kredite<\/strong> von 10.000 Euro keine Seltenheit sind. Einige Praxen bieten Sch\u00f6nheitsoperationen gegen ein Leasing, wobei die <strong>Bonit\u00e4t positiv<\/strong> sein muss. Ist die Bonit\u00e4t negativ, dann muss mit einem B\u00fcrgen gearbeitet werden oder ein <strong>Bonit\u00e4tskredit<\/strong> aufgenommen werden. Der <a href=\"http:\/\/www.dr-staedtler.de\/sofort-kredit\/sofort-kredit-ohne-schufa\">Bonit\u00e4tskredit erm\u00f6glicht<\/a>, dass trotz negativer <strong>SCHUFA die Kreditw\u00fcrdigkeit<\/strong> zugesprochen wird und der Kredit ausgeh\u00e4ndigt wird.<\/p>\n<h2>Darauf sollte geachtet werden<\/h2>\n<p>Es ist wichtig einen Arzt zu finden absolut kompetent ist. Ebenso sollte eine Sch\u00f6nheitsoperation nie zu einer Verschuldung f\u00fchren, gerade dann nicht, wenn\u00a0 die eigenen <strong>SCHUFA<\/strong> vorbelastet ist. Sinnvoll ist die <strong>Aufnahme eines Kredites<\/strong> und eine <strong>Finanzierung mit Eigenkapital<\/strong>. Je geringer die Kosten f\u00fcr den Kredit sind, desto geringer ist die <strong>Schuldenlast<\/strong>. Zudem sollte eine Rentabilit\u00e4tsvorschau aufgebaut werden um die zuk\u00fcnftigen Ausgaben bis ins kleinste Detail \u00fcberschauen zu k\u00f6nnen. Diese Einzelheiten sind f\u00fcr jedes<strong> Finanzierungs- und Refinanzierungskonzept<\/strong> wichtig.<\/p>\n<h3>Der Tarifrechner: schnell, einfach und zuverl\u00e4ssig<\/h3>\n<p>Der <strong>Tarifrechner<\/strong> ist eine schnelle, <a href=\"http:\/\/www.dr-staedtler.de\/sofort-kredit\">einfache und \u00e4u\u00dferst zuverl\u00e4ssige Variante<\/a>. Jeder <strong>Kreditrechner<\/strong> wird aktuelle Tarife bieten, die dem <strong>Leitzins der EZB<\/strong> angepasst sind. Speziell bei einem <strong>Sofortkredit<\/strong> wird kein Anbieter bevorzugt oder anhand des Provisionsgehaltes platziert. Einzig allein das Preis-Leistungs-Verh\u00e4ltnis ist ausschlaggebend und f\u00fcr die <strong>Aufnahme eines<\/strong> <strong>Kredites<\/strong> wichtig. Verbraucher, die auf der Suche nach g\u00fcnstigen Varianten und hochwertigen Tarifen sind k\u00f6nnen von einem Kreditvergleich durchaus profitieren. Empfehlenswerte <strong>Sofortkredite,<\/strong> die <a href=\"http:\/\/www.dr-staedtler.de\/sofort-kredit\/fragen\/benotige-ich-eine-restschuldversicherung\">eine Restschuldversicherung inne haben<\/a> und Sondertilgungen erm\u00f6glichen.<\/p>\n","protected":false},"excerpt":{"rendered":"<p>Von der Brustvergr\u00f6\u00dferung \u00fcber das Facelifting bis zum fettabsaugen ist ein gutes Aussehen f\u00fcr das eigene Wohlbefinden wichtig. Dennoch sind Chirurgen nicht kostenlos, was oftmals die Aufnahme eines Kredites voraussetzt. Daf\u00fcr ist der Sofortkredit f\u00fcr Operation hervorragend geeignet. Viele Kosten f\u00fcr Operationen werden von der gesetzlichen Krankenversicherung \u00fcbernommen. Dabei handelt es sich lediglich um Operationen, [&hellip;]<\/p>\n","protected":false},"author":2,"featured_media":0,"parent":1081,"menu_order":0,"comment_status":"closed","ping_status":"open","template":"templates\/sidebar-right.php","meta":{"footnotes":""},"class_list":["post-1024","page","type-page","status-publish","hentry"],"yoast_head":"<!-- This site is optimized with the Yoast SEO plugin v24.6 - https:\/\/yoast.com\/wordpress\/plugins\/seo\/ -->\n<title>Kredit f\u00fcr Operation - Jetzt vergleichen und beantragen<\/title>\n<meta name=\"description\" content=\"Kredit f\u00fcr Operation: Sch\u00f6nheitsoperationen m\u00fcssen selbst bezahlt werden, wie kann man diese finanzieren?\" \/>\n<meta name=\"robots\" content=\"index, follow, max-snippet:-1, max-image-preview:large, max-video-preview:-1\" \/>\n<link rel=\"canonical\" href=\"https:\/\/www.dr-staedtler.de\/sofort-kredit\/arten\/fuer-schoenheitsoperation\" \/>\n<meta property=\"og:locale\" content=\"de_DE\" \/>\n<meta property=\"og:type\" content=\"article\" \/>\n<meta property=\"og:title\" content=\"Kredit f\u00fcr Operation - Jetzt vergleichen und beantragen\" \/>\n<meta property=\"og:description\" content=\"Kredit f\u00fcr Operation: Sch\u00f6nheitsoperationen m\u00fcssen selbst bezahlt werden, wie kann man diese finanzieren?\" \/>\n<meta property=\"og:url\" content=\"https:\/\/www.dr-staedtler.de\/sofort-kredit\/arten\/fuer-schoenheitsoperation\" \/>\n<meta property=\"og:site_name\" content=\"Sofortkredit\" \/>\n<meta property=\"article:modified_time\" content=\"2017-05-23T10:12:56+00:00\" \/>\n<meta property=\"og:image\" content=\"http:\/\/www.dr-staedtler.de\/sofort-kredit\/wp-content\/uploads\/2012\/08\/schoenheitsoperation-300x200.jpg\" \/>\n<meta name=\"twitter:card\" content=\"summary_large_image\" \/>\n<meta name=\"twitter:label1\" content=\"Gesch\u00e4tzte Lesezeit\" \/>\n\t<meta name=\"twitter:data1\" content=\"2\u00a0Minuten\" \/>\n<script type=\"application\/ld+json\" class=\"yoast-schema-graph\">{\"@context\":\"https:\/\/schema.org\",\"@graph\":[{\"@type\":\"WebPage\",\"@id\":\"https:\/\/www.dr-staedtler.de\/sofort-kredit\/arten\/fuer-schoenheitsoperation\",\"url\":\"https:\/\/www.dr-staedtler.de\/sofort-kredit\/arten\/fuer-schoenheitsoperation\",\"name\":\"Kredit f\u00fcr Operation - Jetzt vergleichen und beantragen\",\"isPartOf\":{\"@id\":\"http:\/\/www.dr-staedtler.de\/sofort-kredit\/#website\"},\"primaryImageOfPage\":{\"@id\":\"https:\/\/www.dr-staedtler.de\/sofort-kredit\/arten\/fuer-schoenheitsoperation#primaryimage\"},\"image\":{\"@id\":\"https:\/\/www.dr-staedtler.de\/sofort-kredit\/arten\/fuer-schoenheitsoperation#primaryimage\"},\"thumbnailUrl\":\"http:\/\/www.dr-staedtler.de\/sofort-kredit\/wp-content\/uploads\/2012\/08\/schoenheitsoperation-300x200.jpg\",\"datePublished\":\"2012-08-30T13:52:57+00:00\",\"dateModified\":\"2017-05-23T10:12:56+00:00\",\"description\":\"Kredit f\u00fcr Operation: Sch\u00f6nheitsoperationen m\u00fcssen selbst bezahlt werden, wie kann man diese finanzieren?\",\"breadcrumb\":{\"@id\":\"https:\/\/www.dr-staedtler.de\/sofort-kredit\/arten\/fuer-schoenheitsoperation#breadcrumb\"},\"inLanguage\":\"de\",\"potentialAction\":[{\"@type\":\"ReadAction\",\"target\":[\"https:\/\/www.dr-staedtler.de\/sofort-kredit\/arten\/fuer-schoenheitsoperation\"]}]},{\"@type\":\"ImageObject\",\"inLanguage\":\"de\",\"@id\":\"https:\/\/www.dr-staedtler.de\/sofort-kredit\/arten\/fuer-schoenheitsoperation#primaryimage\",\"url\":\"http:\/\/www.dr-staedtler.de\/sofort-kredit\/wp-content\/uploads\/2012\/08\/schoenheitsoperation.jpg\",\"contentUrl\":\"http:\/\/www.dr-staedtler.de\/sofort-kredit\/wp-content\/uploads\/2012\/08\/schoenheitsoperation.jpg\",\"width\":\"424\",\"height\":\"283\",\"caption\":\"Hohe Kosten f\u00fcr eine Sch\u00f6nheitsoperation\"},{\"@type\":\"BreadcrumbList\",\"@id\":\"https:\/\/www.dr-staedtler.de\/sofort-kredit\/arten\/fuer-schoenheitsoperation#breadcrumb\",\"itemListElement\":[{\"@type\":\"ListItem\",\"position\":1,\"name\":\"Home\",\"item\":\"https:\/\/www.dr-staedtler.de\/sofort-kredit\/\"},{\"@type\":\"ListItem\",\"position\":2,\"name\":\"Diese verschiedenen Kreditarten und Verwendungszwecke gibt es\",\"item\":\"https:\/\/www.dr-staedtler.de\/sofort-kredit\/arten\"},{\"@type\":\"ListItem\",\"position\":3,\"name\":\"Kredit f\u00fcr Operation\"}]},{\"@type\":\"WebSite\",\"@id\":\"http:\/\/www.dr-staedtler.de\/sofort-kredit\/#website\",\"url\":\"http:\/\/www.dr-staedtler.de\/sofort-kredit\/\",\"name\":\"Sofortkredit\",\"description\":\"Der Sofortkredit im unabh\u00e4ngigen Vergleich\",\"potentialAction\":[{\"@type\":\"SearchAction\",\"target\":{\"@type\":\"EntryPoint\",\"urlTemplate\":\"http:\/\/www.dr-staedtler.de\/sofort-kredit\/?s={search_term_string}\"},\"query-input\":{\"@type\":\"PropertyValueSpecification\",\"valueRequired\":true,\"valueName\":\"search_term_string\"}}],\"inLanguage\":\"de\"}]}<\/script>\n<!-- \/ Yoast SEO plugin. -->","yoast_head_json":{"title":"Kredit f\u00fcr Operation - Jetzt vergleichen und beantragen","description":"Kredit f\u00fcr Operation: Sch\u00f6nheitsoperationen m\u00fcssen selbst bezahlt werden, wie kann man diese finanzieren?","robots":{"index":"index","follow":"follow","max-snippet":"max-snippet:-1","max-image-preview":"max-image-preview:large","max-video-preview":"max-video-preview:-1"},"canonical":"https:\/\/www.dr-staedtler.de\/sofort-kredit\/arten\/fuer-schoenheitsoperation","og_locale":"de_DE","og_type":"article","og_title":"Kredit f\u00fcr Operation - Jetzt vergleichen und beantragen","og_description":"Kredit f\u00fcr Operation: Sch\u00f6nheitsoperationen m\u00fcssen selbst bezahlt werden, wie kann man diese finanzieren?","og_url":"https:\/\/www.dr-staedtler.de\/sofort-kredit\/arten\/fuer-schoenheitsoperation","og_site_name":"Sofortkredit","article_modified_time":"2017-05-23T10:12:56+00:00","og_image":[{"url":"http:\/\/www.dr-staedtler.de\/sofort-kredit\/wp-content\/uploads\/2012\/08\/schoenheitsoperation-300x200.jpg","type":"","width":"","height":""}],"twitter_card":"summary_large_image","twitter_misc":{"Gesch\u00e4tzte Lesezeit":"2\u00a0Minuten"},"schema":{"@context":"https:\/\/schema.org","@graph":[{"@type":"WebPage","@id":"https:\/\/www.dr-staedtler.de\/sofort-kredit\/arten\/fuer-schoenheitsoperation","url":"https:\/\/www.dr-staedtler.de\/sofort-kredit\/arten\/fuer-schoenheitsoperation","name":"Kredit f\u00fcr Operation - Jetzt vergleichen und beantragen","isPartOf":{"@id":"http:\/\/www.dr-staedtler.de\/sofort-kredit\/#website"},"primaryImageOfPage":{"@id":"https:\/\/www.dr-staedtler.de\/sofort-kredit\/arten\/fuer-schoenheitsoperation#primaryimage"},"image":{"@id":"https:\/\/www.dr-staedtler.de\/sofort-kredit\/arten\/fuer-schoenheitsoperation#primaryimage"},"thumbnailUrl":"http:\/\/www.dr-staedtler.de\/sofort-kredit\/wp-content\/uploads\/2012\/08\/schoenheitsoperation-300x200.jpg","datePublished":"2012-08-30T13:52:57+00:00","dateModified":"2017-05-23T10:12:56+00:00","description":"Kredit f\u00fcr Operation: Sch\u00f6nheitsoperationen m\u00fcssen selbst bezahlt werden, wie kann man diese finanzieren?","breadcrumb":{"@id":"https:\/\/www.dr-staedtler.de\/sofort-kredit\/arten\/fuer-schoenheitsoperation#breadcrumb"},"inLanguage":"de","potentialAction":[{"@type":"ReadAction","target":["https:\/\/www.dr-staedtler.de\/sofort-kredit\/arten\/fuer-schoenheitsoperation"]}]},{"@type":"ImageObject","inLanguage":"de","@id":"https:\/\/www.dr-staedtler.de\/sofort-kredit\/arten\/fuer-schoenheitsoperation#primaryimage","url":"http:\/\/www.dr-staedtler.de\/sofort-kredit\/wp-content\/uploads\/2012\/08\/schoenheitsoperation.jpg","contentUrl":"http:\/\/www.dr-staedtler.de\/sofort-kredit\/wp-content\/uploads\/2012\/08\/schoenheitsoperation.jpg","width":"424","height":"283","caption":"Hohe Kosten f\u00fcr eine Sch\u00f6nheitsoperation"},{"@type":"BreadcrumbList","@id":"https:\/\/www.dr-staedtler.de\/sofort-kredit\/arten\/fuer-schoenheitsoperation#breadcrumb","itemListElement":[{"@type":"ListItem","position":1,"name":"Home","item":"https:\/\/www.dr-staedtler.de\/sofort-kredit\/"},{"@type":"ListItem","position":2,"name":"Diese verschiedenen Kreditarten und Verwendungszwecke gibt es","item":"https:\/\/www.dr-staedtler.de\/sofort-kredit\/arten"},{"@type":"ListItem","position":3,"name":"Kredit f\u00fcr Operation"}]},{"@type":"WebSite","@id":"http:\/\/www.dr-staedtler.de\/sofort-kredit\/#website","url":"http:\/\/www.dr-staedtler.de\/sofort-kredit\/","name":"Sofortkredit","description":"Der Sofortkredit im unabh\u00e4ngigen Vergleich","potentialAction":[{"@type":"SearchAction","target":{"@type":"EntryPoint","urlTemplate":"http:\/\/www.dr-staedtler.de\/sofort-kredit\/?s={search_term_string}"},"query-input":{"@type":"PropertyValueSpecification","valueRequired":true,"valueName":"search_term_string"}}],"inLanguage":"de"}]}},"_links":{"self":[{"href":"http:\/\/www.dr-staedtler.de\/sofort-kredit\/wp-json\/wp\/v2\/pages\/1024","targetHints":{"allow":["GET"]}}],"collection":[{"href":"http:\/\/www.dr-staedtler.de\/sofort-kredit\/wp-json\/wp\/v2\/pages"}],"about":[{"href":"http:\/\/www.dr-staedtler.de\/sofort-kredit\/wp-json\/wp\/v2\/types\/page"}],"author":[{"embeddable":true,"href":"http:\/\/www.dr-staedtler.de\/sofort-kredit\/wp-json\/wp\/v2\/users\/2"}],"replies":[{"embeddable":true,"href":"http:\/\/www.dr-staedtler.de\/sofort-kredit\/wp-json\/wp\/v2\/comments?post=1024"}],"version-history":[{"count":3,"href":"http:\/\/www.dr-staedtler.de\/sofort-kredit\/wp-json\/wp\/v2\/pages\/1024\/revisions"}],"predecessor-version":[{"id":2552,"href":"http:\/\/www.dr-staedtler.de\/sofort-kredit\/wp-json\/wp\/v2\/pages\/1024\/revisions\/2552"}],"up":[{"embeddable":true,"href":"http:\/\/www.dr-staedtler.de\/sofort-kredit\/wp-json\/wp\/v2\/pages\/1081"}],"wp:attachment":[{"href":"http:\/\/www.dr-staedtler.de\/sofort-kredit\/wp-json\/wp\/v2\/media?parent=1024"}],"curies":[{"name":"wp","href":"https:\/\/api.w.org\/{rel}","templated":true}]}}