{"id":1022,"date":"2012-08-30T15:44:15","date_gmt":"2012-08-30T13:44:15","guid":{"rendered":"http:\/\/www.sofort-kredit.net\/?page_id=1022"},"modified":"2017-05-23T12:12:47","modified_gmt":"2017-05-23T10:12:47","slug":"fuer-neue-heizung","status":"publish","type":"page","link":"http:\/\/www.dr-staedtler.de\/sofort-kredit\/arten\/fuer-neue-heizung","title":{"rendered":"Kredit f\u00fcr neue Heizung"},"content":{"rendered":"<p>Eine neue Heizung hilft nicht nur die Betriebskosten zu senken, sondern auch f\u00fcr eine gleichm\u00e4\u00dfige W\u00e4rmeverteilung im Raum. Doch wie kann eine <strong>Heizung finanziert<\/strong> werden? Am besten mit einem <strong>Kredit.<\/strong><br \/>\n<script defer=\"\" async=\"\" data-affiliateid=\"9e1fdf7f\" data-placementid=\"783582278\" data-amount=\"15000\" data-category=\"\" data-duration=\"84\" src=\"https:\/\/www.smava.de\/pp\/smava-kreditvergleich\/main.js\"><\/script><br \/>\n<img loading=\"lazy\" decoding=\"async\" class=\"alignleft size-medium wp-image-1242\" style=\"margin-right: 10px; margin-bottom: 8px; border: 1px solid grey;\" title=\"Sofortkredit f\u00fcr eine neue Heizung\" src=\"http:\/\/www.dr-staedtler.de\/sofort-kredit\/wp-content\/uploads\/2012\/08\/neueheizung-300x200.jpg\" alt=\"Sofortkredit f\u00fcr eine neue Heizung\" width=\"300\" height=\"200\" srcset=\"http:\/\/www.dr-staedtler.de\/sofort-kredit\/wp-content\/uploads\/2012\/08\/neueheizung-300x200.jpg 300w, http:\/\/www.dr-staedtler.de\/sofort-kredit\/wp-content\/uploads\/2012\/08\/neueheizung.jpg 424w\" sizes=\"auto, (max-width: 300px) 100vw, 300px\" \/>Derzeit sind die<strong> Zinsen f\u00fcr Kredite<\/strong> \u00e4u\u00dferst niedrig, was auf den <strong>Leitzins der EZB<\/strong> zur\u00fcckzuf\u00fchren ist. Zudem gibt es Heizungssysteme, die<strong> staatlich gef\u00f6rdert<\/strong> werden,\u00a0 was den Anschaffungspreis deutlich verg\u00fcnstigt. Wenn eine Kreditsumme aufgenommen wird, denn gibt es zahlreiche Varianten um eine <strong>Finanzierung<\/strong> zu verwirklichen. Ist die neue Heizung Teil einer gesamten Hausfinanzierung, dann sollte diese in das <strong>Gesamtfinanzierungskonzept<\/strong> eingebunden werden. Handelt es sich jedoch um eine Einzelma\u00dfnahme, dann gilt es den Finanzierungsbedarf f\u00fcr diese Heizung zu ermitteln. Dieser Wert kann wiederum zur <strong>Ermittlung der Kreditsumme<\/strong> genutzt werden.<\/p>\n<h2>So kann die Summe ermittelt werden<\/h2>\n<p>Zun\u00e4chst schaut man sich den <strong>Kaufpreis des Heizsystems<\/strong> an. Ob es sich um einen Holzvergaser, eine Solaranlage oder eine W\u00e4rmepumpe handelt, dass es dabei nicht ausschlaggebend. Wird <strong>Zubeh\u00f6r ben\u00f6tigt<\/strong>, dann sollte dieses in den gesamten Kaufpreis mit einflie\u00dfen. Ebenso m\u00fcssen die Installationskosten kalkuliert werden. Handelt es sich um eine Solaranlage, so wird im Regelfall eine staatliche F\u00f6rderung ausgeschrieben. Diese der Summe kann von der Gesamtsumme abgezogen werden. Nun m\u00fcssen die Gesamtkosten mit der Eigenfinanzierung verrechnet werden und die <strong>Finanzierungssumme<\/strong> ist ermittelt. Diese Summe wird ben\u00f6tigt, um den Einbau der gesamten Heizung unkompliziert zu finanzieren.<\/p>\n<h3>Welche Kredit eignet sich<\/h3>\n<p>Ist die <strong>Kreditsumme kleiner<\/strong>, dann ist ein <strong>Kleinkredit<\/strong> eine gute Wahl. Ist die Summe etwas gr\u00f6\u00dfer, dann lohnt sich der <strong>Sofortkredit<\/strong>. Wird die Geldsumme innerhalb k\u00fcrzester Zeit ben\u00f6tigt, denn sollte die Wahl ausschlie\u00dflich auf den <strong>Sofortkredit f\u00fcr neue Heizung<\/strong> fallen. Ein <strong>Sofortkredit<\/strong> an \u00fcber das Internet aufgenommen werden, wobei die Summe bei positiver <strong>SCHUFA<\/strong> innerhalb von wenigen Tagen ausgezahlt wird. Da unterschiedliche Anbieter <strong>unterschiedliche Konditionen<\/strong> zur Verf\u00fcgung stellen empfiehlt sich ein Vergleichsystem. <strong>Vergleichsrechner<\/strong> k\u00f6nnen leicht bedient werden und ermitteln in k\u00fcrzester Zeit optimale Anbieter. Eine Grundlage, die f\u00fcr die gesamte Heizfinanzierung wichtig ist, der nur <strong>g\u00fcnstige Zinss\u00e4tze<\/strong> ratsam sind.<\/p>\n","protected":false},"excerpt":{"rendered":"<p>Eine neue Heizung hilft nicht nur die Betriebskosten zu senken, sondern auch f\u00fcr eine gleichm\u00e4\u00dfige W\u00e4rmeverteilung im Raum. Doch wie kann eine Heizung finanziert werden? Am besten mit einem Kredit. Derzeit sind die Zinsen f\u00fcr Kredite \u00e4u\u00dferst niedrig, was auf den Leitzins der EZB zur\u00fcckzuf\u00fchren ist. Zudem gibt es Heizungssysteme, die staatlich gef\u00f6rdert werden,\u00a0 was [&hellip;]<\/p>\n","protected":false},"author":2,"featured_media":0,"parent":1081,"menu_order":0,"comment_status":"closed","ping_status":"open","template":"templates\/sidebar-right.php","meta":{"footnotes":""},"class_list":["post-1022","page","type-page","status-publish","hentry"],"yoast_head":"<!-- This site is optimized with the Yoast SEO plugin v24.6 - https:\/\/yoast.com\/wordpress\/plugins\/seo\/ -->\n<title>Kredit f\u00fcr neue Heizung - Jetzt vergleichen und sparen<\/title>\n<meta name=\"description\" content=\"Kredit f\u00fcr neue Heizung: Wenn eine neue Heizung eingebaut werden muss, kommen hohe Kosten auf den Eigent\u00fcmer zu, die finanziert werden m\u00fcsse, wie?\" \/>\n<meta name=\"robots\" content=\"index, follow, max-snippet:-1, max-image-preview:large, max-video-preview:-1\" \/>\n<link rel=\"canonical\" href=\"https:\/\/www.dr-staedtler.de\/sofort-kredit\/arten\/fuer-neue-heizung\" \/>\n<meta property=\"og:locale\" content=\"de_DE\" \/>\n<meta property=\"og:type\" content=\"article\" \/>\n<meta property=\"og:title\" content=\"Kredit f\u00fcr neue Heizung - Jetzt vergleichen und sparen\" \/>\n<meta property=\"og:description\" content=\"Kredit f\u00fcr neue Heizung: Wenn eine neue Heizung eingebaut werden muss, kommen hohe Kosten auf den Eigent\u00fcmer zu, die finanziert werden m\u00fcsse, wie?\" \/>\n<meta property=\"og:url\" content=\"https:\/\/www.dr-staedtler.de\/sofort-kredit\/arten\/fuer-neue-heizung\" \/>\n<meta property=\"og:site_name\" content=\"Sofortkredit\" \/>\n<meta property=\"article:modified_time\" content=\"2017-05-23T10:12:47+00:00\" \/>\n<meta property=\"og:image\" content=\"http:\/\/www.dr-staedtler.de\/sofort-kredit\/wp-content\/uploads\/2012\/08\/neueheizung-300x200.jpg\" \/>\n<meta name=\"twitter:card\" content=\"summary_large_image\" \/>\n<meta name=\"twitter:label1\" content=\"Gesch\u00e4tzte Lesezeit\" \/>\n\t<meta name=\"twitter:data1\" content=\"2\u00a0Minuten\" \/>\n<script type=\"application\/ld+json\" class=\"yoast-schema-graph\">{\"@context\":\"https:\/\/schema.org\",\"@graph\":[{\"@type\":\"WebPage\",\"@id\":\"https:\/\/www.dr-staedtler.de\/sofort-kredit\/arten\/fuer-neue-heizung\",\"url\":\"https:\/\/www.dr-staedtler.de\/sofort-kredit\/arten\/fuer-neue-heizung\",\"name\":\"Kredit f\u00fcr neue Heizung - Jetzt vergleichen und sparen\",\"isPartOf\":{\"@id\":\"http:\/\/www.dr-staedtler.de\/sofort-kredit\/#website\"},\"primaryImageOfPage\":{\"@id\":\"https:\/\/www.dr-staedtler.de\/sofort-kredit\/arten\/fuer-neue-heizung#primaryimage\"},\"image\":{\"@id\":\"https:\/\/www.dr-staedtler.de\/sofort-kredit\/arten\/fuer-neue-heizung#primaryimage\"},\"thumbnailUrl\":\"http:\/\/www.dr-staedtler.de\/sofort-kredit\/wp-content\/uploads\/2012\/08\/neueheizung-300x200.jpg\",\"datePublished\":\"2012-08-30T13:44:15+00:00\",\"dateModified\":\"2017-05-23T10:12:47+00:00\",\"description\":\"Kredit f\u00fcr neue Heizung: Wenn eine neue Heizung eingebaut werden muss, kommen hohe Kosten auf den Eigent\u00fcmer zu, die finanziert werden m\u00fcsse, wie?\",\"breadcrumb\":{\"@id\":\"https:\/\/www.dr-staedtler.de\/sofort-kredit\/arten\/fuer-neue-heizung#breadcrumb\"},\"inLanguage\":\"de\",\"potentialAction\":[{\"@type\":\"ReadAction\",\"target\":[\"https:\/\/www.dr-staedtler.de\/sofort-kredit\/arten\/fuer-neue-heizung\"]}]},{\"@type\":\"ImageObject\",\"inLanguage\":\"de\",\"@id\":\"https:\/\/www.dr-staedtler.de\/sofort-kredit\/arten\/fuer-neue-heizung#primaryimage\",\"url\":\"http:\/\/www.dr-staedtler.de\/sofort-kredit\/wp-content\/uploads\/2012\/08\/neueheizung.jpg\",\"contentUrl\":\"http:\/\/www.dr-staedtler.de\/sofort-kredit\/wp-content\/uploads\/2012\/08\/neueheizung.jpg\",\"width\":\"424\",\"height\":\"283\",\"caption\":\"Sofortkredit f\u00fcr eine neue Heizung\"},{\"@type\":\"BreadcrumbList\",\"@id\":\"https:\/\/www.dr-staedtler.de\/sofort-kredit\/arten\/fuer-neue-heizung#breadcrumb\",\"itemListElement\":[{\"@type\":\"ListItem\",\"position\":1,\"name\":\"Home\",\"item\":\"https:\/\/www.dr-staedtler.de\/sofort-kredit\/\"},{\"@type\":\"ListItem\",\"position\":2,\"name\":\"Diese verschiedenen Kreditarten und Verwendungszwecke gibt es\",\"item\":\"https:\/\/www.dr-staedtler.de\/sofort-kredit\/arten\"},{\"@type\":\"ListItem\",\"position\":3,\"name\":\"Kredit f\u00fcr neue Heizung\"}]},{\"@type\":\"WebSite\",\"@id\":\"http:\/\/www.dr-staedtler.de\/sofort-kredit\/#website\",\"url\":\"http:\/\/www.dr-staedtler.de\/sofort-kredit\/\",\"name\":\"Sofortkredit\",\"description\":\"Der Sofortkredit im unabh\u00e4ngigen Vergleich\",\"potentialAction\":[{\"@type\":\"SearchAction\",\"target\":{\"@type\":\"EntryPoint\",\"urlTemplate\":\"http:\/\/www.dr-staedtler.de\/sofort-kredit\/?s={search_term_string}\"},\"query-input\":{\"@type\":\"PropertyValueSpecification\",\"valueRequired\":true,\"valueName\":\"search_term_string\"}}],\"inLanguage\":\"de\"}]}<\/script>\n<!-- \/ Yoast SEO plugin. -->","yoast_head_json":{"title":"Kredit f\u00fcr neue Heizung - Jetzt vergleichen und sparen","description":"Kredit f\u00fcr neue Heizung: Wenn eine neue Heizung eingebaut werden muss, kommen hohe Kosten auf den Eigent\u00fcmer zu, die finanziert werden m\u00fcsse, wie?","robots":{"index":"index","follow":"follow","max-snippet":"max-snippet:-1","max-image-preview":"max-image-preview:large","max-video-preview":"max-video-preview:-1"},"canonical":"https:\/\/www.dr-staedtler.de\/sofort-kredit\/arten\/fuer-neue-heizung","og_locale":"de_DE","og_type":"article","og_title":"Kredit f\u00fcr neue Heizung - Jetzt vergleichen und sparen","og_description":"Kredit f\u00fcr neue Heizung: Wenn eine neue Heizung eingebaut werden muss, kommen hohe Kosten auf den Eigent\u00fcmer zu, die finanziert werden m\u00fcsse, wie?","og_url":"https:\/\/www.dr-staedtler.de\/sofort-kredit\/arten\/fuer-neue-heizung","og_site_name":"Sofortkredit","article_modified_time":"2017-05-23T10:12:47+00:00","og_image":[{"url":"http:\/\/www.dr-staedtler.de\/sofort-kredit\/wp-content\/uploads\/2012\/08\/neueheizung-300x200.jpg","type":"","width":"","height":""}],"twitter_card":"summary_large_image","twitter_misc":{"Gesch\u00e4tzte Lesezeit":"2\u00a0Minuten"},"schema":{"@context":"https:\/\/schema.org","@graph":[{"@type":"WebPage","@id":"https:\/\/www.dr-staedtler.de\/sofort-kredit\/arten\/fuer-neue-heizung","url":"https:\/\/www.dr-staedtler.de\/sofort-kredit\/arten\/fuer-neue-heizung","name":"Kredit f\u00fcr neue Heizung - Jetzt vergleichen und sparen","isPartOf":{"@id":"http:\/\/www.dr-staedtler.de\/sofort-kredit\/#website"},"primaryImageOfPage":{"@id":"https:\/\/www.dr-staedtler.de\/sofort-kredit\/arten\/fuer-neue-heizung#primaryimage"},"image":{"@id":"https:\/\/www.dr-staedtler.de\/sofort-kredit\/arten\/fuer-neue-heizung#primaryimage"},"thumbnailUrl":"http:\/\/www.dr-staedtler.de\/sofort-kredit\/wp-content\/uploads\/2012\/08\/neueheizung-300x200.jpg","datePublished":"2012-08-30T13:44:15+00:00","dateModified":"2017-05-23T10:12:47+00:00","description":"Kredit f\u00fcr neue Heizung: Wenn eine neue Heizung eingebaut werden muss, kommen hohe Kosten auf den Eigent\u00fcmer zu, die finanziert werden m\u00fcsse, wie?","breadcrumb":{"@id":"https:\/\/www.dr-staedtler.de\/sofort-kredit\/arten\/fuer-neue-heizung#breadcrumb"},"inLanguage":"de","potentialAction":[{"@type":"ReadAction","target":["https:\/\/www.dr-staedtler.de\/sofort-kredit\/arten\/fuer-neue-heizung"]}]},{"@type":"ImageObject","inLanguage":"de","@id":"https:\/\/www.dr-staedtler.de\/sofort-kredit\/arten\/fuer-neue-heizung#primaryimage","url":"http:\/\/www.dr-staedtler.de\/sofort-kredit\/wp-content\/uploads\/2012\/08\/neueheizung.jpg","contentUrl":"http:\/\/www.dr-staedtler.de\/sofort-kredit\/wp-content\/uploads\/2012\/08\/neueheizung.jpg","width":"424","height":"283","caption":"Sofortkredit f\u00fcr eine neue Heizung"},{"@type":"BreadcrumbList","@id":"https:\/\/www.dr-staedtler.de\/sofort-kredit\/arten\/fuer-neue-heizung#breadcrumb","itemListElement":[{"@type":"ListItem","position":1,"name":"Home","item":"https:\/\/www.dr-staedtler.de\/sofort-kredit\/"},{"@type":"ListItem","position":2,"name":"Diese verschiedenen Kreditarten und Verwendungszwecke gibt es","item":"https:\/\/www.dr-staedtler.de\/sofort-kredit\/arten"},{"@type":"ListItem","position":3,"name":"Kredit f\u00fcr neue Heizung"}]},{"@type":"WebSite","@id":"http:\/\/www.dr-staedtler.de\/sofort-kredit\/#website","url":"http:\/\/www.dr-staedtler.de\/sofort-kredit\/","name":"Sofortkredit","description":"Der Sofortkredit im unabh\u00e4ngigen Vergleich","potentialAction":[{"@type":"SearchAction","target":{"@type":"EntryPoint","urlTemplate":"http:\/\/www.dr-staedtler.de\/sofort-kredit\/?s={search_term_string}"},"query-input":{"@type":"PropertyValueSpecification","valueRequired":true,"valueName":"search_term_string"}}],"inLanguage":"de"}]}},"_links":{"self":[{"href":"http:\/\/www.dr-staedtler.de\/sofort-kredit\/wp-json\/wp\/v2\/pages\/1022","targetHints":{"allow":["GET"]}}],"collection":[{"href":"http:\/\/www.dr-staedtler.de\/sofort-kredit\/wp-json\/wp\/v2\/pages"}],"about":[{"href":"http:\/\/www.dr-staedtler.de\/sofort-kredit\/wp-json\/wp\/v2\/types\/page"}],"author":[{"embeddable":true,"href":"http:\/\/www.dr-staedtler.de\/sofort-kredit\/wp-json\/wp\/v2\/users\/2"}],"replies":[{"embeddable":true,"href":"http:\/\/www.dr-staedtler.de\/sofort-kredit\/wp-json\/wp\/v2\/comments?post=1022"}],"version-history":[{"count":3,"href":"http:\/\/www.dr-staedtler.de\/sofort-kredit\/wp-json\/wp\/v2\/pages\/1022\/revisions"}],"predecessor-version":[{"id":2551,"href":"http:\/\/www.dr-staedtler.de\/sofort-kredit\/wp-json\/wp\/v2\/pages\/1022\/revisions\/2551"}],"up":[{"embeddable":true,"href":"http:\/\/www.dr-staedtler.de\/sofort-kredit\/wp-json\/wp\/v2\/pages\/1081"}],"wp:attachment":[{"href":"http:\/\/www.dr-staedtler.de\/sofort-kredit\/wp-json\/wp\/v2\/media?parent=1022"}],"curies":[{"name":"wp","href":"https:\/\/api.w.org\/{rel}","templated":true}]}}