{"id":1019,"date":"2012-08-28T12:31:29","date_gmt":"2012-08-28T10:31:29","guid":{"rendered":"http:\/\/www.sofort-kredit.net\/?page_id=1019"},"modified":"2017-05-23T12:12:38","modified_gmt":"2017-05-23T10:12:38","slug":"fuer-motorrad","status":"publish","type":"page","link":"http:\/\/www.dr-staedtler.de\/sofort-kredit\/arten\/fuer-motorrad","title":{"rendered":"Kredit f\u00fcr Motorrad"},"content":{"rendered":"<p>Ein <strong>Motorrad<\/strong> an sich ist schon teuer. Doch nicht nur das Motorrad, sondern auch die richtige <strong>Versicherung<\/strong> wird viel Geld kosten. Wie kann sich der Motorradfahrer <strong>finanzieren<\/strong>?<br \/>\n<script defer=\"\" async=\"\" data-affiliateid=\"9e1fdf7f\" data-placementid=\"783582278\" data-amount=\"10000\" data-category=\"\" data-duration=\"84\" src=\"https:\/\/www.smava.de\/pp\/smava-kreditvergleich\/main.js\"><\/script><br \/>\nMan ist bereits drei Jahre mit dem Fahrzeug gefahren und m\u00f6chte sich endlich den Traum vom Motorrad erf\u00fcllen. Der Motorradschein wurde gemacht und ein tolles Ger\u00e4t gefunden, wobei es noch an den <strong>finanziellen M\u00f6glichkeiten<\/strong> hapert. Nicht nur, dass ein Motorrad unglaublich teuer ist, m\u00fcssen auch <strong>Versicherungsbeitr\u00e4ge<\/strong> gezahlt werden, die nicht untersch\u00e4tzt werden d\u00fcrfen. Das beste Beispiel w\u00e4re die Haftpflichtversicherung, die als Pflichtversicherung gilt. Ist die Schadenfreiheitsklasse niedrig, dann kann der Beitrag schnell teuer werden. Zudem wird eine Kaskoversicherung ben\u00f6tigt. Dass hier ein <strong>umfassendes Finanzierungskonzept<\/strong> notwendig ist, das werden Motorradfahrer best\u00e4tigen k\u00f6nnen<\/p>\n<h2>Wie kann das eigene Motorrad finanziert werden?<\/h2>\n<p><img loading=\"lazy\" decoding=\"async\" class=\"alignleft size-medium wp-image-1138\" style=\"margin-right: 10px; margin-bottom: 8px; border: 1px solid grey;\" title=\"Kredit f\u00fcr Motorrad\" src=\"http:\/\/www.dr-staedtler.de\/sofort-kredit\/wp-content\/uploads\/2012\/08\/motorrad-300x200.jpg\" alt=\"Kredit f\u00fcr Motorrad\" width=\"300\" height=\"200\" srcset=\"http:\/\/www.dr-staedtler.de\/sofort-kredit\/wp-content\/uploads\/2012\/08\/motorrad-300x200.jpg 300w, http:\/\/www.dr-staedtler.de\/sofort-kredit\/wp-content\/uploads\/2012\/08\/motorrad.jpg 423w\" sizes=\"auto, (max-width: 300px) 100vw, 300px\" \/>Es gibt zahlreiche M\u00f6glichkeiten, um sich das eigene <strong>Motorrad zu finanzieren<\/strong>. Empfehlenswert ist nat\u00fcrlich auch ein <strong>Kredit<\/strong>. Reicht die Bonit\u00e4t f\u00fcr einen herk\u00f6mmlichen <strong>Autokredit oder ein Leasing<\/strong> nicht aus, dann eignet sich ein <strong>Sofortkredit.<\/strong> G\u00fcnstige Konditionen k\u00f6nnen mit einem <strong>Vergleich<\/strong> gefunden werden, genauso wie Anbieter die mit einer zus\u00e4tzlichen <strong>Restschuldversicherung<\/strong> arbeiten. Gleichzeitig gibt es die M\u00f6glichkeit angepasste Tarife zu filtern, oder gegebenenfalls Sondertilgungsma\u00dfnahmen entgegenzunehmen. Im Gegensatz zu einem Leasing ist ein <strong>Sofortkredit f\u00fcr Motorrad<\/strong> oftmals g\u00fcnstiger.<\/p>\n<h3>Was wenn die Bonit\u00e4t negativ ist<\/h3>\n<p>Die <strong>Bonit\u00e4t<\/strong> ist beim Leasing das wichtigste Kriterium, was jedoch nicht f\u00fcr den <strong>Sofortkredit<\/strong> gilt. Der <strong>Sofortkredit f\u00fcr Motorrad<\/strong> kann selbst <a href=\"http:\/\/www.dr-staedtler.de\/sofort-kredit\/sofort-kredit-ohne-schufa\">unter negativer SCHUFA aufgenommen<\/a> werden. Daf\u00fcr gibt es spezielle Anbieter, die sich auf den <strong>schufalosen Kredit<\/strong> berufen haben. Abh\u00e4ngig vom Leitzins der EZB werden nat\u00fcrlich <strong>verschiedene Zinss\u00e4tze<\/strong> zu finden sein, wobei Motorradfahrer immer dann zuschlagen sollten, ist der <strong>Zinssatz der EZB niedrig<\/strong>. Das Zinsniveau des Sofortkredites wird sich dem anpassen. Motorradfahrer k\u00f6nnen mit dem Kredit die Versicherungen, das Motorrad und noch andere Unternehmungen finanzieren. Der <strong>Sofortkredit<\/strong> ist an keinen Zweck gebunden und erlaubt einen gro\u00dfen Spielraum.<\/p>\n","protected":false},"excerpt":{"rendered":"<p>Ein Motorrad an sich ist schon teuer. Doch nicht nur das Motorrad, sondern auch die richtige Versicherung wird viel Geld kosten. Wie kann sich der Motorradfahrer finanzieren? Man ist bereits drei Jahre mit dem Fahrzeug gefahren und m\u00f6chte sich endlich den Traum vom Motorrad erf\u00fcllen. Der Motorradschein wurde gemacht und ein tolles Ger\u00e4t gefunden, wobei [&hellip;]<\/p>\n","protected":false},"author":2,"featured_media":0,"parent":1081,"menu_order":0,"comment_status":"closed","ping_status":"open","template":"templates\/sidebar-right.php","meta":{"footnotes":""},"class_list":["post-1019","page","type-page","status-publish","hentry"],"yoast_head":"<!-- This site is optimized with the Yoast SEO plugin v24.6 - https:\/\/yoast.com\/wordpress\/plugins\/seo\/ -->\n<title>Kredit f\u00fcr Motorrad - Jetzt g\u00fcnstigen Kredit sichern<\/title>\n<meta name=\"description\" content=\"Kredit f\u00fcr Motorrad: Die Anschaffung und Unterhaltung eines Motorrades kosten viel Geld, wie kann man das finanzieren?\" \/>\n<meta name=\"robots\" content=\"index, follow, max-snippet:-1, max-image-preview:large, max-video-preview:-1\" \/>\n<link rel=\"canonical\" href=\"https:\/\/www.dr-staedtler.de\/sofort-kredit\/arten\/fuer-motorrad\" \/>\n<meta property=\"og:locale\" content=\"de_DE\" \/>\n<meta property=\"og:type\" content=\"article\" \/>\n<meta property=\"og:title\" content=\"Kredit f\u00fcr Motorrad - Jetzt g\u00fcnstigen Kredit sichern\" \/>\n<meta property=\"og:description\" content=\"Kredit f\u00fcr Motorrad: Die Anschaffung und Unterhaltung eines Motorrades kosten viel Geld, wie kann man das finanzieren?\" \/>\n<meta property=\"og:url\" content=\"https:\/\/www.dr-staedtler.de\/sofort-kredit\/arten\/fuer-motorrad\" \/>\n<meta property=\"og:site_name\" content=\"Sofortkredit\" \/>\n<meta property=\"article:modified_time\" content=\"2017-05-23T10:12:38+00:00\" \/>\n<meta property=\"og:image\" content=\"http:\/\/www.dr-staedtler.de\/sofort-kredit\/wp-content\/uploads\/2012\/08\/motorrad-300x200.jpg\" \/>\n<meta name=\"twitter:card\" content=\"summary_large_image\" \/>\n<meta name=\"twitter:label1\" content=\"Gesch\u00e4tzte Lesezeit\" \/>\n\t<meta name=\"twitter:data1\" content=\"2\u00a0Minuten\" \/>\n<script type=\"application\/ld+json\" class=\"yoast-schema-graph\">{\"@context\":\"https:\/\/schema.org\",\"@graph\":[{\"@type\":\"WebPage\",\"@id\":\"https:\/\/www.dr-staedtler.de\/sofort-kredit\/arten\/fuer-motorrad\",\"url\":\"https:\/\/www.dr-staedtler.de\/sofort-kredit\/arten\/fuer-motorrad\",\"name\":\"Kredit f\u00fcr Motorrad - Jetzt g\u00fcnstigen Kredit sichern\",\"isPartOf\":{\"@id\":\"http:\/\/www.dr-staedtler.de\/sofort-kredit\/#website\"},\"primaryImageOfPage\":{\"@id\":\"https:\/\/www.dr-staedtler.de\/sofort-kredit\/arten\/fuer-motorrad#primaryimage\"},\"image\":{\"@id\":\"https:\/\/www.dr-staedtler.de\/sofort-kredit\/arten\/fuer-motorrad#primaryimage\"},\"thumbnailUrl\":\"http:\/\/www.dr-staedtler.de\/sofort-kredit\/wp-content\/uploads\/2012\/08\/motorrad-300x200.jpg\",\"datePublished\":\"2012-08-28T10:31:29+00:00\",\"dateModified\":\"2017-05-23T10:12:38+00:00\",\"description\":\"Kredit f\u00fcr Motorrad: Die Anschaffung und Unterhaltung eines Motorrades kosten viel Geld, wie kann man das finanzieren?\",\"breadcrumb\":{\"@id\":\"https:\/\/www.dr-staedtler.de\/sofort-kredit\/arten\/fuer-motorrad#breadcrumb\"},\"inLanguage\":\"de\",\"potentialAction\":[{\"@type\":\"ReadAction\",\"target\":[\"https:\/\/www.dr-staedtler.de\/sofort-kredit\/arten\/fuer-motorrad\"]}]},{\"@type\":\"ImageObject\",\"inLanguage\":\"de\",\"@id\":\"https:\/\/www.dr-staedtler.de\/sofort-kredit\/arten\/fuer-motorrad#primaryimage\",\"url\":\"http:\/\/www.dr-staedtler.de\/sofort-kredit\/wp-content\/uploads\/2012\/08\/motorrad.jpg\",\"contentUrl\":\"http:\/\/www.dr-staedtler.de\/sofort-kredit\/wp-content\/uploads\/2012\/08\/motorrad.jpg\",\"width\":\"423\",\"height\":\"283\",\"caption\":\"Kredit f\u00fcr Motorrad\"},{\"@type\":\"BreadcrumbList\",\"@id\":\"https:\/\/www.dr-staedtler.de\/sofort-kredit\/arten\/fuer-motorrad#breadcrumb\",\"itemListElement\":[{\"@type\":\"ListItem\",\"position\":1,\"name\":\"Home\",\"item\":\"https:\/\/www.dr-staedtler.de\/sofort-kredit\/\"},{\"@type\":\"ListItem\",\"position\":2,\"name\":\"Diese verschiedenen Kreditarten und Verwendungszwecke gibt es\",\"item\":\"https:\/\/www.dr-staedtler.de\/sofort-kredit\/arten\"},{\"@type\":\"ListItem\",\"position\":3,\"name\":\"Kredit f\u00fcr Motorrad\"}]},{\"@type\":\"WebSite\",\"@id\":\"http:\/\/www.dr-staedtler.de\/sofort-kredit\/#website\",\"url\":\"http:\/\/www.dr-staedtler.de\/sofort-kredit\/\",\"name\":\"Sofortkredit\",\"description\":\"Der Sofortkredit im unabh\u00e4ngigen Vergleich\",\"potentialAction\":[{\"@type\":\"SearchAction\",\"target\":{\"@type\":\"EntryPoint\",\"urlTemplate\":\"http:\/\/www.dr-staedtler.de\/sofort-kredit\/?s={search_term_string}\"},\"query-input\":{\"@type\":\"PropertyValueSpecification\",\"valueRequired\":true,\"valueName\":\"search_term_string\"}}],\"inLanguage\":\"de\"}]}<\/script>\n<!-- \/ Yoast SEO plugin. -->","yoast_head_json":{"title":"Kredit f\u00fcr Motorrad - Jetzt g\u00fcnstigen Kredit sichern","description":"Kredit f\u00fcr Motorrad: Die Anschaffung und Unterhaltung eines Motorrades kosten viel Geld, wie kann man das finanzieren?","robots":{"index":"index","follow":"follow","max-snippet":"max-snippet:-1","max-image-preview":"max-image-preview:large","max-video-preview":"max-video-preview:-1"},"canonical":"https:\/\/www.dr-staedtler.de\/sofort-kredit\/arten\/fuer-motorrad","og_locale":"de_DE","og_type":"article","og_title":"Kredit f\u00fcr Motorrad - Jetzt g\u00fcnstigen Kredit sichern","og_description":"Kredit f\u00fcr Motorrad: Die Anschaffung und Unterhaltung eines Motorrades kosten viel Geld, wie kann man das finanzieren?","og_url":"https:\/\/www.dr-staedtler.de\/sofort-kredit\/arten\/fuer-motorrad","og_site_name":"Sofortkredit","article_modified_time":"2017-05-23T10:12:38+00:00","og_image":[{"url":"http:\/\/www.dr-staedtler.de\/sofort-kredit\/wp-content\/uploads\/2012\/08\/motorrad-300x200.jpg","type":"","width":"","height":""}],"twitter_card":"summary_large_image","twitter_misc":{"Gesch\u00e4tzte Lesezeit":"2\u00a0Minuten"},"schema":{"@context":"https:\/\/schema.org","@graph":[{"@type":"WebPage","@id":"https:\/\/www.dr-staedtler.de\/sofort-kredit\/arten\/fuer-motorrad","url":"https:\/\/www.dr-staedtler.de\/sofort-kredit\/arten\/fuer-motorrad","name":"Kredit f\u00fcr Motorrad - Jetzt g\u00fcnstigen Kredit sichern","isPartOf":{"@id":"http:\/\/www.dr-staedtler.de\/sofort-kredit\/#website"},"primaryImageOfPage":{"@id":"https:\/\/www.dr-staedtler.de\/sofort-kredit\/arten\/fuer-motorrad#primaryimage"},"image":{"@id":"https:\/\/www.dr-staedtler.de\/sofort-kredit\/arten\/fuer-motorrad#primaryimage"},"thumbnailUrl":"http:\/\/www.dr-staedtler.de\/sofort-kredit\/wp-content\/uploads\/2012\/08\/motorrad-300x200.jpg","datePublished":"2012-08-28T10:31:29+00:00","dateModified":"2017-05-23T10:12:38+00:00","description":"Kredit f\u00fcr Motorrad: Die Anschaffung und Unterhaltung eines Motorrades kosten viel Geld, wie kann man das finanzieren?","breadcrumb":{"@id":"https:\/\/www.dr-staedtler.de\/sofort-kredit\/arten\/fuer-motorrad#breadcrumb"},"inLanguage":"de","potentialAction":[{"@type":"ReadAction","target":["https:\/\/www.dr-staedtler.de\/sofort-kredit\/arten\/fuer-motorrad"]}]},{"@type":"ImageObject","inLanguage":"de","@id":"https:\/\/www.dr-staedtler.de\/sofort-kredit\/arten\/fuer-motorrad#primaryimage","url":"http:\/\/www.dr-staedtler.de\/sofort-kredit\/wp-content\/uploads\/2012\/08\/motorrad.jpg","contentUrl":"http:\/\/www.dr-staedtler.de\/sofort-kredit\/wp-content\/uploads\/2012\/08\/motorrad.jpg","width":"423","height":"283","caption":"Kredit f\u00fcr Motorrad"},{"@type":"BreadcrumbList","@id":"https:\/\/www.dr-staedtler.de\/sofort-kredit\/arten\/fuer-motorrad#breadcrumb","itemListElement":[{"@type":"ListItem","position":1,"name":"Home","item":"https:\/\/www.dr-staedtler.de\/sofort-kredit\/"},{"@type":"ListItem","position":2,"name":"Diese verschiedenen Kreditarten und Verwendungszwecke gibt es","item":"https:\/\/www.dr-staedtler.de\/sofort-kredit\/arten"},{"@type":"ListItem","position":3,"name":"Kredit f\u00fcr Motorrad"}]},{"@type":"WebSite","@id":"http:\/\/www.dr-staedtler.de\/sofort-kredit\/#website","url":"http:\/\/www.dr-staedtler.de\/sofort-kredit\/","name":"Sofortkredit","description":"Der Sofortkredit im unabh\u00e4ngigen Vergleich","potentialAction":[{"@type":"SearchAction","target":{"@type":"EntryPoint","urlTemplate":"http:\/\/www.dr-staedtler.de\/sofort-kredit\/?s={search_term_string}"},"query-input":{"@type":"PropertyValueSpecification","valueRequired":true,"valueName":"search_term_string"}}],"inLanguage":"de"}]}},"_links":{"self":[{"href":"http:\/\/www.dr-staedtler.de\/sofort-kredit\/wp-json\/wp\/v2\/pages\/1019","targetHints":{"allow":["GET"]}}],"collection":[{"href":"http:\/\/www.dr-staedtler.de\/sofort-kredit\/wp-json\/wp\/v2\/pages"}],"about":[{"href":"http:\/\/www.dr-staedtler.de\/sofort-kredit\/wp-json\/wp\/v2\/types\/page"}],"author":[{"embeddable":true,"href":"http:\/\/www.dr-staedtler.de\/sofort-kredit\/wp-json\/wp\/v2\/users\/2"}],"replies":[{"embeddable":true,"href":"http:\/\/www.dr-staedtler.de\/sofort-kredit\/wp-json\/wp\/v2\/comments?post=1019"}],"version-history":[{"count":3,"href":"http:\/\/www.dr-staedtler.de\/sofort-kredit\/wp-json\/wp\/v2\/pages\/1019\/revisions"}],"predecessor-version":[{"id":2550,"href":"http:\/\/www.dr-staedtler.de\/sofort-kredit\/wp-json\/wp\/v2\/pages\/1019\/revisions\/2550"}],"up":[{"embeddable":true,"href":"http:\/\/www.dr-staedtler.de\/sofort-kredit\/wp-json\/wp\/v2\/pages\/1081"}],"wp:attachment":[{"href":"http:\/\/www.dr-staedtler.de\/sofort-kredit\/wp-json\/wp\/v2\/media?parent=1019"}],"curies":[{"name":"wp","href":"https:\/\/api.w.org\/{rel}","templated":true}]}}