{"id":1017,"date":"2012-08-29T14:27:59","date_gmt":"2012-08-29T12:27:59","guid":{"rendered":"http:\/\/www.sofort-kredit.net\/?page_id=1017"},"modified":"2017-05-23T12:12:32","modified_gmt":"2017-05-23T10:12:32","slug":"fuer-modernisierung","status":"publish","type":"page","link":"http:\/\/www.dr-staedtler.de\/sofort-kredit\/arten\/fuer-modernisierung","title":{"rendered":"Kredit f\u00fcr Modernisierung"},"content":{"rendered":"<p>Renovierungsarbeiten, der Umbau des Daches oder eine Zwischenwand kostet immer Geld. Steht das Geld nicht zur Verf\u00fcgung, dann kann ein <strong>Sofortkredit<\/strong> helfen.<br \/>\n<script defer=\"\" async=\"\" data-affiliateid=\"9e1fdf7f\" data-placementid=\"783582278\" data-amount=\"10000\" data-category=\"\" data-duration=\"84\" src=\"https:\/\/www.smava.de\/pp\/smava-kreditvergleich\/main.js\"><\/script><br \/>\n<img loading=\"lazy\" decoding=\"async\" class=\"alignleft size-medium wp-image-1218\" style=\"margin-right: 10px; margin-bottom: 8px; border: 1px solid grey;\" title=\"Kredit f\u00fcr eine Modernisierung\" src=\"http:\/\/www.dr-staedtler.de\/sofort-kredit\/wp-content\/uploads\/2012\/08\/modernisierungskredit-300x225.jpg\" alt=\"Kredit f\u00fcr eine Modernisierung\" width=\"300\" height=\"225\" srcset=\"http:\/\/www.dr-staedtler.de\/sofort-kredit\/wp-content\/uploads\/2012\/08\/modernisierungskredit-300x225.jpg 300w, http:\/\/www.dr-staedtler.de\/sofort-kredit\/wp-content\/uploads\/2012\/08\/modernisierungskredit.jpg 400w\" sizes=\"auto, (max-width: 300px) 100vw, 300px\" \/>Die <strong>Modernisierung einer Wohnung<\/strong> ist mit zahlreichen <strong>Kosten<\/strong> verbunden. Abh\u00e4ngig davon, was in der Wohnung modernisiert wird entstehen unterschiedliche Preisspannen. Wird die Wohnung tapeziert und renoviert, dann sind die Kosten noch vergleichsweise g\u00fcnstig. Werden dagegen sanit\u00e4re Anlagen eingerichtet oder D\u00e4mmsysteme eingebaut, dann ist der <strong>Kostenaufwand hoch<\/strong>. Gerade wenn es sich um eine Schalld\u00e4mmung oder eine W\u00e4rmed\u00e4mmung handelt, sind Kosten zu tragen, die vergleichsweise hoch sind. Um <strong>Kosten dieser Art<\/strong> zu regulieren ist ein <strong>Sofortkredit f\u00fcr Modernisierung<\/strong> die schnellste und einfachste Variante. So kann das notwendige Geld aufgebracht werden und im Nachhinein in Raten getilgt werden.<\/p>\n<h2>Welche Kreditsumme wird ben\u00f6tigt?<\/h2>\n<p>Abh\u00e4ngig von den Ausgaben kann die <strong>Kreditsumme<\/strong> variieren. Eine W\u00e4rmed\u00e4mmung kann je nach Zustand des Hauses bis zu 10.000 oder 15.000 Euro kosten. Wird die Wohnung lediglich tapeziert, dann reichen 500 Euro f\u00fcr Handwerker und Maler vollkommen aus. In Bezug auf die <strong>Kosten ist ein Vergleich<\/strong> die Schnellste und einfachste Variante um den g\u00fcnstigsten Kredit mit den besten Konditionen zu finden. <a href=\"http:\/\/www.dr-staedtler.de\/sofort-kredit\">Vergleiche k\u00f6nnen nicht nur unabh\u00e4ngig durchgef\u00fchrt<\/a> werden, sondern sind auch leicht zu bedienen und kostenlos. Diese Voraussetzungen helfen, einen <strong>Sofortkredit<\/strong> zu finden, der alle Kosten f\u00fcr Modernisierungsarbeiten regulieren kann.<\/p>\n<h3>Was sollte bei der Aufnahme beachtet werden?<\/h3>\n<p>Wird ein <strong>Sofortkredit aufgenommen<\/strong>, dann sind viele Inhalte wichtig. Beispielsweise die<strong> Sondertilgung<\/strong>. Die Sondertilgung erm\u00f6glicht, dass der <strong>Kredit<\/strong> schon vorab getilgt werden kann. Ebenso ist eine <strong>Restschuldversicherung<\/strong> n\u00fctzlich, gerade wenn das Risiko hoch ist, dass in naher Zukunft Zahlungsausf\u00e4lle stattfinden k\u00f6nnten. Unabh\u00e4ngig davon sollte mit einer <strong>Rentabilit\u00e4tsvorschau<\/strong> gearbeitet werden. Noch vor <strong>Aufnahme des Kredites<\/strong> muss ersichtlich sein wie die Ausgaben aber auch die Einnahmen innerhalb der Kreditlaufzeit aussehen. Somit kann keine Modernisierung soweit f\u00fchren, dass sich die Wohnunseigener komplett verschulden. Das ist bei gr\u00f6\u00dferen <strong>Modernisierungsarbeiten<\/strong> ungemein wichtig. Gerade wenn die Au\u00dfenfassade, der Innenbereich und die sanit\u00e4re Ausstattung komplett erneuert wird sind <strong>unglaublich hohe Kosten<\/strong> zu tragen.<\/p>\n","protected":false},"excerpt":{"rendered":"<p>Renovierungsarbeiten, der Umbau des Daches oder eine Zwischenwand kostet immer Geld. Steht das Geld nicht zur Verf\u00fcgung, dann kann ein Sofortkredit helfen. Die Modernisierung einer Wohnung ist mit zahlreichen Kosten verbunden. Abh\u00e4ngig davon, was in der Wohnung modernisiert wird entstehen unterschiedliche Preisspannen. Wird die Wohnung tapeziert und renoviert, dann sind die Kosten noch vergleichsweise g\u00fcnstig. [&hellip;]<\/p>\n","protected":false},"author":2,"featured_media":0,"parent":1081,"menu_order":0,"comment_status":"closed","ping_status":"open","template":"templates\/sidebar-right.php","meta":{"footnotes":""},"class_list":["post-1017","page","type-page","status-publish","hentry"],"yoast_head":"<!-- This site is optimized with the Yoast SEO plugin v24.6 - https:\/\/yoast.com\/wordpress\/plugins\/seo\/ -->\n<title>Kredit f\u00fcr Modernisierung - Jetzt kostenlos vergleichen<\/title>\n<meta name=\"description\" content=\"Kredit f\u00fcr Modernisierung: Renovierungsarbeiten k\u00f6nnen mitunter teuer werden, besonders wenn Sanierungen anstehen. Welche Finanzierung ist dann m\u00f6glich?\" \/>\n<meta name=\"robots\" content=\"index, follow, max-snippet:-1, max-image-preview:large, max-video-preview:-1\" \/>\n<link rel=\"canonical\" href=\"https:\/\/www.dr-staedtler.de\/sofort-kredit\/arten\/fuer-modernisierung\" \/>\n<meta property=\"og:locale\" content=\"de_DE\" \/>\n<meta property=\"og:type\" content=\"article\" \/>\n<meta property=\"og:title\" content=\"Kredit f\u00fcr Modernisierung - Jetzt kostenlos vergleichen\" \/>\n<meta property=\"og:description\" content=\"Kredit f\u00fcr Modernisierung: Renovierungsarbeiten k\u00f6nnen mitunter teuer werden, besonders wenn Sanierungen anstehen. Welche Finanzierung ist dann m\u00f6glich?\" \/>\n<meta property=\"og:url\" content=\"https:\/\/www.dr-staedtler.de\/sofort-kredit\/arten\/fuer-modernisierung\" \/>\n<meta property=\"og:site_name\" content=\"Sofortkredit\" \/>\n<meta property=\"article:modified_time\" content=\"2017-05-23T10:12:32+00:00\" \/>\n<meta property=\"og:image\" content=\"http:\/\/www.dr-staedtler.de\/sofort-kredit\/wp-content\/uploads\/2012\/08\/modernisierungskredit-300x225.jpg\" \/>\n<meta name=\"twitter:card\" content=\"summary_large_image\" \/>\n<meta name=\"twitter:label1\" content=\"Gesch\u00e4tzte Lesezeit\" \/>\n\t<meta name=\"twitter:data1\" content=\"2\u00a0Minuten\" \/>\n<script type=\"application\/ld+json\" class=\"yoast-schema-graph\">{\"@context\":\"https:\/\/schema.org\",\"@graph\":[{\"@type\":\"WebPage\",\"@id\":\"https:\/\/www.dr-staedtler.de\/sofort-kredit\/arten\/fuer-modernisierung\",\"url\":\"https:\/\/www.dr-staedtler.de\/sofort-kredit\/arten\/fuer-modernisierung\",\"name\":\"Kredit f\u00fcr Modernisierung - Jetzt kostenlos vergleichen\",\"isPartOf\":{\"@id\":\"http:\/\/www.dr-staedtler.de\/sofort-kredit\/#website\"},\"primaryImageOfPage\":{\"@id\":\"https:\/\/www.dr-staedtler.de\/sofort-kredit\/arten\/fuer-modernisierung#primaryimage\"},\"image\":{\"@id\":\"https:\/\/www.dr-staedtler.de\/sofort-kredit\/arten\/fuer-modernisierung#primaryimage\"},\"thumbnailUrl\":\"http:\/\/www.dr-staedtler.de\/sofort-kredit\/wp-content\/uploads\/2012\/08\/modernisierungskredit-300x225.jpg\",\"datePublished\":\"2012-08-29T12:27:59+00:00\",\"dateModified\":\"2017-05-23T10:12:32+00:00\",\"description\":\"Kredit f\u00fcr Modernisierung: Renovierungsarbeiten k\u00f6nnen mitunter teuer werden, besonders wenn Sanierungen anstehen. Welche Finanzierung ist dann m\u00f6glich?\",\"breadcrumb\":{\"@id\":\"https:\/\/www.dr-staedtler.de\/sofort-kredit\/arten\/fuer-modernisierung#breadcrumb\"},\"inLanguage\":\"de\",\"potentialAction\":[{\"@type\":\"ReadAction\",\"target\":[\"https:\/\/www.dr-staedtler.de\/sofort-kredit\/arten\/fuer-modernisierung\"]}]},{\"@type\":\"ImageObject\",\"inLanguage\":\"de\",\"@id\":\"https:\/\/www.dr-staedtler.de\/sofort-kredit\/arten\/fuer-modernisierung#primaryimage\",\"url\":\"http:\/\/www.dr-staedtler.de\/sofort-kredit\/wp-content\/uploads\/2012\/08\/modernisierungskredit.jpg\",\"contentUrl\":\"http:\/\/www.dr-staedtler.de\/sofort-kredit\/wp-content\/uploads\/2012\/08\/modernisierungskredit.jpg\",\"width\":\"400\",\"height\":\"300\",\"caption\":\"Kredit f\u00fcr eine Modernisierung\"},{\"@type\":\"BreadcrumbList\",\"@id\":\"https:\/\/www.dr-staedtler.de\/sofort-kredit\/arten\/fuer-modernisierung#breadcrumb\",\"itemListElement\":[{\"@type\":\"ListItem\",\"position\":1,\"name\":\"Home\",\"item\":\"https:\/\/www.dr-staedtler.de\/sofort-kredit\/\"},{\"@type\":\"ListItem\",\"position\":2,\"name\":\"Diese verschiedenen Kreditarten und Verwendungszwecke gibt es\",\"item\":\"https:\/\/www.dr-staedtler.de\/sofort-kredit\/arten\"},{\"@type\":\"ListItem\",\"position\":3,\"name\":\"Kredit f\u00fcr Modernisierung\"}]},{\"@type\":\"WebSite\",\"@id\":\"http:\/\/www.dr-staedtler.de\/sofort-kredit\/#website\",\"url\":\"http:\/\/www.dr-staedtler.de\/sofort-kredit\/\",\"name\":\"Sofortkredit\",\"description\":\"Der Sofortkredit im unabh\u00e4ngigen Vergleich\",\"potentialAction\":[{\"@type\":\"SearchAction\",\"target\":{\"@type\":\"EntryPoint\",\"urlTemplate\":\"http:\/\/www.dr-staedtler.de\/sofort-kredit\/?s={search_term_string}\"},\"query-input\":{\"@type\":\"PropertyValueSpecification\",\"valueRequired\":true,\"valueName\":\"search_term_string\"}}],\"inLanguage\":\"de\"}]}<\/script>\n<!-- \/ Yoast SEO plugin. -->","yoast_head_json":{"title":"Kredit f\u00fcr Modernisierung - Jetzt kostenlos vergleichen","description":"Kredit f\u00fcr Modernisierung: Renovierungsarbeiten k\u00f6nnen mitunter teuer werden, besonders wenn Sanierungen anstehen. Welche Finanzierung ist dann m\u00f6glich?","robots":{"index":"index","follow":"follow","max-snippet":"max-snippet:-1","max-image-preview":"max-image-preview:large","max-video-preview":"max-video-preview:-1"},"canonical":"https:\/\/www.dr-staedtler.de\/sofort-kredit\/arten\/fuer-modernisierung","og_locale":"de_DE","og_type":"article","og_title":"Kredit f\u00fcr Modernisierung - Jetzt kostenlos vergleichen","og_description":"Kredit f\u00fcr Modernisierung: Renovierungsarbeiten k\u00f6nnen mitunter teuer werden, besonders wenn Sanierungen anstehen. Welche Finanzierung ist dann m\u00f6glich?","og_url":"https:\/\/www.dr-staedtler.de\/sofort-kredit\/arten\/fuer-modernisierung","og_site_name":"Sofortkredit","article_modified_time":"2017-05-23T10:12:32+00:00","og_image":[{"url":"http:\/\/www.dr-staedtler.de\/sofort-kredit\/wp-content\/uploads\/2012\/08\/modernisierungskredit-300x225.jpg","type":"","width":"","height":""}],"twitter_card":"summary_large_image","twitter_misc":{"Gesch\u00e4tzte Lesezeit":"2\u00a0Minuten"},"schema":{"@context":"https:\/\/schema.org","@graph":[{"@type":"WebPage","@id":"https:\/\/www.dr-staedtler.de\/sofort-kredit\/arten\/fuer-modernisierung","url":"https:\/\/www.dr-staedtler.de\/sofort-kredit\/arten\/fuer-modernisierung","name":"Kredit f\u00fcr Modernisierung - Jetzt kostenlos vergleichen","isPartOf":{"@id":"http:\/\/www.dr-staedtler.de\/sofort-kredit\/#website"},"primaryImageOfPage":{"@id":"https:\/\/www.dr-staedtler.de\/sofort-kredit\/arten\/fuer-modernisierung#primaryimage"},"image":{"@id":"https:\/\/www.dr-staedtler.de\/sofort-kredit\/arten\/fuer-modernisierung#primaryimage"},"thumbnailUrl":"http:\/\/www.dr-staedtler.de\/sofort-kredit\/wp-content\/uploads\/2012\/08\/modernisierungskredit-300x225.jpg","datePublished":"2012-08-29T12:27:59+00:00","dateModified":"2017-05-23T10:12:32+00:00","description":"Kredit f\u00fcr Modernisierung: Renovierungsarbeiten k\u00f6nnen mitunter teuer werden, besonders wenn Sanierungen anstehen. Welche Finanzierung ist dann m\u00f6glich?","breadcrumb":{"@id":"https:\/\/www.dr-staedtler.de\/sofort-kredit\/arten\/fuer-modernisierung#breadcrumb"},"inLanguage":"de","potentialAction":[{"@type":"ReadAction","target":["https:\/\/www.dr-staedtler.de\/sofort-kredit\/arten\/fuer-modernisierung"]}]},{"@type":"ImageObject","inLanguage":"de","@id":"https:\/\/www.dr-staedtler.de\/sofort-kredit\/arten\/fuer-modernisierung#primaryimage","url":"http:\/\/www.dr-staedtler.de\/sofort-kredit\/wp-content\/uploads\/2012\/08\/modernisierungskredit.jpg","contentUrl":"http:\/\/www.dr-staedtler.de\/sofort-kredit\/wp-content\/uploads\/2012\/08\/modernisierungskredit.jpg","width":"400","height":"300","caption":"Kredit f\u00fcr eine Modernisierung"},{"@type":"BreadcrumbList","@id":"https:\/\/www.dr-staedtler.de\/sofort-kredit\/arten\/fuer-modernisierung#breadcrumb","itemListElement":[{"@type":"ListItem","position":1,"name":"Home","item":"https:\/\/www.dr-staedtler.de\/sofort-kredit\/"},{"@type":"ListItem","position":2,"name":"Diese verschiedenen Kreditarten und Verwendungszwecke gibt es","item":"https:\/\/www.dr-staedtler.de\/sofort-kredit\/arten"},{"@type":"ListItem","position":3,"name":"Kredit f\u00fcr Modernisierung"}]},{"@type":"WebSite","@id":"http:\/\/www.dr-staedtler.de\/sofort-kredit\/#website","url":"http:\/\/www.dr-staedtler.de\/sofort-kredit\/","name":"Sofortkredit","description":"Der Sofortkredit im unabh\u00e4ngigen Vergleich","potentialAction":[{"@type":"SearchAction","target":{"@type":"EntryPoint","urlTemplate":"http:\/\/www.dr-staedtler.de\/sofort-kredit\/?s={search_term_string}"},"query-input":{"@type":"PropertyValueSpecification","valueRequired":true,"valueName":"search_term_string"}}],"inLanguage":"de"}]}},"_links":{"self":[{"href":"http:\/\/www.dr-staedtler.de\/sofort-kredit\/wp-json\/wp\/v2\/pages\/1017","targetHints":{"allow":["GET"]}}],"collection":[{"href":"http:\/\/www.dr-staedtler.de\/sofort-kredit\/wp-json\/wp\/v2\/pages"}],"about":[{"href":"http:\/\/www.dr-staedtler.de\/sofort-kredit\/wp-json\/wp\/v2\/types\/page"}],"author":[{"embeddable":true,"href":"http:\/\/www.dr-staedtler.de\/sofort-kredit\/wp-json\/wp\/v2\/users\/2"}],"replies":[{"embeddable":true,"href":"http:\/\/www.dr-staedtler.de\/sofort-kredit\/wp-json\/wp\/v2\/comments?post=1017"}],"version-history":[{"count":4,"href":"http:\/\/www.dr-staedtler.de\/sofort-kredit\/wp-json\/wp\/v2\/pages\/1017\/revisions"}],"predecessor-version":[{"id":2549,"href":"http:\/\/www.dr-staedtler.de\/sofort-kredit\/wp-json\/wp\/v2\/pages\/1017\/revisions\/2549"}],"up":[{"embeddable":true,"href":"http:\/\/www.dr-staedtler.de\/sofort-kredit\/wp-json\/wp\/v2\/pages\/1081"}],"wp:attachment":[{"href":"http:\/\/www.dr-staedtler.de\/sofort-kredit\/wp-json\/wp\/v2\/media?parent=1017"}],"curies":[{"name":"wp","href":"https:\/\/api.w.org\/{rel}","templated":true}]}}