{"id":1013,"date":"2012-08-28T14:04:50","date_gmt":"2012-08-28T12:04:50","guid":{"rendered":"http:\/\/www.sofort-kredit.net\/?page_id=1013"},"modified":"2017-05-23T12:12:08","modified_gmt":"2017-05-23T10:12:08","slug":"fuer-leiharbeiter","status":"publish","type":"page","link":"http:\/\/www.dr-staedtler.de\/sofort-kredit\/arten\/fuer-leiharbeiter","title":{"rendered":"Kredit f\u00fcr Leiharbeiter"},"content":{"rendered":"<p><strong>Leiharbeiter<\/strong> besitzten eine<strong>Bonit\u00e4t,<\/strong> die mit fest angestellten Arbeitern nicht zu vergleichen ist. Dadurch haben es Leiharbeiter in vielerlei Hinsicht schwieriger.<br \/>\n<script defer=\"\" async=\"\" data-affiliateid=\"9e1fdf7f\" data-placementid=\"783582278\" data-amount=\"10000\" data-category=\"\" data-duration=\"84\" src=\"https:\/\/www.smava.de\/pp\/smava-kreditvergleich\/main.js\"><\/script><br \/>\nDas <strong>Einkommen eines Leiharbeiters<\/strong> ist von der Auftragslage abh\u00e4ngig. Zudem wird jedes <strong>Arbeitsverh\u00e4ltnis befristet<\/strong>. Das <strong>Kreditausfallrisiko<\/strong> ist also vergleichsweise hoch, was die <strong>Aufnahme eines Kredites<\/strong> ungemein erschwert. Die Schuldner darf in den meisten F\u00e4llen keinen Eintrag besitzen, die Bonit\u00e4t wird zur <strong>Kreditaufnahme<\/strong> bis ins kleinste Detail untersucht und die <strong>Kreditsicherheit<\/strong> steht an oberster Stelle. Oftmals werden Kredite zu <strong>schlechteren Konditionen<\/strong> vergeben, sofern kein B\u00fcrge zur Verf\u00fcgung steht. Doch wie kann sich ein Leiharbeiter helfen?<\/p>\n<h2>Ein Sofortkredit trotz negativer SCHUFA<\/h2>\n<p><img loading=\"lazy\" decoding=\"async\" class=\"alignleft size-medium wp-image-1166\" style=\"margin-right: 10px; margin-bottom: 8px; border: 1px solid grey;\" title=\"Kredit f\u00fcr Leiharbeit\" src=\"http:\/\/www.dr-staedtler.de\/sofort-kredit\/wp-content\/uploads\/2012\/08\/leiharbeit-300x195.jpg\" alt=\"Kredit f\u00fcr Leiharbeit\" width=\"300\" height=\"195\" srcset=\"http:\/\/www.dr-staedtler.de\/sofort-kredit\/wp-content\/uploads\/2012\/08\/leiharbeit-300x195.jpg 300w, http:\/\/www.dr-staedtler.de\/sofort-kredit\/wp-content\/uploads\/2012\/08\/leiharbeit.jpg 429w\" sizes=\"auto, (max-width: 300px) 100vw, 300px\" \/>Nicht immer steht ein B\u00fcrge zur Seite, nicht alle Leiharbeiter m\u00f6chten eine <strong>zus\u00e4tzliche Restschuldversicherung<\/strong> aufnehmen und oftmals sind<strong> Sondertilgungsma\u00dfnahmen<\/strong> gefragt. Ein <strong>Sofortkredit f\u00fcr Leiharbeiter<\/strong> ist daher eine gute L\u00f6sung. Selbst wenn die eigene <strong>SCHUFA-Auskunft negativ<\/strong> ist kann ein Sofortkredit aufgenommen werden. Die Bonit\u00e4t hat somit keinen Einfluss, was f\u00fcr Leiharbeiter bedeutend ist. Zudem kann der <strong>Sofortkredit<\/strong> in nur zwei Tagen aufgenommen werden, was hei\u00dft, dass von der Antragstellung bis zur \u00dcberweisung des Geldes auf das eigene Konto nur zwei Tage vergehen. Leiharbeiter die finanzielle Ausgaben t\u00e4tigen m\u00fcssen, k\u00f6nnen somit flexibler handeln. Ein <strong>Autokredit<\/strong> wird meistens verwehrt. Warum also nicht mit einem <strong>Sofortkredit<\/strong> das Fahrzeug finanzieren. Ein <strong>Hypothek<\/strong> ist geradezu unm\u00f6glich. Warum also nicht mit einem Sofortkredit die <strong>Eigenheimfinanzierung<\/strong> unterst\u00fctzen.<\/p>\n<h3>Wie kann der g\u00fcnstigste Tarif gefunden werden?<\/h3>\n<p>Wird ein <strong>g\u00fcnstiger Tarif<\/strong> gesucht, dann gibt es viele flexible Ma\u00dfnahmen mit denen gearbeitet werden kann. Sehr beliebt sind Vergleiche. <a href=\"http:\/\/www.dr-staedtler.de\/sofort-kredit\">Vergleiche k\u00f6nnen unabh\u00e4ngig durchgef\u00fchrt werden und sind kostenlos<\/a>. Das Ergebnis ist ein <strong>g\u00fcnstiger Zinssatz<\/strong>, der optimale Konditionen bereith\u00e4lt. Da bei Vergleichen kein spezifischer <strong>Kreditanbieter<\/strong> im Vordergrund steht ist ein Vergleich die einfachste, schnellste und effektivste Ma\u00dfnahme um einen Kredit mit <strong>guten Konditionen<\/strong> zu finden. Diese Grundlage ist f\u00fcr Leiharbeiter \u00e4u\u00dferst wichtig, gerade wenn es sich um <strong>dringende Finanzierungsma\u00dfnahmen<\/strong> handelt.<\/p>\n","protected":false},"excerpt":{"rendered":"<p>Leiharbeiter besitzten eineBonit\u00e4t, die mit fest angestellten Arbeitern nicht zu vergleichen ist. Dadurch haben es Leiharbeiter in vielerlei Hinsicht schwieriger. Das Einkommen eines Leiharbeiters ist von der Auftragslage abh\u00e4ngig. Zudem wird jedes Arbeitsverh\u00e4ltnis befristet. Das Kreditausfallrisiko ist also vergleichsweise hoch, was die Aufnahme eines Kredites ungemein erschwert. Die Schuldner darf in den meisten F\u00e4llen keinen [&hellip;]<\/p>\n","protected":false},"author":2,"featured_media":0,"parent":1081,"menu_order":0,"comment_status":"closed","ping_status":"open","template":"templates\/sidebar-right.php","meta":{"footnotes":""},"class_list":["post-1013","page","type-page","status-publish","hentry"],"yoast_head":"<!-- This site is optimized with the Yoast SEO plugin v24.6 - https:\/\/yoast.com\/wordpress\/plugins\/seo\/ -->\n<title>Kredit f\u00fcr Leiharbeiter - Jetzt kostenlos vergleichen<\/title>\n<meta name=\"description\" content=\"Kredit f\u00fcr Leiharbeiter: Die Bonit\u00e4t eines Leiharbeiters ist meist anders, als die von angestellten Arbeitern. Welchen Kredit k\u00f6nnen sie im Bedarfsfall in Anspruch nehmen?\" \/>\n<meta name=\"robots\" content=\"index, follow, max-snippet:-1, max-image-preview:large, max-video-preview:-1\" \/>\n<link rel=\"canonical\" href=\"https:\/\/www.dr-staedtler.de\/sofort-kredit\/arten\/fuer-leiharbeiter\" \/>\n<meta property=\"og:locale\" content=\"de_DE\" \/>\n<meta property=\"og:type\" content=\"article\" \/>\n<meta property=\"og:title\" content=\"Kredit f\u00fcr Leiharbeiter - Jetzt kostenlos vergleichen\" \/>\n<meta property=\"og:description\" content=\"Kredit f\u00fcr Leiharbeiter: Die Bonit\u00e4t eines Leiharbeiters ist meist anders, als die von angestellten Arbeitern. Welchen Kredit k\u00f6nnen sie im Bedarfsfall in Anspruch nehmen?\" \/>\n<meta property=\"og:url\" content=\"https:\/\/www.dr-staedtler.de\/sofort-kredit\/arten\/fuer-leiharbeiter\" \/>\n<meta property=\"og:site_name\" content=\"Sofortkredit\" \/>\n<meta property=\"article:modified_time\" content=\"2017-05-23T10:12:08+00:00\" \/>\n<meta property=\"og:image\" content=\"http:\/\/www.dr-staedtler.de\/sofort-kredit\/wp-content\/uploads\/2012\/08\/leiharbeit-300x195.jpg\" \/>\n<meta name=\"twitter:card\" content=\"summary_large_image\" \/>\n<meta name=\"twitter:label1\" content=\"Gesch\u00e4tzte Lesezeit\" \/>\n\t<meta name=\"twitter:data1\" content=\"2\u00a0Minuten\" \/>\n<script type=\"application\/ld+json\" class=\"yoast-schema-graph\">{\"@context\":\"https:\/\/schema.org\",\"@graph\":[{\"@type\":\"WebPage\",\"@id\":\"https:\/\/www.dr-staedtler.de\/sofort-kredit\/arten\/fuer-leiharbeiter\",\"url\":\"https:\/\/www.dr-staedtler.de\/sofort-kredit\/arten\/fuer-leiharbeiter\",\"name\":\"Kredit f\u00fcr Leiharbeiter - Jetzt kostenlos vergleichen\",\"isPartOf\":{\"@id\":\"http:\/\/www.dr-staedtler.de\/sofort-kredit\/#website\"},\"primaryImageOfPage\":{\"@id\":\"https:\/\/www.dr-staedtler.de\/sofort-kredit\/arten\/fuer-leiharbeiter#primaryimage\"},\"image\":{\"@id\":\"https:\/\/www.dr-staedtler.de\/sofort-kredit\/arten\/fuer-leiharbeiter#primaryimage\"},\"thumbnailUrl\":\"http:\/\/www.dr-staedtler.de\/sofort-kredit\/wp-content\/uploads\/2012\/08\/leiharbeit-300x195.jpg\",\"datePublished\":\"2012-08-28T12:04:50+00:00\",\"dateModified\":\"2017-05-23T10:12:08+00:00\",\"description\":\"Kredit f\u00fcr Leiharbeiter: Die Bonit\u00e4t eines Leiharbeiters ist meist anders, als die von angestellten Arbeitern. Welchen Kredit k\u00f6nnen sie im Bedarfsfall in Anspruch nehmen?\",\"breadcrumb\":{\"@id\":\"https:\/\/www.dr-staedtler.de\/sofort-kredit\/arten\/fuer-leiharbeiter#breadcrumb\"},\"inLanguage\":\"de\",\"potentialAction\":[{\"@type\":\"ReadAction\",\"target\":[\"https:\/\/www.dr-staedtler.de\/sofort-kredit\/arten\/fuer-leiharbeiter\"]}]},{\"@type\":\"ImageObject\",\"inLanguage\":\"de\",\"@id\":\"https:\/\/www.dr-staedtler.de\/sofort-kredit\/arten\/fuer-leiharbeiter#primaryimage\",\"url\":\"http:\/\/www.dr-staedtler.de\/sofort-kredit\/wp-content\/uploads\/2012\/08\/leiharbeit.jpg\",\"contentUrl\":\"http:\/\/www.dr-staedtler.de\/sofort-kredit\/wp-content\/uploads\/2012\/08\/leiharbeit.jpg\",\"width\":\"429\",\"height\":\"280\",\"caption\":\"Kredit f\u00fcr Leiharbeit\"},{\"@type\":\"BreadcrumbList\",\"@id\":\"https:\/\/www.dr-staedtler.de\/sofort-kredit\/arten\/fuer-leiharbeiter#breadcrumb\",\"itemListElement\":[{\"@type\":\"ListItem\",\"position\":1,\"name\":\"Home\",\"item\":\"https:\/\/www.dr-staedtler.de\/sofort-kredit\/\"},{\"@type\":\"ListItem\",\"position\":2,\"name\":\"Diese verschiedenen Kreditarten und Verwendungszwecke gibt es\",\"item\":\"https:\/\/www.dr-staedtler.de\/sofort-kredit\/arten\"},{\"@type\":\"ListItem\",\"position\":3,\"name\":\"Kredit f\u00fcr Leiharbeiter\"}]},{\"@type\":\"WebSite\",\"@id\":\"http:\/\/www.dr-staedtler.de\/sofort-kredit\/#website\",\"url\":\"http:\/\/www.dr-staedtler.de\/sofort-kredit\/\",\"name\":\"Sofortkredit\",\"description\":\"Der Sofortkredit im unabh\u00e4ngigen Vergleich\",\"potentialAction\":[{\"@type\":\"SearchAction\",\"target\":{\"@type\":\"EntryPoint\",\"urlTemplate\":\"http:\/\/www.dr-staedtler.de\/sofort-kredit\/?s={search_term_string}\"},\"query-input\":{\"@type\":\"PropertyValueSpecification\",\"valueRequired\":true,\"valueName\":\"search_term_string\"}}],\"inLanguage\":\"de\"}]}<\/script>\n<!-- \/ Yoast SEO plugin. -->","yoast_head_json":{"title":"Kredit f\u00fcr Leiharbeiter - Jetzt kostenlos vergleichen","description":"Kredit f\u00fcr Leiharbeiter: Die Bonit\u00e4t eines Leiharbeiters ist meist anders, als die von angestellten Arbeitern. Welchen Kredit k\u00f6nnen sie im Bedarfsfall in Anspruch nehmen?","robots":{"index":"index","follow":"follow","max-snippet":"max-snippet:-1","max-image-preview":"max-image-preview:large","max-video-preview":"max-video-preview:-1"},"canonical":"https:\/\/www.dr-staedtler.de\/sofort-kredit\/arten\/fuer-leiharbeiter","og_locale":"de_DE","og_type":"article","og_title":"Kredit f\u00fcr Leiharbeiter - Jetzt kostenlos vergleichen","og_description":"Kredit f\u00fcr Leiharbeiter: Die Bonit\u00e4t eines Leiharbeiters ist meist anders, als die von angestellten Arbeitern. Welchen Kredit k\u00f6nnen sie im Bedarfsfall in Anspruch nehmen?","og_url":"https:\/\/www.dr-staedtler.de\/sofort-kredit\/arten\/fuer-leiharbeiter","og_site_name":"Sofortkredit","article_modified_time":"2017-05-23T10:12:08+00:00","og_image":[{"url":"http:\/\/www.dr-staedtler.de\/sofort-kredit\/wp-content\/uploads\/2012\/08\/leiharbeit-300x195.jpg","type":"","width":"","height":""}],"twitter_card":"summary_large_image","twitter_misc":{"Gesch\u00e4tzte Lesezeit":"2\u00a0Minuten"},"schema":{"@context":"https:\/\/schema.org","@graph":[{"@type":"WebPage","@id":"https:\/\/www.dr-staedtler.de\/sofort-kredit\/arten\/fuer-leiharbeiter","url":"https:\/\/www.dr-staedtler.de\/sofort-kredit\/arten\/fuer-leiharbeiter","name":"Kredit f\u00fcr Leiharbeiter - Jetzt kostenlos vergleichen","isPartOf":{"@id":"http:\/\/www.dr-staedtler.de\/sofort-kredit\/#website"},"primaryImageOfPage":{"@id":"https:\/\/www.dr-staedtler.de\/sofort-kredit\/arten\/fuer-leiharbeiter#primaryimage"},"image":{"@id":"https:\/\/www.dr-staedtler.de\/sofort-kredit\/arten\/fuer-leiharbeiter#primaryimage"},"thumbnailUrl":"http:\/\/www.dr-staedtler.de\/sofort-kredit\/wp-content\/uploads\/2012\/08\/leiharbeit-300x195.jpg","datePublished":"2012-08-28T12:04:50+00:00","dateModified":"2017-05-23T10:12:08+00:00","description":"Kredit f\u00fcr Leiharbeiter: Die Bonit\u00e4t eines Leiharbeiters ist meist anders, als die von angestellten Arbeitern. Welchen Kredit k\u00f6nnen sie im Bedarfsfall in Anspruch nehmen?","breadcrumb":{"@id":"https:\/\/www.dr-staedtler.de\/sofort-kredit\/arten\/fuer-leiharbeiter#breadcrumb"},"inLanguage":"de","potentialAction":[{"@type":"ReadAction","target":["https:\/\/www.dr-staedtler.de\/sofort-kredit\/arten\/fuer-leiharbeiter"]}]},{"@type":"ImageObject","inLanguage":"de","@id":"https:\/\/www.dr-staedtler.de\/sofort-kredit\/arten\/fuer-leiharbeiter#primaryimage","url":"http:\/\/www.dr-staedtler.de\/sofort-kredit\/wp-content\/uploads\/2012\/08\/leiharbeit.jpg","contentUrl":"http:\/\/www.dr-staedtler.de\/sofort-kredit\/wp-content\/uploads\/2012\/08\/leiharbeit.jpg","width":"429","height":"280","caption":"Kredit f\u00fcr Leiharbeit"},{"@type":"BreadcrumbList","@id":"https:\/\/www.dr-staedtler.de\/sofort-kredit\/arten\/fuer-leiharbeiter#breadcrumb","itemListElement":[{"@type":"ListItem","position":1,"name":"Home","item":"https:\/\/www.dr-staedtler.de\/sofort-kredit\/"},{"@type":"ListItem","position":2,"name":"Diese verschiedenen Kreditarten und Verwendungszwecke gibt es","item":"https:\/\/www.dr-staedtler.de\/sofort-kredit\/arten"},{"@type":"ListItem","position":3,"name":"Kredit f\u00fcr Leiharbeiter"}]},{"@type":"WebSite","@id":"http:\/\/www.dr-staedtler.de\/sofort-kredit\/#website","url":"http:\/\/www.dr-staedtler.de\/sofort-kredit\/","name":"Sofortkredit","description":"Der Sofortkredit im unabh\u00e4ngigen Vergleich","potentialAction":[{"@type":"SearchAction","target":{"@type":"EntryPoint","urlTemplate":"http:\/\/www.dr-staedtler.de\/sofort-kredit\/?s={search_term_string}"},"query-input":{"@type":"PropertyValueSpecification","valueRequired":true,"valueName":"search_term_string"}}],"inLanguage":"de"}]}},"_links":{"self":[{"href":"http:\/\/www.dr-staedtler.de\/sofort-kredit\/wp-json\/wp\/v2\/pages\/1013","targetHints":{"allow":["GET"]}}],"collection":[{"href":"http:\/\/www.dr-staedtler.de\/sofort-kredit\/wp-json\/wp\/v2\/pages"}],"about":[{"href":"http:\/\/www.dr-staedtler.de\/sofort-kredit\/wp-json\/wp\/v2\/types\/page"}],"author":[{"embeddable":true,"href":"http:\/\/www.dr-staedtler.de\/sofort-kredit\/wp-json\/wp\/v2\/users\/2"}],"replies":[{"embeddable":true,"href":"http:\/\/www.dr-staedtler.de\/sofort-kredit\/wp-json\/wp\/v2\/comments?post=1013"}],"version-history":[{"count":3,"href":"http:\/\/www.dr-staedtler.de\/sofort-kredit\/wp-json\/wp\/v2\/pages\/1013\/revisions"}],"predecessor-version":[{"id":2547,"href":"http:\/\/www.dr-staedtler.de\/sofort-kredit\/wp-json\/wp\/v2\/pages\/1013\/revisions\/2547"}],"up":[{"embeddable":true,"href":"http:\/\/www.dr-staedtler.de\/sofort-kredit\/wp-json\/wp\/v2\/pages\/1081"}],"wp:attachment":[{"href":"http:\/\/www.dr-staedtler.de\/sofort-kredit\/wp-json\/wp\/v2\/media?parent=1013"}],"curies":[{"name":"wp","href":"https:\/\/api.w.org\/{rel}","templated":true}]}}