{"id":1011,"date":"2012-08-30T16:58:19","date_gmt":"2012-08-30T14:58:19","guid":{"rendered":"http:\/\/www.sofort-kredit.net\/?page_id=1011"},"modified":"2017-05-23T12:10:46","modified_gmt":"2017-05-23T10:10:46","slug":"fuer-kleinunternehmer","status":"publish","type":"page","link":"http:\/\/www.dr-staedtler.de\/sofort-kredit\/arten\/fuer-kleinunternehmer","title":{"rendered":"Kredit f\u00fcr Kleinunternehmer"},"content":{"rendered":"<p>Der Kleinunternehmer: der Verdienst liegt j\u00e4hrlich nicht \u00fcber 17.500 Euro, er ist selbstst\u00e4ndig und auf keine Umsatzsteuer angewiesen. Doch wie verh\u00e4lt es sich mit <strong>Krediten<\/strong>?<br \/>\n<script defer=\"\" async=\"\" data-affiliateid=\"9e1fdf7f\" data-placementid=\"783582278\" data-amount=\"10000\" data-category=\"40895887\" data-duration=\"84\" src=\"https:\/\/www.smava.de\/pp\/smava-kreditvergleich\/main.js\"><\/script><br \/>\n<img loading=\"lazy\" decoding=\"async\" class=\"alignleft size-medium wp-image-1279\" style=\"margin-right: 10px; margin-bottom: 8px; border: 1px solid grey;\" title=\"Kredit f\u00fcr den Start als Kleinunternehmer\" src=\"http:\/\/www.dr-staedtler.de\/sofort-kredit\/wp-content\/uploads\/2012\/08\/kleinunternehmer-300x267.jpg\" alt=\"Kredit f\u00fcr den Start als Kleinunternehmer\" width=\"300\" height=\"267\" srcset=\"http:\/\/www.dr-staedtler.de\/sofort-kredit\/wp-content\/uploads\/2012\/08\/kleinunternehmer-300x267.jpg 300w, http:\/\/www.dr-staedtler.de\/sofort-kredit\/wp-content\/uploads\/2012\/08\/kleinunternehmer.jpg 367w\" sizes=\"auto, (max-width: 300px) 100vw, 300px\" \/>Als <strong>Kleinunternehmer<\/strong> gilt, wer innerhalb eines Jahres die Einkommensgrenze von 17.500 Euro nicht \u00fcberschreitet. Innerhalb dieses Rahmens ist jedes Jahreseinkommen m\u00f6glich. Tatsachen, die sich vor allem in der <strong>Bonit\u00e4t des Kreditnehmers<\/strong> widerspiegeln k\u00f6nnen. Daher ist nat\u00fcrlich die Frage bedeutend, wie es sich mit <strong>Krediten<\/strong> verh\u00e4lt. Kann der Kleinunternehmer beispielsweise eine <strong>Hypothek<\/strong> aufnehmen? Hat der Kleinunternehmer die M\u00f6glichkeit, <strong>Ratenkredite<\/strong> aufzunehmen oder hat der Kleinunternehmer die M\u00f6glichkeit, mit <strong>Annuit\u00e4tendarlehen<\/strong> zu arbeiten? Grunds\u00e4tzlich gilt: die Banken vergeben nur <strong>Kredite<\/strong> wenn sie wissen, dass das Geld auch wieder zur\u00fcckkommt. Beim <strong>Kleinunternehmer<\/strong> ist die Wahrscheinlichkeit \u00e4u\u00dferst gering, gerade wenn es sich um ein <strong>gr\u00f6\u00dferes Kreditvolumen<\/strong> handelt. Zumindest gehen viele Bankinstitute davon aus. <strong>Kleinunternehmer<\/strong> haben es somit schwerer einen Kredit f\u00fcr Kleinunternehmer aufzunehmen, der f\u00fcr Finanzierungskonzepte ben\u00f6tigt wird.<\/p>\n<h2>Was kann der Kleinunternehmer machen?<\/h2>\n<p>Als Kleinunternehmer gibt es einzelne Methoden die f\u00fcr die <strong>Aufnahme eines Kredites<\/strong> genutzt werden k\u00f6nnen. Beispielsweise kann eine zus\u00e4tzliche <strong>Restschuldversicherung<\/strong> aufgenommen werden. Wird innerhalb der letzten Jahre ein konstantes Einkommen von 10.000 bis 15.000 Euro nachgewiesen, dann sind mit Zunahme einer Restschuldversicherung viele Kreditinstitute gewillt einen <strong>Kredit auszuh\u00e4ndigen<\/strong>. Dennoch ist nur mit begrenzten Krediten zu rechnen. M\u00f6chte der Kleinunternehmer dagegen eine <strong>Kreditsumme<\/strong> von beispielsweise 50.000 Euro aufnehmen, dann wird es schon schwieriger. <strong>Hypotheken<\/strong> werden nur ungern verliehen genauso wie Autokredite und viele mehr. Dennoch erm\u00f6glicht eine Kreditvariante einen Lichtblick. Der <strong>Sofortkredit<\/strong>.<\/p>\n<h3>Warum der Sofortkredit?<\/h3>\n<p>Der <strong>Sofortkredit f\u00fcr Kleinuntehmer<\/strong> hat Vorteile, die bei der Aufnahme eines Kredites ma\u00dfgeblich sind. Er ist beispielsweise an keine spezifische Verwendung gebunden. Das bedeutet, dass die <strong>Kreditsumme<\/strong> nach eigenem Ermessen eingesetzt werden kann. Ob zum Kauf einer Waschmaschine, f\u00fcr die Finanzierung unterschiedlicher Werbem\u00f6glichkeiten oder zum Kauf eines neuen Fahrzeuges, das kann der Kreditnehmer selber entscheiden. Zudem ist der Zinssatz gegen\u00fcber anderen Kreditvarianten viel g\u00fcnstiger, genauso wie die <strong>Ratenzahlung<\/strong> flexibel festgelegt werden kann. Der Kleinunternehmer <a href=\"http:\/\/www.dr-staedtler.de\/sofort-kredit\">bekommt somit optimale Konditionen<\/a>.<\/p>\n","protected":false},"excerpt":{"rendered":"<p>Der Kleinunternehmer: der Verdienst liegt j\u00e4hrlich nicht \u00fcber 17.500 Euro, er ist selbstst\u00e4ndig und auf keine Umsatzsteuer angewiesen. Doch wie verh\u00e4lt es sich mit Krediten? Als Kleinunternehmer gilt, wer innerhalb eines Jahres die Einkommensgrenze von 17.500 Euro nicht \u00fcberschreitet. Innerhalb dieses Rahmens ist jedes Jahreseinkommen m\u00f6glich. Tatsachen, die sich vor allem in der Bonit\u00e4t des [&hellip;]<\/p>\n","protected":false},"author":2,"featured_media":0,"parent":1081,"menu_order":0,"comment_status":"closed","ping_status":"open","template":"templates\/sidebar-right.php","meta":{"footnotes":""},"class_list":["post-1011","page","type-page","status-publish","hentry"],"yoast_head":"<!-- This site is optimized with the Yoast SEO plugin v24.6 - https:\/\/yoast.com\/wordpress\/plugins\/seo\/ -->\n<title>Kredit f\u00fcr Kleinunternehmer - Jetzt kostenlos vergleichen<\/title>\n<meta name=\"description\" content=\"Kredit f\u00fcr Kleinunternehmer: Als Kleinunternehmer mit einer geringen Einkommensgrenze ben\u00f6tigt man g\u00fcnstiges Geld f\u00fcr Investitionen, welcher Kredit kann helfen?\" \/>\n<meta name=\"robots\" content=\"index, follow, max-snippet:-1, max-image-preview:large, max-video-preview:-1\" \/>\n<link rel=\"canonical\" href=\"https:\/\/www.dr-staedtler.de\/sofort-kredit\/arten\/fuer-kleinunternehmer\" \/>\n<meta property=\"og:locale\" content=\"de_DE\" \/>\n<meta property=\"og:type\" content=\"article\" \/>\n<meta property=\"og:title\" content=\"Kredit f\u00fcr Kleinunternehmer - Jetzt kostenlos vergleichen\" \/>\n<meta property=\"og:description\" content=\"Kredit f\u00fcr Kleinunternehmer: Als Kleinunternehmer mit einer geringen Einkommensgrenze ben\u00f6tigt man g\u00fcnstiges Geld f\u00fcr Investitionen, welcher Kredit kann helfen?\" \/>\n<meta property=\"og:url\" content=\"https:\/\/www.dr-staedtler.de\/sofort-kredit\/arten\/fuer-kleinunternehmer\" \/>\n<meta property=\"og:site_name\" content=\"Sofortkredit\" \/>\n<meta property=\"article:modified_time\" content=\"2017-05-23T10:10:46+00:00\" \/>\n<meta property=\"og:image\" content=\"http:\/\/www.dr-staedtler.de\/sofort-kredit\/wp-content\/uploads\/2012\/08\/kleinunternehmer-300x267.jpg\" \/>\n<meta name=\"twitter:card\" content=\"summary_large_image\" \/>\n<meta name=\"twitter:label1\" content=\"Gesch\u00e4tzte Lesezeit\" \/>\n\t<meta name=\"twitter:data1\" content=\"2\u00a0Minuten\" \/>\n<script type=\"application\/ld+json\" class=\"yoast-schema-graph\">{\"@context\":\"https:\/\/schema.org\",\"@graph\":[{\"@type\":\"WebPage\",\"@id\":\"https:\/\/www.dr-staedtler.de\/sofort-kredit\/arten\/fuer-kleinunternehmer\",\"url\":\"https:\/\/www.dr-staedtler.de\/sofort-kredit\/arten\/fuer-kleinunternehmer\",\"name\":\"Kredit f\u00fcr Kleinunternehmer - Jetzt kostenlos vergleichen\",\"isPartOf\":{\"@id\":\"http:\/\/www.dr-staedtler.de\/sofort-kredit\/#website\"},\"primaryImageOfPage\":{\"@id\":\"https:\/\/www.dr-staedtler.de\/sofort-kredit\/arten\/fuer-kleinunternehmer#primaryimage\"},\"image\":{\"@id\":\"https:\/\/www.dr-staedtler.de\/sofort-kredit\/arten\/fuer-kleinunternehmer#primaryimage\"},\"thumbnailUrl\":\"http:\/\/www.dr-staedtler.de\/sofort-kredit\/wp-content\/uploads\/2012\/08\/kleinunternehmer-300x267.jpg\",\"datePublished\":\"2012-08-30T14:58:19+00:00\",\"dateModified\":\"2017-05-23T10:10:46+00:00\",\"description\":\"Kredit f\u00fcr Kleinunternehmer: Als Kleinunternehmer mit einer geringen Einkommensgrenze ben\u00f6tigt man g\u00fcnstiges Geld f\u00fcr Investitionen, welcher Kredit kann helfen?\",\"breadcrumb\":{\"@id\":\"https:\/\/www.dr-staedtler.de\/sofort-kredit\/arten\/fuer-kleinunternehmer#breadcrumb\"},\"inLanguage\":\"de\",\"potentialAction\":[{\"@type\":\"ReadAction\",\"target\":[\"https:\/\/www.dr-staedtler.de\/sofort-kredit\/arten\/fuer-kleinunternehmer\"]}]},{\"@type\":\"ImageObject\",\"inLanguage\":\"de\",\"@id\":\"https:\/\/www.dr-staedtler.de\/sofort-kredit\/arten\/fuer-kleinunternehmer#primaryimage\",\"url\":\"http:\/\/www.dr-staedtler.de\/sofort-kredit\/wp-content\/uploads\/2012\/08\/kleinunternehmer.jpg\",\"contentUrl\":\"http:\/\/www.dr-staedtler.de\/sofort-kredit\/wp-content\/uploads\/2012\/08\/kleinunternehmer.jpg\",\"width\":\"367\",\"height\":\"327\",\"caption\":\"Kredit f\u00fcr den Start als Kleinunternehmer\"},{\"@type\":\"BreadcrumbList\",\"@id\":\"https:\/\/www.dr-staedtler.de\/sofort-kredit\/arten\/fuer-kleinunternehmer#breadcrumb\",\"itemListElement\":[{\"@type\":\"ListItem\",\"position\":1,\"name\":\"Home\",\"item\":\"https:\/\/www.dr-staedtler.de\/sofort-kredit\/\"},{\"@type\":\"ListItem\",\"position\":2,\"name\":\"Diese verschiedenen Kreditarten und Verwendungszwecke gibt es\",\"item\":\"https:\/\/www.dr-staedtler.de\/sofort-kredit\/arten\"},{\"@type\":\"ListItem\",\"position\":3,\"name\":\"Kredit f\u00fcr Kleinunternehmer\"}]},{\"@type\":\"WebSite\",\"@id\":\"http:\/\/www.dr-staedtler.de\/sofort-kredit\/#website\",\"url\":\"http:\/\/www.dr-staedtler.de\/sofort-kredit\/\",\"name\":\"Sofortkredit\",\"description\":\"Der Sofortkredit im unabh\u00e4ngigen Vergleich\",\"potentialAction\":[{\"@type\":\"SearchAction\",\"target\":{\"@type\":\"EntryPoint\",\"urlTemplate\":\"http:\/\/www.dr-staedtler.de\/sofort-kredit\/?s={search_term_string}\"},\"query-input\":{\"@type\":\"PropertyValueSpecification\",\"valueRequired\":true,\"valueName\":\"search_term_string\"}}],\"inLanguage\":\"de\"}]}<\/script>\n<!-- \/ Yoast SEO plugin. -->","yoast_head_json":{"title":"Kredit f\u00fcr Kleinunternehmer - Jetzt kostenlos vergleichen","description":"Kredit f\u00fcr Kleinunternehmer: Als Kleinunternehmer mit einer geringen Einkommensgrenze ben\u00f6tigt man g\u00fcnstiges Geld f\u00fcr Investitionen, welcher Kredit kann helfen?","robots":{"index":"index","follow":"follow","max-snippet":"max-snippet:-1","max-image-preview":"max-image-preview:large","max-video-preview":"max-video-preview:-1"},"canonical":"https:\/\/www.dr-staedtler.de\/sofort-kredit\/arten\/fuer-kleinunternehmer","og_locale":"de_DE","og_type":"article","og_title":"Kredit f\u00fcr Kleinunternehmer - Jetzt kostenlos vergleichen","og_description":"Kredit f\u00fcr Kleinunternehmer: Als Kleinunternehmer mit einer geringen Einkommensgrenze ben\u00f6tigt man g\u00fcnstiges Geld f\u00fcr Investitionen, welcher Kredit kann helfen?","og_url":"https:\/\/www.dr-staedtler.de\/sofort-kredit\/arten\/fuer-kleinunternehmer","og_site_name":"Sofortkredit","article_modified_time":"2017-05-23T10:10:46+00:00","og_image":[{"url":"http:\/\/www.dr-staedtler.de\/sofort-kredit\/wp-content\/uploads\/2012\/08\/kleinunternehmer-300x267.jpg","type":"","width":"","height":""}],"twitter_card":"summary_large_image","twitter_misc":{"Gesch\u00e4tzte Lesezeit":"2\u00a0Minuten"},"schema":{"@context":"https:\/\/schema.org","@graph":[{"@type":"WebPage","@id":"https:\/\/www.dr-staedtler.de\/sofort-kredit\/arten\/fuer-kleinunternehmer","url":"https:\/\/www.dr-staedtler.de\/sofort-kredit\/arten\/fuer-kleinunternehmer","name":"Kredit f\u00fcr Kleinunternehmer - Jetzt kostenlos vergleichen","isPartOf":{"@id":"http:\/\/www.dr-staedtler.de\/sofort-kredit\/#website"},"primaryImageOfPage":{"@id":"https:\/\/www.dr-staedtler.de\/sofort-kredit\/arten\/fuer-kleinunternehmer#primaryimage"},"image":{"@id":"https:\/\/www.dr-staedtler.de\/sofort-kredit\/arten\/fuer-kleinunternehmer#primaryimage"},"thumbnailUrl":"http:\/\/www.dr-staedtler.de\/sofort-kredit\/wp-content\/uploads\/2012\/08\/kleinunternehmer-300x267.jpg","datePublished":"2012-08-30T14:58:19+00:00","dateModified":"2017-05-23T10:10:46+00:00","description":"Kredit f\u00fcr Kleinunternehmer: Als Kleinunternehmer mit einer geringen Einkommensgrenze ben\u00f6tigt man g\u00fcnstiges Geld f\u00fcr Investitionen, welcher Kredit kann helfen?","breadcrumb":{"@id":"https:\/\/www.dr-staedtler.de\/sofort-kredit\/arten\/fuer-kleinunternehmer#breadcrumb"},"inLanguage":"de","potentialAction":[{"@type":"ReadAction","target":["https:\/\/www.dr-staedtler.de\/sofort-kredit\/arten\/fuer-kleinunternehmer"]}]},{"@type":"ImageObject","inLanguage":"de","@id":"https:\/\/www.dr-staedtler.de\/sofort-kredit\/arten\/fuer-kleinunternehmer#primaryimage","url":"http:\/\/www.dr-staedtler.de\/sofort-kredit\/wp-content\/uploads\/2012\/08\/kleinunternehmer.jpg","contentUrl":"http:\/\/www.dr-staedtler.de\/sofort-kredit\/wp-content\/uploads\/2012\/08\/kleinunternehmer.jpg","width":"367","height":"327","caption":"Kredit f\u00fcr den Start als Kleinunternehmer"},{"@type":"BreadcrumbList","@id":"https:\/\/www.dr-staedtler.de\/sofort-kredit\/arten\/fuer-kleinunternehmer#breadcrumb","itemListElement":[{"@type":"ListItem","position":1,"name":"Home","item":"https:\/\/www.dr-staedtler.de\/sofort-kredit\/"},{"@type":"ListItem","position":2,"name":"Diese verschiedenen Kreditarten und Verwendungszwecke gibt es","item":"https:\/\/www.dr-staedtler.de\/sofort-kredit\/arten"},{"@type":"ListItem","position":3,"name":"Kredit f\u00fcr Kleinunternehmer"}]},{"@type":"WebSite","@id":"http:\/\/www.dr-staedtler.de\/sofort-kredit\/#website","url":"http:\/\/www.dr-staedtler.de\/sofort-kredit\/","name":"Sofortkredit","description":"Der Sofortkredit im unabh\u00e4ngigen Vergleich","potentialAction":[{"@type":"SearchAction","target":{"@type":"EntryPoint","urlTemplate":"http:\/\/www.dr-staedtler.de\/sofort-kredit\/?s={search_term_string}"},"query-input":{"@type":"PropertyValueSpecification","valueRequired":true,"valueName":"search_term_string"}}],"inLanguage":"de"}]}},"_links":{"self":[{"href":"http:\/\/www.dr-staedtler.de\/sofort-kredit\/wp-json\/wp\/v2\/pages\/1011","targetHints":{"allow":["GET"]}}],"collection":[{"href":"http:\/\/www.dr-staedtler.de\/sofort-kredit\/wp-json\/wp\/v2\/pages"}],"about":[{"href":"http:\/\/www.dr-staedtler.de\/sofort-kredit\/wp-json\/wp\/v2\/types\/page"}],"author":[{"embeddable":true,"href":"http:\/\/www.dr-staedtler.de\/sofort-kredit\/wp-json\/wp\/v2\/users\/2"}],"replies":[{"embeddable":true,"href":"http:\/\/www.dr-staedtler.de\/sofort-kredit\/wp-json\/wp\/v2\/comments?post=1011"}],"version-history":[{"count":4,"href":"http:\/\/www.dr-staedtler.de\/sofort-kredit\/wp-json\/wp\/v2\/pages\/1011\/revisions"}],"predecessor-version":[{"id":2543,"href":"http:\/\/www.dr-staedtler.de\/sofort-kredit\/wp-json\/wp\/v2\/pages\/1011\/revisions\/2543"}],"up":[{"embeddable":true,"href":"http:\/\/www.dr-staedtler.de\/sofort-kredit\/wp-json\/wp\/v2\/pages\/1081"}],"wp:attachment":[{"href":"http:\/\/www.dr-staedtler.de\/sofort-kredit\/wp-json\/wp\/v2\/media?parent=1011"}],"curies":[{"name":"wp","href":"https:\/\/api.w.org\/{rel}","templated":true}]}}